{"id":58,"date":"2017-10-20T16:05:25","date_gmt":"2017-10-20T14:05:25","guid":{"rendered":"https:\/\/web.umons.ac.be\/charleroi\/?page_id=58"},"modified":"2025-09-03T17:02:08","modified_gmt":"2025-09-03T15:02:08","slug":"le-mot-du-recteur","status":"publish","type":"page","link":"https:\/\/web.umons.ac.be\/charleroi\/le-mot-du-recteur\/","title":{"rendered":"Le mot du Recteur"},"content":{"rendered":"<h2>L\u2019UMONS, l\u2019universit\u00e9 du Hainaut, est aussi \u00e0 Charleroi !<\/h2>\n<p>En Hainaut, pr\u00e8s d\u2019un jeune sur deux opte pour l\u2019Universit\u00e9 de Mons s\u2019il choisit de s\u2019inscrire dans l\u2019enseignement universitaire. Pour assumer au mieux son r\u00f4le d\u2019ascenseur social, l\u2019institution augmente et diversifie chaque ann\u00e9e son offre de formations. C\u2019est d\u2019ailleurs singuli\u00e8rement le cas dans l\u2019arrondissement de Charleroi, o\u00f9 un besoin sp\u00e9cifique existe. En effet, seuls 20 habitants sur 10.000, en moyenne, y entament des \u00e9tudes universitaires. Soit une proportion nettement inf\u00e9rieure \u00e0 celle constat\u00e9e en Communaut\u00e9 fran\u00e7aise de Belgique.<\/p>\n<p>Depuis 45 ans, l\u2019UMONS est pr\u00e9sente \u00e0 la Ville-Haute. Elle s\u2019est install\u00e9e initialement \u00e0 la Caserne Tr\u00e9signies, puis au boulevard Joseph II. Elle a d\u00e9m\u00e9nag\u00e9 au sein du CampusUCharleroi ( b\u00e2timents Z\u00e9nobe Gramme, Ma\u00e7onnerie, Solvay).\u00a0 Actuellement, elle rassemble plus d\u2019un millier d\u2019\u00e9tudiants, inscrits en cours de jour ou \u00e0 horaire d\u00e9cal\u00e9.<\/p>\n<p>Ces activit\u00e9s d\u2019enseignement et d\u2019apprentissage b\u00e9n\u00e9ficient tout d\u2019abord aux habitants du bassin de vie carolo. Ils peuvent obtenir, pr\u00e8s de chez eux, des dipl\u00f4mes universitaires dans des disciplines en pleine \u00e9volution\u00a0: psychologie, sciences de l\u2019\u00e9ducation et enseignement, sciences informatiques, ing\u00e9nieur civil en informatique et gestion, gestion totale de la qualit\u00e9, et sciences de gestion.<\/p>\n<p>De plus, 4 programmes de premier cycle, en cours du jour, sont organis\u00e9s en codipl\u00f4mation avec l\u2019Universit\u00e9 libre de Bruxelles (ULB) : Bachelier en Sciences humaines et sociales, Bachelier en Sciences de l\u2019ing\u00e9nieur (orientation ing\u00e9nieur civil), Bachelier en Sciences biologiques et <span class=\"fabric-text-color-mark\" data-renderer-mark=\"true\" data-text-custom-color=\"#d60044\">Bachelier en technologies num\u00e9riques pour l\u2019information et la communication<\/span>. Cette coop\u00e9ration se poursuit au niveau des \u00e9tudes de deuxi\u00e8me cycle, avec 2 Masters conjoints en Urbanisme et d\u00e9veloppement territorial et Biochimie et biologie mol\u00e9culaire et cellulaire (BBMC). Les \u00e9tudiants de ce programme, orient\u00e9 vers la recherche, profitent des installations scientifiques du Biopark, \u00e0 Gosselies. L\u2019ULB et l\u2019UMONS y dirigent un centre de r\u00e9f\u00e9rence dans le domaine de l\u2019imagerie m\u00e9dicale (CMMI).<\/p>\n<p>D\u00e8s septembre 2023, outre son d\u00e9ploiement sur une implantation r\u00e9invent\u00e9e, l\u2019Universit\u00e9 de Mons concr\u00e9tise \u00e9galement son implication dans la r\u00e9forme de la formation initiale des enseignants. D\u2019une part, un Master de sp\u00e9cialisation, en lien avec celle-ci, est cr\u00e9\u00e9 dans le CampusUCharleroi. D\u2019autre part, \u00e0 Marcinelle, des enseignants de l\u2019UMONS contribuent \u00e0 des cursus p\u00e9dagogiques de la Haute Ecole Provinciale du Hainaut &#8211; Condorcet (HEPHC). Le principe de fonctionnement de ces nouvelles cohabilitations reste le m\u00eame\u00a0: la collaboration entre acteurs de l\u2019enseignement sup\u00e9rieur de la r\u00e9gion.<\/p>\n<p>L\u2019Universit\u00e9 de Mons confirme donc sa pr\u00e9sence \u00e0 Charleroi, en association avec l\u2019ULB mais aussi avec la Province du Hainaut, la Ville de Charleroi et l\u2019Universit\u00e9 Ouverte. L\u2019inauguration du CampusUCharleroi, qui h\u00e9berge le Centre d\u2019Excellence en Efficacit\u00e9 \u00c9nerg\u00e9tique et D\u00e9veloppement Durable (C3E2D), est l\u2019aboutissement de plusieurs ann\u00e9es d\u2019investissements.<\/p>\n<p>Ces projets engagent l\u2019UMONS comme universit\u00e9 de r\u00e9f\u00e9rence en Hainaut. A ce titre, l\u2019implication au c\u0153ur de la m\u00e9tropole de Charleroi a, pour elle, la plus grande importance.<\/p>\n<p><a href=\"https:\/\/web.umons.ac.be\/app\/uploads\/sites\/43\/2019\/05\/Philippe-Dubois.png\"><img loading=\"lazy\" decoding=\"async\" class=\"alignleft wp-image-513 size-thumbnail\" src=\"https:\/\/web.umons.ac.be\/app\/uploads\/sites\/43\/2019\/05\/Philippe-Dubois-150x150.png\" alt=\"\" width=\"150\" height=\"150\" srcset=\"https:\/\/web.umons.ac.be\/app\/uploads\/sites\/43\/2019\/05\/Philippe-Dubois-150x150.png 150w, https:\/\/web.umons.ac.be\/app\/uploads\/sites\/43\/2019\/05\/Philippe-Dubois-300x300.png 300w, https:\/\/web.umons.ac.be\/app\/uploads\/sites\/43\/2019\/05\/Philippe-Dubois-659x660.png 659w, https:\/\/web.umons.ac.be\/app\/uploads\/sites\/43\/2019\/05\/Philippe-Dubois-30x30.png 30w, https:\/\/web.umons.ac.be\/app\/uploads\/sites\/43\/2019\/05\/Philippe-Dubois-80x80.png 80w, https:\/\/web.umons.ac.be\/app\/uploads\/sites\/43\/2019\/05\/Philippe-Dubois-60x60.png 60w, https:\/\/web.umons.ac.be\/app\/uploads\/sites\/43\/2019\/05\/Philippe-Dubois-360x360.png 360w, https:\/\/web.umons.ac.be\/app\/uploads\/sites\/43\/2019\/05\/Philippe-Dubois-400x400.png 400w, https:\/\/web.umons.ac.be\/app\/uploads\/sites\/43\/2019\/05\/Philippe-Dubois-200x200.png 200w, https:\/\/web.umons.ac.be\/app\/uploads\/sites\/43\/2019\/05\/Philippe-Dubois.png 750w\" sizes=\"auto, (max-width: 150px) 100vw, 150px\" \/><\/a><\/p>\n<h4><span class=\"ms-rteCustom-Gras\">Le Recteur<\/span><\/h4>\n<p><span class=\"ms-rteCustom-TexteRouge\">Philippe DUBOIS<\/span><\/p>\n<p><a href=\"mailto:recteur@umons.ac.be\">recteur@umons.ac.be<\/a><\/p>\n<p>Place du Parc, 20, 7000 MONS<br \/>\nT\u00e9l. : +32 65 373001<\/p>\n","protected":false},"excerpt":{"rendered":"<p>L\u2019UMONS, l\u2019universit\u00e9 du Hainaut, est aussi \u00e0 Charleroi ! En Hainaut, pr\u00e8s d\u2019un jeune sur deux opte pour l\u2019Universit\u00e9 de Mons s\u2019il choisit de s\u2019inscrire dans l\u2019enseignement universitaire. Pour assumer au mieux son r\u00f4le d\u2019ascenseur social, l\u2019institution augmente et diversifie chaque ann\u00e9e son offre de formations. C\u2019est d\u2019ailleurs singuli\u00e8rement le cas dans l\u2019arrondissement de Charleroi, [&hellip;]<\/p>\n","protected":false},"author":2,"featured_media":0,"parent":0,"menu_order":0,"comment_status":"closed","ping_status":"closed","template":"","meta":{"footnotes":""},"class_list":["post-58","page","type-page","status-publish","hentry"],"yoast_head":"<!-- This site is optimized with the Yoast SEO plugin v27.2 - https:\/\/yoast.com\/product\/yoast-seo-wordpress\/ -->\n<title>Le mot du Recteur - UMONS Charleroi<\/title>\n<meta name=\"robots\" content=\"index, follow, max-snippet:-1, max-image-preview:large, max-video-preview:-1\" \/>\n<link rel=\"canonical\" href=\"https:\/\/web.umons.ac.be\/charleroi\/le-mot-du-recteur\/\" \/>\n<meta property=\"og:locale\" content=\"fr_FR\" \/>\n<meta property=\"og:type\" content=\"article\" \/>\n<meta property=\"og:title\" content=\"Le mot du Recteur - UMONS Charleroi\" \/>\n<meta property=\"og:description\" content=\"L\u2019UMONS, l\u2019universit\u00e9 du Hainaut, est aussi \u00e0 Charleroi ! En Hainaut, pr\u00e8s d\u2019un jeune sur deux opte pour l\u2019Universit\u00e9 de Mons s\u2019il choisit de s\u2019inscrire dans l\u2019enseignement universitaire. Pour assumer au mieux son r\u00f4le d\u2019ascenseur social, l\u2019institution augmente et diversifie chaque ann\u00e9e son offre de formations. C\u2019est d\u2019ailleurs singuli\u00e8rement le cas dans l\u2019arrondissement de Charleroi, [&hellip;]\" \/>\n<meta property=\"og:url\" content=\"https:\/\/web.umons.ac.be\/charleroi\/le-mot-du-recteur\/\" \/>\n<meta property=\"og:site_name\" content=\"UMONS Charleroi\" \/>\n<meta property=\"article:modified_time\" content=\"2025-09-03T15:02:08+00:00\" \/>\n<meta property=\"og:image\" content=\"https:\/\/web.umons.ac.be\/app\/uploads\/sites\/43\/2019\/05\/Philippe-Dubois.png\" \/>\n\t<meta property=\"og:image:width\" content=\"750\" \/>\n\t<meta property=\"og:image:height\" content=\"751\" \/>\n\t<meta property=\"og:image:type\" content=\"image\/png\" \/>\n<meta name=\"twitter:card\" content=\"summary_large_image\" \/>\n<meta name=\"twitter:label1\" content=\"Dur\u00e9e de lecture estim\u00e9e\" \/>\n\t<meta name=\"twitter:data1\" content=\"3 minutes\" \/>\n<script type=\"application\/ld+json\" class=\"yoast-schema-graph\">{\"@context\":\"https:\/\/schema.org\",\"@graph\":[{\"@type\":\"WebPage\",\"@id\":\"https:\/\/web.umons.ac.be\/charleroi\/le-mot-du-recteur\/\",\"url\":\"https:\/\/web.umons.ac.be\/charleroi\/le-mot-du-recteur\/\",\"name\":\"Le mot du Recteur - UMONS Charleroi\",\"isPartOf\":{\"@id\":\"https:\/\/web.umons.ac.be\/charleroi\/#website\"},\"primaryImageOfPage\":{\"@id\":\"https:\/\/web.umons.ac.be\/charleroi\/le-mot-du-recteur\/#primaryimage\"},\"image\":{\"@id\":\"https:\/\/web.umons.ac.be\/charleroi\/le-mot-du-recteur\/#primaryimage\"},\"thumbnailUrl\":\"https:\/\/web.umons.ac.be\/app\/uploads\/sites\/43\/2019\/05\/Philippe-Dubois-150x150.png\",\"datePublished\":\"2017-10-20T14:05:25+00:00\",\"dateModified\":\"2025-09-03T15:02:08+00:00\",\"breadcrumb\":{\"@id\":\"https:\/\/web.umons.ac.be\/charleroi\/le-mot-du-recteur\/#breadcrumb\"},\"inLanguage\":\"fr-FR\",\"potentialAction\":[{\"@type\":\"ReadAction\",\"target\":[\"https:\/\/web.umons.ac.be\/charleroi\/le-mot-du-recteur\/\"]}]},{\"@type\":\"ImageObject\",\"inLanguage\":\"fr-FR\",\"@id\":\"https:\/\/web.umons.ac.be\/charleroi\/le-mot-du-recteur\/#primaryimage\",\"url\":\"https:\/\/web.umons.ac.be\/app\/uploads\/sites\/43\/2019\/05\/Philippe-Dubois-150x150.png\",\"contentUrl\":\"https:\/\/web.umons.ac.be\/app\/uploads\/sites\/43\/2019\/05\/Philippe-Dubois-150x150.png\"},{\"@type\":\"BreadcrumbList\",\"@id\":\"https:\/\/web.umons.ac.be\/charleroi\/le-mot-du-recteur\/#breadcrumb\",\"itemListElement\":[{\"@type\":\"ListItem\",\"position\":1,\"name\":\"Accueil\",\"item\":\"https:\/\/web.umons.ac.be\/charleroi\/\"},{\"@type\":\"ListItem\",\"position\":2,\"name\":\"Le mot du Recteur\"}]},{\"@type\":\"WebSite\",\"@id\":\"https:\/\/web.umons.ac.be\/charleroi\/#website\",\"url\":\"https:\/\/web.umons.ac.be\/charleroi\/\",\"name\":\"UMONS Charleroi\",\"description\":\"\",\"potentialAction\":[{\"@type\":\"SearchAction\",\"target\":{\"@type\":\"EntryPoint\",\"urlTemplate\":\"https:\/\/web.umons.ac.be\/charleroi\/?s={search_term_string}\"},\"query-input\":{\"@type\":\"PropertyValueSpecification\",\"valueRequired\":true,\"valueName\":\"search_term_string\"}}],\"inLanguage\":\"fr-FR\"}]}<\/script>\n<!-- \/ Yoast SEO plugin. -->","yoast_head_json":{"title":"Le mot du Recteur - UMONS Charleroi","robots":{"index":"index","follow":"follow","max-snippet":"max-snippet:-1","max-image-preview":"max-image-preview:large","max-video-preview":"max-video-preview:-1"},"canonical":"https:\/\/web.umons.ac.be\/charleroi\/le-mot-du-recteur\/","og_locale":"fr_FR","og_type":"article","og_title":"Le mot du Recteur - UMONS Charleroi","og_description":"L\u2019UMONS, l\u2019universit\u00e9 du Hainaut, est aussi \u00e0 Charleroi ! En Hainaut, pr\u00e8s d\u2019un jeune sur deux opte pour l\u2019Universit\u00e9 de Mons s\u2019il choisit de s\u2019inscrire dans l\u2019enseignement universitaire. Pour assumer au mieux son r\u00f4le d\u2019ascenseur social, l\u2019institution augmente et diversifie chaque ann\u00e9e son offre de formations. C\u2019est d\u2019ailleurs singuli\u00e8rement le cas dans l\u2019arrondissement de Charleroi, [&hellip;]","og_url":"https:\/\/web.umons.ac.be\/charleroi\/le-mot-du-recteur\/","og_site_name":"UMONS Charleroi","article_modified_time":"2025-09-03T15:02:08+00:00","og_image":[{"width":750,"height":751,"url":"https:\/\/web.umons.ac.be\/app\/uploads\/sites\/43\/2019\/05\/Philippe-Dubois.png","type":"image\/png"}],"twitter_card":"summary_large_image","twitter_misc":{"Dur\u00e9e de lecture estim\u00e9e":"3 minutes"},"schema":{"@context":"https:\/\/schema.org","@graph":[{"@type":"WebPage","@id":"https:\/\/web.umons.ac.be\/charleroi\/le-mot-du-recteur\/","url":"https:\/\/web.umons.ac.be\/charleroi\/le-mot-du-recteur\/","name":"Le mot du Recteur - UMONS Charleroi","isPartOf":{"@id":"https:\/\/web.umons.ac.be\/charleroi\/#website"},"primaryImageOfPage":{"@id":"https:\/\/web.umons.ac.be\/charleroi\/le-mot-du-recteur\/#primaryimage"},"image":{"@id":"https:\/\/web.umons.ac.be\/charleroi\/le-mot-du-recteur\/#primaryimage"},"thumbnailUrl":"https:\/\/web.umons.ac.be\/app\/uploads\/sites\/43\/2019\/05\/Philippe-Dubois-150x150.png","datePublished":"2017-10-20T14:05:25+00:00","dateModified":"2025-09-03T15:02:08+00:00","breadcrumb":{"@id":"https:\/\/web.umons.ac.be\/charleroi\/le-mot-du-recteur\/#breadcrumb"},"inLanguage":"fr-FR","potentialAction":[{"@type":"ReadAction","target":["https:\/\/web.umons.ac.be\/charleroi\/le-mot-du-recteur\/"]}]},{"@type":"ImageObject","inLanguage":"fr-FR","@id":"https:\/\/web.umons.ac.be\/charleroi\/le-mot-du-recteur\/#primaryimage","url":"https:\/\/web.umons.ac.be\/app\/uploads\/sites\/43\/2019\/05\/Philippe-Dubois-150x150.png","contentUrl":"https:\/\/web.umons.ac.be\/app\/uploads\/sites\/43\/2019\/05\/Philippe-Dubois-150x150.png"},{"@type":"BreadcrumbList","@id":"https:\/\/web.umons.ac.be\/charleroi\/le-mot-du-recteur\/#breadcrumb","itemListElement":[{"@type":"ListItem","position":1,"name":"Accueil","item":"https:\/\/web.umons.ac.be\/charleroi\/"},{"@type":"ListItem","position":2,"name":"Le mot du Recteur"}]},{"@type":"WebSite","@id":"https:\/\/web.umons.ac.be\/charleroi\/#website","url":"https:\/\/web.umons.ac.be\/charleroi\/","name":"UMONS Charleroi","description":"","potentialAction":[{"@type":"SearchAction","target":{"@type":"EntryPoint","urlTemplate":"https:\/\/web.umons.ac.be\/charleroi\/?s={search_term_string}"},"query-input":{"@type":"PropertyValueSpecification","valueRequired":true,"valueName":"search_term_string"}}],"inLanguage":"fr-FR"}]}},"lang":"fr","translations":{"fr":58},"pll_sync_post":[],"_links":{"self":[{"href":"https:\/\/web.umons.ac.be\/charleroi\/wp-json\/wp\/v2\/pages\/58","targetHints":{"allow":["GET"]}}],"collection":[{"href":"https:\/\/web.umons.ac.be\/charleroi\/wp-json\/wp\/v2\/pages"}],"about":[{"href":"https:\/\/web.umons.ac.be\/charleroi\/wp-json\/wp\/v2\/types\/page"}],"author":[{"embeddable":true,"href":"https:\/\/web.umons.ac.be\/charleroi\/wp-json\/wp\/v2\/users\/2"}],"replies":[{"embeddable":true,"href":"https:\/\/web.umons.ac.be\/charleroi\/wp-json\/wp\/v2\/comments?post=58"}],"version-history":[{"count":4,"href":"https:\/\/web.umons.ac.be\/charleroi\/wp-json\/wp\/v2\/pages\/58\/revisions"}],"predecessor-version":[{"id":1940,"href":"https:\/\/web.umons.ac.be\/charleroi\/wp-json\/wp\/v2\/pages\/58\/revisions\/1940"}],"wp:attachment":[{"href":"https:\/\/web.umons.ac.be\/charleroi\/wp-json\/wp\/v2\/media?parent=58"}],"curies":[{"name":"wp","href":"https:\/\/api.w.org\/{rel}","templated":true}]}}