{"id":788,"date":"2020-05-08T11:59:31","date_gmt":"2020-05-08T09:59:31","guid":{"rendered":"https:\/\/web.umons.ac.be\/charleroi\/?page_id=788"},"modified":"2025-09-19T11:21:24","modified_gmt":"2025-09-19T09:21:24","slug":"les-campus","status":"publish","type":"page","link":"https:\/\/web.umons.ac.be\/charleroi\/les-campus\/","title":{"rendered":"Les Campus"},"content":{"rendered":"<p>La pr\u00e9sence de l\u2019Universit\u00e9 de Mons \u00e0 Charleroi a d\u00e9but\u00e9 en 1978. Au cours de ces quarante-sept ann\u00e9es, les enseignements s\u2019y sont d\u00e9roul\u00e9s dans diff\u00e9rents b\u00e2timents de la Ville-Haute.<\/p>\n<p>Une constante a toutefois toujours \u00e9t\u00e9 le souci de l\u2019accompagnement des \u00e9tudiants. Un service administratif veille \u00e0 garantir la bonne information du public, tant en cours de jour qu\u2019\u00e0 horaire d\u00e9cal\u00e9.<\/p>\n<blockquote><p>L\u2019UMONS, privil\u00e9gie les \u00e9changes d\u2019informations et d\u2019exp\u00e9riences, s\u2019appuie sur une p\u00e9dagogie de proximit\u00e9 et est attentive \u00e0 l\u2019accueil et \u00e0 l\u2019encadrement des \u00e9tudiants.<\/p><\/blockquote>\n<p>Depuis septembre 2023, les enseignements de l\u2019UMONS dispens\u00e9s \u00e0 Charleroi se d\u00e9roulent sur le <a href=\"https:\/\/web.umons.ac.be\/charleroi\/les-campus\/campus-ucharleroi\/\">CampusUCharleroi<\/a>.<\/p>\n<p>&nbsp;<\/p>\n","protected":false},"excerpt":{"rendered":"<p>La pr\u00e9sence de l\u2019Universit\u00e9 de Mons \u00e0 Charleroi a d\u00e9but\u00e9 en 1978. Au cours de ces quarante-sept ann\u00e9es, les enseignements s\u2019y sont d\u00e9roul\u00e9s dans diff\u00e9rents b\u00e2timents de la Ville-Haute. Une constante a toutefois toujours \u00e9t\u00e9 le souci de l\u2019accompagnement des \u00e9tudiants. Un service administratif veille \u00e0 garantir la bonne information du public, tant en cours [&hellip;]<\/p>\n","protected":false},"author":2,"featured_media":0,"parent":0,"menu_order":0,"comment_status":"closed","ping_status":"closed","template":"","meta":{"footnotes":""},"class_list":["post-788","page","type-page","status-publish","hentry"],"yoast_head":"<!-- This site is optimized with the Yoast SEO plugin v27.2 - https:\/\/yoast.com\/product\/yoast-seo-wordpress\/ -->\n<title>Les Campus - UMONS Charleroi<\/title>\n<meta name=\"robots\" content=\"index, follow, max-snippet:-1, max-image-preview:large, max-video-preview:-1\" \/>\n<link rel=\"canonical\" href=\"https:\/\/web.umons.ac.be\/charleroi\/les-campus\/\" \/>\n<meta property=\"og:locale\" content=\"fr_FR\" \/>\n<meta property=\"og:type\" content=\"article\" \/>\n<meta property=\"og:title\" content=\"Les Campus - UMONS Charleroi\" \/>\n<meta property=\"og:description\" content=\"La pr\u00e9sence de l\u2019Universit\u00e9 de Mons \u00e0 Charleroi a d\u00e9but\u00e9 en 1978. Au cours de ces quarante-sept ann\u00e9es, les enseignements s\u2019y sont d\u00e9roul\u00e9s dans diff\u00e9rents b\u00e2timents de la Ville-Haute. Une constante a toutefois toujours \u00e9t\u00e9 le souci de l\u2019accompagnement des \u00e9tudiants. Un service administratif veille \u00e0 garantir la bonne information du public, tant en cours [&hellip;]\" \/>\n<meta property=\"og:url\" content=\"https:\/\/web.umons.ac.be\/charleroi\/les-campus\/\" \/>\n<meta property=\"og:site_name\" content=\"UMONS Charleroi\" \/>\n<meta property=\"article:modified_time\" content=\"2025-09-19T09:21:24+00:00\" \/>\n<meta name=\"twitter:card\" content=\"summary_large_image\" \/>\n<meta name=\"twitter:label1\" content=\"Dur\u00e9e de lecture estim\u00e9e\" \/>\n\t<meta name=\"twitter:data1\" content=\"1 minute\" \/>\n<script type=\"application\/ld+json\" class=\"yoast-schema-graph\">{\"@context\":\"https:\/\/schema.org\",\"@graph\":[{\"@type\":\"WebPage\",\"@id\":\"https:\/\/web.umons.ac.be\/charleroi\/les-campus\/\",\"url\":\"https:\/\/web.umons.ac.be\/charleroi\/les-campus\/\",\"name\":\"Les Campus - UMONS Charleroi\",\"isPartOf\":{\"@id\":\"https:\/\/web.umons.ac.be\/charleroi\/#website\"},\"datePublished\":\"2020-05-08T09:59:31+00:00\",\"dateModified\":\"2025-09-19T09:21:24+00:00\",\"breadcrumb\":{\"@id\":\"https:\/\/web.umons.ac.be\/charleroi\/les-campus\/#breadcrumb\"},\"inLanguage\":\"fr-FR\",\"potentialAction\":[{\"@type\":\"ReadAction\",\"target\":[\"https:\/\/web.umons.ac.be\/charleroi\/les-campus\/\"]}]},{\"@type\":\"BreadcrumbList\",\"@id\":\"https:\/\/web.umons.ac.be\/charleroi\/les-campus\/#breadcrumb\",\"itemListElement\":[{\"@type\":\"ListItem\",\"position\":1,\"name\":\"Accueil\",\"item\":\"https:\/\/web.umons.ac.be\/charleroi\/\"},{\"@type\":\"ListItem\",\"position\":2,\"name\":\"Les Campus\"}]},{\"@type\":\"WebSite\",\"@id\":\"https:\/\/web.umons.ac.be\/charleroi\/#website\",\"url\":\"https:\/\/web.umons.ac.be\/charleroi\/\",\"name\":\"UMONS Charleroi\",\"description\":\"\",\"potentialAction\":[{\"@type\":\"SearchAction\",\"target\":{\"@type\":\"EntryPoint\",\"urlTemplate\":\"https:\/\/web.umons.ac.be\/charleroi\/?s={search_term_string}\"},\"query-input\":{\"@type\":\"PropertyValueSpecification\",\"valueRequired\":true,\"valueName\":\"search_term_string\"}}],\"inLanguage\":\"fr-FR\"}]}<\/script>\n<!-- \/ Yoast SEO plugin. -->","yoast_head_json":{"title":"Les Campus - UMONS Charleroi","robots":{"index":"index","follow":"follow","max-snippet":"max-snippet:-1","max-image-preview":"max-image-preview:large","max-video-preview":"max-video-preview:-1"},"canonical":"https:\/\/web.umons.ac.be\/charleroi\/les-campus\/","og_locale":"fr_FR","og_type":"article","og_title":"Les Campus - UMONS Charleroi","og_description":"La pr\u00e9sence de l\u2019Universit\u00e9 de Mons \u00e0 Charleroi a d\u00e9but\u00e9 en 1978. Au cours de ces quarante-sept ann\u00e9es, les enseignements s\u2019y sont d\u00e9roul\u00e9s dans diff\u00e9rents b\u00e2timents de la Ville-Haute. Une constante a toutefois toujours \u00e9t\u00e9 le souci de l\u2019accompagnement des \u00e9tudiants. Un service administratif veille \u00e0 garantir la bonne information du public, tant en cours [&hellip;]","og_url":"https:\/\/web.umons.ac.be\/charleroi\/les-campus\/","og_site_name":"UMONS Charleroi","article_modified_time":"2025-09-19T09:21:24+00:00","twitter_card":"summary_large_image","twitter_misc":{"Dur\u00e9e de lecture estim\u00e9e":"1 minute"},"schema":{"@context":"https:\/\/schema.org","@graph":[{"@type":"WebPage","@id":"https:\/\/web.umons.ac.be\/charleroi\/les-campus\/","url":"https:\/\/web.umons.ac.be\/charleroi\/les-campus\/","name":"Les Campus - UMONS Charleroi","isPartOf":{"@id":"https:\/\/web.umons.ac.be\/charleroi\/#website"},"datePublished":"2020-05-08T09:59:31+00:00","dateModified":"2025-09-19T09:21:24+00:00","breadcrumb":{"@id":"https:\/\/web.umons.ac.be\/charleroi\/les-campus\/#breadcrumb"},"inLanguage":"fr-FR","potentialAction":[{"@type":"ReadAction","target":["https:\/\/web.umons.ac.be\/charleroi\/les-campus\/"]}]},{"@type":"BreadcrumbList","@id":"https:\/\/web.umons.ac.be\/charleroi\/les-campus\/#breadcrumb","itemListElement":[{"@type":"ListItem","position":1,"name":"Accueil","item":"https:\/\/web.umons.ac.be\/charleroi\/"},{"@type":"ListItem","position":2,"name":"Les Campus"}]},{"@type":"WebSite","@id":"https:\/\/web.umons.ac.be\/charleroi\/#website","url":"https:\/\/web.umons.ac.be\/charleroi\/","name":"UMONS Charleroi","description":"","potentialAction":[{"@type":"SearchAction","target":{"@type":"EntryPoint","urlTemplate":"https:\/\/web.umons.ac.be\/charleroi\/?s={search_term_string}"},"query-input":{"@type":"PropertyValueSpecification","valueRequired":true,"valueName":"search_term_string"}}],"inLanguage":"fr-FR"}]}},"lang":"fr","translations":{"fr":788},"pll_sync_post":[],"_links":{"self":[{"href":"https:\/\/web.umons.ac.be\/charleroi\/wp-json\/wp\/v2\/pages\/788","targetHints":{"allow":["GET"]}}],"collection":[{"href":"https:\/\/web.umons.ac.be\/charleroi\/wp-json\/wp\/v2\/pages"}],"about":[{"href":"https:\/\/web.umons.ac.be\/charleroi\/wp-json\/wp\/v2\/types\/page"}],"author":[{"embeddable":true,"href":"https:\/\/web.umons.ac.be\/charleroi\/wp-json\/wp\/v2\/users\/2"}],"replies":[{"embeddable":true,"href":"https:\/\/web.umons.ac.be\/charleroi\/wp-json\/wp\/v2\/comments?post=788"}],"version-history":[{"count":3,"href":"https:\/\/web.umons.ac.be\/charleroi\/wp-json\/wp\/v2\/pages\/788\/revisions"}],"predecessor-version":[{"id":1958,"href":"https:\/\/web.umons.ac.be\/charleroi\/wp-json\/wp\/v2\/pages\/788\/revisions\/1958"}],"wp:attachment":[{"href":"https:\/\/web.umons.ac.be\/charleroi\/wp-json\/wp\/v2\/media?parent=788"}],"curies":[{"name":"wp","href":"https:\/\/api.w.org\/{rel}","templated":true}]}}