{"id":15,"date":"2021-11-05T13:37:19","date_gmt":"2021-11-05T12:37:19","guid":{"rendered":"https:\/\/web.umons.ac.be\/cips\/activites-de-recherche\/"},"modified":"2021-11-05T14:00:08","modified_gmt":"2021-11-05T13:00:08","slug":"activites-de-recherche","status":"publish","type":"page","link":"https:\/\/web.umons.ac.be\/cips\/activites-de-recherche\/","title":{"rendered":"Activit\u00e9s de recherche"},"content":{"rendered":"<p>Nous d\u00e9veloppons notre savoir-faire dans les domaines :<\/p>\n<ul>\n<li>de la mise au point de nouvelles sources plasma,<\/li>\n<li>de l\u2019analyse physico-chimique des plasmas via des techniques de diagnostic pointues,<\/li>\n<li>de la synth\u00e8se de (nouveaux) mat\u00e9riaux sous forme de films minces (organique et inorganique) et de la fonctionnalisation de surface des mat\u00e9riaux (y compris de nano-mat\u00e9riaux) et<\/li>\n<li>du traitement de gaz par une approche coupl\u00e9e plasma-catalyse (valorisation du CO2, activation de l\u2019N2).<\/li>\n<\/ul>\n<p>L\u2019ensemble de ces activit\u00e9s est support\u00e9 par des caract\u00e9risations fines de la chimie, de la morphologie et de la microstructure des surfaces trait\u00e9es via l\u2019utilisation d\u2019outils d\u2019analyse performants tels que l\u2019XPS, Tof-SIMS, TEM, SEM, XRD, techniques synchrotron,\u2026<\/p>\n<hr \/>\n<p>Notre service est, par ailleurs rattach\u00e9 \u00e0 un institut de recherche de l\u2019UMONS :<\/p>\n<start-cask-shortcode-wrapper>\t\t<div class=\"associated-institutes content-block scheme-fs\">\n\t\t\t<ul class=\"institutes-list\">\n\t\t\t\t\t\t\t\t\t\t<li>\n\t\t\t\t\t\t\t<a href=\"https:\/\/web.umons.ac.be\/materiaux\" title=\"Acc\u00e9der au site web de : Institut \/ Mat\u00e9riaux\" class=\"associated-institute\">\n\t\t\t\t\t\t\t\t<img loading=\"lazy\" decoding=\"async\" width=\"1\" height=\"1\" src=\"https:\/\/web.umons.ac.be\/app\/uploads\/sites\/38\/2017\/12\/materiaux_logo_fr.svg\" class=\"attachment-thumbnail size-thumbnail\" alt=\"\" \/>\t\t\t\t\t\t\t<\/a>\t\t\t\n\t\t\t\t\t\t<\/li>\n\t\t\t\t\t\t\t<\/ul>\n\t\t<\/div>\n <end-cask-shortcode-wrapper>\n","protected":false},"excerpt":{"rendered":"<p>Nous d\u00e9veloppons notre savoir-faire dans les domaines : de la mise au point de nouvelles sources plasma, de l\u2019analyse physico-chimique des plasmas via des techniques de diagnostic pointues, de la synth\u00e8se de (nouveaux) mat\u00e9riaux sous forme de films minces (organique et inorganique) et de la fonctionnalisation de surface des mat\u00e9riaux (y compris de nano-mat\u00e9riaux) et [&hellip;]<\/p>\n","protected":false},"author":4,"featured_media":0,"parent":0,"menu_order":0,"comment_status":"closed","ping_status":"closed","template":"","meta":{"footnotes":""},"class_list":["post-15","page","type-page","status-publish","hentry"],"yoast_head":"<!-- This site is optimized with the Yoast SEO plugin v27.2 - https:\/\/yoast.com\/product\/yoast-seo-wordpress\/ -->\n<title>Activit\u00e9s de recherche - Service \/ FS - Chimie des Interactions Plasma-Surface<\/title>\n<meta name=\"robots\" content=\"index, follow, max-snippet:-1, max-image-preview:large, max-video-preview:-1\" \/>\n<link rel=\"canonical\" href=\"https:\/\/web.umons.ac.be\/cips\/activites-de-recherche\/\" \/>\n<meta property=\"og:locale\" content=\"fr_FR\" \/>\n<meta property=\"og:type\" content=\"article\" \/>\n<meta property=\"og:title\" content=\"Activit\u00e9s de recherche - Service \/ FS - Chimie des Interactions Plasma-Surface\" \/>\n<meta property=\"og:description\" content=\"Nous d\u00e9veloppons notre savoir-faire dans les domaines : de la mise au point de nouvelles sources plasma, de l\u2019analyse physico-chimique des plasmas via des techniques de diagnostic pointues, de la synth\u00e8se de (nouveaux) mat\u00e9riaux sous forme de films minces (organique et inorganique) et de la fonctionnalisation de surface des mat\u00e9riaux (y compris de nano-mat\u00e9riaux) et [&hellip;]\" \/>\n<meta property=\"og:url\" content=\"https:\/\/web.umons.ac.be\/cips\/activites-de-recherche\/\" \/>\n<meta property=\"og:site_name\" content=\"Service \/ FS - Chimie des Interactions Plasma-Surface\" \/>\n<meta property=\"article:modified_time\" content=\"2021-11-05T13:00:08+00:00\" \/>\n<meta name=\"twitter:card\" content=\"summary_large_image\" \/>\n<meta name=\"twitter:label1\" content=\"Dur\u00e9e de lecture estim\u00e9e\" \/>\n\t<meta name=\"twitter:data1\" content=\"1 minute\" \/>\n<script type=\"application\/ld+json\" class=\"yoast-schema-graph\">{\"@context\":\"https:\/\/schema.org\",\"@graph\":[{\"@type\":\"WebPage\",\"@id\":\"https:\/\/web.umons.ac.be\/cips\/activites-de-recherche\/\",\"url\":\"https:\/\/web.umons.ac.be\/cips\/activites-de-recherche\/\",\"name\":\"Activit\u00e9s de recherche - Service \/ FS - Chimie des Interactions Plasma-Surface\",\"isPartOf\":{\"@id\":\"https:\/\/web.umons.ac.be\/cips\/#website\"},\"datePublished\":\"2021-11-05T12:37:19+00:00\",\"dateModified\":\"2021-11-05T13:00:08+00:00\",\"breadcrumb\":{\"@id\":\"https:\/\/web.umons.ac.be\/cips\/activites-de-recherche\/#breadcrumb\"},\"inLanguage\":\"fr-FR\",\"potentialAction\":[{\"@type\":\"ReadAction\",\"target\":[\"https:\/\/web.umons.ac.be\/cips\/activites-de-recherche\/\"]}]},{\"@type\":\"BreadcrumbList\",\"@id\":\"https:\/\/web.umons.ac.be\/cips\/activites-de-recherche\/#breadcrumb\",\"itemListElement\":[{\"@type\":\"ListItem\",\"position\":1,\"name\":\"Home\",\"item\":\"https:\/\/web.umons.ac.be\/cips\/\"},{\"@type\":\"ListItem\",\"position\":2,\"name\":\"Activit\u00e9s de recherche\"}]},{\"@type\":\"WebSite\",\"@id\":\"https:\/\/web.umons.ac.be\/cips\/#website\",\"url\":\"https:\/\/web.umons.ac.be\/cips\/\",\"name\":\"Service \/ FS - Chimie des Interactions Plasma-Surface\",\"description\":\"\",\"potentialAction\":[{\"@type\":\"SearchAction\",\"target\":{\"@type\":\"EntryPoint\",\"urlTemplate\":\"https:\/\/web.umons.ac.be\/cips\/?s={search_term_string}\"},\"query-input\":{\"@type\":\"PropertyValueSpecification\",\"valueRequired\":true,\"valueName\":\"search_term_string\"}}],\"inLanguage\":\"fr-FR\"}]}<\/script>\n<!-- \/ Yoast SEO plugin. -->","yoast_head_json":{"title":"Activit\u00e9s de recherche - Service \/ FS - Chimie des Interactions Plasma-Surface","robots":{"index":"index","follow":"follow","max-snippet":"max-snippet:-1","max-image-preview":"max-image-preview:large","max-video-preview":"max-video-preview:-1"},"canonical":"https:\/\/web.umons.ac.be\/cips\/activites-de-recherche\/","og_locale":"fr_FR","og_type":"article","og_title":"Activit\u00e9s de recherche - Service \/ FS - Chimie des Interactions Plasma-Surface","og_description":"Nous d\u00e9veloppons notre savoir-faire dans les domaines : de la mise au point de nouvelles sources plasma, de l\u2019analyse physico-chimique des plasmas via des techniques de diagnostic pointues, de la synth\u00e8se de (nouveaux) mat\u00e9riaux sous forme de films minces (organique et inorganique) et de la fonctionnalisation de surface des mat\u00e9riaux (y compris de nano-mat\u00e9riaux) et [&hellip;]","og_url":"https:\/\/web.umons.ac.be\/cips\/activites-de-recherche\/","og_site_name":"Service \/ FS - Chimie des Interactions Plasma-Surface","article_modified_time":"2021-11-05T13:00:08+00:00","twitter_card":"summary_large_image","twitter_misc":{"Dur\u00e9e de lecture estim\u00e9e":"1 minute"},"schema":{"@context":"https:\/\/schema.org","@graph":[{"@type":"WebPage","@id":"https:\/\/web.umons.ac.be\/cips\/activites-de-recherche\/","url":"https:\/\/web.umons.ac.be\/cips\/activites-de-recherche\/","name":"Activit\u00e9s de recherche - Service \/ FS - Chimie des Interactions Plasma-Surface","isPartOf":{"@id":"https:\/\/web.umons.ac.be\/cips\/#website"},"datePublished":"2021-11-05T12:37:19+00:00","dateModified":"2021-11-05T13:00:08+00:00","breadcrumb":{"@id":"https:\/\/web.umons.ac.be\/cips\/activites-de-recherche\/#breadcrumb"},"inLanguage":"fr-FR","potentialAction":[{"@type":"ReadAction","target":["https:\/\/web.umons.ac.be\/cips\/activites-de-recherche\/"]}]},{"@type":"BreadcrumbList","@id":"https:\/\/web.umons.ac.be\/cips\/activites-de-recherche\/#breadcrumb","itemListElement":[{"@type":"ListItem","position":1,"name":"Home","item":"https:\/\/web.umons.ac.be\/cips\/"},{"@type":"ListItem","position":2,"name":"Activit\u00e9s de recherche"}]},{"@type":"WebSite","@id":"https:\/\/web.umons.ac.be\/cips\/#website","url":"https:\/\/web.umons.ac.be\/cips\/","name":"Service \/ FS - Chimie des Interactions Plasma-Surface","description":"","potentialAction":[{"@type":"SearchAction","target":{"@type":"EntryPoint","urlTemplate":"https:\/\/web.umons.ac.be\/cips\/?s={search_term_string}"},"query-input":{"@type":"PropertyValueSpecification","valueRequired":true,"valueName":"search_term_string"}}],"inLanguage":"fr-FR"}]}},"lang":"fr","translations":{"fr":15,"en":17},"pll_sync_post":[],"_links":{"self":[{"href":"https:\/\/web.umons.ac.be\/cips\/wp-json\/wp\/v2\/pages\/15","targetHints":{"allow":["GET"]}}],"collection":[{"href":"https:\/\/web.umons.ac.be\/cips\/wp-json\/wp\/v2\/pages"}],"about":[{"href":"https:\/\/web.umons.ac.be\/cips\/wp-json\/wp\/v2\/types\/page"}],"author":[{"embeddable":true,"href":"https:\/\/web.umons.ac.be\/cips\/wp-json\/wp\/v2\/users\/4"}],"replies":[{"embeddable":true,"href":"https:\/\/web.umons.ac.be\/cips\/wp-json\/wp\/v2\/comments?post=15"}],"version-history":[{"count":2,"href":"https:\/\/web.umons.ac.be\/cips\/wp-json\/wp\/v2\/pages\/15\/revisions"}],"predecessor-version":[{"id":53,"href":"https:\/\/web.umons.ac.be\/cips\/wp-json\/wp\/v2\/pages\/15\/revisions\/53"}],"wp:attachment":[{"href":"https:\/\/web.umons.ac.be\/cips\/wp-json\/wp\/v2\/media?parent=15"}],"curies":[{"name":"wp","href":"https:\/\/api.w.org\/{rel}","templated":true}]}}