{"id":15,"date":"2021-11-10T13:27:58","date_gmt":"2021-11-10T12:27:58","guid":{"rendered":"https:\/\/web.umons.ac.be\/clin\/activites-de-recherche\/"},"modified":"2021-11-10T13:59:52","modified_gmt":"2021-11-10T12:59:52","slug":"activites-de-recherche","status":"publish","type":"page","link":"https:\/\/web.umons.ac.be\/clin\/activites-de-recherche\/","title":{"rendered":"Activit\u00e9s de recherche"},"content":{"rendered":"<p>Actuellement, nos projets de recherches sont les suivants<\/p>\n<ul>\n<li>l\u2019implication du pharmacien d\u2019officine dans la d\u00e9tection de la fragilit\u00e9 et le lien entre la fragilit\u00e9 et les probl\u00e8mes li\u00e9s aux m\u00e9dicaments.<\/li>\n<li>Fentapatch : Minimisation des risques li\u00e9s au d\u00e9tournement de patchs usag\u00e9s de fentanyl<\/li>\n<li>Diminution du risque infectieux li\u00e9 \u00e0 la chirurgie (coop\u00e9ration, pharmacie clinique h\u00f4pital)<\/li>\n<li>P\u00e9dagogie en pharmacie clinique (learning lab, officine p\u00e9dagogique)<\/li>\n<li>Communication et accueil des patients : soins pharmaceutiques \u00e0 destination des patients pr\u00e9sentant une d\u00e9ficience visuelle : d\u00e9veloppement et structuration de proc\u00e9dures officinales<\/li>\n<\/ul>\n<hr \/>\n<p>Notre service est, par ailleurs rattach\u00e9 \u00e0 un institut de recherche de l\u2019UMONS :<\/p>\n<start-cask-shortcode-wrapper>\t\t<div class=\"associated-institutes content-block scheme-fmp\">\n\t\t\t<ul class=\"institutes-list\">\n\t\t\t\t\t\t\t\t\t\t<li>\n\t\t\t\t\t\t\t<a href=\"https:\/\/web.umons.ac.be\/sante\" title=\"Acc\u00e9der au site web de : Institut \/ Sant\u00e9\" class=\"associated-institute\">\n\t\t\t\t\t\t\t\t<img loading=\"lazy\" decoding=\"async\" width=\"1\" height=\"1\" src=\"https:\/\/web.umons.ac.be\/app\/uploads\/sites\/35\/2021\/03\/sante_logo_fr.svg\" class=\"attachment-thumbnail size-thumbnail\" alt=\"\" \/>\t\t\t\t\t\t\t<\/a>\t\t\t\n\t\t\t\t\t\t<\/li>\n\t\t\t\t\t\t\t<\/ul>\n\t\t<\/div>\n <end-cask-shortcode-wrapper>\n","protected":false},"excerpt":{"rendered":"<p>Actuellement, nos projets de recherches sont les suivants l\u2019implication du pharmacien d\u2019officine dans la d\u00e9tection de la fragilit\u00e9 et le lien entre la fragilit\u00e9 et les probl\u00e8mes li\u00e9s aux m\u00e9dicaments. Fentapatch : Minimisation des risques li\u00e9s au d\u00e9tournement de patchs usag\u00e9s de fentanyl Diminution du risque infectieux li\u00e9 \u00e0 la chirurgie (coop\u00e9ration, pharmacie clinique h\u00f4pital) [&hellip;]<\/p>\n","protected":false},"author":4,"featured_media":0,"parent":0,"menu_order":0,"comment_status":"closed","ping_status":"closed","template":"","meta":{"footnotes":""},"class_list":["post-15","page","type-page","status-publish","hentry"],"yoast_head":"<!-- This site is optimized with the Yoast SEO plugin v27.2 - https:\/\/yoast.com\/product\/yoast-seo-wordpress\/ -->\n<title>Activit\u00e9s de recherche - Service \/ FMPB - Pharmacie Clinique<\/title>\n<meta name=\"robots\" content=\"index, follow, max-snippet:-1, max-image-preview:large, max-video-preview:-1\" \/>\n<link rel=\"canonical\" href=\"https:\/\/web.umons.ac.be\/clin\/activites-de-recherche\/\" \/>\n<meta property=\"og:locale\" content=\"fr_FR\" \/>\n<meta property=\"og:type\" content=\"article\" \/>\n<meta property=\"og:title\" content=\"Activit\u00e9s de recherche - Service \/ FMPB - Pharmacie Clinique\" \/>\n<meta property=\"og:description\" content=\"Actuellement, nos projets de recherches sont les suivants l\u2019implication du pharmacien d\u2019officine dans la d\u00e9tection de la fragilit\u00e9 et le lien entre la fragilit\u00e9 et les probl\u00e8mes li\u00e9s aux m\u00e9dicaments. Fentapatch : Minimisation des risques li\u00e9s au d\u00e9tournement de patchs usag\u00e9s de fentanyl Diminution du risque infectieux li\u00e9 \u00e0 la chirurgie (coop\u00e9ration, pharmacie clinique h\u00f4pital) [&hellip;]\" \/>\n<meta property=\"og:url\" content=\"https:\/\/web.umons.ac.be\/clin\/activites-de-recherche\/\" \/>\n<meta property=\"og:site_name\" content=\"Service \/ FMPB - Pharmacie Clinique\" \/>\n<meta property=\"article:modified_time\" content=\"2021-11-10T12:59:52+00:00\" \/>\n<meta name=\"twitter:card\" content=\"summary_large_image\" \/>\n<meta name=\"twitter:label1\" content=\"Dur\u00e9e de lecture estim\u00e9e\" \/>\n\t<meta name=\"twitter:data1\" content=\"1 minute\" \/>\n<script type=\"application\/ld+json\" class=\"yoast-schema-graph\">{\"@context\":\"https:\/\/schema.org\",\"@graph\":[{\"@type\":\"WebPage\",\"@id\":\"https:\/\/web.umons.ac.be\/clin\/activites-de-recherche\/\",\"url\":\"https:\/\/web.umons.ac.be\/clin\/activites-de-recherche\/\",\"name\":\"Activit\u00e9s de recherche - Service \/ FMPB - Pharmacie Clinique\",\"isPartOf\":{\"@id\":\"https:\/\/web.umons.ac.be\/clin\/#website\"},\"datePublished\":\"2021-11-10T12:27:58+00:00\",\"dateModified\":\"2021-11-10T12:59:52+00:00\",\"breadcrumb\":{\"@id\":\"https:\/\/web.umons.ac.be\/clin\/activites-de-recherche\/#breadcrumb\"},\"inLanguage\":\"fr-FR\",\"potentialAction\":[{\"@type\":\"ReadAction\",\"target\":[\"https:\/\/web.umons.ac.be\/clin\/activites-de-recherche\/\"]}]},{\"@type\":\"BreadcrumbList\",\"@id\":\"https:\/\/web.umons.ac.be\/clin\/activites-de-recherche\/#breadcrumb\",\"itemListElement\":[{\"@type\":\"ListItem\",\"position\":1,\"name\":\"Home\",\"item\":\"https:\/\/web.umons.ac.be\/clin\/\"},{\"@type\":\"ListItem\",\"position\":2,\"name\":\"Activit\u00e9s de recherche\"}]},{\"@type\":\"WebSite\",\"@id\":\"https:\/\/web.umons.ac.be\/clin\/#website\",\"url\":\"https:\/\/web.umons.ac.be\/clin\/\",\"name\":\"Service \/ FMPB - Pharmacie Clinique\",\"description\":\"\",\"potentialAction\":[{\"@type\":\"SearchAction\",\"target\":{\"@type\":\"EntryPoint\",\"urlTemplate\":\"https:\/\/web.umons.ac.be\/clin\/?s={search_term_string}\"},\"query-input\":{\"@type\":\"PropertyValueSpecification\",\"valueRequired\":true,\"valueName\":\"search_term_string\"}}],\"inLanguage\":\"fr-FR\"}]}<\/script>\n<!-- \/ Yoast SEO plugin. -->","yoast_head_json":{"title":"Activit\u00e9s de recherche - Service \/ FMPB - Pharmacie Clinique","robots":{"index":"index","follow":"follow","max-snippet":"max-snippet:-1","max-image-preview":"max-image-preview:large","max-video-preview":"max-video-preview:-1"},"canonical":"https:\/\/web.umons.ac.be\/clin\/activites-de-recherche\/","og_locale":"fr_FR","og_type":"article","og_title":"Activit\u00e9s de recherche - Service \/ FMPB - Pharmacie Clinique","og_description":"Actuellement, nos projets de recherches sont les suivants l\u2019implication du pharmacien d\u2019officine dans la d\u00e9tection de la fragilit\u00e9 et le lien entre la fragilit\u00e9 et les probl\u00e8mes li\u00e9s aux m\u00e9dicaments. Fentapatch : Minimisation des risques li\u00e9s au d\u00e9tournement de patchs usag\u00e9s de fentanyl Diminution du risque infectieux li\u00e9 \u00e0 la chirurgie (coop\u00e9ration, pharmacie clinique h\u00f4pital) [&hellip;]","og_url":"https:\/\/web.umons.ac.be\/clin\/activites-de-recherche\/","og_site_name":"Service \/ FMPB - Pharmacie Clinique","article_modified_time":"2021-11-10T12:59:52+00:00","twitter_card":"summary_large_image","twitter_misc":{"Dur\u00e9e de lecture estim\u00e9e":"1 minute"},"schema":{"@context":"https:\/\/schema.org","@graph":[{"@type":"WebPage","@id":"https:\/\/web.umons.ac.be\/clin\/activites-de-recherche\/","url":"https:\/\/web.umons.ac.be\/clin\/activites-de-recherche\/","name":"Activit\u00e9s de recherche - Service \/ FMPB - Pharmacie Clinique","isPartOf":{"@id":"https:\/\/web.umons.ac.be\/clin\/#website"},"datePublished":"2021-11-10T12:27:58+00:00","dateModified":"2021-11-10T12:59:52+00:00","breadcrumb":{"@id":"https:\/\/web.umons.ac.be\/clin\/activites-de-recherche\/#breadcrumb"},"inLanguage":"fr-FR","potentialAction":[{"@type":"ReadAction","target":["https:\/\/web.umons.ac.be\/clin\/activites-de-recherche\/"]}]},{"@type":"BreadcrumbList","@id":"https:\/\/web.umons.ac.be\/clin\/activites-de-recherche\/#breadcrumb","itemListElement":[{"@type":"ListItem","position":1,"name":"Home","item":"https:\/\/web.umons.ac.be\/clin\/"},{"@type":"ListItem","position":2,"name":"Activit\u00e9s de recherche"}]},{"@type":"WebSite","@id":"https:\/\/web.umons.ac.be\/clin\/#website","url":"https:\/\/web.umons.ac.be\/clin\/","name":"Service \/ FMPB - Pharmacie Clinique","description":"","potentialAction":[{"@type":"SearchAction","target":{"@type":"EntryPoint","urlTemplate":"https:\/\/web.umons.ac.be\/clin\/?s={search_term_string}"},"query-input":{"@type":"PropertyValueSpecification","valueRequired":true,"valueName":"search_term_string"}}],"inLanguage":"fr-FR"}]}},"lang":"fr","translations":{"fr":15,"en":17},"pll_sync_post":[],"_links":{"self":[{"href":"https:\/\/web.umons.ac.be\/clin\/wp-json\/wp\/v2\/pages\/15","targetHints":{"allow":["GET"]}}],"collection":[{"href":"https:\/\/web.umons.ac.be\/clin\/wp-json\/wp\/v2\/pages"}],"about":[{"href":"https:\/\/web.umons.ac.be\/clin\/wp-json\/wp\/v2\/types\/page"}],"author":[{"embeddable":true,"href":"https:\/\/web.umons.ac.be\/clin\/wp-json\/wp\/v2\/users\/4"}],"replies":[{"embeddable":true,"href":"https:\/\/web.umons.ac.be\/clin\/wp-json\/wp\/v2\/comments?post=15"}],"version-history":[{"count":1,"href":"https:\/\/web.umons.ac.be\/clin\/wp-json\/wp\/v2\/pages\/15\/revisions"}],"predecessor-version":[{"id":47,"href":"https:\/\/web.umons.ac.be\/clin\/wp-json\/wp\/v2\/pages\/15\/revisions\/47"}],"wp:attachment":[{"href":"https:\/\/web.umons.ac.be\/clin\/wp-json\/wp\/v2\/media?parent=15"}],"curies":[{"name":"wp","href":"https:\/\/api.w.org\/{rel}","templated":true}]}}