{"id":117,"date":"2017-09-21T16:15:14","date_gmt":"2017-09-21T14:15:14","guid":{"rendered":"https:\/\/web.umons.ac.be\/complexys\/?page_id=117"},"modified":"2021-10-04T14:39:33","modified_gmt":"2021-10-04T12:39:33","slug":"projets-phare","status":"publish","type":"page","link":"https:\/\/web.umons.ac.be\/complexys\/en\/projets-phare\/","title":{"rendered":"Flagship Projects"},"content":{"rendered":"<p>The Institute essentially develops its activities through collaborative research projects.<\/p>\n<p>These projects:<\/p>\n<ul>\n<li>Are based on interdisciplinarity<\/li>\n<li>Prioritise collaborative research and co-development<\/li>\n<li>Rely on partnerships with all sectors of society (industries, services, research centres, governmental institutions, etc.)<\/li>\n<li>Bring together provincial, regional, federal, European and international partners.<\/li>\n<\/ul>\n<p>The Institute is active in setting up research projects, with its partners, which respond to the emerging problems linked to the Institute\u2019s field.<\/p>\n<p>Below you can find a list of some key projects, which highlight some of the issues our researchers tackle.<\/p>\n<p>COMPLEXYS is involved in long-term collaborative projects, which require in-depth consideration regarding theoretical models in order to provide solutions to specific problems. UMONS uses the international recognition of its theorists to develop ever more ambitious projects linked to the industrial world<\/p>\n<p>Citons:<\/p>\n<ul>\n<li><strong>Mikael Randour<\/strong> received \u201cThe Ackermann Award\u201d\u00a0in 2015 from the \u201cEuropean Association for Computer Science Logic\u201d for his PhD thesis,<\/li>\n<li><strong>Quentin Menet<\/strong> won the \u201cPrix Antonella 2015\u201d, <strong>Jenifer Rubio-Magnieto<\/strong> was selected to participate at the \u201c65th Conference of Nobel Laureates\u201d for her post-doc work,<\/li>\n<li>and Nicolas Boulanger was awarded the \u201cTh\u00e9ophile De Donder 2014\u201d prize by the FNRS for the first part of his research.<\/li>\n<\/ul>\n<start-cask-shortcode-wrapper>    <div class=\"accordion content-block scheme-complexys\">\n                <div class=\"accordion-inner\">\n            <div class=\"accordion-bellow\">\n                <button class=\"accordion-bellow-toggle scheme-background-hover\" data-target=\"#accordion-content-615af4e21c09b\">\n                    <span class=\"icon umons-icon-chevron-down\" aria-hidden=\"true\"><\/span> CASSTING (UE\/FP7)                <\/button>\n            <\/div>\n            <div id=\"accordion-content-615af4e21c09b\" class=\"accordion-content\">\n            \t<div class=\"inner editor-front\">\n            \t\t<p>Collaborative and adaptive systems for the automatic heating of smart homes.<\/p>\n<p>The aim of CASSTING (Collective Adaptative Systems SynThesIs with Non-zero-sum Games) is to find a\u00a0<strong>means of heating rooms in a smart house by using automation and control algorithms for the supply valves.<\/strong><\/p>\n<p><em>More infos<\/em>\u00a0:\u00a0<a href=\"http:\/\/www.cassting-project.eu\/\">http:\/\/www.cassting-project.eu\u00a0<\/a><\/p>\n            \t<\/div>\n            <\/div>\n        <\/div>\n                <div class=\"accordion-inner\">\n            <div class=\"accordion-bellow\">\n                <button class=\"accordion-bellow-toggle scheme-background-hover\" data-target=\"#accordion-content-615af4f7d415e\">\n                    <span class=\"icon umons-icon-chevron-down\" aria-hidden=\"true\"><\/span> SECOHealth (FRQ \u2013 FNRS)                <\/button>\n            <\/div>\n            <div id=\"accordion-content-615af4f7d415e\" class=\"accordion-content\">\n            \t<div class=\"inner editor-front\">\n            \t\t<p>Comment peut-on aider des communaut\u00e9s\u00a0de d\u00e9veloppeurs open source \u00e0\u00a0<strong>mieux\u00a0comprendre, contr\u00f4ler et am\u00e9liorer la\u00a0sant\u00e9 des \u00e9cosyst\u00e8mes logiciels<\/strong>\u00a0dans\u00a0lesquels ils sont impliqu\u00e9s ? Ce projet\u00a0de recherche bilat\u00e9ral, impliquant des\u00a0chercheurs de l\u2019UMONS, de Polytechnique\u00a0Montreal (Canada) et de Laval University\u00a0(Canada), vise \u00e0 \u00e9tudier cette question\u00a0<strong>en combinant des techniques des\u00a0sciences sociales, appliqu\u00e9es et\u00a0fondamentales, dans une m\u00e9thodologie\u00a0interdisciplinaire<\/strong>.<\/p>\n            \t<\/div>\n            <\/div>\n        <\/div>\n                <div class=\"accordion-inner\">\n            <div class=\"accordion-bellow\">\n                <button class=\"accordion-bellow-toggle scheme-background-hover\" data-target=\"#accordion-content-615af5205d7d7\">\n                    <span class=\"icon umons-icon-chevron-down\" aria-hidden=\"true\"><\/span> ECOS (ARC)                <\/button>\n            <\/div>\n            <div id=\"accordion-content-615af5205d7d7\" class=\"accordion-content\">\n            \t<div class=\"inner editor-front\">\n            \t\t<p>Do models of biological evolution help us to understand the expansion of open source software?<\/p>\n<p>ECOS (\u201cECological studies of Open Source Software ecosystems\u201d)\u00a0<strong>examines the way in which free software evolves, drawing inspiration from models of biological evolution<\/strong>, for example, the transformation of living species as evidenced by changes in genetic traits over generations, as per Darwin\u2019s theory of evolution.<\/p>\n<p><iframe loading=\"lazy\" title=\"Ecos -Ecological Studies of Open Source Software Ecosystems\" width=\"500\" height=\"281\" src=\"https:\/\/www.youtube.com\/embed\/w-UObuhUty8?feature=oembed\" frameborder=\"0\" allow=\"accelerometer; autoplay; clipboard-write; encrypted-media; gyroscope; picture-in-picture; web-share\" referrerpolicy=\"strict-origin-when-cross-origin\" allowfullscreen><\/iframe><\/p>\n            \t<\/div>\n            <\/div>\n        <\/div>\n                <div class=\"accordion-inner\">\n            <div class=\"accordion-bellow\">\n                <button class=\"accordion-bellow-toggle scheme-background-hover\" data-target=\"#accordion-content-615af57d45d51\">\n                    <span class=\"icon umons-icon-chevron-down\" aria-hidden=\"true\"><\/span> COMOD (FWB\/ARC)                <\/button>\n            <\/div>\n            <div id=\"accordion-content-615af57d45d51\" class=\"accordion-content\">\n            \t<div class=\"inner editor-front\">\n            \t\t<p><a href=\"https:\/\/web.umons.ac.be\/app\/uploads\/sites\/31\/2020\/02\/AdobeStock_109229641-1.jpeg\"><img loading=\"lazy\" decoding=\"async\" class=\"alignright size-medium wp-image-339\" src=\"https:\/\/web.umons.ac.be\/app\/uploads\/sites\/31\/2020\/02\/AdobeStock_109229641-1-300x169.jpeg\" sizes=\"auto, (max-width: 300px) 100vw, 300px\" srcset=\"https:\/\/web.umons.ac.be\/app\/uploads\/sites\/31\/2020\/02\/AdobeStock_109229641-1-300x169.jpeg 300w, https:\/\/web.umons.ac.be\/app\/uploads\/sites\/31\/2020\/02\/AdobeStock_109229641-1-768x432.jpeg 768w, https:\/\/web.umons.ac.be\/app\/uploads\/sites\/31\/2020\/02\/AdobeStock_109229641-1-1024x576.jpeg 1024w, https:\/\/web.umons.ac.be\/app\/uploads\/sites\/31\/2020\/02\/AdobeStock_109229641-1-1173x660.jpeg 1173w, https:\/\/web.umons.ac.be\/app\/uploads\/sites\/31\/2020\/02\/AdobeStock_109229641-1-30x17.jpeg 30w, https:\/\/web.umons.ac.be\/app\/uploads\/sites\/31\/2020\/02\/AdobeStock_109229641-1-60x34.jpeg 60w, https:\/\/web.umons.ac.be\/app\/uploads\/sites\/31\/2020\/02\/AdobeStock_109229641-1-360x203.jpeg 360w\" alt=\"\" width=\"300\" height=\"169\" \/><\/a>In light of current ecological problems, the concept of compactness has become paramount to ensuring the\u00a0<strong>sustainable and positive development<\/strong>\u00a0of our cities, thus limiting the misuse of natural areas, and conserving biodiversity in a time of economic and social challenges for territories.<\/p>\n<p><strong>How can we build cities that meet compactness criteria but are strong enough to reduce their consumption without affecting their attractiveness or quality of life?<\/strong><\/p>\n<p>CoMod specifically studies the\u00a0<strong>concept of \u201ccompact cities<\/strong>\u201d using\u00a0<strong>graph theory<\/strong>\u00a0and\u00a0<strong>game theory<\/strong>\u00a0to tackle issues associated with the various criteria concerned.<\/p>\n            \t<\/div>\n            <\/div>\n        <\/div>\n                <div class=\"accordion-inner\">\n            <div class=\"accordion-bellow\">\n                <button class=\"accordion-bellow-toggle scheme-background-hover\" data-target=\"#accordion-content-615af5abae9db\">\n                    <span class=\"icon umons-icon-chevron-down\" aria-hidden=\"true\"><\/span> MANYSYNTH (FNRS \/ MIS)                <\/button>\n            <\/div>\n            <div id=\"accordion-content-615af5abae9db\" class=\"accordion-content\">\n            \t<div class=\"inner editor-front\">\n            \t\t<p>Le projet ManySynth (Many-sided Synthesis of Reactive Systems: Foundations, Algorithms, and Tools) vise \u00e0\u00a0<strong>am\u00e9liorer la fiabilit\u00e9 et la s\u00e9curit\u00e9 des syst\u00e8mes r\u00e9actifs (p.ex. logiciels embarqu\u00e9s omnipr\u00e9sents dans nos vies<\/strong>) via le\u00a0<strong>d\u00e9veloppement de th\u00e9ories math\u00e9matiques et d\u2019outils logiciels\u00a0<\/strong>supportant la v\u00e9rification et la synth\u00e8se automatis\u00e9e de syst\u00e8mes corrects par construction, avec un focus sur les mod\u00e8les multi-objectifs.<\/p>\n            \t<\/div>\n            <\/div>\n        <\/div>\n                <div class=\"accordion-inner\">\n            <div class=\"accordion-bellow\">\n                <button class=\"accordion-bellow-toggle scheme-background-hover\" data-target=\"#accordion-content-615af5bd3e8e2\">\n                    <span class=\"icon umons-icon-chevron-down\" aria-hidden=\"true\"><\/span> HSGRA (FNRS)                <\/button>\n            <\/div>\n            <div id=\"accordion-content-615af5bd3e8e2\" class=\"accordion-content\">\n            \t<div class=\"inner editor-front\">\n            \t\t<p>At the heart of black holes, gravitation and quantum mechanics can no longer ignore each other. The HSGRA project (<strong>Higher Spin GRAvity<\/strong>) explores an avenue which aims to\u00a0<strong>go beyond Einstein\u2019s theory of general relativity in order to obtain a theory of gravitation with a better relationship with quantum mechanics<\/strong>.<\/p>\n            \t<\/div>\n            <\/div>\n        <\/div>\n                <div class=\"accordion-inner\">\n            <div class=\"accordion-bellow\">\n                <button class=\"accordion-bellow-toggle scheme-background-hover\" data-target=\"#accordion-content-615af5d309733\">\n                    <span class=\"icon umons-icon-chevron-down\" aria-hidden=\"true\"><\/span> SECO ASSIST (FNRS FWO \/ EoS)                <\/button>\n            <\/div>\n            <div id=\"accordion-content-615af5d309733\" class=\"accordion-content\">\n            \t<div class=\"inner editor-front\">\n            \t\t<p>Software ecosystems are the most promising way to organise the software needs of the digital age. SECO-ASSIST aims to achieve a scientific breakthrough\u00a0<strong>by assisting the ecosystems of the future, by developing new software recommendation techniques that consider resilience, scalability, heterogeneity and social interactions.<\/strong>\u00a0To do this, the project partners will pool their expertise in social networks (UMONS), software testing (UAntwerpen), software reuse (VUB) and database evolution (UNamur).<\/p>\n            \t<\/div>\n            <\/div>\n        <\/div>\n            <\/div>\n<end-cask-shortcode-wrapper>\n","protected":false},"excerpt":{"rendered":"<p>The Institute essentially develops its activities through collaborative research projects. These projects: Are based on interdisciplinarity Prioritise collaborative research and co-development Rely on partnerships with all sectors of society (industries, services, research centres, governmental institutions, etc.) Bring together provincial, regional, federal, European and international partners. The Institute is active in setting up research projects, with [&hellip;]<\/p>\n","protected":false},"author":2,"featured_media":0,"parent":0,"menu_order":2,"comment_status":"closed","ping_status":"closed","template":"","meta":{"footnotes":""},"class_list":["post-117","page","type-page","status-publish","hentry"],"yoast_head":"<!-- This site is optimized with the Yoast SEO plugin v27.2 - https:\/\/yoast.com\/product\/yoast-seo-wordpress\/ -->\n<title>Flagship Projects - Institut \/ Complexys<\/title>\n<meta name=\"robots\" content=\"index, follow, max-snippet:-1, max-image-preview:large, max-video-preview:-1\" \/>\n<link rel=\"canonical\" href=\"https:\/\/web.umons.ac.be\/complexys\/en\/projets-phare\/\" \/>\n<meta property=\"og:locale\" content=\"fr_FR\" \/>\n<meta property=\"og:type\" content=\"article\" \/>\n<meta property=\"og:title\" content=\"Flagship Projects - Institut \/ Complexys\" \/>\n<meta property=\"og:description\" content=\"The Institute essentially develops its activities through collaborative research projects. These projects: Are based on interdisciplinarity Prioritise collaborative research and co-development Rely on partnerships with all sectors of society (industries, services, research centres, governmental institutions, etc.) Bring together provincial, regional, federal, European and international partners. The Institute is active in setting up research projects, with [&hellip;]\" \/>\n<meta property=\"og:url\" content=\"https:\/\/web.umons.ac.be\/complexys\/en\/projets-phare\/\" \/>\n<meta property=\"og:site_name\" content=\"Institut \/ Complexys\" \/>\n<meta property=\"article:modified_time\" content=\"2021-10-04T12:39:33+00:00\" \/>\n<meta name=\"twitter:card\" content=\"summary_large_image\" \/>\n<meta name=\"twitter:label1\" content=\"Dur\u00e9e de lecture estim\u00e9e\" \/>\n\t<meta name=\"twitter:data1\" content=\"1 minute\" \/>\n<script type=\"application\/ld+json\" class=\"yoast-schema-graph\">{\"@context\":\"https:\/\/schema.org\",\"@graph\":[{\"@type\":\"WebPage\",\"@id\":\"https:\/\/web.umons.ac.be\/complexys\/en\/projets-phare\/\",\"url\":\"https:\/\/web.umons.ac.be\/complexys\/en\/projets-phare\/\",\"name\":\"Flagship Projects - Institut \/ Complexys\",\"isPartOf\":{\"@id\":\"https:\/\/web.umons.ac.be\/complexys\/#website\"},\"datePublished\":\"2017-09-21T14:15:14+00:00\",\"dateModified\":\"2021-10-04T12:39:33+00:00\",\"breadcrumb\":{\"@id\":\"https:\/\/web.umons.ac.be\/complexys\/en\/projets-phare\/#breadcrumb\"},\"inLanguage\":\"fr-FR\",\"potentialAction\":[{\"@type\":\"ReadAction\",\"target\":[\"https:\/\/web.umons.ac.be\/complexys\/en\/projets-phare\/\"]}]},{\"@type\":\"BreadcrumbList\",\"@id\":\"https:\/\/web.umons.ac.be\/complexys\/en\/projets-phare\/#breadcrumb\",\"itemListElement\":[{\"@type\":\"ListItem\",\"position\":1,\"name\":\"Accueil\",\"item\":\"https:\/\/web.umons.ac.be\/complexys\/fr\/\"},{\"@type\":\"ListItem\",\"position\":2,\"name\":\"Flagship Projects\"}]},{\"@type\":\"WebSite\",\"@id\":\"https:\/\/web.umons.ac.be\/complexys\/#website\",\"url\":\"https:\/\/web.umons.ac.be\/complexys\/\",\"name\":\"Institut \/ Complexys\",\"description\":\"Un site utilisant Universit\u00e9 de Mons \u2013 UMONS\",\"potentialAction\":[{\"@type\":\"SearchAction\",\"target\":{\"@type\":\"EntryPoint\",\"urlTemplate\":\"https:\/\/web.umons.ac.be\/complexys\/?s={search_term_string}\"},\"query-input\":{\"@type\":\"PropertyValueSpecification\",\"valueRequired\":true,\"valueName\":\"search_term_string\"}}],\"inLanguage\":\"fr-FR\"}]}<\/script>\n<!-- \/ Yoast SEO plugin. -->","yoast_head_json":{"title":"Flagship Projects - Institut \/ Complexys","robots":{"index":"index","follow":"follow","max-snippet":"max-snippet:-1","max-image-preview":"max-image-preview:large","max-video-preview":"max-video-preview:-1"},"canonical":"https:\/\/web.umons.ac.be\/complexys\/en\/projets-phare\/","og_locale":"fr_FR","og_type":"article","og_title":"Flagship Projects - Institut \/ Complexys","og_description":"The Institute essentially develops its activities through collaborative research projects. These projects: Are based on interdisciplinarity Prioritise collaborative research and co-development Rely on partnerships with all sectors of society (industries, services, research centres, governmental institutions, etc.) Bring together provincial, regional, federal, European and international partners. The Institute is active in setting up research projects, with [&hellip;]","og_url":"https:\/\/web.umons.ac.be\/complexys\/en\/projets-phare\/","og_site_name":"Institut \/ Complexys","article_modified_time":"2021-10-04T12:39:33+00:00","twitter_card":"summary_large_image","twitter_misc":{"Dur\u00e9e de lecture estim\u00e9e":"1 minute"},"schema":{"@context":"https:\/\/schema.org","@graph":[{"@type":"WebPage","@id":"https:\/\/web.umons.ac.be\/complexys\/en\/projets-phare\/","url":"https:\/\/web.umons.ac.be\/complexys\/en\/projets-phare\/","name":"Flagship Projects - Institut \/ Complexys","isPartOf":{"@id":"https:\/\/web.umons.ac.be\/complexys\/#website"},"datePublished":"2017-09-21T14:15:14+00:00","dateModified":"2021-10-04T12:39:33+00:00","breadcrumb":{"@id":"https:\/\/web.umons.ac.be\/complexys\/en\/projets-phare\/#breadcrumb"},"inLanguage":"fr-FR","potentialAction":[{"@type":"ReadAction","target":["https:\/\/web.umons.ac.be\/complexys\/en\/projets-phare\/"]}]},{"@type":"BreadcrumbList","@id":"https:\/\/web.umons.ac.be\/complexys\/en\/projets-phare\/#breadcrumb","itemListElement":[{"@type":"ListItem","position":1,"name":"Accueil","item":"https:\/\/web.umons.ac.be\/complexys\/fr\/"},{"@type":"ListItem","position":2,"name":"Flagship Projects"}]},{"@type":"WebSite","@id":"https:\/\/web.umons.ac.be\/complexys\/#website","url":"https:\/\/web.umons.ac.be\/complexys\/","name":"Institut \/ Complexys","description":"Un site utilisant Universit\u00e9 de Mons \u2013 UMONS","potentialAction":[{"@type":"SearchAction","target":{"@type":"EntryPoint","urlTemplate":"https:\/\/web.umons.ac.be\/complexys\/?s={search_term_string}"},"query-input":{"@type":"PropertyValueSpecification","valueRequired":true,"valueName":"search_term_string"}}],"inLanguage":"fr-FR"}]}},"lang":"en","translations":{"en":117,"fr":23},"pll_sync_post":[],"_links":{"self":[{"href":"https:\/\/web.umons.ac.be\/complexys\/wp-json\/wp\/v2\/pages\/117","targetHints":{"allow":["GET"]}}],"collection":[{"href":"https:\/\/web.umons.ac.be\/complexys\/wp-json\/wp\/v2\/pages"}],"about":[{"href":"https:\/\/web.umons.ac.be\/complexys\/wp-json\/wp\/v2\/types\/page"}],"author":[{"embeddable":true,"href":"https:\/\/web.umons.ac.be\/complexys\/wp-json\/wp\/v2\/users\/2"}],"replies":[{"embeddable":true,"href":"https:\/\/web.umons.ac.be\/complexys\/wp-json\/wp\/v2\/comments?post=117"}],"version-history":[{"count":5,"href":"https:\/\/web.umons.ac.be\/complexys\/wp-json\/wp\/v2\/pages\/117\/revisions"}],"predecessor-version":[{"id":392,"href":"https:\/\/web.umons.ac.be\/complexys\/wp-json\/wp\/v2\/pages\/117\/revisions\/392"}],"wp:attachment":[{"href":"https:\/\/web.umons.ac.be\/complexys\/wp-json\/wp\/v2\/media?parent=117"}],"curies":[{"name":"wp","href":"https:\/\/api.w.org\/{rel}","templated":true}]}}