{"id":18,"date":"2017-07-17T14:55:13","date_gmt":"2017-07-17T12:55:13","guid":{"rendered":"https:\/\/web.umons.ac.be\/complexys\/?page_id=18"},"modified":"2017-11-09T14:01:37","modified_gmt":"2017-11-09T13:01:37","slug":"expertises-et-thematiques","status":"publish","type":"page","link":"https:\/\/web.umons.ac.be\/complexys\/fr\/expertises-et-thematiques\/","title":{"rendered":"Expertises et th\u00e9matiques"},"content":{"rendered":"<p>La sp\u00e9cificit\u00e9 de l\u2019Institut Complexys est de s\u2019attaquer \u00e0 l\u2019\u00e9tude de syst\u00e8mes complexes, en se reposant sur des \u00e9quipes multisdisciplinaires combinant les comp\u00e9tences de math\u00e9maticiens, d\u2019informaticiens et de sp\u00e9cialistes en sciences au sens large:<\/p>\n<h5><strong>MODELES MATHEMATIQUES ET LOGICIELS<\/strong><\/h5>\n<p>Les informaticiens et math\u00e9maticiens de l\u2019Institut Complexys sont sp\u00e9cialis\u00e9s dans:<\/p>\n<ul>\n<li>la<strong style=\"font-size: 14px;\"> mod\u00e9lisation de l\u2019information et les syst\u00e8mes de communication<\/strong><span style=\"font-size: 14px;\"> (logiciel, base de donn\u00e9es, r\u00e9seaux, etc.),<\/span><\/li>\n<li>le<strong style=\"font-size: 14px;\"> d\u00e9veloppement d\u2019outils et de techniques<\/strong><span style=\"font-size: 14px;\"> pour:<\/span>\n<ul>\n<li>l\u2019analyse num\u00e9rique,<\/li>\n<li>les syst\u00e8mes dynamiques,<\/li>\n<li>la probabilit\u00e9 et les statistiques,<\/li>\n<li>la th\u00e9orie des graphes, la th\u00e9orie du jeu,<\/li>\n<li>la recherche op\u00e9rationnelle,<\/li>\n<li>la th\u00e9orie automata et de logique math\u00e9matique.<\/li>\n<\/ul>\n<\/li>\n<\/ul>\n<h5><strong>SPECIALISTES EN SCIENCE AU SENS LARGE DU TERME<\/strong><\/h5>\n<p>Ces experts \u00e9tudient diff\u00e9rentes th\u00e9matiques telles que:<\/p>\n<ul>\n<li>les interactions de la lumi\u00e8re dans les mat\u00e9riaux complexes (photonique et plasmonique),<\/li>\n<li>la mod\u00e9lisation multi-\u00e9chelle de structures et de mat\u00e9riaux \u00e0 propri\u00e9t\u00e9s opto\u00e9lectroniques,<\/li>\n<li>le comportement de liquides aux interfaces,<\/li>\n<li>la cr\u00e9ation de nouvelles architectures \u00e0 couches minces (filaments, plaques et coquilles),<\/li>\n<li>les m\u00e9canismes du cytosquelette d\u2019une cellule,<\/li>\n<li>la cr\u00e9ation d\u2019organes par les organismes vivants,<\/li>\n<li>la cr\u00e9ation de villes compactes,<\/li>\n<li>etc.<\/li>\n<\/ul>\n","protected":false},"excerpt":{"rendered":"<p>La sp\u00e9cificit\u00e9 de l\u2019Institut Complexys est de s\u2019attaquer \u00e0 l\u2019\u00e9tude de syst\u00e8mes complexes, en se reposant sur des \u00e9quipes multisdisciplinaires combinant les comp\u00e9tences de math\u00e9maticiens, d\u2019informaticiens et de sp\u00e9cialistes en sciences au sens large: MODELES MATHEMATIQUES ET LOGICIELS Les informaticiens et math\u00e9maticiens de l\u2019Institut Complexys sont sp\u00e9cialis\u00e9s dans: la mod\u00e9lisation de l\u2019information et les syst\u00e8mes [&hellip;]<\/p>\n","protected":false},"author":2,"featured_media":0,"parent":0,"menu_order":1,"comment_status":"closed","ping_status":"closed","template":"","meta":{"footnotes":""},"class_list":["post-18","page","type-page","status-publish","hentry"],"yoast_head":"<!-- This site is optimized with the Yoast SEO plugin v27.2 - https:\/\/yoast.com\/product\/yoast-seo-wordpress\/ -->\n<title>Expertises et th\u00e9matiques - Institut \/ Complexys<\/title>\n<meta name=\"robots\" content=\"index, follow, max-snippet:-1, max-image-preview:large, max-video-preview:-1\" \/>\n<link rel=\"canonical\" href=\"https:\/\/web.umons.ac.be\/complexys\/fr\/expertises-et-thematiques\/\" \/>\n<meta property=\"og:locale\" content=\"fr_FR\" \/>\n<meta property=\"og:type\" content=\"article\" \/>\n<meta property=\"og:title\" content=\"Expertises et th\u00e9matiques - Institut \/ Complexys\" \/>\n<meta property=\"og:description\" content=\"La sp\u00e9cificit\u00e9 de l\u2019Institut Complexys est de s\u2019attaquer \u00e0 l\u2019\u00e9tude de syst\u00e8mes complexes, en se reposant sur des \u00e9quipes multisdisciplinaires combinant les comp\u00e9tences de math\u00e9maticiens, d\u2019informaticiens et de sp\u00e9cialistes en sciences au sens large: MODELES MATHEMATIQUES ET LOGICIELS Les informaticiens et math\u00e9maticiens de l\u2019Institut Complexys sont sp\u00e9cialis\u00e9s dans: la mod\u00e9lisation de l\u2019information et les syst\u00e8mes [&hellip;]\" \/>\n<meta property=\"og:url\" content=\"https:\/\/web.umons.ac.be\/complexys\/fr\/expertises-et-thematiques\/\" \/>\n<meta property=\"og:site_name\" content=\"Institut \/ Complexys\" \/>\n<meta property=\"article:modified_time\" content=\"2017-11-09T13:01:37+00:00\" \/>\n<meta name=\"twitter:card\" content=\"summary_large_image\" \/>\n<meta name=\"twitter:label1\" content=\"Dur\u00e9e de lecture estim\u00e9e\" \/>\n\t<meta name=\"twitter:data1\" content=\"1 minute\" \/>\n<script type=\"application\/ld+json\" class=\"yoast-schema-graph\">{\"@context\":\"https:\/\/schema.org\",\"@graph\":[{\"@type\":\"WebPage\",\"@id\":\"https:\/\/web.umons.ac.be\/complexys\/fr\/expertises-et-thematiques\/\",\"url\":\"https:\/\/web.umons.ac.be\/complexys\/fr\/expertises-et-thematiques\/\",\"name\":\"Expertises et th\u00e9matiques - Institut \/ Complexys\",\"isPartOf\":{\"@id\":\"https:\/\/web.umons.ac.be\/complexys\/#website\"},\"datePublished\":\"2017-07-17T12:55:13+00:00\",\"dateModified\":\"2017-11-09T13:01:37+00:00\",\"breadcrumb\":{\"@id\":\"https:\/\/web.umons.ac.be\/complexys\/fr\/expertises-et-thematiques\/#breadcrumb\"},\"inLanguage\":\"fr-FR\",\"potentialAction\":[{\"@type\":\"ReadAction\",\"target\":[\"https:\/\/web.umons.ac.be\/complexys\/fr\/expertises-et-thematiques\/\"]}]},{\"@type\":\"BreadcrumbList\",\"@id\":\"https:\/\/web.umons.ac.be\/complexys\/fr\/expertises-et-thematiques\/#breadcrumb\",\"itemListElement\":[{\"@type\":\"ListItem\",\"position\":1,\"name\":\"Accueil\",\"item\":\"https:\/\/web.umons.ac.be\/complexys\/fr\/\"},{\"@type\":\"ListItem\",\"position\":2,\"name\":\"Expertises et th\u00e9matiques\"}]},{\"@type\":\"WebSite\",\"@id\":\"https:\/\/web.umons.ac.be\/complexys\/#website\",\"url\":\"https:\/\/web.umons.ac.be\/complexys\/\",\"name\":\"Institut \/ Complexys\",\"description\":\"Un site utilisant Universit\u00e9 de Mons \u2013 UMONS\",\"potentialAction\":[{\"@type\":\"SearchAction\",\"target\":{\"@type\":\"EntryPoint\",\"urlTemplate\":\"https:\/\/web.umons.ac.be\/complexys\/?s={search_term_string}\"},\"query-input\":{\"@type\":\"PropertyValueSpecification\",\"valueRequired\":true,\"valueName\":\"search_term_string\"}}],\"inLanguage\":\"fr-FR\"}]}<\/script>\n<!-- \/ Yoast SEO plugin. -->","yoast_head_json":{"title":"Expertises et th\u00e9matiques - Institut \/ Complexys","robots":{"index":"index","follow":"follow","max-snippet":"max-snippet:-1","max-image-preview":"max-image-preview:large","max-video-preview":"max-video-preview:-1"},"canonical":"https:\/\/web.umons.ac.be\/complexys\/fr\/expertises-et-thematiques\/","og_locale":"fr_FR","og_type":"article","og_title":"Expertises et th\u00e9matiques - Institut \/ Complexys","og_description":"La sp\u00e9cificit\u00e9 de l\u2019Institut Complexys est de s\u2019attaquer \u00e0 l\u2019\u00e9tude de syst\u00e8mes complexes, en se reposant sur des \u00e9quipes multisdisciplinaires combinant les comp\u00e9tences de math\u00e9maticiens, d\u2019informaticiens et de sp\u00e9cialistes en sciences au sens large: MODELES MATHEMATIQUES ET LOGICIELS Les informaticiens et math\u00e9maticiens de l\u2019Institut Complexys sont sp\u00e9cialis\u00e9s dans: la mod\u00e9lisation de l\u2019information et les syst\u00e8mes [&hellip;]","og_url":"https:\/\/web.umons.ac.be\/complexys\/fr\/expertises-et-thematiques\/","og_site_name":"Institut \/ Complexys","article_modified_time":"2017-11-09T13:01:37+00:00","twitter_card":"summary_large_image","twitter_misc":{"Dur\u00e9e de lecture estim\u00e9e":"1 minute"},"schema":{"@context":"https:\/\/schema.org","@graph":[{"@type":"WebPage","@id":"https:\/\/web.umons.ac.be\/complexys\/fr\/expertises-et-thematiques\/","url":"https:\/\/web.umons.ac.be\/complexys\/fr\/expertises-et-thematiques\/","name":"Expertises et th\u00e9matiques - Institut \/ Complexys","isPartOf":{"@id":"https:\/\/web.umons.ac.be\/complexys\/#website"},"datePublished":"2017-07-17T12:55:13+00:00","dateModified":"2017-11-09T13:01:37+00:00","breadcrumb":{"@id":"https:\/\/web.umons.ac.be\/complexys\/fr\/expertises-et-thematiques\/#breadcrumb"},"inLanguage":"fr-FR","potentialAction":[{"@type":"ReadAction","target":["https:\/\/web.umons.ac.be\/complexys\/fr\/expertises-et-thematiques\/"]}]},{"@type":"BreadcrumbList","@id":"https:\/\/web.umons.ac.be\/complexys\/fr\/expertises-et-thematiques\/#breadcrumb","itemListElement":[{"@type":"ListItem","position":1,"name":"Accueil","item":"https:\/\/web.umons.ac.be\/complexys\/fr\/"},{"@type":"ListItem","position":2,"name":"Expertises et th\u00e9matiques"}]},{"@type":"WebSite","@id":"https:\/\/web.umons.ac.be\/complexys\/#website","url":"https:\/\/web.umons.ac.be\/complexys\/","name":"Institut \/ Complexys","description":"Un site utilisant Universit\u00e9 de Mons \u2013 UMONS","potentialAction":[{"@type":"SearchAction","target":{"@type":"EntryPoint","urlTemplate":"https:\/\/web.umons.ac.be\/complexys\/?s={search_term_string}"},"query-input":{"@type":"PropertyValueSpecification","valueRequired":true,"valueName":"search_term_string"}}],"inLanguage":"fr-FR"}]}},"lang":"fr","translations":{"fr":18,"en":113},"pll_sync_post":[],"_links":{"self":[{"href":"https:\/\/web.umons.ac.be\/complexys\/wp-json\/wp\/v2\/pages\/18","targetHints":{"allow":["GET"]}}],"collection":[{"href":"https:\/\/web.umons.ac.be\/complexys\/wp-json\/wp\/v2\/pages"}],"about":[{"href":"https:\/\/web.umons.ac.be\/complexys\/wp-json\/wp\/v2\/types\/page"}],"author":[{"embeddable":true,"href":"https:\/\/web.umons.ac.be\/complexys\/wp-json\/wp\/v2\/users\/2"}],"replies":[{"embeddable":true,"href":"https:\/\/web.umons.ac.be\/complexys\/wp-json\/wp\/v2\/comments?post=18"}],"version-history":[{"count":2,"href":"https:\/\/web.umons.ac.be\/complexys\/wp-json\/wp\/v2\/pages\/18\/revisions"}],"predecessor-version":[{"id":182,"href":"https:\/\/web.umons.ac.be\/complexys\/wp-json\/wp\/v2\/pages\/18\/revisions\/182"}],"wp:attachment":[{"href":"https:\/\/web.umons.ac.be\/complexys\/wp-json\/wp\/v2\/media?parent=18"}],"curies":[{"name":"wp","href":"https:\/\/api.w.org\/{rel}","templated":true}]}}