{"id":23,"date":"2017-07-17T14:56:58","date_gmt":"2017-07-17T12:56:58","guid":{"rendered":"https:\/\/web.umons.ac.be\/complexys\/?page_id=23"},"modified":"2021-10-04T14:33:45","modified_gmt":"2021-10-04T12:33:45","slug":"projets-phare","status":"publish","type":"page","link":"https:\/\/web.umons.ac.be\/complexys\/fr\/projets-phare\/","title":{"rendered":"Projets phares"},"content":{"rendered":"<p>L\u2019Institut d\u00e9veloppe ses activit\u00e9s essentiellement au travers de projets de recherche collaboratifs.<\/p>\n<p>Ces projets de recherches :<\/p>\n<ul>\n<li>Se basent sur l\u2019interdisciplinarit\u00e9<\/li>\n<li>Privil\u00e9gient la recherche collaborative et le co-d\u00e9veloppement<\/li>\n<li>S\u2019articulent sur une logique partenariale avec tous les acteurs de la soci\u00e9t\u00e9 (industries, services, centres de recherche, collectivit\u00e9s territoriales, institutions gouvernementales, etc.)<\/li>\n<li>Tissent des partenariats \u00e0 l\u2019\u00e9chelle provinciale, r\u00e9gionale, f\u00e9d\u00e9rale, europ\u00e9enne et internationale.<\/li>\n<\/ul>\n<p>L\u2019Institut s\u2019implique dans le montage de projet de recherche avec ses partenaires pour r\u00e9pondre aux probl\u00e9matiques \u00e9mergentes li\u00e9es aux domaines de l\u2019Institut.<\/p>\n<p>Nous pr\u00e9sentons ici, \u00e0 titre indicatif, quelques projets phare de l\u2019Institut qui illustrent\u00a0\u00a0 les probl\u00e9matiques abord\u00e9es par nos chercheurs.<\/p>\n<p>L\u2019Institut Complexys s\u2019investit dans des projets collaboratifs \u00e0 long-terme impliquant une r\u00e9flexion en profondeur dans les mod\u00e8les th\u00e9oriques en vue d\u2019apporter une solution \u00e0 des probl\u00e8mes concrets. La reconnaissance au niveau international des th\u00e9oriciens participe au rayonnement de l\u2019UMONS et \u00e0 l\u2019essor de projets toujours plus ambitieux et en lien avec le monde industriel.<\/p>\n<p>Citons:<\/p>\n<ul>\n<li><strong>Mikael Randour<\/strong> qui a re\u00e7u le prix \u00ab The Ackermann Award \u00bb en 2015 du \u00ab European Association for Computer Science Logic \u00bb pour sa th\u00e8se de doctorat,<\/li>\n<li><strong>Quentin Menet<\/strong> gagnant du Prix Antonella 2015, <strong>Jenifer Rubio-Magnieto<\/strong> s\u00e9lectionn\u00e9e \u00e0 participer au \u00ab 65<sup>th<\/sup> Conference of Nobel Laureates \u00bb pour son travail postdoctoral<\/li>\n<li>ou encore N<strong>icolas Boulanger<\/strong> qui a \u00e9t\u00e9 gratifi\u00e9 du prix \u00ab Th\u00e9ophile De Donder 2014 \u00bb d\u00e9cern\u00e9 par le FNRS pour la premi\u00e8re partie de sa carri\u00e8re.<\/li>\n<\/ul>\n<start-cask-shortcode-wrapper>    <div class=\"accordion content-block scheme-complexys\">\n                <div class=\"accordion-inner\">\n            <div class=\"accordion-bellow\">\n                <button class=\"accordion-bellow-toggle scheme-background-hover\" data-target=\"#accordion-content-615af4034e9d3\">\n                    <span class=\"icon umons-icon-chevron-down\" aria-hidden=\"true\"><\/span> CASSTING (UE\/FP7)                <\/button>\n            <\/div>\n            <div id=\"accordion-content-615af4034e9d3\" class=\"accordion-content\">\n            \t<div class=\"inner editor-front\">\n            \t\t<p>Les syst\u00e8mes collaboratifs et adaptatifs \u00e0 la base de l\u2019automatisation du chauffage des maisons intelligentes.<\/p>\n<p>Le projet CASSTING (\u00abCollective Adaptative Systems SynThesIs with Non-zero-sum Games\u00bb) vise \u00e0 apporter une\u00a0<strong>solution au chauffage des pi\u00e8ces d\u2019une maison intelligente via des algorithmes d\u2019automatisation et de contr\u00f4le des vannes d\u2019alimentation<\/strong>.<\/p>\n<p><em>Plus d\u2019infos<\/em>\u00a0:\u00a0<a href=\"http:\/\/www.cassting-project.eu\/\">http:\/\/www.cassting-project.eu\u00a0<\/a><\/p>\n            \t<\/div>\n            <\/div>\n        <\/div>\n                <div class=\"accordion-inner\">\n            <div class=\"accordion-bellow\">\n                <button class=\"accordion-bellow-toggle scheme-background-hover\" data-target=\"#accordion-content-615af410b1b7b\">\n                    <span class=\"icon umons-icon-chevron-down\" aria-hidden=\"true\"><\/span> SECOHealth (FRQ \u2013 FNRS)                <\/button>\n            <\/div>\n            <div id=\"accordion-content-615af410b1b7b\" class=\"accordion-content\">\n            \t<div class=\"inner editor-front\">\n            \t\t<p>Comment peut-on aider des communaut\u00e9s\u00a0de d\u00e9veloppeurs open source \u00e0\u00a0<strong>mieux\u00a0comprendre, contr\u00f4ler et am\u00e9liorer la\u00a0sant\u00e9 des \u00e9cosyst\u00e8mes logiciels<\/strong>\u00a0dans\u00a0lesquels ils sont impliqu\u00e9s ? Ce projet\u00a0de recherche bilat\u00e9ral, impliquant des\u00a0chercheurs de l\u2019UMONS, de Polytechnique\u00a0Montreal (Canada) et de Laval University\u00a0(Canada), vise \u00e0 \u00e9tudier cette question\u00a0<strong>en combinant des techniques des\u00a0sciences sociales, appliqu\u00e9es et\u00a0fondamentales, dans une m\u00e9thodologie\u00a0interdisciplinaire<\/strong>.<\/p>\n            \t<\/div>\n            <\/div>\n        <\/div>\n                <div class=\"accordion-inner\">\n            <div class=\"accordion-bellow\">\n                <button class=\"accordion-bellow-toggle scheme-background-hover\" data-target=\"#accordion-content-615af4215e3f9\">\n                    <span class=\"icon umons-icon-chevron-down\" aria-hidden=\"true\"><\/span> ECOS (ARC)                <\/button>\n            <\/div>\n            <div id=\"accordion-content-615af4215e3f9\" class=\"accordion-content\">\n            \t<div class=\"inner editor-front\">\n            \t\t<p>Les mod\u00e8les de l\u2019\u00e9volution biologique, une aide pour comprendre l\u2019expansion des logiciels libres ?<\/p>\n<p>Le projet ECOS (\u00abECological studies of Open Source software ecosystem\u00bb)\u00a0<strong>\u00e9tudie la mani\u00e8re dont se d\u00e9veloppent les logiciels libres en s\u2019inspirant des mod\u00e8les d\u2019\u00e9volution biologique\u00a0<\/strong>tels que la transformation des esp\u00e8ces vivantes qui se manifeste par des changements de leurs caract\u00e8res g\u00e9n\u00e9tiques au cours des g\u00e9n\u00e9rations ou th\u00e9orie de Darwin.<\/p>\n<p><iframe loading=\"lazy\" title=\"Ecos -Ecological Studies of Open Source Software Ecosystems\" width=\"500\" height=\"281\" src=\"https:\/\/www.youtube.com\/embed\/w-UObuhUty8?feature=oembed\" frameborder=\"0\" allow=\"accelerometer; autoplay; clipboard-write; encrypted-media; gyroscope; picture-in-picture; web-share\" referrerpolicy=\"strict-origin-when-cross-origin\" allowfullscreen><\/iframe><\/p>\n            \t<\/div>\n            <\/div>\n        <\/div>\n                <div class=\"accordion-inner\">\n            <div class=\"accordion-bellow\">\n                <button class=\"accordion-bellow-toggle scheme-background-hover\" data-target=\"#accordion-content-615af44d04fd5\">\n                    <span class=\"icon umons-icon-chevron-down\" aria-hidden=\"true\"><\/span> COMOD (FWB\/ARC)                <\/button>\n            <\/div>\n            <div id=\"accordion-content-615af44d04fd5\" class=\"accordion-content\">\n            \t<div class=\"inner editor-front\">\n            \t\t<p><a href=\"https:\/\/web.umons.ac.be\/app\/uploads\/sites\/31\/2020\/02\/AdobeStock_109229641.jpeg\"><img loading=\"lazy\" decoding=\"async\" class=\"alignright size-medium wp-image-337\" src=\"https:\/\/web.umons.ac.be\/app\/uploads\/sites\/31\/2020\/02\/AdobeStock_109229641-300x169.jpeg\" sizes=\"auto, (max-width: 300px) 100vw, 300px\" srcset=\"https:\/\/web.umons.ac.be\/app\/uploads\/sites\/31\/2020\/02\/AdobeStock_109229641-300x169.jpeg 300w, https:\/\/web.umons.ac.be\/app\/uploads\/sites\/31\/2020\/02\/AdobeStock_109229641-768x432.jpeg 768w, https:\/\/web.umons.ac.be\/app\/uploads\/sites\/31\/2020\/02\/AdobeStock_109229641-1024x576.jpeg 1024w, https:\/\/web.umons.ac.be\/app\/uploads\/sites\/31\/2020\/02\/AdobeStock_109229641-1173x660.jpeg 1173w, https:\/\/web.umons.ac.be\/app\/uploads\/sites\/31\/2020\/02\/AdobeStock_109229641-30x17.jpeg 30w, https:\/\/web.umons.ac.be\/app\/uploads\/sites\/31\/2020\/02\/AdobeStock_109229641-60x34.jpeg 60w, https:\/\/web.umons.ac.be\/app\/uploads\/sites\/31\/2020\/02\/AdobeStock_109229641-360x203.jpeg 360w\" alt=\"\" width=\"300\" height=\"169\" \/><\/a>Au regard des probl\u00e8mes \u00e9cologiques actuels, la notion de compacit\u00e9 est devenue primordiales pour assurer une\u00a0<strong>\u00e9volution durable et positive de nos villes<\/strong>, limitant ainsi l\u2019utilisation abusive des espaces naturels et pr\u00e9servant la biodiversit\u00e9 face aux enjeux \u00e9conomiques et sociaux des territoires.<\/p>\n<p><strong>Comment fabriquer des villes qui r\u00e9pondent \u00e0 des crit\u00e8res de compacit\u00e9 suffisamment forts pour r\u00e9duire leurs consommations sans nuire \u00e0 leur attractivit\u00e9 ni \u00e0 la qualit\u00e9 de vie ?<\/strong><\/p>\n<p>La sp\u00e9cificit\u00e9 du projet CoMod est qu\u2019il propose d\u2019<strong>\u00e9tudier\u00a0<\/strong>cette\u00a0<strong>notion de \u00abville compacte\u00bb<\/strong>\u00a0\u00e0 l\u2019aide de la\u00a0<strong>th\u00e9orie des graphes<\/strong>\u00a0et d\u2019aborder, sous l\u2019angle de la\u00a0<strong>th\u00e9orie des jeux<\/strong>\u00a0les probl\u00e8mes li\u00e9s \u00e0 l\u2019arbitrage des diff\u00e9rents crit\u00e8res s\u2019y rapportant.<\/p>\n            \t<\/div>\n            <\/div>\n        <\/div>\n                <div class=\"accordion-inner\">\n            <div class=\"accordion-bellow\">\n                <button class=\"accordion-bellow-toggle scheme-background-hover\" data-target=\"#accordion-content-615af475edff8\">\n                    <span class=\"icon umons-icon-chevron-down\" aria-hidden=\"true\"><\/span> MANYSYNTH (FNRS \/ MIS)                <\/button>\n            <\/div>\n            <div id=\"accordion-content-615af475edff8\" class=\"accordion-content\">\n            \t<div class=\"inner editor-front\">\n            \t\t<p>Le projet ManySynth (Many-sided Synthesis of Reactive Systems: Foundations, Algorithms, and Tools) vise \u00e0\u00a0<strong>am\u00e9liorer la fiabilit\u00e9 et la s\u00e9curit\u00e9 des syst\u00e8mes r\u00e9actifs (p.ex. logiciels embarqu\u00e9s omnipr\u00e9sents dans nos vies<\/strong>) via le\u00a0<strong>d\u00e9veloppement de th\u00e9ories math\u00e9matiques et d\u2019outils logiciels\u00a0<\/strong>supportant la v\u00e9rification et la synth\u00e8se automatis\u00e9e de syst\u00e8mes corrects par construction, avec un focus sur les mod\u00e8les multi-objectifs.<\/p>\n            \t<\/div>\n            <\/div>\n        <\/div>\n                <div class=\"accordion-inner\">\n            <div class=\"accordion-bellow\">\n                <button class=\"accordion-bellow-toggle scheme-background-hover\" data-target=\"#accordion-content-615af485803df\">\n                    <span class=\"icon umons-icon-chevron-down\" aria-hidden=\"true\"><\/span> HSGRA (FNRS)                <\/button>\n            <\/div>\n            <div id=\"accordion-content-615af485803df\" class=\"accordion-content\">\n            \t<div class=\"inner editor-front\">\n            \t\t<p>Au coeur des trous noirs, gravitation et m\u00e9canique quantique ne peuvent plus s\u2019ignorer. Le projet HSGRA (<strong>Higher Spin GRAvity<\/strong>) poursuit une piste qui vise \u00e0\u00a0<strong>\u00e9tendre la Relativit\u00e9 g\u00e9n\u00e9rale d\u2019Einstein pour obtenir une th\u00e9orie de la gravitation permettant un mariage heureux avec la m\u00e9canique quantique<\/strong>.<\/p>\n            \t<\/div>\n            <\/div>\n        <\/div>\n                <div class=\"accordion-inner\">\n            <div class=\"accordion-bellow\">\n                <button class=\"accordion-bellow-toggle scheme-background-hover\" data-target=\"#accordion-content-615af49469720\">\n                    <span class=\"icon umons-icon-chevron-down\" aria-hidden=\"true\"><\/span> SECO ASSIST (FNRS FWO \/ EoS)                <\/button>\n            <\/div>\n            <div id=\"accordion-content-615af49469720\" class=\"accordion-content\">\n            \t<div class=\"inner editor-front\">\n            \t\t<p>Les \u00e9cosyst\u00e8mes logiciels forment la voie la plus prometteuse pour organiser les besoins logiciels de l\u2019\u00e8re num\u00e9rique. SECO-ASSIST vise \u00e0 r\u00e9aliser une perc\u00e9e scientifique\u00a0<strong>en assistant les \u00e9cosyst\u00e8mes de l\u2019avenir, par le d\u00e9veloppement de nouvelles techniques de recommandation logicielle qui consid\u00e8rent la r\u00e9silience, l\u2019\u00e9volutivit\u00e9, l\u2019h\u00e9t\u00e9rog\u00e9n\u00e9it\u00e9 et les interactions sociales<\/strong>. Pour ce faire, les partenaires du projet joindront leurs expertises en r\u00e9seaux sociaux (UMONS), tests de logiciels (UAntwerpen), r\u00e9utilisation de logiciels (VUB) et \u00e9volution de bases de donn\u00e9es (UNamur).<\/p>\n            \t<\/div>\n            <\/div>\n        <\/div>\n            <\/div>\n<end-cask-shortcode-wrapper>\n","protected":false},"excerpt":{"rendered":"<p>L\u2019Institut d\u00e9veloppe ses activit\u00e9s essentiellement au travers de projets de recherche collaboratifs. Ces projets de recherches : Se basent sur l\u2019interdisciplinarit\u00e9 Privil\u00e9gient la recherche collaborative et le co-d\u00e9veloppement S\u2019articulent sur une logique partenariale avec tous les acteurs de la soci\u00e9t\u00e9 (industries, services, centres de recherche, collectivit\u00e9s territoriales, institutions gouvernementales, etc.) Tissent des partenariats \u00e0 l\u2019\u00e9chelle [&hellip;]<\/p>\n","protected":false},"author":2,"featured_media":0,"parent":0,"menu_order":2,"comment_status":"closed","ping_status":"closed","template":"","meta":{"footnotes":""},"class_list":["post-23","page","type-page","status-publish","hentry"],"yoast_head":"<!-- This site is optimized with the Yoast SEO plugin v27.2 - https:\/\/yoast.com\/product\/yoast-seo-wordpress\/ -->\n<title>Projets phares - Institut \/ Complexys<\/title>\n<meta name=\"robots\" content=\"index, follow, max-snippet:-1, max-image-preview:large, max-video-preview:-1\" \/>\n<link rel=\"canonical\" href=\"https:\/\/web.umons.ac.be\/complexys\/fr\/projets-phare\/\" \/>\n<meta property=\"og:locale\" content=\"fr_FR\" \/>\n<meta property=\"og:type\" content=\"article\" \/>\n<meta property=\"og:title\" content=\"Projets phares - Institut \/ Complexys\" \/>\n<meta property=\"og:description\" content=\"L\u2019Institut d\u00e9veloppe ses activit\u00e9s essentiellement au travers de projets de recherche collaboratifs. Ces projets de recherches : Se basent sur l\u2019interdisciplinarit\u00e9 Privil\u00e9gient la recherche collaborative et le co-d\u00e9veloppement S\u2019articulent sur une logique partenariale avec tous les acteurs de la soci\u00e9t\u00e9 (industries, services, centres de recherche, collectivit\u00e9s territoriales, institutions gouvernementales, etc.) Tissent des partenariats \u00e0 l\u2019\u00e9chelle [&hellip;]\" \/>\n<meta property=\"og:url\" content=\"https:\/\/web.umons.ac.be\/complexys\/fr\/projets-phare\/\" \/>\n<meta property=\"og:site_name\" content=\"Institut \/ Complexys\" \/>\n<meta property=\"article:modified_time\" content=\"2021-10-04T12:33:45+00:00\" \/>\n<meta name=\"twitter:card\" content=\"summary_large_image\" \/>\n<meta name=\"twitter:label1\" content=\"Dur\u00e9e de lecture estim\u00e9e\" \/>\n\t<meta name=\"twitter:data1\" content=\"2 minutes\" \/>\n<script type=\"application\/ld+json\" class=\"yoast-schema-graph\">{\"@context\":\"https:\/\/schema.org\",\"@graph\":[{\"@type\":\"WebPage\",\"@id\":\"https:\/\/web.umons.ac.be\/complexys\/fr\/projets-phare\/\",\"url\":\"https:\/\/web.umons.ac.be\/complexys\/fr\/projets-phare\/\",\"name\":\"Projets phares - Institut \/ Complexys\",\"isPartOf\":{\"@id\":\"https:\/\/web.umons.ac.be\/complexys\/#website\"},\"datePublished\":\"2017-07-17T12:56:58+00:00\",\"dateModified\":\"2021-10-04T12:33:45+00:00\",\"breadcrumb\":{\"@id\":\"https:\/\/web.umons.ac.be\/complexys\/fr\/projets-phare\/#breadcrumb\"},\"inLanguage\":\"fr-FR\",\"potentialAction\":[{\"@type\":\"ReadAction\",\"target\":[\"https:\/\/web.umons.ac.be\/complexys\/fr\/projets-phare\/\"]}]},{\"@type\":\"BreadcrumbList\",\"@id\":\"https:\/\/web.umons.ac.be\/complexys\/fr\/projets-phare\/#breadcrumb\",\"itemListElement\":[{\"@type\":\"ListItem\",\"position\":1,\"name\":\"Accueil\",\"item\":\"https:\/\/web.umons.ac.be\/complexys\/fr\/\"},{\"@type\":\"ListItem\",\"position\":2,\"name\":\"Projets phares\"}]},{\"@type\":\"WebSite\",\"@id\":\"https:\/\/web.umons.ac.be\/complexys\/#website\",\"url\":\"https:\/\/web.umons.ac.be\/complexys\/\",\"name\":\"Institut \/ Complexys\",\"description\":\"Un site utilisant Universit\u00e9 de Mons \u2013 UMONS\",\"potentialAction\":[{\"@type\":\"SearchAction\",\"target\":{\"@type\":\"EntryPoint\",\"urlTemplate\":\"https:\/\/web.umons.ac.be\/complexys\/?s={search_term_string}\"},\"query-input\":{\"@type\":\"PropertyValueSpecification\",\"valueRequired\":true,\"valueName\":\"search_term_string\"}}],\"inLanguage\":\"fr-FR\"}]}<\/script>\n<!-- \/ Yoast SEO plugin. -->","yoast_head_json":{"title":"Projets phares - Institut \/ Complexys","robots":{"index":"index","follow":"follow","max-snippet":"max-snippet:-1","max-image-preview":"max-image-preview:large","max-video-preview":"max-video-preview:-1"},"canonical":"https:\/\/web.umons.ac.be\/complexys\/fr\/projets-phare\/","og_locale":"fr_FR","og_type":"article","og_title":"Projets phares - Institut \/ Complexys","og_description":"L\u2019Institut d\u00e9veloppe ses activit\u00e9s essentiellement au travers de projets de recherche collaboratifs. Ces projets de recherches : Se basent sur l\u2019interdisciplinarit\u00e9 Privil\u00e9gient la recherche collaborative et le co-d\u00e9veloppement S\u2019articulent sur une logique partenariale avec tous les acteurs de la soci\u00e9t\u00e9 (industries, services, centres de recherche, collectivit\u00e9s territoriales, institutions gouvernementales, etc.) Tissent des partenariats \u00e0 l\u2019\u00e9chelle [&hellip;]","og_url":"https:\/\/web.umons.ac.be\/complexys\/fr\/projets-phare\/","og_site_name":"Institut \/ Complexys","article_modified_time":"2021-10-04T12:33:45+00:00","twitter_card":"summary_large_image","twitter_misc":{"Dur\u00e9e de lecture estim\u00e9e":"2 minutes"},"schema":{"@context":"https:\/\/schema.org","@graph":[{"@type":"WebPage","@id":"https:\/\/web.umons.ac.be\/complexys\/fr\/projets-phare\/","url":"https:\/\/web.umons.ac.be\/complexys\/fr\/projets-phare\/","name":"Projets phares - Institut \/ Complexys","isPartOf":{"@id":"https:\/\/web.umons.ac.be\/complexys\/#website"},"datePublished":"2017-07-17T12:56:58+00:00","dateModified":"2021-10-04T12:33:45+00:00","breadcrumb":{"@id":"https:\/\/web.umons.ac.be\/complexys\/fr\/projets-phare\/#breadcrumb"},"inLanguage":"fr-FR","potentialAction":[{"@type":"ReadAction","target":["https:\/\/web.umons.ac.be\/complexys\/fr\/projets-phare\/"]}]},{"@type":"BreadcrumbList","@id":"https:\/\/web.umons.ac.be\/complexys\/fr\/projets-phare\/#breadcrumb","itemListElement":[{"@type":"ListItem","position":1,"name":"Accueil","item":"https:\/\/web.umons.ac.be\/complexys\/fr\/"},{"@type":"ListItem","position":2,"name":"Projets phares"}]},{"@type":"WebSite","@id":"https:\/\/web.umons.ac.be\/complexys\/#website","url":"https:\/\/web.umons.ac.be\/complexys\/","name":"Institut \/ Complexys","description":"Un site utilisant Universit\u00e9 de Mons \u2013 UMONS","potentialAction":[{"@type":"SearchAction","target":{"@type":"EntryPoint","urlTemplate":"https:\/\/web.umons.ac.be\/complexys\/?s={search_term_string}"},"query-input":{"@type":"PropertyValueSpecification","valueRequired":true,"valueName":"search_term_string"}}],"inLanguage":"fr-FR"}]}},"lang":"fr","translations":{"fr":23,"en":117},"pll_sync_post":[],"_links":{"self":[{"href":"https:\/\/web.umons.ac.be\/complexys\/wp-json\/wp\/v2\/pages\/23","targetHints":{"allow":["GET"]}}],"collection":[{"href":"https:\/\/web.umons.ac.be\/complexys\/wp-json\/wp\/v2\/pages"}],"about":[{"href":"https:\/\/web.umons.ac.be\/complexys\/wp-json\/wp\/v2\/types\/page"}],"author":[{"embeddable":true,"href":"https:\/\/web.umons.ac.be\/complexys\/wp-json\/wp\/v2\/users\/2"}],"replies":[{"embeddable":true,"href":"https:\/\/web.umons.ac.be\/complexys\/wp-json\/wp\/v2\/comments?post=23"}],"version-history":[{"count":4,"href":"https:\/\/web.umons.ac.be\/complexys\/wp-json\/wp\/v2\/pages\/23\/revisions"}],"predecessor-version":[{"id":390,"href":"https:\/\/web.umons.ac.be\/complexys\/wp-json\/wp\/v2\/pages\/23\/revisions\/390"}],"wp:attachment":[{"href":"https:\/\/web.umons.ac.be\/complexys\/wp-json\/wp\/v2\/media?parent=23"}],"curies":[{"name":"wp","href":"https:\/\/api.w.org\/{rel}","templated":true}]}}