{"id":46,"date":"2017-07-17T15:08:59","date_gmt":"2017-07-17T13:08:59","guid":{"rendered":"https:\/\/web.umons.ac.be\/complexys\/?page_id=46"},"modified":"2019-03-27T11:55:25","modified_gmt":"2019-03-27T10:55:25","slug":"services-aux-collectivites","status":"publish","type":"page","link":"https:\/\/web.umons.ac.be\/complexys\/fr\/services-aux-collectivites\/","title":{"rendered":"Services aux collectivit\u00e9s"},"content":{"rendered":"<p>Les chercheurs de l\u2019Institut COMPLEXYS d\u00e9veloppent des outils logiciels open source sp\u00e9cialis\u00e9s dans le cadre de leurs travaux de recherche sur les syst\u00e8mes complexes, ou, en sous-traitance, pour r\u00e9pondre aux besoins sp\u00e9cifiques d\u2019industriels ou d\u2019autres organismes demandeurs de solutions logicielles adapt\u00e9es.<\/p>\n<p><img loading=\"lazy\" decoding=\"async\" class=\"alignright size-thumbnail wp-image-10\" src=\"https:\/\/web.umons.ac.be\/app\/uploads\/sites\/31\/2017\/07\/ZooImage-150x150.gif\" alt=\"\" width=\"150\" height=\"150\" srcset=\"https:\/\/web.umons.ac.be\/app\/uploads\/sites\/31\/2017\/07\/ZooImage-150x150.gif 150w, https:\/\/web.umons.ac.be\/app\/uploads\/sites\/31\/2017\/07\/ZooImage-80x80.gif 80w\" sizes=\"auto, (max-width: 150px) 100vw, 150px\" \/>Un exemple remarquable est le logiciel Zoo\/phytoimage \u00e9labor\u00e9 par le laboratoire d\u2019\u00e9cologie num\u00e9rique des milieux aquatiques et qui permet d\u2019analyser du plancton \u00e0 partir d\u2019images digitalis\u00e9es.<\/p>\n<p>&nbsp;<\/p>\n<p>Un autre exemple est le logiciel Sismic (<a href=\"https:\/\/sismic.readthedocs.io\">https:\/\/sismic.readthedocs.io<\/a>), une librairie open source d\u00e9velopp\u00e9e en Python par le service de g\u00e9nie logiciel. Sismic permet de simuler, ex\u00e9cuter et tester des mod\u00e8les comportementaux sous forme de statecharts. Cet outil et d\u00e9j\u00e0 utilis\u00e9 par plusieurs entreprises, et a donn\u00e9 lieu a une publication scientifique (<a href=\"https:\/\/link.springer.com\/article\/10.1007\/s10270-018-0676-3\">https:\/\/link.springer.com\/article\/10.1007\/s10270-018-0676-3<\/a>).<\/p>\n","protected":false},"excerpt":{"rendered":"<p>Les chercheurs de l\u2019Institut COMPLEXYS d\u00e9veloppent des outils logiciels open source sp\u00e9cialis\u00e9s dans le cadre de leurs travaux de recherche sur les syst\u00e8mes complexes, ou, en sous-traitance, pour r\u00e9pondre aux besoins sp\u00e9cifiques d\u2019industriels ou d\u2019autres organismes demandeurs de solutions logicielles adapt\u00e9es. Un exemple remarquable est le logiciel Zoo\/phytoimage \u00e9labor\u00e9 par le laboratoire d\u2019\u00e9cologie num\u00e9rique des [&hellip;]<\/p>\n","protected":false},"author":2,"featured_media":0,"parent":0,"menu_order":3,"comment_status":"closed","ping_status":"closed","template":"","meta":{"footnotes":""},"class_list":["post-46","page","type-page","status-publish","hentry"],"yoast_head":"<!-- This site is optimized with the Yoast SEO plugin v27.2 - https:\/\/yoast.com\/product\/yoast-seo-wordpress\/ -->\n<title>Services aux collectivit\u00e9s - Institut \/ Complexys<\/title>\n<meta name=\"robots\" content=\"index, follow, max-snippet:-1, max-image-preview:large, max-video-preview:-1\" \/>\n<link rel=\"canonical\" href=\"https:\/\/web.umons.ac.be\/complexys\/fr\/services-aux-collectivites\/\" \/>\n<meta property=\"og:locale\" content=\"fr_FR\" \/>\n<meta property=\"og:type\" content=\"article\" \/>\n<meta property=\"og:title\" content=\"Services aux collectivit\u00e9s - Institut \/ Complexys\" \/>\n<meta property=\"og:description\" content=\"Les chercheurs de l\u2019Institut COMPLEXYS d\u00e9veloppent des outils logiciels open source sp\u00e9cialis\u00e9s dans le cadre de leurs travaux de recherche sur les syst\u00e8mes complexes, ou, en sous-traitance, pour r\u00e9pondre aux besoins sp\u00e9cifiques d\u2019industriels ou d\u2019autres organismes demandeurs de solutions logicielles adapt\u00e9es. Un exemple remarquable est le logiciel Zoo\/phytoimage \u00e9labor\u00e9 par le laboratoire d\u2019\u00e9cologie num\u00e9rique des [&hellip;]\" \/>\n<meta property=\"og:url\" content=\"https:\/\/web.umons.ac.be\/complexys\/fr\/services-aux-collectivites\/\" \/>\n<meta property=\"og:site_name\" content=\"Institut \/ Complexys\" \/>\n<meta property=\"article:modified_time\" content=\"2019-03-27T10:55:25+00:00\" \/>\n<meta property=\"og:image\" content=\"https:\/\/web.umons.ac.be\/app\/uploads\/sites\/31\/2017\/07\/ZooImage-150x150.gif\" \/>\n<meta name=\"twitter:card\" content=\"summary_large_image\" \/>\n<meta name=\"twitter:label1\" content=\"Dur\u00e9e de lecture estim\u00e9e\" \/>\n\t<meta name=\"twitter:data1\" content=\"1 minute\" \/>\n<script type=\"application\/ld+json\" class=\"yoast-schema-graph\">{\"@context\":\"https:\/\/schema.org\",\"@graph\":[{\"@type\":\"WebPage\",\"@id\":\"https:\/\/web.umons.ac.be\/complexys\/fr\/services-aux-collectivites\/\",\"url\":\"https:\/\/web.umons.ac.be\/complexys\/fr\/services-aux-collectivites\/\",\"name\":\"Services aux collectivit\u00e9s - Institut \/ Complexys\",\"isPartOf\":{\"@id\":\"https:\/\/web.umons.ac.be\/complexys\/#website\"},\"primaryImageOfPage\":{\"@id\":\"https:\/\/web.umons.ac.be\/complexys\/fr\/services-aux-collectivites\/#primaryimage\"},\"image\":{\"@id\":\"https:\/\/web.umons.ac.be\/complexys\/fr\/services-aux-collectivites\/#primaryimage\"},\"thumbnailUrl\":\"https:\/\/web.umons.ac.be\/app\/uploads\/sites\/31\/2017\/07\/ZooImage-150x150.gif\",\"datePublished\":\"2017-07-17T13:08:59+00:00\",\"dateModified\":\"2019-03-27T10:55:25+00:00\",\"breadcrumb\":{\"@id\":\"https:\/\/web.umons.ac.be\/complexys\/fr\/services-aux-collectivites\/#breadcrumb\"},\"inLanguage\":\"fr-FR\",\"potentialAction\":[{\"@type\":\"ReadAction\",\"target\":[\"https:\/\/web.umons.ac.be\/complexys\/fr\/services-aux-collectivites\/\"]}]},{\"@type\":\"ImageObject\",\"inLanguage\":\"fr-FR\",\"@id\":\"https:\/\/web.umons.ac.be\/complexys\/fr\/services-aux-collectivites\/#primaryimage\",\"url\":\"https:\/\/web.umons.ac.be\/app\/uploads\/sites\/31\/2017\/07\/ZooImage-150x150.gif\",\"contentUrl\":\"https:\/\/web.umons.ac.be\/app\/uploads\/sites\/31\/2017\/07\/ZooImage-150x150.gif\"},{\"@type\":\"BreadcrumbList\",\"@id\":\"https:\/\/web.umons.ac.be\/complexys\/fr\/services-aux-collectivites\/#breadcrumb\",\"itemListElement\":[{\"@type\":\"ListItem\",\"position\":1,\"name\":\"Accueil\",\"item\":\"https:\/\/web.umons.ac.be\/complexys\/fr\/\"},{\"@type\":\"ListItem\",\"position\":2,\"name\":\"Services aux collectivit\u00e9s\"}]},{\"@type\":\"WebSite\",\"@id\":\"https:\/\/web.umons.ac.be\/complexys\/#website\",\"url\":\"https:\/\/web.umons.ac.be\/complexys\/\",\"name\":\"Institut \/ Complexys\",\"description\":\"Un site utilisant Universit\u00e9 de Mons \u2013 UMONS\",\"potentialAction\":[{\"@type\":\"SearchAction\",\"target\":{\"@type\":\"EntryPoint\",\"urlTemplate\":\"https:\/\/web.umons.ac.be\/complexys\/?s={search_term_string}\"},\"query-input\":{\"@type\":\"PropertyValueSpecification\",\"valueRequired\":true,\"valueName\":\"search_term_string\"}}],\"inLanguage\":\"fr-FR\"}]}<\/script>\n<!-- \/ Yoast SEO plugin. -->","yoast_head_json":{"title":"Services aux collectivit\u00e9s - Institut \/ Complexys","robots":{"index":"index","follow":"follow","max-snippet":"max-snippet:-1","max-image-preview":"max-image-preview:large","max-video-preview":"max-video-preview:-1"},"canonical":"https:\/\/web.umons.ac.be\/complexys\/fr\/services-aux-collectivites\/","og_locale":"fr_FR","og_type":"article","og_title":"Services aux collectivit\u00e9s - Institut \/ Complexys","og_description":"Les chercheurs de l\u2019Institut COMPLEXYS d\u00e9veloppent des outils logiciels open source sp\u00e9cialis\u00e9s dans le cadre de leurs travaux de recherche sur les syst\u00e8mes complexes, ou, en sous-traitance, pour r\u00e9pondre aux besoins sp\u00e9cifiques d\u2019industriels ou d\u2019autres organismes demandeurs de solutions logicielles adapt\u00e9es. Un exemple remarquable est le logiciel Zoo\/phytoimage \u00e9labor\u00e9 par le laboratoire d\u2019\u00e9cologie num\u00e9rique des [&hellip;]","og_url":"https:\/\/web.umons.ac.be\/complexys\/fr\/services-aux-collectivites\/","og_site_name":"Institut \/ Complexys","article_modified_time":"2019-03-27T10:55:25+00:00","og_image":[{"url":"https:\/\/web.umons.ac.be\/app\/uploads\/sites\/31\/2017\/07\/ZooImage-150x150.gif","type":"","width":"","height":""}],"twitter_card":"summary_large_image","twitter_misc":{"Dur\u00e9e de lecture estim\u00e9e":"1 minute"},"schema":{"@context":"https:\/\/schema.org","@graph":[{"@type":"WebPage","@id":"https:\/\/web.umons.ac.be\/complexys\/fr\/services-aux-collectivites\/","url":"https:\/\/web.umons.ac.be\/complexys\/fr\/services-aux-collectivites\/","name":"Services aux collectivit\u00e9s - Institut \/ Complexys","isPartOf":{"@id":"https:\/\/web.umons.ac.be\/complexys\/#website"},"primaryImageOfPage":{"@id":"https:\/\/web.umons.ac.be\/complexys\/fr\/services-aux-collectivites\/#primaryimage"},"image":{"@id":"https:\/\/web.umons.ac.be\/complexys\/fr\/services-aux-collectivites\/#primaryimage"},"thumbnailUrl":"https:\/\/web.umons.ac.be\/app\/uploads\/sites\/31\/2017\/07\/ZooImage-150x150.gif","datePublished":"2017-07-17T13:08:59+00:00","dateModified":"2019-03-27T10:55:25+00:00","breadcrumb":{"@id":"https:\/\/web.umons.ac.be\/complexys\/fr\/services-aux-collectivites\/#breadcrumb"},"inLanguage":"fr-FR","potentialAction":[{"@type":"ReadAction","target":["https:\/\/web.umons.ac.be\/complexys\/fr\/services-aux-collectivites\/"]}]},{"@type":"ImageObject","inLanguage":"fr-FR","@id":"https:\/\/web.umons.ac.be\/complexys\/fr\/services-aux-collectivites\/#primaryimage","url":"https:\/\/web.umons.ac.be\/app\/uploads\/sites\/31\/2017\/07\/ZooImage-150x150.gif","contentUrl":"https:\/\/web.umons.ac.be\/app\/uploads\/sites\/31\/2017\/07\/ZooImage-150x150.gif"},{"@type":"BreadcrumbList","@id":"https:\/\/web.umons.ac.be\/complexys\/fr\/services-aux-collectivites\/#breadcrumb","itemListElement":[{"@type":"ListItem","position":1,"name":"Accueil","item":"https:\/\/web.umons.ac.be\/complexys\/fr\/"},{"@type":"ListItem","position":2,"name":"Services aux collectivit\u00e9s"}]},{"@type":"WebSite","@id":"https:\/\/web.umons.ac.be\/complexys\/#website","url":"https:\/\/web.umons.ac.be\/complexys\/","name":"Institut \/ Complexys","description":"Un site utilisant Universit\u00e9 de Mons \u2013 UMONS","potentialAction":[{"@type":"SearchAction","target":{"@type":"EntryPoint","urlTemplate":"https:\/\/web.umons.ac.be\/complexys\/?s={search_term_string}"},"query-input":{"@type":"PropertyValueSpecification","valueRequired":true,"valueName":"search_term_string"}}],"inLanguage":"fr-FR"}]}},"lang":"fr","translations":{"fr":46,"en":127},"pll_sync_post":[],"_links":{"self":[{"href":"https:\/\/web.umons.ac.be\/complexys\/wp-json\/wp\/v2\/pages\/46","targetHints":{"allow":["GET"]}}],"collection":[{"href":"https:\/\/web.umons.ac.be\/complexys\/wp-json\/wp\/v2\/pages"}],"about":[{"href":"https:\/\/web.umons.ac.be\/complexys\/wp-json\/wp\/v2\/types\/page"}],"author":[{"embeddable":true,"href":"https:\/\/web.umons.ac.be\/complexys\/wp-json\/wp\/v2\/users\/2"}],"replies":[{"embeddable":true,"href":"https:\/\/web.umons.ac.be\/complexys\/wp-json\/wp\/v2\/comments?post=46"}],"version-history":[{"count":2,"href":"https:\/\/web.umons.ac.be\/complexys\/wp-json\/wp\/v2\/pages\/46\/revisions"}],"predecessor-version":[{"id":241,"href":"https:\/\/web.umons.ac.be\/complexys\/wp-json\/wp\/v2\/pages\/46\/revisions\/241"}],"wp:attachment":[{"href":"https:\/\/web.umons.ac.be\/complexys\/wp-json\/wp\/v2\/media?parent=46"}],"curies":[{"name":"wp","href":"https:\/\/api.w.org\/{rel}","templated":true}]}}