{"id":49,"date":"2017-07-17T15:10:28","date_gmt":"2017-07-17T13:10:28","guid":{"rendered":"https:\/\/web.umons.ac.be\/complexys\/?page_id=49"},"modified":"2018-01-15T01:36:09","modified_gmt":"2018-01-15T00:36:09","slug":"equipements-remarquables","status":"publish","type":"page","link":"https:\/\/web.umons.ac.be\/complexys\/fr\/equipements-remarquables\/","title":{"rendered":"Equipements remarquables"},"content":{"rendered":"<ul>\n<li><img loading=\"lazy\" decoding=\"async\" class=\"alignright wp-image-8 size-thumbnail\" src=\"https:\/\/web.umons.ac.be\/app\/uploads\/sites\/31\/2017\/07\/P4182262-2-150x150.jpg\" alt=\"\" width=\"150\" height=\"150\" srcset=\"https:\/\/web.umons.ac.be\/app\/uploads\/sites\/31\/2017\/07\/P4182262-2-150x150.jpg 150w, https:\/\/web.umons.ac.be\/app\/uploads\/sites\/31\/2017\/07\/P4182262-2-80x80.jpg 80w, https:\/\/web.umons.ac.be\/app\/uploads\/sites\/31\/2017\/07\/P4182262-2-400x400.jpg 400w, https:\/\/web.umons.ac.be\/app\/uploads\/sites\/31\/2017\/07\/P4182262-2-200x200.jpg 200w\" sizes=\"auto, (max-width: 150px) 100vw, 150px\" \/><strong>M\u00e9socosmes r\u00e9cifaux artificiels<\/strong> : Etude des effets des grands changements climatiques sur les coraux tropicaux en \u00e9cosyst\u00e8mes artificiels simul\u00e9s.<\/li>\n<li><strong style=\"font-size: 14px;\">Carbochemostats : bior\u00e9acteurs<\/strong><span style=\"font-size: 14px;\"> de recherche permettant une mesure pr\u00e9cise des flux C, O, N et P entre le syst\u00e8me biologique \u00e9tudi\u00e9 et son milieu environnant (concept original et brevet\u00e9 n\u00b0 U.K. WO 2013\/010764 A1)<\/span><\/li>\n<\/ul>\n","protected":false},"excerpt":{"rendered":"<p>M\u00e9socosmes r\u00e9cifaux artificiels : Etude des effets des grands changements climatiques sur les coraux tropicaux en \u00e9cosyst\u00e8mes artificiels simul\u00e9s. Carbochemostats : bior\u00e9acteurs de recherche permettant une mesure pr\u00e9cise des flux C, O, N et P entre le syst\u00e8me biologique \u00e9tudi\u00e9 et son milieu environnant (concept original et brevet\u00e9 n\u00b0 U.K. WO 2013\/010764 A1)<\/p>\n","protected":false},"author":2,"featured_media":0,"parent":0,"menu_order":4,"comment_status":"closed","ping_status":"closed","template":"","meta":{"footnotes":""},"class_list":["post-49","page","type-page","status-publish","hentry"],"yoast_head":"<!-- This site is optimized with the Yoast SEO plugin v27.2 - https:\/\/yoast.com\/product\/yoast-seo-wordpress\/ -->\n<title>Equipements remarquables - Institut \/ Complexys<\/title>\n<meta name=\"robots\" content=\"index, follow, max-snippet:-1, max-image-preview:large, max-video-preview:-1\" \/>\n<link rel=\"canonical\" href=\"https:\/\/web.umons.ac.be\/complexys\/fr\/equipements-remarquables\/\" \/>\n<meta property=\"og:locale\" content=\"fr_FR\" \/>\n<meta property=\"og:type\" content=\"article\" \/>\n<meta property=\"og:title\" content=\"Equipements remarquables - Institut \/ Complexys\" \/>\n<meta property=\"og:description\" content=\"M\u00e9socosmes r\u00e9cifaux artificiels : Etude des effets des grands changements climatiques sur les coraux tropicaux en \u00e9cosyst\u00e8mes artificiels simul\u00e9s. Carbochemostats : bior\u00e9acteurs de recherche permettant une mesure pr\u00e9cise des flux C, O, N et P entre le syst\u00e8me biologique \u00e9tudi\u00e9 et son milieu environnant (concept original et brevet\u00e9 n\u00b0 U.K. WO 2013\/010764 A1)\" \/>\n<meta property=\"og:url\" content=\"https:\/\/web.umons.ac.be\/complexys\/fr\/equipements-remarquables\/\" \/>\n<meta property=\"og:site_name\" content=\"Institut \/ Complexys\" \/>\n<meta property=\"article:modified_time\" content=\"2018-01-15T00:36:09+00:00\" \/>\n<meta property=\"og:image\" content=\"https:\/\/web.umons.ac.be\/app\/uploads\/sites\/31\/2017\/07\/P4182262-2-150x150.jpg\" \/>\n<meta name=\"twitter:card\" content=\"summary_large_image\" \/>\n<script type=\"application\/ld+json\" class=\"yoast-schema-graph\">{\"@context\":\"https:\/\/schema.org\",\"@graph\":[{\"@type\":\"WebPage\",\"@id\":\"https:\/\/web.umons.ac.be\/complexys\/fr\/equipements-remarquables\/\",\"url\":\"https:\/\/web.umons.ac.be\/complexys\/fr\/equipements-remarquables\/\",\"name\":\"Equipements remarquables - Institut \/ Complexys\",\"isPartOf\":{\"@id\":\"https:\/\/web.umons.ac.be\/complexys\/#website\"},\"primaryImageOfPage\":{\"@id\":\"https:\/\/web.umons.ac.be\/complexys\/fr\/equipements-remarquables\/#primaryimage\"},\"image\":{\"@id\":\"https:\/\/web.umons.ac.be\/complexys\/fr\/equipements-remarquables\/#primaryimage\"},\"thumbnailUrl\":\"https:\/\/web.umons.ac.be\/app\/uploads\/sites\/31\/2017\/07\/P4182262-2-150x150.jpg\",\"datePublished\":\"2017-07-17T13:10:28+00:00\",\"dateModified\":\"2018-01-15T00:36:09+00:00\",\"breadcrumb\":{\"@id\":\"https:\/\/web.umons.ac.be\/complexys\/fr\/equipements-remarquables\/#breadcrumb\"},\"inLanguage\":\"fr-FR\",\"potentialAction\":[{\"@type\":\"ReadAction\",\"target\":[\"https:\/\/web.umons.ac.be\/complexys\/fr\/equipements-remarquables\/\"]}]},{\"@type\":\"ImageObject\",\"inLanguage\":\"fr-FR\",\"@id\":\"https:\/\/web.umons.ac.be\/complexys\/fr\/equipements-remarquables\/#primaryimage\",\"url\":\"https:\/\/web.umons.ac.be\/app\/uploads\/sites\/31\/2017\/07\/P4182262-2-150x150.jpg\",\"contentUrl\":\"https:\/\/web.umons.ac.be\/app\/uploads\/sites\/31\/2017\/07\/P4182262-2-150x150.jpg\"},{\"@type\":\"BreadcrumbList\",\"@id\":\"https:\/\/web.umons.ac.be\/complexys\/fr\/equipements-remarquables\/#breadcrumb\",\"itemListElement\":[{\"@type\":\"ListItem\",\"position\":1,\"name\":\"Accueil\",\"item\":\"https:\/\/web.umons.ac.be\/complexys\/fr\/\"},{\"@type\":\"ListItem\",\"position\":2,\"name\":\"Equipements remarquables\"}]},{\"@type\":\"WebSite\",\"@id\":\"https:\/\/web.umons.ac.be\/complexys\/#website\",\"url\":\"https:\/\/web.umons.ac.be\/complexys\/\",\"name\":\"Institut \/ Complexys\",\"description\":\"Un site utilisant Universit\u00e9 de Mons \u2013 UMONS\",\"potentialAction\":[{\"@type\":\"SearchAction\",\"target\":{\"@type\":\"EntryPoint\",\"urlTemplate\":\"https:\/\/web.umons.ac.be\/complexys\/?s={search_term_string}\"},\"query-input\":{\"@type\":\"PropertyValueSpecification\",\"valueRequired\":true,\"valueName\":\"search_term_string\"}}],\"inLanguage\":\"fr-FR\"}]}<\/script>\n<!-- \/ Yoast SEO plugin. -->","yoast_head_json":{"title":"Equipements remarquables - Institut \/ Complexys","robots":{"index":"index","follow":"follow","max-snippet":"max-snippet:-1","max-image-preview":"max-image-preview:large","max-video-preview":"max-video-preview:-1"},"canonical":"https:\/\/web.umons.ac.be\/complexys\/fr\/equipements-remarquables\/","og_locale":"fr_FR","og_type":"article","og_title":"Equipements remarquables - Institut \/ Complexys","og_description":"M\u00e9socosmes r\u00e9cifaux artificiels : Etude des effets des grands changements climatiques sur les coraux tropicaux en \u00e9cosyst\u00e8mes artificiels simul\u00e9s. Carbochemostats : bior\u00e9acteurs de recherche permettant une mesure pr\u00e9cise des flux C, O, N et P entre le syst\u00e8me biologique \u00e9tudi\u00e9 et son milieu environnant (concept original et brevet\u00e9 n\u00b0 U.K. WO 2013\/010764 A1)","og_url":"https:\/\/web.umons.ac.be\/complexys\/fr\/equipements-remarquables\/","og_site_name":"Institut \/ Complexys","article_modified_time":"2018-01-15T00:36:09+00:00","og_image":[{"url":"https:\/\/web.umons.ac.be\/app\/uploads\/sites\/31\/2017\/07\/P4182262-2-150x150.jpg","type":"","width":"","height":""}],"twitter_card":"summary_large_image","schema":{"@context":"https:\/\/schema.org","@graph":[{"@type":"WebPage","@id":"https:\/\/web.umons.ac.be\/complexys\/fr\/equipements-remarquables\/","url":"https:\/\/web.umons.ac.be\/complexys\/fr\/equipements-remarquables\/","name":"Equipements remarquables - Institut \/ Complexys","isPartOf":{"@id":"https:\/\/web.umons.ac.be\/complexys\/#website"},"primaryImageOfPage":{"@id":"https:\/\/web.umons.ac.be\/complexys\/fr\/equipements-remarquables\/#primaryimage"},"image":{"@id":"https:\/\/web.umons.ac.be\/complexys\/fr\/equipements-remarquables\/#primaryimage"},"thumbnailUrl":"https:\/\/web.umons.ac.be\/app\/uploads\/sites\/31\/2017\/07\/P4182262-2-150x150.jpg","datePublished":"2017-07-17T13:10:28+00:00","dateModified":"2018-01-15T00:36:09+00:00","breadcrumb":{"@id":"https:\/\/web.umons.ac.be\/complexys\/fr\/equipements-remarquables\/#breadcrumb"},"inLanguage":"fr-FR","potentialAction":[{"@type":"ReadAction","target":["https:\/\/web.umons.ac.be\/complexys\/fr\/equipements-remarquables\/"]}]},{"@type":"ImageObject","inLanguage":"fr-FR","@id":"https:\/\/web.umons.ac.be\/complexys\/fr\/equipements-remarquables\/#primaryimage","url":"https:\/\/web.umons.ac.be\/app\/uploads\/sites\/31\/2017\/07\/P4182262-2-150x150.jpg","contentUrl":"https:\/\/web.umons.ac.be\/app\/uploads\/sites\/31\/2017\/07\/P4182262-2-150x150.jpg"},{"@type":"BreadcrumbList","@id":"https:\/\/web.umons.ac.be\/complexys\/fr\/equipements-remarquables\/#breadcrumb","itemListElement":[{"@type":"ListItem","position":1,"name":"Accueil","item":"https:\/\/web.umons.ac.be\/complexys\/fr\/"},{"@type":"ListItem","position":2,"name":"Equipements remarquables"}]},{"@type":"WebSite","@id":"https:\/\/web.umons.ac.be\/complexys\/#website","url":"https:\/\/web.umons.ac.be\/complexys\/","name":"Institut \/ Complexys","description":"Un site utilisant Universit\u00e9 de Mons \u2013 UMONS","potentialAction":[{"@type":"SearchAction","target":{"@type":"EntryPoint","urlTemplate":"https:\/\/web.umons.ac.be\/complexys\/?s={search_term_string}"},"query-input":{"@type":"PropertyValueSpecification","valueRequired":true,"valueName":"search_term_string"}}],"inLanguage":"fr-FR"}]}},"lang":"fr","translations":{"fr":49,"en":132},"pll_sync_post":[],"_links":{"self":[{"href":"https:\/\/web.umons.ac.be\/complexys\/wp-json\/wp\/v2\/pages\/49","targetHints":{"allow":["GET"]}}],"collection":[{"href":"https:\/\/web.umons.ac.be\/complexys\/wp-json\/wp\/v2\/pages"}],"about":[{"href":"https:\/\/web.umons.ac.be\/complexys\/wp-json\/wp\/v2\/types\/page"}],"author":[{"embeddable":true,"href":"https:\/\/web.umons.ac.be\/complexys\/wp-json\/wp\/v2\/users\/2"}],"replies":[{"embeddable":true,"href":"https:\/\/web.umons.ac.be\/complexys\/wp-json\/wp\/v2\/comments?post=49"}],"version-history":[{"count":1,"href":"https:\/\/web.umons.ac.be\/complexys\/wp-json\/wp\/v2\/pages\/49\/revisions"}],"predecessor-version":[{"id":131,"href":"https:\/\/web.umons.ac.be\/complexys\/wp-json\/wp\/v2\/pages\/49\/revisions\/131"}],"wp:attachment":[{"href":"https:\/\/web.umons.ac.be\/complexys\/wp-json\/wp\/v2\/media?parent=49"}],"curies":[{"name":"wp","href":"https:\/\/api.w.org\/{rel}","templated":true}]}}