{"id":59,"date":"2017-07-17T15:21:35","date_gmt":"2017-07-17T13:21:35","guid":{"rendered":"https:\/\/web.umons.ac.be\/complexys\/?page_id=59"},"modified":"2023-10-24T10:35:04","modified_gmt":"2023-10-24T08:35:04","slug":"centres-de-recherche-associes","status":"publish","type":"page","link":"https:\/\/web.umons.ac.be\/complexys\/fr\/centres-de-recherche-associes\/","title":{"rendered":"Centres de recherche associ\u00e9s"},"content":{"rendered":"<h5><span class=\"ms-rteCustom-TexteRouge\">CReMMI &#8211; Centre de Recherche en Mod\u00e9lisation Math\u00e9matique et Informatique<\/span><\/h5>\n<p>Le CReMMI r\u00e9unit 5 services de math\u00e9matiques et 5 services d\u2019informatique impliqu\u00e9s dans le d\u00e9veloppement de mod\u00e8les formels et d\u2019applications logicielles pour la mod\u00e9lisation de syst\u00e8mes math\u00e9matiques, informatiques, physiques, biologiques,<br \/>\n\u00e9conomiques et sociaux.<\/p>\n<h5>Centre AGIF &#8211; Alg\u00e8bre, G\u00e9om\u00e9trie et Interactions Fondamentales<\/h5>\n<p><img loading=\"lazy\" decoding=\"async\" class=\"alignright wp-image-62 size-medium\" src=\"https:\/\/web.umons.ac.be\/app\/uploads\/sites\/31\/2017\/07\/Logo_AGIF1-300x166.jpg\" alt=\"\" width=\"300\" height=\"166\" srcset=\"https:\/\/web.umons.ac.be\/app\/uploads\/sites\/31\/2017\/07\/Logo_AGIF1.jpg 300w, https:\/\/web.umons.ac.be\/app\/uploads\/sites\/31\/2017\/07\/Logo_AGIF1-30x17.jpg 30w, https:\/\/web.umons.ac.be\/app\/uploads\/sites\/31\/2017\/07\/Logo_AGIF1-60x33.jpg 60w\" sizes=\"auto, (max-width: 300px) 100vw, 300px\" \/><\/p>\n<p>Les interactions fondamentales sont \u00e0 l\u2019origine de tous les ph\u00e9nom\u00e8nes physiques observ\u00e9s. La mod\u00e9lisation de ces interactions a induit d\u2019importants d\u00e9veloppements en analyse, alg\u00e8bre et g\u00e9om\u00e9trie. Le Centre AGIF compte huit groupes dont les recherches rel\u00e8vent de la physique th\u00e9orique, la physique exp\u00e9rimentale et les math\u00e9matiques.<\/p>\n<p><strong>Pour plus d\u2019informations:<\/strong><br \/>\n<a href=\"https:\/\/agif.umons.ac.be\/\">https:\/\/agif.umons.ac.be\/<\/a><\/p>\n<p>&nbsp;<\/p>\n","protected":false},"excerpt":{"rendered":"<p>CReMMI &#8211; Centre de Recherche en Mod\u00e9lisation Math\u00e9matique et Informatique Le CReMMI r\u00e9unit 5 services de math\u00e9matiques et 5 services d\u2019informatique impliqu\u00e9s dans le d\u00e9veloppement de mod\u00e8les formels et d\u2019applications logicielles pour la mod\u00e9lisation de syst\u00e8mes math\u00e9matiques, informatiques, physiques, biologiques, \u00e9conomiques et sociaux. Centre AGIF &#8211; Alg\u00e8bre, G\u00e9om\u00e9trie et Interactions Fondamentales Les interactions fondamentales sont [&hellip;]<\/p>\n","protected":false},"author":2,"featured_media":0,"parent":0,"menu_order":5,"comment_status":"closed","ping_status":"closed","template":"","meta":{"footnotes":""},"class_list":["post-59","page","type-page","status-publish","hentry"],"yoast_head":"<!-- This site is optimized with the Yoast SEO plugin v27.2 - https:\/\/yoast.com\/product\/yoast-seo-wordpress\/ -->\n<title>Centres de recherche associ\u00e9s - Institut \/ Complexys<\/title>\n<meta name=\"robots\" content=\"index, follow, max-snippet:-1, max-image-preview:large, max-video-preview:-1\" \/>\n<link rel=\"canonical\" href=\"https:\/\/web.umons.ac.be\/complexys\/fr\/centres-de-recherche-associes\/\" \/>\n<meta property=\"og:locale\" content=\"fr_FR\" \/>\n<meta property=\"og:type\" content=\"article\" \/>\n<meta property=\"og:title\" content=\"Centres de recherche associ\u00e9s - Institut \/ Complexys\" \/>\n<meta property=\"og:description\" content=\"CReMMI &#8211; Centre de Recherche en Mod\u00e9lisation Math\u00e9matique et Informatique Le CReMMI r\u00e9unit 5 services de math\u00e9matiques et 5 services d\u2019informatique impliqu\u00e9s dans le d\u00e9veloppement de mod\u00e8les formels et d\u2019applications logicielles pour la mod\u00e9lisation de syst\u00e8mes math\u00e9matiques, informatiques, physiques, biologiques, \u00e9conomiques et sociaux. Centre AGIF &#8211; Alg\u00e8bre, G\u00e9om\u00e9trie et Interactions Fondamentales Les interactions fondamentales sont [&hellip;]\" \/>\n<meta property=\"og:url\" content=\"https:\/\/web.umons.ac.be\/complexys\/fr\/centres-de-recherche-associes\/\" \/>\n<meta property=\"og:site_name\" content=\"Institut \/ Complexys\" \/>\n<meta property=\"article:modified_time\" content=\"2023-10-24T08:35:04+00:00\" \/>\n<meta property=\"og:image\" content=\"https:\/\/web.umons.ac.be\/app\/uploads\/sites\/31\/2017\/07\/Logo_AGIF1-300x166.jpg\" \/>\n<meta name=\"twitter:card\" content=\"summary_large_image\" \/>\n<meta name=\"twitter:label1\" content=\"Dur\u00e9e de lecture estim\u00e9e\" \/>\n\t<meta name=\"twitter:data1\" content=\"1 minute\" \/>\n<script type=\"application\/ld+json\" class=\"yoast-schema-graph\">{\"@context\":\"https:\/\/schema.org\",\"@graph\":[{\"@type\":\"WebPage\",\"@id\":\"https:\/\/web.umons.ac.be\/complexys\/fr\/centres-de-recherche-associes\/\",\"url\":\"https:\/\/web.umons.ac.be\/complexys\/fr\/centres-de-recherche-associes\/\",\"name\":\"Centres de recherche associ\u00e9s - Institut \/ Complexys\",\"isPartOf\":{\"@id\":\"https:\/\/web.umons.ac.be\/complexys\/#website\"},\"primaryImageOfPage\":{\"@id\":\"https:\/\/web.umons.ac.be\/complexys\/fr\/centres-de-recherche-associes\/#primaryimage\"},\"image\":{\"@id\":\"https:\/\/web.umons.ac.be\/complexys\/fr\/centres-de-recherche-associes\/#primaryimage\"},\"thumbnailUrl\":\"https:\/\/web.umons.ac.be\/app\/uploads\/sites\/31\/2017\/07\/Logo_AGIF1-300x166.jpg\",\"datePublished\":\"2017-07-17T13:21:35+00:00\",\"dateModified\":\"2023-10-24T08:35:04+00:00\",\"breadcrumb\":{\"@id\":\"https:\/\/web.umons.ac.be\/complexys\/fr\/centres-de-recherche-associes\/#breadcrumb\"},\"inLanguage\":\"fr-FR\",\"potentialAction\":[{\"@type\":\"ReadAction\",\"target\":[\"https:\/\/web.umons.ac.be\/complexys\/fr\/centres-de-recherche-associes\/\"]}]},{\"@type\":\"ImageObject\",\"inLanguage\":\"fr-FR\",\"@id\":\"https:\/\/web.umons.ac.be\/complexys\/fr\/centres-de-recherche-associes\/#primaryimage\",\"url\":\"https:\/\/web.umons.ac.be\/app\/uploads\/sites\/31\/2017\/07\/Logo_AGIF1-300x166.jpg\",\"contentUrl\":\"https:\/\/web.umons.ac.be\/app\/uploads\/sites\/31\/2017\/07\/Logo_AGIF1-300x166.jpg\"},{\"@type\":\"BreadcrumbList\",\"@id\":\"https:\/\/web.umons.ac.be\/complexys\/fr\/centres-de-recherche-associes\/#breadcrumb\",\"itemListElement\":[{\"@type\":\"ListItem\",\"position\":1,\"name\":\"Accueil\",\"item\":\"https:\/\/web.umons.ac.be\/complexys\/fr\/\"},{\"@type\":\"ListItem\",\"position\":2,\"name\":\"Centres de recherche associ\u00e9s\"}]},{\"@type\":\"WebSite\",\"@id\":\"https:\/\/web.umons.ac.be\/complexys\/#website\",\"url\":\"https:\/\/web.umons.ac.be\/complexys\/\",\"name\":\"Institut \/ Complexys\",\"description\":\"Un site utilisant Universit\u00e9 de Mons \u2013 UMONS\",\"potentialAction\":[{\"@type\":\"SearchAction\",\"target\":{\"@type\":\"EntryPoint\",\"urlTemplate\":\"https:\/\/web.umons.ac.be\/complexys\/?s={search_term_string}\"},\"query-input\":{\"@type\":\"PropertyValueSpecification\",\"valueRequired\":true,\"valueName\":\"search_term_string\"}}],\"inLanguage\":\"fr-FR\"}]}<\/script>\n<!-- \/ Yoast SEO plugin. -->","yoast_head_json":{"title":"Centres de recherche associ\u00e9s - Institut \/ Complexys","robots":{"index":"index","follow":"follow","max-snippet":"max-snippet:-1","max-image-preview":"max-image-preview:large","max-video-preview":"max-video-preview:-1"},"canonical":"https:\/\/web.umons.ac.be\/complexys\/fr\/centres-de-recherche-associes\/","og_locale":"fr_FR","og_type":"article","og_title":"Centres de recherche associ\u00e9s - Institut \/ Complexys","og_description":"CReMMI &#8211; Centre de Recherche en Mod\u00e9lisation Math\u00e9matique et Informatique Le CReMMI r\u00e9unit 5 services de math\u00e9matiques et 5 services d\u2019informatique impliqu\u00e9s dans le d\u00e9veloppement de mod\u00e8les formels et d\u2019applications logicielles pour la mod\u00e9lisation de syst\u00e8mes math\u00e9matiques, informatiques, physiques, biologiques, \u00e9conomiques et sociaux. Centre AGIF &#8211; Alg\u00e8bre, G\u00e9om\u00e9trie et Interactions Fondamentales Les interactions fondamentales sont [&hellip;]","og_url":"https:\/\/web.umons.ac.be\/complexys\/fr\/centres-de-recherche-associes\/","og_site_name":"Institut \/ Complexys","article_modified_time":"2023-10-24T08:35:04+00:00","og_image":[{"url":"https:\/\/web.umons.ac.be\/app\/uploads\/sites\/31\/2017\/07\/Logo_AGIF1-300x166.jpg","type":"","width":"","height":""}],"twitter_card":"summary_large_image","twitter_misc":{"Dur\u00e9e de lecture estim\u00e9e":"1 minute"},"schema":{"@context":"https:\/\/schema.org","@graph":[{"@type":"WebPage","@id":"https:\/\/web.umons.ac.be\/complexys\/fr\/centres-de-recherche-associes\/","url":"https:\/\/web.umons.ac.be\/complexys\/fr\/centres-de-recherche-associes\/","name":"Centres de recherche associ\u00e9s - Institut \/ Complexys","isPartOf":{"@id":"https:\/\/web.umons.ac.be\/complexys\/#website"},"primaryImageOfPage":{"@id":"https:\/\/web.umons.ac.be\/complexys\/fr\/centres-de-recherche-associes\/#primaryimage"},"image":{"@id":"https:\/\/web.umons.ac.be\/complexys\/fr\/centres-de-recherche-associes\/#primaryimage"},"thumbnailUrl":"https:\/\/web.umons.ac.be\/app\/uploads\/sites\/31\/2017\/07\/Logo_AGIF1-300x166.jpg","datePublished":"2017-07-17T13:21:35+00:00","dateModified":"2023-10-24T08:35:04+00:00","breadcrumb":{"@id":"https:\/\/web.umons.ac.be\/complexys\/fr\/centres-de-recherche-associes\/#breadcrumb"},"inLanguage":"fr-FR","potentialAction":[{"@type":"ReadAction","target":["https:\/\/web.umons.ac.be\/complexys\/fr\/centres-de-recherche-associes\/"]}]},{"@type":"ImageObject","inLanguage":"fr-FR","@id":"https:\/\/web.umons.ac.be\/complexys\/fr\/centres-de-recherche-associes\/#primaryimage","url":"https:\/\/web.umons.ac.be\/app\/uploads\/sites\/31\/2017\/07\/Logo_AGIF1-300x166.jpg","contentUrl":"https:\/\/web.umons.ac.be\/app\/uploads\/sites\/31\/2017\/07\/Logo_AGIF1-300x166.jpg"},{"@type":"BreadcrumbList","@id":"https:\/\/web.umons.ac.be\/complexys\/fr\/centres-de-recherche-associes\/#breadcrumb","itemListElement":[{"@type":"ListItem","position":1,"name":"Accueil","item":"https:\/\/web.umons.ac.be\/complexys\/fr\/"},{"@type":"ListItem","position":2,"name":"Centres de recherche associ\u00e9s"}]},{"@type":"WebSite","@id":"https:\/\/web.umons.ac.be\/complexys\/#website","url":"https:\/\/web.umons.ac.be\/complexys\/","name":"Institut \/ Complexys","description":"Un site utilisant Universit\u00e9 de Mons \u2013 UMONS","potentialAction":[{"@type":"SearchAction","target":{"@type":"EntryPoint","urlTemplate":"https:\/\/web.umons.ac.be\/complexys\/?s={search_term_string}"},"query-input":{"@type":"PropertyValueSpecification","valueRequired":true,"valueName":"search_term_string"}}],"inLanguage":"fr-FR"}]}},"lang":"fr","translations":{"fr":59,"en":154},"pll_sync_post":[],"_links":{"self":[{"href":"https:\/\/web.umons.ac.be\/complexys\/wp-json\/wp\/v2\/pages\/59","targetHints":{"allow":["GET"]}}],"collection":[{"href":"https:\/\/web.umons.ac.be\/complexys\/wp-json\/wp\/v2\/pages"}],"about":[{"href":"https:\/\/web.umons.ac.be\/complexys\/wp-json\/wp\/v2\/types\/page"}],"author":[{"embeddable":true,"href":"https:\/\/web.umons.ac.be\/complexys\/wp-json\/wp\/v2\/users\/2"}],"replies":[{"embeddable":true,"href":"https:\/\/web.umons.ac.be\/complexys\/wp-json\/wp\/v2\/comments?post=59"}],"version-history":[{"count":2,"href":"https:\/\/web.umons.ac.be\/complexys\/wp-json\/wp\/v2\/pages\/59\/revisions"}],"predecessor-version":[{"id":490,"href":"https:\/\/web.umons.ac.be\/complexys\/wp-json\/wp\/v2\/pages\/59\/revisions\/490"}],"wp:attachment":[{"href":"https:\/\/web.umons.ac.be\/complexys\/wp-json\/wp\/v2\/media?parent=59"}],"curies":[{"name":"wp","href":"https:\/\/api.w.org\/{rel}","templated":true}]}}