{"id":13,"date":"2021-11-29T09:28:27","date_gmt":"2021-11-29T08:28:27","guid":{"rendered":"https:\/\/web.umons.ac.be\/ca\/teaching-activities\/"},"modified":"2026-03-10T16:28:38","modified_gmt":"2026-03-10T15:28:38","slug":"teaching-activities","status":"publish","type":"page","link":"https:\/\/web.umons.ac.be\/cpmm\/en\/teaching-activities\/","title":{"rendered":"Teaching activities"},"content":{"rendered":"<p>The CPMM Department brings together courses that connect architectural design, communication, and mediation in the field of architecture.<\/p>\n<p>Its mission is to train students in design, critical understanding, and the dissemination of architectural culture.<\/p>\n<p>Areas of focus include:<\/p>\n<ul>\n<li>Architectural and urban design studios<\/li>\n<li>Theory of architecture and heritage<\/li>\n<li>History of architectural concepts<\/li>\n<li>Contemporary architectural culture and current trends<\/li>\n<li>Analysis and design support tools<\/li>\n<li>Graphic representation and communication techniques<\/li>\n<li>Internship coordination<\/li>\n<\/ul>\n<p>This department plays a key role in fostering creativity, critical thinking, and the technical skills essential for architectural practice.<\/p>\n","protected":false},"excerpt":{"rendered":"<p>The CPMM Department brings together courses that connect architectural design, communication, and mediation in the field of architecture. Its mission is to train students in design, critical understanding, and the dissemination of architectural culture. Areas of focus include: Architectural and urban design studios Theory of architecture and heritage History of architectural concepts Contemporary architectural culture [&hellip;]<\/p>\n","protected":false},"author":4,"featured_media":0,"parent":0,"menu_order":0,"comment_status":"closed","ping_status":"closed","template":"","meta":{"footnotes":""},"class_list":["post-13","page","type-page","status-publish","hentry"],"yoast_head":"<!-- This site is optimized with the Yoast SEO plugin v27.2 - https:\/\/yoast.com\/product\/yoast-seo-wordpress\/ -->\n<title>Teaching activities - Service \/ FAU - Conception, P\u00e9dagogie, M\u00e9dium, M\u00e9diation<\/title>\n<meta name=\"robots\" content=\"index, follow, max-snippet:-1, max-image-preview:large, max-video-preview:-1\" \/>\n<link rel=\"canonical\" href=\"https:\/\/web.umons.ac.be\/cpmm\/en\/teaching-activities\/\" \/>\n<meta property=\"og:locale\" content=\"fr_FR\" \/>\n<meta property=\"og:type\" content=\"article\" \/>\n<meta property=\"og:title\" content=\"Teaching activities - Service \/ FAU - Conception, P\u00e9dagogie, M\u00e9dium, M\u00e9diation\" \/>\n<meta property=\"og:description\" content=\"The CPMM Department brings together courses that connect architectural design, communication, and mediation in the field of architecture. Its mission is to train students in design, critical understanding, and the dissemination of architectural culture. Areas of focus include: Architectural and urban design studios Theory of architecture and heritage History of architectural concepts Contemporary architectural culture [&hellip;]\" \/>\n<meta property=\"og:url\" content=\"https:\/\/web.umons.ac.be\/cpmm\/en\/teaching-activities\/\" \/>\n<meta property=\"og:site_name\" content=\"Service \/ FAU - Conception, P\u00e9dagogie, M\u00e9dium, M\u00e9diation\" \/>\n<meta property=\"article:modified_time\" content=\"2026-03-10T15:28:38+00:00\" \/>\n<meta name=\"twitter:card\" content=\"summary_large_image\" \/>\n<meta name=\"twitter:label1\" content=\"Dur\u00e9e de lecture estim\u00e9e\" \/>\n\t<meta name=\"twitter:data1\" content=\"1 minute\" \/>\n<script type=\"application\/ld+json\" class=\"yoast-schema-graph\">{\"@context\":\"https:\/\/schema.org\",\"@graph\":[{\"@type\":\"WebPage\",\"@id\":\"https:\/\/web.umons.ac.be\/cpmm\/en\/teaching-activities\/\",\"url\":\"https:\/\/web.umons.ac.be\/cpmm\/en\/teaching-activities\/\",\"name\":\"Teaching activities - Service \/ FAU - Conception, P\u00e9dagogie, M\u00e9dium, M\u00e9diation\",\"isPartOf\":{\"@id\":\"https:\/\/web.umons.ac.be\/cpmm\/#website\"},\"datePublished\":\"2021-11-29T08:28:27+00:00\",\"dateModified\":\"2026-03-10T15:28:38+00:00\",\"breadcrumb\":{\"@id\":\"https:\/\/web.umons.ac.be\/cpmm\/en\/teaching-activities\/#breadcrumb\"},\"inLanguage\":\"fr-FR\",\"potentialAction\":[{\"@type\":\"ReadAction\",\"target\":[\"https:\/\/web.umons.ac.be\/cpmm\/en\/teaching-activities\/\"]}]},{\"@type\":\"BreadcrumbList\",\"@id\":\"https:\/\/web.umons.ac.be\/cpmm\/en\/teaching-activities\/#breadcrumb\",\"itemListElement\":[{\"@type\":\"ListItem\",\"position\":1,\"name\":\"Home\",\"item\":\"https:\/\/web.umons.ac.be\/cpmm\/\"},{\"@type\":\"ListItem\",\"position\":2,\"name\":\"Teaching activities\"}]},{\"@type\":\"WebSite\",\"@id\":\"https:\/\/web.umons.ac.be\/cpmm\/#website\",\"url\":\"https:\/\/web.umons.ac.be\/cpmm\/\",\"name\":\"Service \/ FAU - Conception, P\u00e9dagogie, M\u00e9dium, M\u00e9diation\",\"description\":\"\",\"potentialAction\":[{\"@type\":\"SearchAction\",\"target\":{\"@type\":\"EntryPoint\",\"urlTemplate\":\"https:\/\/web.umons.ac.be\/cpmm\/?s={search_term_string}\"},\"query-input\":{\"@type\":\"PropertyValueSpecification\",\"valueRequired\":true,\"valueName\":\"search_term_string\"}}],\"inLanguage\":\"fr-FR\"}]}<\/script>\n<!-- \/ Yoast SEO plugin. -->","yoast_head_json":{"title":"Teaching activities - Service \/ FAU - Conception, P\u00e9dagogie, M\u00e9dium, M\u00e9diation","robots":{"index":"index","follow":"follow","max-snippet":"max-snippet:-1","max-image-preview":"max-image-preview:large","max-video-preview":"max-video-preview:-1"},"canonical":"https:\/\/web.umons.ac.be\/cpmm\/en\/teaching-activities\/","og_locale":"fr_FR","og_type":"article","og_title":"Teaching activities - Service \/ FAU - Conception, P\u00e9dagogie, M\u00e9dium, M\u00e9diation","og_description":"The CPMM Department brings together courses that connect architectural design, communication, and mediation in the field of architecture. Its mission is to train students in design, critical understanding, and the dissemination of architectural culture. Areas of focus include: Architectural and urban design studios Theory of architecture and heritage History of architectural concepts Contemporary architectural culture [&hellip;]","og_url":"https:\/\/web.umons.ac.be\/cpmm\/en\/teaching-activities\/","og_site_name":"Service \/ FAU - Conception, P\u00e9dagogie, M\u00e9dium, M\u00e9diation","article_modified_time":"2026-03-10T15:28:38+00:00","twitter_card":"summary_large_image","twitter_misc":{"Dur\u00e9e de lecture estim\u00e9e":"1 minute"},"schema":{"@context":"https:\/\/schema.org","@graph":[{"@type":"WebPage","@id":"https:\/\/web.umons.ac.be\/cpmm\/en\/teaching-activities\/","url":"https:\/\/web.umons.ac.be\/cpmm\/en\/teaching-activities\/","name":"Teaching activities - Service \/ FAU - Conception, P\u00e9dagogie, M\u00e9dium, M\u00e9diation","isPartOf":{"@id":"https:\/\/web.umons.ac.be\/cpmm\/#website"},"datePublished":"2021-11-29T08:28:27+00:00","dateModified":"2026-03-10T15:28:38+00:00","breadcrumb":{"@id":"https:\/\/web.umons.ac.be\/cpmm\/en\/teaching-activities\/#breadcrumb"},"inLanguage":"fr-FR","potentialAction":[{"@type":"ReadAction","target":["https:\/\/web.umons.ac.be\/cpmm\/en\/teaching-activities\/"]}]},{"@type":"BreadcrumbList","@id":"https:\/\/web.umons.ac.be\/cpmm\/en\/teaching-activities\/#breadcrumb","itemListElement":[{"@type":"ListItem","position":1,"name":"Home","item":"https:\/\/web.umons.ac.be\/cpmm\/"},{"@type":"ListItem","position":2,"name":"Teaching activities"}]},{"@type":"WebSite","@id":"https:\/\/web.umons.ac.be\/cpmm\/#website","url":"https:\/\/web.umons.ac.be\/cpmm\/","name":"Service \/ FAU - Conception, P\u00e9dagogie, M\u00e9dium, M\u00e9diation","description":"","potentialAction":[{"@type":"SearchAction","target":{"@type":"EntryPoint","urlTemplate":"https:\/\/web.umons.ac.be\/cpmm\/?s={search_term_string}"},"query-input":{"@type":"PropertyValueSpecification","valueRequired":true,"valueName":"search_term_string"}}],"inLanguage":"fr-FR"}]}},"lang":"en","translations":{"en":13,"fr":11},"pll_sync_post":[],"_links":{"self":[{"href":"https:\/\/web.umons.ac.be\/cpmm\/wp-json\/wp\/v2\/pages\/13","targetHints":{"allow":["GET"]}}],"collection":[{"href":"https:\/\/web.umons.ac.be\/cpmm\/wp-json\/wp\/v2\/pages"}],"about":[{"href":"https:\/\/web.umons.ac.be\/cpmm\/wp-json\/wp\/v2\/types\/page"}],"author":[{"embeddable":true,"href":"https:\/\/web.umons.ac.be\/cpmm\/wp-json\/wp\/v2\/users\/4"}],"replies":[{"embeddable":true,"href":"https:\/\/web.umons.ac.be\/cpmm\/wp-json\/wp\/v2\/comments?post=13"}],"version-history":[{"count":1,"href":"https:\/\/web.umons.ac.be\/cpmm\/wp-json\/wp\/v2\/pages\/13\/revisions"}],"predecessor-version":[{"id":64,"href":"https:\/\/web.umons.ac.be\/cpmm\/wp-json\/wp\/v2\/pages\/13\/revisions\/64"}],"wp:attachment":[{"href":"https:\/\/web.umons.ac.be\/cpmm\/wp-json\/wp\/v2\/media?parent=13"}],"curies":[{"name":"wp","href":"https:\/\/api.w.org\/{rel}","templated":true}]}}