{"id":15,"date":"2021-11-29T09:28:27","date_gmt":"2021-11-29T08:28:27","guid":{"rendered":"https:\/\/web.umons.ac.be\/ca\/activites-de-recherche\/"},"modified":"2026-03-10T16:22:42","modified_gmt":"2026-03-10T15:22:42","slug":"activites-de-recherche","status":"publish","type":"page","link":"https:\/\/web.umons.ac.be\/cpmm\/activites-de-recherche\/","title":{"rendered":"Activit\u00e9s de recherche"},"content":{"rendered":"<p>Le service CPMM explore les diff\u00e9rentes dimensions du projet d\u2019architecture : la Conception, la P\u00e9dagogie, le M\u00e9dium et la M\u00e9diation. Ses approches, centr\u00e9es sur le projet architectural en tant que vecteur culturel, interrogent les pratiques actuelles afin de faire \u00e9merger de nouvelles dynamiques et m\u00e9thodologies de conception et d\u2019apprentissage.<\/p>\n<p>La recherche par le projet, appuy\u00e9e sur le d\u00e9veloppement d\u2019outils sp\u00e9cifiques, s\u2019inscrit dans une d\u00e9marche de recherche-action, favorisant une interaction directe entre th\u00e9orie et pratique.<\/p>\n<hr \/>\n<p>Notre service est, par ailleurs rattach\u00e9 \u00e0 un institut de recherche de l\u2019UMONS :<\/p>\n<start-cask-shortcode-wrapper>\t\t<div class=\"associated-institutes content-block scheme-fau\">\n\t\t\t<ul class=\"institutes-list\">\n\t\t\t\t\t\t\t\t\t\t<li>\n\t\t\t\t\t\t\t<a href=\"https:\/\/web.umons.ac.be\/materiaux\" title=\"Acc\u00e9der au site web de : Institut \/ Mat\u00e9riaux\" class=\"associated-institute\">\n\t\t\t\t\t\t\t\t<img loading=\"lazy\" decoding=\"async\" width=\"1\" height=\"1\" src=\"https:\/\/web.umons.ac.be\/app\/uploads\/sites\/38\/2017\/12\/materiaux_logo_fr.svg\" class=\"attachment-thumbnail size-thumbnail\" alt=\"\" \/>\t\t\t\t\t\t\t<\/a>\t\t\t\n\t\t\t\t\t\t<\/li>\n\t\t\t\t\t\t\t\t\t\t<li>\n\t\t\t\t\t\t\t<a href=\"https:\/\/web.umons.ac.be\/numediart\" title=\"Acc\u00e9der au site web de : Institut \/ Num\u00e9diart\" class=\"associated-institute\">\n\t\t\t\t\t\t\t\t<img loading=\"lazy\" decoding=\"async\" width=\"1\" height=\"1\" src=\"https:\/\/web.umons.ac.be\/app\/uploads\/sites\/37\/2017\/12\/numediart_logo_fr.svg\" class=\"attachment-thumbnail size-thumbnail\" alt=\"\" \/>\t\t\t\t\t\t\t<\/a>\t\t\t\n\t\t\t\t\t\t<\/li>\n\t\t\t\t\t\t\t<\/ul>\n\t\t<\/div>\n <end-cask-shortcode-wrapper>\n","protected":false},"excerpt":{"rendered":"<p>Le service CPMM explore les diff\u00e9rentes dimensions du projet d\u2019architecture : la Conception, la P\u00e9dagogie, le M\u00e9dium et la M\u00e9diation. Ses approches, centr\u00e9es sur le projet architectural en tant que vecteur culturel, interrogent les pratiques actuelles afin de faire \u00e9merger de nouvelles dynamiques et m\u00e9thodologies de conception et d\u2019apprentissage. La recherche par le projet, appuy\u00e9e [&hellip;]<\/p>\n","protected":false},"author":4,"featured_media":0,"parent":0,"menu_order":0,"comment_status":"closed","ping_status":"closed","template":"","meta":{"footnotes":""},"class_list":["post-15","page","type-page","status-publish","hentry"],"yoast_head":"<!-- This site is optimized with the Yoast SEO plugin v27.2 - https:\/\/yoast.com\/product\/yoast-seo-wordpress\/ -->\n<title>Activit\u00e9s de recherche - Service \/ FAU - Conception, P\u00e9dagogie, M\u00e9dium, M\u00e9diation<\/title>\n<meta name=\"robots\" content=\"index, follow, max-snippet:-1, max-image-preview:large, max-video-preview:-1\" \/>\n<link rel=\"canonical\" href=\"https:\/\/web.umons.ac.be\/cpmm\/activites-de-recherche\/\" \/>\n<meta property=\"og:locale\" content=\"fr_FR\" \/>\n<meta property=\"og:type\" content=\"article\" \/>\n<meta property=\"og:title\" content=\"Activit\u00e9s de recherche - Service \/ FAU - Conception, P\u00e9dagogie, M\u00e9dium, M\u00e9diation\" \/>\n<meta property=\"og:description\" content=\"Le service CPMM explore les diff\u00e9rentes dimensions du projet d\u2019architecture : la Conception, la P\u00e9dagogie, le M\u00e9dium et la M\u00e9diation. Ses approches, centr\u00e9es sur le projet architectural en tant que vecteur culturel, interrogent les pratiques actuelles afin de faire \u00e9merger de nouvelles dynamiques et m\u00e9thodologies de conception et d\u2019apprentissage. La recherche par le projet, appuy\u00e9e [&hellip;]\" \/>\n<meta property=\"og:url\" content=\"https:\/\/web.umons.ac.be\/cpmm\/activites-de-recherche\/\" \/>\n<meta property=\"og:site_name\" content=\"Service \/ FAU - Conception, P\u00e9dagogie, M\u00e9dium, M\u00e9diation\" \/>\n<meta property=\"article:modified_time\" content=\"2026-03-10T15:22:42+00:00\" \/>\n<meta name=\"twitter:card\" content=\"summary_large_image\" \/>\n<meta name=\"twitter:label1\" content=\"Dur\u00e9e de lecture estim\u00e9e\" \/>\n\t<meta name=\"twitter:data1\" content=\"1 minute\" \/>\n<script type=\"application\/ld+json\" class=\"yoast-schema-graph\">{\"@context\":\"https:\/\/schema.org\",\"@graph\":[{\"@type\":\"WebPage\",\"@id\":\"https:\/\/web.umons.ac.be\/cpmm\/activites-de-recherche\/\",\"url\":\"https:\/\/web.umons.ac.be\/cpmm\/activites-de-recherche\/\",\"name\":\"Activit\u00e9s de recherche - Service \/ FAU - Conception, P\u00e9dagogie, M\u00e9dium, M\u00e9diation\",\"isPartOf\":{\"@id\":\"https:\/\/web.umons.ac.be\/cpmm\/#website\"},\"datePublished\":\"2021-11-29T08:28:27+00:00\",\"dateModified\":\"2026-03-10T15:22:42+00:00\",\"breadcrumb\":{\"@id\":\"https:\/\/web.umons.ac.be\/cpmm\/activites-de-recherche\/#breadcrumb\"},\"inLanguage\":\"fr-FR\",\"potentialAction\":[{\"@type\":\"ReadAction\",\"target\":[\"https:\/\/web.umons.ac.be\/cpmm\/activites-de-recherche\/\"]}]},{\"@type\":\"BreadcrumbList\",\"@id\":\"https:\/\/web.umons.ac.be\/cpmm\/activites-de-recherche\/#breadcrumb\",\"itemListElement\":[{\"@type\":\"ListItem\",\"position\":1,\"name\":\"Home\",\"item\":\"https:\/\/web.umons.ac.be\/cpmm\/\"},{\"@type\":\"ListItem\",\"position\":2,\"name\":\"Activit\u00e9s de recherche\"}]},{\"@type\":\"WebSite\",\"@id\":\"https:\/\/web.umons.ac.be\/cpmm\/#website\",\"url\":\"https:\/\/web.umons.ac.be\/cpmm\/\",\"name\":\"Service \/ FAU - Conception, P\u00e9dagogie, M\u00e9dium, M\u00e9diation\",\"description\":\"\",\"potentialAction\":[{\"@type\":\"SearchAction\",\"target\":{\"@type\":\"EntryPoint\",\"urlTemplate\":\"https:\/\/web.umons.ac.be\/cpmm\/?s={search_term_string}\"},\"query-input\":{\"@type\":\"PropertyValueSpecification\",\"valueRequired\":true,\"valueName\":\"search_term_string\"}}],\"inLanguage\":\"fr-FR\"}]}<\/script>\n<!-- \/ Yoast SEO plugin. -->","yoast_head_json":{"title":"Activit\u00e9s de recherche - Service \/ FAU - Conception, P\u00e9dagogie, M\u00e9dium, M\u00e9diation","robots":{"index":"index","follow":"follow","max-snippet":"max-snippet:-1","max-image-preview":"max-image-preview:large","max-video-preview":"max-video-preview:-1"},"canonical":"https:\/\/web.umons.ac.be\/cpmm\/activites-de-recherche\/","og_locale":"fr_FR","og_type":"article","og_title":"Activit\u00e9s de recherche - Service \/ FAU - Conception, P\u00e9dagogie, M\u00e9dium, M\u00e9diation","og_description":"Le service CPMM explore les diff\u00e9rentes dimensions du projet d\u2019architecture : la Conception, la P\u00e9dagogie, le M\u00e9dium et la M\u00e9diation. Ses approches, centr\u00e9es sur le projet architectural en tant que vecteur culturel, interrogent les pratiques actuelles afin de faire \u00e9merger de nouvelles dynamiques et m\u00e9thodologies de conception et d\u2019apprentissage. La recherche par le projet, appuy\u00e9e [&hellip;]","og_url":"https:\/\/web.umons.ac.be\/cpmm\/activites-de-recherche\/","og_site_name":"Service \/ FAU - Conception, P\u00e9dagogie, M\u00e9dium, M\u00e9diation","article_modified_time":"2026-03-10T15:22:42+00:00","twitter_card":"summary_large_image","twitter_misc":{"Dur\u00e9e de lecture estim\u00e9e":"1 minute"},"schema":{"@context":"https:\/\/schema.org","@graph":[{"@type":"WebPage","@id":"https:\/\/web.umons.ac.be\/cpmm\/activites-de-recherche\/","url":"https:\/\/web.umons.ac.be\/cpmm\/activites-de-recherche\/","name":"Activit\u00e9s de recherche - Service \/ FAU - Conception, P\u00e9dagogie, M\u00e9dium, M\u00e9diation","isPartOf":{"@id":"https:\/\/web.umons.ac.be\/cpmm\/#website"},"datePublished":"2021-11-29T08:28:27+00:00","dateModified":"2026-03-10T15:22:42+00:00","breadcrumb":{"@id":"https:\/\/web.umons.ac.be\/cpmm\/activites-de-recherche\/#breadcrumb"},"inLanguage":"fr-FR","potentialAction":[{"@type":"ReadAction","target":["https:\/\/web.umons.ac.be\/cpmm\/activites-de-recherche\/"]}]},{"@type":"BreadcrumbList","@id":"https:\/\/web.umons.ac.be\/cpmm\/activites-de-recherche\/#breadcrumb","itemListElement":[{"@type":"ListItem","position":1,"name":"Home","item":"https:\/\/web.umons.ac.be\/cpmm\/"},{"@type":"ListItem","position":2,"name":"Activit\u00e9s de recherche"}]},{"@type":"WebSite","@id":"https:\/\/web.umons.ac.be\/cpmm\/#website","url":"https:\/\/web.umons.ac.be\/cpmm\/","name":"Service \/ FAU - Conception, P\u00e9dagogie, M\u00e9dium, M\u00e9diation","description":"","potentialAction":[{"@type":"SearchAction","target":{"@type":"EntryPoint","urlTemplate":"https:\/\/web.umons.ac.be\/cpmm\/?s={search_term_string}"},"query-input":{"@type":"PropertyValueSpecification","valueRequired":true,"valueName":"search_term_string"}}],"inLanguage":"fr-FR"}]}},"lang":"fr","translations":{"fr":15,"en":17},"pll_sync_post":[],"_links":{"self":[{"href":"https:\/\/web.umons.ac.be\/cpmm\/wp-json\/wp\/v2\/pages\/15","targetHints":{"allow":["GET"]}}],"collection":[{"href":"https:\/\/web.umons.ac.be\/cpmm\/wp-json\/wp\/v2\/pages"}],"about":[{"href":"https:\/\/web.umons.ac.be\/cpmm\/wp-json\/wp\/v2\/types\/page"}],"author":[{"embeddable":true,"href":"https:\/\/web.umons.ac.be\/cpmm\/wp-json\/wp\/v2\/users\/4"}],"replies":[{"embeddable":true,"href":"https:\/\/web.umons.ac.be\/cpmm\/wp-json\/wp\/v2\/comments?post=15"}],"version-history":[{"count":2,"href":"https:\/\/web.umons.ac.be\/cpmm\/wp-json\/wp\/v2\/pages\/15\/revisions"}],"predecessor-version":[{"id":66,"href":"https:\/\/web.umons.ac.be\/cpmm\/wp-json\/wp\/v2\/pages\/15\/revisions\/66"}],"wp:attachment":[{"href":"https:\/\/web.umons.ac.be\/cpmm\/wp-json\/wp\/v2\/media?parent=15"}],"curies":[{"name":"wp","href":"https:\/\/api.w.org\/{rel}","templated":true}]}}