{"id":7,"date":"2021-11-29T09:28:26","date_gmt":"2021-11-29T08:28:26","guid":{"rendered":"https:\/\/web.umons.ac.be\/ca\/equipe\/"},"modified":"2026-03-10T16:21:43","modified_gmt":"2026-03-10T15:21:43","slug":"equipe","status":"publish","type":"page","link":"https:\/\/web.umons.ac.be\/cpmm\/equipe\/","title":{"rendered":"\u00c9quipe"},"content":{"rendered":"<start-cask-shortcode-wrapper><div class=\"service-composition content-block scheme-fau\">\n                        <h3>Service de Conception, P\u00e9dagogie, M\u00e9dium, M\u00e9diation<\/h3>\n        \n                    <ul class=\"service-members\">\n                                    <li>\n                        <a href=\"mailto:&#105;sabelle.de&#115;&#109;&#101;&#116;&#64;&#117;m&#111;n&#115;.ac.b&#101;\" rel=\"nofollow\" class=\"service-member service-head\">\n                            <div>\n                                <span class=\"member-name\">DE SMET Isabelle<\/span>\n                                <div class=\"member-type\">Chef de service<\/div>\n                            <\/div>\n\n                            <span class=\"icon umons-icon-email\" aria-hidden=\"true\"><\/span>\n                        <\/a>\n                    <\/li>\n                \n                                    <li>\n                        <a href=\"mailto:&#72;&#117;&#103;o.&#66;&#65;U&#87;&#69;N&#83;&#64;um&#111;ns&#46;a&#99;&#46;b&#101;\" rel=\"nofollow\" class=\"service-member\">\n                            <span class=\"member-name\">BAUWENS Hugo<\/span>\n                            <span class=\"icon umons-icon-email\" aria-hidden=\"true\"><\/span>\n                        <\/a>\n                    <\/li>\n                                    <li>\n                        <a href=\"mailto:&#83;&#105;&#109;o&#110;&#46;BIDAL&#64;&#117;&#109;&#111;ns.ac.be\" rel=\"nofollow\" class=\"service-member\">\n                            <span class=\"member-name\">BIDAL Simon<\/span>\n                            <span class=\"icon umons-icon-email\" aria-hidden=\"true\"><\/span>\n                        <\/a>\n                    <\/li>\n                                    <li>\n                        <a href=\"mailto:&#103;&#105;usepp&#101;&#46;bo&#110;&#97;ser&#97;&#64;umons&#46;&#97;c.&#98;e\" rel=\"nofollow\" class=\"service-member\">\n                            <span class=\"member-name\">BONASERA Giuseppe<\/span>\n                            <span class=\"icon umons-icon-email\" aria-hidden=\"true\"><\/span>\n                        <\/a>\n                    <\/li>\n                                    <li>\n                        <a href=\"mailto:r&#111;b&#101;r&#116;o&#46;&#99;&#97;p&#111;cci&#97;&#64;&#117;m&#111;&#110;&#115;&#46;a&#99;&#46;b&#101;\" rel=\"nofollow\" class=\"service-member\">\n                            <span class=\"member-name\">CAPOCCIA Roberto<\/span>\n                            <span class=\"icon umons-icon-email\" aria-hidden=\"true\"><\/span>\n                        <\/a>\n                    <\/li>\n                                    <li>\n                        <a href=\"mailto:d&#111;&#109;&#105;&#110;&#105;qu&#101;&#46;&#99;a&#122;&#122;ar&#111;&#64;&#117;&#109;o&#110;&#115;.ac.&#98;e\" rel=\"nofollow\" class=\"service-member\">\n                            <span class=\"member-name\">CAZZARO Dominique<\/span>\n                            <span class=\"icon umons-icon-email\" aria-hidden=\"true\"><\/span>\n                        <\/a>\n                    <\/li>\n                                    <li>\n                        <a href=\"mailto:Loui&#115;&#101;.D&#65;N&#72;AIVE&#64;um&#111;&#110;&#115;.&#97;c.&#98;&#101;\" rel=\"nofollow\" class=\"service-member\">\n                            <span class=\"member-name\">DANHAIVE Louise<\/span>\n                            <span class=\"icon umons-icon-email\" aria-hidden=\"true\"><\/span>\n                        <\/a>\n                    <\/li>\n                                    <li>\n                        <a href=\"mailto:&#86;in&#99;a.&#68;ECAU&#83;&#69;&#77;&#65;ECK&#82;E&#64;umons&#46;&#97;c.&#98;e\" rel=\"nofollow\" class=\"service-member\">\n                            <span class=\"member-name\">DECAUSEMAECKRE Vinca<\/span>\n                            <span class=\"icon umons-icon-email\" aria-hidden=\"true\"><\/span>\n                        <\/a>\n                    <\/li>\n                                    <li>\n                        <a href=\"mailto:thi&#101;rry.&#100;eru&#109;&#105;er&#64;umo&#110;s.&#97;c&#46;b&#101;\" rel=\"nofollow\" class=\"service-member\">\n                            <span class=\"member-name\">DERUMIER Thierry<\/span>\n                            <span class=\"icon umons-icon-email\" aria-hidden=\"true\"><\/span>\n                        <\/a>\n                    <\/li>\n                                    <li>\n                        <a href=\"mailto:mic&#104;&#101;&#108;&#46;du&#113;ua&#105;&#110;e&#64;&#117;mons&#46;&#97;c.b&#101;\" rel=\"nofollow\" class=\"service-member\">\n                            <span class=\"member-name\">DUQUAINE Michel<\/span>\n                            <span class=\"icon umons-icon-email\" aria-hidden=\"true\"><\/span>\n                        <\/a>\n                    <\/li>\n                                    <li>\n                        <a href=\"mailto:F&#114;eder&#105;&#99;&#46;&#69;ST&#79;RD&#69;UR&#64;u&#109;on&#115;.ac&#46;b&#101;\" rel=\"nofollow\" class=\"service-member\">\n                            <span class=\"member-name\">ESTORDEUR Fr\u00e9d\u00e9ric<\/span>\n                            <span class=\"icon umons-icon-email\" aria-hidden=\"true\"><\/span>\n                        <\/a>\n                    <\/li>\n                                    <li>\n                        <a href=\"mailto:I&#115;&#97;&#98;&#101;&#108;&#108;&#101;Flo&#114;&#97;.&#70;&#79;&#84;&#83;&#73;NGME&#84;&#69;G&#65;&#77;&#64;u&#109;ons.&#97;c.&#98;e\" rel=\"nofollow\" class=\"service-member\">\n                            <span class=\"member-name\">FOTSING METEGAM Isabelle Flora<\/span>\n                            <span class=\"icon umons-icon-email\" aria-hidden=\"true\"><\/span>\n                        <\/a>\n                    <\/li>\n                                    <li>\n                        <a href=\"mailto:h&#101;nr&#105;&#46;h&#101;&#110;i&#110;&#64;umons&#46;&#97;c&#46;be\" rel=\"nofollow\" class=\"service-member\">\n                            <span class=\"member-name\">HENIN Henri<\/span>\n                            <span class=\"icon umons-icon-email\" aria-hidden=\"true\"><\/span>\n                        <\/a>\n                    <\/li>\n                                    <li>\n                        <a href=\"mailto:J&#111;f&#102;re&#121;.LAFF&#73;&#78;E&#85;&#82;&#64;u&#109;&#111;n&#115;&#46;a&#99;&#46;be\" rel=\"nofollow\" class=\"service-member\">\n                            <span class=\"member-name\">LAFFINEUR Joffrey<\/span>\n                            <span class=\"icon umons-icon-email\" aria-hidden=\"true\"><\/span>\n                        <\/a>\n                    <\/li>\n                                    <li>\n                        <a href=\"mailto:&#69;&#109;m&#97;n&#117;&#101;&#108;&#46;&#77;AG&#72;UE&#64;&#117;m&#111;n&#115;&#46;a&#99;&#46;&#98;e\" rel=\"nofollow\" class=\"service-member\">\n                            <span class=\"member-name\">MAGHUE Emmanuel<\/span>\n                            <span class=\"icon umons-icon-email\" aria-hidden=\"true\"><\/span>\n                        <\/a>\n                    <\/li>\n                                    <li>\n                        <a href=\"mailto:&#102;&#97;b&#114;&#105;&#99;e.&#115;o&#98;czak&#64;&#117;m&#111;n&#115;&#46;a&#99;.b&#101;\" rel=\"nofollow\" class=\"service-member\">\n                            <span class=\"member-name\">SOBCZAK Fabrice<\/span>\n                            <span class=\"icon umons-icon-email\" aria-hidden=\"true\"><\/span>\n                        <\/a>\n                    <\/li>\n                                    <li>\n                        <a href=\"mailto:&#99;at&#104;&#121;.sui&#110;&#101;n&#64;u&#109;o&#110;&#115;&#46;a&#99;&#46;&#98;&#101;\" rel=\"nofollow\" class=\"service-member\">\n                            <span class=\"member-name\">SUINEN Cathy<\/span>\n                            <span class=\"icon umons-icon-email\" aria-hidden=\"true\"><\/span>\n                        <\/a>\n                    <\/li>\n                                    <li>\n                        <a href=\"mailto:t&#104;oma&#115;.&#118;an&#104;ol&#109;&#64;&#117;m&#111;&#110;&#115;.&#97;c.&#98;e\" rel=\"nofollow\" class=\"service-member\">\n                            <span class=\"member-name\">VAN HOLM Thomas<\/span>\n                            <span class=\"icon umons-icon-email\" aria-hidden=\"true\"><\/span>\n                        <\/a>\n                    <\/li>\n                                    <li>\n                        <a href=\"mailto:&#88;avie&#114;.V&#65;&#78;&#82;&#79;&#79;Y&#69;N&#64;um&#111;ns.ac&#46;be\" rel=\"nofollow\" class=\"service-member\">\n                            <span class=\"member-name\">VAN ROOYEN Xavier<\/span>\n                            <span class=\"icon umons-icon-email\" aria-hidden=\"true\"><\/span>\n                        <\/a>\n                    <\/li>\n                            <\/ul>\n                <p>\n            <a href=\" http:\/\/www.umons.ac.be\/annuaire\" class=\"button button-primary scheme-background scheme-background-hover\" target=\"_blank\" rel=\"nofollow\">\n                More information on the directory                <span class=\"icon umons-icon-book\" aria-hidden=\"true\"><\/span>        \n            <\/a>\n        <\/p>\n    <\/div><end-cask-shortcode-wrapper>\n","protected":false},"excerpt":{"rendered":"","protected":false},"author":4,"featured_media":0,"parent":0,"menu_order":0,"comment_status":"closed","ping_status":"closed","template":"","meta":{"footnotes":""},"class_list":["post-7","page","type-page","status-publish","hentry"],"yoast_head":"<!-- This site is optimized with the Yoast SEO plugin v27.2 - https:\/\/yoast.com\/product\/yoast-seo-wordpress\/ -->\n<title>\u00c9quipe - Service \/ FAU - Conception, P\u00e9dagogie, M\u00e9dium, M\u00e9diation<\/title>\n<meta name=\"robots\" content=\"index, follow, max-snippet:-1, max-image-preview:large, max-video-preview:-1\" \/>\n<link rel=\"canonical\" href=\"https:\/\/web.umons.ac.be\/cpmm\/equipe\/\" \/>\n<meta property=\"og:locale\" content=\"fr_FR\" \/>\n<meta property=\"og:type\" content=\"article\" \/>\n<meta property=\"og:title\" content=\"\u00c9quipe - Service \/ FAU - Conception, P\u00e9dagogie, M\u00e9dium, M\u00e9diation\" \/>\n<meta property=\"og:url\" content=\"https:\/\/web.umons.ac.be\/cpmm\/equipe\/\" \/>\n<meta property=\"og:site_name\" content=\"Service \/ FAU - Conception, P\u00e9dagogie, M\u00e9dium, M\u00e9diation\" \/>\n<meta property=\"article:modified_time\" content=\"2026-03-10T15:21:43+00:00\" \/>\n<meta name=\"twitter:card\" content=\"summary_large_image\" \/>\n<meta name=\"twitter:label1\" content=\"Dur\u00e9e de lecture estim\u00e9e\" \/>\n\t<meta name=\"twitter:data1\" content=\"1 minute\" \/>\n<script type=\"application\/ld+json\" class=\"yoast-schema-graph\">{\"@context\":\"https:\/\/schema.org\",\"@graph\":[{\"@type\":\"WebPage\",\"@id\":\"https:\/\/web.umons.ac.be\/cpmm\/equipe\/\",\"url\":\"https:\/\/web.umons.ac.be\/cpmm\/equipe\/\",\"name\":\"\u00c9quipe - Service \/ FAU - Conception, P\u00e9dagogie, M\u00e9dium, M\u00e9diation\",\"isPartOf\":{\"@id\":\"https:\/\/web.umons.ac.be\/cpmm\/#website\"},\"datePublished\":\"2021-11-29T08:28:26+00:00\",\"dateModified\":\"2026-03-10T15:21:43+00:00\",\"breadcrumb\":{\"@id\":\"https:\/\/web.umons.ac.be\/cpmm\/equipe\/#breadcrumb\"},\"inLanguage\":\"fr-FR\",\"potentialAction\":[{\"@type\":\"ReadAction\",\"target\":[\"https:\/\/web.umons.ac.be\/cpmm\/equipe\/\"]}]},{\"@type\":\"BreadcrumbList\",\"@id\":\"https:\/\/web.umons.ac.be\/cpmm\/equipe\/#breadcrumb\",\"itemListElement\":[{\"@type\":\"ListItem\",\"position\":1,\"name\":\"Home\",\"item\":\"https:\/\/web.umons.ac.be\/cpmm\/\"},{\"@type\":\"ListItem\",\"position\":2,\"name\":\"\u00c9quipe\"}]},{\"@type\":\"WebSite\",\"@id\":\"https:\/\/web.umons.ac.be\/cpmm\/#website\",\"url\":\"https:\/\/web.umons.ac.be\/cpmm\/\",\"name\":\"Service \/ FAU - Conception, P\u00e9dagogie, M\u00e9dium, M\u00e9diation\",\"description\":\"\",\"potentialAction\":[{\"@type\":\"SearchAction\",\"target\":{\"@type\":\"EntryPoint\",\"urlTemplate\":\"https:\/\/web.umons.ac.be\/cpmm\/?s={search_term_string}\"},\"query-input\":{\"@type\":\"PropertyValueSpecification\",\"valueRequired\":true,\"valueName\":\"search_term_string\"}}],\"inLanguage\":\"fr-FR\"}]}<\/script>\n<!-- \/ Yoast SEO plugin. -->","yoast_head_json":{"title":"\u00c9quipe - Service \/ FAU - Conception, P\u00e9dagogie, M\u00e9dium, M\u00e9diation","robots":{"index":"index","follow":"follow","max-snippet":"max-snippet:-1","max-image-preview":"max-image-preview:large","max-video-preview":"max-video-preview:-1"},"canonical":"https:\/\/web.umons.ac.be\/cpmm\/equipe\/","og_locale":"fr_FR","og_type":"article","og_title":"\u00c9quipe - Service \/ FAU - Conception, P\u00e9dagogie, M\u00e9dium, M\u00e9diation","og_url":"https:\/\/web.umons.ac.be\/cpmm\/equipe\/","og_site_name":"Service \/ FAU - Conception, P\u00e9dagogie, M\u00e9dium, M\u00e9diation","article_modified_time":"2026-03-10T15:21:43+00:00","twitter_card":"summary_large_image","twitter_misc":{"Dur\u00e9e de lecture estim\u00e9e":"1 minute"},"schema":{"@context":"https:\/\/schema.org","@graph":[{"@type":"WebPage","@id":"https:\/\/web.umons.ac.be\/cpmm\/equipe\/","url":"https:\/\/web.umons.ac.be\/cpmm\/equipe\/","name":"\u00c9quipe - Service \/ FAU - Conception, P\u00e9dagogie, M\u00e9dium, M\u00e9diation","isPartOf":{"@id":"https:\/\/web.umons.ac.be\/cpmm\/#website"},"datePublished":"2021-11-29T08:28:26+00:00","dateModified":"2026-03-10T15:21:43+00:00","breadcrumb":{"@id":"https:\/\/web.umons.ac.be\/cpmm\/equipe\/#breadcrumb"},"inLanguage":"fr-FR","potentialAction":[{"@type":"ReadAction","target":["https:\/\/web.umons.ac.be\/cpmm\/equipe\/"]}]},{"@type":"BreadcrumbList","@id":"https:\/\/web.umons.ac.be\/cpmm\/equipe\/#breadcrumb","itemListElement":[{"@type":"ListItem","position":1,"name":"Home","item":"https:\/\/web.umons.ac.be\/cpmm\/"},{"@type":"ListItem","position":2,"name":"\u00c9quipe"}]},{"@type":"WebSite","@id":"https:\/\/web.umons.ac.be\/cpmm\/#website","url":"https:\/\/web.umons.ac.be\/cpmm\/","name":"Service \/ FAU - Conception, P\u00e9dagogie, M\u00e9dium, M\u00e9diation","description":"","potentialAction":[{"@type":"SearchAction","target":{"@type":"EntryPoint","urlTemplate":"https:\/\/web.umons.ac.be\/cpmm\/?s={search_term_string}"},"query-input":{"@type":"PropertyValueSpecification","valueRequired":true,"valueName":"search_term_string"}}],"inLanguage":"fr-FR"}]}},"lang":"fr","translations":{"fr":7,"en":9},"pll_sync_post":[],"_links":{"self":[{"href":"https:\/\/web.umons.ac.be\/cpmm\/wp-json\/wp\/v2\/pages\/7","targetHints":{"allow":["GET"]}}],"collection":[{"href":"https:\/\/web.umons.ac.be\/cpmm\/wp-json\/wp\/v2\/pages"}],"about":[{"href":"https:\/\/web.umons.ac.be\/cpmm\/wp-json\/wp\/v2\/types\/page"}],"author":[{"embeddable":true,"href":"https:\/\/web.umons.ac.be\/cpmm\/wp-json\/wp\/v2\/users\/4"}],"replies":[{"embeddable":true,"href":"https:\/\/web.umons.ac.be\/cpmm\/wp-json\/wp\/v2\/comments?post=7"}],"version-history":[{"count":1,"href":"https:\/\/web.umons.ac.be\/cpmm\/wp-json\/wp\/v2\/pages\/7\/revisions"}],"predecessor-version":[{"id":65,"href":"https:\/\/web.umons.ac.be\/cpmm\/wp-json\/wp\/v2\/pages\/7\/revisions\/65"}],"wp:attachment":[{"href":"https:\/\/web.umons.ac.be\/cpmm\/wp-json\/wp\/v2\/media?parent=7"}],"curies":[{"name":"wp","href":"https:\/\/api.w.org\/{rel}","templated":true}]}}