{"id":15,"date":"2021-11-03T14:13:53","date_gmt":"2021-11-03T13:13:53","guid":{"rendered":"https:\/\/web.umons.ac.be\/ctph\/activites-de-recherche\/"},"modified":"2026-03-16T13:54:45","modified_gmt":"2026-03-16T12:54:45","slug":"activites-de-recherche","status":"publish","type":"page","link":"https:\/\/web.umons.ac.be\/ctph\/activites-de-recherche\/","title":{"rendered":"Activit\u00e9s de recherche"},"content":{"rendered":"<h2 data-section-id=\"t2cz4e\" data-start=\"258\" data-end=\"278\"><span style=\"font-size: 14pt;\">Axes de recherche<\/span><\/h2>\n<h3 data-section-id=\"1th76hv\" data-start=\"280\" data-end=\"342\"><span style=\"font-size: 14pt;\">Axe 1 \u2013 M\u00e9tabolomique de plantes m\u00e9dicinales\u00a0<\/span><\/h3>\n<p data-start=\"343\" data-end=\"488\">Cet axe vise \u00e0 caract\u00e9riser le m\u00e9tabolome de plantes m\u00e9dicinales end\u00e9miques d\u2019Europe de l\u2019Ouest afin d\u2019identifier de nouveaux compos\u00e9s bioactifs.<\/p>\n<p data-start=\"490\" data-end=\"786\">Les travaux reposent sur des approches de m\u00e9tabolomique cibl\u00e9e et non cibl\u00e9e, combin\u00e9es \u00e0 des strat\u00e9gies de d\u00e9r\u00e9plication rapide associant fractionnement bioguid\u00e9, analyses LC-(HR)MS et outils avanc\u00e9s de datamining.<\/p>\n<h3 data-section-id=\"180v86r\" data-start=\"980\" data-end=\"1048\"><span style=\"font-size: 14pt;\">Axe 2 \u2013 \u00c9tude des activit\u00e9s biologiques de plantes m\u00e9dicinales<\/span><\/h3>\n<p data-start=\"1049\" data-end=\"1170\">Cet axe explore les propri\u00e9t\u00e9s biologiques de plantes et de leurs m\u00e9tabolites \u00e0 l\u2019aide de mod\u00e8les exp\u00e9rimentaux in vitro.<\/p>\n<p data-start=\"1172\" data-end=\"1210\">Les recherches portent notamment sur :<\/p>\n<ul data-start=\"1212\" data-end=\"1911\">\n<li data-section-id=\"812y82\" data-start=\"1212\" data-end=\"1469\">\n<p data-start=\"1214\" data-end=\"1469\">Activit\u00e9s antimicrobiennes et anti-virulence bact\u00e9rienne, incluant l\u2019\u00e9tude de la formation de biofilms et de la production de facteurs de virulence.<\/p>\n<\/li>\n<li data-section-id=\"12vo8yi\" data-start=\"1471\" data-end=\"1618\">\n<p data-start=\"1473\" data-end=\"1618\">Effets des produits naturels sur l&rsquo;\u00e9volution de la maladie h\u00e9patique st\u00e9atosique associ\u00e9e \u00e0 un dysfonctionnement m\u00e9tabolique (MASLD) \u00e0 l\u2019aide de mod\u00e8les cellulaires.<\/p>\n<\/li>\n<li data-section-id=\"v94o97\" data-start=\"1620\" data-end=\"1761\">\n<p data-start=\"1622\" data-end=\"1761\">\u00c9valuation de la toxicit\u00e9 d\u2019extraits de plantes afin de mieux caract\u00e9riser leur profil de s\u00e9curit\u00e9.<\/p>\n<\/li>\n<\/ul>\n<h3 data-start=\"1913\" data-end=\"2024\"><span style=\"font-size: 14pt;\">Axe 3 \u2013 Contr\u00f4le de qualit\u00e9 des plantes m\u00e9dicinales et aspects r\u00e9glementaires<\/span><\/h3>\n<p data-start=\"2115\" data-end=\"2234\">Cet axe est consacr\u00e9 au contr\u00f4le de qualit\u00e9 des mati\u00e8res premi\u00e8res v\u00e9g\u00e9tales et des pr\u00e9parations \u00e0 base de plantes.<\/p>\n<p data-start=\"2236\" data-end=\"2473\">Les travaux portent sur le d\u00e9veloppement de m\u00e9thodes analytiques permettant d\u2019assurer l\u2019authenticit\u00e9, la qualit\u00e9 et la s\u00e9curit\u00e9 des plantes m\u00e9dicinales et de leurs produits d\u00e9riv\u00e9s.<\/p>\n<h3 data-section-id=\"mj8ugb\" data-start=\"2882\" data-end=\"2959\"><span style=\"font-size: 14pt;\">Axe 4 \u2013 Ethnopharmacologie et \u00ab\u00a0int\u00e9gration\u00a0\u00bb des m\u00e9decines traditionnelles<\/span><\/h3>\n<p data-start=\"2960\" data-end=\"3158\">Cet axe s\u2019int\u00e9resse aux relations entre m\u00e9decines traditionnelles et syst\u00e8mes de sant\u00e9 contemporains, notamment dans le contexte des recommandations de l\u2019Organisation mondiale de la sant\u00e9 (OMS).<\/p>\n<p data-start=\"2960\" data-end=\"3158\">Toutes ces recherches sont men\u00e9es en collaboration avec plusieurs services et plateformes de l\u2019Universit\u00e9 de Mons.<\/p>\n<p>Notre service est, par ailleurs rattach\u00e9 \u00e0 un institut de recherche de l\u2019UMONS :<\/p>\n<start-cask-shortcode-wrapper>\t\t<div class=\"associated-institutes content-block scheme-fmp\">\n\t\t\t<ul class=\"institutes-list\">\n\t\t\t\t\t\t\t\t\t\t<li>\n\t\t\t\t\t\t\t<a href=\"https:\/\/web.umons.ac.be\/biosciences\" title=\"Acc\u00e9der au site web de : Institut \/ Biosciences\" class=\"associated-institute\">\n\t\t\t\t\t\t\t\t<img loading=\"lazy\" decoding=\"async\" width=\"1\" height=\"1\" src=\"https:\/\/web.umons.ac.be\/app\/uploads\/sites\/30\/2017\/11\/biosciences_logo_fr.svg\" class=\"attachment-thumbnail size-thumbnail\" alt=\"\" \/>\t\t\t\t\t\t\t<\/a>\t\t\t\n\t\t\t\t\t\t<\/li>\n\t\t\t\t\t\t\t\t\t\t<li>\n\t\t\t\t\t\t\t<a href=\"https:\/\/web.umons.ac.be\/sante\" title=\"Acc\u00e9der au site web de : Institut \/ Sant\u00e9\" class=\"associated-institute\">\n\t\t\t\t\t\t\t\t<img loading=\"lazy\" decoding=\"async\" width=\"1\" height=\"1\" src=\"https:\/\/web.umons.ac.be\/app\/uploads\/sites\/35\/2021\/03\/sante_logo_fr.svg\" class=\"attachment-thumbnail size-thumbnail\" alt=\"\" \/>\t\t\t\t\t\t\t<\/a>\t\t\t\n\t\t\t\t\t\t<\/li>\n\t\t\t\t\t\t\t<\/ul>\n\t\t<\/div>\n <end-cask-shortcode-wrapper>\n","protected":false},"excerpt":{"rendered":"<p>Axes de recherche Axe 1 \u2013 M\u00e9tabolomique de plantes m\u00e9dicinales\u00a0 Cet axe vise \u00e0 caract\u00e9riser le m\u00e9tabolome de plantes m\u00e9dicinales end\u00e9miques d\u2019Europe de l\u2019Ouest afin d\u2019identifier de nouveaux compos\u00e9s bioactifs. Les travaux reposent sur des approches de m\u00e9tabolomique cibl\u00e9e et non cibl\u00e9e, combin\u00e9es \u00e0 des strat\u00e9gies de d\u00e9r\u00e9plication rapide associant fractionnement bioguid\u00e9, analyses LC-(HR)MS et [&hellip;]<\/p>\n","protected":false},"author":4,"featured_media":0,"parent":0,"menu_order":0,"comment_status":"closed","ping_status":"closed","template":"","meta":{"footnotes":""},"class_list":["post-15","page","type-page","status-publish","hentry"],"yoast_head":"<!-- This site is optimized with the Yoast SEO plugin v27.2 - https:\/\/yoast.com\/product\/yoast-seo-wordpress\/ -->\n<title>Activit\u00e9s de recherche - Service \/ FMPB - Chimie Th\u00e9rapeutique et Pharmacognosie<\/title>\n<meta name=\"robots\" content=\"index, follow, max-snippet:-1, max-image-preview:large, max-video-preview:-1\" \/>\n<link rel=\"canonical\" href=\"https:\/\/web.umons.ac.be\/ctph\/activites-de-recherche\/\" \/>\n<meta property=\"og:locale\" content=\"fr_FR\" \/>\n<meta property=\"og:type\" content=\"article\" \/>\n<meta property=\"og:title\" content=\"Activit\u00e9s de recherche - Service \/ FMPB - Chimie Th\u00e9rapeutique et Pharmacognosie\" \/>\n<meta property=\"og:description\" content=\"Axes de recherche Axe 1 \u2013 M\u00e9tabolomique de plantes m\u00e9dicinales\u00a0 Cet axe vise \u00e0 caract\u00e9riser le m\u00e9tabolome de plantes m\u00e9dicinales end\u00e9miques d\u2019Europe de l\u2019Ouest afin d\u2019identifier de nouveaux compos\u00e9s bioactifs. Les travaux reposent sur des approches de m\u00e9tabolomique cibl\u00e9e et non cibl\u00e9e, combin\u00e9es \u00e0 des strat\u00e9gies de d\u00e9r\u00e9plication rapide associant fractionnement bioguid\u00e9, analyses LC-(HR)MS et [&hellip;]\" \/>\n<meta property=\"og:url\" content=\"https:\/\/web.umons.ac.be\/ctph\/activites-de-recherche\/\" \/>\n<meta property=\"og:site_name\" content=\"Service \/ FMPB - Chimie Th\u00e9rapeutique et Pharmacognosie\" \/>\n<meta property=\"article:modified_time\" content=\"2026-03-16T12:54:45+00:00\" \/>\n<meta name=\"twitter:card\" content=\"summary_large_image\" \/>\n<meta name=\"twitter:label1\" content=\"Dur\u00e9e de lecture estim\u00e9e\" \/>\n\t<meta name=\"twitter:data1\" content=\"2 minutes\" \/>\n<script type=\"application\/ld+json\" class=\"yoast-schema-graph\">{\"@context\":\"https:\/\/schema.org\",\"@graph\":[{\"@type\":\"WebPage\",\"@id\":\"https:\/\/web.umons.ac.be\/ctph\/activites-de-recherche\/\",\"url\":\"https:\/\/web.umons.ac.be\/ctph\/activites-de-recherche\/\",\"name\":\"Activit\u00e9s de recherche - Service \/ FMPB - Chimie Th\u00e9rapeutique et Pharmacognosie\",\"isPartOf\":{\"@id\":\"https:\/\/web.umons.ac.be\/ctph\/#website\"},\"datePublished\":\"2021-11-03T13:13:53+00:00\",\"dateModified\":\"2026-03-16T12:54:45+00:00\",\"breadcrumb\":{\"@id\":\"https:\/\/web.umons.ac.be\/ctph\/activites-de-recherche\/#breadcrumb\"},\"inLanguage\":\"fr-FR\",\"potentialAction\":[{\"@type\":\"ReadAction\",\"target\":[\"https:\/\/web.umons.ac.be\/ctph\/activites-de-recherche\/\"]}]},{\"@type\":\"BreadcrumbList\",\"@id\":\"https:\/\/web.umons.ac.be\/ctph\/activites-de-recherche\/#breadcrumb\",\"itemListElement\":[{\"@type\":\"ListItem\",\"position\":1,\"name\":\"Home\",\"item\":\"https:\/\/web.umons.ac.be\/ctph\/\"},{\"@type\":\"ListItem\",\"position\":2,\"name\":\"Activit\u00e9s de recherche\"}]},{\"@type\":\"WebSite\",\"@id\":\"https:\/\/web.umons.ac.be\/ctph\/#website\",\"url\":\"https:\/\/web.umons.ac.be\/ctph\/\",\"name\":\"Service \/ FMPB - Chimie Th\u00e9rapeutique et Pharmacognosie\",\"description\":\"\",\"potentialAction\":[{\"@type\":\"SearchAction\",\"target\":{\"@type\":\"EntryPoint\",\"urlTemplate\":\"https:\/\/web.umons.ac.be\/ctph\/?s={search_term_string}\"},\"query-input\":{\"@type\":\"PropertyValueSpecification\",\"valueRequired\":true,\"valueName\":\"search_term_string\"}}],\"inLanguage\":\"fr-FR\"}]}<\/script>\n<!-- \/ Yoast SEO plugin. -->","yoast_head_json":{"title":"Activit\u00e9s de recherche - Service \/ FMPB - Chimie Th\u00e9rapeutique et Pharmacognosie","robots":{"index":"index","follow":"follow","max-snippet":"max-snippet:-1","max-image-preview":"max-image-preview:large","max-video-preview":"max-video-preview:-1"},"canonical":"https:\/\/web.umons.ac.be\/ctph\/activites-de-recherche\/","og_locale":"fr_FR","og_type":"article","og_title":"Activit\u00e9s de recherche - Service \/ FMPB - Chimie Th\u00e9rapeutique et Pharmacognosie","og_description":"Axes de recherche Axe 1 \u2013 M\u00e9tabolomique de plantes m\u00e9dicinales\u00a0 Cet axe vise \u00e0 caract\u00e9riser le m\u00e9tabolome de plantes m\u00e9dicinales end\u00e9miques d\u2019Europe de l\u2019Ouest afin d\u2019identifier de nouveaux compos\u00e9s bioactifs. Les travaux reposent sur des approches de m\u00e9tabolomique cibl\u00e9e et non cibl\u00e9e, combin\u00e9es \u00e0 des strat\u00e9gies de d\u00e9r\u00e9plication rapide associant fractionnement bioguid\u00e9, analyses LC-(HR)MS et [&hellip;]","og_url":"https:\/\/web.umons.ac.be\/ctph\/activites-de-recherche\/","og_site_name":"Service \/ FMPB - Chimie Th\u00e9rapeutique et Pharmacognosie","article_modified_time":"2026-03-16T12:54:45+00:00","twitter_card":"summary_large_image","twitter_misc":{"Dur\u00e9e de lecture estim\u00e9e":"2 minutes"},"schema":{"@context":"https:\/\/schema.org","@graph":[{"@type":"WebPage","@id":"https:\/\/web.umons.ac.be\/ctph\/activites-de-recherche\/","url":"https:\/\/web.umons.ac.be\/ctph\/activites-de-recherche\/","name":"Activit\u00e9s de recherche - Service \/ FMPB - Chimie Th\u00e9rapeutique et Pharmacognosie","isPartOf":{"@id":"https:\/\/web.umons.ac.be\/ctph\/#website"},"datePublished":"2021-11-03T13:13:53+00:00","dateModified":"2026-03-16T12:54:45+00:00","breadcrumb":{"@id":"https:\/\/web.umons.ac.be\/ctph\/activites-de-recherche\/#breadcrumb"},"inLanguage":"fr-FR","potentialAction":[{"@type":"ReadAction","target":["https:\/\/web.umons.ac.be\/ctph\/activites-de-recherche\/"]}]},{"@type":"BreadcrumbList","@id":"https:\/\/web.umons.ac.be\/ctph\/activites-de-recherche\/#breadcrumb","itemListElement":[{"@type":"ListItem","position":1,"name":"Home","item":"https:\/\/web.umons.ac.be\/ctph\/"},{"@type":"ListItem","position":2,"name":"Activit\u00e9s de recherche"}]},{"@type":"WebSite","@id":"https:\/\/web.umons.ac.be\/ctph\/#website","url":"https:\/\/web.umons.ac.be\/ctph\/","name":"Service \/ FMPB - Chimie Th\u00e9rapeutique et Pharmacognosie","description":"","potentialAction":[{"@type":"SearchAction","target":{"@type":"EntryPoint","urlTemplate":"https:\/\/web.umons.ac.be\/ctph\/?s={search_term_string}"},"query-input":{"@type":"PropertyValueSpecification","valueRequired":true,"valueName":"search_term_string"}}],"inLanguage":"fr-FR"}]}},"lang":"fr","translations":{"fr":15,"en":17},"pll_sync_post":[],"_links":{"self":[{"href":"https:\/\/web.umons.ac.be\/ctph\/wp-json\/wp\/v2\/pages\/15","targetHints":{"allow":["GET"]}}],"collection":[{"href":"https:\/\/web.umons.ac.be\/ctph\/wp-json\/wp\/v2\/pages"}],"about":[{"href":"https:\/\/web.umons.ac.be\/ctph\/wp-json\/wp\/v2\/types\/page"}],"author":[{"embeddable":true,"href":"https:\/\/web.umons.ac.be\/ctph\/wp-json\/wp\/v2\/users\/4"}],"replies":[{"embeddable":true,"href":"https:\/\/web.umons.ac.be\/ctph\/wp-json\/wp\/v2\/comments?post=15"}],"version-history":[{"count":3,"href":"https:\/\/web.umons.ac.be\/ctph\/wp-json\/wp\/v2\/pages\/15\/revisions"}],"predecessor-version":[{"id":69,"href":"https:\/\/web.umons.ac.be\/ctph\/wp-json\/wp\/v2\/pages\/15\/revisions\/69"}],"wp:attachment":[{"href":"https:\/\/web.umons.ac.be\/ctph\/wp-json\/wp\/v2\/media?parent=15"}],"curies":[{"name":"wp","href":"https:\/\/api.w.org\/{rel}","templated":true}]}}