{"id":11,"date":"2021-11-30T11:20:02","date_gmt":"2021-11-30T10:20:02","guid":{"rendered":"https:\/\/web.umons.ac.be\/atr\/activites-denseignement\/"},"modified":"2026-03-23T14:49:07","modified_gmt":"2026-03-23T13:49:07","slug":"activites-denseignement","status":"publish","type":"page","link":"https:\/\/web.umons.ac.be\/cult\/activites-denseignement\/","title":{"rendered":"Activit\u00e9s d&rsquo;enseignement"},"content":{"rendered":"<ul>\n<li>Architectures, Arts et Espaces<\/li>\n<li>Art et architecture II<\/li>\n<li>G\u00e9om\u00e9trie descriptive et applications I &#8211; Partie I<\/li>\n<li>G\u00e9om\u00e9trie descriptive et applications I &#8211; Partie II<\/li>\n<li>G\u00e9om\u00e9trie descriptive et applications II<\/li>\n<li>Histoires et th\u00e9ories des arts<\/li>\n<li>Imagerie architecturale num\u00e9rique I<\/li>\n<li>Imagerie architecturale num\u00e9rique II<\/li>\n<li>Moyens d&rsquo;expression graphique I<\/li>\n<li>Photographie num\u00e9rique<\/li>\n<li>Recherches artistiques I<\/li>\n<li>Recherches artistiques II<\/li>\n<li>Recherches artistiques III<\/li>\n<li>Repr\u00e9sentation architecturale vectorielle<\/li>\n<\/ul>\n","protected":false},"excerpt":{"rendered":"<p>Architectures, Arts et Espaces Art et architecture II G\u00e9om\u00e9trie descriptive et applications I &#8211; Partie I G\u00e9om\u00e9trie descriptive et applications I &#8211; Partie II G\u00e9om\u00e9trie descriptive et applications II Histoires et th\u00e9ories des arts Imagerie architecturale num\u00e9rique I Imagerie architecturale num\u00e9rique II Moyens d&rsquo;expression graphique I Photographie num\u00e9rique Recherches artistiques I Recherches artistiques II Recherches [&hellip;]<\/p>\n","protected":false},"author":4,"featured_media":0,"parent":0,"menu_order":0,"comment_status":"closed","ping_status":"closed","template":"","meta":{"footnotes":""},"class_list":["post-11","page","type-page","status-publish","hentry"],"yoast_head":"<!-- This site is optimized with the Yoast SEO plugin v27.2 - https:\/\/yoast.com\/product\/yoast-seo-wordpress\/ -->\n<title>Activit\u00e9s d&#039;enseignement - Service \/ FAU - Etudes Culturelles, Ecologiques, Critiques<\/title>\n<meta name=\"robots\" content=\"index, follow, max-snippet:-1, max-image-preview:large, max-video-preview:-1\" \/>\n<link rel=\"canonical\" href=\"https:\/\/web.umons.ac.be\/cult\/activites-denseignement\/\" \/>\n<meta property=\"og:locale\" content=\"fr_FR\" \/>\n<meta property=\"og:type\" content=\"article\" \/>\n<meta property=\"og:title\" content=\"Activit\u00e9s d&#039;enseignement - Service \/ FAU - Etudes Culturelles, Ecologiques, Critiques\" \/>\n<meta property=\"og:description\" content=\"Architectures, Arts et Espaces Art et architecture II G\u00e9om\u00e9trie descriptive et applications I &#8211; Partie I G\u00e9om\u00e9trie descriptive et applications I &#8211; Partie II G\u00e9om\u00e9trie descriptive et applications II Histoires et th\u00e9ories des arts Imagerie architecturale num\u00e9rique I Imagerie architecturale num\u00e9rique II Moyens d&rsquo;expression graphique I Photographie num\u00e9rique Recherches artistiques I Recherches artistiques II Recherches [&hellip;]\" \/>\n<meta property=\"og:url\" content=\"https:\/\/web.umons.ac.be\/cult\/activites-denseignement\/\" \/>\n<meta property=\"og:site_name\" content=\"Service \/ FAU - Etudes Culturelles, Ecologiques, Critiques\" \/>\n<meta property=\"article:modified_time\" content=\"2026-03-23T13:49:07+00:00\" \/>\n<meta name=\"twitter:card\" content=\"summary_large_image\" \/>\n<meta name=\"twitter:label1\" content=\"Dur\u00e9e de lecture estim\u00e9e\" \/>\n\t<meta name=\"twitter:data1\" content=\"1 minute\" \/>\n<script type=\"application\/ld+json\" class=\"yoast-schema-graph\">{\"@context\":\"https:\/\/schema.org\",\"@graph\":[{\"@type\":\"WebPage\",\"@id\":\"https:\/\/web.umons.ac.be\/cult\/activites-denseignement\/\",\"url\":\"https:\/\/web.umons.ac.be\/cult\/activites-denseignement\/\",\"name\":\"Activit\u00e9s d'enseignement - Service \/ FAU - Etudes Culturelles, Ecologiques, Critiques\",\"isPartOf\":{\"@id\":\"https:\/\/web.umons.ac.be\/cult\/#website\"},\"datePublished\":\"2021-11-30T10:20:02+00:00\",\"dateModified\":\"2026-03-23T13:49:07+00:00\",\"breadcrumb\":{\"@id\":\"https:\/\/web.umons.ac.be\/cult\/activites-denseignement\/#breadcrumb\"},\"inLanguage\":\"fr-FR\",\"potentialAction\":[{\"@type\":\"ReadAction\",\"target\":[\"https:\/\/web.umons.ac.be\/cult\/activites-denseignement\/\"]}]},{\"@type\":\"BreadcrumbList\",\"@id\":\"https:\/\/web.umons.ac.be\/cult\/activites-denseignement\/#breadcrumb\",\"itemListElement\":[{\"@type\":\"ListItem\",\"position\":1,\"name\":\"Home\",\"item\":\"https:\/\/web.umons.ac.be\/cult\/\"},{\"@type\":\"ListItem\",\"position\":2,\"name\":\"Activit\u00e9s d&rsquo;enseignement\"}]},{\"@type\":\"WebSite\",\"@id\":\"https:\/\/web.umons.ac.be\/cult\/#website\",\"url\":\"https:\/\/web.umons.ac.be\/cult\/\",\"name\":\"Service \/ FAU - Etudes Culturelles, Ecologiques, Critiques\",\"description\":\"\",\"potentialAction\":[{\"@type\":\"SearchAction\",\"target\":{\"@type\":\"EntryPoint\",\"urlTemplate\":\"https:\/\/web.umons.ac.be\/cult\/?s={search_term_string}\"},\"query-input\":{\"@type\":\"PropertyValueSpecification\",\"valueRequired\":true,\"valueName\":\"search_term_string\"}}],\"inLanguage\":\"fr-FR\"}]}<\/script>\n<!-- \/ Yoast SEO plugin. -->","yoast_head_json":{"title":"Activit\u00e9s d'enseignement - Service \/ FAU - Etudes Culturelles, Ecologiques, Critiques","robots":{"index":"index","follow":"follow","max-snippet":"max-snippet:-1","max-image-preview":"max-image-preview:large","max-video-preview":"max-video-preview:-1"},"canonical":"https:\/\/web.umons.ac.be\/cult\/activites-denseignement\/","og_locale":"fr_FR","og_type":"article","og_title":"Activit\u00e9s d'enseignement - Service \/ FAU - Etudes Culturelles, Ecologiques, Critiques","og_description":"Architectures, Arts et Espaces Art et architecture II G\u00e9om\u00e9trie descriptive et applications I &#8211; Partie I G\u00e9om\u00e9trie descriptive et applications I &#8211; Partie II G\u00e9om\u00e9trie descriptive et applications II Histoires et th\u00e9ories des arts Imagerie architecturale num\u00e9rique I Imagerie architecturale num\u00e9rique II Moyens d&rsquo;expression graphique I Photographie num\u00e9rique Recherches artistiques I Recherches artistiques II Recherches [&hellip;]","og_url":"https:\/\/web.umons.ac.be\/cult\/activites-denseignement\/","og_site_name":"Service \/ FAU - Etudes Culturelles, Ecologiques, Critiques","article_modified_time":"2026-03-23T13:49:07+00:00","twitter_card":"summary_large_image","twitter_misc":{"Dur\u00e9e de lecture estim\u00e9e":"1 minute"},"schema":{"@context":"https:\/\/schema.org","@graph":[{"@type":"WebPage","@id":"https:\/\/web.umons.ac.be\/cult\/activites-denseignement\/","url":"https:\/\/web.umons.ac.be\/cult\/activites-denseignement\/","name":"Activit\u00e9s d'enseignement - Service \/ FAU - Etudes Culturelles, Ecologiques, Critiques","isPartOf":{"@id":"https:\/\/web.umons.ac.be\/cult\/#website"},"datePublished":"2021-11-30T10:20:02+00:00","dateModified":"2026-03-23T13:49:07+00:00","breadcrumb":{"@id":"https:\/\/web.umons.ac.be\/cult\/activites-denseignement\/#breadcrumb"},"inLanguage":"fr-FR","potentialAction":[{"@type":"ReadAction","target":["https:\/\/web.umons.ac.be\/cult\/activites-denseignement\/"]}]},{"@type":"BreadcrumbList","@id":"https:\/\/web.umons.ac.be\/cult\/activites-denseignement\/#breadcrumb","itemListElement":[{"@type":"ListItem","position":1,"name":"Home","item":"https:\/\/web.umons.ac.be\/cult\/"},{"@type":"ListItem","position":2,"name":"Activit\u00e9s d&rsquo;enseignement"}]},{"@type":"WebSite","@id":"https:\/\/web.umons.ac.be\/cult\/#website","url":"https:\/\/web.umons.ac.be\/cult\/","name":"Service \/ FAU - Etudes Culturelles, Ecologiques, Critiques","description":"","potentialAction":[{"@type":"SearchAction","target":{"@type":"EntryPoint","urlTemplate":"https:\/\/web.umons.ac.be\/cult\/?s={search_term_string}"},"query-input":{"@type":"PropertyValueSpecification","valueRequired":true,"valueName":"search_term_string"}}],"inLanguage":"fr-FR"}]}},"lang":"fr","translations":{"fr":11,"en":13},"pll_sync_post":[],"_links":{"self":[{"href":"https:\/\/web.umons.ac.be\/cult\/wp-json\/wp\/v2\/pages\/11","targetHints":{"allow":["GET"]}}],"collection":[{"href":"https:\/\/web.umons.ac.be\/cult\/wp-json\/wp\/v2\/pages"}],"about":[{"href":"https:\/\/web.umons.ac.be\/cult\/wp-json\/wp\/v2\/types\/page"}],"author":[{"embeddable":true,"href":"https:\/\/web.umons.ac.be\/cult\/wp-json\/wp\/v2\/users\/4"}],"replies":[{"embeddable":true,"href":"https:\/\/web.umons.ac.be\/cult\/wp-json\/wp\/v2\/comments?post=11"}],"version-history":[{"count":1,"href":"https:\/\/web.umons.ac.be\/cult\/wp-json\/wp\/v2\/pages\/11\/revisions"}],"predecessor-version":[{"id":49,"href":"https:\/\/web.umons.ac.be\/cult\/wp-json\/wp\/v2\/pages\/11\/revisions\/49"}],"wp:attachment":[{"href":"https:\/\/web.umons.ac.be\/cult\/wp-json\/wp\/v2\/media?parent=11"}],"curies":[{"name":"wp","href":"https:\/\/api.w.org\/{rel}","templated":true}]}}