{"id":120,"date":"2026-03-23T15:02:26","date_gmt":"2026-03-23T14:02:26","guid":{"rendered":"https:\/\/web.umons.ac.be\/didascol\/?page_id=120"},"modified":"2026-03-23T15:10:49","modified_gmt":"2026-03-23T14:10:49","slug":"eloy-romero-munoz","status":"publish","type":"page","link":"https:\/\/web.umons.ac.be\/didascol\/fr\/equipe\/eloy-romero-munoz\/","title":{"rendered":"Eloy Romero Mu\u00f1oz"},"content":{"rendered":"<p><em><span class=\"TextRun SCXW264000443 BCX8\" lang=\"FR\" xml:lang=\"FR\" data-contrast=\"auto\"><span class=\"NormalTextRun SCXW264000443 BCX8\">suppl\u00e9ant<\/span><\/span><\/em><\/p>\n<p><em style=\"font-variant-ligatures: normal; font-variant-caps: normal; font-weight: 400; font-family: 'Helvetica Neue', Helvetica, Arial, sans-serif; font-size: 14px;\"><span class=\"TextRun SCXW264000443 BCX8\" lang=\"FR\" style=\"font-size: 14px;\" xml:lang=\"FR\" data-contrast=\"auto\"><span class=\"NormalTextRun SCXW264000443 BCX8\" style=\"font-size: 14px;\"><img loading=\"lazy\" decoding=\"async\" class=\"alignnone wp-image-124\" style=\"font-size: 14px;\" src=\"https:\/\/web.umons.ac.be\/app\/uploads\/sites\/214\/2026\/03\/Eloy-201x300.jpg\" alt=\"\" width=\"180\" height=\"269\" srcset=\"https:\/\/web.umons.ac.be\/app\/uploads\/sites\/214\/2026\/03\/Eloy-201x300.jpg 201w, https:\/\/web.umons.ac.be\/app\/uploads\/sites\/214\/2026\/03\/Eloy-685x1024.jpg 685w, https:\/\/web.umons.ac.be\/app\/uploads\/sites\/214\/2026\/03\/Eloy-768x1148.jpg 768w, https:\/\/web.umons.ac.be\/app\/uploads\/sites\/214\/2026\/03\/Eloy-1028x1536.jpg 1028w, https:\/\/web.umons.ac.be\/app\/uploads\/sites\/214\/2026\/03\/Eloy-1370x2048.jpg 1370w, https:\/\/web.umons.ac.be\/app\/uploads\/sites\/214\/2026\/03\/Eloy-442x660.jpg 442w, https:\/\/web.umons.ac.be\/app\/uploads\/sites\/214\/2026\/03\/Eloy-30x45.jpg 30w, https:\/\/web.umons.ac.be\/app\/uploads\/sites\/214\/2026\/03\/Eloy-40x60.jpg 40w, https:\/\/web.umons.ac.be\/app\/uploads\/sites\/214\/2026\/03\/Eloy-360x538.jpg 360w, https:\/\/web.umons.ac.be\/app\/uploads\/sites\/214\/2026\/03\/Eloy-scaled.jpg 1713w\" sizes=\"auto, (max-width: 180px) 100vw, 180px\" \/><\/span><\/span><\/em><\/p>\n<p><strong>Titulaire du cours :\u00a0 <\/strong><span data-ccp-props=\"{&quot;134233117&quot;:false,&quot;134233118&quot;:false,&quot;201341983&quot;:0,&quot;335559738&quot;:0,&quot;335559739&quot;:160,&quot;335559740&quot;:257}\">\u00a0<\/span><\/p>\n<ul>\n<li aria-setsize=\"-1\" data-leveltext=\"\uf0b7\" data-font=\"Symbol\" data-listid=\"3\" data-list-defn-props=\"{&quot;335552541&quot;:1,&quot;335559685&quot;:720,&quot;335559991&quot;:360,&quot;469769226&quot;:&quot;Symbol&quot;,&quot;469769242&quot;:[8226],&quot;469777803&quot;:&quot;left&quot;,&quot;469777804&quot;:&quot;\uf0b7&quot;,&quot;469777815&quot;:&quot;hybridMultilevel&quot;}\" data-aria-posinset=\"1\" data-aria-level=\"1\"><span class=\"TextRun SCXW70765787 BCX8\" lang=\"FR\" xml:lang=\"FR\" data-contrast=\"auto\"><span class=\"NormalTextRun SCXW70765787 BCX8\">Didactique approfondie des langues germaniques<\/span><\/span><\/li>\n<\/ul>\n<p><strong>Th\u00e9matiques de recherche :\u00a0\u00a0<\/strong><\/p>\n<p><span data-contrast=\"auto\">Au niveau de la recherche, ses sujets de pr\u00e9dilections sont la diffusion des innovations p\u00e9dagogiques\u00a0relatives \u00e0\u00a0l\u2019enseignement de la grammaire, la recherche collaborative,\u00a0la linguistique cognitive,\u00a0et les facteurs qui sous-tendent le d\u00e9samour des\u00a0Wallons\u00a0pour le n\u00e9erlandais. Il d\u00e9veloppe actuellement un programme de recherche\u00a0avec\u00a0Dilin\u00a0Liu (University\u00a0of Alabama)\u00a0centr\u00e9 sur la m\u00e9diation p\u00e9dagogique\u00a0(pedagogical\u00a0mediation)\u00a0\u00e0 l\u2019interface entre recherche et enseignement, c\u2019est-\u00e0-dire sur le processus de transformation que n\u00e9cessite le produit de la recherche\u00a0en linguistique\u00a0avant de pouvoir entrer en consid\u00e9ration pour\u00a0l\u2019enseignement.\u00a0\u00a0<\/span><span data-ccp-props=\"{}\">\u00a0<\/span><\/p>\n<p><span data-ccp-props=\"{}\">\u00a0<\/span><span data-contrast=\"auto\">Ses publications sont repr\u00e9sentatives de son parcours hybride d\u2019enseignant-chercheur avec des manuels scolaires, des\u00a0articles scientifiques dans des revues internationales, des articles de vulgarisation dans des revues professionnalisantes,\u00a0mais aussi une participation active au d\u00e9bat\u00a0m\u00e9diatique\u00a0sur l\u2019enseignement du n\u00e9erlandais en Belgique francophone.\u00a0\u00a0Il\u00a0publie en anglais, en n\u00e9erlandais et en fran\u00e7ais, et bient\u00f4t \u00e9galement en espagnol.<\/span><\/p>\n<p><strong>Parcours :\u00a0<\/strong><\/p>\n<p><span class=\"NormalTextRun SCXW267628854 BCX8\">Licenci\u00e9 et agr\u00e9g\u00e9 de l\u2019enseignement secondaire sup\u00e9rieur (<\/span><span class=\"NormalTextRun SpellingErrorV2Themed SCXW267628854 BCX8\">ULi\u00e8ge<\/span><span class=\"NormalTextRun SCXW267628854 BCX8\">)\u00a0<\/span><span class=\"NormalTextRun SCXW267628854 BCX8\">et titulaire d\u2019un doctorat en \u00e9tude du monde anglophone (Universit\u00e9 Sorbonne Nouvelle, Paris 3)<\/span><span class=\"NormalTextRun SCXW267628854 BCX8\">, Eloy Romero Mu\u00f1oz est actif comme enseignant-chercheur en Belgique et ailleurs depuis une bonne vingtaine d\u2019ann\u00e9e. Actuellement, il\u00a0<\/span><span class=\"NormalTextRun SCXW267628854 BCX8\">enseign<\/span><span class=\"NormalTextRun SCXW267628854 BCX8\">e\u00a0<\/span><span class=\"NormalTextRun SCXW267628854 BCX8\">le n\u00e9erlandais et l\u2019anglais\u00a0<\/span><span class=\"NormalTextRun SCXW267628854 BCX8\">\u00e0 l<\/span><span class=\"NormalTextRun SCXW267628854 BCX8\">a Division Pr\u00e9paratoire \u00e0 l\u2019\u00c9cole Royale Militaire (campus\u00a0<\/span><span class=\"NormalTextRun SpellingErrorV2Themed SCXW267628854 BCX8\">Saffraanberg<\/span><span class=\"NormalTextRun SCXW267628854 BCX8\">)<\/span><span class=\"NormalTextRun SCXW267628854 BCX8\">. Il\u00a0<\/span><span class=\"NormalTextRun SCXW267628854 BCX8\">combine cet emploi de terrain avec une activit\u00e9 de recherche soutenue en didactique des langues \u00e9trang\u00e8res et en linguistique appliqu\u00e9e<\/span><span class=\"NormalTextRun SCXW267628854 BCX8\">\u00a0\u00e0 l\u2019<\/span><span class=\"NormalTextRun SpellingErrorV2Themed SCXW267628854 BCX8\">UMONS<\/span><span class=\"NormalTextRun SCXW267628854 BCX8\">.<\/span><\/p>\n<p><span data-contrast=\"auto\"><strong>Contact :<\/strong> <span style=\"color: #78b4b2;\"><a style=\"color: #78b4b2;\" href=\"mailto:romero.fundp@gmail.com\"><span class=\"TextRun SCXW156081479 BCX8\" lang=\"FR-FR\" xml:lang=\"FR-FR\" data-contrast=\"auto\"><span class=\"NormalTextRun SCXW156081479 BCX8\">romero.fundp@gmail.com<\/span><\/span><\/a><\/span><\/span><span style=\"color: #78b4b2;\">\u00a0<\/span><\/p>\n<p><span data-contrast=\"none\"><a href=\"https:\/\/www.researchgate.net\/profile\/Eloy-Romero-Munoz-2\/research\" target=\"_blank\" rel=\"noopener\"><img loading=\"lazy\" decoding=\"async\" class=\"alignleft wp-image-103\" style=\"font-style: normal; font-variant-ligatures: normal; font-variant-caps: normal; font-weight: 400; font-family: 'Helvetica Neue', Helvetica, Arial, sans-serif; font-size: 14px;\" src=\"https:\/\/web.umons.ac.be\/app\/uploads\/sites\/214\/2026\/03\/RG-300x298.png\" alt=\"\" width=\"35\" height=\"35\" srcset=\"https:\/\/web.umons.ac.be\/app\/uploads\/sites\/214\/2026\/03\/RG-300x298.png 300w, https:\/\/web.umons.ac.be\/app\/uploads\/sites\/214\/2026\/03\/RG-150x150.png 150w, https:\/\/web.umons.ac.be\/app\/uploads\/sites\/214\/2026\/03\/RG-30x30.png 30w, https:\/\/web.umons.ac.be\/app\/uploads\/sites\/214\/2026\/03\/RG-80x80.png 80w, https:\/\/web.umons.ac.be\/app\/uploads\/sites\/214\/2026\/03\/RG-60x60.png 60w, https:\/\/web.umons.ac.be\/app\/uploads\/sites\/214\/2026\/03\/RG-360x357.png 360w, https:\/\/web.umons.ac.be\/app\/uploads\/sites\/214\/2026\/03\/RG-400x400.png 400w, https:\/\/web.umons.ac.be\/app\/uploads\/sites\/214\/2026\/03\/RG-200x200.png 200w, https:\/\/web.umons.ac.be\/app\/uploads\/sites\/214\/2026\/03\/RG.png 521w\" sizes=\"auto, (max-width: 35px) 100vw, 35px\" \/><\/a><\/span><\/p>\n","protected":false},"excerpt":{"rendered":"<p>suppl\u00e9ant Titulaire du cours :\u00a0 \u00a0 Didactique approfondie des langues germaniques Th\u00e9matiques de recherche :\u00a0\u00a0 Au niveau de la recherche, ses sujets de pr\u00e9dilections sont la diffusion des innovations p\u00e9dagogiques\u00a0relatives \u00e0\u00a0l\u2019enseignement de la grammaire, la recherche collaborative,\u00a0la linguistique cognitive,\u00a0et les facteurs qui sous-tendent le d\u00e9samour des\u00a0Wallons\u00a0pour le n\u00e9erlandais. Il d\u00e9veloppe actuellement un programme de recherche\u00a0avec\u00a0Dilin\u00a0Liu [&hellip;]<\/p>\n","protected":false},"author":293,"featured_media":0,"parent":7,"menu_order":0,"comment_status":"closed","ping_status":"closed","template":"","meta":{"footnotes":""},"class_list":["post-120","page","type-page","status-publish","hentry"],"yoast_head":"<!-- This site is optimized with the Yoast SEO plugin v27.2 - https:\/\/yoast.com\/product\/yoast-seo-wordpress\/ -->\n<title>Eloy Romero Mu\u00f1oz - Service \/ EFE - Didactique des disciplines scolaires<\/title>\n<meta name=\"robots\" content=\"index, follow, max-snippet:-1, max-image-preview:large, max-video-preview:-1\" \/>\n<link rel=\"canonical\" href=\"https:\/\/web.umons.ac.be\/didascol\/fr\/equipe\/eloy-romero-munoz\/\" \/>\n<meta property=\"og:locale\" content=\"fr_FR\" \/>\n<meta property=\"og:type\" content=\"article\" \/>\n<meta property=\"og:title\" content=\"Eloy Romero Mu\u00f1oz - Service \/ EFE - Didactique des disciplines scolaires\" \/>\n<meta property=\"og:description\" content=\"suppl\u00e9ant Titulaire du cours :\u00a0 \u00a0 Didactique approfondie des langues germaniques Th\u00e9matiques de recherche :\u00a0\u00a0 Au niveau de la recherche, ses sujets de pr\u00e9dilections sont la diffusion des innovations p\u00e9dagogiques\u00a0relatives \u00e0\u00a0l\u2019enseignement de la grammaire, la recherche collaborative,\u00a0la linguistique cognitive,\u00a0et les facteurs qui sous-tendent le d\u00e9samour des\u00a0Wallons\u00a0pour le n\u00e9erlandais. Il d\u00e9veloppe actuellement un programme de recherche\u00a0avec\u00a0Dilin\u00a0Liu [&hellip;]\" \/>\n<meta property=\"og:url\" content=\"https:\/\/web.umons.ac.be\/didascol\/fr\/equipe\/eloy-romero-munoz\/\" \/>\n<meta property=\"og:site_name\" content=\"Service \/ EFE - Didactique des disciplines scolaires\" \/>\n<meta property=\"article:modified_time\" content=\"2026-03-23T14:10:49+00:00\" \/>\n<meta property=\"og:image\" content=\"https:\/\/web.umons.ac.be\/app\/uploads\/sites\/214\/2026\/03\/Eloy-scaled.jpg\" \/>\n\t<meta property=\"og:image:width\" content=\"1713\" \/>\n\t<meta property=\"og:image:height\" content=\"2560\" \/>\n\t<meta property=\"og:image:type\" content=\"image\/jpeg\" \/>\n<meta name=\"twitter:card\" content=\"summary_large_image\" \/>\n<meta name=\"twitter:label1\" content=\"Dur\u00e9e de lecture estim\u00e9e\" \/>\n\t<meta name=\"twitter:data1\" content=\"2 minutes\" \/>\n<script type=\"application\/ld+json\" class=\"yoast-schema-graph\">{\"@context\":\"https:\/\/schema.org\",\"@graph\":[{\"@type\":\"WebPage\",\"@id\":\"https:\/\/web.umons.ac.be\/didascol\/fr\/equipe\/eloy-romero-munoz\/\",\"url\":\"https:\/\/web.umons.ac.be\/didascol\/fr\/equipe\/eloy-romero-munoz\/\",\"name\":\"Eloy Romero Mu\u00f1oz - Service \/ EFE - Didactique des disciplines scolaires\",\"isPartOf\":{\"@id\":\"https:\/\/web.umons.ac.be\/didascol\/#website\"},\"primaryImageOfPage\":{\"@id\":\"https:\/\/web.umons.ac.be\/didascol\/fr\/equipe\/eloy-romero-munoz\/#primaryimage\"},\"image\":{\"@id\":\"https:\/\/web.umons.ac.be\/didascol\/fr\/equipe\/eloy-romero-munoz\/#primaryimage\"},\"thumbnailUrl\":\"https:\/\/web.umons.ac.be\/app\/uploads\/sites\/214\/2026\/03\/Eloy-201x300.jpg\",\"datePublished\":\"2026-03-23T14:02:26+00:00\",\"dateModified\":\"2026-03-23T14:10:49+00:00\",\"breadcrumb\":{\"@id\":\"https:\/\/web.umons.ac.be\/didascol\/fr\/equipe\/eloy-romero-munoz\/#breadcrumb\"},\"inLanguage\":\"fr-FR\",\"potentialAction\":[{\"@type\":\"ReadAction\",\"target\":[\"https:\/\/web.umons.ac.be\/didascol\/fr\/equipe\/eloy-romero-munoz\/\"]}]},{\"@type\":\"ImageObject\",\"inLanguage\":\"fr-FR\",\"@id\":\"https:\/\/web.umons.ac.be\/didascol\/fr\/equipe\/eloy-romero-munoz\/#primaryimage\",\"url\":\"https:\/\/web.umons.ac.be\/app\/uploads\/sites\/214\/2026\/03\/Eloy-201x300.jpg\",\"contentUrl\":\"https:\/\/web.umons.ac.be\/app\/uploads\/sites\/214\/2026\/03\/Eloy-201x300.jpg\"},{\"@type\":\"BreadcrumbList\",\"@id\":\"https:\/\/web.umons.ac.be\/didascol\/fr\/equipe\/eloy-romero-munoz\/#breadcrumb\",\"itemListElement\":[{\"@type\":\"ListItem\",\"position\":1,\"name\":\"Accueil\",\"item\":\"https:\/\/web.umons.ac.be\/didascol\/fr\/accueil\/\"},{\"@type\":\"ListItem\",\"position\":2,\"name\":\"\u00c9quipe\",\"item\":\"https:\/\/web.umons.ac.be\/didascol\/fr\/equipe\/\"},{\"@type\":\"ListItem\",\"position\":3,\"name\":\"Eloy Romero Mu\u00f1oz\"}]},{\"@type\":\"WebSite\",\"@id\":\"https:\/\/web.umons.ac.be\/didascol\/#website\",\"url\":\"https:\/\/web.umons.ac.be\/didascol\/\",\"name\":\"Service \/ EFE - Didactique des disciplines scolaires\",\"description\":\"\",\"potentialAction\":[{\"@type\":\"SearchAction\",\"target\":{\"@type\":\"EntryPoint\",\"urlTemplate\":\"https:\/\/web.umons.ac.be\/didascol\/?s={search_term_string}\"},\"query-input\":{\"@type\":\"PropertyValueSpecification\",\"valueRequired\":true,\"valueName\":\"search_term_string\"}}],\"inLanguage\":\"fr-FR\"}]}<\/script>\n<!-- \/ Yoast SEO plugin. -->","yoast_head_json":{"title":"Eloy Romero Mu\u00f1oz - Service \/ EFE - Didactique des disciplines scolaires","robots":{"index":"index","follow":"follow","max-snippet":"max-snippet:-1","max-image-preview":"max-image-preview:large","max-video-preview":"max-video-preview:-1"},"canonical":"https:\/\/web.umons.ac.be\/didascol\/fr\/equipe\/eloy-romero-munoz\/","og_locale":"fr_FR","og_type":"article","og_title":"Eloy Romero Mu\u00f1oz - Service \/ EFE - Didactique des disciplines scolaires","og_description":"suppl\u00e9ant Titulaire du cours :\u00a0 \u00a0 Didactique approfondie des langues germaniques Th\u00e9matiques de recherche :\u00a0\u00a0 Au niveau de la recherche, ses sujets de pr\u00e9dilections sont la diffusion des innovations p\u00e9dagogiques\u00a0relatives \u00e0\u00a0l\u2019enseignement de la grammaire, la recherche collaborative,\u00a0la linguistique cognitive,\u00a0et les facteurs qui sous-tendent le d\u00e9samour des\u00a0Wallons\u00a0pour le n\u00e9erlandais. Il d\u00e9veloppe actuellement un programme de recherche\u00a0avec\u00a0Dilin\u00a0Liu [&hellip;]","og_url":"https:\/\/web.umons.ac.be\/didascol\/fr\/equipe\/eloy-romero-munoz\/","og_site_name":"Service \/ EFE - Didactique des disciplines scolaires","article_modified_time":"2026-03-23T14:10:49+00:00","og_image":[{"width":1713,"height":2560,"url":"https:\/\/web.umons.ac.be\/app\/uploads\/sites\/214\/2026\/03\/Eloy-scaled.jpg","type":"image\/jpeg"}],"twitter_card":"summary_large_image","twitter_misc":{"Dur\u00e9e de lecture estim\u00e9e":"2 minutes"},"schema":{"@context":"https:\/\/schema.org","@graph":[{"@type":"WebPage","@id":"https:\/\/web.umons.ac.be\/didascol\/fr\/equipe\/eloy-romero-munoz\/","url":"https:\/\/web.umons.ac.be\/didascol\/fr\/equipe\/eloy-romero-munoz\/","name":"Eloy Romero Mu\u00f1oz - Service \/ EFE - Didactique des disciplines scolaires","isPartOf":{"@id":"https:\/\/web.umons.ac.be\/didascol\/#website"},"primaryImageOfPage":{"@id":"https:\/\/web.umons.ac.be\/didascol\/fr\/equipe\/eloy-romero-munoz\/#primaryimage"},"image":{"@id":"https:\/\/web.umons.ac.be\/didascol\/fr\/equipe\/eloy-romero-munoz\/#primaryimage"},"thumbnailUrl":"https:\/\/web.umons.ac.be\/app\/uploads\/sites\/214\/2026\/03\/Eloy-201x300.jpg","datePublished":"2026-03-23T14:02:26+00:00","dateModified":"2026-03-23T14:10:49+00:00","breadcrumb":{"@id":"https:\/\/web.umons.ac.be\/didascol\/fr\/equipe\/eloy-romero-munoz\/#breadcrumb"},"inLanguage":"fr-FR","potentialAction":[{"@type":"ReadAction","target":["https:\/\/web.umons.ac.be\/didascol\/fr\/equipe\/eloy-romero-munoz\/"]}]},{"@type":"ImageObject","inLanguage":"fr-FR","@id":"https:\/\/web.umons.ac.be\/didascol\/fr\/equipe\/eloy-romero-munoz\/#primaryimage","url":"https:\/\/web.umons.ac.be\/app\/uploads\/sites\/214\/2026\/03\/Eloy-201x300.jpg","contentUrl":"https:\/\/web.umons.ac.be\/app\/uploads\/sites\/214\/2026\/03\/Eloy-201x300.jpg"},{"@type":"BreadcrumbList","@id":"https:\/\/web.umons.ac.be\/didascol\/fr\/equipe\/eloy-romero-munoz\/#breadcrumb","itemListElement":[{"@type":"ListItem","position":1,"name":"Accueil","item":"https:\/\/web.umons.ac.be\/didascol\/fr\/accueil\/"},{"@type":"ListItem","position":2,"name":"\u00c9quipe","item":"https:\/\/web.umons.ac.be\/didascol\/fr\/equipe\/"},{"@type":"ListItem","position":3,"name":"Eloy Romero Mu\u00f1oz"}]},{"@type":"WebSite","@id":"https:\/\/web.umons.ac.be\/didascol\/#website","url":"https:\/\/web.umons.ac.be\/didascol\/","name":"Service \/ EFE - Didactique des disciplines scolaires","description":"","potentialAction":[{"@type":"SearchAction","target":{"@type":"EntryPoint","urlTemplate":"https:\/\/web.umons.ac.be\/didascol\/?s={search_term_string}"},"query-input":{"@type":"PropertyValueSpecification","valueRequired":true,"valueName":"search_term_string"}}],"inLanguage":"fr-FR"}]}},"lang":"fr","translations":{"fr":120},"pll_sync_post":[],"_links":{"self":[{"href":"https:\/\/web.umons.ac.be\/didascol\/wp-json\/wp\/v2\/pages\/120","targetHints":{"allow":["GET"]}}],"collection":[{"href":"https:\/\/web.umons.ac.be\/didascol\/wp-json\/wp\/v2\/pages"}],"about":[{"href":"https:\/\/web.umons.ac.be\/didascol\/wp-json\/wp\/v2\/types\/page"}],"author":[{"embeddable":true,"href":"https:\/\/web.umons.ac.be\/didascol\/wp-json\/wp\/v2\/users\/293"}],"replies":[{"embeddable":true,"href":"https:\/\/web.umons.ac.be\/didascol\/wp-json\/wp\/v2\/comments?post=120"}],"version-history":[{"count":3,"href":"https:\/\/web.umons.ac.be\/didascol\/wp-json\/wp\/v2\/pages\/120\/revisions"}],"predecessor-version":[{"id":132,"href":"https:\/\/web.umons.ac.be\/didascol\/wp-json\/wp\/v2\/pages\/120\/revisions\/132"}],"up":[{"embeddable":true,"href":"https:\/\/web.umons.ac.be\/didascol\/wp-json\/wp\/v2\/pages\/7"}],"wp:attachment":[{"href":"https:\/\/web.umons.ac.be\/didascol\/wp-json\/wp\/v2\/media?parent=120"}],"curies":[{"name":"wp","href":"https:\/\/api.w.org\/{rel}","templated":true}]}}