{"id":15,"date":"2025-12-07T12:06:06","date_gmt":"2025-12-07T11:06:06","guid":{"rendered":"https:\/\/web.umons.ac.be\/didacsol\/activites-de-recherche\/"},"modified":"2026-03-30T15:02:08","modified_gmt":"2026-03-30T13:02:08","slug":"activites-de-recherche","status":"publish","type":"page","link":"https:\/\/web.umons.ac.be\/didascol\/fr\/activites-de-recherche\/","title":{"rendered":"Activit\u00e9s de recherche"},"content":{"rendered":"<p>Nous donnons des formations \u00e0 la demande :<\/p>\n<ul>\n<li>\u00a0Didactique de la lecture et de l&rsquo;\u00e9criture : apprentissage initial de la lecture et de l&rsquo;\u00e9criture, dispositifs pour enseigner la compr\u00e9hension en lecture tout en motivant les \u00e9l\u00e8ves, enseignement de l&rsquo;orthographe dans le tronc commun, etc.<\/li>\n<li>Didactique des sciences : l&rsquo;enseignement de l\u2019\u00e9cologie par la mod\u00e9lisation et la simulation en premi\u00e8re et deuxi\u00e8me ann\u00e9e de l\u2019enseignement secondaire.<\/li>\n<li>Didactique des math\u00e9matiques : enseignement et apprentissage de la proportionnalit\u00e9 de la P5 \u00e0 la S2.<\/li>\n<li>Etc.<\/li>\n<\/ul>\n<p>Pour nous contacter : marie.dumont@umons.ac.be<\/p>\n<p>&nbsp;<\/p>\n<p style=\"font-weight: 400;\">\n","protected":false},"excerpt":{"rendered":"<p>Nous donnons des formations \u00e0 la demande : \u00a0Didactique de la lecture et de l&rsquo;\u00e9criture : apprentissage initial de la lecture et de l&rsquo;\u00e9criture, dispositifs pour enseigner la compr\u00e9hension en lecture tout en motivant les \u00e9l\u00e8ves, enseignement de l&rsquo;orthographe dans le tronc commun, etc. Didactique des sciences : l&rsquo;enseignement de l\u2019\u00e9cologie par la mod\u00e9lisation et [&hellip;]<\/p>\n","protected":false},"author":1,"featured_media":0,"parent":0,"menu_order":0,"comment_status":"closed","ping_status":"closed","template":"","meta":{"footnotes":""},"class_list":["post-15","page","type-page","status-publish","hentry"],"yoast_head":"<!-- This site is optimized with the Yoast SEO plugin v27.2 - https:\/\/yoast.com\/product\/yoast-seo-wordpress\/ -->\n<title>Activit\u00e9s de recherche - Service \/ EFE - Didactique des disciplines scolaires<\/title>\n<meta name=\"robots\" content=\"index, follow, max-snippet:-1, max-image-preview:large, max-video-preview:-1\" \/>\n<link rel=\"canonical\" href=\"https:\/\/web.umons.ac.be\/didascol\/fr\/activites-de-recherche\/\" \/>\n<meta property=\"og:locale\" content=\"fr_FR\" \/>\n<meta property=\"og:type\" content=\"article\" \/>\n<meta property=\"og:title\" content=\"Activit\u00e9s de recherche - Service \/ EFE - Didactique des disciplines scolaires\" \/>\n<meta property=\"og:description\" content=\"Nous donnons des formations \u00e0 la demande : \u00a0Didactique de la lecture et de l&rsquo;\u00e9criture : apprentissage initial de la lecture et de l&rsquo;\u00e9criture, dispositifs pour enseigner la compr\u00e9hension en lecture tout en motivant les \u00e9l\u00e8ves, enseignement de l&rsquo;orthographe dans le tronc commun, etc. Didactique des sciences : l&rsquo;enseignement de l\u2019\u00e9cologie par la mod\u00e9lisation et [&hellip;]\" \/>\n<meta property=\"og:url\" content=\"https:\/\/web.umons.ac.be\/didascol\/fr\/activites-de-recherche\/\" \/>\n<meta property=\"og:site_name\" content=\"Service \/ EFE - Didactique des disciplines scolaires\" \/>\n<meta property=\"article:modified_time\" content=\"2026-03-30T13:02:08+00:00\" \/>\n<meta name=\"twitter:card\" content=\"summary_large_image\" \/>\n<meta name=\"twitter:label1\" content=\"Dur\u00e9e de lecture estim\u00e9e\" \/>\n\t<meta name=\"twitter:data1\" content=\"1 minute\" \/>\n<script type=\"application\/ld+json\" class=\"yoast-schema-graph\">{\"@context\":\"https:\/\/schema.org\",\"@graph\":[{\"@type\":\"WebPage\",\"@id\":\"https:\/\/web.umons.ac.be\/didascol\/fr\/activites-de-recherche\/\",\"url\":\"https:\/\/web.umons.ac.be\/didascol\/fr\/activites-de-recherche\/\",\"name\":\"Activit\u00e9s de recherche - Service \/ EFE - Didactique des disciplines scolaires\",\"isPartOf\":{\"@id\":\"https:\/\/web.umons.ac.be\/didascol\/#website\"},\"datePublished\":\"2025-12-07T11:06:06+00:00\",\"dateModified\":\"2026-03-30T13:02:08+00:00\",\"breadcrumb\":{\"@id\":\"https:\/\/web.umons.ac.be\/didascol\/fr\/activites-de-recherche\/#breadcrumb\"},\"inLanguage\":\"fr-FR\",\"potentialAction\":[{\"@type\":\"ReadAction\",\"target\":[\"https:\/\/web.umons.ac.be\/didascol\/fr\/activites-de-recherche\/\"]}]},{\"@type\":\"BreadcrumbList\",\"@id\":\"https:\/\/web.umons.ac.be\/didascol\/fr\/activites-de-recherche\/#breadcrumb\",\"itemListElement\":[{\"@type\":\"ListItem\",\"position\":1,\"name\":\"Accueil\",\"item\":\"https:\/\/web.umons.ac.be\/didascol\/fr\/accueil\/\"},{\"@type\":\"ListItem\",\"position\":2,\"name\":\"Activit\u00e9s de recherche\"}]},{\"@type\":\"WebSite\",\"@id\":\"https:\/\/web.umons.ac.be\/didascol\/#website\",\"url\":\"https:\/\/web.umons.ac.be\/didascol\/\",\"name\":\"Service \/ EFE - Didactique des disciplines scolaires\",\"description\":\"\",\"potentialAction\":[{\"@type\":\"SearchAction\",\"target\":{\"@type\":\"EntryPoint\",\"urlTemplate\":\"https:\/\/web.umons.ac.be\/didascol\/?s={search_term_string}\"},\"query-input\":{\"@type\":\"PropertyValueSpecification\",\"valueRequired\":true,\"valueName\":\"search_term_string\"}}],\"inLanguage\":\"fr-FR\"}]}<\/script>\n<!-- \/ Yoast SEO plugin. -->","yoast_head_json":{"title":"Activit\u00e9s de recherche - Service \/ EFE - Didactique des disciplines scolaires","robots":{"index":"index","follow":"follow","max-snippet":"max-snippet:-1","max-image-preview":"max-image-preview:large","max-video-preview":"max-video-preview:-1"},"canonical":"https:\/\/web.umons.ac.be\/didascol\/fr\/activites-de-recherche\/","og_locale":"fr_FR","og_type":"article","og_title":"Activit\u00e9s de recherche - Service \/ EFE - Didactique des disciplines scolaires","og_description":"Nous donnons des formations \u00e0 la demande : \u00a0Didactique de la lecture et de l&rsquo;\u00e9criture : apprentissage initial de la lecture et de l&rsquo;\u00e9criture, dispositifs pour enseigner la compr\u00e9hension en lecture tout en motivant les \u00e9l\u00e8ves, enseignement de l&rsquo;orthographe dans le tronc commun, etc. Didactique des sciences : l&rsquo;enseignement de l\u2019\u00e9cologie par la mod\u00e9lisation et [&hellip;]","og_url":"https:\/\/web.umons.ac.be\/didascol\/fr\/activites-de-recherche\/","og_site_name":"Service \/ EFE - Didactique des disciplines scolaires","article_modified_time":"2026-03-30T13:02:08+00:00","twitter_card":"summary_large_image","twitter_misc":{"Dur\u00e9e de lecture estim\u00e9e":"1 minute"},"schema":{"@context":"https:\/\/schema.org","@graph":[{"@type":"WebPage","@id":"https:\/\/web.umons.ac.be\/didascol\/fr\/activites-de-recherche\/","url":"https:\/\/web.umons.ac.be\/didascol\/fr\/activites-de-recherche\/","name":"Activit\u00e9s de recherche - Service \/ EFE - Didactique des disciplines scolaires","isPartOf":{"@id":"https:\/\/web.umons.ac.be\/didascol\/#website"},"datePublished":"2025-12-07T11:06:06+00:00","dateModified":"2026-03-30T13:02:08+00:00","breadcrumb":{"@id":"https:\/\/web.umons.ac.be\/didascol\/fr\/activites-de-recherche\/#breadcrumb"},"inLanguage":"fr-FR","potentialAction":[{"@type":"ReadAction","target":["https:\/\/web.umons.ac.be\/didascol\/fr\/activites-de-recherche\/"]}]},{"@type":"BreadcrumbList","@id":"https:\/\/web.umons.ac.be\/didascol\/fr\/activites-de-recherche\/#breadcrumb","itemListElement":[{"@type":"ListItem","position":1,"name":"Accueil","item":"https:\/\/web.umons.ac.be\/didascol\/fr\/accueil\/"},{"@type":"ListItem","position":2,"name":"Activit\u00e9s de recherche"}]},{"@type":"WebSite","@id":"https:\/\/web.umons.ac.be\/didascol\/#website","url":"https:\/\/web.umons.ac.be\/didascol\/","name":"Service \/ EFE - Didactique des disciplines scolaires","description":"","potentialAction":[{"@type":"SearchAction","target":{"@type":"EntryPoint","urlTemplate":"https:\/\/web.umons.ac.be\/didascol\/?s={search_term_string}"},"query-input":{"@type":"PropertyValueSpecification","valueRequired":true,"valueName":"search_term_string"}}],"inLanguage":"fr-FR"}]}},"lang":"fr","translations":{"fr":15,"en":17},"pll_sync_post":[],"_links":{"self":[{"href":"https:\/\/web.umons.ac.be\/didascol\/wp-json\/wp\/v2\/pages\/15","targetHints":{"allow":["GET"]}}],"collection":[{"href":"https:\/\/web.umons.ac.be\/didascol\/wp-json\/wp\/v2\/pages"}],"about":[{"href":"https:\/\/web.umons.ac.be\/didascol\/wp-json\/wp\/v2\/types\/page"}],"author":[{"embeddable":true,"href":"https:\/\/web.umons.ac.be\/didascol\/wp-json\/wp\/v2\/users\/1"}],"replies":[{"embeddable":true,"href":"https:\/\/web.umons.ac.be\/didascol\/wp-json\/wp\/v2\/comments?post=15"}],"version-history":[{"count":3,"href":"https:\/\/web.umons.ac.be\/didascol\/wp-json\/wp\/v2\/pages\/15\/revisions"}],"predecessor-version":[{"id":167,"href":"https:\/\/web.umons.ac.be\/didascol\/wp-json\/wp\/v2\/pages\/15\/revisions\/167"}],"wp:attachment":[{"href":"https:\/\/web.umons.ac.be\/didascol\/wp-json\/wp\/v2\/media?parent=15"}],"curies":[{"name":"wp","href":"https:\/\/api.w.org\/{rel}","templated":true}]}}