{"id":153,"date":"2026-03-30T13:01:11","date_gmt":"2026-03-30T11:01:11","guid":{"rendered":"https:\/\/web.umons.ac.be\/didascol\/?page_id=153"},"modified":"2026-03-30T14:02:16","modified_gmt":"2026-03-30T12:02:16","slug":"emilie-beydts","status":"publish","type":"page","link":"https:\/\/web.umons.ac.be\/didascol\/fr\/equipe\/emilie-beydts\/","title":{"rendered":"Emilie Beydts"},"content":{"rendered":"<p><em><span class=\"TextRun SCXW264000443 BCX8\" lang=\"FR\" xml:lang=\"FR\" data-contrast=\"auto\"><span class=\"NormalTextRun SCXW264000443 BCX8\">suppl\u00e9ante<\/span><\/span><\/em><\/p>\n<p><em style=\"margin-top: 0px; font-variant-ligatures: normal; font-variant-caps: normal; font-weight: 400; font-family: 'Helvetica Neue', Helvetica, Arial, sans-serif; font-size: 14px;\"><span class=\"TextRun SCXW264000443 BCX8\" lang=\"FR\" style=\"font-size: 14px;\" xml:lang=\"FR\" data-contrast=\"auto\"><span class=\"NormalTextRun SCXW264000443 BCX8\" style=\"font-size: 14px;\"><img loading=\"lazy\" decoding=\"async\" class=\"size-medium wp-image-126 alignnone\" src=\"https:\/\/web.umons.ac.be\/app\/uploads\/sites\/214\/2026\/03\/photo-didentite-Emilie--245x300.jpg\" alt=\"\" width=\"245\" height=\"300\" srcset=\"https:\/\/web.umons.ac.be\/app\/uploads\/sites\/214\/2026\/03\/photo-didentite-Emilie--245x300.jpg 245w, https:\/\/web.umons.ac.be\/app\/uploads\/sites\/214\/2026\/03\/photo-didentite-Emilie--30x37.jpg 30w, https:\/\/web.umons.ac.be\/app\/uploads\/sites\/214\/2026\/03\/photo-didentite-Emilie--49x60.jpg 49w, https:\/\/web.umons.ac.be\/app\/uploads\/sites\/214\/2026\/03\/photo-didentite-Emilie--360x441.jpg 360w, https:\/\/web.umons.ac.be\/app\/uploads\/sites\/214\/2026\/03\/photo-didentite-Emilie-.jpg 492w\" sizes=\"auto, (max-width: 245px) 100vw, 245px\" \/><\/span><\/span><\/em><\/p>\n<p><strong>Titulaire du cours :\u00a0 <\/strong><span data-ccp-props=\"{&quot;134233117&quot;:false,&quot;134233118&quot;:false,&quot;201341983&quot;:0,&quot;335559738&quot;:0,&quot;335559739&quot;:160,&quot;335559740&quot;:257}\">\u00a0<\/span><\/p>\n<ul>\n<li aria-setsize=\"-1\" data-leveltext=\"\uf0b7\" data-font=\"Symbol\" data-listid=\"3\" data-list-defn-props=\"{&quot;335552541&quot;:1,&quot;335559685&quot;:720,&quot;335559991&quot;:360,&quot;469769226&quot;:&quot;Symbol&quot;,&quot;469769242&quot;:[8226],&quot;469777803&quot;:&quot;left&quot;,&quot;469777804&quot;:&quot;\uf0b7&quot;,&quot;469777815&quot;:&quot;hybridMultilevel&quot;}\" data-aria-posinset=\"1\" data-aria-level=\"1\"><span data-contrast=\"auto\">Didactique <span class=\"TextRun SCXW52703969 BCX8\" lang=\"FR-FR\" xml:lang=\"FR-FR\" data-contrast=\"auto\"><span class=\"NormalTextRun SCXW52703969 BCX8\">des sciences humaines (S3 et MSFE)<\/span><\/span><\/span><span data-ccp-props=\"{&quot;134233117&quot;:false,&quot;134233118&quot;:false,&quot;201341983&quot;:0,&quot;335559738&quot;:0,&quot;335559739&quot;:0,&quot;335559740&quot;:257}\">\u00a0<\/span><\/li>\n<\/ul>\n<p><strong>Parcours :\u00a0<\/strong><\/p>\n<p><span data-contrast=\"auto\">Li<\/span><span data-contrast=\"none\">cenci\u00e9e en\u00a0histoire m\u00e9di\u00e9vale, titulaire du CESS et du CAPAES, elle enseigne dans le secondaire\u00a0inf\u00e9rieur et\u00a0sup\u00e9rieur de\u00a02006\u00a0\u00e0 2018. En\u00a0<\/span><span data-contrast=\"auto\">2018, elle devient maitre-assistante en\u00a0histoire\u00a0au d\u00e9partement\u00a0des sciences de l\u2019\u00e9ducation\u00a0de la\u00a0Haute Ecole en Hainaut\u00a0en sections secondaire\u00a0et\u00a0primaire.\u00a0<\/span><span data-ccp-props=\"{&quot;335551550&quot;:6,&quot;335551620&quot;:6}\">\u00a0<\/span><\/p>\n<p><span data-contrast=\"auto\">En 2014, elle devient guide officielle de la ville de Mons puis guide conf\u00e9renci\u00e8re \u00e0 la R\u00e9gion wallonne. Elle guide essentiellement au Mons Memorial Museum et donne des conf\u00e9rences sur l\u2019instrumentalisation du devoir de m\u00e9moire et sur les plus-values p\u00e9dagogiques du mus\u00e9e. <\/span><span data-ccp-props=\"{&quot;335551550&quot;:6,&quot;335551620&quot;:6}\">\u00a0<\/span><\/p>\n<p><span data-contrast=\"auto\">Depuis 2024,\u00a0elle co-\u00e9crit un manuel scolaire en FHGES pour la maison d\u2019\u00e9dition\u00a0Pelkmans.\u00a0\u00a0<\/span><span data-ccp-props=\"{&quot;201341983&quot;:0,&quot;335551550&quot;:6,&quot;335551620&quot;:6,&quot;335559740&quot;:276}\">\u00a0<\/span><\/p>\n<p><span data-contrast=\"auto\">Depuis 2023, elle\u00a0donne le cours de didactique des sciences humaines pour les MSFE.\u00a0<\/span><span data-ccp-props=\"{&quot;335551550&quot;:6,&quot;335551620&quot;:6}\">\u00a0<\/span><\/p>\n<p><span data-contrast=\"auto\">Depuis 2025, elle est professeure suppl\u00e9ante \u00e0 l\u2019Universit\u00e9 de Mons pour le cours de didactique des sciences humaines et <span class=\"NormalTextRun SCXW162971784 BCX8\">elle devient membre du service de didactique des disciplines scolaires (<\/span><span class=\"NormalTextRun SpellingErrorV2Themed SCXW162971784 BCX8\">Didascol<\/span><span class=\"NormalTextRun SCXW162971784 BCX8\">) de l\u2019<\/span><span class=\"NormalTextRun SpellingErrorV2Themed SCXW162971784 BCX8\">UMONS.<\/span><\/span><\/p>\n<p><strong>Contributions :\u00a0\u00a0<\/strong><\/p>\n<p><span data-ccp-props=\"{&quot;335551550&quot;:6,&quot;335551620&quot;:6}\">\u00a0<\/span><span data-contrast=\"auto\">Article sur \u00ab\u00a0la cr\u00e9ation de la Grand Place de Mons, un enjeu politique\u00a0\u00bb dans l\u2019ouvrage collectif\u00a0suivant :\u00a0CAUCHIES J. -M., HORGE VIRGINIEN, ROUSMAN C., SIMON S., (sous la direction de),\u00a0<\/span><i><span data-contrast=\"auto\">Histoire de la ville de Mons. Politique, militaire, am\u00e9nagement du\u00a0territoire<\/span><\/i><span data-contrast=\"auto\">, Racine, 2024.<\/span><span data-ccp-props=\"{&quot;335551550&quot;:6,&quot;335551620&quot;:6}\">\u00a0<\/span><\/p>\n<p><span data-ccp-props=\"{&quot;335551550&quot;:6,&quot;335551620&quot;:6}\">\u00a0<\/span><span data-contrast=\"auto\">\u00c0 paraitre : Les \u201cfranches fiestes \u00bb &#8211; March\u00e9s et halles \u00e0 Mons au Moyen \u00c2ge &#8211; Les \u00ab pliches \u00bb de la foire de Mons dans l\u2019ouvrage collectif : CAUCHIES J. -M., HORGE VIRGINIEN, ROUSMAN C., SIMON S., (sous la direction de), <\/span><i><span data-contrast=\"auto\">Histoire de la ville de Mons.\u00a0Economie, soci\u00e9t\u00e9 et sant\u00e9 publique<\/span><\/i><span data-contrast=\"auto\">, Racine, 2026.<\/span><\/p>\n<p><span data-contrast=\"auto\"><strong>Contact :<\/strong> <span style=\"color: #78b4b2;\"><a style=\"color: #78b4b2;\" href=\"mailto:emilie.beydts@umons.ac.be\"><span class=\"TextRun SCXW2709699 BCX8\" lang=\"FR-FR\" xml:lang=\"FR-FR\" data-contrast=\"none\"><span class=\"NormalTextRun SCXW2709699 BCX8\">emilie.beydts@umons.ac.be<\/span><\/span><\/a><\/span><\/span><\/p>\n","protected":false},"excerpt":{"rendered":"<p>suppl\u00e9ante Titulaire du cours :\u00a0 \u00a0 Didactique des sciences humaines (S3 et MSFE)\u00a0 Parcours :\u00a0 Licenci\u00e9e en\u00a0histoire m\u00e9di\u00e9vale, titulaire du CESS et du CAPAES, elle enseigne dans le secondaire\u00a0inf\u00e9rieur et\u00a0sup\u00e9rieur de\u00a02006\u00a0\u00e0 2018. En\u00a02018, elle devient maitre-assistante en\u00a0histoire\u00a0au d\u00e9partement\u00a0des sciences de l\u2019\u00e9ducation\u00a0de la\u00a0Haute Ecole en Hainaut\u00a0en sections secondaire\u00a0et\u00a0primaire.\u00a0\u00a0 En 2014, elle devient guide officielle de la [&hellip;]<\/p>\n","protected":false},"author":293,"featured_media":0,"parent":7,"menu_order":0,"comment_status":"closed","ping_status":"closed","template":"","meta":{"footnotes":""},"class_list":["post-153","page","type-page","status-publish","hentry"],"yoast_head":"<!-- This site is optimized with the Yoast SEO plugin v27.2 - https:\/\/yoast.com\/product\/yoast-seo-wordpress\/ -->\n<title>Emilie Beydts - Service \/ EFE - Didactique des disciplines scolaires<\/title>\n<meta name=\"robots\" content=\"index, follow, max-snippet:-1, max-image-preview:large, max-video-preview:-1\" \/>\n<link rel=\"canonical\" href=\"https:\/\/web.umons.ac.be\/didascol\/fr\/equipe\/emilie-beydts\/\" \/>\n<meta property=\"og:locale\" content=\"fr_FR\" \/>\n<meta property=\"og:type\" content=\"article\" \/>\n<meta property=\"og:title\" content=\"Emilie Beydts - Service \/ EFE - Didactique des disciplines scolaires\" \/>\n<meta property=\"og:description\" content=\"suppl\u00e9ante Titulaire du cours :\u00a0 \u00a0 Didactique des sciences humaines (S3 et MSFE)\u00a0 Parcours :\u00a0 Licenci\u00e9e en\u00a0histoire m\u00e9di\u00e9vale, titulaire du CESS et du CAPAES, elle enseigne dans le secondaire\u00a0inf\u00e9rieur et\u00a0sup\u00e9rieur de\u00a02006\u00a0\u00e0 2018. En\u00a02018, elle devient maitre-assistante en\u00a0histoire\u00a0au d\u00e9partement\u00a0des sciences de l\u2019\u00e9ducation\u00a0de la\u00a0Haute Ecole en Hainaut\u00a0en sections secondaire\u00a0et\u00a0primaire.\u00a0\u00a0 En 2014, elle devient guide officielle de la [&hellip;]\" \/>\n<meta property=\"og:url\" content=\"https:\/\/web.umons.ac.be\/didascol\/fr\/equipe\/emilie-beydts\/\" \/>\n<meta property=\"og:site_name\" content=\"Service \/ EFE - Didactique des disciplines scolaires\" \/>\n<meta property=\"article:modified_time\" content=\"2026-03-30T12:02:16+00:00\" \/>\n<meta property=\"og:image\" content=\"https:\/\/web.umons.ac.be\/app\/uploads\/sites\/214\/2026\/03\/photo-didentite-Emilie-.jpg\" \/>\n\t<meta property=\"og:image:width\" content=\"492\" \/>\n\t<meta property=\"og:image:height\" content=\"603\" \/>\n\t<meta property=\"og:image:type\" content=\"image\/jpeg\" \/>\n<meta name=\"twitter:card\" content=\"summary_large_image\" \/>\n<meta name=\"twitter:label1\" content=\"Dur\u00e9e de lecture estim\u00e9e\" \/>\n\t<meta name=\"twitter:data1\" content=\"2 minutes\" \/>\n<script type=\"application\/ld+json\" class=\"yoast-schema-graph\">{\"@context\":\"https:\/\/schema.org\",\"@graph\":[{\"@type\":\"WebPage\",\"@id\":\"https:\/\/web.umons.ac.be\/didascol\/fr\/equipe\/emilie-beydts\/\",\"url\":\"https:\/\/web.umons.ac.be\/didascol\/fr\/equipe\/emilie-beydts\/\",\"name\":\"Emilie Beydts - Service \/ EFE - Didactique des disciplines scolaires\",\"isPartOf\":{\"@id\":\"https:\/\/web.umons.ac.be\/didascol\/#website\"},\"primaryImageOfPage\":{\"@id\":\"https:\/\/web.umons.ac.be\/didascol\/fr\/equipe\/emilie-beydts\/#primaryimage\"},\"image\":{\"@id\":\"https:\/\/web.umons.ac.be\/didascol\/fr\/equipe\/emilie-beydts\/#primaryimage\"},\"thumbnailUrl\":\"https:\/\/web.umons.ac.be\/app\/uploads\/sites\/214\/2026\/03\/photo-didentite-Emilie--245x300.jpg\",\"datePublished\":\"2026-03-30T11:01:11+00:00\",\"dateModified\":\"2026-03-30T12:02:16+00:00\",\"breadcrumb\":{\"@id\":\"https:\/\/web.umons.ac.be\/didascol\/fr\/equipe\/emilie-beydts\/#breadcrumb\"},\"inLanguage\":\"fr-FR\",\"potentialAction\":[{\"@type\":\"ReadAction\",\"target\":[\"https:\/\/web.umons.ac.be\/didascol\/fr\/equipe\/emilie-beydts\/\"]}]},{\"@type\":\"ImageObject\",\"inLanguage\":\"fr-FR\",\"@id\":\"https:\/\/web.umons.ac.be\/didascol\/fr\/equipe\/emilie-beydts\/#primaryimage\",\"url\":\"https:\/\/web.umons.ac.be\/app\/uploads\/sites\/214\/2026\/03\/photo-didentite-Emilie--245x300.jpg\",\"contentUrl\":\"https:\/\/web.umons.ac.be\/app\/uploads\/sites\/214\/2026\/03\/photo-didentite-Emilie--245x300.jpg\"},{\"@type\":\"BreadcrumbList\",\"@id\":\"https:\/\/web.umons.ac.be\/didascol\/fr\/equipe\/emilie-beydts\/#breadcrumb\",\"itemListElement\":[{\"@type\":\"ListItem\",\"position\":1,\"name\":\"Accueil\",\"item\":\"https:\/\/web.umons.ac.be\/didascol\/fr\/accueil\/\"},{\"@type\":\"ListItem\",\"position\":2,\"name\":\"\u00c9quipe\",\"item\":\"https:\/\/web.umons.ac.be\/didascol\/fr\/equipe\/\"},{\"@type\":\"ListItem\",\"position\":3,\"name\":\"Emilie Beydts\"}]},{\"@type\":\"WebSite\",\"@id\":\"https:\/\/web.umons.ac.be\/didascol\/#website\",\"url\":\"https:\/\/web.umons.ac.be\/didascol\/\",\"name\":\"Service \/ EFE - Didactique des disciplines scolaires\",\"description\":\"\",\"potentialAction\":[{\"@type\":\"SearchAction\",\"target\":{\"@type\":\"EntryPoint\",\"urlTemplate\":\"https:\/\/web.umons.ac.be\/didascol\/?s={search_term_string}\"},\"query-input\":{\"@type\":\"PropertyValueSpecification\",\"valueRequired\":true,\"valueName\":\"search_term_string\"}}],\"inLanguage\":\"fr-FR\"}]}<\/script>\n<!-- \/ Yoast SEO plugin. -->","yoast_head_json":{"title":"Emilie Beydts - Service \/ EFE - Didactique des disciplines scolaires","robots":{"index":"index","follow":"follow","max-snippet":"max-snippet:-1","max-image-preview":"max-image-preview:large","max-video-preview":"max-video-preview:-1"},"canonical":"https:\/\/web.umons.ac.be\/didascol\/fr\/equipe\/emilie-beydts\/","og_locale":"fr_FR","og_type":"article","og_title":"Emilie Beydts - Service \/ EFE - Didactique des disciplines scolaires","og_description":"suppl\u00e9ante Titulaire du cours :\u00a0 \u00a0 Didactique des sciences humaines (S3 et MSFE)\u00a0 Parcours :\u00a0 Licenci\u00e9e en\u00a0histoire m\u00e9di\u00e9vale, titulaire du CESS et du CAPAES, elle enseigne dans le secondaire\u00a0inf\u00e9rieur et\u00a0sup\u00e9rieur de\u00a02006\u00a0\u00e0 2018. En\u00a02018, elle devient maitre-assistante en\u00a0histoire\u00a0au d\u00e9partement\u00a0des sciences de l\u2019\u00e9ducation\u00a0de la\u00a0Haute Ecole en Hainaut\u00a0en sections secondaire\u00a0et\u00a0primaire.\u00a0\u00a0 En 2014, elle devient guide officielle de la [&hellip;]","og_url":"https:\/\/web.umons.ac.be\/didascol\/fr\/equipe\/emilie-beydts\/","og_site_name":"Service \/ EFE - Didactique des disciplines scolaires","article_modified_time":"2026-03-30T12:02:16+00:00","og_image":[{"width":492,"height":603,"url":"https:\/\/web.umons.ac.be\/app\/uploads\/sites\/214\/2026\/03\/photo-didentite-Emilie-.jpg","type":"image\/jpeg"}],"twitter_card":"summary_large_image","twitter_misc":{"Dur\u00e9e de lecture estim\u00e9e":"2 minutes"},"schema":{"@context":"https:\/\/schema.org","@graph":[{"@type":"WebPage","@id":"https:\/\/web.umons.ac.be\/didascol\/fr\/equipe\/emilie-beydts\/","url":"https:\/\/web.umons.ac.be\/didascol\/fr\/equipe\/emilie-beydts\/","name":"Emilie Beydts - Service \/ EFE - Didactique des disciplines scolaires","isPartOf":{"@id":"https:\/\/web.umons.ac.be\/didascol\/#website"},"primaryImageOfPage":{"@id":"https:\/\/web.umons.ac.be\/didascol\/fr\/equipe\/emilie-beydts\/#primaryimage"},"image":{"@id":"https:\/\/web.umons.ac.be\/didascol\/fr\/equipe\/emilie-beydts\/#primaryimage"},"thumbnailUrl":"https:\/\/web.umons.ac.be\/app\/uploads\/sites\/214\/2026\/03\/photo-didentite-Emilie--245x300.jpg","datePublished":"2026-03-30T11:01:11+00:00","dateModified":"2026-03-30T12:02:16+00:00","breadcrumb":{"@id":"https:\/\/web.umons.ac.be\/didascol\/fr\/equipe\/emilie-beydts\/#breadcrumb"},"inLanguage":"fr-FR","potentialAction":[{"@type":"ReadAction","target":["https:\/\/web.umons.ac.be\/didascol\/fr\/equipe\/emilie-beydts\/"]}]},{"@type":"ImageObject","inLanguage":"fr-FR","@id":"https:\/\/web.umons.ac.be\/didascol\/fr\/equipe\/emilie-beydts\/#primaryimage","url":"https:\/\/web.umons.ac.be\/app\/uploads\/sites\/214\/2026\/03\/photo-didentite-Emilie--245x300.jpg","contentUrl":"https:\/\/web.umons.ac.be\/app\/uploads\/sites\/214\/2026\/03\/photo-didentite-Emilie--245x300.jpg"},{"@type":"BreadcrumbList","@id":"https:\/\/web.umons.ac.be\/didascol\/fr\/equipe\/emilie-beydts\/#breadcrumb","itemListElement":[{"@type":"ListItem","position":1,"name":"Accueil","item":"https:\/\/web.umons.ac.be\/didascol\/fr\/accueil\/"},{"@type":"ListItem","position":2,"name":"\u00c9quipe","item":"https:\/\/web.umons.ac.be\/didascol\/fr\/equipe\/"},{"@type":"ListItem","position":3,"name":"Emilie Beydts"}]},{"@type":"WebSite","@id":"https:\/\/web.umons.ac.be\/didascol\/#website","url":"https:\/\/web.umons.ac.be\/didascol\/","name":"Service \/ EFE - Didactique des disciplines scolaires","description":"","potentialAction":[{"@type":"SearchAction","target":{"@type":"EntryPoint","urlTemplate":"https:\/\/web.umons.ac.be\/didascol\/?s={search_term_string}"},"query-input":{"@type":"PropertyValueSpecification","valueRequired":true,"valueName":"search_term_string"}}],"inLanguage":"fr-FR"}]}},"lang":"fr","translations":{"fr":153},"pll_sync_post":[],"_links":{"self":[{"href":"https:\/\/web.umons.ac.be\/didascol\/wp-json\/wp\/v2\/pages\/153","targetHints":{"allow":["GET"]}}],"collection":[{"href":"https:\/\/web.umons.ac.be\/didascol\/wp-json\/wp\/v2\/pages"}],"about":[{"href":"https:\/\/web.umons.ac.be\/didascol\/wp-json\/wp\/v2\/types\/page"}],"author":[{"embeddable":true,"href":"https:\/\/web.umons.ac.be\/didascol\/wp-json\/wp\/v2\/users\/293"}],"replies":[{"embeddable":true,"href":"https:\/\/web.umons.ac.be\/didascol\/wp-json\/wp\/v2\/comments?post=153"}],"version-history":[{"count":2,"href":"https:\/\/web.umons.ac.be\/didascol\/wp-json\/wp\/v2\/pages\/153\/revisions"}],"predecessor-version":[{"id":162,"href":"https:\/\/web.umons.ac.be\/didascol\/wp-json\/wp\/v2\/pages\/153\/revisions\/162"}],"up":[{"embeddable":true,"href":"https:\/\/web.umons.ac.be\/didascol\/wp-json\/wp\/v2\/pages\/7"}],"wp:attachment":[{"href":"https:\/\/web.umons.ac.be\/didascol\/wp-json\/wp\/v2\/media?parent=153"}],"curies":[{"name":"wp","href":"https:\/\/api.w.org\/{rel}","templated":true}]}}