{"id":158,"date":"2026-03-30T13:36:13","date_gmt":"2026-03-30T11:36:13","guid":{"rendered":"https:\/\/web.umons.ac.be\/didascol\/?page_id=158"},"modified":"2026-03-30T13:36:13","modified_gmt":"2026-03-30T11:36:13","slug":"catherine-leruste","status":"publish","type":"page","link":"https:\/\/web.umons.ac.be\/didascol\/fr\/catherine-leruste\/","title":{"rendered":"Catherine Leruste"},"content":{"rendered":"<p><em><span class=\"TextRun SCXW264000443 BCX8\" lang=\"FR\" xml:lang=\"FR\" data-contrast=\"auto\"><span class=\"NormalTextRun SCXW264000443 BCX8\">suppl\u00e9ante<\/span><\/span><\/em><\/p>\n<p><em style=\"margin-top: 0px; font-variant-ligatures: normal; font-variant-caps: normal; font-weight: 400; font-family: 'Helvetica Neue', Helvetica, Arial, sans-serif; font-size: 14px;\"><span class=\"TextRun SCXW264000443 BCX8\" lang=\"FR\" style=\"font-size: 14px;\" xml:lang=\"FR\" data-contrast=\"auto\"><span class=\"NormalTextRun SCXW264000443 BCX8\" style=\"font-size: 14px;\"><img loading=\"lazy\" decoding=\"async\" class=\"size-full wp-image-159 alignnone\" src=\"https:\/\/web.umons.ac.be\/app\/uploads\/sites\/214\/2026\/03\/1517448749400.jpg\" alt=\"\" width=\"200\" height=\"200\" srcset=\"https:\/\/web.umons.ac.be\/app\/uploads\/sites\/214\/2026\/03\/1517448749400.jpg 200w, https:\/\/web.umons.ac.be\/app\/uploads\/sites\/214\/2026\/03\/1517448749400-150x150.jpg 150w, https:\/\/web.umons.ac.be\/app\/uploads\/sites\/214\/2026\/03\/1517448749400-30x30.jpg 30w, https:\/\/web.umons.ac.be\/app\/uploads\/sites\/214\/2026\/03\/1517448749400-80x80.jpg 80w, https:\/\/web.umons.ac.be\/app\/uploads\/sites\/214\/2026\/03\/1517448749400-60x60.jpg 60w\" sizes=\"auto, (max-width: 200px) 100vw, 200px\" \/><\/span><\/span><\/em><\/p>\n<p><span data-contrast=\"auto\">Titulaire, avec La\u00ebtitia Dragone, des cours :\u00a0<\/span><span data-ccp-props=\"{}\">\u00a0<\/span><\/p>\n<ul>\n<li aria-setsize=\"-1\" data-leveltext=\"-\" data-font=\"Aptos\" data-listid=\"5\" data-list-defn-props=\"{&quot;335552541&quot;:1,&quot;335559685&quot;:720,&quot;335559991&quot;:360,&quot;469769226&quot;:&quot;Aptos&quot;,&quot;469769242&quot;:[8226],&quot;469777803&quot;:&quot;left&quot;,&quot;469777804&quot;:&quot;-&quot;,&quot;469777815&quot;:&quot;hybridMultilevel&quot;}\" data-aria-posinset=\"3\" data-aria-level=\"1\"><span data-contrast=\"auto\">G\u00e9om\u00e9trie de l\u2019espace &#8211; compl\u00e9ments de g\u00e9om\u00e9trie plane<\/span><span data-ccp-props=\"{}\">\u00a0<\/span><\/li>\n<\/ul>\n<ul>\n<li aria-setsize=\"-1\" data-leveltext=\"-\" data-font=\"Aptos\" data-listid=\"5\" data-list-defn-props=\"{&quot;335552541&quot;:1,&quot;335559685&quot;:720,&quot;335559991&quot;:360,&quot;469769226&quot;:&quot;Aptos&quot;,&quot;469769242&quot;:[8226],&quot;469777803&quot;:&quot;left&quot;,&quot;469777804&quot;:&quot;-&quot;,&quot;469777815&quot;:&quot;hybridMultilevel&quot;}\" data-aria-posinset=\"4\" data-aria-level=\"1\"><span data-contrast=\"auto\">Transformations du plan<\/span><span data-ccp-props=\"{}\">\u00a0<\/span><\/li>\n<\/ul>\n<p><span data-contrast=\"auto\"><strong>Th\u00e9matiques de recherche et d&rsquo;int\u00e9r\u00eat :<\/strong>\u00a0<\/span><\/p>\n<p><span data-contrast=\"auto\">L&rsquo;approche des math\u00e9matiques et de l&rsquo;initiation \u00e0 la programmation par la manipulation et la p\u00e9dagogie du jeu ; la p\u00e9dagogie de l&rsquo;enseignement en informatique et le \u00ab Bien penser en informatique \u00bb.<\/span><span data-ccp-props=\"{&quot;335551550&quot;:6,&quot;335551620&quot;:6}\">\u00a0<\/span><\/p>\n<p><strong>Parcours :\u00a0<\/strong><\/p>\n<p><span data-contrast=\"auto\">Licenci\u00e9e en sciences math\u00e9matiques \u00e0 l&rsquo;UMH, Catherine\u00a0Leruste\u00a0a rapidement compl\u00e9t\u00e9 sa formation par un graduat en informatique et un CAPAES.<\/span><span data-ccp-props=\"{&quot;134233117&quot;:false,&quot;134233118&quot;:false,&quot;335551550&quot;:6,&quot;335551620&quot;:6,&quot;335559738&quot;:0,&quot;335559739&quot;:240}\">\u00a0<\/span><\/p>\n<p><span data-contrast=\"auto\">Elle a d&rsquo;abord exerc\u00e9 comme maitre-assistante en informatique de gestion \u00e0 la HE2B ESI de 2001 \u00e0 2018. Depuis 2016, elle est maitre-assistante en sciences math\u00e9matiques \u00e0 la HEPH Condorcet Mons, o\u00f9 elle forme les futurs enseignants de la section 1 (de la 1re maternelle \u00e0 la 2e primaire) et de la section 3 (de la 5<sup>e<\/sup> primaire \u00e0 la 3<sup>e<\/sup> secondaire). Profond\u00e9ment convaincue de l&rsquo;importance d&rsquo;aborder les math\u00e9matiques d\u00e8s le plus jeune \u00e2ge, elle s&rsquo;appuie notamment sur les travaux de R\u00e9mi\u00a0Brissiaud\u00a0concernant la construction du nombre, tout en insistant sur le fait que l&rsquo;\u00e9cole maternelle constitue le terreau essentiel au d\u00e9veloppement du raisonnement logique et de la structuration spatiale. Au sein de la Haute \u00c9cole, son implication dans les\u00a0ateliers de\u00a0formation\u00a0professionnelle et les visites de stage lui permettent de rester en prise directe avec la r\u00e9alit\u00e9 du terrain et les enjeux pratiques du m\u00e9tier d&rsquo;enseignant.<\/span><span data-ccp-props=\"{&quot;134233117&quot;:false,&quot;134233118&quot;:false,&quot;335551550&quot;:6,&quot;335551620&quot;:6,&quot;335559738&quot;:240,&quot;335559739&quot;:240}\">\u00a0<\/span><\/p>\n<p><span data-contrast=\"auto\">En septembre 2025, elle int\u00e8gre le service de didactique des disciplines scolaires (Didascol) de l\u2019Universit\u00e9 de Mons. Cette fonction lui donne l&rsquo;opportunit\u00e9 d&rsquo;enseigner la didactique de la g\u00e9om\u00e9trie de l&rsquo;espace en section 3 \u2013 une mati\u00e8re dont la mod\u00e9lisation d\u00e9bute de fa\u00e7on intuitive d\u00e8s l&rsquo;enseignement maternel \u2013 ainsi que les transformations du plan aupr\u00e8s d&rsquo;un public r\u00e9unissant les sections 1 et 2. Cette configuration transversale l&rsquo;am\u00e8ne \u00e0 penser une progression didactique rigoureuse et exigeante, n\u00e9cessitant de partir du v\u00e9cu corporel de l&rsquo;\u00e9l\u00e8ve (comme l&rsquo;exploration de pr\u00e9concepts en salle de psychomotricit\u00e9) pour l&rsquo;accompagner progressivement vers l&rsquo;abstraction et la conceptualisation math\u00e9matique.<\/span><span data-ccp-props=\"{&quot;134233117&quot;:false,&quot;134233118&quot;:false,&quot;335551550&quot;:6,&quot;335551620&quot;:6,&quot;335559738&quot;:240,&quot;335559739&quot;:240}\">\u00a0<\/span><\/p>\n<p><span data-contrast=\"auto\">Particuli\u00e8rement impliqu\u00e9e dans l&rsquo;innovation p\u00e9dagogique et technologique, elle\u00a0co-cr\u00e9e\u00a0des jeux math\u00e9matiques inclusifs et organise des activit\u00e9s bas\u00e9es sur\u00a0mTiny, Scratch et Lego Spike. Tr\u00e8s attach\u00e9e \u00e0 l&rsquo;accompagnement des \u00e9tudiants, elle a \u00e9galement particip\u00e9 \u00e0 la cr\u00e9ation d&rsquo;une \u00e9cole des devoirs en partenariat avec l&rsquo;\u00c9cole du Futur de Mons et met r\u00e9guli\u00e8rement en place des dispositifs d&rsquo;aide \u00e0 la r\u00e9ussite.<\/span><span data-ccp-props=\"{&quot;134233117&quot;:false,&quot;134233118&quot;:false,&quot;335551550&quot;:6,&quot;335551620&quot;:6,&quot;335559738&quot;:240,&quot;335559739&quot;:240}\">\u00a0<\/span><\/p>\n<p><span data-contrast=\"auto\"><strong>Contact :<\/strong><span style=\"color: #78b4b2;\"> <a class=\"Hyperlink SCXW128743072 BCX8\" style=\"color: #78b4b2;\" href=\"mailto:cleruste@gmail.com\" target=\"_blank\" rel=\"noreferrer noopener\"><span class=\"TextRun Underlined SCXW128743072 BCX8\" lang=\"FR-FR\" xml:lang=\"FR-FR\" data-contrast=\"none\"><span class=\"NormalTextRun SCXW128743072 BCX8\" data-ccp-charstyle=\"Hyperlink\">catherine.leruste@umons.ac.be<\/span><\/span><\/a><\/span><\/span><\/p>\n<p>&nbsp;<\/p>\n<p>&nbsp;<\/p>\n<p>&nbsp;<\/p>\n","protected":false},"excerpt":{"rendered":"<p>suppl\u00e9ante Titulaire, avec La\u00ebtitia Dragone, des cours :\u00a0\u00a0 G\u00e9om\u00e9trie de l\u2019espace &#8211; compl\u00e9ments de g\u00e9om\u00e9trie plane\u00a0 Transformations du plan\u00a0 Th\u00e9matiques de recherche et d&rsquo;int\u00e9r\u00eat :\u00a0 L&rsquo;approche des math\u00e9matiques et de l&rsquo;initiation \u00e0 la programmation par la manipulation et la p\u00e9dagogie du jeu ; la p\u00e9dagogie de l&rsquo;enseignement en informatique et le \u00ab Bien penser en [&hellip;]<\/p>\n","protected":false},"author":293,"featured_media":0,"parent":0,"menu_order":0,"comment_status":"closed","ping_status":"closed","template":"","meta":{"footnotes":""},"class_list":["post-158","page","type-page","status-publish","hentry"],"yoast_head":"<!-- This site is optimized with the Yoast SEO plugin v27.2 - https:\/\/yoast.com\/product\/yoast-seo-wordpress\/ -->\n<title>Catherine Leruste - Service \/ EFE - Didactique des disciplines scolaires<\/title>\n<meta name=\"robots\" content=\"index, follow, max-snippet:-1, max-image-preview:large, max-video-preview:-1\" \/>\n<link rel=\"canonical\" href=\"https:\/\/web.umons.ac.be\/didascol\/fr\/catherine-leruste\/\" \/>\n<meta property=\"og:locale\" content=\"fr_FR\" \/>\n<meta property=\"og:type\" content=\"article\" \/>\n<meta property=\"og:title\" content=\"Catherine Leruste - Service \/ EFE - Didactique des disciplines scolaires\" \/>\n<meta property=\"og:description\" content=\"suppl\u00e9ante Titulaire, avec La\u00ebtitia Dragone, des cours :\u00a0\u00a0 G\u00e9om\u00e9trie de l\u2019espace &#8211; compl\u00e9ments de g\u00e9om\u00e9trie plane\u00a0 Transformations du plan\u00a0 Th\u00e9matiques de recherche et d&rsquo;int\u00e9r\u00eat :\u00a0 L&rsquo;approche des math\u00e9matiques et de l&rsquo;initiation \u00e0 la programmation par la manipulation et la p\u00e9dagogie du jeu ; la p\u00e9dagogie de l&rsquo;enseignement en informatique et le \u00ab Bien penser en [&hellip;]\" \/>\n<meta property=\"og:url\" content=\"https:\/\/web.umons.ac.be\/didascol\/fr\/catherine-leruste\/\" \/>\n<meta property=\"og:site_name\" content=\"Service \/ EFE - Didactique des disciplines scolaires\" \/>\n<meta property=\"og:image\" content=\"https:\/\/web.umons.ac.be\/app\/uploads\/sites\/214\/2026\/03\/1517448749400.jpg\" \/>\n\t<meta property=\"og:image:width\" content=\"200\" \/>\n\t<meta property=\"og:image:height\" content=\"200\" \/>\n\t<meta property=\"og:image:type\" content=\"image\/jpeg\" \/>\n<meta name=\"twitter:card\" content=\"summary_large_image\" \/>\n<meta name=\"twitter:label1\" content=\"Dur\u00e9e de lecture estim\u00e9e\" \/>\n\t<meta name=\"twitter:data1\" content=\"3 minutes\" \/>\n<script type=\"application\/ld+json\" class=\"yoast-schema-graph\">{\"@context\":\"https:\/\/schema.org\",\"@graph\":[{\"@type\":\"WebPage\",\"@id\":\"https:\/\/web.umons.ac.be\/didascol\/fr\/catherine-leruste\/\",\"url\":\"https:\/\/web.umons.ac.be\/didascol\/fr\/catherine-leruste\/\",\"name\":\"Catherine Leruste - Service \/ EFE - Didactique des disciplines scolaires\",\"isPartOf\":{\"@id\":\"https:\/\/web.umons.ac.be\/didascol\/#website\"},\"primaryImageOfPage\":{\"@id\":\"https:\/\/web.umons.ac.be\/didascol\/fr\/catherine-leruste\/#primaryimage\"},\"image\":{\"@id\":\"https:\/\/web.umons.ac.be\/didascol\/fr\/catherine-leruste\/#primaryimage\"},\"thumbnailUrl\":\"https:\/\/web.umons.ac.be\/app\/uploads\/sites\/214\/2026\/03\/1517448749400.jpg\",\"datePublished\":\"2026-03-30T11:36:13+00:00\",\"breadcrumb\":{\"@id\":\"https:\/\/web.umons.ac.be\/didascol\/fr\/catherine-leruste\/#breadcrumb\"},\"inLanguage\":\"fr-FR\",\"potentialAction\":[{\"@type\":\"ReadAction\",\"target\":[\"https:\/\/web.umons.ac.be\/didascol\/fr\/catherine-leruste\/\"]}]},{\"@type\":\"ImageObject\",\"inLanguage\":\"fr-FR\",\"@id\":\"https:\/\/web.umons.ac.be\/didascol\/fr\/catherine-leruste\/#primaryimage\",\"url\":\"https:\/\/web.umons.ac.be\/app\/uploads\/sites\/214\/2026\/03\/1517448749400.jpg\",\"contentUrl\":\"https:\/\/web.umons.ac.be\/app\/uploads\/sites\/214\/2026\/03\/1517448749400.jpg\"},{\"@type\":\"BreadcrumbList\",\"@id\":\"https:\/\/web.umons.ac.be\/didascol\/fr\/catherine-leruste\/#breadcrumb\",\"itemListElement\":[{\"@type\":\"ListItem\",\"position\":1,\"name\":\"Accueil\",\"item\":\"https:\/\/web.umons.ac.be\/didascol\/fr\/accueil\/\"},{\"@type\":\"ListItem\",\"position\":2,\"name\":\"Catherine Leruste\"}]},{\"@type\":\"WebSite\",\"@id\":\"https:\/\/web.umons.ac.be\/didascol\/#website\",\"url\":\"https:\/\/web.umons.ac.be\/didascol\/\",\"name\":\"Service \/ EFE - Didactique des disciplines scolaires\",\"description\":\"\",\"potentialAction\":[{\"@type\":\"SearchAction\",\"target\":{\"@type\":\"EntryPoint\",\"urlTemplate\":\"https:\/\/web.umons.ac.be\/didascol\/?s={search_term_string}\"},\"query-input\":{\"@type\":\"PropertyValueSpecification\",\"valueRequired\":true,\"valueName\":\"search_term_string\"}}],\"inLanguage\":\"fr-FR\"}]}<\/script>\n<!-- \/ Yoast SEO plugin. -->","yoast_head_json":{"title":"Catherine Leruste - Service \/ EFE - Didactique des disciplines scolaires","robots":{"index":"index","follow":"follow","max-snippet":"max-snippet:-1","max-image-preview":"max-image-preview:large","max-video-preview":"max-video-preview:-1"},"canonical":"https:\/\/web.umons.ac.be\/didascol\/fr\/catherine-leruste\/","og_locale":"fr_FR","og_type":"article","og_title":"Catherine Leruste - Service \/ EFE - Didactique des disciplines scolaires","og_description":"suppl\u00e9ante Titulaire, avec La\u00ebtitia Dragone, des cours :\u00a0\u00a0 G\u00e9om\u00e9trie de l\u2019espace &#8211; compl\u00e9ments de g\u00e9om\u00e9trie plane\u00a0 Transformations du plan\u00a0 Th\u00e9matiques de recherche et d&rsquo;int\u00e9r\u00eat :\u00a0 L&rsquo;approche des math\u00e9matiques et de l&rsquo;initiation \u00e0 la programmation par la manipulation et la p\u00e9dagogie du jeu ; la p\u00e9dagogie de l&rsquo;enseignement en informatique et le \u00ab Bien penser en [&hellip;]","og_url":"https:\/\/web.umons.ac.be\/didascol\/fr\/catherine-leruste\/","og_site_name":"Service \/ EFE - Didactique des disciplines scolaires","og_image":[{"width":200,"height":200,"url":"https:\/\/web.umons.ac.be\/app\/uploads\/sites\/214\/2026\/03\/1517448749400.jpg","type":"image\/jpeg"}],"twitter_card":"summary_large_image","twitter_misc":{"Dur\u00e9e de lecture estim\u00e9e":"3 minutes"},"schema":{"@context":"https:\/\/schema.org","@graph":[{"@type":"WebPage","@id":"https:\/\/web.umons.ac.be\/didascol\/fr\/catherine-leruste\/","url":"https:\/\/web.umons.ac.be\/didascol\/fr\/catherine-leruste\/","name":"Catherine Leruste - Service \/ EFE - Didactique des disciplines scolaires","isPartOf":{"@id":"https:\/\/web.umons.ac.be\/didascol\/#website"},"primaryImageOfPage":{"@id":"https:\/\/web.umons.ac.be\/didascol\/fr\/catherine-leruste\/#primaryimage"},"image":{"@id":"https:\/\/web.umons.ac.be\/didascol\/fr\/catherine-leruste\/#primaryimage"},"thumbnailUrl":"https:\/\/web.umons.ac.be\/app\/uploads\/sites\/214\/2026\/03\/1517448749400.jpg","datePublished":"2026-03-30T11:36:13+00:00","breadcrumb":{"@id":"https:\/\/web.umons.ac.be\/didascol\/fr\/catherine-leruste\/#breadcrumb"},"inLanguage":"fr-FR","potentialAction":[{"@type":"ReadAction","target":["https:\/\/web.umons.ac.be\/didascol\/fr\/catherine-leruste\/"]}]},{"@type":"ImageObject","inLanguage":"fr-FR","@id":"https:\/\/web.umons.ac.be\/didascol\/fr\/catherine-leruste\/#primaryimage","url":"https:\/\/web.umons.ac.be\/app\/uploads\/sites\/214\/2026\/03\/1517448749400.jpg","contentUrl":"https:\/\/web.umons.ac.be\/app\/uploads\/sites\/214\/2026\/03\/1517448749400.jpg"},{"@type":"BreadcrumbList","@id":"https:\/\/web.umons.ac.be\/didascol\/fr\/catherine-leruste\/#breadcrumb","itemListElement":[{"@type":"ListItem","position":1,"name":"Accueil","item":"https:\/\/web.umons.ac.be\/didascol\/fr\/accueil\/"},{"@type":"ListItem","position":2,"name":"Catherine Leruste"}]},{"@type":"WebSite","@id":"https:\/\/web.umons.ac.be\/didascol\/#website","url":"https:\/\/web.umons.ac.be\/didascol\/","name":"Service \/ EFE - Didactique des disciplines scolaires","description":"","potentialAction":[{"@type":"SearchAction","target":{"@type":"EntryPoint","urlTemplate":"https:\/\/web.umons.ac.be\/didascol\/?s={search_term_string}"},"query-input":{"@type":"PropertyValueSpecification","valueRequired":true,"valueName":"search_term_string"}}],"inLanguage":"fr-FR"}]}},"lang":"fr","translations":{"fr":158},"pll_sync_post":[],"_links":{"self":[{"href":"https:\/\/web.umons.ac.be\/didascol\/wp-json\/wp\/v2\/pages\/158","targetHints":{"allow":["GET"]}}],"collection":[{"href":"https:\/\/web.umons.ac.be\/didascol\/wp-json\/wp\/v2\/pages"}],"about":[{"href":"https:\/\/web.umons.ac.be\/didascol\/wp-json\/wp\/v2\/types\/page"}],"author":[{"embeddable":true,"href":"https:\/\/web.umons.ac.be\/didascol\/wp-json\/wp\/v2\/users\/293"}],"replies":[{"embeddable":true,"href":"https:\/\/web.umons.ac.be\/didascol\/wp-json\/wp\/v2\/comments?post=158"}],"version-history":[{"count":1,"href":"https:\/\/web.umons.ac.be\/didascol\/wp-json\/wp\/v2\/pages\/158\/revisions"}],"predecessor-version":[{"id":161,"href":"https:\/\/web.umons.ac.be\/didascol\/wp-json\/wp\/v2\/pages\/158\/revisions\/161"}],"wp:attachment":[{"href":"https:\/\/web.umons.ac.be\/didascol\/wp-json\/wp\/v2\/media?parent=158"}],"curies":[{"name":"wp","href":"https:\/\/api.w.org\/{rel}","templated":true}]}}