{"id":90,"date":"2026-03-18T15:17:26","date_gmt":"2026-03-18T14:17:26","guid":{"rendered":"https:\/\/web.umons.ac.be\/didascol\/?page_id=90"},"modified":"2026-03-23T15:15:44","modified_gmt":"2026-03-23T14:15:44","slug":"catherine-laumonier","status":"publish","type":"page","link":"https:\/\/web.umons.ac.be\/didascol\/fr\/equipe\/catherine-laumonier\/","title":{"rendered":"Catherine Laumonier"},"content":{"rendered":"<p><em><span class=\"TextRun SCXW264000443 BCX8\" lang=\"FR\" xml:lang=\"FR\" data-contrast=\"auto\"><span class=\"NormalTextRun SCXW264000443 BCX8\">suppl\u00e9ante<\/span><\/span><\/em><\/p>\n<p><em style=\"margin-top: 0px; font-variant-ligatures: normal; font-variant-caps: normal; font-weight: 400; font-family: 'Helvetica Neue', Helvetica, Arial, sans-serif; font-size: 14px;\"><span class=\"TextRun SCXW264000443 BCX8\" lang=\"FR\" style=\"font-size: 14px;\" xml:lang=\"FR\" data-contrast=\"auto\"><span class=\"NormalTextRun SCXW264000443 BCX8\" style=\"font-size: 14px;\"><img loading=\"lazy\" decoding=\"async\" class=\"wp-image-134 alignnone\" style=\"font-size: 14px;\" src=\"https:\/\/web.umons.ac.be\/app\/uploads\/sites\/214\/2026\/03\/Cath-290x300.png\" alt=\"\" width=\"209\" height=\"216\" srcset=\"https:\/\/web.umons.ac.be\/app\/uploads\/sites\/214\/2026\/03\/Cath-290x300.png 290w, https:\/\/web.umons.ac.be\/app\/uploads\/sites\/214\/2026\/03\/Cath-30x31.png 30w, https:\/\/web.umons.ac.be\/app\/uploads\/sites\/214\/2026\/03\/Cath-58x60.png 58w, https:\/\/web.umons.ac.be\/app\/uploads\/sites\/214\/2026\/03\/Cath.png 311w\" sizes=\"auto, (max-width: 209px) 100vw, 209px\" \/><\/span><\/span><\/em><\/p>\n<p><strong>Titulaire du cours :\u00a0 <\/strong><span data-ccp-props=\"{&quot;134233117&quot;:false,&quot;134233118&quot;:false,&quot;201341983&quot;:0,&quot;335559738&quot;:0,&quot;335559739&quot;:160,&quot;335559740&quot;:257}\">\u00a0<\/span><\/p>\n<ul>\n<li aria-setsize=\"-1\" data-leveltext=\"\uf0b7\" data-font=\"Symbol\" data-listid=\"3\" data-list-defn-props=\"{&quot;335552541&quot;:1,&quot;335559685&quot;:720,&quot;335559991&quot;:360,&quot;469769226&quot;:&quot;Symbol&quot;,&quot;469769242&quot;:[8226],&quot;469777803&quot;:&quot;left&quot;,&quot;469777804&quot;:&quot;\uf0b7&quot;,&quot;469777815&quot;:&quot;hybridMultilevel&quot;}\" data-aria-posinset=\"1\" data-aria-level=\"1\"><span data-contrast=\"auto\">Didactique\u00a0des sciences<\/span><span data-ccp-props=\"{&quot;134233117&quot;:false,&quot;134233118&quot;:false,&quot;201341983&quot;:0,&quot;335559738&quot;:0,&quot;335559739&quot;:0,&quot;335559740&quot;:257}\">\u00a0<\/span><\/li>\n<\/ul>\n<p><strong>Th\u00e9matiques de recherche :\u00a0\u00a0<\/strong><\/p>\n<ul>\n<li aria-setsize=\"-1\" data-leveltext=\"\u00b7\" data-font=\"Symbol\" data-listid=\"4\" data-list-defn-props=\"{&quot;335552541&quot;:1,&quot;335559685&quot;:720,&quot;335559991&quot;:360,&quot;469769226&quot;:&quot;Symbol&quot;,&quot;469769242&quot;:[8226],&quot;469777803&quot;:&quot;left&quot;,&quot;469777804&quot;:&quot;\u00b7&quot;,&quot;469777815&quot;:&quot;hybridMultilevel&quot;}\" data-aria-posinset=\"1\" data-aria-level=\"1\"><span data-contrast=\"auto\">l\u2019apprentissage\u00a0de l\u2019observation en science,\u00a0<\/span><span data-ccp-props=\"{&quot;134233117&quot;:false,&quot;134233118&quot;:false,&quot;201341983&quot;:0,&quot;335559685&quot;:720,&quot;335559737&quot;:0,&quot;335559738&quot;:0,&quot;335559739&quot;:0,&quot;335559740&quot;:257,&quot;335559991&quot;:360}\">\u00a0<\/span><\/li>\n<\/ul>\n<ul>\n<li aria-setsize=\"-1\" data-leveltext=\"\u00b7\" data-font=\"Symbol\" data-listid=\"4\" data-list-defn-props=\"{&quot;335552541&quot;:1,&quot;335559685&quot;:720,&quot;335559991&quot;:360,&quot;469769226&quot;:&quot;Symbol&quot;,&quot;469769242&quot;:[8226],&quot;469777803&quot;:&quot;left&quot;,&quot;469777804&quot;:&quot;\u00b7&quot;,&quot;469777815&quot;:&quot;hybridMultilevel&quot;}\" data-aria-posinset=\"2\" data-aria-level=\"1\"><span data-contrast=\"auto\">les\u00a0processus de conceptualisation et de repr\u00e9sentation des ph\u00e9nom\u00e8nes scientifiques, et<\/span><span data-ccp-props=\"{&quot;134233117&quot;:false,&quot;134233118&quot;:false,&quot;201341983&quot;:0,&quot;335559685&quot;:720,&quot;335559737&quot;:0,&quot;335559738&quot;:0,&quot;335559739&quot;:0,&quot;335559740&quot;:257,&quot;335559991&quot;:360}\">\u00a0<\/span><\/li>\n<\/ul>\n<ul>\n<li aria-setsize=\"-1\" data-leveltext=\"\u00b7\" data-font=\"Symbol\" data-listid=\"4\" data-list-defn-props=\"{&quot;335552541&quot;:1,&quot;335559685&quot;:720,&quot;335559991&quot;:360,&quot;469769226&quot;:&quot;Symbol&quot;,&quot;469769242&quot;:[8226],&quot;469777803&quot;:&quot;left&quot;,&quot;469777804&quot;:&quot;\u00b7&quot;,&quot;469777815&quot;:&quot;hybridMultilevel&quot;}\" data-aria-posinset=\"3\" data-aria-level=\"1\"><span data-contrast=\"auto\">le\u00a0d\u00e9veloppement du raisonnement scientifique.<\/span><span data-ccp-props=\"{&quot;134233117&quot;:false,&quot;134233118&quot;:false,&quot;201341983&quot;:0,&quot;335559685&quot;:720,&quot;335559737&quot;:0,&quot;335559738&quot;:0,&quot;335559739&quot;:0,&quot;335559740&quot;:257,&quot;335559991&quot;:360}\">\u00a0<\/span><\/li>\n<\/ul>\n<p><strong>Parcours :\u00a0<\/strong><\/p>\n<p><span data-contrast=\"auto\">Docteure en sciences biologiques, agr\u00e9g\u00e9e de l\u2019enseignement secondaire sup\u00e9rieur et titulaire d\u2019un CAPAES, Catherine\u00a0Laumonier\u00a0a enseign\u00e9 la biologie et sa didactique de 2006 \u00e0 2022 au sein du d\u00e9partement p\u00e9dagogique de la Haute \u00c9cole Bruxelles-Brabant (HE2B). En 2021, elle rejoint le Service d\u2019Appui P\u00e9dagogique de l\u2019UMONS en tant que conseill\u00e8re en\u00a0technop\u00e9dagogie\u00a0universitaire, o\u00f9 elle con\u00e7oit et analyse, en collaboration avec des enseignants de l\u2019universit\u00e9, divers dispositifs num\u00e9riques d\u2019apprentissage. En 2025, elle obtient une suppl\u00e9ance \u00e0 l\u2019\u00c9cole de Formation des Enseignants, au sein du service\u00a0Didascol.<\/span><span data-ccp-props=\"{&quot;134233117&quot;:false,&quot;134233118&quot;:false,&quot;201341983&quot;:0,&quot;335559738&quot;:0,&quot;335559739&quot;:160,&quot;335559740&quot;:257}\">\u00a0<\/span><\/p>\n<p><strong>Engagements professionnels :\u00a0\u00a0<\/strong><\/p>\n<p><span data-contrast=\"auto\">Tr\u00e8s investie dans la promotion de l\u2019enseignement de la biologie, Catherine\u00a0Laumonier\u00a0pr\u00e9side depuis plusieurs ann\u00e9es l<span style=\"color: #78b4b2;\">\u2019<a style=\"color: #78b4b2;\" href=\"https:\/\/www.probio.be\/\" target=\"_blank\" rel=\"noopener\">association des professeurs de Biologie (PROBIO\u00a0asbl)<\/a><\/span>. Elle contribue \u00e9galement \u00e0 l\u2019organisation des<span style=\"color: #78b4b2;\"> <a style=\"color: #78b4b2;\" href=\"https:\/\/olympiades.be\/fr\/accueil\" target=\"_blank\" rel=\"noopener\">Olympiades de biologie<\/a> <\/span>et \u00e0 la r\u00e9daction du magazine PROBIO.<\/span><span data-ccp-props=\"{&quot;134233117&quot;:false,&quot;134233118&quot;:false,&quot;201341983&quot;:0,&quot;335559738&quot;:0,&quot;335559739&quot;:160,&quot;335559740&quot;:257}\">\u00a0<\/span><\/p>\n<p><span data-contrast=\"auto\"><strong>Contact :<\/strong>\u00a0<\/span><span style=\"color: #78b4b2;\"><a style=\"color: #78b4b2;\" href=\"mailto:catherine.laumonier@umons.ac.be\">catherine.laumonier@umons.ac.be<\/a>\u00a0<\/span><\/p>\n<p><span data-contrast=\"none\"><a href=\"https:\/\/www.facebook.com\/catherine.laumonier.7\" target=\"_blank\" rel=\"noopener\"><img loading=\"lazy\" decoding=\"async\" class=\"alignleft wp-image-83\" src=\"https:\/\/web.umons.ac.be\/app\/uploads\/sites\/214\/2026\/03\/facebook.png\" alt=\"\" width=\"35\" height=\"34\" srcset=\"https:\/\/web.umons.ac.be\/app\/uploads\/sites\/214\/2026\/03\/facebook.png 195w, https:\/\/web.umons.ac.be\/app\/uploads\/sites\/214\/2026\/03\/facebook-150x150.png 150w, https:\/\/web.umons.ac.be\/app\/uploads\/sites\/214\/2026\/03\/facebook-30x29.png 30w, https:\/\/web.umons.ac.be\/app\/uploads\/sites\/214\/2026\/03\/facebook-80x80.png 80w, https:\/\/web.umons.ac.be\/app\/uploads\/sites\/214\/2026\/03\/facebook-60x58.png 60w\" sizes=\"auto, (max-width: 35px) 100vw, 35px\" \/><\/a> <a href=\"https:\/\/www.linkedin.com\/in\/catherine-laumonier-5b2a626b\/\" target=\"_blank\" rel=\"noopener\"><img loading=\"lazy\" decoding=\"async\" class=\"alignleft wp-image-85\" src=\"https:\/\/web.umons.ac.be\/app\/uploads\/sites\/214\/2026\/03\/linkedin.png\" alt=\"\" width=\"35\" height=\"35\" srcset=\"https:\/\/web.umons.ac.be\/app\/uploads\/sites\/214\/2026\/03\/linkedin.png 182w, https:\/\/web.umons.ac.be\/app\/uploads\/sites\/214\/2026\/03\/linkedin-150x150.png 150w, https:\/\/web.umons.ac.be\/app\/uploads\/sites\/214\/2026\/03\/linkedin-30x30.png 30w, https:\/\/web.umons.ac.be\/app\/uploads\/sites\/214\/2026\/03\/linkedin-80x80.png 80w, https:\/\/web.umons.ac.be\/app\/uploads\/sites\/214\/2026\/03\/linkedin-60x60.png 60w\" sizes=\"auto, (max-width: 35px) 100vw, 35px\" \/><\/a><a href=\"https:\/\/orbi.umons.ac.be\/profile?uid=501307\" target=\"_blank\" rel=\"noopener\"><img loading=\"lazy\" decoding=\"async\" class=\"alignleft wp-image-87\" src=\"https:\/\/web.umons.ac.be\/app\/uploads\/sites\/214\/2026\/03\/orbi-logo-300x64.png\" alt=\"\" width=\"165\" height=\"35\" srcset=\"https:\/\/web.umons.ac.be\/app\/uploads\/sites\/214\/2026\/03\/orbi-logo-300x64.png 300w, https:\/\/web.umons.ac.be\/app\/uploads\/sites\/214\/2026\/03\/orbi-logo-30x6.png 30w, https:\/\/web.umons.ac.be\/app\/uploads\/sites\/214\/2026\/03\/orbi-logo-60x13.png 60w, https:\/\/web.umons.ac.be\/app\/uploads\/sites\/214\/2026\/03\/orbi-logo-360x77.png 360w, https:\/\/web.umons.ac.be\/app\/uploads\/sites\/214\/2026\/03\/orbi-logo.png 621w\" sizes=\"auto, (max-width: 165px) 100vw, 165px\" \/><\/a><a href=\"https:\/\/www.researchgate.net\/profile\/Catherine-Laumonier\" target=\"_blank\" rel=\"noopener\"><img loading=\"lazy\" decoding=\"async\" class=\"alignleft wp-image-103\" style=\"font-style: normal; font-variant-ligatures: normal; font-variant-caps: normal; font-weight: 400; font-family: 'Helvetica Neue', Helvetica, Arial, sans-serif; font-size: 14px;\" src=\"https:\/\/web.umons.ac.be\/app\/uploads\/sites\/214\/2026\/03\/RG-300x298.png\" alt=\"\" width=\"35\" height=\"35\" srcset=\"https:\/\/web.umons.ac.be\/app\/uploads\/sites\/214\/2026\/03\/RG-300x298.png 300w, https:\/\/web.umons.ac.be\/app\/uploads\/sites\/214\/2026\/03\/RG-150x150.png 150w, https:\/\/web.umons.ac.be\/app\/uploads\/sites\/214\/2026\/03\/RG-30x30.png 30w, https:\/\/web.umons.ac.be\/app\/uploads\/sites\/214\/2026\/03\/RG-80x80.png 80w, https:\/\/web.umons.ac.be\/app\/uploads\/sites\/214\/2026\/03\/RG-60x60.png 60w, https:\/\/web.umons.ac.be\/app\/uploads\/sites\/214\/2026\/03\/RG-360x357.png 360w, https:\/\/web.umons.ac.be\/app\/uploads\/sites\/214\/2026\/03\/RG-400x400.png 400w, https:\/\/web.umons.ac.be\/app\/uploads\/sites\/214\/2026\/03\/RG-200x200.png 200w, https:\/\/web.umons.ac.be\/app\/uploads\/sites\/214\/2026\/03\/RG.png 521w\" sizes=\"auto, (max-width: 35px) 100vw, 35px\" \/><\/a><\/span><\/p>\n","protected":false},"excerpt":{"rendered":"<p>suppl\u00e9ante Titulaire du cours :\u00a0 \u00a0 Didactique\u00a0des sciences\u00a0 Th\u00e9matiques de recherche :\u00a0\u00a0 l\u2019apprentissage\u00a0de l\u2019observation en science,\u00a0\u00a0 les\u00a0processus de conceptualisation et de repr\u00e9sentation des ph\u00e9nom\u00e8nes scientifiques, et\u00a0 le\u00a0d\u00e9veloppement du raisonnement scientifique.\u00a0 Parcours :\u00a0 Docteure en sciences biologiques, agr\u00e9g\u00e9e de l\u2019enseignement secondaire sup\u00e9rieur et titulaire d\u2019un CAPAES, Catherine\u00a0Laumonier\u00a0a enseign\u00e9 la biologie et sa didactique de 2006 \u00e0 [&hellip;]<\/p>\n","protected":false},"author":293,"featured_media":0,"parent":7,"menu_order":0,"comment_status":"closed","ping_status":"closed","template":"","meta":{"footnotes":""},"class_list":["post-90","page","type-page","status-publish","hentry"],"yoast_head":"<!-- This site is optimized with the Yoast SEO plugin v27.2 - https:\/\/yoast.com\/product\/yoast-seo-wordpress\/ -->\n<title>Catherine Laumonier - Service \/ EFE - Didactique des disciplines scolaires<\/title>\n<meta name=\"robots\" content=\"index, follow, max-snippet:-1, max-image-preview:large, max-video-preview:-1\" \/>\n<link rel=\"canonical\" href=\"https:\/\/web.umons.ac.be\/didascol\/fr\/equipe\/catherine-laumonier\/\" \/>\n<meta property=\"og:locale\" content=\"fr_FR\" \/>\n<meta property=\"og:type\" content=\"article\" \/>\n<meta property=\"og:title\" content=\"Catherine Laumonier - Service \/ EFE - Didactique des disciplines scolaires\" \/>\n<meta property=\"og:description\" content=\"suppl\u00e9ante Titulaire du cours :\u00a0 \u00a0 Didactique\u00a0des sciences\u00a0 Th\u00e9matiques de recherche :\u00a0\u00a0 l\u2019apprentissage\u00a0de l\u2019observation en science,\u00a0\u00a0 les\u00a0processus de conceptualisation et de repr\u00e9sentation des ph\u00e9nom\u00e8nes scientifiques, et\u00a0 le\u00a0d\u00e9veloppement du raisonnement scientifique.\u00a0 Parcours :\u00a0 Docteure en sciences biologiques, agr\u00e9g\u00e9e de l\u2019enseignement secondaire sup\u00e9rieur et titulaire d\u2019un CAPAES, Catherine\u00a0Laumonier\u00a0a enseign\u00e9 la biologie et sa didactique de 2006 \u00e0 [&hellip;]\" \/>\n<meta property=\"og:url\" content=\"https:\/\/web.umons.ac.be\/didascol\/fr\/equipe\/catherine-laumonier\/\" \/>\n<meta property=\"og:site_name\" content=\"Service \/ EFE - Didactique des disciplines scolaires\" \/>\n<meta property=\"article:modified_time\" content=\"2026-03-23T14:15:44+00:00\" \/>\n<meta property=\"og:image\" content=\"https:\/\/web.umons.ac.be\/app\/uploads\/sites\/214\/2026\/03\/Cath.png\" \/>\n\t<meta property=\"og:image:width\" content=\"311\" \/>\n\t<meta property=\"og:image:height\" content=\"322\" \/>\n\t<meta property=\"og:image:type\" content=\"image\/png\" \/>\n<meta name=\"twitter:card\" content=\"summary_large_image\" \/>\n<meta name=\"twitter:label1\" content=\"Dur\u00e9e de lecture estim\u00e9e\" \/>\n\t<meta name=\"twitter:data1\" content=\"2 minutes\" \/>\n<script type=\"application\/ld+json\" class=\"yoast-schema-graph\">{\"@context\":\"https:\/\/schema.org\",\"@graph\":[{\"@type\":\"WebPage\",\"@id\":\"https:\/\/web.umons.ac.be\/didascol\/fr\/equipe\/catherine-laumonier\/\",\"url\":\"https:\/\/web.umons.ac.be\/didascol\/fr\/equipe\/catherine-laumonier\/\",\"name\":\"Catherine Laumonier - Service \/ EFE - Didactique des disciplines scolaires\",\"isPartOf\":{\"@id\":\"https:\/\/web.umons.ac.be\/didascol\/#website\"},\"primaryImageOfPage\":{\"@id\":\"https:\/\/web.umons.ac.be\/didascol\/fr\/equipe\/catherine-laumonier\/#primaryimage\"},\"image\":{\"@id\":\"https:\/\/web.umons.ac.be\/didascol\/fr\/equipe\/catherine-laumonier\/#primaryimage\"},\"thumbnailUrl\":\"https:\/\/web.umons.ac.be\/app\/uploads\/sites\/214\/2026\/03\/Cath-290x300.png\",\"datePublished\":\"2026-03-18T14:17:26+00:00\",\"dateModified\":\"2026-03-23T14:15:44+00:00\",\"breadcrumb\":{\"@id\":\"https:\/\/web.umons.ac.be\/didascol\/fr\/equipe\/catherine-laumonier\/#breadcrumb\"},\"inLanguage\":\"fr-FR\",\"potentialAction\":[{\"@type\":\"ReadAction\",\"target\":[\"https:\/\/web.umons.ac.be\/didascol\/fr\/equipe\/catherine-laumonier\/\"]}]},{\"@type\":\"ImageObject\",\"inLanguage\":\"fr-FR\",\"@id\":\"https:\/\/web.umons.ac.be\/didascol\/fr\/equipe\/catherine-laumonier\/#primaryimage\",\"url\":\"https:\/\/web.umons.ac.be\/app\/uploads\/sites\/214\/2026\/03\/Cath-290x300.png\",\"contentUrl\":\"https:\/\/web.umons.ac.be\/app\/uploads\/sites\/214\/2026\/03\/Cath-290x300.png\"},{\"@type\":\"BreadcrumbList\",\"@id\":\"https:\/\/web.umons.ac.be\/didascol\/fr\/equipe\/catherine-laumonier\/#breadcrumb\",\"itemListElement\":[{\"@type\":\"ListItem\",\"position\":1,\"name\":\"Accueil\",\"item\":\"https:\/\/web.umons.ac.be\/didascol\/fr\/accueil\/\"},{\"@type\":\"ListItem\",\"position\":2,\"name\":\"\u00c9quipe\",\"item\":\"https:\/\/web.umons.ac.be\/didascol\/fr\/equipe\/\"},{\"@type\":\"ListItem\",\"position\":3,\"name\":\"Catherine Laumonier\"}]},{\"@type\":\"WebSite\",\"@id\":\"https:\/\/web.umons.ac.be\/didascol\/#website\",\"url\":\"https:\/\/web.umons.ac.be\/didascol\/\",\"name\":\"Service \/ EFE - Didactique des disciplines scolaires\",\"description\":\"\",\"potentialAction\":[{\"@type\":\"SearchAction\",\"target\":{\"@type\":\"EntryPoint\",\"urlTemplate\":\"https:\/\/web.umons.ac.be\/didascol\/?s={search_term_string}\"},\"query-input\":{\"@type\":\"PropertyValueSpecification\",\"valueRequired\":true,\"valueName\":\"search_term_string\"}}],\"inLanguage\":\"fr-FR\"}]}<\/script>\n<!-- \/ Yoast SEO plugin. -->","yoast_head_json":{"title":"Catherine Laumonier - Service \/ EFE - Didactique des disciplines scolaires","robots":{"index":"index","follow":"follow","max-snippet":"max-snippet:-1","max-image-preview":"max-image-preview:large","max-video-preview":"max-video-preview:-1"},"canonical":"https:\/\/web.umons.ac.be\/didascol\/fr\/equipe\/catherine-laumonier\/","og_locale":"fr_FR","og_type":"article","og_title":"Catherine Laumonier - Service \/ EFE - Didactique des disciplines scolaires","og_description":"suppl\u00e9ante Titulaire du cours :\u00a0 \u00a0 Didactique\u00a0des sciences\u00a0 Th\u00e9matiques de recherche :\u00a0\u00a0 l\u2019apprentissage\u00a0de l\u2019observation en science,\u00a0\u00a0 les\u00a0processus de conceptualisation et de repr\u00e9sentation des ph\u00e9nom\u00e8nes scientifiques, et\u00a0 le\u00a0d\u00e9veloppement du raisonnement scientifique.\u00a0 Parcours :\u00a0 Docteure en sciences biologiques, agr\u00e9g\u00e9e de l\u2019enseignement secondaire sup\u00e9rieur et titulaire d\u2019un CAPAES, Catherine\u00a0Laumonier\u00a0a enseign\u00e9 la biologie et sa didactique de 2006 \u00e0 [&hellip;]","og_url":"https:\/\/web.umons.ac.be\/didascol\/fr\/equipe\/catherine-laumonier\/","og_site_name":"Service \/ EFE - Didactique des disciplines scolaires","article_modified_time":"2026-03-23T14:15:44+00:00","og_image":[{"width":311,"height":322,"url":"https:\/\/web.umons.ac.be\/app\/uploads\/sites\/214\/2026\/03\/Cath.png","type":"image\/png"}],"twitter_card":"summary_large_image","twitter_misc":{"Dur\u00e9e de lecture estim\u00e9e":"2 minutes"},"schema":{"@context":"https:\/\/schema.org","@graph":[{"@type":"WebPage","@id":"https:\/\/web.umons.ac.be\/didascol\/fr\/equipe\/catherine-laumonier\/","url":"https:\/\/web.umons.ac.be\/didascol\/fr\/equipe\/catherine-laumonier\/","name":"Catherine Laumonier - Service \/ EFE - Didactique des disciplines scolaires","isPartOf":{"@id":"https:\/\/web.umons.ac.be\/didascol\/#website"},"primaryImageOfPage":{"@id":"https:\/\/web.umons.ac.be\/didascol\/fr\/equipe\/catherine-laumonier\/#primaryimage"},"image":{"@id":"https:\/\/web.umons.ac.be\/didascol\/fr\/equipe\/catherine-laumonier\/#primaryimage"},"thumbnailUrl":"https:\/\/web.umons.ac.be\/app\/uploads\/sites\/214\/2026\/03\/Cath-290x300.png","datePublished":"2026-03-18T14:17:26+00:00","dateModified":"2026-03-23T14:15:44+00:00","breadcrumb":{"@id":"https:\/\/web.umons.ac.be\/didascol\/fr\/equipe\/catherine-laumonier\/#breadcrumb"},"inLanguage":"fr-FR","potentialAction":[{"@type":"ReadAction","target":["https:\/\/web.umons.ac.be\/didascol\/fr\/equipe\/catherine-laumonier\/"]}]},{"@type":"ImageObject","inLanguage":"fr-FR","@id":"https:\/\/web.umons.ac.be\/didascol\/fr\/equipe\/catherine-laumonier\/#primaryimage","url":"https:\/\/web.umons.ac.be\/app\/uploads\/sites\/214\/2026\/03\/Cath-290x300.png","contentUrl":"https:\/\/web.umons.ac.be\/app\/uploads\/sites\/214\/2026\/03\/Cath-290x300.png"},{"@type":"BreadcrumbList","@id":"https:\/\/web.umons.ac.be\/didascol\/fr\/equipe\/catherine-laumonier\/#breadcrumb","itemListElement":[{"@type":"ListItem","position":1,"name":"Accueil","item":"https:\/\/web.umons.ac.be\/didascol\/fr\/accueil\/"},{"@type":"ListItem","position":2,"name":"\u00c9quipe","item":"https:\/\/web.umons.ac.be\/didascol\/fr\/equipe\/"},{"@type":"ListItem","position":3,"name":"Catherine Laumonier"}]},{"@type":"WebSite","@id":"https:\/\/web.umons.ac.be\/didascol\/#website","url":"https:\/\/web.umons.ac.be\/didascol\/","name":"Service \/ EFE - Didactique des disciplines scolaires","description":"","potentialAction":[{"@type":"SearchAction","target":{"@type":"EntryPoint","urlTemplate":"https:\/\/web.umons.ac.be\/didascol\/?s={search_term_string}"},"query-input":{"@type":"PropertyValueSpecification","valueRequired":true,"valueName":"search_term_string"}}],"inLanguage":"fr-FR"}]}},"lang":"fr","translations":{"fr":90},"pll_sync_post":[],"_links":{"self":[{"href":"https:\/\/web.umons.ac.be\/didascol\/wp-json\/wp\/v2\/pages\/90","targetHints":{"allow":["GET"]}}],"collection":[{"href":"https:\/\/web.umons.ac.be\/didascol\/wp-json\/wp\/v2\/pages"}],"about":[{"href":"https:\/\/web.umons.ac.be\/didascol\/wp-json\/wp\/v2\/types\/page"}],"author":[{"embeddable":true,"href":"https:\/\/web.umons.ac.be\/didascol\/wp-json\/wp\/v2\/users\/293"}],"replies":[{"embeddable":true,"href":"https:\/\/web.umons.ac.be\/didascol\/wp-json\/wp\/v2\/comments?post=90"}],"version-history":[{"count":3,"href":"https:\/\/web.umons.ac.be\/didascol\/wp-json\/wp\/v2\/pages\/90\/revisions"}],"predecessor-version":[{"id":136,"href":"https:\/\/web.umons.ac.be\/didascol\/wp-json\/wp\/v2\/pages\/90\/revisions\/136"}],"up":[{"embeddable":true,"href":"https:\/\/web.umons.ac.be\/didascol\/wp-json\/wp\/v2\/pages\/7"}],"wp:attachment":[{"href":"https:\/\/web.umons.ac.be\/didascol\/wp-json\/wp\/v2\/media?parent=90"}],"curies":[{"name":"wp","href":"https:\/\/api.w.org\/{rel}","templated":true}]}}