{"id":97,"date":"2026-03-18T15:18:01","date_gmt":"2026-03-18T14:18:01","guid":{"rendered":"https:\/\/web.umons.ac.be\/didascol\/?page_id=97"},"modified":"2026-03-27T14:57:43","modified_gmt":"2026-03-27T13:57:43","slug":"laetitia-dragone","status":"publish","type":"page","link":"https:\/\/web.umons.ac.be\/didascol\/fr\/equipe\/laetitia-dragone\/","title":{"rendered":"La\u00ebtitia Dragone"},"content":{"rendered":"<p><em>suppl\u00e9ante de cours \u00a0<\/em><\/p>\n<p><img loading=\"lazy\" decoding=\"async\" class=\"alignnone size-full wp-image-150\" src=\"https:\/\/web.umons.ac.be\/app\/uploads\/sites\/214\/2026\/03\/Laetitia-Dragone.jpeg\" alt=\"\" width=\"225\" height=\"225\" srcset=\"https:\/\/web.umons.ac.be\/app\/uploads\/sites\/214\/2026\/03\/Laetitia-Dragone.jpeg 225w, https:\/\/web.umons.ac.be\/app\/uploads\/sites\/214\/2026\/03\/Laetitia-Dragone-150x150.jpeg 150w, https:\/\/web.umons.ac.be\/app\/uploads\/sites\/214\/2026\/03\/Laetitia-Dragone-30x30.jpeg 30w, https:\/\/web.umons.ac.be\/app\/uploads\/sites\/214\/2026\/03\/Laetitia-Dragone-80x80.jpeg 80w, https:\/\/web.umons.ac.be\/app\/uploads\/sites\/214\/2026\/03\/Laetitia-Dragone-60x60.jpeg 60w, https:\/\/web.umons.ac.be\/app\/uploads\/sites\/214\/2026\/03\/Laetitia-Dragone-200x200.jpeg 200w\" sizes=\"auto, (max-width: 225px) 100vw, 225px\" \/><\/p>\n<p><strong>Titulaire des cours :\u00a0\u00a0<\/strong><\/p>\n<ul>\n<li aria-setsize=\"-1\" data-leveltext=\"-\" data-font=\"Aptos\" data-listid=\"5\" data-list-defn-props=\"{&quot;335552541&quot;:1,&quot;335559685&quot;:720,&quot;335559991&quot;:360,&quot;469769226&quot;:&quot;Aptos&quot;,&quot;469769242&quot;:[8226],&quot;469777803&quot;:&quot;left&quot;,&quot;469777804&quot;:&quot;-&quot;,&quot;469777815&quot;:&quot;hybridMultilevel&quot;}\" data-aria-posinset=\"1\" data-aria-level=\"1\"><span data-contrast=\"auto\">G\u00e9om\u00e9trie de l\u2019espace &#8211; compl\u00e9ments de g\u00e9om\u00e9trie plane<\/span><span data-ccp-props=\"{}\">\u00a0<\/span><\/li>\n<li aria-setsize=\"-1\" data-leveltext=\"-\" data-font=\"Aptos\" data-listid=\"5\" data-list-defn-props=\"{&quot;335552541&quot;:1,&quot;335559685&quot;:720,&quot;335559991&quot;:360,&quot;469769226&quot;:&quot;Aptos&quot;,&quot;469769242&quot;:[8226],&quot;469777803&quot;:&quot;left&quot;,&quot;469777804&quot;:&quot;-&quot;,&quot;469777815&quot;:&quot;hybridMultilevel&quot;}\" data-aria-posinset=\"1\" data-aria-level=\"1\"><span data-contrast=\"auto\">Transformations\u00a0du plan<\/span><span data-ccp-props=\"{}\">\u00a0<\/span><\/li>\n<\/ul>\n<p><span data-contrast=\"auto\"><strong>Th\u00e9matiques de recherche :<\/strong>\u00a0<\/span><\/p>\n<ul>\n<li><span data-contrast=\"auto\">la didactique des math\u00e9matiques ;\u00a0<\/span><\/li>\n<li><span data-contrast=\"auto\">le d\u00e9veloppement\u00a0du raisonnement proportionnel ;\u00a0<\/span><\/li>\n<li><span data-contrast=\"auto\">la formation des enseignants ; <\/span><\/li>\n<li><span data-contrast=\"auto\">int\u00e9gration des TICE \u00e0 des fins de formation et d\u2019apprentissage.<\/span><span data-ccp-props=\"{}\">\u00a0<\/span><\/li>\n<\/ul>\n<p><span data-ccp-props=\"{}\">\u00a0<\/span><span data-contrast=\"auto\"><strong>Parcours :\u00a0\u00a0<\/strong><\/span><\/p>\n<p><span data-contrast=\"auto\">Enseignante en math\u00e9matiques de formation, La\u00ebtitia\u00a0Dragone, souhaitant approfondir ses connaissances tant p\u00e9dagogiques que\u00a0technop\u00e9dagogiques, a rapidement poursuivi des \u00e9tudes en Sciences de l\u2019\u00c9ducation. Elle a occup\u00e9 un poste en tant que formatrice en math\u00e9matiques dans un centre d\u2019enseignement par alternance. Travaillant depuis janvier 2018 \u00e0 l\u2019Universit\u00e9 de Mons (UMONS) et\u00a0membre du service de didactique des disciplines scolaires (Didascol) de l\u2019Universit\u00e9 de Mons\u00a0depuis septembre 2025, elle\u00a0intervient dans la formation initiale des enseignants du pr\u00e9scolaire, du primaire et du secondaire inf\u00e9rieur, dans les cours relatifs \u00e0 la didactique des math\u00e9matiques. Sa th\u00e8se de doctorat, intitul\u00e9e\u00a0<\/span><i><span data-contrast=\"auto\">\u00ab Renforcer le sentiment d\u2019auto\u2011efficacit\u00e9 des enseignants pour l\u2019enseignement de la proportionnalit\u00e9. Analyse de leurs conceptions, de leurs pratiques d\u00e9clar\u00e9es, du niveau de ma\u00eetrise des \u00e9l\u00e8ves et des effets de variables didactiques sur l\u2019apprentissage \u00bb<\/span><\/i><span data-contrast=\"auto\">, l\u2019a sp\u00e9cialis\u00e9e dans la formation des enseignants et la didactique des math\u00e9matiques. Par ailleurs, son exp\u00e9rience dans des projets de transition num\u00e9rique en Belgique francophone et en ing\u00e9nierie p\u00e9dagogique lui conf\u00e8re une sensibilit\u00e9 particuli\u00e8re aux dimensions\u00a0technop\u00e9dagogiques\u00a0de l&rsquo;enseignement.<\/span><span data-ccp-props=\"{&quot;335551550&quot;:6,&quot;335551620&quot;:6}\">\u00a0<\/span><\/p>\n<p><span data-contrast=\"none\">Contacts :\u00a0<\/span><span style=\"color: #78b4b2;\"><a style=\"color: #78b4b2;\" href=\"mailto:laetitia.dragone@umons.ac.be\" target=\"_blank\" rel=\"noopener\">laetitia.dragone@umons.ac.be<\/a>\u00a0<\/span><\/p>\n<p><span data-contrast=\"none\"><a href=\"https:\/\/www.linkedin.com\/in\/laetitia-dragone\/\" target=\"_blank\" rel=\"noopener\"><img loading=\"lazy\" decoding=\"async\" class=\"alignleft wp-image-85\" src=\"https:\/\/web.umons.ac.be\/app\/uploads\/sites\/214\/2026\/03\/linkedin.png\" alt=\"\" width=\"35\" height=\"35\" srcset=\"https:\/\/web.umons.ac.be\/app\/uploads\/sites\/214\/2026\/03\/linkedin.png 182w, https:\/\/web.umons.ac.be\/app\/uploads\/sites\/214\/2026\/03\/linkedin-150x150.png 150w, https:\/\/web.umons.ac.be\/app\/uploads\/sites\/214\/2026\/03\/linkedin-30x30.png 30w, https:\/\/web.umons.ac.be\/app\/uploads\/sites\/214\/2026\/03\/linkedin-80x80.png 80w, https:\/\/web.umons.ac.be\/app\/uploads\/sites\/214\/2026\/03\/linkedin-60x60.png 60w\" sizes=\"auto, (max-width: 35px) 100vw, 35px\" \/><\/a><a href=\"https:\/\/www.researchgate.net\/profile\/Laetitia-Dragone-2\" target=\"_blank\" rel=\"noopener\"><img loading=\"lazy\" decoding=\"async\" class=\"alignleft wp-image-87\" src=\"https:\/\/web.umons.ac.be\/app\/uploads\/sites\/214\/2026\/03\/orbi-logo-300x64.png\" alt=\"\" width=\"165\" height=\"35\" srcset=\"https:\/\/web.umons.ac.be\/app\/uploads\/sites\/214\/2026\/03\/orbi-logo-300x64.png 300w, https:\/\/web.umons.ac.be\/app\/uploads\/sites\/214\/2026\/03\/orbi-logo-30x6.png 30w, https:\/\/web.umons.ac.be\/app\/uploads\/sites\/214\/2026\/03\/orbi-logo-60x13.png 60w, https:\/\/web.umons.ac.be\/app\/uploads\/sites\/214\/2026\/03\/orbi-logo-360x77.png 360w, https:\/\/web.umons.ac.be\/app\/uploads\/sites\/214\/2026\/03\/orbi-logo.png 621w\" sizes=\"auto, (max-width: 165px) 100vw, 165px\" \/><img loading=\"lazy\" decoding=\"async\" class=\"alignleft wp-image-103\" style=\"border-width: 0px; border-style: initial; font-style: normal; font-variant-ligatures: normal; font-variant-caps: normal; font-weight: 400; font-family: 'Helvetica Neue', Helvetica, Arial, sans-serif; font-size: 14px; color: #5f686b;\" src=\"https:\/\/web.umons.ac.be\/app\/uploads\/sites\/214\/2026\/03\/RG-300x298.png\" alt=\"\" width=\"35\" height=\"35\" srcset=\"https:\/\/web.umons.ac.be\/app\/uploads\/sites\/214\/2026\/03\/RG-300x298.png 300w, https:\/\/web.umons.ac.be\/app\/uploads\/sites\/214\/2026\/03\/RG-150x150.png 150w, https:\/\/web.umons.ac.be\/app\/uploads\/sites\/214\/2026\/03\/RG-30x30.png 30w, https:\/\/web.umons.ac.be\/app\/uploads\/sites\/214\/2026\/03\/RG-80x80.png 80w, https:\/\/web.umons.ac.be\/app\/uploads\/sites\/214\/2026\/03\/RG-60x60.png 60w, https:\/\/web.umons.ac.be\/app\/uploads\/sites\/214\/2026\/03\/RG-360x357.png 360w, https:\/\/web.umons.ac.be\/app\/uploads\/sites\/214\/2026\/03\/RG-400x400.png 400w, https:\/\/web.umons.ac.be\/app\/uploads\/sites\/214\/2026\/03\/RG-200x200.png 200w, https:\/\/web.umons.ac.be\/app\/uploads\/sites\/214\/2026\/03\/RG.png 521w\" sizes=\"auto, (max-width: 35px) 100vw, 35px\" \/><\/a><br \/>\n<\/span><\/p>\n<p>&nbsp;<\/p>\n<p>&nbsp;<\/p>\n","protected":false},"excerpt":{"rendered":"<p>suppl\u00e9ante de cours \u00a0 Titulaire des cours :\u00a0\u00a0 G\u00e9om\u00e9trie de l\u2019espace &#8211; compl\u00e9ments de g\u00e9om\u00e9trie plane\u00a0 Transformations\u00a0du plan\u00a0 Th\u00e9matiques de recherche :\u00a0 la didactique des math\u00e9matiques ;\u00a0 le d\u00e9veloppement\u00a0du raisonnement proportionnel ;\u00a0 la formation des enseignants ; int\u00e9gration des TICE \u00e0 des fins de formation et d\u2019apprentissage.\u00a0 \u00a0Parcours :\u00a0\u00a0 Enseignante en math\u00e9matiques de formation, La\u00ebtitia\u00a0Dragone, [&hellip;]<\/p>\n","protected":false},"author":293,"featured_media":0,"parent":7,"menu_order":0,"comment_status":"closed","ping_status":"closed","template":"","meta":{"footnotes":""},"class_list":["post-97","page","type-page","status-publish","hentry"],"yoast_head":"<!-- This site is optimized with the Yoast SEO plugin v27.2 - https:\/\/yoast.com\/product\/yoast-seo-wordpress\/ -->\n<title>La\u00ebtitia Dragone - Service \/ EFE - Didactique des disciplines scolaires<\/title>\n<meta name=\"robots\" content=\"index, follow, max-snippet:-1, max-image-preview:large, max-video-preview:-1\" \/>\n<link rel=\"canonical\" href=\"https:\/\/web.umons.ac.be\/didascol\/fr\/equipe\/laetitia-dragone\/\" \/>\n<meta property=\"og:locale\" content=\"fr_FR\" \/>\n<meta property=\"og:type\" content=\"article\" \/>\n<meta property=\"og:title\" content=\"La\u00ebtitia Dragone - Service \/ EFE - Didactique des disciplines scolaires\" \/>\n<meta property=\"og:description\" content=\"suppl\u00e9ante de cours \u00a0 Titulaire des cours :\u00a0\u00a0 G\u00e9om\u00e9trie de l\u2019espace &#8211; compl\u00e9ments de g\u00e9om\u00e9trie plane\u00a0 Transformations\u00a0du plan\u00a0 Th\u00e9matiques de recherche :\u00a0 la didactique des math\u00e9matiques ;\u00a0 le d\u00e9veloppement\u00a0du raisonnement proportionnel ;\u00a0 la formation des enseignants ; int\u00e9gration des TICE \u00e0 des fins de formation et d\u2019apprentissage.\u00a0 \u00a0Parcours :\u00a0\u00a0 Enseignante en math\u00e9matiques de formation, La\u00ebtitia\u00a0Dragone, [&hellip;]\" \/>\n<meta property=\"og:url\" content=\"https:\/\/web.umons.ac.be\/didascol\/fr\/equipe\/laetitia-dragone\/\" \/>\n<meta property=\"og:site_name\" content=\"Service \/ EFE - Didactique des disciplines scolaires\" \/>\n<meta property=\"article:modified_time\" content=\"2026-03-27T13:57:43+00:00\" \/>\n<meta property=\"og:image\" content=\"https:\/\/web.umons.ac.be\/app\/uploads\/sites\/214\/2026\/03\/Laetitia-Dragone.jpeg\" \/>\n\t<meta property=\"og:image:width\" content=\"225\" \/>\n\t<meta property=\"og:image:height\" content=\"225\" \/>\n\t<meta property=\"og:image:type\" content=\"image\/jpeg\" \/>\n<meta name=\"twitter:card\" content=\"summary_large_image\" \/>\n<meta name=\"twitter:label1\" content=\"Dur\u00e9e de lecture estim\u00e9e\" \/>\n\t<meta name=\"twitter:data1\" content=\"2 minutes\" \/>\n<script type=\"application\/ld+json\" class=\"yoast-schema-graph\">{\"@context\":\"https:\/\/schema.org\",\"@graph\":[{\"@type\":\"WebPage\",\"@id\":\"https:\/\/web.umons.ac.be\/didascol\/fr\/equipe\/laetitia-dragone\/\",\"url\":\"https:\/\/web.umons.ac.be\/didascol\/fr\/equipe\/laetitia-dragone\/\",\"name\":\"La\u00ebtitia Dragone - Service \/ EFE - Didactique des disciplines scolaires\",\"isPartOf\":{\"@id\":\"https:\/\/web.umons.ac.be\/didascol\/#website\"},\"primaryImageOfPage\":{\"@id\":\"https:\/\/web.umons.ac.be\/didascol\/fr\/equipe\/laetitia-dragone\/#primaryimage\"},\"image\":{\"@id\":\"https:\/\/web.umons.ac.be\/didascol\/fr\/equipe\/laetitia-dragone\/#primaryimage\"},\"thumbnailUrl\":\"https:\/\/web.umons.ac.be\/app\/uploads\/sites\/214\/2026\/03\/Laetitia-Dragone.jpeg\",\"datePublished\":\"2026-03-18T14:18:01+00:00\",\"dateModified\":\"2026-03-27T13:57:43+00:00\",\"breadcrumb\":{\"@id\":\"https:\/\/web.umons.ac.be\/didascol\/fr\/equipe\/laetitia-dragone\/#breadcrumb\"},\"inLanguage\":\"fr-FR\",\"potentialAction\":[{\"@type\":\"ReadAction\",\"target\":[\"https:\/\/web.umons.ac.be\/didascol\/fr\/equipe\/laetitia-dragone\/\"]}]},{\"@type\":\"ImageObject\",\"inLanguage\":\"fr-FR\",\"@id\":\"https:\/\/web.umons.ac.be\/didascol\/fr\/equipe\/laetitia-dragone\/#primaryimage\",\"url\":\"https:\/\/web.umons.ac.be\/app\/uploads\/sites\/214\/2026\/03\/Laetitia-Dragone.jpeg\",\"contentUrl\":\"https:\/\/web.umons.ac.be\/app\/uploads\/sites\/214\/2026\/03\/Laetitia-Dragone.jpeg\"},{\"@type\":\"BreadcrumbList\",\"@id\":\"https:\/\/web.umons.ac.be\/didascol\/fr\/equipe\/laetitia-dragone\/#breadcrumb\",\"itemListElement\":[{\"@type\":\"ListItem\",\"position\":1,\"name\":\"Accueil\",\"item\":\"https:\/\/web.umons.ac.be\/didascol\/fr\/accueil\/\"},{\"@type\":\"ListItem\",\"position\":2,\"name\":\"\u00c9quipe\",\"item\":\"https:\/\/web.umons.ac.be\/didascol\/fr\/equipe\/\"},{\"@type\":\"ListItem\",\"position\":3,\"name\":\"La\u00ebtitia Dragone\"}]},{\"@type\":\"WebSite\",\"@id\":\"https:\/\/web.umons.ac.be\/didascol\/#website\",\"url\":\"https:\/\/web.umons.ac.be\/didascol\/\",\"name\":\"Service \/ EFE - Didactique des disciplines scolaires\",\"description\":\"\",\"potentialAction\":[{\"@type\":\"SearchAction\",\"target\":{\"@type\":\"EntryPoint\",\"urlTemplate\":\"https:\/\/web.umons.ac.be\/didascol\/?s={search_term_string}\"},\"query-input\":{\"@type\":\"PropertyValueSpecification\",\"valueRequired\":true,\"valueName\":\"search_term_string\"}}],\"inLanguage\":\"fr-FR\"}]}<\/script>\n<!-- \/ Yoast SEO plugin. -->","yoast_head_json":{"title":"La\u00ebtitia Dragone - Service \/ EFE - Didactique des disciplines scolaires","robots":{"index":"index","follow":"follow","max-snippet":"max-snippet:-1","max-image-preview":"max-image-preview:large","max-video-preview":"max-video-preview:-1"},"canonical":"https:\/\/web.umons.ac.be\/didascol\/fr\/equipe\/laetitia-dragone\/","og_locale":"fr_FR","og_type":"article","og_title":"La\u00ebtitia Dragone - Service \/ EFE - Didactique des disciplines scolaires","og_description":"suppl\u00e9ante de cours \u00a0 Titulaire des cours :\u00a0\u00a0 G\u00e9om\u00e9trie de l\u2019espace &#8211; compl\u00e9ments de g\u00e9om\u00e9trie plane\u00a0 Transformations\u00a0du plan\u00a0 Th\u00e9matiques de recherche :\u00a0 la didactique des math\u00e9matiques ;\u00a0 le d\u00e9veloppement\u00a0du raisonnement proportionnel ;\u00a0 la formation des enseignants ; int\u00e9gration des TICE \u00e0 des fins de formation et d\u2019apprentissage.\u00a0 \u00a0Parcours :\u00a0\u00a0 Enseignante en math\u00e9matiques de formation, La\u00ebtitia\u00a0Dragone, [&hellip;]","og_url":"https:\/\/web.umons.ac.be\/didascol\/fr\/equipe\/laetitia-dragone\/","og_site_name":"Service \/ EFE - Didactique des disciplines scolaires","article_modified_time":"2026-03-27T13:57:43+00:00","og_image":[{"width":225,"height":225,"url":"https:\/\/web.umons.ac.be\/app\/uploads\/sites\/214\/2026\/03\/Laetitia-Dragone.jpeg","type":"image\/jpeg"}],"twitter_card":"summary_large_image","twitter_misc":{"Dur\u00e9e de lecture estim\u00e9e":"2 minutes"},"schema":{"@context":"https:\/\/schema.org","@graph":[{"@type":"WebPage","@id":"https:\/\/web.umons.ac.be\/didascol\/fr\/equipe\/laetitia-dragone\/","url":"https:\/\/web.umons.ac.be\/didascol\/fr\/equipe\/laetitia-dragone\/","name":"La\u00ebtitia Dragone - Service \/ EFE - Didactique des disciplines scolaires","isPartOf":{"@id":"https:\/\/web.umons.ac.be\/didascol\/#website"},"primaryImageOfPage":{"@id":"https:\/\/web.umons.ac.be\/didascol\/fr\/equipe\/laetitia-dragone\/#primaryimage"},"image":{"@id":"https:\/\/web.umons.ac.be\/didascol\/fr\/equipe\/laetitia-dragone\/#primaryimage"},"thumbnailUrl":"https:\/\/web.umons.ac.be\/app\/uploads\/sites\/214\/2026\/03\/Laetitia-Dragone.jpeg","datePublished":"2026-03-18T14:18:01+00:00","dateModified":"2026-03-27T13:57:43+00:00","breadcrumb":{"@id":"https:\/\/web.umons.ac.be\/didascol\/fr\/equipe\/laetitia-dragone\/#breadcrumb"},"inLanguage":"fr-FR","potentialAction":[{"@type":"ReadAction","target":["https:\/\/web.umons.ac.be\/didascol\/fr\/equipe\/laetitia-dragone\/"]}]},{"@type":"ImageObject","inLanguage":"fr-FR","@id":"https:\/\/web.umons.ac.be\/didascol\/fr\/equipe\/laetitia-dragone\/#primaryimage","url":"https:\/\/web.umons.ac.be\/app\/uploads\/sites\/214\/2026\/03\/Laetitia-Dragone.jpeg","contentUrl":"https:\/\/web.umons.ac.be\/app\/uploads\/sites\/214\/2026\/03\/Laetitia-Dragone.jpeg"},{"@type":"BreadcrumbList","@id":"https:\/\/web.umons.ac.be\/didascol\/fr\/equipe\/laetitia-dragone\/#breadcrumb","itemListElement":[{"@type":"ListItem","position":1,"name":"Accueil","item":"https:\/\/web.umons.ac.be\/didascol\/fr\/accueil\/"},{"@type":"ListItem","position":2,"name":"\u00c9quipe","item":"https:\/\/web.umons.ac.be\/didascol\/fr\/equipe\/"},{"@type":"ListItem","position":3,"name":"La\u00ebtitia Dragone"}]},{"@type":"WebSite","@id":"https:\/\/web.umons.ac.be\/didascol\/#website","url":"https:\/\/web.umons.ac.be\/didascol\/","name":"Service \/ EFE - Didactique des disciplines scolaires","description":"","potentialAction":[{"@type":"SearchAction","target":{"@type":"EntryPoint","urlTemplate":"https:\/\/web.umons.ac.be\/didascol\/?s={search_term_string}"},"query-input":{"@type":"PropertyValueSpecification","valueRequired":true,"valueName":"search_term_string"}}],"inLanguage":"fr-FR"}]}},"lang":"fr","translations":{"fr":97},"pll_sync_post":[],"_links":{"self":[{"href":"https:\/\/web.umons.ac.be\/didascol\/wp-json\/wp\/v2\/pages\/97","targetHints":{"allow":["GET"]}}],"collection":[{"href":"https:\/\/web.umons.ac.be\/didascol\/wp-json\/wp\/v2\/pages"}],"about":[{"href":"https:\/\/web.umons.ac.be\/didascol\/wp-json\/wp\/v2\/types\/page"}],"author":[{"embeddable":true,"href":"https:\/\/web.umons.ac.be\/didascol\/wp-json\/wp\/v2\/users\/293"}],"replies":[{"embeddable":true,"href":"https:\/\/web.umons.ac.be\/didascol\/wp-json\/wp\/v2\/comments?post=97"}],"version-history":[{"count":2,"href":"https:\/\/web.umons.ac.be\/didascol\/wp-json\/wp\/v2\/pages\/97\/revisions"}],"predecessor-version":[{"id":152,"href":"https:\/\/web.umons.ac.be\/didascol\/wp-json\/wp\/v2\/pages\/97\/revisions\/152"}],"up":[{"embeddable":true,"href":"https:\/\/web.umons.ac.be\/didascol\/wp-json\/wp\/v2\/pages\/7"}],"wp:attachment":[{"href":"https:\/\/web.umons.ac.be\/didascol\/wp-json\/wp\/v2\/media?parent=97"}],"curies":[{"name":"wp","href":"https:\/\/api.w.org\/{rel}","templated":true}]}}