{"id":1003,"date":"2018-09-13T17:37:57","date_gmt":"2018-09-13T15:37:57","guid":{"rendered":"https:\/\/web.umons.ac.be\/droit\/?page_id=1003"},"modified":"2018-09-13T17:48:36","modified_gmt":"2018-09-13T15:48:36","slug":"les-heritieres","status":"publish","type":"page","link":"https:\/\/web.umons.ac.be\/droit\/fr\/lecole-de-droit-bouge\/initiatives-pedagogiques\/game-of-thrones-en-hainaut\/saison-2\/les-heritieres\/","title":{"rendered":"Les H\u00e9riti\u00e8res"},"content":{"rendered":"<figure id=\"attachment_864\" aria-describedby=\"caption-attachment-864\" style=\"width: 631px\" class=\"wp-caption aligncenter\"><a href=\"https:\/\/web.umons.ac.be\/app\/uploads\/sites\/7\/2018\/09\/Montage_MariedeBourgogne_Sansa.png\"><img loading=\"lazy\" decoding=\"async\" class=\"wp-image-864 size-full\" src=\"https:\/\/web.umons.ac.be\/app\/uploads\/sites\/7\/2018\/09\/Montage_MariedeBourgogne_Sansa.png\" alt=\"\" width=\"631\" height=\"329\" srcset=\"https:\/\/web.umons.ac.be\/app\/uploads\/sites\/7\/2018\/09\/Montage_MariedeBourgogne_Sansa.png 631w, https:\/\/web.umons.ac.be\/app\/uploads\/sites\/7\/2018\/09\/Montage_MariedeBourgogne_Sansa-300x156.png 300w, https:\/\/web.umons.ac.be\/app\/uploads\/sites\/7\/2018\/09\/Montage_MariedeBourgogne_Sansa-30x16.png 30w, https:\/\/web.umons.ac.be\/app\/uploads\/sites\/7\/2018\/09\/Montage_MariedeBourgogne_Sansa-60x31.png 60w, https:\/\/web.umons.ac.be\/app\/uploads\/sites\/7\/2018\/09\/Montage_MariedeBourgogne_Sansa-360x188.png 360w\" sizes=\"auto, (max-width: 631px) 100vw, 631px\" \/><\/a><figcaption id=\"caption-attachment-864\" class=\"wp-caption-text\">A gauche : Marie de Bourgogne, Duchesse des Pays-Bas bourguignons (1477-1482)<br \/>A droite : Sansa Stark, fille de la Main du Roi Eddard Stark, \u00e9pouse de Joffrey Barrath\u00e9on puis de Tyrion Lannister (Game of Thrones)<\/figcaption><\/figure>\n<p>&nbsp;<\/p>\n<p>La vie des h\u00e9riti\u00e8res des temps pass\u00e9s est aussi tumultueuse que celle des h\u00e9ro\u00efnes de fiction telles que Sansa Stark, Daenerys ou Myrcella. Dans une soci\u00e9t\u00e9 domin\u00e9e par les hommes auxquels elles doivent c\u00e9der la place, elles se transforment en p\u00e9pites quand elles sont les seules h\u00e9riti\u00e8res. Elles deviennent alors des proies expos\u00e9es \u00e0 toutes les violences (rapts, mariages forc\u00e9s, conqu\u00eates, \u2026). Le mariage, et ses r\u00e8gles juridiques inf\u00e9riorisantes, devient alors leur seul horizon. Jeanne et Marguerite de Hainaut (XIII\u00e8me si\u00e8cle), petites-filles d\u2019Ali\u00e9nor d\u2019Aquitaine et filles du comte Baudouin VI du Hainaut sont confi\u00e9es au Roi Philippe Auguste quand la mort de leur p\u00e8re en Terre Sainte, premier Empereur de Constantinople, les laisse orphelines. Sur leurs \u00e9paules, elles portent le poids des enjeux strat\u00e9giques europ\u00e9ens qui s\u2019entrechoquent en Flandre et dans le Hainaut. Elles r\u00e9ussiront \u00e0 pr\u00e9server leur h\u00e9ritage et deviendront successivement comtesses de Hainaut, non sans moults mariages et conflits. Le destin de Marie de Bourgogne (XV\u00e8me) n\u2019est pas moins h\u00e9ro\u00efque. Orpheline de son bouillonnant p\u00e8re Jacques le T\u00e9m\u00e9raire pr\u00e9matur\u00e9ment mort au combat, elle va tout faire pour pr\u00e9server son h\u00e9ritage notamment hennuyer, avant de mourir aussi subitement. Quant \u00e0 Isabelle d\u2019Autriche (XVI-XVII\u00e8mes si\u00e8cles), fille de Philippe II d\u2019Espagne, son mariage avec son cousin Albert lui assure un destin plus serein. Sous leur r\u00e8gne, ils assurent enfin au Hainaut un retour \u00e0 la paix et \u00e0 la stabilit\u00e9 apr\u00e8s le r\u00e8gne sanglant et calamiteux de leur p\u00e8re et oncle lors des guerres de religion.<\/p>\n<start-cask-shortcode-wrapper><end-cask-shortcode-wrapper>\n","protected":false},"excerpt":{"rendered":"<p>&nbsp; La vie des h\u00e9riti\u00e8res des temps pass\u00e9s est aussi tumultueuse que celle des h\u00e9ro\u00efnes de fiction telles que Sansa Stark, Daenerys ou Myrcella. Dans une soci\u00e9t\u00e9 domin\u00e9e par les hommes auxquels elles doivent c\u00e9der la place, elles se transforment en p\u00e9pites quand elles sont les seules h\u00e9riti\u00e8res. Elles deviennent alors des proies expos\u00e9es \u00e0 [&hellip;]<\/p>\n","protected":false},"author":2,"featured_media":0,"parent":975,"menu_order":2,"comment_status":"closed","ping_status":"closed","template":"","meta":{"footnotes":""},"class_list":["post-1003","page","type-page","status-publish","hentry"],"yoast_head":"<!-- This site is optimized with the Yoast SEO plugin v27.2 - https:\/\/yoast.com\/product\/yoast-seo-wordpress\/ -->\n<title>Les H\u00e9riti\u00e8res - Ecole \/ DROIT<\/title>\n<meta name=\"robots\" content=\"index, follow, max-snippet:-1, max-image-preview:large, max-video-preview:-1\" \/>\n<link rel=\"canonical\" href=\"https:\/\/web.umons.ac.be\/droit\/fr\/lecole-de-droit-bouge\/initiatives-pedagogiques\/game-of-thrones-en-hainaut\/saison-2\/les-heritieres\/\" \/>\n<meta property=\"og:locale\" content=\"fr_FR\" \/>\n<meta property=\"og:type\" content=\"article\" \/>\n<meta property=\"og:title\" content=\"Les H\u00e9riti\u00e8res - Ecole \/ DROIT\" \/>\n<meta property=\"og:description\" content=\"&nbsp; La vie des h\u00e9riti\u00e8res des temps pass\u00e9s est aussi tumultueuse que celle des h\u00e9ro\u00efnes de fiction telles que Sansa Stark, Daenerys ou Myrcella. Dans une soci\u00e9t\u00e9 domin\u00e9e par les hommes auxquels elles doivent c\u00e9der la place, elles se transforment en p\u00e9pites quand elles sont les seules h\u00e9riti\u00e8res. Elles deviennent alors des proies expos\u00e9es \u00e0 [&hellip;]\" \/>\n<meta property=\"og:url\" content=\"https:\/\/web.umons.ac.be\/droit\/fr\/lecole-de-droit-bouge\/initiatives-pedagogiques\/game-of-thrones-en-hainaut\/saison-2\/les-heritieres\/\" \/>\n<meta property=\"og:site_name\" content=\"Ecole \/ DROIT\" \/>\n<meta property=\"article:modified_time\" content=\"2018-09-13T15:48:36+00:00\" \/>\n<meta property=\"og:image\" content=\"https:\/\/web.umons.ac.be\/app\/uploads\/sites\/7\/2018\/09\/Montage_MariedeBourgogne_Sansa.png\" \/>\n<meta name=\"twitter:card\" content=\"summary_large_image\" \/>\n<meta name=\"twitter:label1\" content=\"Dur\u00e9e de lecture estim\u00e9e\" \/>\n\t<meta name=\"twitter:data1\" content=\"2 minutes\" \/>\n<script type=\"application\/ld+json\" class=\"yoast-schema-graph\">{\"@context\":\"https:\/\/schema.org\",\"@graph\":[{\"@type\":\"WebPage\",\"@id\":\"https:\/\/web.umons.ac.be\/droit\/fr\/lecole-de-droit-bouge\/initiatives-pedagogiques\/game-of-thrones-en-hainaut\/saison-2\/les-heritieres\/\",\"url\":\"https:\/\/web.umons.ac.be\/droit\/fr\/lecole-de-droit-bouge\/initiatives-pedagogiques\/game-of-thrones-en-hainaut\/saison-2\/les-heritieres\/\",\"name\":\"Les H\u00e9riti\u00e8res - Ecole \/ DROIT\",\"isPartOf\":{\"@id\":\"https:\/\/web.umons.ac.be\/droit\/#website\"},\"primaryImageOfPage\":{\"@id\":\"https:\/\/web.umons.ac.be\/droit\/fr\/lecole-de-droit-bouge\/initiatives-pedagogiques\/game-of-thrones-en-hainaut\/saison-2\/les-heritieres\/#primaryimage\"},\"image\":{\"@id\":\"https:\/\/web.umons.ac.be\/droit\/fr\/lecole-de-droit-bouge\/initiatives-pedagogiques\/game-of-thrones-en-hainaut\/saison-2\/les-heritieres\/#primaryimage\"},\"thumbnailUrl\":\"https:\/\/web.umons.ac.be\/app\/uploads\/sites\/7\/2018\/09\/Montage_MariedeBourgogne_Sansa.png\",\"datePublished\":\"2018-09-13T15:37:57+00:00\",\"dateModified\":\"2018-09-13T15:48:36+00:00\",\"breadcrumb\":{\"@id\":\"https:\/\/web.umons.ac.be\/droit\/fr\/lecole-de-droit-bouge\/initiatives-pedagogiques\/game-of-thrones-en-hainaut\/saison-2\/les-heritieres\/#breadcrumb\"},\"inLanguage\":\"fr-FR\",\"potentialAction\":[{\"@type\":\"ReadAction\",\"target\":[\"https:\/\/web.umons.ac.be\/droit\/fr\/lecole-de-droit-bouge\/initiatives-pedagogiques\/game-of-thrones-en-hainaut\/saison-2\/les-heritieres\/\"]}]},{\"@type\":\"ImageObject\",\"inLanguage\":\"fr-FR\",\"@id\":\"https:\/\/web.umons.ac.be\/droit\/fr\/lecole-de-droit-bouge\/initiatives-pedagogiques\/game-of-thrones-en-hainaut\/saison-2\/les-heritieres\/#primaryimage\",\"url\":\"https:\/\/web.umons.ac.be\/app\/uploads\/sites\/7\/2018\/09\/Montage_MariedeBourgogne_Sansa.png\",\"contentUrl\":\"https:\/\/web.umons.ac.be\/app\/uploads\/sites\/7\/2018\/09\/Montage_MariedeBourgogne_Sansa.png\"},{\"@type\":\"BreadcrumbList\",\"@id\":\"https:\/\/web.umons.ac.be\/droit\/fr\/lecole-de-droit-bouge\/initiatives-pedagogiques\/game-of-thrones-en-hainaut\/saison-2\/les-heritieres\/#breadcrumb\",\"itemListElement\":[{\"@type\":\"ListItem\",\"position\":1,\"name\":\"Accueil\",\"item\":\"https:\/\/web.umons.ac.be\/droit\/\"},{\"@type\":\"ListItem\",\"position\":2,\"name\":\"L\u2019\u00c9cole de Droit bouge !\",\"item\":\"https:\/\/web.umons.ac.be\/droit\/fr\/lecole-de-droit-bouge\/\"},{\"@type\":\"ListItem\",\"position\":3,\"name\":\"Initiatives p\u00e9dagogiques\",\"item\":\"https:\/\/web.umons.ac.be\/droit\/fr\/lecole-de-droit-bouge\/initiatives-pedagogiques\/\"},{\"@type\":\"ListItem\",\"position\":4,\"name\":\"Game of Thrones en Hainaut\",\"item\":\"https:\/\/web.umons.ac.be\/droit\/fr\/lecole-de-droit-bouge\/initiatives-pedagogiques\/game-of-thrones-en-hainaut\/\"},{\"@type\":\"ListItem\",\"position\":5,\"name\":\"Saison 2\",\"item\":\"https:\/\/web.umons.ac.be\/droit\/fr\/lecole-de-droit-bouge\/initiatives-pedagogiques\/game-of-thrones-en-hainaut\/saison-2\/\"},{\"@type\":\"ListItem\",\"position\":6,\"name\":\"Les H\u00e9riti\u00e8res\"}]},{\"@type\":\"WebSite\",\"@id\":\"https:\/\/web.umons.ac.be\/droit\/#website\",\"url\":\"https:\/\/web.umons.ac.be\/droit\/\",\"name\":\"Ecole \/ DROIT\",\"description\":\"hgqdfjkghqdfjk\",\"potentialAction\":[{\"@type\":\"SearchAction\",\"target\":{\"@type\":\"EntryPoint\",\"urlTemplate\":\"https:\/\/web.umons.ac.be\/droit\/?s={search_term_string}\"},\"query-input\":{\"@type\":\"PropertyValueSpecification\",\"valueRequired\":true,\"valueName\":\"search_term_string\"}}],\"inLanguage\":\"fr-FR\"}]}<\/script>\n<!-- \/ Yoast SEO plugin. -->","yoast_head_json":{"title":"Les H\u00e9riti\u00e8res - Ecole \/ DROIT","robots":{"index":"index","follow":"follow","max-snippet":"max-snippet:-1","max-image-preview":"max-image-preview:large","max-video-preview":"max-video-preview:-1"},"canonical":"https:\/\/web.umons.ac.be\/droit\/fr\/lecole-de-droit-bouge\/initiatives-pedagogiques\/game-of-thrones-en-hainaut\/saison-2\/les-heritieres\/","og_locale":"fr_FR","og_type":"article","og_title":"Les H\u00e9riti\u00e8res - Ecole \/ DROIT","og_description":"&nbsp; La vie des h\u00e9riti\u00e8res des temps pass\u00e9s est aussi tumultueuse que celle des h\u00e9ro\u00efnes de fiction telles que Sansa Stark, Daenerys ou Myrcella. Dans une soci\u00e9t\u00e9 domin\u00e9e par les hommes auxquels elles doivent c\u00e9der la place, elles se transforment en p\u00e9pites quand elles sont les seules h\u00e9riti\u00e8res. Elles deviennent alors des proies expos\u00e9es \u00e0 [&hellip;]","og_url":"https:\/\/web.umons.ac.be\/droit\/fr\/lecole-de-droit-bouge\/initiatives-pedagogiques\/game-of-thrones-en-hainaut\/saison-2\/les-heritieres\/","og_site_name":"Ecole \/ DROIT","article_modified_time":"2018-09-13T15:48:36+00:00","og_image":[{"url":"https:\/\/web.umons.ac.be\/app\/uploads\/sites\/7\/2018\/09\/Montage_MariedeBourgogne_Sansa.png","type":"","width":"","height":""}],"twitter_card":"summary_large_image","twitter_misc":{"Dur\u00e9e de lecture estim\u00e9e":"2 minutes"},"schema":{"@context":"https:\/\/schema.org","@graph":[{"@type":"WebPage","@id":"https:\/\/web.umons.ac.be\/droit\/fr\/lecole-de-droit-bouge\/initiatives-pedagogiques\/game-of-thrones-en-hainaut\/saison-2\/les-heritieres\/","url":"https:\/\/web.umons.ac.be\/droit\/fr\/lecole-de-droit-bouge\/initiatives-pedagogiques\/game-of-thrones-en-hainaut\/saison-2\/les-heritieres\/","name":"Les H\u00e9riti\u00e8res - Ecole \/ DROIT","isPartOf":{"@id":"https:\/\/web.umons.ac.be\/droit\/#website"},"primaryImageOfPage":{"@id":"https:\/\/web.umons.ac.be\/droit\/fr\/lecole-de-droit-bouge\/initiatives-pedagogiques\/game-of-thrones-en-hainaut\/saison-2\/les-heritieres\/#primaryimage"},"image":{"@id":"https:\/\/web.umons.ac.be\/droit\/fr\/lecole-de-droit-bouge\/initiatives-pedagogiques\/game-of-thrones-en-hainaut\/saison-2\/les-heritieres\/#primaryimage"},"thumbnailUrl":"https:\/\/web.umons.ac.be\/app\/uploads\/sites\/7\/2018\/09\/Montage_MariedeBourgogne_Sansa.png","datePublished":"2018-09-13T15:37:57+00:00","dateModified":"2018-09-13T15:48:36+00:00","breadcrumb":{"@id":"https:\/\/web.umons.ac.be\/droit\/fr\/lecole-de-droit-bouge\/initiatives-pedagogiques\/game-of-thrones-en-hainaut\/saison-2\/les-heritieres\/#breadcrumb"},"inLanguage":"fr-FR","potentialAction":[{"@type":"ReadAction","target":["https:\/\/web.umons.ac.be\/droit\/fr\/lecole-de-droit-bouge\/initiatives-pedagogiques\/game-of-thrones-en-hainaut\/saison-2\/les-heritieres\/"]}]},{"@type":"ImageObject","inLanguage":"fr-FR","@id":"https:\/\/web.umons.ac.be\/droit\/fr\/lecole-de-droit-bouge\/initiatives-pedagogiques\/game-of-thrones-en-hainaut\/saison-2\/les-heritieres\/#primaryimage","url":"https:\/\/web.umons.ac.be\/app\/uploads\/sites\/7\/2018\/09\/Montage_MariedeBourgogne_Sansa.png","contentUrl":"https:\/\/web.umons.ac.be\/app\/uploads\/sites\/7\/2018\/09\/Montage_MariedeBourgogne_Sansa.png"},{"@type":"BreadcrumbList","@id":"https:\/\/web.umons.ac.be\/droit\/fr\/lecole-de-droit-bouge\/initiatives-pedagogiques\/game-of-thrones-en-hainaut\/saison-2\/les-heritieres\/#breadcrumb","itemListElement":[{"@type":"ListItem","position":1,"name":"Accueil","item":"https:\/\/web.umons.ac.be\/droit\/"},{"@type":"ListItem","position":2,"name":"L\u2019\u00c9cole de Droit bouge !","item":"https:\/\/web.umons.ac.be\/droit\/fr\/lecole-de-droit-bouge\/"},{"@type":"ListItem","position":3,"name":"Initiatives p\u00e9dagogiques","item":"https:\/\/web.umons.ac.be\/droit\/fr\/lecole-de-droit-bouge\/initiatives-pedagogiques\/"},{"@type":"ListItem","position":4,"name":"Game of Thrones en Hainaut","item":"https:\/\/web.umons.ac.be\/droit\/fr\/lecole-de-droit-bouge\/initiatives-pedagogiques\/game-of-thrones-en-hainaut\/"},{"@type":"ListItem","position":5,"name":"Saison 2","item":"https:\/\/web.umons.ac.be\/droit\/fr\/lecole-de-droit-bouge\/initiatives-pedagogiques\/game-of-thrones-en-hainaut\/saison-2\/"},{"@type":"ListItem","position":6,"name":"Les H\u00e9riti\u00e8res"}]},{"@type":"WebSite","@id":"https:\/\/web.umons.ac.be\/droit\/#website","url":"https:\/\/web.umons.ac.be\/droit\/","name":"Ecole \/ DROIT","description":"hgqdfjkghqdfjk","potentialAction":[{"@type":"SearchAction","target":{"@type":"EntryPoint","urlTemplate":"https:\/\/web.umons.ac.be\/droit\/?s={search_term_string}"},"query-input":{"@type":"PropertyValueSpecification","valueRequired":true,"valueName":"search_term_string"}}],"inLanguage":"fr-FR"}]}},"lang":"fr","translations":{"fr":1003},"pll_sync_post":[],"_links":{"self":[{"href":"https:\/\/web.umons.ac.be\/droit\/wp-json\/wp\/v2\/pages\/1003","targetHints":{"allow":["GET"]}}],"collection":[{"href":"https:\/\/web.umons.ac.be\/droit\/wp-json\/wp\/v2\/pages"}],"about":[{"href":"https:\/\/web.umons.ac.be\/droit\/wp-json\/wp\/v2\/types\/page"}],"author":[{"embeddable":true,"href":"https:\/\/web.umons.ac.be\/droit\/wp-json\/wp\/v2\/users\/2"}],"replies":[{"embeddable":true,"href":"https:\/\/web.umons.ac.be\/droit\/wp-json\/wp\/v2\/comments?post=1003"}],"version-history":[{"count":3,"href":"https:\/\/web.umons.ac.be\/droit\/wp-json\/wp\/v2\/pages\/1003\/revisions"}],"predecessor-version":[{"id":1018,"href":"https:\/\/web.umons.ac.be\/droit\/wp-json\/wp\/v2\/pages\/1003\/revisions\/1018"}],"up":[{"embeddable":true,"href":"https:\/\/web.umons.ac.be\/droit\/wp-json\/wp\/v2\/pages\/975"}],"wp:attachment":[{"href":"https:\/\/web.umons.ac.be\/droit\/wp-json\/wp\/v2\/media?parent=1003"}],"curies":[{"name":"wp","href":"https:\/\/api.w.org\/{rel}","templated":true}]}}