{"id":1037,"date":"2018-09-13T18:07:27","date_gmt":"2018-09-13T16:07:27","guid":{"rendered":"https:\/\/web.umons.ac.be\/droit\/?page_id=1037"},"modified":"2018-09-13T18:09:08","modified_gmt":"2018-09-13T16:09:08","slug":"les-sorcieres-et-les-saintes","status":"publish","type":"page","link":"https:\/\/web.umons.ac.be\/droit\/fr\/lecole-de-droit-bouge\/initiatives-pedagogiques\/game-of-thrones-en-hainaut\/saison-2\/les-sorcieres-et-les-saintes\/","title":{"rendered":"Les Sorci\u00e8res et les Saintes"},"content":{"rendered":"<figure id=\"attachment_1038\" aria-describedby=\"caption-attachment-1038\" style=\"width: 703px\" class=\"wp-caption aligncenter\"><a href=\"https:\/\/web.umons.ac.be\/app\/uploads\/sites\/7\/2018\/09\/Montage_sorci\u00e8res-1.png\"><img loading=\"lazy\" decoding=\"async\" class=\"size-full wp-image-1038\" src=\"https:\/\/web.umons.ac.be\/app\/uploads\/sites\/7\/2018\/09\/Montage_sorci\u00e8res-1.png\" alt=\"\" width=\"703\" height=\"344\" \/><\/a><figcaption id=\"caption-attachment-1038\" class=\"wp-caption-text\">A gauche : Ex\u00e9cution d\u2019un sorcier en 1611, Lille<br \/>A droite : Ex\u00e9cution de Shireen par la Pr\u00eatresse Rouge M\u00e9lisandre, Ch\u00e2teau Noir.<\/figcaption><\/figure>\n<p>&nbsp;<\/p>\n<p>Comme dans la s\u00e9rie Game of Thrones, le Hainaut a connu le b\u00fbcher. Dans la r\u00e9gion d\u2019Elezelles, on se souvient chaque ann\u00e9e des nombreux sorciers, et surtout sorci\u00e8res, qui ont p\u00e9ri dans le b\u00fbcher ? Mais que sait-on r\u00e9ellement de Quintin de la Glisserie\u00a0(XVI-XVII\u00e8mes si\u00e8cles) ? De l\u2019autre c\u00f4t\u00e9 de l\u2019\u00e9chiquier, les saintes \u00e9chappent aux flammes de l\u2019enfer, et surtout du b\u00fbcher. Waudru est f\u00eat\u00e9e chaque ann\u00e9e \u00e0 Mons. Mais qui conna\u00eet l\u2019histoire de cette aristocrate franque du VII\u00e8me si\u00e8cle ? Dans la diabolisation ou l\u2019adoration, les sorci\u00e8res et les saintes t\u00e9moignent du manich\u00e9isme et de l\u2019intol\u00e9rance qui caract\u00e9rise une soci\u00e9t\u00e9 domin\u00e9e par la religion. Et de la difficult\u00e9, pour les femmes, d\u2019y trouver place.<\/p>\n<start-cask-shortcode-wrapper><end-cask-shortcode-wrapper>\n","protected":false},"excerpt":{"rendered":"<p>&nbsp; Comme dans la s\u00e9rie Game of Thrones, le Hainaut a connu le b\u00fbcher. Dans la r\u00e9gion d\u2019Elezelles, on se souvient chaque ann\u00e9e des nombreux sorciers, et surtout sorci\u00e8res, qui ont p\u00e9ri dans le b\u00fbcher ? Mais que sait-on r\u00e9ellement de Quintin de la Glisserie\u00a0(XVI-XVII\u00e8mes si\u00e8cles) ? De l\u2019autre c\u00f4t\u00e9 de l\u2019\u00e9chiquier, les saintes \u00e9chappent [&hellip;]<\/p>\n","protected":false},"author":2,"featured_media":0,"parent":975,"menu_order":6,"comment_status":"closed","ping_status":"closed","template":"","meta":{"footnotes":""},"class_list":["post-1037","page","type-page","status-publish","hentry"],"yoast_head":"<!-- This site is optimized with the Yoast SEO plugin v27.2 - https:\/\/yoast.com\/product\/yoast-seo-wordpress\/ -->\n<title>Les Sorci\u00e8res et les Saintes - Ecole \/ DROIT<\/title>\n<meta name=\"robots\" content=\"index, follow, max-snippet:-1, max-image-preview:large, max-video-preview:-1\" \/>\n<link rel=\"canonical\" href=\"https:\/\/web.umons.ac.be\/droit\/fr\/lecole-de-droit-bouge\/initiatives-pedagogiques\/game-of-thrones-en-hainaut\/saison-2\/les-sorcieres-et-les-saintes\/\" \/>\n<meta property=\"og:locale\" content=\"fr_FR\" \/>\n<meta property=\"og:type\" content=\"article\" \/>\n<meta property=\"og:title\" content=\"Les Sorci\u00e8res et les Saintes - Ecole \/ DROIT\" \/>\n<meta property=\"og:description\" content=\"&nbsp; Comme dans la s\u00e9rie Game of Thrones, le Hainaut a connu le b\u00fbcher. Dans la r\u00e9gion d\u2019Elezelles, on se souvient chaque ann\u00e9e des nombreux sorciers, et surtout sorci\u00e8res, qui ont p\u00e9ri dans le b\u00fbcher ? Mais que sait-on r\u00e9ellement de Quintin de la Glisserie\u00a0(XVI-XVII\u00e8mes si\u00e8cles) ? De l\u2019autre c\u00f4t\u00e9 de l\u2019\u00e9chiquier, les saintes \u00e9chappent [&hellip;]\" \/>\n<meta property=\"og:url\" content=\"https:\/\/web.umons.ac.be\/droit\/fr\/lecole-de-droit-bouge\/initiatives-pedagogiques\/game-of-thrones-en-hainaut\/saison-2\/les-sorcieres-et-les-saintes\/\" \/>\n<meta property=\"og:site_name\" content=\"Ecole \/ DROIT\" \/>\n<meta property=\"article:modified_time\" content=\"2018-09-13T16:09:08+00:00\" \/>\n<meta property=\"og:image\" content=\"https:\/\/web.umons.ac.be\/app\/uploads\/sites\/7\/2018\/09\/Montage_sorci\u00e8res-1.png\" \/>\n<meta name=\"twitter:card\" content=\"summary_large_image\" \/>\n<meta name=\"twitter:label1\" content=\"Dur\u00e9e de lecture estim\u00e9e\" \/>\n\t<meta name=\"twitter:data1\" content=\"1 minute\" \/>\n<script type=\"application\/ld+json\" class=\"yoast-schema-graph\">{\"@context\":\"https:\/\/schema.org\",\"@graph\":[{\"@type\":\"WebPage\",\"@id\":\"https:\/\/web.umons.ac.be\/droit\/fr\/lecole-de-droit-bouge\/initiatives-pedagogiques\/game-of-thrones-en-hainaut\/saison-2\/les-sorcieres-et-les-saintes\/\",\"url\":\"https:\/\/web.umons.ac.be\/droit\/fr\/lecole-de-droit-bouge\/initiatives-pedagogiques\/game-of-thrones-en-hainaut\/saison-2\/les-sorcieres-et-les-saintes\/\",\"name\":\"Les Sorci\u00e8res et les Saintes - Ecole \/ DROIT\",\"isPartOf\":{\"@id\":\"https:\/\/web.umons.ac.be\/droit\/#website\"},\"datePublished\":\"2018-09-13T16:07:27+00:00\",\"dateModified\":\"2018-09-13T16:09:08+00:00\",\"breadcrumb\":{\"@id\":\"https:\/\/web.umons.ac.be\/droit\/fr\/lecole-de-droit-bouge\/initiatives-pedagogiques\/game-of-thrones-en-hainaut\/saison-2\/les-sorcieres-et-les-saintes\/#breadcrumb\"},\"inLanguage\":\"fr-FR\",\"potentialAction\":[{\"@type\":\"ReadAction\",\"target\":[\"https:\/\/web.umons.ac.be\/droit\/fr\/lecole-de-droit-bouge\/initiatives-pedagogiques\/game-of-thrones-en-hainaut\/saison-2\/les-sorcieres-et-les-saintes\/\"]}]},{\"@type\":\"BreadcrumbList\",\"@id\":\"https:\/\/web.umons.ac.be\/droit\/fr\/lecole-de-droit-bouge\/initiatives-pedagogiques\/game-of-thrones-en-hainaut\/saison-2\/les-sorcieres-et-les-saintes\/#breadcrumb\",\"itemListElement\":[{\"@type\":\"ListItem\",\"position\":1,\"name\":\"Accueil\",\"item\":\"https:\/\/web.umons.ac.be\/droit\/\"},{\"@type\":\"ListItem\",\"position\":2,\"name\":\"L\u2019\u00c9cole de Droit bouge !\",\"item\":\"https:\/\/web.umons.ac.be\/droit\/fr\/lecole-de-droit-bouge\/\"},{\"@type\":\"ListItem\",\"position\":3,\"name\":\"Initiatives p\u00e9dagogiques\",\"item\":\"https:\/\/web.umons.ac.be\/droit\/fr\/lecole-de-droit-bouge\/initiatives-pedagogiques\/\"},{\"@type\":\"ListItem\",\"position\":4,\"name\":\"Game of Thrones en Hainaut\",\"item\":\"https:\/\/web.umons.ac.be\/droit\/fr\/lecole-de-droit-bouge\/initiatives-pedagogiques\/game-of-thrones-en-hainaut\/\"},{\"@type\":\"ListItem\",\"position\":5,\"name\":\"Saison 2\",\"item\":\"https:\/\/web.umons.ac.be\/droit\/fr\/lecole-de-droit-bouge\/initiatives-pedagogiques\/game-of-thrones-en-hainaut\/saison-2\/\"},{\"@type\":\"ListItem\",\"position\":6,\"name\":\"Les Sorci\u00e8res et les Saintes\"}]},{\"@type\":\"WebSite\",\"@id\":\"https:\/\/web.umons.ac.be\/droit\/#website\",\"url\":\"https:\/\/web.umons.ac.be\/droit\/\",\"name\":\"Ecole \/ DROIT\",\"description\":\"hgqdfjkghqdfjk\",\"potentialAction\":[{\"@type\":\"SearchAction\",\"target\":{\"@type\":\"EntryPoint\",\"urlTemplate\":\"https:\/\/web.umons.ac.be\/droit\/?s={search_term_string}\"},\"query-input\":{\"@type\":\"PropertyValueSpecification\",\"valueRequired\":true,\"valueName\":\"search_term_string\"}}],\"inLanguage\":\"fr-FR\"}]}<\/script>\n<!-- \/ Yoast SEO plugin. -->","yoast_head_json":{"title":"Les Sorci\u00e8res et les Saintes - Ecole \/ DROIT","robots":{"index":"index","follow":"follow","max-snippet":"max-snippet:-1","max-image-preview":"max-image-preview:large","max-video-preview":"max-video-preview:-1"},"canonical":"https:\/\/web.umons.ac.be\/droit\/fr\/lecole-de-droit-bouge\/initiatives-pedagogiques\/game-of-thrones-en-hainaut\/saison-2\/les-sorcieres-et-les-saintes\/","og_locale":"fr_FR","og_type":"article","og_title":"Les Sorci\u00e8res et les Saintes - Ecole \/ DROIT","og_description":"&nbsp; Comme dans la s\u00e9rie Game of Thrones, le Hainaut a connu le b\u00fbcher. Dans la r\u00e9gion d\u2019Elezelles, on se souvient chaque ann\u00e9e des nombreux sorciers, et surtout sorci\u00e8res, qui ont p\u00e9ri dans le b\u00fbcher ? Mais que sait-on r\u00e9ellement de Quintin de la Glisserie\u00a0(XVI-XVII\u00e8mes si\u00e8cles) ? De l\u2019autre c\u00f4t\u00e9 de l\u2019\u00e9chiquier, les saintes \u00e9chappent [&hellip;]","og_url":"https:\/\/web.umons.ac.be\/droit\/fr\/lecole-de-droit-bouge\/initiatives-pedagogiques\/game-of-thrones-en-hainaut\/saison-2\/les-sorcieres-et-les-saintes\/","og_site_name":"Ecole \/ DROIT","article_modified_time":"2018-09-13T16:09:08+00:00","og_image":[{"url":"https:\/\/web.umons.ac.be\/app\/uploads\/sites\/7\/2018\/09\/Montage_sorci\u00e8res-1.png","type":"","width":"","height":""}],"twitter_card":"summary_large_image","twitter_misc":{"Dur\u00e9e de lecture estim\u00e9e":"1 minute"},"schema":{"@context":"https:\/\/schema.org","@graph":[{"@type":"WebPage","@id":"https:\/\/web.umons.ac.be\/droit\/fr\/lecole-de-droit-bouge\/initiatives-pedagogiques\/game-of-thrones-en-hainaut\/saison-2\/les-sorcieres-et-les-saintes\/","url":"https:\/\/web.umons.ac.be\/droit\/fr\/lecole-de-droit-bouge\/initiatives-pedagogiques\/game-of-thrones-en-hainaut\/saison-2\/les-sorcieres-et-les-saintes\/","name":"Les Sorci\u00e8res et les Saintes - Ecole \/ DROIT","isPartOf":{"@id":"https:\/\/web.umons.ac.be\/droit\/#website"},"datePublished":"2018-09-13T16:07:27+00:00","dateModified":"2018-09-13T16:09:08+00:00","breadcrumb":{"@id":"https:\/\/web.umons.ac.be\/droit\/fr\/lecole-de-droit-bouge\/initiatives-pedagogiques\/game-of-thrones-en-hainaut\/saison-2\/les-sorcieres-et-les-saintes\/#breadcrumb"},"inLanguage":"fr-FR","potentialAction":[{"@type":"ReadAction","target":["https:\/\/web.umons.ac.be\/droit\/fr\/lecole-de-droit-bouge\/initiatives-pedagogiques\/game-of-thrones-en-hainaut\/saison-2\/les-sorcieres-et-les-saintes\/"]}]},{"@type":"BreadcrumbList","@id":"https:\/\/web.umons.ac.be\/droit\/fr\/lecole-de-droit-bouge\/initiatives-pedagogiques\/game-of-thrones-en-hainaut\/saison-2\/les-sorcieres-et-les-saintes\/#breadcrumb","itemListElement":[{"@type":"ListItem","position":1,"name":"Accueil","item":"https:\/\/web.umons.ac.be\/droit\/"},{"@type":"ListItem","position":2,"name":"L\u2019\u00c9cole de Droit bouge !","item":"https:\/\/web.umons.ac.be\/droit\/fr\/lecole-de-droit-bouge\/"},{"@type":"ListItem","position":3,"name":"Initiatives p\u00e9dagogiques","item":"https:\/\/web.umons.ac.be\/droit\/fr\/lecole-de-droit-bouge\/initiatives-pedagogiques\/"},{"@type":"ListItem","position":4,"name":"Game of Thrones en Hainaut","item":"https:\/\/web.umons.ac.be\/droit\/fr\/lecole-de-droit-bouge\/initiatives-pedagogiques\/game-of-thrones-en-hainaut\/"},{"@type":"ListItem","position":5,"name":"Saison 2","item":"https:\/\/web.umons.ac.be\/droit\/fr\/lecole-de-droit-bouge\/initiatives-pedagogiques\/game-of-thrones-en-hainaut\/saison-2\/"},{"@type":"ListItem","position":6,"name":"Les Sorci\u00e8res et les Saintes"}]},{"@type":"WebSite","@id":"https:\/\/web.umons.ac.be\/droit\/#website","url":"https:\/\/web.umons.ac.be\/droit\/","name":"Ecole \/ DROIT","description":"hgqdfjkghqdfjk","potentialAction":[{"@type":"SearchAction","target":{"@type":"EntryPoint","urlTemplate":"https:\/\/web.umons.ac.be\/droit\/?s={search_term_string}"},"query-input":{"@type":"PropertyValueSpecification","valueRequired":true,"valueName":"search_term_string"}}],"inLanguage":"fr-FR"}]}},"lang":"fr","translations":{"fr":1037},"pll_sync_post":[],"_links":{"self":[{"href":"https:\/\/web.umons.ac.be\/droit\/wp-json\/wp\/v2\/pages\/1037","targetHints":{"allow":["GET"]}}],"collection":[{"href":"https:\/\/web.umons.ac.be\/droit\/wp-json\/wp\/v2\/pages"}],"about":[{"href":"https:\/\/web.umons.ac.be\/droit\/wp-json\/wp\/v2\/types\/page"}],"author":[{"embeddable":true,"href":"https:\/\/web.umons.ac.be\/droit\/wp-json\/wp\/v2\/users\/2"}],"replies":[{"embeddable":true,"href":"https:\/\/web.umons.ac.be\/droit\/wp-json\/wp\/v2\/comments?post=1037"}],"version-history":[{"count":2,"href":"https:\/\/web.umons.ac.be\/droit\/wp-json\/wp\/v2\/pages\/1037\/revisions"}],"predecessor-version":[{"id":1042,"href":"https:\/\/web.umons.ac.be\/droit\/wp-json\/wp\/v2\/pages\/1037\/revisions\/1042"}],"up":[{"embeddable":true,"href":"https:\/\/web.umons.ac.be\/droit\/wp-json\/wp\/v2\/pages\/975"}],"wp:attachment":[{"href":"https:\/\/web.umons.ac.be\/droit\/wp-json\/wp\/v2\/media?parent=1037"}],"curies":[{"name":"wp","href":"https:\/\/api.w.org\/{rel}","templated":true}]}}