{"id":1046,"date":"2018-09-13T18:14:09","date_gmt":"2018-09-13T16:14:09","guid":{"rendered":"https:\/\/web.umons.ac.be\/droit\/?page_id=1046"},"modified":"2018-09-17T10:39:31","modified_gmt":"2018-09-17T08:39:31","slug":"les-villes","status":"publish","type":"page","link":"https:\/\/web.umons.ac.be\/droit\/fr\/lecole-de-droit-bouge\/initiatives-pedagogiques\/game-of-thrones-en-hainaut\/saison-2\/les-villes\/","title":{"rendered":"Les villes"},"content":{"rendered":"<figure id=\"attachment_1088\" aria-describedby=\"caption-attachment-1088\" style=\"width: 1024px\" class=\"wp-caption aligncenter\"><a href=\"https:\/\/web.umons.ac.be\/app\/uploads\/sites\/7\/2018\/09\/Villes.jpg\"><img loading=\"lazy\" decoding=\"async\" class=\"size-large wp-image-1088\" src=\"https:\/\/web.umons.ac.be\/app\/uploads\/sites\/7\/2018\/09\/Villes-1024x618.jpg\" alt=\"\" width=\"1024\" height=\"618\" srcset=\"https:\/\/web.umons.ac.be\/app\/uploads\/sites\/7\/2018\/09\/Villes-1024x618.jpg 1024w, https:\/\/web.umons.ac.be\/app\/uploads\/sites\/7\/2018\/09\/Villes-300x181.jpg 300w, https:\/\/web.umons.ac.be\/app\/uploads\/sites\/7\/2018\/09\/Villes-768x464.jpg 768w, https:\/\/web.umons.ac.be\/app\/uploads\/sites\/7\/2018\/09\/Villes-1093x660.jpg 1093w, https:\/\/web.umons.ac.be\/app\/uploads\/sites\/7\/2018\/09\/Villes-30x18.jpg 30w, https:\/\/web.umons.ac.be\/app\/uploads\/sites\/7\/2018\/09\/Villes-60x36.jpg 60w, https:\/\/web.umons.ac.be\/app\/uploads\/sites\/7\/2018\/09\/Villes-360x217.jpg 360w, https:\/\/web.umons.ac.be\/app\/uploads\/sites\/7\/2018\/09\/Villes.jpg 1385w\" sizes=\"auto, (max-width: 1024px) 100vw, 1024px\" \/><\/a><figcaption id=\"caption-attachment-1088\" class=\"wp-caption-text\">L\u00e9gende<br \/>A gauche : Donjon Rouge, Port-R\u00e9al.<br \/>A droite : Beffroi, Mons.<\/figcaption><\/figure>\n<p>&nbsp;<\/p>\n<p>\u00ab L\u2019air de la ville rend libre \u00bb. Ce vieil adage rappelle combien, au Moyen Age, l\u2019apparition des villes a permis de donner de l\u2019air \u00e0 un syst\u00e8me f\u00e9odal \u00e9touffant sous la servitude. Dans ses premiers temps, la ville a incarn\u00e9 aussi pour les femmes un certain espace d\u2019autonomie dont elles \u00e9taient priv\u00e9es dans les campagnes. L\u2019histoire de Mons et de Braine-le-Comte en mode \u00ab Port-R\u00e9al \u00bb, c\u2019est par ici !<\/p>\n<start-cask-shortcode-wrapper><end-cask-shortcode-wrapper>\n<p>&nbsp;<\/p>\n","protected":false},"excerpt":{"rendered":"<p>&nbsp; \u00ab L\u2019air de la ville rend libre \u00bb. Ce vieil adage rappelle combien, au Moyen Age, l\u2019apparition des villes a permis de donner de l\u2019air \u00e0 un syst\u00e8me f\u00e9odal \u00e9touffant sous la servitude. Dans ses premiers temps, la ville a incarn\u00e9 aussi pour les femmes un certain espace d\u2019autonomie dont elles \u00e9taient priv\u00e9es dans [&hellip;]<\/p>\n","protected":false},"author":2,"featured_media":0,"parent":975,"menu_order":7,"comment_status":"closed","ping_status":"closed","template":"","meta":{"footnotes":""},"class_list":["post-1046","page","type-page","status-publish","hentry"],"yoast_head":"<!-- This site is optimized with the Yoast SEO plugin v27.2 - https:\/\/yoast.com\/product\/yoast-seo-wordpress\/ -->\n<title>Les villes - Ecole \/ DROIT<\/title>\n<meta name=\"robots\" content=\"index, follow, max-snippet:-1, max-image-preview:large, max-video-preview:-1\" \/>\n<link rel=\"canonical\" href=\"https:\/\/web.umons.ac.be\/droit\/fr\/lecole-de-droit-bouge\/initiatives-pedagogiques\/game-of-thrones-en-hainaut\/saison-2\/les-villes\/\" \/>\n<meta property=\"og:locale\" content=\"fr_FR\" \/>\n<meta property=\"og:type\" content=\"article\" \/>\n<meta property=\"og:title\" content=\"Les villes - Ecole \/ DROIT\" \/>\n<meta property=\"og:description\" content=\"&nbsp; \u00ab L\u2019air de la ville rend libre \u00bb. Ce vieil adage rappelle combien, au Moyen Age, l\u2019apparition des villes a permis de donner de l\u2019air \u00e0 un syst\u00e8me f\u00e9odal \u00e9touffant sous la servitude. Dans ses premiers temps, la ville a incarn\u00e9 aussi pour les femmes un certain espace d\u2019autonomie dont elles \u00e9taient priv\u00e9es dans [&hellip;]\" \/>\n<meta property=\"og:url\" content=\"https:\/\/web.umons.ac.be\/droit\/fr\/lecole-de-droit-bouge\/initiatives-pedagogiques\/game-of-thrones-en-hainaut\/saison-2\/les-villes\/\" \/>\n<meta property=\"og:site_name\" content=\"Ecole \/ DROIT\" \/>\n<meta property=\"article:modified_time\" content=\"2018-09-17T08:39:31+00:00\" \/>\n<meta property=\"og:image\" content=\"https:\/\/web.umons.ac.be\/app\/uploads\/sites\/7\/2018\/09\/Villes-1024x618.jpg\" \/>\n<meta name=\"twitter:card\" content=\"summary_large_image\" \/>\n<meta name=\"twitter:label1\" content=\"Dur\u00e9e de lecture estim\u00e9e\" \/>\n\t<meta name=\"twitter:data1\" content=\"1 minute\" \/>\n<script type=\"application\/ld+json\" class=\"yoast-schema-graph\">{\"@context\":\"https:\/\/schema.org\",\"@graph\":[{\"@type\":\"WebPage\",\"@id\":\"https:\/\/web.umons.ac.be\/droit\/fr\/lecole-de-droit-bouge\/initiatives-pedagogiques\/game-of-thrones-en-hainaut\/saison-2\/les-villes\/\",\"url\":\"https:\/\/web.umons.ac.be\/droit\/fr\/lecole-de-droit-bouge\/initiatives-pedagogiques\/game-of-thrones-en-hainaut\/saison-2\/les-villes\/\",\"name\":\"Les villes - Ecole \/ DROIT\",\"isPartOf\":{\"@id\":\"https:\/\/web.umons.ac.be\/droit\/#website\"},\"primaryImageOfPage\":{\"@id\":\"https:\/\/web.umons.ac.be\/droit\/fr\/lecole-de-droit-bouge\/initiatives-pedagogiques\/game-of-thrones-en-hainaut\/saison-2\/les-villes\/#primaryimage\"},\"image\":{\"@id\":\"https:\/\/web.umons.ac.be\/droit\/fr\/lecole-de-droit-bouge\/initiatives-pedagogiques\/game-of-thrones-en-hainaut\/saison-2\/les-villes\/#primaryimage\"},\"thumbnailUrl\":\"https:\/\/web.umons.ac.be\/app\/uploads\/sites\/7\/2018\/09\/Villes-1024x618.jpg\",\"datePublished\":\"2018-09-13T16:14:09+00:00\",\"dateModified\":\"2018-09-17T08:39:31+00:00\",\"breadcrumb\":{\"@id\":\"https:\/\/web.umons.ac.be\/droit\/fr\/lecole-de-droit-bouge\/initiatives-pedagogiques\/game-of-thrones-en-hainaut\/saison-2\/les-villes\/#breadcrumb\"},\"inLanguage\":\"fr-FR\",\"potentialAction\":[{\"@type\":\"ReadAction\",\"target\":[\"https:\/\/web.umons.ac.be\/droit\/fr\/lecole-de-droit-bouge\/initiatives-pedagogiques\/game-of-thrones-en-hainaut\/saison-2\/les-villes\/\"]}]},{\"@type\":\"ImageObject\",\"inLanguage\":\"fr-FR\",\"@id\":\"https:\/\/web.umons.ac.be\/droit\/fr\/lecole-de-droit-bouge\/initiatives-pedagogiques\/game-of-thrones-en-hainaut\/saison-2\/les-villes\/#primaryimage\",\"url\":\"https:\/\/web.umons.ac.be\/app\/uploads\/sites\/7\/2018\/09\/Villes-1024x618.jpg\",\"contentUrl\":\"https:\/\/web.umons.ac.be\/app\/uploads\/sites\/7\/2018\/09\/Villes-1024x618.jpg\"},{\"@type\":\"BreadcrumbList\",\"@id\":\"https:\/\/web.umons.ac.be\/droit\/fr\/lecole-de-droit-bouge\/initiatives-pedagogiques\/game-of-thrones-en-hainaut\/saison-2\/les-villes\/#breadcrumb\",\"itemListElement\":[{\"@type\":\"ListItem\",\"position\":1,\"name\":\"Accueil\",\"item\":\"https:\/\/web.umons.ac.be\/droit\/\"},{\"@type\":\"ListItem\",\"position\":2,\"name\":\"L\u2019\u00c9cole de Droit bouge !\",\"item\":\"https:\/\/web.umons.ac.be\/droit\/fr\/lecole-de-droit-bouge\/\"},{\"@type\":\"ListItem\",\"position\":3,\"name\":\"Initiatives p\u00e9dagogiques\",\"item\":\"https:\/\/web.umons.ac.be\/droit\/fr\/lecole-de-droit-bouge\/initiatives-pedagogiques\/\"},{\"@type\":\"ListItem\",\"position\":4,\"name\":\"Game of Thrones en Hainaut\",\"item\":\"https:\/\/web.umons.ac.be\/droit\/fr\/lecole-de-droit-bouge\/initiatives-pedagogiques\/game-of-thrones-en-hainaut\/\"},{\"@type\":\"ListItem\",\"position\":5,\"name\":\"Saison 2\",\"item\":\"https:\/\/web.umons.ac.be\/droit\/fr\/lecole-de-droit-bouge\/initiatives-pedagogiques\/game-of-thrones-en-hainaut\/saison-2\/\"},{\"@type\":\"ListItem\",\"position\":6,\"name\":\"Les villes\"}]},{\"@type\":\"WebSite\",\"@id\":\"https:\/\/web.umons.ac.be\/droit\/#website\",\"url\":\"https:\/\/web.umons.ac.be\/droit\/\",\"name\":\"Ecole \/ DROIT\",\"description\":\"hgqdfjkghqdfjk\",\"potentialAction\":[{\"@type\":\"SearchAction\",\"target\":{\"@type\":\"EntryPoint\",\"urlTemplate\":\"https:\/\/web.umons.ac.be\/droit\/?s={search_term_string}\"},\"query-input\":{\"@type\":\"PropertyValueSpecification\",\"valueRequired\":true,\"valueName\":\"search_term_string\"}}],\"inLanguage\":\"fr-FR\"}]}<\/script>\n<!-- \/ Yoast SEO plugin. -->","yoast_head_json":{"title":"Les villes - Ecole \/ DROIT","robots":{"index":"index","follow":"follow","max-snippet":"max-snippet:-1","max-image-preview":"max-image-preview:large","max-video-preview":"max-video-preview:-1"},"canonical":"https:\/\/web.umons.ac.be\/droit\/fr\/lecole-de-droit-bouge\/initiatives-pedagogiques\/game-of-thrones-en-hainaut\/saison-2\/les-villes\/","og_locale":"fr_FR","og_type":"article","og_title":"Les villes - Ecole \/ DROIT","og_description":"&nbsp; \u00ab L\u2019air de la ville rend libre \u00bb. Ce vieil adage rappelle combien, au Moyen Age, l\u2019apparition des villes a permis de donner de l\u2019air \u00e0 un syst\u00e8me f\u00e9odal \u00e9touffant sous la servitude. Dans ses premiers temps, la ville a incarn\u00e9 aussi pour les femmes un certain espace d\u2019autonomie dont elles \u00e9taient priv\u00e9es dans [&hellip;]","og_url":"https:\/\/web.umons.ac.be\/droit\/fr\/lecole-de-droit-bouge\/initiatives-pedagogiques\/game-of-thrones-en-hainaut\/saison-2\/les-villes\/","og_site_name":"Ecole \/ DROIT","article_modified_time":"2018-09-17T08:39:31+00:00","og_image":[{"url":"https:\/\/web.umons.ac.be\/app\/uploads\/sites\/7\/2018\/09\/Villes-1024x618.jpg","type":"","width":"","height":""}],"twitter_card":"summary_large_image","twitter_misc":{"Dur\u00e9e de lecture estim\u00e9e":"1 minute"},"schema":{"@context":"https:\/\/schema.org","@graph":[{"@type":"WebPage","@id":"https:\/\/web.umons.ac.be\/droit\/fr\/lecole-de-droit-bouge\/initiatives-pedagogiques\/game-of-thrones-en-hainaut\/saison-2\/les-villes\/","url":"https:\/\/web.umons.ac.be\/droit\/fr\/lecole-de-droit-bouge\/initiatives-pedagogiques\/game-of-thrones-en-hainaut\/saison-2\/les-villes\/","name":"Les villes - Ecole \/ DROIT","isPartOf":{"@id":"https:\/\/web.umons.ac.be\/droit\/#website"},"primaryImageOfPage":{"@id":"https:\/\/web.umons.ac.be\/droit\/fr\/lecole-de-droit-bouge\/initiatives-pedagogiques\/game-of-thrones-en-hainaut\/saison-2\/les-villes\/#primaryimage"},"image":{"@id":"https:\/\/web.umons.ac.be\/droit\/fr\/lecole-de-droit-bouge\/initiatives-pedagogiques\/game-of-thrones-en-hainaut\/saison-2\/les-villes\/#primaryimage"},"thumbnailUrl":"https:\/\/web.umons.ac.be\/app\/uploads\/sites\/7\/2018\/09\/Villes-1024x618.jpg","datePublished":"2018-09-13T16:14:09+00:00","dateModified":"2018-09-17T08:39:31+00:00","breadcrumb":{"@id":"https:\/\/web.umons.ac.be\/droit\/fr\/lecole-de-droit-bouge\/initiatives-pedagogiques\/game-of-thrones-en-hainaut\/saison-2\/les-villes\/#breadcrumb"},"inLanguage":"fr-FR","potentialAction":[{"@type":"ReadAction","target":["https:\/\/web.umons.ac.be\/droit\/fr\/lecole-de-droit-bouge\/initiatives-pedagogiques\/game-of-thrones-en-hainaut\/saison-2\/les-villes\/"]}]},{"@type":"ImageObject","inLanguage":"fr-FR","@id":"https:\/\/web.umons.ac.be\/droit\/fr\/lecole-de-droit-bouge\/initiatives-pedagogiques\/game-of-thrones-en-hainaut\/saison-2\/les-villes\/#primaryimage","url":"https:\/\/web.umons.ac.be\/app\/uploads\/sites\/7\/2018\/09\/Villes-1024x618.jpg","contentUrl":"https:\/\/web.umons.ac.be\/app\/uploads\/sites\/7\/2018\/09\/Villes-1024x618.jpg"},{"@type":"BreadcrumbList","@id":"https:\/\/web.umons.ac.be\/droit\/fr\/lecole-de-droit-bouge\/initiatives-pedagogiques\/game-of-thrones-en-hainaut\/saison-2\/les-villes\/#breadcrumb","itemListElement":[{"@type":"ListItem","position":1,"name":"Accueil","item":"https:\/\/web.umons.ac.be\/droit\/"},{"@type":"ListItem","position":2,"name":"L\u2019\u00c9cole de Droit bouge !","item":"https:\/\/web.umons.ac.be\/droit\/fr\/lecole-de-droit-bouge\/"},{"@type":"ListItem","position":3,"name":"Initiatives p\u00e9dagogiques","item":"https:\/\/web.umons.ac.be\/droit\/fr\/lecole-de-droit-bouge\/initiatives-pedagogiques\/"},{"@type":"ListItem","position":4,"name":"Game of Thrones en Hainaut","item":"https:\/\/web.umons.ac.be\/droit\/fr\/lecole-de-droit-bouge\/initiatives-pedagogiques\/game-of-thrones-en-hainaut\/"},{"@type":"ListItem","position":5,"name":"Saison 2","item":"https:\/\/web.umons.ac.be\/droit\/fr\/lecole-de-droit-bouge\/initiatives-pedagogiques\/game-of-thrones-en-hainaut\/saison-2\/"},{"@type":"ListItem","position":6,"name":"Les villes"}]},{"@type":"WebSite","@id":"https:\/\/web.umons.ac.be\/droit\/#website","url":"https:\/\/web.umons.ac.be\/droit\/","name":"Ecole \/ DROIT","description":"hgqdfjkghqdfjk","potentialAction":[{"@type":"SearchAction","target":{"@type":"EntryPoint","urlTemplate":"https:\/\/web.umons.ac.be\/droit\/?s={search_term_string}"},"query-input":{"@type":"PropertyValueSpecification","valueRequired":true,"valueName":"search_term_string"}}],"inLanguage":"fr-FR"}]}},"lang":"fr","translations":{"fr":1046},"pll_sync_post":[],"_links":{"self":[{"href":"https:\/\/web.umons.ac.be\/droit\/wp-json\/wp\/v2\/pages\/1046","targetHints":{"allow":["GET"]}}],"collection":[{"href":"https:\/\/web.umons.ac.be\/droit\/wp-json\/wp\/v2\/pages"}],"about":[{"href":"https:\/\/web.umons.ac.be\/droit\/wp-json\/wp\/v2\/types\/page"}],"author":[{"embeddable":true,"href":"https:\/\/web.umons.ac.be\/droit\/wp-json\/wp\/v2\/users\/2"}],"replies":[{"embeddable":true,"href":"https:\/\/web.umons.ac.be\/droit\/wp-json\/wp\/v2\/comments?post=1046"}],"version-history":[{"count":3,"href":"https:\/\/web.umons.ac.be\/droit\/wp-json\/wp\/v2\/pages\/1046\/revisions"}],"predecessor-version":[{"id":1103,"href":"https:\/\/web.umons.ac.be\/droit\/wp-json\/wp\/v2\/pages\/1046\/revisions\/1103"}],"up":[{"embeddable":true,"href":"https:\/\/web.umons.ac.be\/droit\/wp-json\/wp\/v2\/pages\/975"}],"wp:attachment":[{"href":"https:\/\/web.umons.ac.be\/droit\/wp-json\/wp\/v2\/media?parent=1046"}],"curies":[{"name":"wp","href":"https:\/\/api.w.org\/{rel}","templated":true}]}}