{"id":1630,"date":"2022-08-31T15:29:40","date_gmt":"2022-08-31T13:29:40","guid":{"rendered":"https:\/\/web.umons.ac.be\/droit\/?page_id=1630"},"modified":"2022-08-31T15:29:40","modified_gmt":"2022-08-31T13:29:40","slug":"ligue-des-assesseurs","status":"publish","type":"page","link":"https:\/\/web.umons.ac.be\/droit\/fr\/lecole-de-droit-bouge\/initiatives-pedagogiques\/ligue-des-assesseurs\/","title":{"rendered":"Ligue des assesseurs"},"content":{"rendered":"<h2>\u00catre assesseur, c\u2019est quoi ?<\/h2>\n<p>Un assesseur est un \u00e9lecteur d\u00e9sign\u00e9, conform\u00e9ment \u00e0 la l\u00e9gislation \u00e9lectorale, par le pr\u00e9sident d\u2019un bureau \u00e9lectoral principal pour exercer des t\u00e2ches au sein d\u2019un bureau \u00e9lectoral (un bureau de vote ou de d\u00e9pouillement).<\/p>\n<p>Les assesseurs assistent le\u00a0<strong>pr\u00e9sident\u00a0<\/strong>du bureau en fonction des t\u00e2ches qui lui sont conf\u00e9r\u00e9es par ce dernier et ce en fonction du type de bureau dans lequel l\u2019assesseur d\u00e9sign\u00e9 effectue sa prestation.<\/p>\n<p>D\u00e8s lors, dans un\u00a0<strong>bureau de vote<\/strong>, les assesseurs pourront \u00eatre amen\u00e9s \u00e0 :<\/p>\n<ul>\n<li>v\u00e9rifier les bulletins de vote ;<\/li>\n<li>pointer les\u00a0\u00e9lecteurs pr\u00e9sents sur le registre de\u00a0scrutin\u00a0;<\/li>\n<li>remplacer le\u00a0pr\u00e9sident\u00a0en cas d\u2019absence de ce dernier ;<\/li>\n<li>accompagner les\u00a0\u00e9lecteurs assist\u00e9s dans l\u2019isoloir, tenir le registre des\u00a0\u00e9lecteurs,\u2026.<\/li>\n<\/ul>\n<p>Dans un bureau de d\u00e9pouillement, l\u2019assesseur contribuera \u00e0 la comptabilisation des bulletins et \u00e0 la comptabilisation des voix des listes et des candidats.<\/p>\n<p>A d\u00e9faut de l\u2019invocation d\u2019une excuse valablement admise par le pr\u00e9sident d\u2019un bureau \u00e9lectoral principal, cette d\u00e9signation doit \u00eatre accomplie sous peine des sanctions pr\u00e9vues en cas de non-respect par la l\u00e9gislation \u00e9lectorale.<\/p>\n<blockquote><p>La Ligue des Assesseurs, ce sont 39 jeunes qui se portent volontaires pour \u00eatre assesseurs lors des \u00e9lections communales et provinciales du 14 octobre 2018.<\/p><\/blockquote>\n<p>Cette initiative p\u00e9dagogique, en quelques chiffres\u00a0:<\/p>\n<ul>\n<li>39 assesseurs \u00e9tudiants primo-\u00e9lecteurs\n<ul>\n<li><span style=\"font-size: 14px;\">2 \u00e9tudiants inscrits en 1\u00e8re ann\u00e9e de Bachelier en Droit<\/span><\/li>\n<li><span style=\"font-size: 14px;\">24 \u00e9tudiants inscrits en 2\u00e8me ann\u00e9e de Bachelier en Droit<\/span><\/li>\n<li><span style=\"font-size: 14px;\">11 \u00e9tudiants inscrits en 3\u00e8me ann\u00e9e de Bachelier en Droit<\/span><\/li>\n<li><span style=\"font-size: 14px;\">2 \u00e9tudiants inscrits au Master en Droit \u00e0 l\u2019Universit\u00e9 Libre de Bruxelles<\/span><\/li>\n<\/ul>\n<\/li>\n<li><span style=\"font-size: 14px;\">28 communes concern\u00e9es<\/span>\n<ul>\n<li><span style=\"font-size: 14px;\">25 dans le Hainaut<\/span><\/li>\n<li><span style=\"font-size: 14px;\">2 en Brabant wallon<\/span><\/li>\n<li><span style=\"font-size: 14px;\">1 en Province de Namur<\/span><\/li>\n<\/ul>\n<\/li>\n<\/ul>\n<start-cask-shortcode-wrapper>    <div class=\"accordion content-block scheme-right\">\n                <div class=\"accordion-inner\">\n            <div class=\"accordion-bellow\">\n                <button class=\"accordion-bellow-toggle scheme-background-hover\" data-target=\"#accordion-content-630f613eeff32\">\n                    <span class=\"icon umons-icon-chevron-down\" aria-hidden=\"true\"><\/span> La ligue, au jour le jour                <\/button>\n            <\/div>\n            <div id=\"accordion-content-630f613eeff32\" class=\"accordion-content\">\n            \t<div class=\"inner editor-front\">\n            \t\t<h3>Premi\u00e8re \u00e9tape\u00a0: l\u2019inscription<\/h3>\n<p>Les \u00e9tudiant.es qui souhaitaient se porter volontaire en tant qu\u2019assesseurs doivent d\u00e9poser le formulaire de candidature (<a href=\"https:\/\/web.umons.ac.be\/droit\/wp-includes\/js\/tinymce\/Ecole \/ DROIT\/_wp_link_placeholder\" target=\"_blank\" rel=\"noopener\">Volontariat des assesseurs<\/a>) aupr\u00e8s de leur commune avant le 15 septembre.<\/p>\n<p>Les 11 et 12 octobre, un cours pr\u00e9paratoire et un simulateur de vote leur est propos\u00e9.<\/p>\n<p>Le 14 octobre\u00a0: La Ligue agit\u00a0! Nos \u00e9tudiants se rendent dans les bureaux de votes.<\/p>\n<p>D\u00e8s le 18 octobre, la Ligue r\u00e9fl\u00e9chit. Quels sont les retours d\u2019exp\u00e9rience de nos \u00e9tudiants \u2013 assesseurs\u00a0? Nous r\u00e9digeons un rapport au monde qui sera pr\u00e9sent\u00e9 le 9 novembre 2018 dans la Salle Acad\u00e9mique du B\u00e2timent Warocqu\u00e9 (UMONS).<\/p>\n<p>Ce rapport contient 15 propositions, formul\u00e9es en pr\u00e9sence de\u00a0:<\/p>\n<ul>\n<li><span style=\"font-size: 14px;\">Val\u00e9rie De Bue, Ministre en charge des Pouvoirs Locaux au sein du Gouvernement wallon ;<\/span><\/li>\n<li><span style=\"font-size: 14px;\">Jaqueline Galant, d\u00e9put\u00e9e wallonne et Bourgmestre de Jurbise ;<\/span><\/li>\n<li><span style=\"font-size: 14px;\">Nicolas Martin, d\u00e9put\u00e9 wallon, futur Bourgmestre de Mons ;<\/span><\/li>\n<li><span style=\"font-size: 14px;\">Paul-Olivier Delannois, Bourgmestre de Tournai ;<\/span><\/li>\n<li><span style=\"font-size: 14px;\">Ali\u00e9nor Lefebvre, conseill\u00e8re communale \u00e0 Mons ;<\/span><\/li>\n<li><span style=\"font-size: 14px;\">Luciano D\u2019Antonio, Bourgmestre de Colfontaine ;<\/span><\/li>\n<li><span style=\"font-size: 14px;\">Christian Moureau, Bourgmestre de Morlanwelz ;<\/span><\/li>\n<li><span style=\"font-size: 14px;\">Pascal Baurain, d\u00e9put\u00e9 wallon et conseiller communal \u00e0 Saint-Ghislain.<\/span><\/li>\n<\/ul>\n<p>La Ligue des assesseurs, r\u00e9compens\u00e9e par le Prix de l\u2019Innovation p\u00e9dagogique 2019<\/p>\n<p>La Journ\u00e9e des Enseignants constitue, pour les enseignants de l\u2019UMONS, une occasion unique d\u2019\u00e9changer sur leurs exp\u00e9riences d\u2019enseignement afin d\u2019enrichir leurs activit\u00e9s et pratiques d\u2019apprentissage.<\/p>\n<p>14 stands concouraient, ce 15 mars 2019, pour le Prix de l\u2019innovation p\u00e9dagogique. La Ligue des Assesseurs de l\u2019\u00c9cole de Droit UMONS-ULB a remport\u00e9 les faveurs du jury.<\/p>\n<p>Lire l\u2019article\u00a0: <a href=\"https:\/\/web.umons.ac.be\/fr\/linnovation-pedagogique-au-centre-de-la-3e-journee-des-enseignants-de-lumons\/\" target=\"_blank\" rel=\"noopener\">L\u2019innovation p\u00e9dagogique au centre de la 3e Journ\u00e9e des Enseignants de l\u2019UMONS<\/a><\/p>\n            \t<\/div>\n            <\/div>\n        <\/div>\n                <div class=\"accordion-inner\">\n            <div class=\"accordion-bellow\">\n                <button class=\"accordion-bellow-toggle scheme-background-hover\" data-target=\"#accordion-content-630f61b6ecd5b\">\n                    <span class=\"icon umons-icon-chevron-down\" aria-hidden=\"true\"><\/span> Le simulateur de vote                <\/button>\n            <\/div>\n            <div id=\"accordion-content-630f61b6ecd5b\" class=\"accordion-content\">\n            \t<div class=\"inner editor-front\">\n            \t\t<p>Les \u00e9lecteurs\u00a0: 6 classes de rh\u00e9to, venues de l\u2019Athen\u00e9e Marguerite Bervoets (Mons)<\/p>\n<p>Les candidats\u00a0: 3 fausses listes \u00e9lectorales sont pr\u00e9sent\u00e9es.<\/p>\n<ul>\n<li><span style=\"font-size: 14px;\">La liste 1 (rouge) est compos\u00e9e de Clarisse Rasic, Denis Rosier, Elo\u00efse Pr\u00e9vost, M\u00e9lanie Pizzo et Enola Riffaut<\/span><\/li>\n<li><span style=\"font-size: 14px;\">La liste 2 (bleue) est compos\u00e9e d\u2019Armand Jonnet, Kadiatou Soumahn Emmanuel Georgeas, Christen Nzazi et Tom Senterre<\/span><\/li>\n<li><span style=\"font-size: 14px;\">La liste 3 (verte) est compos\u00e9e de Nicolas Dailliet, Coraline Delhaye et Simon Quantin<\/span><\/li>\n<\/ul>\n<p>La Ligue des assesseurs est \u00e0 son poste\u00a0!<\/p>\n            \t<\/div>\n            <\/div>\n        <\/div>\n                <div class=\"accordion-inner\">\n            <div class=\"accordion-bellow\">\n                <button class=\"accordion-bellow-toggle scheme-background-hover\" data-target=\"#accordion-content-630f61e0e52c5\">\n                    <span class=\"icon umons-icon-chevron-down\" aria-hidden=\"true\"><\/span> La presse parle de La Ligue des Assesseurs                <\/button>\n            <\/div>\n            <div id=\"accordion-content-630f61e0e52c5\" class=\"accordion-content\">\n            \t<div class=\"inner editor-front\">\n            \t\t<ul>\n<li>Le Soir\u00a0: <a href=\"https:\/\/www.lesoir.be\/184117\/article\/2018-10-12\/volontaires-pour-une-journee-dans-les-bureaux-de-vote\" target=\"_blank\" rel=\"noopener\">Volontaires pour une journ\u00e9e dans les bureaux de vote<\/a><\/li>\n<li>RTBF\u00a0: <a href=\"https:\/\/www.rtbf.be\/article\/une-ligue-des-assesseurs-pour-motiver-les-jeunes-votants-10041522\" target=\"_blank\" rel=\"noopener\">Une Ligue des assesseurs pour motiver les jeunes votants<\/a><\/li>\n<li>La Province\u00a0: <a href=\"https:\/\/laprovince.sudinfo.be\/308919\/article\/2018-11-17\/le-bilan-des-jeunes-assesseurs-volontaires-de-lumons\" target=\"_blank\" rel=\"noopener\">Le bilan des jeunes assesseurs volontaires de l\u2019UMons<\/a><\/li>\n<\/ul>\n            \t<\/div>\n            <\/div>\n        <\/div>\n                <div class=\"accordion-inner\">\n            <div class=\"accordion-bellow\">\n                <button class=\"accordion-bellow-toggle scheme-background-hover\" data-target=\"#accordion-content-630f621247208\">\n                    <span class=\"icon umons-icon-chevron-down\" aria-hidden=\"true\"><\/span> Les membres de la Ligue des Assesseurs                <\/button>\n            <\/div>\n            <div id=\"accordion-content-630f621247208\" class=\"accordion-content\">\n            \t<div class=\"inner editor-front\">\n            \t\t<p>Cette initiative p\u00e9dagogique a \u00e9t\u00e9 port\u00e9e par Anne-Emmanuelle Bourgaux, Professeure de droit et L\u00e9na Goessens, Charg\u00e9e de Communication. Elle n\u2019aurait bien \u00e9videmment pas pu avoir lieu sans nos \u00e9tudiants.<\/p>\n<p>Nous les remercions chaleureusement pour leur investissement, leur temps, leur motivation, leurs traits de g\u00e9nie, leur dynamisme, leur sympathie, et toute l\u2019\u00e9nergie dont ils et elles ont fait preuve du d\u00e9but \u00e0 la fin de ce projet.<\/p>\n<p><strong>Ath<\/strong> El\u00e9a Durieux (vote\/secr\u00e9taire) Valentin Vigneron\u00a0(d\u00e9pouillement)<\/p>\n<p><strong>Baudour<\/strong> Cyril H\u00e9roufosse (vote)<\/p>\n<p><strong>Bernissart<\/strong> Enola Riffaut (vote)<\/p>\n<p><strong>Binche <\/strong>No\u00e9mie Devroede (vote)<\/p>\n<p><strong>Boussu <\/strong>Jeremy Dhaeyer<\/p>\n<p><strong>Braine le Comte<\/strong> Janet Tran (vote)<\/p>\n<p><strong>Brunehaut<\/strong> Marion Bonnet (vote)<\/p>\n<p><strong>Celles <\/strong>Axel Vandendyck (d\u00e9pouillement\/secr\u00e9taire)<\/p>\n<p><strong>Charleroi <\/strong>Tom Senterre (vote)<\/p>\n<p><strong>Colfontaine <\/strong>Laureen Perrot (vote)\u00a0Laurissa Coccoda (d\u00e9pouillement)<\/p>\n<p><strong>Ellezelles<\/strong> Om\u00e9rine Platiau (vote)<\/p>\n<p><strong>Enghien <\/strong>Coraline Delhaye (vote)<\/p>\n<p><strong>Erquelinnes<\/strong> Laure Beeckman (d\u00e9pouillement)<\/p>\n<p><strong>Hensies<\/strong> Marine Genique (vote)<\/p>\n<p><strong>Estinnes<\/strong> Valmy Urbain (vote)<\/p>\n<p><strong>Frameries<\/strong> Arnaud Rolland (d\u00e9pouillement) Rafael Scibiglia (vote)<\/p>\n<p><strong>Florennes<\/strong> Clarisse Rasic (d\u00e9pouillement) \/suppl\u00e9ante)<\/p>\n<p><strong>Jurbise <\/strong>C\u00e9line Laurent (vote) Cl\u00e9ment Tranchant (vote)<\/p>\n<p><strong>La Louvi\u00e8re\u00a0<\/strong>Alexandre Van Gyzegem (vote), Christen Nzazi (vote)<\/p>\n<p><strong>Mons<\/strong> Kadiatou Soumah (vote) Kolyn Bonnet (vote) Emilie Franeau (vote) Baptiste Mahy (vote) Jeannot Selemani (d\u00e9pouillement)<\/p>\n<p><strong>Morlanwelz<\/strong> L\u00e9anna d&rsquo;Amico<\/p>\n<p><strong>P\u00e9ruwelz <\/strong>Louise Bellen (vote)<\/p>\n<p><strong><u>Quaregnon<\/u> <\/strong>Simon Quantin (vote)<\/p>\n<p><strong>Rixensart<\/strong> Anne-Emmanuelle Bourgaux (d\u00e9pouillement, pr\u00e9sidente)<\/p>\n<p><strong>Seneffe<\/strong> Gis\u00e8le Dehon (vote, suppl\u00e9ante)<\/p>\n<p><strong>Soignies <\/strong>Henri Vanderlinden (d\u00e9pouillement) Kim Henrion (vote) C\u00e9line Estas (d\u00e9pouillement, pr\u00e9sidente)<\/p>\n<p><strong>Tournai <\/strong>Florentine Brulard (vote), Arthur Hache (d\u00e9pouillement) Nicolas Dailliet (vote) Duncan Bouvin (vote)<\/p>\n<p><strong>Tubize <\/strong>Sara Kassous (vote)<\/p>\n            \t<\/div>\n            <\/div>\n        <\/div>\n            <\/div>\n<end-cask-shortcode-wrapper>\n","protected":false},"excerpt":{"rendered":"<p>\u00catre assesseur, c\u2019est quoi ? Un assesseur est un \u00e9lecteur d\u00e9sign\u00e9, conform\u00e9ment \u00e0 la l\u00e9gislation \u00e9lectorale, par le pr\u00e9sident d\u2019un bureau \u00e9lectoral principal pour exercer des t\u00e2ches au sein d\u2019un bureau \u00e9lectoral (un bureau de vote ou de d\u00e9pouillement). Les assesseurs assistent le\u00a0pr\u00e9sident\u00a0du bureau en fonction des t\u00e2ches qui lui sont conf\u00e9r\u00e9es par ce dernier [&hellip;]<\/p>\n","protected":false},"author":2,"featured_media":0,"parent":701,"menu_order":0,"comment_status":"closed","ping_status":"closed","template":"","meta":{"footnotes":""},"class_list":["post-1630","page","type-page","status-publish","hentry"],"yoast_head":"<!-- This site is optimized with the Yoast SEO plugin v27.2 - https:\/\/yoast.com\/product\/yoast-seo-wordpress\/ -->\n<title>Ligue des assesseurs - Ecole \/ DROIT<\/title>\n<meta name=\"robots\" content=\"index, follow, max-snippet:-1, max-image-preview:large, max-video-preview:-1\" \/>\n<link rel=\"canonical\" href=\"https:\/\/web.umons.ac.be\/droit\/fr\/lecole-de-droit-bouge\/initiatives-pedagogiques\/ligue-des-assesseurs\/\" \/>\n<meta property=\"og:locale\" content=\"fr_FR\" \/>\n<meta property=\"og:type\" content=\"article\" \/>\n<meta property=\"og:title\" content=\"Ligue des assesseurs - Ecole \/ DROIT\" \/>\n<meta property=\"og:description\" content=\"\u00catre assesseur, c\u2019est quoi ? Un assesseur est un \u00e9lecteur d\u00e9sign\u00e9, conform\u00e9ment \u00e0 la l\u00e9gislation \u00e9lectorale, par le pr\u00e9sident d\u2019un bureau \u00e9lectoral principal pour exercer des t\u00e2ches au sein d\u2019un bureau \u00e9lectoral (un bureau de vote ou de d\u00e9pouillement). Les assesseurs assistent le\u00a0pr\u00e9sident\u00a0du bureau en fonction des t\u00e2ches qui lui sont conf\u00e9r\u00e9es par ce dernier [&hellip;]\" \/>\n<meta property=\"og:url\" content=\"https:\/\/web.umons.ac.be\/droit\/fr\/lecole-de-droit-bouge\/initiatives-pedagogiques\/ligue-des-assesseurs\/\" \/>\n<meta property=\"og:site_name\" content=\"Ecole \/ DROIT\" \/>\n<meta name=\"twitter:card\" content=\"summary_large_image\" \/>\n<meta name=\"twitter:label1\" content=\"Dur\u00e9e de lecture estim\u00e9e\" \/>\n\t<meta name=\"twitter:data1\" content=\"2 minutes\" \/>\n<script type=\"application\/ld+json\" class=\"yoast-schema-graph\">{\"@context\":\"https:\/\/schema.org\",\"@graph\":[{\"@type\":\"WebPage\",\"@id\":\"https:\/\/web.umons.ac.be\/droit\/fr\/lecole-de-droit-bouge\/initiatives-pedagogiques\/ligue-des-assesseurs\/\",\"url\":\"https:\/\/web.umons.ac.be\/droit\/fr\/lecole-de-droit-bouge\/initiatives-pedagogiques\/ligue-des-assesseurs\/\",\"name\":\"Ligue des assesseurs - Ecole \/ DROIT\",\"isPartOf\":{\"@id\":\"https:\/\/web.umons.ac.be\/droit\/#website\"},\"datePublished\":\"2022-08-31T13:29:40+00:00\",\"breadcrumb\":{\"@id\":\"https:\/\/web.umons.ac.be\/droit\/fr\/lecole-de-droit-bouge\/initiatives-pedagogiques\/ligue-des-assesseurs\/#breadcrumb\"},\"inLanguage\":\"fr-FR\",\"potentialAction\":[{\"@type\":\"ReadAction\",\"target\":[\"https:\/\/web.umons.ac.be\/droit\/fr\/lecole-de-droit-bouge\/initiatives-pedagogiques\/ligue-des-assesseurs\/\"]}]},{\"@type\":\"BreadcrumbList\",\"@id\":\"https:\/\/web.umons.ac.be\/droit\/fr\/lecole-de-droit-bouge\/initiatives-pedagogiques\/ligue-des-assesseurs\/#breadcrumb\",\"itemListElement\":[{\"@type\":\"ListItem\",\"position\":1,\"name\":\"Accueil\",\"item\":\"https:\/\/web.umons.ac.be\/droit\/\"},{\"@type\":\"ListItem\",\"position\":2,\"name\":\"L\u2019\u00c9cole de Droit bouge !\",\"item\":\"https:\/\/web.umons.ac.be\/droit\/fr\/lecole-de-droit-bouge\/\"},{\"@type\":\"ListItem\",\"position\":3,\"name\":\"Initiatives p\u00e9dagogiques\",\"item\":\"https:\/\/web.umons.ac.be\/droit\/fr\/lecole-de-droit-bouge\/initiatives-pedagogiques\/\"},{\"@type\":\"ListItem\",\"position\":4,\"name\":\"Ligue des assesseurs\"}]},{\"@type\":\"WebSite\",\"@id\":\"https:\/\/web.umons.ac.be\/droit\/#website\",\"url\":\"https:\/\/web.umons.ac.be\/droit\/\",\"name\":\"Ecole \/ DROIT\",\"description\":\"hgqdfjkghqdfjk\",\"potentialAction\":[{\"@type\":\"SearchAction\",\"target\":{\"@type\":\"EntryPoint\",\"urlTemplate\":\"https:\/\/web.umons.ac.be\/droit\/?s={search_term_string}\"},\"query-input\":{\"@type\":\"PropertyValueSpecification\",\"valueRequired\":true,\"valueName\":\"search_term_string\"}}],\"inLanguage\":\"fr-FR\"}]}<\/script>\n<!-- \/ Yoast SEO plugin. -->","yoast_head_json":{"title":"Ligue des assesseurs - Ecole \/ DROIT","robots":{"index":"index","follow":"follow","max-snippet":"max-snippet:-1","max-image-preview":"max-image-preview:large","max-video-preview":"max-video-preview:-1"},"canonical":"https:\/\/web.umons.ac.be\/droit\/fr\/lecole-de-droit-bouge\/initiatives-pedagogiques\/ligue-des-assesseurs\/","og_locale":"fr_FR","og_type":"article","og_title":"Ligue des assesseurs - Ecole \/ DROIT","og_description":"\u00catre assesseur, c\u2019est quoi ? Un assesseur est un \u00e9lecteur d\u00e9sign\u00e9, conform\u00e9ment \u00e0 la l\u00e9gislation \u00e9lectorale, par le pr\u00e9sident d\u2019un bureau \u00e9lectoral principal pour exercer des t\u00e2ches au sein d\u2019un bureau \u00e9lectoral (un bureau de vote ou de d\u00e9pouillement). Les assesseurs assistent le\u00a0pr\u00e9sident\u00a0du bureau en fonction des t\u00e2ches qui lui sont conf\u00e9r\u00e9es par ce dernier [&hellip;]","og_url":"https:\/\/web.umons.ac.be\/droit\/fr\/lecole-de-droit-bouge\/initiatives-pedagogiques\/ligue-des-assesseurs\/","og_site_name":"Ecole \/ DROIT","twitter_card":"summary_large_image","twitter_misc":{"Dur\u00e9e de lecture estim\u00e9e":"2 minutes"},"schema":{"@context":"https:\/\/schema.org","@graph":[{"@type":"WebPage","@id":"https:\/\/web.umons.ac.be\/droit\/fr\/lecole-de-droit-bouge\/initiatives-pedagogiques\/ligue-des-assesseurs\/","url":"https:\/\/web.umons.ac.be\/droit\/fr\/lecole-de-droit-bouge\/initiatives-pedagogiques\/ligue-des-assesseurs\/","name":"Ligue des assesseurs - Ecole \/ DROIT","isPartOf":{"@id":"https:\/\/web.umons.ac.be\/droit\/#website"},"datePublished":"2022-08-31T13:29:40+00:00","breadcrumb":{"@id":"https:\/\/web.umons.ac.be\/droit\/fr\/lecole-de-droit-bouge\/initiatives-pedagogiques\/ligue-des-assesseurs\/#breadcrumb"},"inLanguage":"fr-FR","potentialAction":[{"@type":"ReadAction","target":["https:\/\/web.umons.ac.be\/droit\/fr\/lecole-de-droit-bouge\/initiatives-pedagogiques\/ligue-des-assesseurs\/"]}]},{"@type":"BreadcrumbList","@id":"https:\/\/web.umons.ac.be\/droit\/fr\/lecole-de-droit-bouge\/initiatives-pedagogiques\/ligue-des-assesseurs\/#breadcrumb","itemListElement":[{"@type":"ListItem","position":1,"name":"Accueil","item":"https:\/\/web.umons.ac.be\/droit\/"},{"@type":"ListItem","position":2,"name":"L\u2019\u00c9cole de Droit bouge !","item":"https:\/\/web.umons.ac.be\/droit\/fr\/lecole-de-droit-bouge\/"},{"@type":"ListItem","position":3,"name":"Initiatives p\u00e9dagogiques","item":"https:\/\/web.umons.ac.be\/droit\/fr\/lecole-de-droit-bouge\/initiatives-pedagogiques\/"},{"@type":"ListItem","position":4,"name":"Ligue des assesseurs"}]},{"@type":"WebSite","@id":"https:\/\/web.umons.ac.be\/droit\/#website","url":"https:\/\/web.umons.ac.be\/droit\/","name":"Ecole \/ DROIT","description":"hgqdfjkghqdfjk","potentialAction":[{"@type":"SearchAction","target":{"@type":"EntryPoint","urlTemplate":"https:\/\/web.umons.ac.be\/droit\/?s={search_term_string}"},"query-input":{"@type":"PropertyValueSpecification","valueRequired":true,"valueName":"search_term_string"}}],"inLanguage":"fr-FR"}]}},"lang":"fr","translations":{"fr":1630},"pll_sync_post":[],"_links":{"self":[{"href":"https:\/\/web.umons.ac.be\/droit\/wp-json\/wp\/v2\/pages\/1630","targetHints":{"allow":["GET"]}}],"collection":[{"href":"https:\/\/web.umons.ac.be\/droit\/wp-json\/wp\/v2\/pages"}],"about":[{"href":"https:\/\/web.umons.ac.be\/droit\/wp-json\/wp\/v2\/types\/page"}],"author":[{"embeddable":true,"href":"https:\/\/web.umons.ac.be\/droit\/wp-json\/wp\/v2\/users\/2"}],"replies":[{"embeddable":true,"href":"https:\/\/web.umons.ac.be\/droit\/wp-json\/wp\/v2\/comments?post=1630"}],"version-history":[{"count":1,"href":"https:\/\/web.umons.ac.be\/droit\/wp-json\/wp\/v2\/pages\/1630\/revisions"}],"predecessor-version":[{"id":1631,"href":"https:\/\/web.umons.ac.be\/droit\/wp-json\/wp\/v2\/pages\/1630\/revisions\/1631"}],"up":[{"embeddable":true,"href":"https:\/\/web.umons.ac.be\/droit\/wp-json\/wp\/v2\/pages\/701"}],"wp:attachment":[{"href":"https:\/\/web.umons.ac.be\/droit\/wp-json\/wp\/v2\/media?parent=1630"}],"curies":[{"name":"wp","href":"https:\/\/api.w.org\/{rel}","templated":true}]}}