{"id":1636,"date":"2022-08-31T15:34:54","date_gmt":"2022-08-31T13:34:54","guid":{"rendered":"https:\/\/web.umons.ac.be\/droit\/?page_id=1636"},"modified":"2022-09-20T12:04:24","modified_gmt":"2022-09-20T10:04:24","slug":"labovir-ius","status":"publish","type":"page","link":"https:\/\/web.umons.ac.be\/droit\/fr\/lecole-de-droit-bouge\/initiatives-pedagogiques\/labovir-ius\/","title":{"rendered":"Labovir-IUS"},"content":{"rendered":"<p>Le 18 mars 2020, la Belgique plonge dans le confinement. Du jour au lendemain, des milliers d\u2019\u00e9tudiant.e.s se retrouvent dans l\u2019incapacit\u00e9 de se rendre au sein de leur universit\u00e9 pour y suivre les divers apprentissages de leurs enseignant.e.s.<\/p>\n<p>Le 30 mars, le Labovir-IUS de l\u2019\u00c9cole de Droit UMONS-ULB se tient virtuellement pour la premi\u00e8re fois, \u00e0 l&rsquo;initiative d&rsquo;Anne-Emmanuelle Bougaux (professeure de Droit constitutionnel et Histoire du Droit), afin d\u2019observer l\u2019\u00e9volution du droit positif adopt\u00e9 dans le cadre de la lutte contre la Covid-19.<\/p>\n<p>De mars \u00e0 ao\u00fbt 2020, il a lieu chaque lundi. Dans la fra\u00eecheur du d\u00e9but du printemps ou les chaleurs accablantes du milieu de l\u2019\u00e9t\u00e9. En confinement dur, en d\u00e9confinement progressif ou en reconfinement larv\u00e9.<\/p>\n<p>Au 10 janvier 2022, le Labovir-IUS continuait \u00e0 se d\u00e9rouler, en compagnie d&rsquo;une nouvelle cohorte d&rsquo;\u00e9tudiants.<\/p>\n<p>Sur le plan p\u00e9dagogique, le Labovir-<em>ius<\/em>\u00a0est une initiative participative. Sur le plan juridique, le Labovir-<em>ius<\/em>\u00a0est un observatoire qui permet de suivre l\u2019\u00e9volution du droit de la crise adopt\u00e9 pour r\u00e9pondre \u00e0 la pand\u00e9mie Covid-19. Notre contribution couvre nos observations recueillies lors de la premi\u00e8re vague de confinement allant de mars \u00e0 ao\u00fbt 2020.<\/p>\n<p>Le Labovir-<em>ius<\/em>, laboratoire juridique sur le Droit Covid-19<\/p>\n<ul>\n<li>Une rencontre prof-\u00e9tudiant.es de tous niveaux<\/li>\n<li>Un atelier en ligne sur Discord<\/li>\n<li>Un rendez-vous chaque semaine depuis mars 2020<\/li>\n<li>Un observatoire du r\u00e9el\u00a0: plus de 100 cas pratiques, 25 d\u00e9cisions de jurisprudence et 55 arr\u00eat\u00e9s Covid-19<\/li>\n<\/ul>\n<p>Une expertise juridique et une implication citoyenne<\/p>\n<ul>\n<li>Une analyse de chaque arr\u00eat\u00e9 depuis le confinement<\/li>\n<li>Une \u00e9valuation de la Loi Pand\u00e9mie<\/li>\n<li>La r\u00e9alisation de 4 consultations juridiques<\/li>\n<li>La publication d\u2019un article scientifique et de deux articles de vulgarisation<\/li>\n<li>Une conf\u00e9rence-d\u00e9bat en ligne\u00a0: <a href=\"https:\/\/m.facebook.com\/watch\/?v=1166081517184373&amp;_rdr\">\u00ab\u00a0Covid+365J\u00a0\u00bb<\/a> avec, comme invit\u00e9e, Olivia Venet, Pr\u00e9sidente de la Ligue des Droits humains<\/li>\n<li>Un d\u00e9p\u00f4t de signalement \u00e0 UNIA<\/li>\n<li>Une formation \u00e0 la FOPES<\/li>\n<li>La cr\u00e9ation d\u2019un networking avec des juristes et des associations<\/li>\n<\/ul>\n<hr \/>\n<p>On parle de nous\u00a0:<\/p>\n<ul>\n<li>e-legal, Volume n\u00b04 Sp\u00e9cial COVID19 \u00a0: <a href=\"https:\/\/e-legal.ulb.be\/volume-n04-special-covid19\/dossier-special-covid19\/le-labovir-ius-un-laboratoire-juridique-sur-la-crise-covid-19\" target=\"_blank\" rel=\"noopener\">Le Labovir-ius, un laboratoire juridique sur la crise Covid-19<\/a><\/li>\n<li>Communiqu\u00e9 de presse du 15 janvier 2021 \u2013 Ligue des Droits Humains\u00a0:<br \/>\n<a href=\"https:\/\/www.liguedh.be\/tracing-des-donnees-sensibles-et-prolongation-des-mesures-covid-un-debat-democratique-simpose\/\" target=\"_blank\" rel=\"noopener\">Tracing des donn\u00e9es sensibles et prolongation des mesures Covid : un d\u00e9bat d\u00e9mocratique s\u2019impose<\/a><\/li>\n<li>RTBF\u00a0: <a href=\"https:\/\/www.rtbf.be\/article\/lurgence-covid-la-democratie-en-question-10654163\" target=\"_blank\" rel=\"noopener\">L\u2019urgence Covid, la d\u00e9mocratie en question<\/a><\/li>\n<li>Le Soir\u00a0: <a href=\"https:\/\/www.lesoir.be\/438554\/article\/2022-04-27\/menace-sur-la-protection-des-donnees-personnelles-en-belgique-la-societe-civile\" target=\"_blank\" rel=\"noopener\">Menace sur la protection des donn\u00e9es personnelles en Belgique: la soci\u00e9t\u00e9 civile europ\u00e9enne s\u2019inqui\u00e8te<\/a><\/li>\n<li>Revue \u00ab\u00a0D\u00e9mocratie\u00a0\u00bb\u00a0: <a href=\"http:\/\/www.revue-democratie.be\/index.php?option=com_content&amp;view=article&amp;id=1401:le-covid-19-crash-test-pour-la-democratie-belge&amp;catid=18&amp;Itemid=131\" target=\"_blank\" rel=\"noopener\">Le Covid-19, crash-test pour la d\u00e9mocratie belge<\/a><\/li>\n<\/ul>\n<p>&nbsp;<\/p>\n","protected":false},"excerpt":{"rendered":"<p>Le 18 mars 2020, la Belgique plonge dans le confinement. Du jour au lendemain, des milliers d\u2019\u00e9tudiant.e.s se retrouvent dans l\u2019incapacit\u00e9 de se rendre au sein de leur universit\u00e9 pour y suivre les divers apprentissages de leurs enseignant.e.s. Le 30 mars, le Labovir-IUS de l\u2019\u00c9cole de Droit UMONS-ULB se tient virtuellement pour la premi\u00e8re fois, [&hellip;]<\/p>\n","protected":false},"author":2,"featured_media":0,"parent":701,"menu_order":0,"comment_status":"closed","ping_status":"closed","template":"","meta":{"footnotes":""},"class_list":["post-1636","page","type-page","status-publish","hentry"],"yoast_head":"<!-- This site is optimized with the Yoast SEO plugin v27.2 - https:\/\/yoast.com\/product\/yoast-seo-wordpress\/ -->\n<title>Labovir-IUS - Ecole \/ DROIT<\/title>\n<meta name=\"robots\" content=\"index, follow, max-snippet:-1, max-image-preview:large, max-video-preview:-1\" \/>\n<link rel=\"canonical\" href=\"https:\/\/web.umons.ac.be\/droit\/fr\/lecole-de-droit-bouge\/initiatives-pedagogiques\/labovir-ius\/\" \/>\n<meta property=\"og:locale\" content=\"fr_FR\" \/>\n<meta property=\"og:type\" content=\"article\" \/>\n<meta property=\"og:title\" content=\"Labovir-IUS - Ecole \/ DROIT\" \/>\n<meta property=\"og:description\" content=\"Le 18 mars 2020, la Belgique plonge dans le confinement. Du jour au lendemain, des milliers d\u2019\u00e9tudiant.e.s se retrouvent dans l\u2019incapacit\u00e9 de se rendre au sein de leur universit\u00e9 pour y suivre les divers apprentissages de leurs enseignant.e.s. Le 30 mars, le Labovir-IUS de l\u2019\u00c9cole de Droit UMONS-ULB se tient virtuellement pour la premi\u00e8re fois, [&hellip;]\" \/>\n<meta property=\"og:url\" content=\"https:\/\/web.umons.ac.be\/droit\/fr\/lecole-de-droit-bouge\/initiatives-pedagogiques\/labovir-ius\/\" \/>\n<meta property=\"og:site_name\" content=\"Ecole \/ DROIT\" \/>\n<meta property=\"article:modified_time\" content=\"2022-09-20T10:04:24+00:00\" \/>\n<meta name=\"twitter:card\" content=\"summary_large_image\" \/>\n<meta name=\"twitter:label1\" content=\"Dur\u00e9e de lecture estim\u00e9e\" \/>\n\t<meta name=\"twitter:data1\" content=\"2 minutes\" \/>\n<script type=\"application\/ld+json\" class=\"yoast-schema-graph\">{\"@context\":\"https:\/\/schema.org\",\"@graph\":[{\"@type\":\"WebPage\",\"@id\":\"https:\/\/web.umons.ac.be\/droit\/fr\/lecole-de-droit-bouge\/initiatives-pedagogiques\/labovir-ius\/\",\"url\":\"https:\/\/web.umons.ac.be\/droit\/fr\/lecole-de-droit-bouge\/initiatives-pedagogiques\/labovir-ius\/\",\"name\":\"Labovir-IUS - Ecole \/ DROIT\",\"isPartOf\":{\"@id\":\"https:\/\/web.umons.ac.be\/droit\/#website\"},\"datePublished\":\"2022-08-31T13:34:54+00:00\",\"dateModified\":\"2022-09-20T10:04:24+00:00\",\"breadcrumb\":{\"@id\":\"https:\/\/web.umons.ac.be\/droit\/fr\/lecole-de-droit-bouge\/initiatives-pedagogiques\/labovir-ius\/#breadcrumb\"},\"inLanguage\":\"fr-FR\",\"potentialAction\":[{\"@type\":\"ReadAction\",\"target\":[\"https:\/\/web.umons.ac.be\/droit\/fr\/lecole-de-droit-bouge\/initiatives-pedagogiques\/labovir-ius\/\"]}]},{\"@type\":\"BreadcrumbList\",\"@id\":\"https:\/\/web.umons.ac.be\/droit\/fr\/lecole-de-droit-bouge\/initiatives-pedagogiques\/labovir-ius\/#breadcrumb\",\"itemListElement\":[{\"@type\":\"ListItem\",\"position\":1,\"name\":\"Accueil\",\"item\":\"https:\/\/web.umons.ac.be\/droit\/\"},{\"@type\":\"ListItem\",\"position\":2,\"name\":\"L\u2019\u00c9cole de Droit bouge !\",\"item\":\"https:\/\/web.umons.ac.be\/droit\/fr\/lecole-de-droit-bouge\/\"},{\"@type\":\"ListItem\",\"position\":3,\"name\":\"Initiatives p\u00e9dagogiques\",\"item\":\"https:\/\/web.umons.ac.be\/droit\/fr\/lecole-de-droit-bouge\/initiatives-pedagogiques\/\"},{\"@type\":\"ListItem\",\"position\":4,\"name\":\"Labovir-IUS\"}]},{\"@type\":\"WebSite\",\"@id\":\"https:\/\/web.umons.ac.be\/droit\/#website\",\"url\":\"https:\/\/web.umons.ac.be\/droit\/\",\"name\":\"Ecole \/ DROIT\",\"description\":\"hgqdfjkghqdfjk\",\"potentialAction\":[{\"@type\":\"SearchAction\",\"target\":{\"@type\":\"EntryPoint\",\"urlTemplate\":\"https:\/\/web.umons.ac.be\/droit\/?s={search_term_string}\"},\"query-input\":{\"@type\":\"PropertyValueSpecification\",\"valueRequired\":true,\"valueName\":\"search_term_string\"}}],\"inLanguage\":\"fr-FR\"}]}<\/script>\n<!-- \/ Yoast SEO plugin. -->","yoast_head_json":{"title":"Labovir-IUS - Ecole \/ DROIT","robots":{"index":"index","follow":"follow","max-snippet":"max-snippet:-1","max-image-preview":"max-image-preview:large","max-video-preview":"max-video-preview:-1"},"canonical":"https:\/\/web.umons.ac.be\/droit\/fr\/lecole-de-droit-bouge\/initiatives-pedagogiques\/labovir-ius\/","og_locale":"fr_FR","og_type":"article","og_title":"Labovir-IUS - Ecole \/ DROIT","og_description":"Le 18 mars 2020, la Belgique plonge dans le confinement. Du jour au lendemain, des milliers d\u2019\u00e9tudiant.e.s se retrouvent dans l\u2019incapacit\u00e9 de se rendre au sein de leur universit\u00e9 pour y suivre les divers apprentissages de leurs enseignant.e.s. Le 30 mars, le Labovir-IUS de l\u2019\u00c9cole de Droit UMONS-ULB se tient virtuellement pour la premi\u00e8re fois, [&hellip;]","og_url":"https:\/\/web.umons.ac.be\/droit\/fr\/lecole-de-droit-bouge\/initiatives-pedagogiques\/labovir-ius\/","og_site_name":"Ecole \/ DROIT","article_modified_time":"2022-09-20T10:04:24+00:00","twitter_card":"summary_large_image","twitter_misc":{"Dur\u00e9e de lecture estim\u00e9e":"2 minutes"},"schema":{"@context":"https:\/\/schema.org","@graph":[{"@type":"WebPage","@id":"https:\/\/web.umons.ac.be\/droit\/fr\/lecole-de-droit-bouge\/initiatives-pedagogiques\/labovir-ius\/","url":"https:\/\/web.umons.ac.be\/droit\/fr\/lecole-de-droit-bouge\/initiatives-pedagogiques\/labovir-ius\/","name":"Labovir-IUS - Ecole \/ DROIT","isPartOf":{"@id":"https:\/\/web.umons.ac.be\/droit\/#website"},"datePublished":"2022-08-31T13:34:54+00:00","dateModified":"2022-09-20T10:04:24+00:00","breadcrumb":{"@id":"https:\/\/web.umons.ac.be\/droit\/fr\/lecole-de-droit-bouge\/initiatives-pedagogiques\/labovir-ius\/#breadcrumb"},"inLanguage":"fr-FR","potentialAction":[{"@type":"ReadAction","target":["https:\/\/web.umons.ac.be\/droit\/fr\/lecole-de-droit-bouge\/initiatives-pedagogiques\/labovir-ius\/"]}]},{"@type":"BreadcrumbList","@id":"https:\/\/web.umons.ac.be\/droit\/fr\/lecole-de-droit-bouge\/initiatives-pedagogiques\/labovir-ius\/#breadcrumb","itemListElement":[{"@type":"ListItem","position":1,"name":"Accueil","item":"https:\/\/web.umons.ac.be\/droit\/"},{"@type":"ListItem","position":2,"name":"L\u2019\u00c9cole de Droit bouge !","item":"https:\/\/web.umons.ac.be\/droit\/fr\/lecole-de-droit-bouge\/"},{"@type":"ListItem","position":3,"name":"Initiatives p\u00e9dagogiques","item":"https:\/\/web.umons.ac.be\/droit\/fr\/lecole-de-droit-bouge\/initiatives-pedagogiques\/"},{"@type":"ListItem","position":4,"name":"Labovir-IUS"}]},{"@type":"WebSite","@id":"https:\/\/web.umons.ac.be\/droit\/#website","url":"https:\/\/web.umons.ac.be\/droit\/","name":"Ecole \/ DROIT","description":"hgqdfjkghqdfjk","potentialAction":[{"@type":"SearchAction","target":{"@type":"EntryPoint","urlTemplate":"https:\/\/web.umons.ac.be\/droit\/?s={search_term_string}"},"query-input":{"@type":"PropertyValueSpecification","valueRequired":true,"valueName":"search_term_string"}}],"inLanguage":"fr-FR"}]}},"lang":"fr","translations":{"fr":1636},"pll_sync_post":[],"_links":{"self":[{"href":"https:\/\/web.umons.ac.be\/droit\/wp-json\/wp\/v2\/pages\/1636","targetHints":{"allow":["GET"]}}],"collection":[{"href":"https:\/\/web.umons.ac.be\/droit\/wp-json\/wp\/v2\/pages"}],"about":[{"href":"https:\/\/web.umons.ac.be\/droit\/wp-json\/wp\/v2\/types\/page"}],"author":[{"embeddable":true,"href":"https:\/\/web.umons.ac.be\/droit\/wp-json\/wp\/v2\/users\/2"}],"replies":[{"embeddable":true,"href":"https:\/\/web.umons.ac.be\/droit\/wp-json\/wp\/v2\/comments?post=1636"}],"version-history":[{"count":2,"href":"https:\/\/web.umons.ac.be\/droit\/wp-json\/wp\/v2\/pages\/1636\/revisions"}],"predecessor-version":[{"id":1774,"href":"https:\/\/web.umons.ac.be\/droit\/wp-json\/wp\/v2\/pages\/1636\/revisions\/1774"}],"up":[{"embeddable":true,"href":"https:\/\/web.umons.ac.be\/droit\/wp-json\/wp\/v2\/pages\/701"}],"wp:attachment":[{"href":"https:\/\/web.umons.ac.be\/droit\/wp-json\/wp\/v2\/media?parent=1636"}],"curies":[{"name":"wp","href":"https:\/\/api.w.org\/{rel}","templated":true}]}}