{"id":1642,"date":"2022-08-31T15:40:28","date_gmt":"2022-08-31T13:40:28","guid":{"rendered":"https:\/\/web.umons.ac.be\/droit\/?page_id=1642"},"modified":"2024-08-06T13:19:12","modified_gmt":"2024-08-06T11:19:12","slug":"democrathlon","status":"publish","type":"page","link":"https:\/\/web.umons.ac.be\/droit\/fr\/lecole-de-droit-bouge\/initiatives-pedagogiques\/democrathlon\/","title":{"rendered":"D\u00e9mocrathlon"},"content":{"rendered":"<p>Le d\u00e9mocrathlon, un marathon d\u00e9mocratique, d\u00e9velopp\u00e9 par Anne-Emmanuelle Bourgaux et l&rsquo;\u00c9cole de Droit UMONS-ULB.<\/p>\n<h1>En 2024<\/h1>\n<ul>\n<li>13 mars 2024 : <a href=\"https:\/\/web.umons.ac.be\/droit\/fr\/evenements\/projection-popcorn-elections-piege-a-cons\/\">Projection Popcorn \u00ab\u00a0Elections, pi\u00e8ge \u00e0 cons ?\u00a0\u00bb<\/a><\/li>\n<li>25 avril 2024 : Photobox \u00e9lectoral<\/li>\n<li>26 et 27 avril : <a href=\"https:\/\/web.umons.ac.be\/droit\/fr\/lecole-de-droit-bouge\/initiatives-pedagogiques\/escape-room-electoral\/\">Escape Room \u00e9lectoral \u00ab\u00a0Casa de papeleta\u00a0\u00bb<\/a><\/li>\n<li>En continu, d&rsquo;avril \u00e0 septembre : l&rsquo;Arm\u00e9e de DumbleLaw<\/li>\n<li>La Ligue des Assesseurs<\/li>\n<\/ul>\n","protected":false},"excerpt":{"rendered":"<p>Le d\u00e9mocrathlon, un marathon d\u00e9mocratique, d\u00e9velopp\u00e9 par Anne-Emmanuelle Bourgaux et l&rsquo;\u00c9cole de Droit UMONS-ULB. En 2024 13 mars 2024 : Projection Popcorn \u00ab\u00a0Elections, pi\u00e8ge \u00e0 cons ?\u00a0\u00bb 25 avril 2024 : Photobox \u00e9lectoral 26 et 27 avril : Escape Room \u00e9lectoral \u00ab\u00a0Casa de papeleta\u00a0\u00bb En continu, d&rsquo;avril \u00e0 septembre : l&rsquo;Arm\u00e9e de DumbleLaw La Ligue [&hellip;]<\/p>\n","protected":false},"author":2,"featured_media":2254,"parent":701,"menu_order":0,"comment_status":"closed","ping_status":"closed","template":"","meta":{"footnotes":""},"class_list":["post-1642","page","type-page","status-publish","has-post-thumbnail","hentry"],"yoast_head":"<!-- This site is optimized with the Yoast SEO plugin v27.2 - https:\/\/yoast.com\/product\/yoast-seo-wordpress\/ -->\n<title>D\u00e9mocrathlon - Ecole \/ DROIT<\/title>\n<meta name=\"description\" content=\"Le d\u00e9mocrathlon, un marathon d\u00e9mocratique d\u00e9velopp\u00e9 par Anne-Emmanuelle Bourgaux et l&#039;\u00c9cole de Droit UMONS-ULB.\" \/>\n<meta name=\"robots\" content=\"index, follow, max-snippet:-1, max-image-preview:large, max-video-preview:-1\" \/>\n<link rel=\"canonical\" href=\"https:\/\/web.umons.ac.be\/droit\/fr\/lecole-de-droit-bouge\/initiatives-pedagogiques\/democrathlon\/\" \/>\n<meta property=\"og:locale\" content=\"fr_FR\" \/>\n<meta property=\"og:type\" content=\"article\" \/>\n<meta property=\"og:title\" content=\"D\u00e9mocrathlon - Ecole \/ DROIT\" \/>\n<meta property=\"og:description\" content=\"Le d\u00e9mocrathlon, un marathon d\u00e9mocratique d\u00e9velopp\u00e9 par Anne-Emmanuelle Bourgaux et l&#039;\u00c9cole de Droit UMONS-ULB.\" \/>\n<meta property=\"og:url\" content=\"https:\/\/web.umons.ac.be\/droit\/fr\/lecole-de-droit-bouge\/initiatives-pedagogiques\/democrathlon\/\" \/>\n<meta property=\"og:site_name\" content=\"Ecole \/ DROIT\" \/>\n<meta property=\"article:modified_time\" content=\"2024-08-06T11:19:12+00:00\" \/>\n<meta property=\"og:image\" content=\"https:\/\/web.umons.ac.be\/app\/uploads\/sites\/7\/2024\/03\/Sans-titre-2.png\" \/>\n\t<meta property=\"og:image:width\" content=\"1200\" \/>\n\t<meta property=\"og:image:height\" content=\"675\" \/>\n\t<meta property=\"og:image:type\" content=\"image\/png\" \/>\n<meta name=\"twitter:card\" content=\"summary_large_image\" \/>\n<meta name=\"twitter:image\" content=\"https:\/\/web.umons.ac.be\/app\/uploads\/sites\/7\/2024\/03\/Sans-titre-2.png\" \/>\n<meta name=\"twitter:label1\" content=\"Dur\u00e9e de lecture estim\u00e9e\" \/>\n\t<meta name=\"twitter:data1\" content=\"1 minute\" \/>\n<script type=\"application\/ld+json\" class=\"yoast-schema-graph\">{\"@context\":\"https:\/\/schema.org\",\"@graph\":[{\"@type\":\"WebPage\",\"@id\":\"https:\/\/web.umons.ac.be\/droit\/fr\/lecole-de-droit-bouge\/initiatives-pedagogiques\/democrathlon\/\",\"url\":\"https:\/\/web.umons.ac.be\/droit\/fr\/lecole-de-droit-bouge\/initiatives-pedagogiques\/democrathlon\/\",\"name\":\"D\u00e9mocrathlon - Ecole \/ DROIT\",\"isPartOf\":{\"@id\":\"https:\/\/web.umons.ac.be\/droit\/#website\"},\"primaryImageOfPage\":{\"@id\":\"https:\/\/web.umons.ac.be\/droit\/fr\/lecole-de-droit-bouge\/initiatives-pedagogiques\/democrathlon\/#primaryimage\"},\"image\":{\"@id\":\"https:\/\/web.umons.ac.be\/droit\/fr\/lecole-de-droit-bouge\/initiatives-pedagogiques\/democrathlon\/#primaryimage\"},\"thumbnailUrl\":\"https:\/\/web.umons.ac.be\/app\/uploads\/sites\/7\/2024\/03\/Sans-titre-2.png\",\"datePublished\":\"2022-08-31T13:40:28+00:00\",\"dateModified\":\"2024-08-06T11:19:12+00:00\",\"description\":\"Le d\u00e9mocrathlon, un marathon d\u00e9mocratique d\u00e9velopp\u00e9 par Anne-Emmanuelle Bourgaux et l'\u00c9cole de Droit UMONS-ULB.\",\"breadcrumb\":{\"@id\":\"https:\/\/web.umons.ac.be\/droit\/fr\/lecole-de-droit-bouge\/initiatives-pedagogiques\/democrathlon\/#breadcrumb\"},\"inLanguage\":\"fr-FR\",\"potentialAction\":[{\"@type\":\"ReadAction\",\"target\":[\"https:\/\/web.umons.ac.be\/droit\/fr\/lecole-de-droit-bouge\/initiatives-pedagogiques\/democrathlon\/\"]}]},{\"@type\":\"ImageObject\",\"inLanguage\":\"fr-FR\",\"@id\":\"https:\/\/web.umons.ac.be\/droit\/fr\/lecole-de-droit-bouge\/initiatives-pedagogiques\/democrathlon\/#primaryimage\",\"url\":\"https:\/\/web.umons.ac.be\/app\/uploads\/sites\/7\/2024\/03\/Sans-titre-2.png\",\"contentUrl\":\"https:\/\/web.umons.ac.be\/app\/uploads\/sites\/7\/2024\/03\/Sans-titre-2.png\",\"width\":1200,\"height\":675},{\"@type\":\"BreadcrumbList\",\"@id\":\"https:\/\/web.umons.ac.be\/droit\/fr\/lecole-de-droit-bouge\/initiatives-pedagogiques\/democrathlon\/#breadcrumb\",\"itemListElement\":[{\"@type\":\"ListItem\",\"position\":1,\"name\":\"Accueil\",\"item\":\"https:\/\/web.umons.ac.be\/droit\/\"},{\"@type\":\"ListItem\",\"position\":2,\"name\":\"L\u2019\u00c9cole de Droit bouge !\",\"item\":\"https:\/\/web.umons.ac.be\/droit\/fr\/lecole-de-droit-bouge\/\"},{\"@type\":\"ListItem\",\"position\":3,\"name\":\"Initiatives p\u00e9dagogiques\",\"item\":\"https:\/\/web.umons.ac.be\/droit\/fr\/lecole-de-droit-bouge\/initiatives-pedagogiques\/\"},{\"@type\":\"ListItem\",\"position\":4,\"name\":\"D\u00e9mocrathlon\"}]},{\"@type\":\"WebSite\",\"@id\":\"https:\/\/web.umons.ac.be\/droit\/#website\",\"url\":\"https:\/\/web.umons.ac.be\/droit\/\",\"name\":\"Ecole \/ DROIT\",\"description\":\"hgqdfjkghqdfjk\",\"potentialAction\":[{\"@type\":\"SearchAction\",\"target\":{\"@type\":\"EntryPoint\",\"urlTemplate\":\"https:\/\/web.umons.ac.be\/droit\/?s={search_term_string}\"},\"query-input\":{\"@type\":\"PropertyValueSpecification\",\"valueRequired\":true,\"valueName\":\"search_term_string\"}}],\"inLanguage\":\"fr-FR\"}]}<\/script>\n<!-- \/ Yoast SEO plugin. -->","yoast_head_json":{"title":"D\u00e9mocrathlon - Ecole \/ DROIT","description":"Le d\u00e9mocrathlon, un marathon d\u00e9mocratique d\u00e9velopp\u00e9 par Anne-Emmanuelle Bourgaux et l'\u00c9cole de Droit UMONS-ULB.","robots":{"index":"index","follow":"follow","max-snippet":"max-snippet:-1","max-image-preview":"max-image-preview:large","max-video-preview":"max-video-preview:-1"},"canonical":"https:\/\/web.umons.ac.be\/droit\/fr\/lecole-de-droit-bouge\/initiatives-pedagogiques\/democrathlon\/","og_locale":"fr_FR","og_type":"article","og_title":"D\u00e9mocrathlon - Ecole \/ DROIT","og_description":"Le d\u00e9mocrathlon, un marathon d\u00e9mocratique d\u00e9velopp\u00e9 par Anne-Emmanuelle Bourgaux et l'\u00c9cole de Droit UMONS-ULB.","og_url":"https:\/\/web.umons.ac.be\/droit\/fr\/lecole-de-droit-bouge\/initiatives-pedagogiques\/democrathlon\/","og_site_name":"Ecole \/ DROIT","article_modified_time":"2024-08-06T11:19:12+00:00","og_image":[{"width":1200,"height":675,"url":"https:\/\/web.umons.ac.be\/app\/uploads\/sites\/7\/2024\/03\/Sans-titre-2.png","type":"image\/png"}],"twitter_card":"summary_large_image","twitter_image":"https:\/\/web.umons.ac.be\/app\/uploads\/sites\/7\/2024\/03\/Sans-titre-2.png","twitter_misc":{"Dur\u00e9e de lecture estim\u00e9e":"1 minute"},"schema":{"@context":"https:\/\/schema.org","@graph":[{"@type":"WebPage","@id":"https:\/\/web.umons.ac.be\/droit\/fr\/lecole-de-droit-bouge\/initiatives-pedagogiques\/democrathlon\/","url":"https:\/\/web.umons.ac.be\/droit\/fr\/lecole-de-droit-bouge\/initiatives-pedagogiques\/democrathlon\/","name":"D\u00e9mocrathlon - Ecole \/ DROIT","isPartOf":{"@id":"https:\/\/web.umons.ac.be\/droit\/#website"},"primaryImageOfPage":{"@id":"https:\/\/web.umons.ac.be\/droit\/fr\/lecole-de-droit-bouge\/initiatives-pedagogiques\/democrathlon\/#primaryimage"},"image":{"@id":"https:\/\/web.umons.ac.be\/droit\/fr\/lecole-de-droit-bouge\/initiatives-pedagogiques\/democrathlon\/#primaryimage"},"thumbnailUrl":"https:\/\/web.umons.ac.be\/app\/uploads\/sites\/7\/2024\/03\/Sans-titre-2.png","datePublished":"2022-08-31T13:40:28+00:00","dateModified":"2024-08-06T11:19:12+00:00","description":"Le d\u00e9mocrathlon, un marathon d\u00e9mocratique d\u00e9velopp\u00e9 par Anne-Emmanuelle Bourgaux et l'\u00c9cole de Droit UMONS-ULB.","breadcrumb":{"@id":"https:\/\/web.umons.ac.be\/droit\/fr\/lecole-de-droit-bouge\/initiatives-pedagogiques\/democrathlon\/#breadcrumb"},"inLanguage":"fr-FR","potentialAction":[{"@type":"ReadAction","target":["https:\/\/web.umons.ac.be\/droit\/fr\/lecole-de-droit-bouge\/initiatives-pedagogiques\/democrathlon\/"]}]},{"@type":"ImageObject","inLanguage":"fr-FR","@id":"https:\/\/web.umons.ac.be\/droit\/fr\/lecole-de-droit-bouge\/initiatives-pedagogiques\/democrathlon\/#primaryimage","url":"https:\/\/web.umons.ac.be\/app\/uploads\/sites\/7\/2024\/03\/Sans-titre-2.png","contentUrl":"https:\/\/web.umons.ac.be\/app\/uploads\/sites\/7\/2024\/03\/Sans-titre-2.png","width":1200,"height":675},{"@type":"BreadcrumbList","@id":"https:\/\/web.umons.ac.be\/droit\/fr\/lecole-de-droit-bouge\/initiatives-pedagogiques\/democrathlon\/#breadcrumb","itemListElement":[{"@type":"ListItem","position":1,"name":"Accueil","item":"https:\/\/web.umons.ac.be\/droit\/"},{"@type":"ListItem","position":2,"name":"L\u2019\u00c9cole de Droit bouge !","item":"https:\/\/web.umons.ac.be\/droit\/fr\/lecole-de-droit-bouge\/"},{"@type":"ListItem","position":3,"name":"Initiatives p\u00e9dagogiques","item":"https:\/\/web.umons.ac.be\/droit\/fr\/lecole-de-droit-bouge\/initiatives-pedagogiques\/"},{"@type":"ListItem","position":4,"name":"D\u00e9mocrathlon"}]},{"@type":"WebSite","@id":"https:\/\/web.umons.ac.be\/droit\/#website","url":"https:\/\/web.umons.ac.be\/droit\/","name":"Ecole \/ DROIT","description":"hgqdfjkghqdfjk","potentialAction":[{"@type":"SearchAction","target":{"@type":"EntryPoint","urlTemplate":"https:\/\/web.umons.ac.be\/droit\/?s={search_term_string}"},"query-input":{"@type":"PropertyValueSpecification","valueRequired":true,"valueName":"search_term_string"}}],"inLanguage":"fr-FR"}]}},"lang":"fr","translations":{"fr":1642},"pll_sync_post":[],"_links":{"self":[{"href":"https:\/\/web.umons.ac.be\/droit\/wp-json\/wp\/v2\/pages\/1642","targetHints":{"allow":["GET"]}}],"collection":[{"href":"https:\/\/web.umons.ac.be\/droit\/wp-json\/wp\/v2\/pages"}],"about":[{"href":"https:\/\/web.umons.ac.be\/droit\/wp-json\/wp\/v2\/types\/page"}],"author":[{"embeddable":true,"href":"https:\/\/web.umons.ac.be\/droit\/wp-json\/wp\/v2\/users\/2"}],"replies":[{"embeddable":true,"href":"https:\/\/web.umons.ac.be\/droit\/wp-json\/wp\/v2\/comments?post=1642"}],"version-history":[{"count":3,"href":"https:\/\/web.umons.ac.be\/droit\/wp-json\/wp\/v2\/pages\/1642\/revisions"}],"predecessor-version":[{"id":2517,"href":"https:\/\/web.umons.ac.be\/droit\/wp-json\/wp\/v2\/pages\/1642\/revisions\/2517"}],"up":[{"embeddable":true,"href":"https:\/\/web.umons.ac.be\/droit\/wp-json\/wp\/v2\/pages\/701"}],"wp:featuredmedia":[{"embeddable":true,"href":"https:\/\/web.umons.ac.be\/droit\/wp-json\/wp\/v2\/media\/2254"}],"wp:attachment":[{"href":"https:\/\/web.umons.ac.be\/droit\/wp-json\/wp\/v2\/media?parent=1642"}],"curies":[{"name":"wp","href":"https:\/\/api.w.org\/{rel}","templated":true}]}}