{"id":192,"date":"2017-05-31T16:54:32","date_gmt":"2017-05-31T14:54:32","guid":{"rendered":"https:\/\/web.umons.ac.be\/droit\/?page_id=192"},"modified":"2025-09-05T12:15:29","modified_gmt":"2025-09-05T10:15:29","slug":"historique","status":"publish","type":"page","link":"https:\/\/web.umons.ac.be\/droit\/fr\/a-propos-de-lecole\/historique\/","title":{"rendered":"Historique"},"content":{"rendered":"<h2 data-start=\"140\" data-end=\"204\">Une \u00c9cole de Droit au c\u0153ur de l\u2019activit\u00e9 judiciaire de Mons<\/h2>\n<p data-start=\"205\" data-end=\"544\">L\u2019\u00c9cole de Droit, anciennement appel\u00e9e Institut des Sciences Juridiques, a \u00e9t\u00e9 cr\u00e9\u00e9e en 2004 pour r\u00e9pondre \u00e0 une forte demande en mati\u00e8re de formation juridique. La ville de Mons, qui abrite une Cour d\u2019appel et un grand nombre d\u2019institutions judiciaires, offre un cadre unique pour \u00e9tudier le Droit au plus pr\u00e8s de la pratique.<\/p>\n<p data-start=\"205\" data-end=\"544\">Reconnue aujourd\u2019hui comme une r\u00e9f\u00e9rence dans l\u2019enseignement juridique, l\u2019\u00c9cole de Droit forme des juristes comp\u00e9tents et engag\u00e9s. Son objectif : pr\u00e9parer les \u00e9tudiants \u00e0 relever les d\u00e9fis du monde juridique, tout en leur offrant un fort sentiment d\u2019appartenance et un ancrage culturel durable.<\/p>\n<h2 data-start=\"546\" data-end=\"600\">Une collaboration acad\u00e9mique solide : UMONS &amp; ULB<\/h2>\n<p data-start=\"601\" data-end=\"876\">D\u00e8s son origine, l\u2019\u00c9cole de Droit s\u2019est appuy\u00e9e sur une collaboration entre l\u2019Universit\u00e9 de Mons (UMONS) et l\u2019<a href=\"https:\/\/www.ulb.be\/fr\/etudier\">Universit\u00e9 libre de Bruxelles (ULB)<\/a>. Cette synergie garantit aux \u00e9tudiants une formation de qualit\u00e9, \u00e0 la fois rigoureuse et tourn\u00e9e vers les r\u00e9alit\u00e9s professionnelles.<\/p>\n<h2 data-start=\"878\" data-end=\"929\">Une formation juridique en constante \u00e9volution<\/h2>\n<p data-start=\"930\" data-end=\"1205\">L\u2019\u00c9cole de Droit est encadr\u00e9e par un Conseil de Direction. Compos\u00e9 de juristes et de professeurs, le Conseil de Direction veille \u00e0 la pertinence des programmes et \u00e0 l\u2019adaptation aux \u00e9volutions du monde juridique. Chaque ann\u00e9e, l&rsquo;\u00c9cole de Droit UMONS-ULB accueille un nombre croissant d\u2019\u00e9tudiants s\u00e9duits par :<\/p>\n<ul data-start=\"1206\" data-end=\"1329\">\n<li data-start=\"1206\" data-end=\"1239\">\n<p data-start=\"1208\" data-end=\"1239\">la qualit\u00e9 de l\u2019enseignement,<\/p>\n<\/li>\n<li data-start=\"1240\" data-end=\"1286\">\n<p data-start=\"1242\" data-end=\"1286\">la proximit\u00e9 des institutions judiciaires,<\/p>\n<\/li>\n<li data-start=\"1287\" data-end=\"1329\">\n<p data-start=\"1289\" data-end=\"1329\">un environnement acad\u00e9mique stimulant.<\/p>\n<\/li>\n<\/ul>\n<h2>2025 : ouverture du Master en Droit, \u00e0 finalit\u00e9 sp\u00e9cialis\u00e9e en Droit de l&rsquo;entreprise<\/h2>\n<p data-start=\"192\" data-end=\"429\">L\u2019Universit\u00e9 de Mons franchit une nouvelle \u00e9tape dans son d\u00e9veloppement acad\u00e9mique avec l\u2019ouverture d\u2019un <strong data-start=\"297\" data-end=\"351\">Master en Droit \u00e0 finalit\u00e9 Droit de l\u2019entreprise<\/strong>, organis\u00e9 en <strong data-start=\"365\" data-end=\"426\">co-dipl\u00f4mation avec l\u2019Universit\u00e9 libre de Bruxelles (ULB)<\/strong>.<\/p>\n<p data-start=\"431\" data-end=\"866\">Jusqu\u2019\u00e0 pr\u00e9sent, seuls trois \u00e9tablissements francophones \u2013 l\u2019UCLouvain, l\u2019ULi\u00e8ge et l\u2019ULB \u2013 proposaient un Master en Droit. Cette situation laissait une grande partie de la Wallonie, et plus particuli\u00e8rement le Hainaut, sans solution de continuit\u00e9 apr\u00e8s le bachelier en Droit. De nombreux \u00e9tudiants devaient ainsi se d\u00e9placer vers d\u2019autres villes universitaires, parfois au prix de contraintes financi\u00e8res ou logistiques importantes.<\/p>\n<p data-start=\"868\" data-end=\"1346\">Avec ce nouveau Master, l\u2019UMONS renforce son r\u00f4le d\u2019acteur cl\u00e9 de la d\u00e9mocratisation de l\u2019enseignement sup\u00e9rieur. En offrant une formation juridique compl\u00e8te \u00e0 Mons, l\u2019universit\u00e9 permet aux \u00e9tudiants de poursuivre leurs ambitions acad\u00e9miques sans devoir quitter leur r\u00e9gion. Ce Master favorisera un <strong data-start=\"1167\" data-end=\"1198\">accompagnement personnalis\u00e9<\/strong> et accueillera une grande diversit\u00e9 de profils, notamment des dipl\u00f4m\u00e9s de Hautes \u00c9coles et de Bacheliers en Droit d\u00e9j\u00e0 implant\u00e9s dans le Hainaut.<\/p>\n<p data-start=\"1348\" data-end=\"1418\">\ud83d\udcc4 <a href=\"https:\/\/www.calameo.com\/books\/007903171c3fbd5cdbc6d\">Pour en savoir plus, consultez la brochure d\u00e9di\u00e9e \u00e0 ce programme.<\/a><\/p>\n","protected":false},"excerpt":{"rendered":"<p>Une \u00c9cole de Droit au c\u0153ur de l\u2019activit\u00e9 judiciaire de Mons L\u2019\u00c9cole de Droit, anciennement appel\u00e9e Institut des Sciences Juridiques, a \u00e9t\u00e9 cr\u00e9\u00e9e en 2004 pour r\u00e9pondre \u00e0 une forte demande en mati\u00e8re de formation juridique. La ville de Mons, qui abrite une Cour d\u2019appel et un grand nombre d\u2019institutions judiciaires, offre un cadre unique [&hellip;]<\/p>\n","protected":false},"author":2,"featured_media":3135,"parent":264,"menu_order":1,"comment_status":"closed","ping_status":"closed","template":"","meta":{"footnotes":""},"class_list":["post-192","page","type-page","status-publish","has-post-thumbnail","hentry"],"yoast_head":"<!-- This site is optimized with the Yoast SEO plugin v27.2 - https:\/\/yoast.com\/product\/yoast-seo-wordpress\/ -->\n<title>Historique - Ecole \/ DROIT<\/title>\n<meta name=\"description\" content=\"Historique de l&#039;\u00c9cole de Droit UMONS-ULB : cr\u00e9ation, co-dipl\u00f4mation UMONS-ULB, programmes, Bachelier et Master en Droit\" \/>\n<meta name=\"robots\" content=\"index, follow, max-snippet:-1, max-image-preview:large, max-video-preview:-1\" \/>\n<link rel=\"canonical\" href=\"https:\/\/web.umons.ac.be\/droit\/fr\/a-propos-de-lecole\/historique\/\" \/>\n<meta property=\"og:locale\" content=\"fr_FR\" \/>\n<meta property=\"og:type\" content=\"article\" \/>\n<meta property=\"og:title\" content=\"\u00c9cole de Droit UMONS-ULB | Historique\" \/>\n<meta property=\"og:description\" content=\"L\u2019\u00c9cole de Droit, anciennement appel\u00e9e Institut des Sciences Juridiques, a \u00e9t\u00e9 cr\u00e9\u00e9e en 2004 pour r\u00e9pondre \u00e0 une forte demande en mati\u00e8re de formation juridique.\" \/>\n<meta property=\"og:url\" content=\"https:\/\/web.umons.ac.be\/droit\/fr\/a-propos-de-lecole\/historique\/\" \/>\n<meta property=\"og:site_name\" content=\"Ecole \/ DROIT\" \/>\n<meta property=\"article:modified_time\" content=\"2025-09-05T10:15:29+00:00\" \/>\n<meta property=\"og:image\" content=\"https:\/\/web.umons.ac.be\/app\/uploads\/sites\/7\/2025\/08\/Photo4-scaled.jpg\" \/>\n\t<meta property=\"og:image:width\" content=\"2560\" \/>\n\t<meta property=\"og:image:height\" content=\"1707\" \/>\n\t<meta property=\"og:image:type\" content=\"image\/jpeg\" \/>\n<meta name=\"twitter:card\" content=\"summary_large_image\" \/>\n<meta name=\"twitter:title\" content=\"\u00c9cole de Droit UMONS-ULB | Historique\" \/>\n<meta name=\"twitter:description\" content=\"L\u2019\u00c9cole de Droit, anciennement appel\u00e9e Institut des Sciences Juridiques, a \u00e9t\u00e9 cr\u00e9\u00e9e en 2004 pour r\u00e9pondre \u00e0 une forte demande en mati\u00e8re de formation juridique.\" \/>\n<meta name=\"twitter:image\" content=\"https:\/\/web.umons.ac.be\/app\/uploads\/sites\/7\/2025\/08\/Photo4-scaled.jpg\" \/>\n<meta name=\"twitter:label1\" content=\"Dur\u00e9e de lecture estim\u00e9e\" \/>\n\t<meta name=\"twitter:data1\" content=\"3 minutes\" \/>\n<script type=\"application\/ld+json\" class=\"yoast-schema-graph\">{\"@context\":\"https:\/\/schema.org\",\"@graph\":[{\"@type\":\"WebPage\",\"@id\":\"https:\/\/web.umons.ac.be\/droit\/fr\/a-propos-de-lecole\/historique\/\",\"url\":\"https:\/\/web.umons.ac.be\/droit\/fr\/a-propos-de-lecole\/historique\/\",\"name\":\"Historique - Ecole \/ DROIT\",\"isPartOf\":{\"@id\":\"https:\/\/web.umons.ac.be\/droit\/#website\"},\"primaryImageOfPage\":{\"@id\":\"https:\/\/web.umons.ac.be\/droit\/fr\/a-propos-de-lecole\/historique\/#primaryimage\"},\"image\":{\"@id\":\"https:\/\/web.umons.ac.be\/droit\/fr\/a-propos-de-lecole\/historique\/#primaryimage\"},\"thumbnailUrl\":\"https:\/\/web.umons.ac.be\/app\/uploads\/sites\/7\/2025\/08\/Photo4-scaled.jpg\",\"datePublished\":\"2017-05-31T14:54:32+00:00\",\"dateModified\":\"2025-09-05T10:15:29+00:00\",\"description\":\"Historique de l'\u00c9cole de Droit UMONS-ULB : cr\u00e9ation, co-dipl\u00f4mation UMONS-ULB, programmes, Bachelier et Master en Droit\",\"breadcrumb\":{\"@id\":\"https:\/\/web.umons.ac.be\/droit\/fr\/a-propos-de-lecole\/historique\/#breadcrumb\"},\"inLanguage\":\"fr-FR\",\"potentialAction\":[{\"@type\":\"ReadAction\",\"target\":[\"https:\/\/web.umons.ac.be\/droit\/fr\/a-propos-de-lecole\/historique\/\"]}]},{\"@type\":\"ImageObject\",\"inLanguage\":\"fr-FR\",\"@id\":\"https:\/\/web.umons.ac.be\/droit\/fr\/a-propos-de-lecole\/historique\/#primaryimage\",\"url\":\"https:\/\/web.umons.ac.be\/app\/uploads\/sites\/7\/2025\/08\/Photo4-scaled.jpg\",\"contentUrl\":\"https:\/\/web.umons.ac.be\/app\/uploads\/sites\/7\/2025\/08\/Photo4-scaled.jpg\",\"width\":2560,\"height\":1707},{\"@type\":\"BreadcrumbList\",\"@id\":\"https:\/\/web.umons.ac.be\/droit\/fr\/a-propos-de-lecole\/historique\/#breadcrumb\",\"itemListElement\":[{\"@type\":\"ListItem\",\"position\":1,\"name\":\"Accueil\",\"item\":\"https:\/\/web.umons.ac.be\/droit\/\"},{\"@type\":\"ListItem\",\"position\":2,\"name\":\"A propos de l&rsquo;\u00e9cole\",\"item\":\"https:\/\/web.umons.ac.be\/droit\/fr\/a-propos-de-lecole\/\"},{\"@type\":\"ListItem\",\"position\":3,\"name\":\"Historique\"}]},{\"@type\":\"WebSite\",\"@id\":\"https:\/\/web.umons.ac.be\/droit\/#website\",\"url\":\"https:\/\/web.umons.ac.be\/droit\/\",\"name\":\"Ecole \/ DROIT\",\"description\":\"hgqdfjkghqdfjk\",\"potentialAction\":[{\"@type\":\"SearchAction\",\"target\":{\"@type\":\"EntryPoint\",\"urlTemplate\":\"https:\/\/web.umons.ac.be\/droit\/?s={search_term_string}\"},\"query-input\":{\"@type\":\"PropertyValueSpecification\",\"valueRequired\":true,\"valueName\":\"search_term_string\"}}],\"inLanguage\":\"fr-FR\"}]}<\/script>\n<!-- \/ Yoast SEO plugin. -->","yoast_head_json":{"title":"Historique - Ecole \/ DROIT","description":"Historique de l'\u00c9cole de Droit UMONS-ULB : cr\u00e9ation, co-dipl\u00f4mation UMONS-ULB, programmes, Bachelier et Master en Droit","robots":{"index":"index","follow":"follow","max-snippet":"max-snippet:-1","max-image-preview":"max-image-preview:large","max-video-preview":"max-video-preview:-1"},"canonical":"https:\/\/web.umons.ac.be\/droit\/fr\/a-propos-de-lecole\/historique\/","og_locale":"fr_FR","og_type":"article","og_title":"\u00c9cole de Droit UMONS-ULB | Historique","og_description":"L\u2019\u00c9cole de Droit, anciennement appel\u00e9e Institut des Sciences Juridiques, a \u00e9t\u00e9 cr\u00e9\u00e9e en 2004 pour r\u00e9pondre \u00e0 une forte demande en mati\u00e8re de formation juridique.","og_url":"https:\/\/web.umons.ac.be\/droit\/fr\/a-propos-de-lecole\/historique\/","og_site_name":"Ecole \/ DROIT","article_modified_time":"2025-09-05T10:15:29+00:00","og_image":[{"width":2560,"height":1707,"url":"https:\/\/web.umons.ac.be\/app\/uploads\/sites\/7\/2025\/08\/Photo4-scaled.jpg","type":"image\/jpeg"}],"twitter_card":"summary_large_image","twitter_title":"\u00c9cole de Droit UMONS-ULB | Historique","twitter_description":"L\u2019\u00c9cole de Droit, anciennement appel\u00e9e Institut des Sciences Juridiques, a \u00e9t\u00e9 cr\u00e9\u00e9e en 2004 pour r\u00e9pondre \u00e0 une forte demande en mati\u00e8re de formation juridique.","twitter_image":"https:\/\/web.umons.ac.be\/app\/uploads\/sites\/7\/2025\/08\/Photo4-scaled.jpg","twitter_misc":{"Dur\u00e9e de lecture estim\u00e9e":"3 minutes"},"schema":{"@context":"https:\/\/schema.org","@graph":[{"@type":"WebPage","@id":"https:\/\/web.umons.ac.be\/droit\/fr\/a-propos-de-lecole\/historique\/","url":"https:\/\/web.umons.ac.be\/droit\/fr\/a-propos-de-lecole\/historique\/","name":"Historique - Ecole \/ DROIT","isPartOf":{"@id":"https:\/\/web.umons.ac.be\/droit\/#website"},"primaryImageOfPage":{"@id":"https:\/\/web.umons.ac.be\/droit\/fr\/a-propos-de-lecole\/historique\/#primaryimage"},"image":{"@id":"https:\/\/web.umons.ac.be\/droit\/fr\/a-propos-de-lecole\/historique\/#primaryimage"},"thumbnailUrl":"https:\/\/web.umons.ac.be\/app\/uploads\/sites\/7\/2025\/08\/Photo4-scaled.jpg","datePublished":"2017-05-31T14:54:32+00:00","dateModified":"2025-09-05T10:15:29+00:00","description":"Historique de l'\u00c9cole de Droit UMONS-ULB : cr\u00e9ation, co-dipl\u00f4mation UMONS-ULB, programmes, Bachelier et Master en Droit","breadcrumb":{"@id":"https:\/\/web.umons.ac.be\/droit\/fr\/a-propos-de-lecole\/historique\/#breadcrumb"},"inLanguage":"fr-FR","potentialAction":[{"@type":"ReadAction","target":["https:\/\/web.umons.ac.be\/droit\/fr\/a-propos-de-lecole\/historique\/"]}]},{"@type":"ImageObject","inLanguage":"fr-FR","@id":"https:\/\/web.umons.ac.be\/droit\/fr\/a-propos-de-lecole\/historique\/#primaryimage","url":"https:\/\/web.umons.ac.be\/app\/uploads\/sites\/7\/2025\/08\/Photo4-scaled.jpg","contentUrl":"https:\/\/web.umons.ac.be\/app\/uploads\/sites\/7\/2025\/08\/Photo4-scaled.jpg","width":2560,"height":1707},{"@type":"BreadcrumbList","@id":"https:\/\/web.umons.ac.be\/droit\/fr\/a-propos-de-lecole\/historique\/#breadcrumb","itemListElement":[{"@type":"ListItem","position":1,"name":"Accueil","item":"https:\/\/web.umons.ac.be\/droit\/"},{"@type":"ListItem","position":2,"name":"A propos de l&rsquo;\u00e9cole","item":"https:\/\/web.umons.ac.be\/droit\/fr\/a-propos-de-lecole\/"},{"@type":"ListItem","position":3,"name":"Historique"}]},{"@type":"WebSite","@id":"https:\/\/web.umons.ac.be\/droit\/#website","url":"https:\/\/web.umons.ac.be\/droit\/","name":"Ecole \/ DROIT","description":"hgqdfjkghqdfjk","potentialAction":[{"@type":"SearchAction","target":{"@type":"EntryPoint","urlTemplate":"https:\/\/web.umons.ac.be\/droit\/?s={search_term_string}"},"query-input":{"@type":"PropertyValueSpecification","valueRequired":true,"valueName":"search_term_string"}}],"inLanguage":"fr-FR"}]}},"lang":"fr","translations":{"fr":192,"en":342},"pll_sync_post":[],"_links":{"self":[{"href":"https:\/\/web.umons.ac.be\/droit\/wp-json\/wp\/v2\/pages\/192","targetHints":{"allow":["GET"]}}],"collection":[{"href":"https:\/\/web.umons.ac.be\/droit\/wp-json\/wp\/v2\/pages"}],"about":[{"href":"https:\/\/web.umons.ac.be\/droit\/wp-json\/wp\/v2\/types\/page"}],"author":[{"embeddable":true,"href":"https:\/\/web.umons.ac.be\/droit\/wp-json\/wp\/v2\/users\/2"}],"replies":[{"embeddable":true,"href":"https:\/\/web.umons.ac.be\/droit\/wp-json\/wp\/v2\/comments?post=192"}],"version-history":[{"count":3,"href":"https:\/\/web.umons.ac.be\/droit\/wp-json\/wp\/v2\/pages\/192\/revisions"}],"predecessor-version":[{"id":3156,"href":"https:\/\/web.umons.ac.be\/droit\/wp-json\/wp\/v2\/pages\/192\/revisions\/3156"}],"up":[{"embeddable":true,"href":"https:\/\/web.umons.ac.be\/droit\/wp-json\/wp\/v2\/pages\/264"}],"wp:featuredmedia":[{"embeddable":true,"href":"https:\/\/web.umons.ac.be\/droit\/wp-json\/wp\/v2\/media\/3135"}],"wp:attachment":[{"href":"https:\/\/web.umons.ac.be\/droit\/wp-json\/wp\/v2\/media?parent=192"}],"curies":[{"name":"wp","href":"https:\/\/api.w.org\/{rel}","templated":true}]}}