{"id":195,"date":"2017-05-31T16:56:13","date_gmt":"2017-05-31T14:56:13","guid":{"rendered":"https:\/\/web.umons.ac.be\/droit\/?page_id=195"},"modified":"2018-05-02T16:47:38","modified_gmt":"2018-05-02T14:47:38","slug":"umons-ulb","status":"publish","type":"page","link":"https:\/\/web.umons.ac.be\/droit\/fr\/umons-ulb\/","title":{"rendered":"UMONS + ULB"},"content":{"rendered":"<h2>UMONS + ULB = Bachelier universitaire en Droit<\/h2>\n<h3>Partenaires engag\u00e9s<\/h3>\n<p>L&rsquo;UMONS et l&rsquo;ULB\u00a0ont d\u00e9cid\u00e9, en combinant leurs propres atouts, de s\u2019associer en 2004 pour la mise en place du Bachelier universitaire en Droit \u00e0 Mons.<\/p>\n<p>En effet, \u00e0 cette \u00e9poque, l\u2019ULB re\u00e7oit une habilitation l\u00e9gale pour un premier cycle en Droit \u00e0 Mons. Quant \u00e0 elle, l\u2019UMONS, de par ses propres habilitations, dispense certains enseignements de nature \u00e0 s\u2019int\u00e9grer dans un programme de premier cycle en Droit et dispose, en outre, d\u2019infrastructures et de locaux pouvant abriter la formation \u00e0 Mons.<\/p>\n<p>Depuis 2017-2018, et suite au renforcement de la collaboration avec l\u2019ULB, les deux institutions fonctionnent selon une formule de co-habilitation pour l\u2019organisation de la formation en Droit sur le site de Mons. Cela permet de renforcer la visibilit\u00e9 de notre institution, notamment dans la d\u00e9finition des programmes et dans le choix des enseignants. En outre, une personne a \u00e9t\u00e9 d\u00e9sign\u00e9e par l\u2019UMONS pour des enseignements en relation avec le Droit public.<\/p>\n<h3>Des responsabilit\u00e9s partag\u00e9es<\/h3>\n<p>Si les \u00e9tudiants de la formation en Droit s\u2019inscrivent \u00e0 l\u2019ULB, ils n\u2019en conservent pas moins une appartenance physique \u00e0 l\u2019UMONS. En effet, tous les cours sont dispens\u00e9s sur le site de Mons. Les enseignants d\u00e9sign\u00e9s par l\u2019ULB dispensent la majorit\u00e9 des cours \u00e0 orientation sp\u00e9cifiquement juridique (\u00e0 l\u2019exception de trois mati\u00e8res li\u00e9es au Droit public)\u00a0; l\u2019UMONS, prend, quant \u00e0 elle, en charge la totalit\u00e9 des enseignements portant sur les mati\u00e8res non juridiques relatives aux autres Sciences humaines et aux langues. L\u2019ULB a \u00e9galement en charge la gestion acad\u00e9mique du programme d\u2019\u00e9tudes. Dot\u00e9e d\u2019une structure administrative sp\u00e9cifique, l\u2019Ecole de Droit, au travers de son secr\u00e9tariat, a la responsabilit\u00e9 de la bonne organisation des cours sur le site de Mons et g\u00e8re \u00e9galement le secr\u00e9tariat du jury d\u2019examens sp\u00e9cifique compos\u00e9 d\u2019enseignants issus des deux universit\u00e9s.<\/p>\n","protected":false},"excerpt":{"rendered":"<p>UMONS + ULB = Bachelier universitaire en Droit Partenaires engag\u00e9s L&rsquo;UMONS et l&rsquo;ULB\u00a0ont d\u00e9cid\u00e9, en combinant leurs propres atouts, de s\u2019associer en 2004 pour la mise en place du Bachelier universitaire en Droit \u00e0 Mons. En effet, \u00e0 cette \u00e9poque, l\u2019ULB re\u00e7oit une habilitation l\u00e9gale pour un premier cycle en Droit \u00e0 Mons. Quant \u00e0 [&hellip;]<\/p>\n","protected":false},"author":2,"featured_media":0,"parent":0,"menu_order":3,"comment_status":"closed","ping_status":"closed","template":"","meta":{"footnotes":""},"class_list":["post-195","page","type-page","status-publish","hentry"],"yoast_head":"<!-- This site is optimized with the Yoast SEO plugin v27.2 - https:\/\/yoast.com\/product\/yoast-seo-wordpress\/ -->\n<title>UMONS + ULB - Ecole \/ DROIT<\/title>\n<meta name=\"robots\" content=\"index, follow, max-snippet:-1, max-image-preview:large, max-video-preview:-1\" \/>\n<link rel=\"canonical\" href=\"https:\/\/web.umons.ac.be\/droit\/fr\/umons-ulb\/\" \/>\n<meta property=\"og:locale\" content=\"fr_FR\" \/>\n<meta property=\"og:type\" content=\"article\" \/>\n<meta property=\"og:title\" content=\"UMONS + ULB - Ecole \/ DROIT\" \/>\n<meta property=\"og:description\" content=\"UMONS + ULB = Bachelier universitaire en Droit Partenaires engag\u00e9s L&rsquo;UMONS et l&rsquo;ULB\u00a0ont d\u00e9cid\u00e9, en combinant leurs propres atouts, de s\u2019associer en 2004 pour la mise en place du Bachelier universitaire en Droit \u00e0 Mons. En effet, \u00e0 cette \u00e9poque, l\u2019ULB re\u00e7oit une habilitation l\u00e9gale pour un premier cycle en Droit \u00e0 Mons. Quant \u00e0 [&hellip;]\" \/>\n<meta property=\"og:url\" content=\"https:\/\/web.umons.ac.be\/droit\/fr\/umons-ulb\/\" \/>\n<meta property=\"og:site_name\" content=\"Ecole \/ DROIT\" \/>\n<meta property=\"article:modified_time\" content=\"2018-05-02T14:47:38+00:00\" \/>\n<meta name=\"twitter:card\" content=\"summary_large_image\" \/>\n<meta name=\"twitter:label1\" content=\"Dur\u00e9e de lecture estim\u00e9e\" \/>\n\t<meta name=\"twitter:data1\" content=\"2 minutes\" \/>\n<script type=\"application\/ld+json\" class=\"yoast-schema-graph\">{\"@context\":\"https:\/\/schema.org\",\"@graph\":[{\"@type\":\"WebPage\",\"@id\":\"https:\/\/web.umons.ac.be\/droit\/fr\/umons-ulb\/\",\"url\":\"https:\/\/web.umons.ac.be\/droit\/fr\/umons-ulb\/\",\"name\":\"UMONS + ULB - Ecole \/ DROIT\",\"isPartOf\":{\"@id\":\"https:\/\/web.umons.ac.be\/droit\/#website\"},\"datePublished\":\"2017-05-31T14:56:13+00:00\",\"dateModified\":\"2018-05-02T14:47:38+00:00\",\"breadcrumb\":{\"@id\":\"https:\/\/web.umons.ac.be\/droit\/fr\/umons-ulb\/#breadcrumb\"},\"inLanguage\":\"fr-FR\",\"potentialAction\":[{\"@type\":\"ReadAction\",\"target\":[\"https:\/\/web.umons.ac.be\/droit\/fr\/umons-ulb\/\"]}]},{\"@type\":\"BreadcrumbList\",\"@id\":\"https:\/\/web.umons.ac.be\/droit\/fr\/umons-ulb\/#breadcrumb\",\"itemListElement\":[{\"@type\":\"ListItem\",\"position\":1,\"name\":\"Accueil\",\"item\":\"https:\/\/web.umons.ac.be\/droit\/\"},{\"@type\":\"ListItem\",\"position\":2,\"name\":\"UMONS + ULB\"}]},{\"@type\":\"WebSite\",\"@id\":\"https:\/\/web.umons.ac.be\/droit\/#website\",\"url\":\"https:\/\/web.umons.ac.be\/droit\/\",\"name\":\"Ecole \/ DROIT\",\"description\":\"hgqdfjkghqdfjk\",\"potentialAction\":[{\"@type\":\"SearchAction\",\"target\":{\"@type\":\"EntryPoint\",\"urlTemplate\":\"https:\/\/web.umons.ac.be\/droit\/?s={search_term_string}\"},\"query-input\":{\"@type\":\"PropertyValueSpecification\",\"valueRequired\":true,\"valueName\":\"search_term_string\"}}],\"inLanguage\":\"fr-FR\"}]}<\/script>\n<!-- \/ Yoast SEO plugin. -->","yoast_head_json":{"title":"UMONS + ULB - Ecole \/ DROIT","robots":{"index":"index","follow":"follow","max-snippet":"max-snippet:-1","max-image-preview":"max-image-preview:large","max-video-preview":"max-video-preview:-1"},"canonical":"https:\/\/web.umons.ac.be\/droit\/fr\/umons-ulb\/","og_locale":"fr_FR","og_type":"article","og_title":"UMONS + ULB - Ecole \/ DROIT","og_description":"UMONS + ULB = Bachelier universitaire en Droit Partenaires engag\u00e9s L&rsquo;UMONS et l&rsquo;ULB\u00a0ont d\u00e9cid\u00e9, en combinant leurs propres atouts, de s\u2019associer en 2004 pour la mise en place du Bachelier universitaire en Droit \u00e0 Mons. En effet, \u00e0 cette \u00e9poque, l\u2019ULB re\u00e7oit une habilitation l\u00e9gale pour un premier cycle en Droit \u00e0 Mons. Quant \u00e0 [&hellip;]","og_url":"https:\/\/web.umons.ac.be\/droit\/fr\/umons-ulb\/","og_site_name":"Ecole \/ DROIT","article_modified_time":"2018-05-02T14:47:38+00:00","twitter_card":"summary_large_image","twitter_misc":{"Dur\u00e9e de lecture estim\u00e9e":"2 minutes"},"schema":{"@context":"https:\/\/schema.org","@graph":[{"@type":"WebPage","@id":"https:\/\/web.umons.ac.be\/droit\/fr\/umons-ulb\/","url":"https:\/\/web.umons.ac.be\/droit\/fr\/umons-ulb\/","name":"UMONS + ULB - Ecole \/ DROIT","isPartOf":{"@id":"https:\/\/web.umons.ac.be\/droit\/#website"},"datePublished":"2017-05-31T14:56:13+00:00","dateModified":"2018-05-02T14:47:38+00:00","breadcrumb":{"@id":"https:\/\/web.umons.ac.be\/droit\/fr\/umons-ulb\/#breadcrumb"},"inLanguage":"fr-FR","potentialAction":[{"@type":"ReadAction","target":["https:\/\/web.umons.ac.be\/droit\/fr\/umons-ulb\/"]}]},{"@type":"BreadcrumbList","@id":"https:\/\/web.umons.ac.be\/droit\/fr\/umons-ulb\/#breadcrumb","itemListElement":[{"@type":"ListItem","position":1,"name":"Accueil","item":"https:\/\/web.umons.ac.be\/droit\/"},{"@type":"ListItem","position":2,"name":"UMONS + ULB"}]},{"@type":"WebSite","@id":"https:\/\/web.umons.ac.be\/droit\/#website","url":"https:\/\/web.umons.ac.be\/droit\/","name":"Ecole \/ DROIT","description":"hgqdfjkghqdfjk","potentialAction":[{"@type":"SearchAction","target":{"@type":"EntryPoint","urlTemplate":"https:\/\/web.umons.ac.be\/droit\/?s={search_term_string}"},"query-input":{"@type":"PropertyValueSpecification","valueRequired":true,"valueName":"search_term_string"}}],"inLanguage":"fr-FR"}]}},"lang":"fr","translations":{"fr":195,"en":347},"pll_sync_post":[],"_links":{"self":[{"href":"https:\/\/web.umons.ac.be\/droit\/wp-json\/wp\/v2\/pages\/195","targetHints":{"allow":["GET"]}}],"collection":[{"href":"https:\/\/web.umons.ac.be\/droit\/wp-json\/wp\/v2\/pages"}],"about":[{"href":"https:\/\/web.umons.ac.be\/droit\/wp-json\/wp\/v2\/types\/page"}],"author":[{"embeddable":true,"href":"https:\/\/web.umons.ac.be\/droit\/wp-json\/wp\/v2\/users\/2"}],"replies":[{"embeddable":true,"href":"https:\/\/web.umons.ac.be\/droit\/wp-json\/wp\/v2\/comments?post=195"}],"version-history":[{"count":2,"href":"https:\/\/web.umons.ac.be\/droit\/wp-json\/wp\/v2\/pages\/195\/revisions"}],"predecessor-version":[{"id":699,"href":"https:\/\/web.umons.ac.be\/droit\/wp-json\/wp\/v2\/pages\/195\/revisions\/699"}],"wp:attachment":[{"href":"https:\/\/web.umons.ac.be\/droit\/wp-json\/wp\/v2\/media?parent=195"}],"curies":[{"name":"wp","href":"https:\/\/api.w.org\/{rel}","templated":true}]}}