{"id":205,"date":"2017-05-31T17:06:06","date_gmt":"2017-05-31T15:06:06","guid":{"rendered":"https:\/\/web.umons.ac.be\/droit\/?page_id=205"},"modified":"2025-01-21T11:15:40","modified_gmt":"2025-01-21T10:15:40","slug":"aide-reussite","status":"publish","type":"page","link":"https:\/\/web.umons.ac.be\/droit\/fr\/etudes\/aide-reussite\/","title":{"rendered":"Aide \u00e0 la r\u00e9ussite"},"content":{"rendered":"<h2>Accompagnement p\u00e9dagogique et suivi personnalis\u00e9<\/h2>\n<p>L\u2019entr\u00e9e dans le sup\u00e9rieur n\u2019est pas toujours simple pour l\u2019\u00e9tudiant qui quitte l\u2019enseignement secondaire. Le constat n\u2019est pas neuf. La Cellule de P\u00e9dagogie Facultaire (CPF) permet d\u2019accompagner l\u2019\u00e9tudiant qui le souhaite dans ce contexte de transition. Elle soutient et outille \u00e9galement l\u2019\u00e9tudiant en droit tout au long de son parcours \u00e0 l\u2019universit\u00e9 par des actions et dispositifs particuliers (rencontre individuelle ou collective, rem\u00e9diation, coaching, etc.). Ces activit\u00e9s, obligatoires ou facultatives, visent l\u2019\u00e9panouissement de l\u2019\u00e9tudiant et veillent \u00e0 faciliter son int\u00e9gration acad\u00e9mique et sociale en lui permettant de d\u00e9velopper certaines comp\u00e9tences transversales.<\/p>\n<start-cask-shortcode-wrapper>\n<blockquote class=\"shortcode-testimonial scheme-right\">\n    <div class=\"testimonial-quote\">\n        <div>Etudier le droit \u00e0 Mons,\u00a0c\u2019est le meilleur choix que j\u2019ai\u00a0pu faire. Le contact avec les\u00a0professeurs est beaucoup plus ais\u00e9 et, en plus,\u00a0l\u2019Universit\u00e9 nous fait b\u00e9n\u00e9ficier d\u2019un programme\u00a0d\u2019aide \u00e0 la r\u00e9u&hellip;<\/div>\n                <a href=\"#testimonial-modal-186\" class=\"button-secondary open-testimonial scheme-border scheme-color-hover-important\">\n            Poursuivre la lecture <span class=\"icon umons-icon-tail-right\" aria-hidden=\"true\"><\/span>\n        <\/a>\n            <\/div>\n    <div class=\"testimonial-author\">\n                <div class=\"testimonial-picture\">\n            <img decoding=\"async\" src=\"https:\/\/web.umons.ac.be\/app\/uploads\/sites\/7\/2017\/05\/Local-EWH-23024-0-Adobe-Acrobat-Pro-DC-4-80x80.jpg\" alt=\"\" \/>\n        <\/div>\n                <div class=\"testimonial-text\">\n            <div class=\"testimonial-identity\">\n                <span class=\"testimonial-author-name\">Oc\u00e9ane Pruvost<\/span>\n                            <\/div>\n            <div class=\"testimonial-meta\">\n                                                <span class=\"testimonial-group\">MA1 Droit ULB<\/span>\n                            <\/div>\n        <\/div>\n    <\/div>\n<\/blockquote>\n<div id=\"testimonial-modal-186\" class=\"testimonial-modal-wrap normal\" style=\"display: none;\">\n    <div class=\"shortcode-testimonial-modal\">\n        <blockquote class=\"shortcode-testimonial\">\n            <div class=\"testimonial-quote editor-front\">\n                                <blockquote class=\"highlighted-quote\">Etudier le droit \u00e0 Mons, c\u2019est le meilleur choix que j\u2019ai pu faire.<\/blockquote>\n                                                <div class=\"testimonial-full-quote\"><p>Etudier le droit \u00e0 Mons,\u00a0c\u2019est le meilleur choix que j\u2019ai\u00a0pu faire. Le contact avec les\u00a0professeurs est beaucoup plus ais\u00e9 et, en plus,\u00a0l\u2019Universit\u00e9 nous fait b\u00e9n\u00e9ficier d\u2019un programme\u00a0d\u2019aide \u00e0 la r\u00e9ussite. L\u2019assistante p\u00e9dagogique\u00a0est l\u00e0 pour nous aider et nous accompagner\u00a0dans nos trois ann\u00e9es de bachelier. Mais cela\u00a0ne se r\u00e9sume pas qu\u2019\u00e0 \u00e7a, car avec le cours de\u00a0m\u00e9thodologie juridique, nous apprenons \u00e0 r\u00e9diger,\u00a0\u00e0 pr\u00e9senter, \u00e0 rechercher comme cela nous\u00a0sera tr\u00e8s utile dans notre futur m\u00e9tier. \u2019\u2019<\/p>\n<\/div>\n                            <\/div>\n            <div class=\"testimonial-author\">\n                                <div class=\"testimonial-picture\">\n                    <img decoding=\"async\" src=\"https:\/\/web.umons.ac.be\/app\/uploads\/sites\/7\/2017\/05\/Local-EWH-23024-0-Adobe-Acrobat-Pro-DC-4-80x80.jpg\" alt=\"\" \/>\n                <\/div>\n                                <div class=\"testimonial-text\">\n                    <div class=\"testimonial-identity\">\n                        <span class=\"testimonial-author-name\">Oc\u00e9ane Pruvost<\/span>\n                                            <\/div>\n                    <div class=\"testimonial-meta\">\n                                                                        <span class=\"testimonial-group\">(MA1 Droit ULB)<\/span>\n                                            <\/div>\n                <\/div>\n            <\/div>\n        <\/blockquote>\n    <\/div>\n<\/div>\n<end-cask-shortcode-wrapper>\n<p>&nbsp;<\/p>\n<p>&nbsp;<\/p>\n<p>&nbsp;<\/p>\n<p>&nbsp;<\/p>\n","protected":false},"excerpt":{"rendered":"<p>Accompagnement p\u00e9dagogique et suivi personnalis\u00e9 L\u2019entr\u00e9e dans le sup\u00e9rieur n\u2019est pas toujours simple pour l\u2019\u00e9tudiant qui quitte l\u2019enseignement secondaire. Le constat n\u2019est pas neuf. La Cellule de P\u00e9dagogie Facultaire (CPF) permet d\u2019accompagner l\u2019\u00e9tudiant qui le souhaite dans ce contexte de transition. Elle soutient et outille \u00e9galement l\u2019\u00e9tudiant en droit tout au long de son parcours [&hellip;]<\/p>\n","protected":false},"author":2,"featured_media":0,"parent":259,"menu_order":2,"comment_status":"closed","ping_status":"closed","template":"","meta":{"footnotes":""},"class_list":["post-205","page","type-page","status-publish","hentry"],"yoast_head":"<!-- This site is optimized with the Yoast SEO plugin v27.2 - https:\/\/yoast.com\/product\/yoast-seo-wordpress\/ -->\n<title>Aide \u00e0 la r\u00e9ussite - Ecole \/ DROIT<\/title>\n<meta name=\"robots\" content=\"index, follow, max-snippet:-1, max-image-preview:large, max-video-preview:-1\" \/>\n<link rel=\"canonical\" href=\"https:\/\/web.umons.ac.be\/droit\/fr\/etudes\/aide-reussite\/\" \/>\n<meta property=\"og:locale\" content=\"fr_FR\" \/>\n<meta property=\"og:type\" content=\"article\" \/>\n<meta property=\"og:title\" content=\"Aide \u00e0 la r\u00e9ussite - Ecole \/ DROIT\" \/>\n<meta property=\"og:description\" content=\"Accompagnement p\u00e9dagogique et suivi personnalis\u00e9 L\u2019entr\u00e9e dans le sup\u00e9rieur n\u2019est pas toujours simple pour l\u2019\u00e9tudiant qui quitte l\u2019enseignement secondaire. Le constat n\u2019est pas neuf. La Cellule de P\u00e9dagogie Facultaire (CPF) permet d\u2019accompagner l\u2019\u00e9tudiant qui le souhaite dans ce contexte de transition. Elle soutient et outille \u00e9galement l\u2019\u00e9tudiant en droit tout au long de son parcours [&hellip;]\" \/>\n<meta property=\"og:url\" content=\"https:\/\/web.umons.ac.be\/droit\/fr\/etudes\/aide-reussite\/\" \/>\n<meta property=\"og:site_name\" content=\"Ecole \/ DROIT\" \/>\n<meta property=\"article:modified_time\" content=\"2025-01-21T10:15:40+00:00\" \/>\n<meta name=\"twitter:card\" content=\"summary_large_image\" \/>\n<meta name=\"twitter:label1\" content=\"Dur\u00e9e de lecture estim\u00e9e\" \/>\n\t<meta name=\"twitter:data1\" content=\"1 minute\" \/>\n<script type=\"application\/ld+json\" class=\"yoast-schema-graph\">{\"@context\":\"https:\/\/schema.org\",\"@graph\":[{\"@type\":\"WebPage\",\"@id\":\"https:\/\/web.umons.ac.be\/droit\/fr\/etudes\/aide-reussite\/\",\"url\":\"https:\/\/web.umons.ac.be\/droit\/fr\/etudes\/aide-reussite\/\",\"name\":\"Aide \u00e0 la r\u00e9ussite - Ecole \/ DROIT\",\"isPartOf\":{\"@id\":\"https:\/\/web.umons.ac.be\/droit\/#website\"},\"datePublished\":\"2017-05-31T15:06:06+00:00\",\"dateModified\":\"2025-01-21T10:15:40+00:00\",\"breadcrumb\":{\"@id\":\"https:\/\/web.umons.ac.be\/droit\/fr\/etudes\/aide-reussite\/#breadcrumb\"},\"inLanguage\":\"fr-FR\",\"potentialAction\":[{\"@type\":\"ReadAction\",\"target\":[\"https:\/\/web.umons.ac.be\/droit\/fr\/etudes\/aide-reussite\/\"]}]},{\"@type\":\"BreadcrumbList\",\"@id\":\"https:\/\/web.umons.ac.be\/droit\/fr\/etudes\/aide-reussite\/#breadcrumb\",\"itemListElement\":[{\"@type\":\"ListItem\",\"position\":1,\"name\":\"Accueil\",\"item\":\"https:\/\/web.umons.ac.be\/droit\/\"},{\"@type\":\"ListItem\",\"position\":2,\"name\":\"Etudes\",\"item\":\"https:\/\/web.umons.ac.be\/droit\/fr\/etudes\/\"},{\"@type\":\"ListItem\",\"position\":3,\"name\":\"Aide \u00e0 la r\u00e9ussite\"}]},{\"@type\":\"WebSite\",\"@id\":\"https:\/\/web.umons.ac.be\/droit\/#website\",\"url\":\"https:\/\/web.umons.ac.be\/droit\/\",\"name\":\"Ecole \/ DROIT\",\"description\":\"hgqdfjkghqdfjk\",\"potentialAction\":[{\"@type\":\"SearchAction\",\"target\":{\"@type\":\"EntryPoint\",\"urlTemplate\":\"https:\/\/web.umons.ac.be\/droit\/?s={search_term_string}\"},\"query-input\":{\"@type\":\"PropertyValueSpecification\",\"valueRequired\":true,\"valueName\":\"search_term_string\"}}],\"inLanguage\":\"fr-FR\"}]}<\/script>\n<!-- \/ Yoast SEO plugin. -->","yoast_head_json":{"title":"Aide \u00e0 la r\u00e9ussite - Ecole \/ DROIT","robots":{"index":"index","follow":"follow","max-snippet":"max-snippet:-1","max-image-preview":"max-image-preview:large","max-video-preview":"max-video-preview:-1"},"canonical":"https:\/\/web.umons.ac.be\/droit\/fr\/etudes\/aide-reussite\/","og_locale":"fr_FR","og_type":"article","og_title":"Aide \u00e0 la r\u00e9ussite - Ecole \/ DROIT","og_description":"Accompagnement p\u00e9dagogique et suivi personnalis\u00e9 L\u2019entr\u00e9e dans le sup\u00e9rieur n\u2019est pas toujours simple pour l\u2019\u00e9tudiant qui quitte l\u2019enseignement secondaire. Le constat n\u2019est pas neuf. La Cellule de P\u00e9dagogie Facultaire (CPF) permet d\u2019accompagner l\u2019\u00e9tudiant qui le souhaite dans ce contexte de transition. Elle soutient et outille \u00e9galement l\u2019\u00e9tudiant en droit tout au long de son parcours [&hellip;]","og_url":"https:\/\/web.umons.ac.be\/droit\/fr\/etudes\/aide-reussite\/","og_site_name":"Ecole \/ DROIT","article_modified_time":"2025-01-21T10:15:40+00:00","twitter_card":"summary_large_image","twitter_misc":{"Dur\u00e9e de lecture estim\u00e9e":"1 minute"},"schema":{"@context":"https:\/\/schema.org","@graph":[{"@type":"WebPage","@id":"https:\/\/web.umons.ac.be\/droit\/fr\/etudes\/aide-reussite\/","url":"https:\/\/web.umons.ac.be\/droit\/fr\/etudes\/aide-reussite\/","name":"Aide \u00e0 la r\u00e9ussite - Ecole \/ DROIT","isPartOf":{"@id":"https:\/\/web.umons.ac.be\/droit\/#website"},"datePublished":"2017-05-31T15:06:06+00:00","dateModified":"2025-01-21T10:15:40+00:00","breadcrumb":{"@id":"https:\/\/web.umons.ac.be\/droit\/fr\/etudes\/aide-reussite\/#breadcrumb"},"inLanguage":"fr-FR","potentialAction":[{"@type":"ReadAction","target":["https:\/\/web.umons.ac.be\/droit\/fr\/etudes\/aide-reussite\/"]}]},{"@type":"BreadcrumbList","@id":"https:\/\/web.umons.ac.be\/droit\/fr\/etudes\/aide-reussite\/#breadcrumb","itemListElement":[{"@type":"ListItem","position":1,"name":"Accueil","item":"https:\/\/web.umons.ac.be\/droit\/"},{"@type":"ListItem","position":2,"name":"Etudes","item":"https:\/\/web.umons.ac.be\/droit\/fr\/etudes\/"},{"@type":"ListItem","position":3,"name":"Aide \u00e0 la r\u00e9ussite"}]},{"@type":"WebSite","@id":"https:\/\/web.umons.ac.be\/droit\/#website","url":"https:\/\/web.umons.ac.be\/droit\/","name":"Ecole \/ DROIT","description":"hgqdfjkghqdfjk","potentialAction":[{"@type":"SearchAction","target":{"@type":"EntryPoint","urlTemplate":"https:\/\/web.umons.ac.be\/droit\/?s={search_term_string}"},"query-input":{"@type":"PropertyValueSpecification","valueRequired":true,"valueName":"search_term_string"}}],"inLanguage":"fr-FR"}]}},"lang":"fr","translations":{"fr":205,"en":355},"pll_sync_post":[],"_links":{"self":[{"href":"https:\/\/web.umons.ac.be\/droit\/wp-json\/wp\/v2\/pages\/205","targetHints":{"allow":["GET"]}}],"collection":[{"href":"https:\/\/web.umons.ac.be\/droit\/wp-json\/wp\/v2\/pages"}],"about":[{"href":"https:\/\/web.umons.ac.be\/droit\/wp-json\/wp\/v2\/types\/page"}],"author":[{"embeddable":true,"href":"https:\/\/web.umons.ac.be\/droit\/wp-json\/wp\/v2\/users\/2"}],"replies":[{"embeddable":true,"href":"https:\/\/web.umons.ac.be\/droit\/wp-json\/wp\/v2\/comments?post=205"}],"version-history":[{"count":1,"href":"https:\/\/web.umons.ac.be\/droit\/wp-json\/wp\/v2\/pages\/205\/revisions"}],"predecessor-version":[{"id":2705,"href":"https:\/\/web.umons.ac.be\/droit\/wp-json\/wp\/v2\/pages\/205\/revisions\/2705"}],"up":[{"embeddable":true,"href":"https:\/\/web.umons.ac.be\/droit\/wp-json\/wp\/v2\/pages\/259"}],"wp:attachment":[{"href":"https:\/\/web.umons.ac.be\/droit\/wp-json\/wp\/v2\/media?parent=205"}],"curies":[{"name":"wp","href":"https:\/\/api.w.org\/{rel}","templated":true}]}}