{"id":213,"date":"2017-05-31T17:19:12","date_gmt":"2017-05-31T15:19:12","guid":{"rendered":"https:\/\/web.umons.ac.be\/droit\/?page_id=213"},"modified":"2025-09-05T11:23:54","modified_gmt":"2025-09-05T09:23:54","slug":"nous-contacter","status":"publish","type":"page","link":"https:\/\/web.umons.ac.be\/droit\/fr\/a-propos-de-lecole\/nous-contacter\/","title":{"rendered":"Nous contacter"},"content":{"rendered":"<p>Contactez l&rsquo;\u00c9cole de Droit en utilisant le formulaire \u00e9lectronique ci-dessous :<\/p>\n","protected":false},"excerpt":{"rendered":"<p>Contactez l&rsquo;\u00c9cole de Droit en utilisant le formulaire \u00e9lectronique ci-dessous :<\/p>\n","protected":false},"author":2,"featured_media":0,"parent":264,"menu_order":5,"comment_status":"closed","ping_status":"closed","template":"page-templates\/contact.php","meta":{"footnotes":""},"class_list":["post-213","page","type-page","status-publish","hentry"],"yoast_head":"<!-- This site is optimized with the Yoast SEO plugin v27.2 - https:\/\/yoast.com\/product\/yoast-seo-wordpress\/ -->\n<title>Nous contacter - Ecole \/ DROIT<\/title>\n<meta name=\"description\" content=\"Prendre rendez-vous, poser une question par t\u00e9l\u00e9phone, envoyer un mail, joindre le secr\u00e9tariat de l&#039;Ecole de Droit UMONS ULB.\" \/>\n<meta name=\"robots\" content=\"index, follow, max-snippet:-1, max-image-preview:large, max-video-preview:-1\" \/>\n<link rel=\"canonical\" href=\"https:\/\/web.umons.ac.be\/droit\/fr\/a-propos-de-lecole\/nous-contacter\/\" \/>\n<meta property=\"og:locale\" content=\"fr_FR\" \/>\n<meta property=\"og:type\" content=\"article\" \/>\n<meta property=\"og:title\" content=\"Contacter l&#039;\u00c9cole de Droit UMONS-ULB\" \/>\n<meta property=\"og:description\" content=\"Prendre rendez-vous, poser une question par t\u00e9l\u00e9phone, envoyer un mail, joindre le Secr\u00e9tariat des \u00e9tudes de l&#039;\u00c9cole de Droit UMONS-ULB.\" \/>\n<meta property=\"og:url\" content=\"https:\/\/web.umons.ac.be\/droit\/fr\/a-propos-de-lecole\/nous-contacter\/\" \/>\n<meta property=\"og:site_name\" content=\"Ecole \/ DROIT\" \/>\n<meta property=\"article:modified_time\" content=\"2025-09-05T09:23:54+00:00\" \/>\n<meta property=\"og:image\" content=\"https:\/\/web.umons.ac.be\/app\/uploads\/sites\/7\/2024\/04\/DSC_1347-scaled.jpg\" \/>\n\t<meta property=\"og:image:width\" content=\"2560\" \/>\n\t<meta property=\"og:image:height\" content=\"1707\" \/>\n\t<meta property=\"og:image:type\" content=\"image\/jpeg\" \/>\n<meta name=\"twitter:card\" content=\"summary_large_image\" \/>\n<meta name=\"twitter:title\" content=\"Contacter l&#039;\u00c9cole de Droit UMONS-ULB\" \/>\n<meta name=\"twitter:description\" content=\"Prendre rendez-vous, poser une question par t\u00e9l\u00e9phone, envoyer un mail, joindre le Secr\u00e9tariat des \u00e9tudes de l&#039;\u00c9cole de Droit UMONS-ULB.\" \/>\n<meta name=\"twitter:image\" content=\"https:\/\/web.umons.ac.be\/app\/uploads\/sites\/7\/2024\/04\/DSC_1347-scaled.jpg\" \/>\n<meta name=\"twitter:label1\" content=\"Dur\u00e9e de lecture estim\u00e9e\" \/>\n\t<meta name=\"twitter:data1\" content=\"1 minute\" \/>\n<script type=\"application\/ld+json\" class=\"yoast-schema-graph\">{\"@context\":\"https:\/\/schema.org\",\"@graph\":[{\"@type\":\"WebPage\",\"@id\":\"https:\/\/web.umons.ac.be\/droit\/fr\/a-propos-de-lecole\/nous-contacter\/\",\"url\":\"https:\/\/web.umons.ac.be\/droit\/fr\/a-propos-de-lecole\/nous-contacter\/\",\"name\":\"Nous contacter - Ecole \/ DROIT\",\"isPartOf\":{\"@id\":\"https:\/\/web.umons.ac.be\/droit\/#website\"},\"datePublished\":\"2017-05-31T15:19:12+00:00\",\"dateModified\":\"2025-09-05T09:23:54+00:00\",\"description\":\"Prendre rendez-vous, poser une question par t\u00e9l\u00e9phone, envoyer un mail, joindre le secr\u00e9tariat de l'Ecole de Droit UMONS ULB.\",\"breadcrumb\":{\"@id\":\"https:\/\/web.umons.ac.be\/droit\/fr\/a-propos-de-lecole\/nous-contacter\/#breadcrumb\"},\"inLanguage\":\"fr-FR\",\"potentialAction\":[{\"@type\":\"ReadAction\",\"target\":[\"https:\/\/web.umons.ac.be\/droit\/fr\/a-propos-de-lecole\/nous-contacter\/\"]}]},{\"@type\":\"BreadcrumbList\",\"@id\":\"https:\/\/web.umons.ac.be\/droit\/fr\/a-propos-de-lecole\/nous-contacter\/#breadcrumb\",\"itemListElement\":[{\"@type\":\"ListItem\",\"position\":1,\"name\":\"Accueil\",\"item\":\"https:\/\/web.umons.ac.be\/droit\/\"},{\"@type\":\"ListItem\",\"position\":2,\"name\":\"A propos de l&rsquo;\u00e9cole\",\"item\":\"https:\/\/web.umons.ac.be\/droit\/fr\/a-propos-de-lecole\/\"},{\"@type\":\"ListItem\",\"position\":3,\"name\":\"Nous contacter\"}]},{\"@type\":\"WebSite\",\"@id\":\"https:\/\/web.umons.ac.be\/droit\/#website\",\"url\":\"https:\/\/web.umons.ac.be\/droit\/\",\"name\":\"Ecole \/ DROIT\",\"description\":\"hgqdfjkghqdfjk\",\"potentialAction\":[{\"@type\":\"SearchAction\",\"target\":{\"@type\":\"EntryPoint\",\"urlTemplate\":\"https:\/\/web.umons.ac.be\/droit\/?s={search_term_string}\"},\"query-input\":{\"@type\":\"PropertyValueSpecification\",\"valueRequired\":true,\"valueName\":\"search_term_string\"}}],\"inLanguage\":\"fr-FR\"}]}<\/script>\n<!-- \/ Yoast SEO plugin. -->","yoast_head_json":{"title":"Nous contacter - Ecole \/ DROIT","description":"Prendre rendez-vous, poser une question par t\u00e9l\u00e9phone, envoyer un mail, joindre le secr\u00e9tariat de l'Ecole de Droit UMONS ULB.","robots":{"index":"index","follow":"follow","max-snippet":"max-snippet:-1","max-image-preview":"max-image-preview:large","max-video-preview":"max-video-preview:-1"},"canonical":"https:\/\/web.umons.ac.be\/droit\/fr\/a-propos-de-lecole\/nous-contacter\/","og_locale":"fr_FR","og_type":"article","og_title":"Contacter l'\u00c9cole de Droit UMONS-ULB","og_description":"Prendre rendez-vous, poser une question par t\u00e9l\u00e9phone, envoyer un mail, joindre le Secr\u00e9tariat des \u00e9tudes de l'\u00c9cole de Droit UMONS-ULB.","og_url":"https:\/\/web.umons.ac.be\/droit\/fr\/a-propos-de-lecole\/nous-contacter\/","og_site_name":"Ecole \/ DROIT","article_modified_time":"2025-09-05T09:23:54+00:00","og_image":[{"width":2560,"height":1707,"url":"https:\/\/web.umons.ac.be\/app\/uploads\/sites\/7\/2024\/04\/DSC_1347-scaled.jpg","type":"image\/jpeg"}],"twitter_card":"summary_large_image","twitter_title":"Contacter l'\u00c9cole de Droit UMONS-ULB","twitter_description":"Prendre rendez-vous, poser une question par t\u00e9l\u00e9phone, envoyer un mail, joindre le Secr\u00e9tariat des \u00e9tudes de l'\u00c9cole de Droit UMONS-ULB.","twitter_image":"https:\/\/web.umons.ac.be\/app\/uploads\/sites\/7\/2024\/04\/DSC_1347-scaled.jpg","twitter_misc":{"Dur\u00e9e de lecture estim\u00e9e":"1 minute"},"schema":{"@context":"https:\/\/schema.org","@graph":[{"@type":"WebPage","@id":"https:\/\/web.umons.ac.be\/droit\/fr\/a-propos-de-lecole\/nous-contacter\/","url":"https:\/\/web.umons.ac.be\/droit\/fr\/a-propos-de-lecole\/nous-contacter\/","name":"Nous contacter - Ecole \/ DROIT","isPartOf":{"@id":"https:\/\/web.umons.ac.be\/droit\/#website"},"datePublished":"2017-05-31T15:19:12+00:00","dateModified":"2025-09-05T09:23:54+00:00","description":"Prendre rendez-vous, poser une question par t\u00e9l\u00e9phone, envoyer un mail, joindre le secr\u00e9tariat de l'Ecole de Droit UMONS ULB.","breadcrumb":{"@id":"https:\/\/web.umons.ac.be\/droit\/fr\/a-propos-de-lecole\/nous-contacter\/#breadcrumb"},"inLanguage":"fr-FR","potentialAction":[{"@type":"ReadAction","target":["https:\/\/web.umons.ac.be\/droit\/fr\/a-propos-de-lecole\/nous-contacter\/"]}]},{"@type":"BreadcrumbList","@id":"https:\/\/web.umons.ac.be\/droit\/fr\/a-propos-de-lecole\/nous-contacter\/#breadcrumb","itemListElement":[{"@type":"ListItem","position":1,"name":"Accueil","item":"https:\/\/web.umons.ac.be\/droit\/"},{"@type":"ListItem","position":2,"name":"A propos de l&rsquo;\u00e9cole","item":"https:\/\/web.umons.ac.be\/droit\/fr\/a-propos-de-lecole\/"},{"@type":"ListItem","position":3,"name":"Nous contacter"}]},{"@type":"WebSite","@id":"https:\/\/web.umons.ac.be\/droit\/#website","url":"https:\/\/web.umons.ac.be\/droit\/","name":"Ecole \/ DROIT","description":"hgqdfjkghqdfjk","potentialAction":[{"@type":"SearchAction","target":{"@type":"EntryPoint","urlTemplate":"https:\/\/web.umons.ac.be\/droit\/?s={search_term_string}"},"query-input":{"@type":"PropertyValueSpecification","valueRequired":true,"valueName":"search_term_string"}}],"inLanguage":"fr-FR"}]}},"lang":"fr","translations":{"fr":213,"en":350},"pll_sync_post":[],"_links":{"self":[{"href":"https:\/\/web.umons.ac.be\/droit\/wp-json\/wp\/v2\/pages\/213","targetHints":{"allow":["GET"]}}],"collection":[{"href":"https:\/\/web.umons.ac.be\/droit\/wp-json\/wp\/v2\/pages"}],"about":[{"href":"https:\/\/web.umons.ac.be\/droit\/wp-json\/wp\/v2\/types\/page"}],"author":[{"embeddable":true,"href":"https:\/\/web.umons.ac.be\/droit\/wp-json\/wp\/v2\/users\/2"}],"replies":[{"embeddable":true,"href":"https:\/\/web.umons.ac.be\/droit\/wp-json\/wp\/v2\/comments?post=213"}],"version-history":[{"count":3,"href":"https:\/\/web.umons.ac.be\/droit\/wp-json\/wp\/v2\/pages\/213\/revisions"}],"predecessor-version":[{"id":1862,"href":"https:\/\/web.umons.ac.be\/droit\/wp-json\/wp\/v2\/pages\/213\/revisions\/1862"}],"up":[{"embeddable":true,"href":"https:\/\/web.umons.ac.be\/droit\/wp-json\/wp\/v2\/pages\/264"}],"wp:attachment":[{"href":"https:\/\/web.umons.ac.be\/droit\/wp-json\/wp\/v2\/media?parent=213"}],"curies":[{"name":"wp","href":"https:\/\/api.w.org\/{rel}","templated":true}]}}