{"id":237,"date":"2017-06-27T13:40:23","date_gmt":"2017-06-27T11:40:23","guid":{"rendered":"https:\/\/web.umons.ac.be\/droit\/?page_id=237"},"modified":"2025-02-18T12:35:02","modified_gmt":"2025-02-18T11:35:02","slug":"les-autorites","status":"publish","type":"page","link":"https:\/\/web.umons.ac.be\/droit\/fr\/a-propos-de-lecole\/les-autorites\/","title":{"rendered":"Les autorit\u00e9s de l&rsquo;\u00c9cole de Droit UMONS-ULB"},"content":{"rendered":"<p>Les autorit\u00e9s de l&rsquo;\u00c9cole de Droit UMONS-ULB assurent une gouvernance solide, pour une formation juridique de qualit\u00e9, pr\u00e9parant les juristes de demain avec rigueur et ambition.<\/p>\n<p>Apprenez-en plus sur les Pr\u00e9sident, Eric Balate, et Vice-pr\u00e9sidente, Anne-Emmanuelle Bourgaux,\u00a0leur r\u00f4le, leur engagement pour l\u2019excellence acad\u00e9mique et leur vision pour l\u2019avenir de l&rsquo;\u00c9cole de Droit UMONS-ULB.<\/p>\n<p><img loading=\"lazy\" decoding=\"async\" class=\" wp-image-2642 alignleft\" style=\"font-style: normal; font-variant-ligatures: normal; font-variant-caps: normal; font-weight: 400; font-family: 'Helvetica Neue', Helvetica, Arial, sans-serif; font-size: 14px;\" src=\"https:\/\/web.umons.ac.be\/app\/uploads\/sites\/7\/2024\/11\/DSC_3022-scaled.jpg\" alt=\"\" width=\"225\" height=\"150\" srcset=\"https:\/\/web.umons.ac.be\/app\/uploads\/sites\/7\/2024\/11\/DSC_3022-scaled.jpg 2560w, https:\/\/web.umons.ac.be\/app\/uploads\/sites\/7\/2024\/11\/DSC_3022-300x200.jpg 300w, https:\/\/web.umons.ac.be\/app\/uploads\/sites\/7\/2024\/11\/DSC_3022-1024x683.jpg 1024w, https:\/\/web.umons.ac.be\/app\/uploads\/sites\/7\/2024\/11\/DSC_3022-768x512.jpg 768w, https:\/\/web.umons.ac.be\/app\/uploads\/sites\/7\/2024\/11\/DSC_3022-1536x1024.jpg 1536w, https:\/\/web.umons.ac.be\/app\/uploads\/sites\/7\/2024\/11\/DSC_3022-2048x1365.jpg 2048w, https:\/\/web.umons.ac.be\/app\/uploads\/sites\/7\/2024\/11\/DSC_3022-990x660.jpg 990w, https:\/\/web.umons.ac.be\/app\/uploads\/sites\/7\/2024\/11\/DSC_3022-30x20.jpg 30w, https:\/\/web.umons.ac.be\/app\/uploads\/sites\/7\/2024\/11\/DSC_3022-60x40.jpg 60w, https:\/\/web.umons.ac.be\/app\/uploads\/sites\/7\/2024\/11\/DSC_3022-360x240.jpg 360w\" sizes=\"auto, (max-width: 225px) 100vw, 225px\" \/><\/p>\n<h2>Le Pr\u00e9sident<\/h2>\n<p><strong>Eric BALATE<br \/>\n<\/strong>Pr\u00e9sident du Conseil de Direction de l\u2019\u00c9cole de Droit (UMONS-ULB)<\/p>\n<blockquote>\n<p class=\"p1\">L\u2019\u00c9cole de Droit de l\u2019UMONS ne cesse de changer. Plus d\u2019\u00e9tudiants, plus de projets, une \u00e9quipe attentive \u00e0 chacune et chacun et, bient\u00f4t, de nouvelles formations. L\u2019ann\u00e9e acad\u00e9mique qui commence n\u2019est pas banale : en 2024, l\u2019\u00c9cole de Droit c\u00e9l\u00e8bre son vingti\u00e8me anniversaire. Cela se f\u00eate !<\/p>\n<p class=\"p1\">D\u00e8s la rentr\u00e9e 2025, l\u2019\u00c9cole de Droit ouvrira un Master en Droit de l\u2019entreprise. Un programme novateur et une \u00e9quipe largement nouvelle seront les acteurs, avec vous, de ce Master.<\/p>\n<p class=\"p1\">L\u2019\u00c9cole de Droit se caract\u00e9rise par une vision dynamique et critique. Il faut souligner combien elle s\u00e9duit les plus jeunes \u00e9tudiants. Nous ne pouvons que nous en r\u00e9jouir.<\/p>\n<p class=\"p1\">Les \u00e9tudiants \u00e0 Mons sont particuli\u00e8rement bien encadr\u00e9s et pr\u00e9par\u00e9s. L\u2019accent sur l\u2019apprentissage des langues est soulign\u00e9.<\/p>\n<p class=\"p1\">Les valeurs propres \u00e0 l\u2019Umons sont partag\u00e9es par notre corps enseignant et portent un humanisme sinc\u00e8re et tourn\u00e9 vers le progr\u00e8s.<\/p>\n<p class=\"p2\">Bienvenue chez nous !<\/p>\n<\/blockquote>\n<h2><img loading=\"lazy\" decoding=\"async\" class=\"wp-image-2633 alignleft\" src=\"https:\/\/web.umons.ac.be\/app\/uploads\/sites\/7\/2024\/11\/DSC_3011-scaled.jpg\" alt=\"\" width=\"222\" height=\"148\" srcset=\"https:\/\/web.umons.ac.be\/app\/uploads\/sites\/7\/2024\/11\/DSC_3011-scaled.jpg 2560w, https:\/\/web.umons.ac.be\/app\/uploads\/sites\/7\/2024\/11\/DSC_3011-300x200.jpg 300w, https:\/\/web.umons.ac.be\/app\/uploads\/sites\/7\/2024\/11\/DSC_3011-1024x683.jpg 1024w, https:\/\/web.umons.ac.be\/app\/uploads\/sites\/7\/2024\/11\/DSC_3011-768x512.jpg 768w, https:\/\/web.umons.ac.be\/app\/uploads\/sites\/7\/2024\/11\/DSC_3011-1536x1024.jpg 1536w, https:\/\/web.umons.ac.be\/app\/uploads\/sites\/7\/2024\/11\/DSC_3011-2048x1365.jpg 2048w, https:\/\/web.umons.ac.be\/app\/uploads\/sites\/7\/2024\/11\/DSC_3011-990x660.jpg 990w, https:\/\/web.umons.ac.be\/app\/uploads\/sites\/7\/2024\/11\/DSC_3011-30x20.jpg 30w, https:\/\/web.umons.ac.be\/app\/uploads\/sites\/7\/2024\/11\/DSC_3011-60x40.jpg 60w, https:\/\/web.umons.ac.be\/app\/uploads\/sites\/7\/2024\/11\/DSC_3011-360x240.jpg 360w\" sizes=\"auto, (max-width: 222px) 100vw, 222px\" \/>La Vice-Pr\u00e9sidente<\/h2>\n<p><strong>Anne-Emmanuelle Bourgaux<\/strong><br \/>\nVice-Pr\u00e9sidente du Conseil de Direction de l\u2019\u00c9cole de Droit (UMONS \u2013 ULB)<br \/>\nProfesseure d&rsquo;Histoire du Droit et des institutions et de Droit constitutionnel<\/p>\n<blockquote>\n<p class=\"p1\"><i>Au sein du Bachelier en Droit \u00e0 Mons, il est possible de nouer une relation p\u00e9dagogique entre enseignant et \u00e9tudiant(e)s bas\u00e9e sur la connaissance mutuelle et le dialogue. L\u2019enseignement \u00e0 taille humaine permet aussi de privil\u00e9gier une p\u00e9dagogie active : les \u00e9tudiant(e)s sont invit\u00e9(e)s \u00e0 s\u2019investir dans la mati\u00e8re, \u00e0 l\u2019approcher de mani\u00e8re critique et \u00e0 la d\u00e9battre. L\u2019enseignement universitaire prend donc tout son sens : il ne forme pas seulement les \u00e9tudiants \u00e0 une discipline. Il les aide \u00e0 se construire en tant qu\u2019acteurs de la soci\u00e9t\u00e9 de demain<\/i><\/p>\n<\/blockquote>\n<p>&nbsp;<\/p>\n","protected":false},"excerpt":{"rendered":"<p>Les autorit\u00e9s de l&rsquo;\u00c9cole de Droit UMONS-ULB assurent une gouvernance solide, pour une formation juridique de qualit\u00e9, pr\u00e9parant les juristes de demain avec rigueur et ambition. Apprenez-en plus sur les Pr\u00e9sident, Eric Balate, et Vice-pr\u00e9sidente, Anne-Emmanuelle Bourgaux,\u00a0leur r\u00f4le, leur engagement pour l\u2019excellence acad\u00e9mique et leur vision pour l\u2019avenir de l&rsquo;\u00c9cole de Droit UMONS-ULB. Le Pr\u00e9sident [&hellip;]<\/p>\n","protected":false},"author":2,"featured_media":2688,"parent":264,"menu_order":2,"comment_status":"closed","ping_status":"closed","template":"","meta":{"footnotes":""},"class_list":["post-237","page","type-page","status-publish","has-post-thumbnail","hentry"],"yoast_head":"<!-- This site is optimized with the Yoast SEO plugin v27.2 - https:\/\/yoast.com\/product\/yoast-seo-wordpress\/ -->\n<title>Les autorit\u00e9s de l&#039;\u00c9cole de Droit UMONS-ULB - Ecole \/ DROIT<\/title>\n<meta name=\"description\" content=\"Les autorit\u00e9s de l&#039;Ecole de Droit UMONS-ULB. Eric Balate, Pr\u00e9sident. Anne-Emmanuelle Bourgaux, Vice-Pr\u00e9sidente.\" \/>\n<meta name=\"robots\" content=\"index, follow, max-snippet:-1, max-image-preview:large, max-video-preview:-1\" \/>\n<link rel=\"canonical\" href=\"https:\/\/web.umons.ac.be\/droit\/fr\/a-propos-de-lecole\/les-autorites\/\" \/>\n<meta property=\"og:locale\" content=\"fr_FR\" \/>\n<meta property=\"og:type\" content=\"article\" \/>\n<meta property=\"og:title\" content=\"Les autorit\u00e9s de l&#039;\u00c9cole de Droit\" \/>\n<meta property=\"og:description\" content=\"Les autorit\u00e9s de l&#039;Ecole de Droit UMONS-ULB. Eric Balate, Pr\u00e9sident. Anne-Emmanuelle Bourgaux, Vice-Pr\u00e9sidente.\" \/>\n<meta property=\"og:url\" content=\"https:\/\/web.umons.ac.be\/droit\/fr\/a-propos-de-lecole\/les-autorites\/\" \/>\n<meta property=\"og:site_name\" content=\"Ecole \/ DROIT\" \/>\n<meta property=\"article:modified_time\" content=\"2025-02-18T11:35:02+00:00\" \/>\n<meta property=\"og:image\" content=\"https:\/\/web.umons.ac.be\/app\/uploads\/sites\/7\/2024\/11\/DSC_3022-scaled.jpg\" \/>\n\t<meta property=\"og:image:width\" content=\"2560\" \/>\n\t<meta property=\"og:image:height\" content=\"1707\" \/>\n\t<meta property=\"og:image:type\" content=\"image\/jpeg\" \/>\n<meta name=\"twitter:card\" content=\"summary_large_image\" \/>\n<meta name=\"twitter:title\" content=\"Les autorit\u00e9s de l&#039;\u00c9cole de Droit\" \/>\n<meta name=\"twitter:image\" content=\"https:\/\/web.umons.ac.be\/app\/uploads\/sites\/7\/2024\/11\/DSC_3022-scaled.jpg\" \/>\n<meta name=\"twitter:label1\" content=\"Dur\u00e9e de lecture estim\u00e9e\" \/>\n\t<meta name=\"twitter:data1\" content=\"2 minutes\" \/>\n<script type=\"application\/ld+json\" class=\"yoast-schema-graph\">{\"@context\":\"https:\/\/schema.org\",\"@graph\":[{\"@type\":\"WebPage\",\"@id\":\"https:\/\/web.umons.ac.be\/droit\/fr\/a-propos-de-lecole\/les-autorites\/\",\"url\":\"https:\/\/web.umons.ac.be\/droit\/fr\/a-propos-de-lecole\/les-autorites\/\",\"name\":\"Les autorit\u00e9s de l'\u00c9cole de Droit UMONS-ULB - Ecole \/ DROIT\",\"isPartOf\":{\"@id\":\"https:\/\/web.umons.ac.be\/droit\/#website\"},\"primaryImageOfPage\":{\"@id\":\"https:\/\/web.umons.ac.be\/droit\/fr\/a-propos-de-lecole\/les-autorites\/#primaryimage\"},\"image\":{\"@id\":\"https:\/\/web.umons.ac.be\/droit\/fr\/a-propos-de-lecole\/les-autorites\/#primaryimage\"},\"thumbnailUrl\":\"https:\/\/web.umons.ac.be\/app\/uploads\/sites\/7\/2024\/11\/DSC6135-scaled.jpg\",\"datePublished\":\"2017-06-27T11:40:23+00:00\",\"dateModified\":\"2025-02-18T11:35:02+00:00\",\"description\":\"Les autorit\u00e9s de l'Ecole de Droit UMONS-ULB. Eric Balate, Pr\u00e9sident. Anne-Emmanuelle Bourgaux, Vice-Pr\u00e9sidente.\",\"breadcrumb\":{\"@id\":\"https:\/\/web.umons.ac.be\/droit\/fr\/a-propos-de-lecole\/les-autorites\/#breadcrumb\"},\"inLanguage\":\"fr-FR\",\"potentialAction\":[{\"@type\":\"ReadAction\",\"target\":[\"https:\/\/web.umons.ac.be\/droit\/fr\/a-propos-de-lecole\/les-autorites\/\"]}]},{\"@type\":\"ImageObject\",\"inLanguage\":\"fr-FR\",\"@id\":\"https:\/\/web.umons.ac.be\/droit\/fr\/a-propos-de-lecole\/les-autorites\/#primaryimage\",\"url\":\"https:\/\/web.umons.ac.be\/app\/uploads\/sites\/7\/2024\/11\/DSC6135-scaled.jpg\",\"contentUrl\":\"https:\/\/web.umons.ac.be\/app\/uploads\/sites\/7\/2024\/11\/DSC6135-scaled.jpg\",\"width\":2560,\"height\":1707},{\"@type\":\"BreadcrumbList\",\"@id\":\"https:\/\/web.umons.ac.be\/droit\/fr\/a-propos-de-lecole\/les-autorites\/#breadcrumb\",\"itemListElement\":[{\"@type\":\"ListItem\",\"position\":1,\"name\":\"Accueil\",\"item\":\"https:\/\/web.umons.ac.be\/droit\/\"},{\"@type\":\"ListItem\",\"position\":2,\"name\":\"A propos de l&rsquo;\u00e9cole\",\"item\":\"https:\/\/web.umons.ac.be\/droit\/fr\/a-propos-de-lecole\/\"},{\"@type\":\"ListItem\",\"position\":3,\"name\":\"Les autorit\u00e9s de l&rsquo;\u00c9cole de Droit UMONS-ULB\"}]},{\"@type\":\"WebSite\",\"@id\":\"https:\/\/web.umons.ac.be\/droit\/#website\",\"url\":\"https:\/\/web.umons.ac.be\/droit\/\",\"name\":\"Ecole \/ DROIT\",\"description\":\"hgqdfjkghqdfjk\",\"potentialAction\":[{\"@type\":\"SearchAction\",\"target\":{\"@type\":\"EntryPoint\",\"urlTemplate\":\"https:\/\/web.umons.ac.be\/droit\/?s={search_term_string}\"},\"query-input\":{\"@type\":\"PropertyValueSpecification\",\"valueRequired\":true,\"valueName\":\"search_term_string\"}}],\"inLanguage\":\"fr-FR\"}]}<\/script>\n<!-- \/ Yoast SEO plugin. -->","yoast_head_json":{"title":"Les autorit\u00e9s de l'\u00c9cole de Droit UMONS-ULB - Ecole \/ DROIT","description":"Les autorit\u00e9s de l'Ecole de Droit UMONS-ULB. Eric Balate, Pr\u00e9sident. Anne-Emmanuelle Bourgaux, Vice-Pr\u00e9sidente.","robots":{"index":"index","follow":"follow","max-snippet":"max-snippet:-1","max-image-preview":"max-image-preview:large","max-video-preview":"max-video-preview:-1"},"canonical":"https:\/\/web.umons.ac.be\/droit\/fr\/a-propos-de-lecole\/les-autorites\/","og_locale":"fr_FR","og_type":"article","og_title":"Les autorit\u00e9s de l'\u00c9cole de Droit","og_description":"Les autorit\u00e9s de l'Ecole de Droit UMONS-ULB. Eric Balate, Pr\u00e9sident. Anne-Emmanuelle Bourgaux, Vice-Pr\u00e9sidente.","og_url":"https:\/\/web.umons.ac.be\/droit\/fr\/a-propos-de-lecole\/les-autorites\/","og_site_name":"Ecole \/ DROIT","article_modified_time":"2025-02-18T11:35:02+00:00","og_image":[{"width":2560,"height":1707,"url":"https:\/\/web.umons.ac.be\/app\/uploads\/sites\/7\/2024\/11\/DSC_3022-scaled.jpg","type":"image\/jpeg"}],"twitter_card":"summary_large_image","twitter_title":"Les autorit\u00e9s de l'\u00c9cole de Droit","twitter_image":"https:\/\/web.umons.ac.be\/app\/uploads\/sites\/7\/2024\/11\/DSC_3022-scaled.jpg","twitter_misc":{"Dur\u00e9e de lecture estim\u00e9e":"2 minutes"},"schema":{"@context":"https:\/\/schema.org","@graph":[{"@type":"WebPage","@id":"https:\/\/web.umons.ac.be\/droit\/fr\/a-propos-de-lecole\/les-autorites\/","url":"https:\/\/web.umons.ac.be\/droit\/fr\/a-propos-de-lecole\/les-autorites\/","name":"Les autorit\u00e9s de l'\u00c9cole de Droit UMONS-ULB - Ecole \/ DROIT","isPartOf":{"@id":"https:\/\/web.umons.ac.be\/droit\/#website"},"primaryImageOfPage":{"@id":"https:\/\/web.umons.ac.be\/droit\/fr\/a-propos-de-lecole\/les-autorites\/#primaryimage"},"image":{"@id":"https:\/\/web.umons.ac.be\/droit\/fr\/a-propos-de-lecole\/les-autorites\/#primaryimage"},"thumbnailUrl":"https:\/\/web.umons.ac.be\/app\/uploads\/sites\/7\/2024\/11\/DSC6135-scaled.jpg","datePublished":"2017-06-27T11:40:23+00:00","dateModified":"2025-02-18T11:35:02+00:00","description":"Les autorit\u00e9s de l'Ecole de Droit UMONS-ULB. Eric Balate, Pr\u00e9sident. Anne-Emmanuelle Bourgaux, Vice-Pr\u00e9sidente.","breadcrumb":{"@id":"https:\/\/web.umons.ac.be\/droit\/fr\/a-propos-de-lecole\/les-autorites\/#breadcrumb"},"inLanguage":"fr-FR","potentialAction":[{"@type":"ReadAction","target":["https:\/\/web.umons.ac.be\/droit\/fr\/a-propos-de-lecole\/les-autorites\/"]}]},{"@type":"ImageObject","inLanguage":"fr-FR","@id":"https:\/\/web.umons.ac.be\/droit\/fr\/a-propos-de-lecole\/les-autorites\/#primaryimage","url":"https:\/\/web.umons.ac.be\/app\/uploads\/sites\/7\/2024\/11\/DSC6135-scaled.jpg","contentUrl":"https:\/\/web.umons.ac.be\/app\/uploads\/sites\/7\/2024\/11\/DSC6135-scaled.jpg","width":2560,"height":1707},{"@type":"BreadcrumbList","@id":"https:\/\/web.umons.ac.be\/droit\/fr\/a-propos-de-lecole\/les-autorites\/#breadcrumb","itemListElement":[{"@type":"ListItem","position":1,"name":"Accueil","item":"https:\/\/web.umons.ac.be\/droit\/"},{"@type":"ListItem","position":2,"name":"A propos de l&rsquo;\u00e9cole","item":"https:\/\/web.umons.ac.be\/droit\/fr\/a-propos-de-lecole\/"},{"@type":"ListItem","position":3,"name":"Les autorit\u00e9s de l&rsquo;\u00c9cole de Droit UMONS-ULB"}]},{"@type":"WebSite","@id":"https:\/\/web.umons.ac.be\/droit\/#website","url":"https:\/\/web.umons.ac.be\/droit\/","name":"Ecole \/ DROIT","description":"hgqdfjkghqdfjk","potentialAction":[{"@type":"SearchAction","target":{"@type":"EntryPoint","urlTemplate":"https:\/\/web.umons.ac.be\/droit\/?s={search_term_string}"},"query-input":{"@type":"PropertyValueSpecification","valueRequired":true,"valueName":"search_term_string"}}],"inLanguage":"fr-FR"}]}},"lang":"fr","translations":{"fr":237,"en":335},"pll_sync_post":[],"_links":{"self":[{"href":"https:\/\/web.umons.ac.be\/droit\/wp-json\/wp\/v2\/pages\/237","targetHints":{"allow":["GET"]}}],"collection":[{"href":"https:\/\/web.umons.ac.be\/droit\/wp-json\/wp\/v2\/pages"}],"about":[{"href":"https:\/\/web.umons.ac.be\/droit\/wp-json\/wp\/v2\/types\/page"}],"author":[{"embeddable":true,"href":"https:\/\/web.umons.ac.be\/droit\/wp-json\/wp\/v2\/users\/2"}],"replies":[{"embeddable":true,"href":"https:\/\/web.umons.ac.be\/droit\/wp-json\/wp\/v2\/comments?post=237"}],"version-history":[{"count":3,"href":"https:\/\/web.umons.ac.be\/droit\/wp-json\/wp\/v2\/pages\/237\/revisions"}],"predecessor-version":[{"id":2832,"href":"https:\/\/web.umons.ac.be\/droit\/wp-json\/wp\/v2\/pages\/237\/revisions\/2832"}],"up":[{"embeddable":true,"href":"https:\/\/web.umons.ac.be\/droit\/wp-json\/wp\/v2\/pages\/264"}],"wp:featuredmedia":[{"embeddable":true,"href":"https:\/\/web.umons.ac.be\/droit\/wp-json\/wp\/v2\/media\/2688"}],"wp:attachment":[{"href":"https:\/\/web.umons.ac.be\/droit\/wp-json\/wp\/v2\/media?parent=237"}],"curies":[{"name":"wp","href":"https:\/\/api.w.org\/{rel}","templated":true}]}}