{"id":264,"date":"2017-07-03T16:22:57","date_gmt":"2017-07-03T14:22:57","guid":{"rendered":"https:\/\/web.umons.ac.be\/droit\/?page_id=264"},"modified":"2017-12-14T13:32:19","modified_gmt":"2017-12-14T12:32:19","slug":"a-propos-de-lecole","status":"publish","type":"page","link":"https:\/\/web.umons.ac.be\/droit\/fr\/a-propos-de-lecole\/","title":{"rendered":"A propos de l&rsquo;\u00e9cole"},"content":{"rendered":"<h2>Les + de l\u2019\u00c9cole de Droit<\/h2>\n<p>&nbsp;<\/p>\n<ul>\n<li><span style=\"font-size: 16px;\">Une formation en langues anglaise et n\u00e9erlandaise qui est adapt\u00e9e, en\u00a0premi\u00e8re ann\u00e9e, au niveau de comp\u00e9tence de l\u2019\u00e9tudiant.<\/span><\/li>\n<li><span style=\"font-size: 16px;\">Des classes de taille r\u00e9duite qui favorisent la p\u00e9dagogie de proximit\u00e9 et\u00a0les mesures d\u2019encadrement.<\/span><\/li>\n<li><span style=\"font-size: 16px;\">Des actions d\u2019aide \u00e0 la r\u00e9ussite, individuelles et collectives, qui soutiennent\u00a0l\u2019\u00e9tudiant et influencent la r\u00e9ussite scolaire.<\/span><\/li>\n<li><span style=\"font-size: 16px;\">Des outils de remise \u00e0 niveau en langue fran\u00e7aise \u00e9crite (grammaire,\u00a0conjugaison, syntaxe&#8230;).<\/span><\/li>\n<li><span style=\"font-size: 16px;\">Des pratiques p\u00e9dagogiques innovantes qui encouragent la participation\u00a0citoyenne des jeunes et dynamisent les cours ex cathedra.<\/span><\/li>\n<li><span style=\"font-size: 16px;\">Deux universit\u00e9s qui se compl\u00e8tent, et contribuent \u00e0 d\u00e9velopper la r\u00e9flexion\u00a0et l\u2019esprit critique de l\u2019\u00e9tudiant.<\/span><\/li>\n<\/ul>\n","protected":false},"excerpt":{"rendered":"<p>Les + de l\u2019\u00c9cole de Droit &nbsp; Une formation en langues anglaise et n\u00e9erlandaise qui est adapt\u00e9e, en\u00a0premi\u00e8re ann\u00e9e, au niveau de comp\u00e9tence de l\u2019\u00e9tudiant. Des classes de taille r\u00e9duite qui favorisent la p\u00e9dagogie de proximit\u00e9 et\u00a0les mesures d\u2019encadrement. Des actions d\u2019aide \u00e0 la r\u00e9ussite, individuelles et collectives, qui soutiennent\u00a0l\u2019\u00e9tudiant et influencent la r\u00e9ussite scolaire. [&hellip;]<\/p>\n","protected":false},"author":2,"featured_media":0,"parent":0,"menu_order":5,"comment_status":"closed","ping_status":"closed","template":"","meta":{"footnotes":""},"class_list":["post-264","page","type-page","status-publish","hentry"],"yoast_head":"<!-- This site is optimized with the Yoast SEO plugin v27.2 - https:\/\/yoast.com\/product\/yoast-seo-wordpress\/ -->\n<title>A propos de l&#039;\u00e9cole - Ecole \/ DROIT<\/title>\n<meta name=\"robots\" content=\"index, follow, max-snippet:-1, max-image-preview:large, max-video-preview:-1\" \/>\n<link rel=\"canonical\" href=\"https:\/\/web.umons.ac.be\/droit\/fr\/a-propos-de-lecole\/\" \/>\n<meta property=\"og:locale\" content=\"fr_FR\" \/>\n<meta property=\"og:type\" content=\"article\" \/>\n<meta property=\"og:title\" content=\"A propos de l&#039;\u00e9cole - Ecole \/ DROIT\" \/>\n<meta property=\"og:description\" content=\"Les + de l\u2019\u00c9cole de Droit &nbsp; Une formation en langues anglaise et n\u00e9erlandaise qui est adapt\u00e9e, en\u00a0premi\u00e8re ann\u00e9e, au niveau de comp\u00e9tence de l\u2019\u00e9tudiant. Des classes de taille r\u00e9duite qui favorisent la p\u00e9dagogie de proximit\u00e9 et\u00a0les mesures d\u2019encadrement. Des actions d\u2019aide \u00e0 la r\u00e9ussite, individuelles et collectives, qui soutiennent\u00a0l\u2019\u00e9tudiant et influencent la r\u00e9ussite scolaire. [&hellip;]\" \/>\n<meta property=\"og:url\" content=\"https:\/\/web.umons.ac.be\/droit\/fr\/a-propos-de-lecole\/\" \/>\n<meta property=\"og:site_name\" content=\"Ecole \/ DROIT\" \/>\n<meta property=\"article:modified_time\" content=\"2017-12-14T12:32:19+00:00\" \/>\n<meta name=\"twitter:card\" content=\"summary_large_image\" \/>\n<meta name=\"twitter:label1\" content=\"Dur\u00e9e de lecture estim\u00e9e\" \/>\n\t<meta name=\"twitter:data1\" content=\"1 minute\" \/>\n<script type=\"application\/ld+json\" class=\"yoast-schema-graph\">{\"@context\":\"https:\/\/schema.org\",\"@graph\":[{\"@type\":\"WebPage\",\"@id\":\"https:\/\/web.umons.ac.be\/droit\/fr\/a-propos-de-lecole\/\",\"url\":\"https:\/\/web.umons.ac.be\/droit\/fr\/a-propos-de-lecole\/\",\"name\":\"A propos de l'\u00e9cole - Ecole \/ DROIT\",\"isPartOf\":{\"@id\":\"https:\/\/web.umons.ac.be\/droit\/#website\"},\"datePublished\":\"2017-07-03T14:22:57+00:00\",\"dateModified\":\"2017-12-14T12:32:19+00:00\",\"breadcrumb\":{\"@id\":\"https:\/\/web.umons.ac.be\/droit\/fr\/a-propos-de-lecole\/#breadcrumb\"},\"inLanguage\":\"fr-FR\",\"potentialAction\":[{\"@type\":\"ReadAction\",\"target\":[\"https:\/\/web.umons.ac.be\/droit\/fr\/a-propos-de-lecole\/\"]}]},{\"@type\":\"BreadcrumbList\",\"@id\":\"https:\/\/web.umons.ac.be\/droit\/fr\/a-propos-de-lecole\/#breadcrumb\",\"itemListElement\":[{\"@type\":\"ListItem\",\"position\":1,\"name\":\"Accueil\",\"item\":\"https:\/\/web.umons.ac.be\/droit\/\"},{\"@type\":\"ListItem\",\"position\":2,\"name\":\"A propos de l&rsquo;\u00e9cole\"}]},{\"@type\":\"WebSite\",\"@id\":\"https:\/\/web.umons.ac.be\/droit\/#website\",\"url\":\"https:\/\/web.umons.ac.be\/droit\/\",\"name\":\"Ecole \/ DROIT\",\"description\":\"hgqdfjkghqdfjk\",\"potentialAction\":[{\"@type\":\"SearchAction\",\"target\":{\"@type\":\"EntryPoint\",\"urlTemplate\":\"https:\/\/web.umons.ac.be\/droit\/?s={search_term_string}\"},\"query-input\":{\"@type\":\"PropertyValueSpecification\",\"valueRequired\":true,\"valueName\":\"search_term_string\"}}],\"inLanguage\":\"fr-FR\"}]}<\/script>\n<!-- \/ Yoast SEO plugin. -->","yoast_head_json":{"title":"A propos de l'\u00e9cole - Ecole \/ DROIT","robots":{"index":"index","follow":"follow","max-snippet":"max-snippet:-1","max-image-preview":"max-image-preview:large","max-video-preview":"max-video-preview:-1"},"canonical":"https:\/\/web.umons.ac.be\/droit\/fr\/a-propos-de-lecole\/","og_locale":"fr_FR","og_type":"article","og_title":"A propos de l'\u00e9cole - Ecole \/ DROIT","og_description":"Les + de l\u2019\u00c9cole de Droit &nbsp; Une formation en langues anglaise et n\u00e9erlandaise qui est adapt\u00e9e, en\u00a0premi\u00e8re ann\u00e9e, au niveau de comp\u00e9tence de l\u2019\u00e9tudiant. Des classes de taille r\u00e9duite qui favorisent la p\u00e9dagogie de proximit\u00e9 et\u00a0les mesures d\u2019encadrement. Des actions d\u2019aide \u00e0 la r\u00e9ussite, individuelles et collectives, qui soutiennent\u00a0l\u2019\u00e9tudiant et influencent la r\u00e9ussite scolaire. [&hellip;]","og_url":"https:\/\/web.umons.ac.be\/droit\/fr\/a-propos-de-lecole\/","og_site_name":"Ecole \/ DROIT","article_modified_time":"2017-12-14T12:32:19+00:00","twitter_card":"summary_large_image","twitter_misc":{"Dur\u00e9e de lecture estim\u00e9e":"1 minute"},"schema":{"@context":"https:\/\/schema.org","@graph":[{"@type":"WebPage","@id":"https:\/\/web.umons.ac.be\/droit\/fr\/a-propos-de-lecole\/","url":"https:\/\/web.umons.ac.be\/droit\/fr\/a-propos-de-lecole\/","name":"A propos de l'\u00e9cole - Ecole \/ DROIT","isPartOf":{"@id":"https:\/\/web.umons.ac.be\/droit\/#website"},"datePublished":"2017-07-03T14:22:57+00:00","dateModified":"2017-12-14T12:32:19+00:00","breadcrumb":{"@id":"https:\/\/web.umons.ac.be\/droit\/fr\/a-propos-de-lecole\/#breadcrumb"},"inLanguage":"fr-FR","potentialAction":[{"@type":"ReadAction","target":["https:\/\/web.umons.ac.be\/droit\/fr\/a-propos-de-lecole\/"]}]},{"@type":"BreadcrumbList","@id":"https:\/\/web.umons.ac.be\/droit\/fr\/a-propos-de-lecole\/#breadcrumb","itemListElement":[{"@type":"ListItem","position":1,"name":"Accueil","item":"https:\/\/web.umons.ac.be\/droit\/"},{"@type":"ListItem","position":2,"name":"A propos de l&rsquo;\u00e9cole"}]},{"@type":"WebSite","@id":"https:\/\/web.umons.ac.be\/droit\/#website","url":"https:\/\/web.umons.ac.be\/droit\/","name":"Ecole \/ DROIT","description":"hgqdfjkghqdfjk","potentialAction":[{"@type":"SearchAction","target":{"@type":"EntryPoint","urlTemplate":"https:\/\/web.umons.ac.be\/droit\/?s={search_term_string}"},"query-input":{"@type":"PropertyValueSpecification","valueRequired":true,"valueName":"search_term_string"}}],"inLanguage":"fr-FR"}]}},"lang":"fr","translations":{"fr":264,"en":339},"pll_sync_post":[],"_links":{"self":[{"href":"https:\/\/web.umons.ac.be\/droit\/wp-json\/wp\/v2\/pages\/264","targetHints":{"allow":["GET"]}}],"collection":[{"href":"https:\/\/web.umons.ac.be\/droit\/wp-json\/wp\/v2\/pages"}],"about":[{"href":"https:\/\/web.umons.ac.be\/droit\/wp-json\/wp\/v2\/types\/page"}],"author":[{"embeddable":true,"href":"https:\/\/web.umons.ac.be\/droit\/wp-json\/wp\/v2\/users\/2"}],"replies":[{"embeddable":true,"href":"https:\/\/web.umons.ac.be\/droit\/wp-json\/wp\/v2\/comments?post=264"}],"version-history":[{"count":1,"href":"https:\/\/web.umons.ac.be\/droit\/wp-json\/wp\/v2\/pages\/264\/revisions"}],"predecessor-version":[{"id":572,"href":"https:\/\/web.umons.ac.be\/droit\/wp-json\/wp\/v2\/pages\/264\/revisions\/572"}],"wp:attachment":[{"href":"https:\/\/web.umons.ac.be\/droit\/wp-json\/wp\/v2\/media?parent=264"}],"curies":[{"name":"wp","href":"https:\/\/api.w.org\/{rel}","templated":true}]}}