{"id":272,"date":"2017-07-03T16:39:31","date_gmt":"2017-07-03T14:39:31","guid":{"rendered":"https:\/\/web.umons.ac.be\/droit\/?page_id=272"},"modified":"2019-11-26T10:22:51","modified_gmt":"2019-11-26T09:22:51","slug":"schema-des-etudes","status":"publish","type":"page","link":"https:\/\/web.umons.ac.be\/droit\/fr\/etudes\/schema-des-etudes\/","title":{"rendered":"Structure des \u00e9tudes"},"content":{"rendered":"<p><a href=\"https:\/\/web.umons.ac.be\/app\/uploads\/sites\/7\/2019\/11\/tableau-DROIT.jpg\"><img loading=\"lazy\" decoding=\"async\" class=\"aligncenter size-full wp-image-1269\" src=\"https:\/\/web.umons.ac.be\/app\/uploads\/sites\/7\/2019\/11\/tableau-DROIT.jpg\" alt=\"\" width=\"913\" height=\"1017\" srcset=\"https:\/\/web.umons.ac.be\/app\/uploads\/sites\/7\/2019\/11\/tableau-DROIT.jpg 913w, https:\/\/web.umons.ac.be\/app\/uploads\/sites\/7\/2019\/11\/tableau-DROIT-269x300.jpg 269w, https:\/\/web.umons.ac.be\/app\/uploads\/sites\/7\/2019\/11\/tableau-DROIT-768x855.jpg 768w, https:\/\/web.umons.ac.be\/app\/uploads\/sites\/7\/2019\/11\/tableau-DROIT-593x660.jpg 593w, https:\/\/web.umons.ac.be\/app\/uploads\/sites\/7\/2019\/11\/tableau-DROIT-30x33.jpg 30w, https:\/\/web.umons.ac.be\/app\/uploads\/sites\/7\/2019\/11\/tableau-DROIT-54x60.jpg 54w, https:\/\/web.umons.ac.be\/app\/uploads\/sites\/7\/2019\/11\/tableau-DROIT-360x401.jpg 360w\" sizes=\"auto, (max-width: 913px) 100vw, 913px\" \/><\/a><\/p>\n<p>&nbsp;<\/p>\n<p>Le Bachelier universitaire en Droit (premier cycle) est organis\u00e9 \u00e0 Mons, en collaboration avec l\u2019ULB.<br \/>\nLes autres programmes du second cycle peuvent \u00eatre suivis dans une autre universit\u00e9 compl\u00e8te (au<br \/>\nchoix de l\u2019\u00e9tudiant). Toutefois, dans une logique de continuit\u00e9 p\u00e9dagogique, les \u00e9tudiants ayant suivi les<br \/>\nenseignements \u00e0 l\u2019\u00c9cole de Droit de l\u2019UMONS ont tendance \u00e0 poursuivre leurs \u00e9tudes \u00e0 l\u2019ULB.<\/p>\n<start-cask-shortcode-wrapper>\n<blockquote class=\"shortcode-testimonial scheme-right\">\n    <div class=\"testimonial-quote\">\n        <div>Changer d\u2019universit\u00e9\u00a0peut para\u00eetre de\u00a0prime abord effrayant\u00a0mais en r\u00e9alit\u00e9, ce\u00a0changement s\u2019op\u00e8re\u00a0avec d\u2019autres anciens de l\u2019UMONS, ce qui est\u00a0assez rassurant. Ensuite, le Master nous oblige\u00a0\u00e0 choisi&hellip;<\/div>\n                <a href=\"#testimonial-modal-185\" class=\"button-secondary open-testimonial scheme-border scheme-color-hover-important\">\n            Poursuivre la lecture <span class=\"icon umons-icon-tail-right\" aria-hidden=\"true\"><\/span>\n        <\/a>\n            <\/div>\n    <div class=\"testimonial-author\">\n                <div class=\"testimonial-picture\">\n            <img decoding=\"async\" src=\"https:\/\/web.umons.ac.be\/app\/uploads\/sites\/7\/2017\/05\/Local-EWH-23024-0-Adobe-Acrobat-Pro-DC-1-80x80.jpg\" alt=\"\" \/>\n        <\/div>\n                <div class=\"testimonial-text\">\n            <div class=\"testimonial-identity\">\n                <span class=\"testimonial-author-name\">C\u00e9line Mouthuy<\/span>\n                            <\/div>\n            <div class=\"testimonial-meta\">\n                                                <span class=\"testimonial-group\">Master en Droit, ULB, promotion 2017<\/span>\n                            <\/div>\n        <\/div>\n    <\/div>\n<\/blockquote>\n<div id=\"testimonial-modal-185\" class=\"testimonial-modal-wrap normal\" style=\"display: none;\">\n    <div class=\"shortcode-testimonial-modal\">\n        <blockquote class=\"shortcode-testimonial\">\n            <div class=\"testimonial-quote editor-front\">\n                                <blockquote class=\"highlighted-quote\">Changer d\u2019universit\u00e9 peut para\u00eetre de prime abord effrayant mais en r\u00e9alit\u00e9, ce changement s\u2019op\u00e8re avec d\u2019autres anciens de l\u2019UMONS, ce qui est assez rassurant.<\/blockquote>\n                                                <div class=\"testimonial-full-quote\"><p>Changer d\u2019universit\u00e9\u00a0peut para\u00eetre de\u00a0prime abord effrayant\u00a0mais en r\u00e9alit\u00e9, ce\u00a0changement s\u2019op\u00e8re\u00a0avec d\u2019autres anciens de l\u2019UMONS, ce qui est\u00a0assez rassurant. Ensuite, le Master nous oblige\u00a0\u00e0 choisir des options, ce qui nous permet par\u00a0cons\u00e9quent de faire de nouvelles rencontres, ce\u00a0qui est \u00e9galement positif. Pour ma part, je suis\u00a0actuellement \u00e0 l\u2019ULB et je trouve les Bruxellois\u00a0plut\u00f4t accueillants. La transition se passe vraiment\u00a0bien !\u2019\u2019<\/p>\n<\/div>\n                            <\/div>\n            <div class=\"testimonial-author\">\n                                <div class=\"testimonial-picture\">\n                    <img decoding=\"async\" src=\"https:\/\/web.umons.ac.be\/app\/uploads\/sites\/7\/2017\/05\/Local-EWH-23024-0-Adobe-Acrobat-Pro-DC-1-80x80.jpg\" alt=\"\" \/>\n                <\/div>\n                                <div class=\"testimonial-text\">\n                    <div class=\"testimonial-identity\">\n                        <span class=\"testimonial-author-name\">C\u00e9line Mouthuy<\/span>\n                                            <\/div>\n                    <div class=\"testimonial-meta\">\n                                                                        <span class=\"testimonial-group\">(Master en Droit, ULB, promotion 2017)<\/span>\n                                            <\/div>\n                <\/div>\n            <\/div>\n        <\/blockquote>\n    <\/div>\n<\/div>\n<end-cask-shortcode-wrapper>\n<p>&nbsp;<\/p>\n","protected":false},"excerpt":{"rendered":"<p>&nbsp; Le Bachelier universitaire en Droit (premier cycle) est organis\u00e9 \u00e0 Mons, en collaboration avec l\u2019ULB. Les autres programmes du second cycle peuvent \u00eatre suivis dans une autre universit\u00e9 compl\u00e8te (au choix de l\u2019\u00e9tudiant). Toutefois, dans une logique de continuit\u00e9 p\u00e9dagogique, les \u00e9tudiants ayant suivi les enseignements \u00e0 l\u2019\u00c9cole de Droit de l\u2019UMONS ont tendance [&hellip;]<\/p>\n","protected":false},"author":2,"featured_media":0,"parent":259,"menu_order":1,"comment_status":"closed","ping_status":"closed","template":"","meta":{"footnotes":""},"class_list":["post-272","page","type-page","status-publish","hentry"],"yoast_head":"<!-- This site is optimized with the Yoast SEO plugin v27.2 - https:\/\/yoast.com\/product\/yoast-seo-wordpress\/ -->\n<title>Structure des \u00e9tudes - Ecole \/ DROIT<\/title>\n<meta name=\"robots\" content=\"index, follow, max-snippet:-1, max-image-preview:large, max-video-preview:-1\" \/>\n<link rel=\"canonical\" href=\"https:\/\/web.umons.ac.be\/droit\/fr\/etudes\/schema-des-etudes\/\" \/>\n<meta property=\"og:locale\" content=\"fr_FR\" \/>\n<meta property=\"og:type\" content=\"article\" \/>\n<meta property=\"og:title\" content=\"Structure des \u00e9tudes - Ecole \/ DROIT\" \/>\n<meta property=\"og:description\" content=\"&nbsp; Le Bachelier universitaire en Droit (premier cycle) est organis\u00e9 \u00e0 Mons, en collaboration avec l\u2019ULB. Les autres programmes du second cycle peuvent \u00eatre suivis dans une autre universit\u00e9 compl\u00e8te (au choix de l\u2019\u00e9tudiant). Toutefois, dans une logique de continuit\u00e9 p\u00e9dagogique, les \u00e9tudiants ayant suivi les enseignements \u00e0 l\u2019\u00c9cole de Droit de l\u2019UMONS ont tendance [&hellip;]\" \/>\n<meta property=\"og:url\" content=\"https:\/\/web.umons.ac.be\/droit\/fr\/etudes\/schema-des-etudes\/\" \/>\n<meta property=\"og:site_name\" content=\"Ecole \/ DROIT\" \/>\n<meta property=\"article:modified_time\" content=\"2019-11-26T09:22:51+00:00\" \/>\n<meta property=\"og:image\" content=\"https:\/\/web.umons.ac.be\/app\/uploads\/sites\/7\/2019\/11\/tableau-DROIT.jpg\" \/>\n<meta name=\"twitter:card\" content=\"summary_large_image\" \/>\n<script type=\"application\/ld+json\" class=\"yoast-schema-graph\">{\"@context\":\"https:\/\/schema.org\",\"@graph\":[{\"@type\":\"WebPage\",\"@id\":\"https:\/\/web.umons.ac.be\/droit\/fr\/etudes\/schema-des-etudes\/\",\"url\":\"https:\/\/web.umons.ac.be\/droit\/fr\/etudes\/schema-des-etudes\/\",\"name\":\"Structure des \u00e9tudes - Ecole \/ DROIT\",\"isPartOf\":{\"@id\":\"https:\/\/web.umons.ac.be\/droit\/#website\"},\"primaryImageOfPage\":{\"@id\":\"https:\/\/web.umons.ac.be\/droit\/fr\/etudes\/schema-des-etudes\/#primaryimage\"},\"image\":{\"@id\":\"https:\/\/web.umons.ac.be\/droit\/fr\/etudes\/schema-des-etudes\/#primaryimage\"},\"thumbnailUrl\":\"https:\/\/web.umons.ac.be\/app\/uploads\/sites\/7\/2019\/11\/tableau-DROIT.jpg\",\"datePublished\":\"2017-07-03T14:39:31+00:00\",\"dateModified\":\"2019-11-26T09:22:51+00:00\",\"breadcrumb\":{\"@id\":\"https:\/\/web.umons.ac.be\/droit\/fr\/etudes\/schema-des-etudes\/#breadcrumb\"},\"inLanguage\":\"fr-FR\",\"potentialAction\":[{\"@type\":\"ReadAction\",\"target\":[\"https:\/\/web.umons.ac.be\/droit\/fr\/etudes\/schema-des-etudes\/\"]}]},{\"@type\":\"ImageObject\",\"inLanguage\":\"fr-FR\",\"@id\":\"https:\/\/web.umons.ac.be\/droit\/fr\/etudes\/schema-des-etudes\/#primaryimage\",\"url\":\"https:\/\/web.umons.ac.be\/app\/uploads\/sites\/7\/2019\/11\/tableau-DROIT.jpg\",\"contentUrl\":\"https:\/\/web.umons.ac.be\/app\/uploads\/sites\/7\/2019\/11\/tableau-DROIT.jpg\"},{\"@type\":\"BreadcrumbList\",\"@id\":\"https:\/\/web.umons.ac.be\/droit\/fr\/etudes\/schema-des-etudes\/#breadcrumb\",\"itemListElement\":[{\"@type\":\"ListItem\",\"position\":1,\"name\":\"Accueil\",\"item\":\"https:\/\/web.umons.ac.be\/droit\/\"},{\"@type\":\"ListItem\",\"position\":2,\"name\":\"Etudes\",\"item\":\"https:\/\/web.umons.ac.be\/droit\/fr\/etudes\/\"},{\"@type\":\"ListItem\",\"position\":3,\"name\":\"Structure des \u00e9tudes\"}]},{\"@type\":\"WebSite\",\"@id\":\"https:\/\/web.umons.ac.be\/droit\/#website\",\"url\":\"https:\/\/web.umons.ac.be\/droit\/\",\"name\":\"Ecole \/ DROIT\",\"description\":\"hgqdfjkghqdfjk\",\"potentialAction\":[{\"@type\":\"SearchAction\",\"target\":{\"@type\":\"EntryPoint\",\"urlTemplate\":\"https:\/\/web.umons.ac.be\/droit\/?s={search_term_string}\"},\"query-input\":{\"@type\":\"PropertyValueSpecification\",\"valueRequired\":true,\"valueName\":\"search_term_string\"}}],\"inLanguage\":\"fr-FR\"}]}<\/script>\n<!-- \/ Yoast SEO plugin. -->","yoast_head_json":{"title":"Structure des \u00e9tudes - Ecole \/ DROIT","robots":{"index":"index","follow":"follow","max-snippet":"max-snippet:-1","max-image-preview":"max-image-preview:large","max-video-preview":"max-video-preview:-1"},"canonical":"https:\/\/web.umons.ac.be\/droit\/fr\/etudes\/schema-des-etudes\/","og_locale":"fr_FR","og_type":"article","og_title":"Structure des \u00e9tudes - Ecole \/ DROIT","og_description":"&nbsp; Le Bachelier universitaire en Droit (premier cycle) est organis\u00e9 \u00e0 Mons, en collaboration avec l\u2019ULB. Les autres programmes du second cycle peuvent \u00eatre suivis dans une autre universit\u00e9 compl\u00e8te (au choix de l\u2019\u00e9tudiant). Toutefois, dans une logique de continuit\u00e9 p\u00e9dagogique, les \u00e9tudiants ayant suivi les enseignements \u00e0 l\u2019\u00c9cole de Droit de l\u2019UMONS ont tendance [&hellip;]","og_url":"https:\/\/web.umons.ac.be\/droit\/fr\/etudes\/schema-des-etudes\/","og_site_name":"Ecole \/ DROIT","article_modified_time":"2019-11-26T09:22:51+00:00","og_image":[{"url":"https:\/\/web.umons.ac.be\/app\/uploads\/sites\/7\/2019\/11\/tableau-DROIT.jpg","type":"","width":"","height":""}],"twitter_card":"summary_large_image","schema":{"@context":"https:\/\/schema.org","@graph":[{"@type":"WebPage","@id":"https:\/\/web.umons.ac.be\/droit\/fr\/etudes\/schema-des-etudes\/","url":"https:\/\/web.umons.ac.be\/droit\/fr\/etudes\/schema-des-etudes\/","name":"Structure des \u00e9tudes - Ecole \/ DROIT","isPartOf":{"@id":"https:\/\/web.umons.ac.be\/droit\/#website"},"primaryImageOfPage":{"@id":"https:\/\/web.umons.ac.be\/droit\/fr\/etudes\/schema-des-etudes\/#primaryimage"},"image":{"@id":"https:\/\/web.umons.ac.be\/droit\/fr\/etudes\/schema-des-etudes\/#primaryimage"},"thumbnailUrl":"https:\/\/web.umons.ac.be\/app\/uploads\/sites\/7\/2019\/11\/tableau-DROIT.jpg","datePublished":"2017-07-03T14:39:31+00:00","dateModified":"2019-11-26T09:22:51+00:00","breadcrumb":{"@id":"https:\/\/web.umons.ac.be\/droit\/fr\/etudes\/schema-des-etudes\/#breadcrumb"},"inLanguage":"fr-FR","potentialAction":[{"@type":"ReadAction","target":["https:\/\/web.umons.ac.be\/droit\/fr\/etudes\/schema-des-etudes\/"]}]},{"@type":"ImageObject","inLanguage":"fr-FR","@id":"https:\/\/web.umons.ac.be\/droit\/fr\/etudes\/schema-des-etudes\/#primaryimage","url":"https:\/\/web.umons.ac.be\/app\/uploads\/sites\/7\/2019\/11\/tableau-DROIT.jpg","contentUrl":"https:\/\/web.umons.ac.be\/app\/uploads\/sites\/7\/2019\/11\/tableau-DROIT.jpg"},{"@type":"BreadcrumbList","@id":"https:\/\/web.umons.ac.be\/droit\/fr\/etudes\/schema-des-etudes\/#breadcrumb","itemListElement":[{"@type":"ListItem","position":1,"name":"Accueil","item":"https:\/\/web.umons.ac.be\/droit\/"},{"@type":"ListItem","position":2,"name":"Etudes","item":"https:\/\/web.umons.ac.be\/droit\/fr\/etudes\/"},{"@type":"ListItem","position":3,"name":"Structure des \u00e9tudes"}]},{"@type":"WebSite","@id":"https:\/\/web.umons.ac.be\/droit\/#website","url":"https:\/\/web.umons.ac.be\/droit\/","name":"Ecole \/ DROIT","description":"hgqdfjkghqdfjk","potentialAction":[{"@type":"SearchAction","target":{"@type":"EntryPoint","urlTemplate":"https:\/\/web.umons.ac.be\/droit\/?s={search_term_string}"},"query-input":{"@type":"PropertyValueSpecification","valueRequired":true,"valueName":"search_term_string"}}],"inLanguage":"fr-FR"}]}},"lang":"fr","translations":{"fr":272,"en":620},"pll_sync_post":[],"_links":{"self":[{"href":"https:\/\/web.umons.ac.be\/droit\/wp-json\/wp\/v2\/pages\/272","targetHints":{"allow":["GET"]}}],"collection":[{"href":"https:\/\/web.umons.ac.be\/droit\/wp-json\/wp\/v2\/pages"}],"about":[{"href":"https:\/\/web.umons.ac.be\/droit\/wp-json\/wp\/v2\/types\/page"}],"author":[{"embeddable":true,"href":"https:\/\/web.umons.ac.be\/droit\/wp-json\/wp\/v2\/users\/2"}],"replies":[{"embeddable":true,"href":"https:\/\/web.umons.ac.be\/droit\/wp-json\/wp\/v2\/comments?post=272"}],"version-history":[{"count":3,"href":"https:\/\/web.umons.ac.be\/droit\/wp-json\/wp\/v2\/pages\/272\/revisions"}],"predecessor-version":[{"id":1270,"href":"https:\/\/web.umons.ac.be\/droit\/wp-json\/wp\/v2\/pages\/272\/revisions\/1270"}],"up":[{"embeddable":true,"href":"https:\/\/web.umons.ac.be\/droit\/wp-json\/wp\/v2\/pages\/259"}],"wp:attachment":[{"href":"https:\/\/web.umons.ac.be\/droit\/wp-json\/wp\/v2\/media?parent=272"}],"curies":[{"name":"wp","href":"https:\/\/api.w.org\/{rel}","templated":true}]}}