{"id":2854,"date":"2025-03-28T16:05:25","date_gmt":"2025-03-28T15:05:25","guid":{"rendered":"https:\/\/web.umons.ac.be\/droit\/?page_id=2854"},"modified":"2025-07-16T10:59:20","modified_gmt":"2025-07-16T08:59:20","slug":"exercice-de-plaidoirie","status":"publish","type":"page","link":"https:\/\/web.umons.ac.be\/droit\/fr\/lecole-de-droit-bouge\/initiatives-pedagogiques\/exercice-de-plaidoirie\/","title":{"rendered":"Exercice de plaidoirie"},"content":{"rendered":"<p class=\"introduction-text\">L&rsquo;exercice de plaidoirie est une simulation juridique au cours de laquelle les \u00e9tudiant(e)s plaident un dossier devant un un jury compos\u00e9 de professionnel(le)s du droit. Cet exercice offre l&rsquo;occasion, \u00e0 nos \u00e9tudiant(e)s, de travailler leurs comp\u00e9tences en argumentation orale, en r\u00e9daction de conclusions et de se familiariser avec le port de la toge.<\/p>\n<h4><strong>Objectif<\/strong><\/h4>\n<p>L&rsquo;objectif principal de l&rsquo;exercice de plaidoirie est de permettre aux \u00e9tudiants de mettre en pratique leurs connaissances th\u00e9oriques et de d\u00e9velopper leurs comp\u00e9tences en mati\u00e8re de plaidoirie.<\/p>\n<h4><strong>D\u00e9roulement<\/strong><\/h4>\n<p>Les \u00e9tudiants travaillent en groupe sur un cas juridique, r\u00e9digent des conclusions et plaident ensuite leur dossier devant un jury.<\/p>\n<h4><strong>Jury<\/strong><\/h4>\n<p>Le jury est compos\u00e9 de juges, magistrats, avocats et professeurs de droit, offrant ainsi une exp\u00e9rience r\u00e9aliste et enrichissante.<\/p>\n<h4><strong>Prix et stages<\/strong><\/h4>\n<p>Un prix est d\u00e9cern\u00e9 au meilleur orateur ou \u00e0 la meilleure oratrice. Un prix est \u00e9galement remis au groupe ayant fourni la meilleure plaidoirie.<\/p>\n<p>Le meilleur orateur peut \u00e9galement se voir offrir la possibilit\u00e9 d&rsquo;effectuer un stage dans un cabinet d&rsquo;avocats, comme le cabinet <a href=\"https:\/\/www.empirelawfirm.be\/fr\">Empire Law Firm<\/a> \u00e0 Bruxelles.<\/p>\n<h4><strong>R\u00e9compenses<\/strong><\/h4>\n<p>L&rsquo;\u00c9cole de Droit a remport\u00e9 le Prix de l&rsquo;Innovation p\u00e9dagogique \u00e0 vis\u00e9e acad\u00e9mique attribu\u00e9 par l&rsquo;UMONS en 2024.<\/p>\n<div class=\"x14z9mp xat24cr x1lziwak x1vvkbs xtlvy1s x126k92a\">\n<div dir=\"auto\">Le projet, pr\u00e9sent\u00e9 par <span class=\"html-span xdj266r x14z9mp xat24cr x1lziwak xexx8yu xyri2b x18d9i69 x1c1uobl x1hl2dhg x16tdsg8 x1vvkbs\"><span class=\"xt0psk2\"><span class=\"xjp7ctv\">Ana\u00efs Lebleu<\/span><\/span><\/span> et Isabelle Lemineur, avait notamment pour objectifs de munir nos \u00e9tudiant(e)s d\u2019une boite \u00e0 outils compl\u00e8te, et de les rapprocher du monde professionnel du <span class=\"html-span xdj266r x14z9mp xat24cr x1lziwak xexx8yu xyri2b x18d9i69 x1c1uobl x1hl2dhg x16tdsg8 x1vvkbs\">droit.<\/span><\/div>\n<div dir=\"auto\"><\/div>\n<div dir=\"auto\">Comment ? <span style=\"font-size: 14px;\">Via l\u2019exercice de plaidoirie et l\u2019invitation de professionnels du droit lors des cours de Strat\u00e9gie de la r\u00e9ussite et M\u00e9thodologie juridique.<\/span><\/div>\n<\/div>\n<h4><strong>\u00c9ditions<\/strong><\/h4>\n<ul>\n<li>Edition 2023<\/li>\n<li><a href=\"https:\/\/web.umons.ac.be\/droit\/fr\/2024\/05\/15\/retour-en-images-sur-lexercice-de-plaidoirie-2024\/\" target=\"_blank\" rel=\"noopener\">Edition 2024<\/a><\/li>\n<li><a href=\"https:\/\/web.umons.ac.be\/droit\/fr\/2025\/05\/09\/exercice-de-plaidoirie-2025-portraits-etudiants\/?fbclid=IwY2xjawLkM7tleHRuA2FlbQIxMQABHjOIL2HFgPdGaKn9s2hJlQSLu_djJFCT4CcUZ03vQgmzHkGpDozZ3Oja2jaG_aem_WAgOAaxxVNav0-iUSuRy2A\" target=\"_blank\" rel=\"noopener\">Edition 2025<\/a><\/li>\n<\/ul>\n","protected":false},"excerpt":{"rendered":"<p>L&rsquo;exercice de plaidoirie est une simulation juridique au cours de laquelle les \u00e9tudiant(e)s plaident un dossier devant un un jury compos\u00e9 de professionnel(le)s du droit. Cet exercice offre l&rsquo;occasion, \u00e0 nos \u00e9tudiant(e)s, de travailler leurs comp\u00e9tences en argumentation orale, en r\u00e9daction de conclusions et de se familiariser avec le port de la toge. Objectif L&rsquo;objectif [&hellip;]<\/p>\n","protected":false},"author":2,"featured_media":3123,"parent":701,"menu_order":0,"comment_status":"closed","ping_status":"closed","template":"","meta":{"footnotes":""},"class_list":["post-2854","page","type-page","status-publish","has-post-thumbnail","hentry"],"yoast_head":"<!-- This site is optimized with the Yoast SEO plugin v27.2 - https:\/\/yoast.com\/product\/yoast-seo-wordpress\/ -->\n<title>Exercice de plaidoirie - Ecole \/ DROIT<\/title>\n<meta name=\"description\" content=\"Exercice de plaidoirie de l&#039;\u00c9cole de Droit UMONS-ULB : objectifs p\u00e9dagogiques, d\u00e9roulement, jury, r\u00e9compenses, ...\" \/>\n<meta name=\"robots\" content=\"index, follow, max-snippet:-1, max-image-preview:large, max-video-preview:-1\" \/>\n<link rel=\"canonical\" href=\"https:\/\/web.umons.ac.be\/droit\/fr\/lecole-de-droit-bouge\/initiatives-pedagogiques\/exercice-de-plaidoirie\/\" \/>\n<meta property=\"og:locale\" content=\"fr_FR\" \/>\n<meta property=\"og:type\" content=\"article\" \/>\n<meta property=\"og:title\" content=\"Tout savoir sur l&#039;Exercice de plaidoirie de l&#039;\u00c9cole de Droit UMONS-ULB\" \/>\n<meta property=\"og:description\" content=\"L&#039;exercice de plaidoirie est une simulation juridique au cours de laquelle les \u00e9tudiant(e)s plaident un dossier devant un un jury compos\u00e9 de professionnel(le)s du droit. Cet exercice offre l&#039;occasion, \u00e0 nos \u00e9tudiant(e)s, de travailler leurs comp\u00e9tences en argumentation orale, en r\u00e9daction de conclusions et de se familiariser avec le port de la toge.\" \/>\n<meta property=\"og:url\" content=\"https:\/\/web.umons.ac.be\/droit\/fr\/lecole-de-droit-bouge\/initiatives-pedagogiques\/exercice-de-plaidoirie\/\" \/>\n<meta property=\"og:site_name\" content=\"Ecole \/ DROIT\" \/>\n<meta property=\"article:modified_time\" content=\"2025-07-16T08:59:20+00:00\" \/>\n<meta property=\"og:image\" content=\"https:\/\/web.umons.ac.be\/app\/uploads\/sites\/7\/2025\/07\/DSC_3496-scaled.jpg\" \/>\n\t<meta property=\"og:image:width\" content=\"2560\" \/>\n\t<meta property=\"og:image:height\" content=\"1707\" \/>\n\t<meta property=\"og:image:type\" content=\"image\/jpeg\" \/>\n<meta name=\"twitter:card\" content=\"summary_large_image\" \/>\n<meta name=\"twitter:title\" content=\"Tout savoir sur l&#039;Exercice de plaidoirie de l&#039;\u00c9cole de Droit UMONS-ULB\" \/>\n<meta name=\"twitter:description\" content=\"L&#039;exercice de plaidoirie est une simulation juridique au cours de laquelle les \u00e9tudiant(e)s plaident un dossier devant un un jury compos\u00e9 de professionnel(le)s du droit. Cet exercice offre l&#039;occasion, \u00e0 nos \u00e9tudiant(e)s, de travailler leurs comp\u00e9tences en argumentation orale, en r\u00e9daction de conclusions et de se familiariser avec le port de la toge.\" \/>\n<meta name=\"twitter:image\" content=\"https:\/\/web.umons.ac.be\/app\/uploads\/sites\/7\/2025\/07\/DSC_3496-scaled.jpg\" \/>\n<meta name=\"twitter:label1\" content=\"Dur\u00e9e de lecture estim\u00e9e\" \/>\n\t<meta name=\"twitter:data1\" content=\"2 minutes\" \/>\n<script type=\"application\/ld+json\" class=\"yoast-schema-graph\">{\"@context\":\"https:\/\/schema.org\",\"@graph\":[{\"@type\":\"WebPage\",\"@id\":\"https:\/\/web.umons.ac.be\/droit\/fr\/lecole-de-droit-bouge\/initiatives-pedagogiques\/exercice-de-plaidoirie\/\",\"url\":\"https:\/\/web.umons.ac.be\/droit\/fr\/lecole-de-droit-bouge\/initiatives-pedagogiques\/exercice-de-plaidoirie\/\",\"name\":\"Exercice de plaidoirie - Ecole \/ DROIT\",\"isPartOf\":{\"@id\":\"https:\/\/web.umons.ac.be\/droit\/#website\"},\"primaryImageOfPage\":{\"@id\":\"https:\/\/web.umons.ac.be\/droit\/fr\/lecole-de-droit-bouge\/initiatives-pedagogiques\/exercice-de-plaidoirie\/#primaryimage\"},\"image\":{\"@id\":\"https:\/\/web.umons.ac.be\/droit\/fr\/lecole-de-droit-bouge\/initiatives-pedagogiques\/exercice-de-plaidoirie\/#primaryimage\"},\"thumbnailUrl\":\"https:\/\/web.umons.ac.be\/app\/uploads\/sites\/7\/2025\/07\/DSC_3496-scaled.jpg\",\"datePublished\":\"2025-03-28T15:05:25+00:00\",\"dateModified\":\"2025-07-16T08:59:20+00:00\",\"description\":\"Exercice de plaidoirie de l'\u00c9cole de Droit UMONS-ULB : objectifs p\u00e9dagogiques, d\u00e9roulement, jury, r\u00e9compenses, ...\",\"breadcrumb\":{\"@id\":\"https:\/\/web.umons.ac.be\/droit\/fr\/lecole-de-droit-bouge\/initiatives-pedagogiques\/exercice-de-plaidoirie\/#breadcrumb\"},\"inLanguage\":\"fr-FR\",\"potentialAction\":[{\"@type\":\"ReadAction\",\"target\":[\"https:\/\/web.umons.ac.be\/droit\/fr\/lecole-de-droit-bouge\/initiatives-pedagogiques\/exercice-de-plaidoirie\/\"]}]},{\"@type\":\"ImageObject\",\"inLanguage\":\"fr-FR\",\"@id\":\"https:\/\/web.umons.ac.be\/droit\/fr\/lecole-de-droit-bouge\/initiatives-pedagogiques\/exercice-de-plaidoirie\/#primaryimage\",\"url\":\"https:\/\/web.umons.ac.be\/app\/uploads\/sites\/7\/2025\/07\/DSC_3496-scaled.jpg\",\"contentUrl\":\"https:\/\/web.umons.ac.be\/app\/uploads\/sites\/7\/2025\/07\/DSC_3496-scaled.jpg\",\"width\":2560,\"height\":1707},{\"@type\":\"BreadcrumbList\",\"@id\":\"https:\/\/web.umons.ac.be\/droit\/fr\/lecole-de-droit-bouge\/initiatives-pedagogiques\/exercice-de-plaidoirie\/#breadcrumb\",\"itemListElement\":[{\"@type\":\"ListItem\",\"position\":1,\"name\":\"Accueil\",\"item\":\"https:\/\/web.umons.ac.be\/droit\/\"},{\"@type\":\"ListItem\",\"position\":2,\"name\":\"L\u2019\u00c9cole de Droit bouge !\",\"item\":\"https:\/\/web.umons.ac.be\/droit\/fr\/lecole-de-droit-bouge\/\"},{\"@type\":\"ListItem\",\"position\":3,\"name\":\"Initiatives p\u00e9dagogiques\",\"item\":\"https:\/\/web.umons.ac.be\/droit\/fr\/lecole-de-droit-bouge\/initiatives-pedagogiques\/\"},{\"@type\":\"ListItem\",\"position\":4,\"name\":\"Exercice de plaidoirie\"}]},{\"@type\":\"WebSite\",\"@id\":\"https:\/\/web.umons.ac.be\/droit\/#website\",\"url\":\"https:\/\/web.umons.ac.be\/droit\/\",\"name\":\"Ecole \/ DROIT\",\"description\":\"hgqdfjkghqdfjk\",\"potentialAction\":[{\"@type\":\"SearchAction\",\"target\":{\"@type\":\"EntryPoint\",\"urlTemplate\":\"https:\/\/web.umons.ac.be\/droit\/?s={search_term_string}\"},\"query-input\":{\"@type\":\"PropertyValueSpecification\",\"valueRequired\":true,\"valueName\":\"search_term_string\"}}],\"inLanguage\":\"fr-FR\"}]}<\/script>\n<!-- \/ Yoast SEO plugin. -->","yoast_head_json":{"title":"Exercice de plaidoirie - Ecole \/ DROIT","description":"Exercice de plaidoirie de l'\u00c9cole de Droit UMONS-ULB : objectifs p\u00e9dagogiques, d\u00e9roulement, jury, r\u00e9compenses, ...","robots":{"index":"index","follow":"follow","max-snippet":"max-snippet:-1","max-image-preview":"max-image-preview:large","max-video-preview":"max-video-preview:-1"},"canonical":"https:\/\/web.umons.ac.be\/droit\/fr\/lecole-de-droit-bouge\/initiatives-pedagogiques\/exercice-de-plaidoirie\/","og_locale":"fr_FR","og_type":"article","og_title":"Tout savoir sur l'Exercice de plaidoirie de l'\u00c9cole de Droit UMONS-ULB","og_description":"L'exercice de plaidoirie est une simulation juridique au cours de laquelle les \u00e9tudiant(e)s plaident un dossier devant un un jury compos\u00e9 de professionnel(le)s du droit. Cet exercice offre l'occasion, \u00e0 nos \u00e9tudiant(e)s, de travailler leurs comp\u00e9tences en argumentation orale, en r\u00e9daction de conclusions et de se familiariser avec le port de la toge.","og_url":"https:\/\/web.umons.ac.be\/droit\/fr\/lecole-de-droit-bouge\/initiatives-pedagogiques\/exercice-de-plaidoirie\/","og_site_name":"Ecole \/ DROIT","article_modified_time":"2025-07-16T08:59:20+00:00","og_image":[{"width":2560,"height":1707,"url":"https:\/\/web.umons.ac.be\/app\/uploads\/sites\/7\/2025\/07\/DSC_3496-scaled.jpg","type":"image\/jpeg"}],"twitter_card":"summary_large_image","twitter_title":"Tout savoir sur l'Exercice de plaidoirie de l'\u00c9cole de Droit UMONS-ULB","twitter_description":"L'exercice de plaidoirie est une simulation juridique au cours de laquelle les \u00e9tudiant(e)s plaident un dossier devant un un jury compos\u00e9 de professionnel(le)s du droit. Cet exercice offre l'occasion, \u00e0 nos \u00e9tudiant(e)s, de travailler leurs comp\u00e9tences en argumentation orale, en r\u00e9daction de conclusions et de se familiariser avec le port de la toge.","twitter_image":"https:\/\/web.umons.ac.be\/app\/uploads\/sites\/7\/2025\/07\/DSC_3496-scaled.jpg","twitter_misc":{"Dur\u00e9e de lecture estim\u00e9e":"2 minutes"},"schema":{"@context":"https:\/\/schema.org","@graph":[{"@type":"WebPage","@id":"https:\/\/web.umons.ac.be\/droit\/fr\/lecole-de-droit-bouge\/initiatives-pedagogiques\/exercice-de-plaidoirie\/","url":"https:\/\/web.umons.ac.be\/droit\/fr\/lecole-de-droit-bouge\/initiatives-pedagogiques\/exercice-de-plaidoirie\/","name":"Exercice de plaidoirie - Ecole \/ DROIT","isPartOf":{"@id":"https:\/\/web.umons.ac.be\/droit\/#website"},"primaryImageOfPage":{"@id":"https:\/\/web.umons.ac.be\/droit\/fr\/lecole-de-droit-bouge\/initiatives-pedagogiques\/exercice-de-plaidoirie\/#primaryimage"},"image":{"@id":"https:\/\/web.umons.ac.be\/droit\/fr\/lecole-de-droit-bouge\/initiatives-pedagogiques\/exercice-de-plaidoirie\/#primaryimage"},"thumbnailUrl":"https:\/\/web.umons.ac.be\/app\/uploads\/sites\/7\/2025\/07\/DSC_3496-scaled.jpg","datePublished":"2025-03-28T15:05:25+00:00","dateModified":"2025-07-16T08:59:20+00:00","description":"Exercice de plaidoirie de l'\u00c9cole de Droit UMONS-ULB : objectifs p\u00e9dagogiques, d\u00e9roulement, jury, r\u00e9compenses, ...","breadcrumb":{"@id":"https:\/\/web.umons.ac.be\/droit\/fr\/lecole-de-droit-bouge\/initiatives-pedagogiques\/exercice-de-plaidoirie\/#breadcrumb"},"inLanguage":"fr-FR","potentialAction":[{"@type":"ReadAction","target":["https:\/\/web.umons.ac.be\/droit\/fr\/lecole-de-droit-bouge\/initiatives-pedagogiques\/exercice-de-plaidoirie\/"]}]},{"@type":"ImageObject","inLanguage":"fr-FR","@id":"https:\/\/web.umons.ac.be\/droit\/fr\/lecole-de-droit-bouge\/initiatives-pedagogiques\/exercice-de-plaidoirie\/#primaryimage","url":"https:\/\/web.umons.ac.be\/app\/uploads\/sites\/7\/2025\/07\/DSC_3496-scaled.jpg","contentUrl":"https:\/\/web.umons.ac.be\/app\/uploads\/sites\/7\/2025\/07\/DSC_3496-scaled.jpg","width":2560,"height":1707},{"@type":"BreadcrumbList","@id":"https:\/\/web.umons.ac.be\/droit\/fr\/lecole-de-droit-bouge\/initiatives-pedagogiques\/exercice-de-plaidoirie\/#breadcrumb","itemListElement":[{"@type":"ListItem","position":1,"name":"Accueil","item":"https:\/\/web.umons.ac.be\/droit\/"},{"@type":"ListItem","position":2,"name":"L\u2019\u00c9cole de Droit bouge !","item":"https:\/\/web.umons.ac.be\/droit\/fr\/lecole-de-droit-bouge\/"},{"@type":"ListItem","position":3,"name":"Initiatives p\u00e9dagogiques","item":"https:\/\/web.umons.ac.be\/droit\/fr\/lecole-de-droit-bouge\/initiatives-pedagogiques\/"},{"@type":"ListItem","position":4,"name":"Exercice de plaidoirie"}]},{"@type":"WebSite","@id":"https:\/\/web.umons.ac.be\/droit\/#website","url":"https:\/\/web.umons.ac.be\/droit\/","name":"Ecole \/ DROIT","description":"hgqdfjkghqdfjk","potentialAction":[{"@type":"SearchAction","target":{"@type":"EntryPoint","urlTemplate":"https:\/\/web.umons.ac.be\/droit\/?s={search_term_string}"},"query-input":{"@type":"PropertyValueSpecification","valueRequired":true,"valueName":"search_term_string"}}],"inLanguage":"fr-FR"}]}},"lang":"fr","translations":{"fr":2854},"pll_sync_post":[],"_links":{"self":[{"href":"https:\/\/web.umons.ac.be\/droit\/wp-json\/wp\/v2\/pages\/2854","targetHints":{"allow":["GET"]}}],"collection":[{"href":"https:\/\/web.umons.ac.be\/droit\/wp-json\/wp\/v2\/pages"}],"about":[{"href":"https:\/\/web.umons.ac.be\/droit\/wp-json\/wp\/v2\/types\/page"}],"author":[{"embeddable":true,"href":"https:\/\/web.umons.ac.be\/droit\/wp-json\/wp\/v2\/users\/2"}],"replies":[{"embeddable":true,"href":"https:\/\/web.umons.ac.be\/droit\/wp-json\/wp\/v2\/comments?post=2854"}],"version-history":[{"count":4,"href":"https:\/\/web.umons.ac.be\/droit\/wp-json\/wp\/v2\/pages\/2854\/revisions"}],"predecessor-version":[{"id":3128,"href":"https:\/\/web.umons.ac.be\/droit\/wp-json\/wp\/v2\/pages\/2854\/revisions\/3128"}],"up":[{"embeddable":true,"href":"https:\/\/web.umons.ac.be\/droit\/wp-json\/wp\/v2\/pages\/701"}],"wp:featuredmedia":[{"embeddable":true,"href":"https:\/\/web.umons.ac.be\/droit\/wp-json\/wp\/v2\/media\/3123"}],"wp:attachment":[{"href":"https:\/\/web.umons.ac.be\/droit\/wp-json\/wp\/v2\/media?parent=2854"}],"curies":[{"name":"wp","href":"https:\/\/api.w.org\/{rel}","templated":true}]}}