{"id":288,"date":"2017-07-03T16:48:06","date_gmt":"2017-07-03T14:48:06","guid":{"rendered":"https:\/\/web.umons.ac.be\/droit\/?page_id=288"},"modified":"2022-08-09T14:58:41","modified_gmt":"2022-08-09T12:58:41","slug":"lenvironnement-detude","status":"publish","type":"page","link":"https:\/\/web.umons.ac.be\/droit\/fr\/etudes\/lenvironnement-detude\/","title":{"rendered":"L\u2019environnement d\u2019\u00e9tude"},"content":{"rendered":"<h2><img loading=\"lazy\" decoding=\"async\" class=\"wp-image-1605  alignright\" src=\"https:\/\/web.umons.ac.be\/app\/uploads\/sites\/7\/2022\/08\/ED-18-200x300.jpg\" alt=\"\" width=\"278\" height=\"417\" srcset=\"https:\/\/web.umons.ac.be\/app\/uploads\/sites\/7\/2022\/08\/ED-18-200x300.jpg 200w, https:\/\/web.umons.ac.be\/app\/uploads\/sites\/7\/2022\/08\/ED-18-683x1024.jpg 683w, https:\/\/web.umons.ac.be\/app\/uploads\/sites\/7\/2022\/08\/ED-18-768x1152.jpg 768w, https:\/\/web.umons.ac.be\/app\/uploads\/sites\/7\/2022\/08\/ED-18-1024x1536.jpg 1024w, https:\/\/web.umons.ac.be\/app\/uploads\/sites\/7\/2022\/08\/ED-18-1365x2048.jpg 1365w, https:\/\/web.umons.ac.be\/app\/uploads\/sites\/7\/2022\/08\/ED-18-440x660.jpg 440w, https:\/\/web.umons.ac.be\/app\/uploads\/sites\/7\/2022\/08\/ED-18-30x45.jpg 30w, https:\/\/web.umons.ac.be\/app\/uploads\/sites\/7\/2022\/08\/ED-18-40x60.jpg 40w, https:\/\/web.umons.ac.be\/app\/uploads\/sites\/7\/2022\/08\/ED-18-360x540.jpg 360w, https:\/\/web.umons.ac.be\/app\/uploads\/sites\/7\/2022\/08\/ED-18-scaled.jpg 1707w\" sizes=\"auto, (max-width: 278px) 100vw, 278px\" \/>Le B\u00e2timent Rosa Parks<\/h2>\n<p>Le B\u00e2timent Rosa Parks est situ\u00e9 \u00e0 quelques minutes\u00a0\u00e0 pied du centre-ville de Mons, de la gare\u00a0et des axes autoroutiers. La situation privil\u00e9gi\u00e9e du\u00a0campus permet \u00e9galement aux \u00e9tudiant.es de se\u00a0rendre facilement \u00e0 la biblioth\u00e8que des Cours de\u00a0justice (libre d\u2019acc\u00e8s pour les \u00e9tudiants en Droit)\u00a0et aux audiences.<\/p>\n<p>Le b\u00e2timent Rosa Parks, r\u00e9nov\u00e9\u00a0en 2021\/2022, offre aux \u00e9tudiants un cadre de vie\u00a0agr\u00e9able en mettant \u00e0 leur disposition bon nombre\u00a0d\u2019infrastructures fonctionnelles comme des salles\u00a0de classe lumineuses, des espaces de d\u00e9tente ou\u00a0encore un local d\u00e9di\u00e9 \u00e0 l\u2019Association g\u00e9n\u00e9rale des\u00a0\u00e9tudiants en Droit (AGE).<\/p>\n<h2>Biblioth\u00e8que<\/h2>\n<p>La biblioth\u00e8que de droit regorge de livres de r\u00e9f\u00e9rence et de ressources documentaires de qualit\u00e9 dans les mati\u00e8res juridiques telles que :<\/p>\n<ul>\n<li>le droit international<\/li>\n<li>le droit europ\u00e9en<\/li>\n<li>le droit fran\u00e7ais<\/li>\n<li>le droit romain<\/li>\n<li>le droit belge : droit public, droit p\u00e9nal, droit civil (droit de la famille, des soci\u00e9t\u00e9s des obligations, de la responsabilit\u00e9, etc.), droit administratif, droit de l\u2019environnement, etc.<\/li>\n<\/ul>\n<h2>Espace mus\u00e9al<\/h2>\n<p>Le\u00a0<a href=\"https:\/\/mumons.be\/museum\/activites\/exposition-entrez-cest-ouvert\/\" target=\"_blank\" rel=\"noopener\">MUMONS<\/a>, mus\u00e9e de l\u2019Universit\u00e9 de Mons, s\u2019est \u00e9tabli au 24, place du Parc.\u00a0Sa chapelle \u00e0 la fa\u00e7ade class\u00e9e, son \u00e9l\u00e9vation imposante et ses d\u00e9cors baroques ont de quoi s\u00e9duire. Le clo\u00eetre qui la jouxte contribue \u00e0 renforcer son ampleur dans le paysage urbain.<\/p>\n<p>Saviez-vous que l\u2019un des r\u00f4les principaux d\u2019un mus\u00e9e \u00e9tait de valoriser\u00a0ses collections\u00a0? L\u2019Universit\u00e9 poss\u00e8de par exemple des centaines de milliers d\u2019ouvrages pr\u00e9cieux, de cartes et plans, d\u2019\u0153uvres d\u2019art, d\u2019instruments scientifiques anciens, et un tas d\u2019autres objets, tous li\u00e9s \u00e0 son histoire et \u00e0 ses multiples\u00a0activit\u00e9s\u00a0! De la Bible de Gutenberg jusqu\u2019au Nokia 3310, on y conserve tout ou presque !<\/p>\n<p>Et puis\u2026 que seraient les sciences et les arts sans notre curiosit\u00e9\u00a0? Posez-vous la question\u00a0! Que serait un mus\u00e9e sans visiteur, un livre sans lecteur\u00a0? Que serait un monde sans questionnement, sans exp\u00e9rimentation, sans recherche, sans apprentissage\u00a0? Le MUMONS, c\u2019est\u00a0justement \u00e7a\u00a0! Un \u00e9change constant\u00a0entre le mus\u00e9e et le public\u00a0: des d\u00e9bats, des questions, des discussions, de la recherche, de la curiosit\u00e9 constante pour le monde qui nous entoure.<\/p>\n<p>Pour en savoir plus :<\/p>\n<ul>\n<li><a href=\"https:\/\/www.flair.be\/fr\/chillax\/lumons-transforme-la-chapelle-des-visitandines-en-incroyable-bibliotheque\/\">L&rsquo;UMons transforme la chapelle des Visitandines en incroyable biblioth\u00e8que<\/a><\/li>\n<li><a href=\"https:\/\/web.umons.ac.be\/fr\/entrez-le-mumons-le-musee-de-lumons-est-ouvert\/\">Entrez, le MUMONS (le mus\u00e9e de l\u2019UMONS) est ouvert\u00a0!<\/a><\/li>\n<\/ul>\n<p>&nbsp;<\/p>\n<start-cask-shortcode-wrapper>\n<blockquote class=\"shortcode-testimonial scheme-right\">\n    <div class=\"testimonial-quote\">\n        <div>La vie universitaire est une\u00a0source d\u2019\u00e9panouissement intellectuel\u00a0mais c\u2019est surtout une\u00a0exp\u00e9rience humaine importante. A l\u2019Ecole de droit,\u00a0le mot d\u2019ordre est d\u2019avoir une atmosph\u00e8re de travail\u00a0convivi&hellip;<\/div>\n                <a href=\"#testimonial-modal-548\" class=\"button-secondary open-testimonial scheme-border scheme-color-hover-important\">\n            Poursuivre la lecture <span class=\"icon umons-icon-tail-right\" aria-hidden=\"true\"><\/span>\n        <\/a>\n            <\/div>\n    <div class=\"testimonial-author\">\n                <div class=\"testimonial-picture\">\n            <img decoding=\"async\" src=\"https:\/\/web.umons.ac.be\/app\/uploads\/sites\/7\/2017\/12\/DROIT-2017-okweb.pdf-Adobe-Acrobat-Pro-DC-80x80.jpg\" alt=\"\" \/>\n        <\/div>\n                <div class=\"testimonial-text\">\n            <div class=\"testimonial-identity\">\n                <span class=\"testimonial-author-name\">Gwenna\u00eblle Bombart<\/span>\n                            <\/div>\n            <div class=\"testimonial-meta\">\n                                                <span class=\"testimonial-group\">Bachelier en Droit, promotion 2017<\/span>\n                            <\/div>\n        <\/div>\n    <\/div>\n<\/blockquote>\n<div id=\"testimonial-modal-548\" class=\"testimonial-modal-wrap normal\" style=\"display: none;\">\n    <div class=\"shortcode-testimonial-modal\">\n        <blockquote class=\"shortcode-testimonial\">\n            <div class=\"testimonial-quote editor-front\">\n                                <blockquote class=\"highlighted-quote\">La vie universitaire est une\u00a0source d\u2019\u00e9panouissement intellectuel\u00a0mais c\u2019est surtout une\u00a0exp\u00e9rience humaine importante.<\/blockquote>\n                                                <div class=\"testimonial-full-quote\"><p>La vie universitaire est une\u00a0source d\u2019\u00e9panouissement intellectuel\u00a0mais c\u2019est surtout une\u00a0exp\u00e9rience humaine importante. A l\u2019Ecole de droit,\u00a0le mot d\u2019ordre est d\u2019avoir une atmosph\u00e8re de travail\u00a0conviviale pour que le cursus se passe dans\u00a0des conditions optimales. D\u00e8s le d\u00e9but de l\u2019ann\u00e9e\u00a0acad\u00e9mique, l\u2019AGE Droit organise des soir\u00e9es, des\u00a0\u00e9v\u00e9nements afin d\u2019aider un maximum d\u2019\u00e9tudiants\u00a0primo inscrits \u00e0 cr\u00e9er des relations entre membres\u00a0d\u2019un m\u00eame auditoire mais aussi avec leurs a\u00een\u00e9s\u00a0qui peuvent prodiguer des conseils, des petits\u00a0tuyaux toujours bons \u00e0 prendre !<\/p>\n<\/div>\n                            <\/div>\n            <div class=\"testimonial-author\">\n                                <div class=\"testimonial-picture\">\n                    <img decoding=\"async\" src=\"https:\/\/web.umons.ac.be\/app\/uploads\/sites\/7\/2017\/12\/DROIT-2017-okweb.pdf-Adobe-Acrobat-Pro-DC-80x80.jpg\" alt=\"\" \/>\n                <\/div>\n                                <div class=\"testimonial-text\">\n                    <div class=\"testimonial-identity\">\n                        <span class=\"testimonial-author-name\">Gwenna\u00eblle Bombart<\/span>\n                                            <\/div>\n                    <div class=\"testimonial-meta\">\n                                                                        <span class=\"testimonial-group\">(Bachelier en Droit, promotion 2017)<\/span>\n                                            <\/div>\n                <\/div>\n            <\/div>\n        <\/blockquote>\n    <\/div>\n<\/div>\n<end-cask-shortcode-wrapper>\n","protected":false},"excerpt":{"rendered":"<p>Le B\u00e2timent Rosa Parks Le B\u00e2timent Rosa Parks est situ\u00e9 \u00e0 quelques minutes\u00a0\u00e0 pied du centre-ville de Mons, de la gare\u00a0et des axes autoroutiers. La situation privil\u00e9gi\u00e9e du\u00a0campus permet \u00e9galement aux \u00e9tudiant.es de se\u00a0rendre facilement \u00e0 la biblioth\u00e8que des Cours de\u00a0justice (libre d\u2019acc\u00e8s pour les \u00e9tudiants en Droit)\u00a0et aux audiences. Le b\u00e2timent Rosa Parks, r\u00e9nov\u00e9\u00a0en [&hellip;]<\/p>\n","protected":false},"author":2,"featured_media":0,"parent":259,"menu_order":4,"comment_status":"closed","ping_status":"closed","template":"","meta":{"footnotes":""},"class_list":["post-288","page","type-page","status-publish","hentry"],"yoast_head":"<!-- This site is optimized with the Yoast SEO plugin v27.2 - https:\/\/yoast.com\/product\/yoast-seo-wordpress\/ -->\n<title>L\u2019environnement d\u2019\u00e9tude - Ecole \/ DROIT<\/title>\n<meta name=\"robots\" content=\"index, follow, max-snippet:-1, max-image-preview:large, max-video-preview:-1\" \/>\n<link rel=\"canonical\" href=\"https:\/\/web.umons.ac.be\/droit\/fr\/etudes\/lenvironnement-detude\/\" \/>\n<meta property=\"og:locale\" content=\"fr_FR\" \/>\n<meta property=\"og:type\" content=\"article\" \/>\n<meta property=\"og:title\" content=\"L\u2019environnement d\u2019\u00e9tude - Ecole \/ DROIT\" \/>\n<meta property=\"og:description\" content=\"Le B\u00e2timent Rosa Parks Le B\u00e2timent Rosa Parks est situ\u00e9 \u00e0 quelques minutes\u00a0\u00e0 pied du centre-ville de Mons, de la gare\u00a0et des axes autoroutiers. La situation privil\u00e9gi\u00e9e du\u00a0campus permet \u00e9galement aux \u00e9tudiant.es de se\u00a0rendre facilement \u00e0 la biblioth\u00e8que des Cours de\u00a0justice (libre d\u2019acc\u00e8s pour les \u00e9tudiants en Droit)\u00a0et aux audiences. Le b\u00e2timent Rosa Parks, r\u00e9nov\u00e9\u00a0en [&hellip;]\" \/>\n<meta property=\"og:url\" content=\"https:\/\/web.umons.ac.be\/droit\/fr\/etudes\/lenvironnement-detude\/\" \/>\n<meta property=\"og:site_name\" content=\"Ecole \/ DROIT\" \/>\n<meta property=\"article:modified_time\" content=\"2022-08-09T12:58:41+00:00\" \/>\n<meta property=\"og:image\" content=\"https:\/\/web.umons.ac.be\/app\/uploads\/sites\/7\/2022\/08\/ED-18-200x300.jpg\" \/>\n<meta name=\"twitter:card\" content=\"summary_large_image\" \/>\n<meta name=\"twitter:label1\" content=\"Dur\u00e9e de lecture estim\u00e9e\" \/>\n\t<meta name=\"twitter:data1\" content=\"3 minutes\" \/>\n<script type=\"application\/ld+json\" class=\"yoast-schema-graph\">{\"@context\":\"https:\/\/schema.org\",\"@graph\":[{\"@type\":\"WebPage\",\"@id\":\"https:\/\/web.umons.ac.be\/droit\/fr\/etudes\/lenvironnement-detude\/\",\"url\":\"https:\/\/web.umons.ac.be\/droit\/fr\/etudes\/lenvironnement-detude\/\",\"name\":\"L\u2019environnement d\u2019\u00e9tude - Ecole \/ DROIT\",\"isPartOf\":{\"@id\":\"https:\/\/web.umons.ac.be\/droit\/#website\"},\"primaryImageOfPage\":{\"@id\":\"https:\/\/web.umons.ac.be\/droit\/fr\/etudes\/lenvironnement-detude\/#primaryimage\"},\"image\":{\"@id\":\"https:\/\/web.umons.ac.be\/droit\/fr\/etudes\/lenvironnement-detude\/#primaryimage\"},\"thumbnailUrl\":\"https:\/\/web.umons.ac.be\/app\/uploads\/sites\/7\/2022\/08\/ED-18-200x300.jpg\",\"datePublished\":\"2017-07-03T14:48:06+00:00\",\"dateModified\":\"2022-08-09T12:58:41+00:00\",\"breadcrumb\":{\"@id\":\"https:\/\/web.umons.ac.be\/droit\/fr\/etudes\/lenvironnement-detude\/#breadcrumb\"},\"inLanguage\":\"fr-FR\",\"potentialAction\":[{\"@type\":\"ReadAction\",\"target\":[\"https:\/\/web.umons.ac.be\/droit\/fr\/etudes\/lenvironnement-detude\/\"]}]},{\"@type\":\"ImageObject\",\"inLanguage\":\"fr-FR\",\"@id\":\"https:\/\/web.umons.ac.be\/droit\/fr\/etudes\/lenvironnement-detude\/#primaryimage\",\"url\":\"https:\/\/web.umons.ac.be\/app\/uploads\/sites\/7\/2022\/08\/ED-18-200x300.jpg\",\"contentUrl\":\"https:\/\/web.umons.ac.be\/app\/uploads\/sites\/7\/2022\/08\/ED-18-200x300.jpg\"},{\"@type\":\"BreadcrumbList\",\"@id\":\"https:\/\/web.umons.ac.be\/droit\/fr\/etudes\/lenvironnement-detude\/#breadcrumb\",\"itemListElement\":[{\"@type\":\"ListItem\",\"position\":1,\"name\":\"Accueil\",\"item\":\"https:\/\/web.umons.ac.be\/droit\/\"},{\"@type\":\"ListItem\",\"position\":2,\"name\":\"Etudes\",\"item\":\"https:\/\/web.umons.ac.be\/droit\/fr\/etudes\/\"},{\"@type\":\"ListItem\",\"position\":3,\"name\":\"L\u2019environnement d\u2019\u00e9tude\"}]},{\"@type\":\"WebSite\",\"@id\":\"https:\/\/web.umons.ac.be\/droit\/#website\",\"url\":\"https:\/\/web.umons.ac.be\/droit\/\",\"name\":\"Ecole \/ DROIT\",\"description\":\"hgqdfjkghqdfjk\",\"potentialAction\":[{\"@type\":\"SearchAction\",\"target\":{\"@type\":\"EntryPoint\",\"urlTemplate\":\"https:\/\/web.umons.ac.be\/droit\/?s={search_term_string}\"},\"query-input\":{\"@type\":\"PropertyValueSpecification\",\"valueRequired\":true,\"valueName\":\"search_term_string\"}}],\"inLanguage\":\"fr-FR\"}]}<\/script>\n<!-- \/ Yoast SEO plugin. -->","yoast_head_json":{"title":"L\u2019environnement d\u2019\u00e9tude - Ecole \/ DROIT","robots":{"index":"index","follow":"follow","max-snippet":"max-snippet:-1","max-image-preview":"max-image-preview:large","max-video-preview":"max-video-preview:-1"},"canonical":"https:\/\/web.umons.ac.be\/droit\/fr\/etudes\/lenvironnement-detude\/","og_locale":"fr_FR","og_type":"article","og_title":"L\u2019environnement d\u2019\u00e9tude - Ecole \/ DROIT","og_description":"Le B\u00e2timent Rosa Parks Le B\u00e2timent Rosa Parks est situ\u00e9 \u00e0 quelques minutes\u00a0\u00e0 pied du centre-ville de Mons, de la gare\u00a0et des axes autoroutiers. La situation privil\u00e9gi\u00e9e du\u00a0campus permet \u00e9galement aux \u00e9tudiant.es de se\u00a0rendre facilement \u00e0 la biblioth\u00e8que des Cours de\u00a0justice (libre d\u2019acc\u00e8s pour les \u00e9tudiants en Droit)\u00a0et aux audiences. Le b\u00e2timent Rosa Parks, r\u00e9nov\u00e9\u00a0en [&hellip;]","og_url":"https:\/\/web.umons.ac.be\/droit\/fr\/etudes\/lenvironnement-detude\/","og_site_name":"Ecole \/ DROIT","article_modified_time":"2022-08-09T12:58:41+00:00","og_image":[{"url":"https:\/\/web.umons.ac.be\/app\/uploads\/sites\/7\/2022\/08\/ED-18-200x300.jpg","type":"","width":"","height":""}],"twitter_card":"summary_large_image","twitter_misc":{"Dur\u00e9e de lecture estim\u00e9e":"3 minutes"},"schema":{"@context":"https:\/\/schema.org","@graph":[{"@type":"WebPage","@id":"https:\/\/web.umons.ac.be\/droit\/fr\/etudes\/lenvironnement-detude\/","url":"https:\/\/web.umons.ac.be\/droit\/fr\/etudes\/lenvironnement-detude\/","name":"L\u2019environnement d\u2019\u00e9tude - Ecole \/ DROIT","isPartOf":{"@id":"https:\/\/web.umons.ac.be\/droit\/#website"},"primaryImageOfPage":{"@id":"https:\/\/web.umons.ac.be\/droit\/fr\/etudes\/lenvironnement-detude\/#primaryimage"},"image":{"@id":"https:\/\/web.umons.ac.be\/droit\/fr\/etudes\/lenvironnement-detude\/#primaryimage"},"thumbnailUrl":"https:\/\/web.umons.ac.be\/app\/uploads\/sites\/7\/2022\/08\/ED-18-200x300.jpg","datePublished":"2017-07-03T14:48:06+00:00","dateModified":"2022-08-09T12:58:41+00:00","breadcrumb":{"@id":"https:\/\/web.umons.ac.be\/droit\/fr\/etudes\/lenvironnement-detude\/#breadcrumb"},"inLanguage":"fr-FR","potentialAction":[{"@type":"ReadAction","target":["https:\/\/web.umons.ac.be\/droit\/fr\/etudes\/lenvironnement-detude\/"]}]},{"@type":"ImageObject","inLanguage":"fr-FR","@id":"https:\/\/web.umons.ac.be\/droit\/fr\/etudes\/lenvironnement-detude\/#primaryimage","url":"https:\/\/web.umons.ac.be\/app\/uploads\/sites\/7\/2022\/08\/ED-18-200x300.jpg","contentUrl":"https:\/\/web.umons.ac.be\/app\/uploads\/sites\/7\/2022\/08\/ED-18-200x300.jpg"},{"@type":"BreadcrumbList","@id":"https:\/\/web.umons.ac.be\/droit\/fr\/etudes\/lenvironnement-detude\/#breadcrumb","itemListElement":[{"@type":"ListItem","position":1,"name":"Accueil","item":"https:\/\/web.umons.ac.be\/droit\/"},{"@type":"ListItem","position":2,"name":"Etudes","item":"https:\/\/web.umons.ac.be\/droit\/fr\/etudes\/"},{"@type":"ListItem","position":3,"name":"L\u2019environnement d\u2019\u00e9tude"}]},{"@type":"WebSite","@id":"https:\/\/web.umons.ac.be\/droit\/#website","url":"https:\/\/web.umons.ac.be\/droit\/","name":"Ecole \/ DROIT","description":"hgqdfjkghqdfjk","potentialAction":[{"@type":"SearchAction","target":{"@type":"EntryPoint","urlTemplate":"https:\/\/web.umons.ac.be\/droit\/?s={search_term_string}"},"query-input":{"@type":"PropertyValueSpecification","valueRequired":true,"valueName":"search_term_string"}}],"inLanguage":"fr-FR"}]}},"lang":"fr","translations":{"fr":288,"en":625},"pll_sync_post":[],"_links":{"self":[{"href":"https:\/\/web.umons.ac.be\/droit\/wp-json\/wp\/v2\/pages\/288","targetHints":{"allow":["GET"]}}],"collection":[{"href":"https:\/\/web.umons.ac.be\/droit\/wp-json\/wp\/v2\/pages"}],"about":[{"href":"https:\/\/web.umons.ac.be\/droit\/wp-json\/wp\/v2\/types\/page"}],"author":[{"embeddable":true,"href":"https:\/\/web.umons.ac.be\/droit\/wp-json\/wp\/v2\/users\/2"}],"replies":[{"embeddable":true,"href":"https:\/\/web.umons.ac.be\/droit\/wp-json\/wp\/v2\/comments?post=288"}],"version-history":[{"count":3,"href":"https:\/\/web.umons.ac.be\/droit\/wp-json\/wp\/v2\/pages\/288\/revisions"}],"predecessor-version":[{"id":1607,"href":"https:\/\/web.umons.ac.be\/droit\/wp-json\/wp\/v2\/pages\/288\/revisions\/1607"}],"up":[{"embeddable":true,"href":"https:\/\/web.umons.ac.be\/droit\/wp-json\/wp\/v2\/pages\/259"}],"wp:attachment":[{"href":"https:\/\/web.umons.ac.be\/droit\/wp-json\/wp\/v2\/media?parent=288"}],"curies":[{"name":"wp","href":"https:\/\/api.w.org\/{rel}","templated":true}]}}