{"id":292,"date":"2017-07-03T16:51:25","date_gmt":"2017-07-03T14:51:25","guid":{"rendered":"https:\/\/web.umons.ac.be\/droit\/?page_id=292"},"modified":"2017-07-11T11:50:31","modified_gmt":"2017-07-11T09:50:31","slug":"la-vie-etudiante","status":"publish","type":"page","link":"https:\/\/web.umons.ac.be\/droit\/fr\/a-propos-de-lecole\/la-vie-etudiante\/","title":{"rendered":"La vie \u00e9tudiante"},"content":{"rendered":"<p>Si l\u2019Universit\u00e9 constitue un lieu d\u2019apprentissage,\u00a0c\u2019est \u00e9galement, et, peut-\u00eatre surtout, un endroit o\u00f9\u00a0les \u00e9tudiants prendront conscience qu\u2019ils font partie\u00a0int\u00e9grante d\u2019une soci\u00e9t\u00e9. La vie sur un campus offre\u00a0en effet de nombreuses opportunit\u00e9s pour renforcer\u00a0le contact entre les \u00e9tudiants et permettre aux nouveaux\u00a0venus de faire de nouvelles connaissances.<\/p>\n<p><img loading=\"lazy\" decoding=\"async\" class=\"alignleft size-full wp-image-163\" src=\"https:\/\/web.umons.ac.be\/app\/uploads\/sites\/7\/2017\/05\/Local-EWH-23024-0-Adobe-Acrobat-Pro-DC-7.jpg\" alt=\"\" width=\"272\" height=\"230\" srcset=\"https:\/\/web.umons.ac.be\/app\/uploads\/sites\/7\/2017\/05\/Local-EWH-23024-0-Adobe-Acrobat-Pro-DC-7.jpg 272w, https:\/\/web.umons.ac.be\/app\/uploads\/sites\/7\/2017\/05\/Local-EWH-23024-0-Adobe-Acrobat-Pro-DC-7-30x25.jpg 30w, https:\/\/web.umons.ac.be\/app\/uploads\/sites\/7\/2017\/05\/Local-EWH-23024-0-Adobe-Acrobat-Pro-DC-7-60x51.jpg 60w\" sizes=\"auto, (max-width: 272px) 100vw, 272px\" \/>Alors que l\u2019Universit\u00e9 de Mons organise des \u00e9v\u00e9nements\u00a0sportifs et festifs pour tous, comme la Coupe\u00a0du Mons ou les 4h cuistax, l\u2019Ecole de Droit propose\u00a0\u00e0 ses \u00e9tudiants de nombreuses activit\u00e9s qui permettent,\u00a0entre autres, le rapprochement entre le\u00a0milieu estudiantin et le milieu professionnel (conf\u00e9rences,\u00a0colloques, rencontres juristes et entreprises,\u00a0visites d\u2019institutions politiques ou juridiques,\u00a0s\u00e9ances d\u2019informations sur les programmes de\u00a0Master, etc.).<\/p>\n<p>L\u2019Assembl\u00e9e G\u00e9n\u00e9rale des \u00e9tudiants en droit (AGE\u00a0Droit) constitue \u00e9galement un lieu d\u2019\u00e9change, de\u00a0soutien et de convivialit\u00e9 et un bon moyen de rencontrer\u00a0des \u00e9tudiants d\u2019un m\u00eame cursus.<\/p>\n<start-cask-shortcode-wrapper>\n<blockquote class=\"shortcode-testimonial scheme-right\">\n    <div class=\"testimonial-quote\">\n        <div>Une AGE c'est la dynamique m\u00eame d'une facult\u00e9, cela favorise l'int\u00e9gration des \u00e9tudiants au sein de celle-ci et leur permet de se divertir dans le cadre m\u00eame de leurs \u00e9tudes.\r\n\r\nL'AGE Droit organise e&hellip;<\/div>\n                <a href=\"#testimonial-modal-179\" class=\"button-secondary open-testimonial scheme-border scheme-color-hover-important\">\n            Poursuivre la lecture <span class=\"icon umons-icon-tail-right\" aria-hidden=\"true\"><\/span>\n        <\/a>\n            <\/div>\n    <div class=\"testimonial-author\">\n                <div class=\"testimonial-picture\">\n            <img decoding=\"async\" src=\"https:\/\/web.umons.ac.be\/app\/uploads\/sites\/7\/2017\/05\/Camille-Brison_milieu-80x80.jpg\" alt=\"\" \/>\n        <\/div>\n                <div class=\"testimonial-text\">\n            <div class=\"testimonial-identity\">\n                <span class=\"testimonial-author-name\">Camille  Brison<\/span>\n                            <\/div>\n            <div class=\"testimonial-meta\">\n                                                <span class=\"testimonial-group\">BAB3<\/span>\n                            <\/div>\n        <\/div>\n    <\/div>\n<\/blockquote>\n<div id=\"testimonial-modal-179\" class=\"testimonial-modal-wrap normal\" style=\"display: none;\">\n    <div class=\"shortcode-testimonial-modal\">\n        <blockquote class=\"shortcode-testimonial\">\n            <div class=\"testimonial-quote editor-front\">\n                                <blockquote class=\"highlighted-quote\">Une AGE c'est la dynamique m\u00eame d'une facult\u00e9, cela favorise l'int\u00e9gration des \u00e9tudiants au sein de celle-ci et leur permet de se divertir dans le cadre m\u00eame de leurs \u00e9tudes.<\/blockquote>\n                                                <div class=\"testimonial-full-quote\"><p>Une AGE c&rsquo;est la dynamique m\u00eame d&rsquo;une facult\u00e9, cela favorise l&rsquo;int\u00e9gration des \u00e9tudiants au sein de celle-ci et leur permet de se divertir dans le cadre m\u00eame de leurs \u00e9tudes.<\/p>\n<p>L&rsquo;AGE Droit organise et participe, tout au long de l&rsquo;ann\u00e9e, \u00e0 des \u00e9v\u00e9nements tels que le bal acad\u00e9mique, les 4 heures cuistax ainsi que de nombreuses soir\u00e9es permettant aux \u00e9tudiants de se retrouver en dehors du cadre m\u00eame des cours afin de se d\u00e9tendre dans une bonne ambiance.<\/p>\n<\/div>\n                            <\/div>\n            <div class=\"testimonial-author\">\n                                <div class=\"testimonial-picture\">\n                    <img decoding=\"async\" src=\"https:\/\/web.umons.ac.be\/app\/uploads\/sites\/7\/2017\/05\/Camille-Brison_milieu-80x80.jpg\" alt=\"\" \/>\n                <\/div>\n                                <div class=\"testimonial-text\">\n                    <div class=\"testimonial-identity\">\n                        <span class=\"testimonial-author-name\">Camille  Brison<\/span>\n                                            <\/div>\n                    <div class=\"testimonial-meta\">\n                                                                        <span class=\"testimonial-group\">(BAB3)<\/span>\n                                            <\/div>\n                <\/div>\n            <\/div>\n        <\/blockquote>\n    <\/div>\n<\/div>\n<end-cask-shortcode-wrapper>\n","protected":false},"excerpt":{"rendered":"<p>Si l\u2019Universit\u00e9 constitue un lieu d\u2019apprentissage,\u00a0c\u2019est \u00e9galement, et, peut-\u00eatre surtout, un endroit o\u00f9\u00a0les \u00e9tudiants prendront conscience qu\u2019ils font partie\u00a0int\u00e9grante d\u2019une soci\u00e9t\u00e9. La vie sur un campus offre\u00a0en effet de nombreuses opportunit\u00e9s pour renforcer\u00a0le contact entre les \u00e9tudiants et permettre aux nouveaux\u00a0venus de faire de nouvelles connaissances. Alors que l\u2019Universit\u00e9 de Mons organise des \u00e9v\u00e9nements\u00a0sportifs et [&hellip;]<\/p>\n","protected":false},"author":2,"featured_media":0,"parent":264,"menu_order":4,"comment_status":"closed","ping_status":"closed","template":"","meta":{"footnotes":""},"class_list":["post-292","page","type-page","status-publish","hentry"],"yoast_head":"<!-- This site is optimized with the Yoast SEO plugin v27.2 - https:\/\/yoast.com\/product\/yoast-seo-wordpress\/ -->\n<title>La vie \u00e9tudiante - Ecole \/ DROIT<\/title>\n<meta name=\"robots\" content=\"index, follow, max-snippet:-1, max-image-preview:large, max-video-preview:-1\" \/>\n<link rel=\"canonical\" href=\"https:\/\/web.umons.ac.be\/droit\/fr\/a-propos-de-lecole\/la-vie-etudiante\/\" \/>\n<meta property=\"og:locale\" content=\"fr_FR\" \/>\n<meta property=\"og:type\" content=\"article\" \/>\n<meta property=\"og:title\" content=\"La vie \u00e9tudiante - Ecole \/ DROIT\" \/>\n<meta property=\"og:description\" content=\"Si l\u2019Universit\u00e9 constitue un lieu d\u2019apprentissage,\u00a0c\u2019est \u00e9galement, et, peut-\u00eatre surtout, un endroit o\u00f9\u00a0les \u00e9tudiants prendront conscience qu\u2019ils font partie\u00a0int\u00e9grante d\u2019une soci\u00e9t\u00e9. La vie sur un campus offre\u00a0en effet de nombreuses opportunit\u00e9s pour renforcer\u00a0le contact entre les \u00e9tudiants et permettre aux nouveaux\u00a0venus de faire de nouvelles connaissances. Alors que l\u2019Universit\u00e9 de Mons organise des \u00e9v\u00e9nements\u00a0sportifs et [&hellip;]\" \/>\n<meta property=\"og:url\" content=\"https:\/\/web.umons.ac.be\/droit\/fr\/a-propos-de-lecole\/la-vie-etudiante\/\" \/>\n<meta property=\"og:site_name\" content=\"Ecole \/ DROIT\" \/>\n<meta property=\"article:modified_time\" content=\"2017-07-11T09:50:31+00:00\" \/>\n<meta property=\"og:image\" content=\"https:\/\/web.umons.ac.be\/app\/uploads\/sites\/7\/2017\/05\/Local-EWH-23024-0-Adobe-Acrobat-Pro-DC-7.jpg\" \/>\n<meta name=\"twitter:card\" content=\"summary_large_image\" \/>\n<meta name=\"twitter:label1\" content=\"Dur\u00e9e de lecture estim\u00e9e\" \/>\n\t<meta name=\"twitter:data1\" content=\"1 minute\" \/>\n<script type=\"application\/ld+json\" class=\"yoast-schema-graph\">{\"@context\":\"https:\/\/schema.org\",\"@graph\":[{\"@type\":\"WebPage\",\"@id\":\"https:\/\/web.umons.ac.be\/droit\/fr\/a-propos-de-lecole\/la-vie-etudiante\/\",\"url\":\"https:\/\/web.umons.ac.be\/droit\/fr\/a-propos-de-lecole\/la-vie-etudiante\/\",\"name\":\"La vie \u00e9tudiante - Ecole \/ DROIT\",\"isPartOf\":{\"@id\":\"https:\/\/web.umons.ac.be\/droit\/#website\"},\"primaryImageOfPage\":{\"@id\":\"https:\/\/web.umons.ac.be\/droit\/fr\/a-propos-de-lecole\/la-vie-etudiante\/#primaryimage\"},\"image\":{\"@id\":\"https:\/\/web.umons.ac.be\/droit\/fr\/a-propos-de-lecole\/la-vie-etudiante\/#primaryimage\"},\"thumbnailUrl\":\"https:\/\/web.umons.ac.be\/app\/uploads\/sites\/7\/2017\/05\/Local-EWH-23024-0-Adobe-Acrobat-Pro-DC-7.jpg\",\"datePublished\":\"2017-07-03T14:51:25+00:00\",\"dateModified\":\"2017-07-11T09:50:31+00:00\",\"breadcrumb\":{\"@id\":\"https:\/\/web.umons.ac.be\/droit\/fr\/a-propos-de-lecole\/la-vie-etudiante\/#breadcrumb\"},\"inLanguage\":\"fr-FR\",\"potentialAction\":[{\"@type\":\"ReadAction\",\"target\":[\"https:\/\/web.umons.ac.be\/droit\/fr\/a-propos-de-lecole\/la-vie-etudiante\/\"]}]},{\"@type\":\"ImageObject\",\"inLanguage\":\"fr-FR\",\"@id\":\"https:\/\/web.umons.ac.be\/droit\/fr\/a-propos-de-lecole\/la-vie-etudiante\/#primaryimage\",\"url\":\"https:\/\/web.umons.ac.be\/app\/uploads\/sites\/7\/2017\/05\/Local-EWH-23024-0-Adobe-Acrobat-Pro-DC-7.jpg\",\"contentUrl\":\"https:\/\/web.umons.ac.be\/app\/uploads\/sites\/7\/2017\/05\/Local-EWH-23024-0-Adobe-Acrobat-Pro-DC-7.jpg\"},{\"@type\":\"BreadcrumbList\",\"@id\":\"https:\/\/web.umons.ac.be\/droit\/fr\/a-propos-de-lecole\/la-vie-etudiante\/#breadcrumb\",\"itemListElement\":[{\"@type\":\"ListItem\",\"position\":1,\"name\":\"Accueil\",\"item\":\"https:\/\/web.umons.ac.be\/droit\/\"},{\"@type\":\"ListItem\",\"position\":2,\"name\":\"A propos de l&rsquo;\u00e9cole\",\"item\":\"https:\/\/web.umons.ac.be\/droit\/fr\/a-propos-de-lecole\/\"},{\"@type\":\"ListItem\",\"position\":3,\"name\":\"La vie \u00e9tudiante\"}]},{\"@type\":\"WebSite\",\"@id\":\"https:\/\/web.umons.ac.be\/droit\/#website\",\"url\":\"https:\/\/web.umons.ac.be\/droit\/\",\"name\":\"Ecole \/ DROIT\",\"description\":\"hgqdfjkghqdfjk\",\"potentialAction\":[{\"@type\":\"SearchAction\",\"target\":{\"@type\":\"EntryPoint\",\"urlTemplate\":\"https:\/\/web.umons.ac.be\/droit\/?s={search_term_string}\"},\"query-input\":{\"@type\":\"PropertyValueSpecification\",\"valueRequired\":true,\"valueName\":\"search_term_string\"}}],\"inLanguage\":\"fr-FR\"}]}<\/script>\n<!-- \/ Yoast SEO plugin. -->","yoast_head_json":{"title":"La vie \u00e9tudiante - Ecole \/ DROIT","robots":{"index":"index","follow":"follow","max-snippet":"max-snippet:-1","max-image-preview":"max-image-preview:large","max-video-preview":"max-video-preview:-1"},"canonical":"https:\/\/web.umons.ac.be\/droit\/fr\/a-propos-de-lecole\/la-vie-etudiante\/","og_locale":"fr_FR","og_type":"article","og_title":"La vie \u00e9tudiante - Ecole \/ DROIT","og_description":"Si l\u2019Universit\u00e9 constitue un lieu d\u2019apprentissage,\u00a0c\u2019est \u00e9galement, et, peut-\u00eatre surtout, un endroit o\u00f9\u00a0les \u00e9tudiants prendront conscience qu\u2019ils font partie\u00a0int\u00e9grante d\u2019une soci\u00e9t\u00e9. La vie sur un campus offre\u00a0en effet de nombreuses opportunit\u00e9s pour renforcer\u00a0le contact entre les \u00e9tudiants et permettre aux nouveaux\u00a0venus de faire de nouvelles connaissances. Alors que l\u2019Universit\u00e9 de Mons organise des \u00e9v\u00e9nements\u00a0sportifs et [&hellip;]","og_url":"https:\/\/web.umons.ac.be\/droit\/fr\/a-propos-de-lecole\/la-vie-etudiante\/","og_site_name":"Ecole \/ DROIT","article_modified_time":"2017-07-11T09:50:31+00:00","og_image":[{"url":"https:\/\/web.umons.ac.be\/app\/uploads\/sites\/7\/2017\/05\/Local-EWH-23024-0-Adobe-Acrobat-Pro-DC-7.jpg","type":"","width":"","height":""}],"twitter_card":"summary_large_image","twitter_misc":{"Dur\u00e9e de lecture estim\u00e9e":"1 minute"},"schema":{"@context":"https:\/\/schema.org","@graph":[{"@type":"WebPage","@id":"https:\/\/web.umons.ac.be\/droit\/fr\/a-propos-de-lecole\/la-vie-etudiante\/","url":"https:\/\/web.umons.ac.be\/droit\/fr\/a-propos-de-lecole\/la-vie-etudiante\/","name":"La vie \u00e9tudiante - Ecole \/ DROIT","isPartOf":{"@id":"https:\/\/web.umons.ac.be\/droit\/#website"},"primaryImageOfPage":{"@id":"https:\/\/web.umons.ac.be\/droit\/fr\/a-propos-de-lecole\/la-vie-etudiante\/#primaryimage"},"image":{"@id":"https:\/\/web.umons.ac.be\/droit\/fr\/a-propos-de-lecole\/la-vie-etudiante\/#primaryimage"},"thumbnailUrl":"https:\/\/web.umons.ac.be\/app\/uploads\/sites\/7\/2017\/05\/Local-EWH-23024-0-Adobe-Acrobat-Pro-DC-7.jpg","datePublished":"2017-07-03T14:51:25+00:00","dateModified":"2017-07-11T09:50:31+00:00","breadcrumb":{"@id":"https:\/\/web.umons.ac.be\/droit\/fr\/a-propos-de-lecole\/la-vie-etudiante\/#breadcrumb"},"inLanguage":"fr-FR","potentialAction":[{"@type":"ReadAction","target":["https:\/\/web.umons.ac.be\/droit\/fr\/a-propos-de-lecole\/la-vie-etudiante\/"]}]},{"@type":"ImageObject","inLanguage":"fr-FR","@id":"https:\/\/web.umons.ac.be\/droit\/fr\/a-propos-de-lecole\/la-vie-etudiante\/#primaryimage","url":"https:\/\/web.umons.ac.be\/app\/uploads\/sites\/7\/2017\/05\/Local-EWH-23024-0-Adobe-Acrobat-Pro-DC-7.jpg","contentUrl":"https:\/\/web.umons.ac.be\/app\/uploads\/sites\/7\/2017\/05\/Local-EWH-23024-0-Adobe-Acrobat-Pro-DC-7.jpg"},{"@type":"BreadcrumbList","@id":"https:\/\/web.umons.ac.be\/droit\/fr\/a-propos-de-lecole\/la-vie-etudiante\/#breadcrumb","itemListElement":[{"@type":"ListItem","position":1,"name":"Accueil","item":"https:\/\/web.umons.ac.be\/droit\/"},{"@type":"ListItem","position":2,"name":"A propos de l&rsquo;\u00e9cole","item":"https:\/\/web.umons.ac.be\/droit\/fr\/a-propos-de-lecole\/"},{"@type":"ListItem","position":3,"name":"La vie \u00e9tudiante"}]},{"@type":"WebSite","@id":"https:\/\/web.umons.ac.be\/droit\/#website","url":"https:\/\/web.umons.ac.be\/droit\/","name":"Ecole \/ DROIT","description":"hgqdfjkghqdfjk","potentialAction":[{"@type":"SearchAction","target":{"@type":"EntryPoint","urlTemplate":"https:\/\/web.umons.ac.be\/droit\/?s={search_term_string}"},"query-input":{"@type":"PropertyValueSpecification","valueRequired":true,"valueName":"search_term_string"}}],"inLanguage":"fr-FR"}]}},"lang":"fr","translations":{"fr":292,"en":642},"pll_sync_post":[],"_links":{"self":[{"href":"https:\/\/web.umons.ac.be\/droit\/wp-json\/wp\/v2\/pages\/292","targetHints":{"allow":["GET"]}}],"collection":[{"href":"https:\/\/web.umons.ac.be\/droit\/wp-json\/wp\/v2\/pages"}],"about":[{"href":"https:\/\/web.umons.ac.be\/droit\/wp-json\/wp\/v2\/types\/page"}],"author":[{"embeddable":true,"href":"https:\/\/web.umons.ac.be\/droit\/wp-json\/wp\/v2\/users\/2"}],"replies":[{"embeddable":true,"href":"https:\/\/web.umons.ac.be\/droit\/wp-json\/wp\/v2\/comments?post=292"}],"version-history":[{"count":0,"href":"https:\/\/web.umons.ac.be\/droit\/wp-json\/wp\/v2\/pages\/292\/revisions"}],"up":[{"embeddable":true,"href":"https:\/\/web.umons.ac.be\/droit\/wp-json\/wp\/v2\/pages\/264"}],"wp:attachment":[{"href":"https:\/\/web.umons.ac.be\/droit\/wp-json\/wp\/v2\/media?parent=292"}],"curies":[{"name":"wp","href":"https:\/\/api.w.org\/{rel}","templated":true}]}}