{"id":303,"date":"2017-07-03T17:01:35","date_gmt":"2017-07-03T15:01:35","guid":{"rendered":"https:\/\/web.umons.ac.be\/droit\/?page_id=303"},"modified":"2017-12-01T11:47:54","modified_gmt":"2017-12-01T10:47:54","slug":"partir-en-erasmus","status":"publish","type":"page","link":"https:\/\/web.umons.ac.be\/droit\/fr\/etudes\/partir-en-erasmus\/","title":{"rendered":"Partir en Erasmus"},"content":{"rendered":"<p>La Facult\u00e9 de Droit et de Criminologie de l\u2019ULB\u00a0offre de multiples opportunit\u00e9s \u00e0 ses \u00e9tudiants\u00a0gr\u00e2ce \u00e0 plus de 60 partenariats de qualit\u00e9 en Europe\u00a0et dans le monde entier (Chine, Etats-Unis,\u00a0Vietnam, Japon, Br\u00e9sil, etc.). Convaincue qu\u2019un\u00a0s\u00e9jour d\u2019\u00e9tude \u00e0 l\u2019\u00e9tranger offrira \u00e0 ses \u00e9tudiants\u00a0non seulement une exp\u00e9rience n\u00e9cessaire pour\u00a0faire face aux d\u00e9fis que l\u2019internationalisation pose\u00a0aux juristes, mais \u00e9galement une maturit\u00e9 et un curriculum\u00a0vitae qui feront la diff\u00e9rence sur le march\u00e9\u00a0du travail, la Facult\u00e9 encourage la mobilit\u00e9 internationale\u00a0de ses \u00e9tudiants et poursuit encore l\u2019\u00e9largissement\u00a0de l\u2019offre des destinations.<\/p>\n<start-cask-shortcode-wrapper>\n<blockquote class=\"shortcode-testimonial scheme-right\">\n    <div class=\"testimonial-quote\">\n        <div>Mon Erasmus \u00e0 Milan\u00a0a \u00e9t\u00e9 une exp\u00e9rience\u00a0des plus enrichissantes.\u00a0J\u2019ai suivi des cours juridiques\u00a0tr\u00e8s int\u00e9ressants\u00a0li\u00e9s au droit europ\u00e9en\u00a0ou au droit international. Cela m\u2019a non seulement\u00a0permis d\u2019en&hellip;<\/div>\n                <a href=\"#testimonial-modal-188\" class=\"button-secondary open-testimonial scheme-border scheme-color-hover-important\">\n            Poursuivre la lecture <span class=\"icon umons-icon-tail-right\" aria-hidden=\"true\"><\/span>\n        <\/a>\n            <\/div>\n    <div class=\"testimonial-author\">\n                <div class=\"testimonial-picture\">\n            <img decoding=\"async\" src=\"https:\/\/web.umons.ac.be\/app\/uploads\/sites\/7\/2017\/05\/Local-EWH-23024-0-Adobe-Acrobat-Pro-DC-11-80x80.jpg\" alt=\"\" \/>\n        <\/div>\n                <div class=\"testimonial-text\">\n            <div class=\"testimonial-identity\">\n                <span class=\"testimonial-author-name\">Sarah Duly\u00e8re<\/span>\n                            <\/div>\n            <div class=\"testimonial-meta\">\n                                                <span class=\"testimonial-group\">Master en Droit, ULB, promotion 2016<\/span>\n                            <\/div>\n        <\/div>\n    <\/div>\n<\/blockquote>\n<div id=\"testimonial-modal-188\" class=\"testimonial-modal-wrap normal\" style=\"display: none;\">\n    <div class=\"shortcode-testimonial-modal\">\n        <blockquote class=\"shortcode-testimonial\">\n            <div class=\"testimonial-quote editor-front\">\n                                <blockquote class=\"highlighted-quote\">Mon Erasmus \u00e0 Milan a \u00e9t\u00e9 une exp\u00e9rience des plus enrichissantes.<\/blockquote>\n                                                <div class=\"testimonial-full-quote\"><p>Mon Erasmus \u00e0 Milan\u00a0a \u00e9t\u00e9 une exp\u00e9rience\u00a0des plus enrichissantes.\u00a0J\u2019ai suivi des cours juridiques\u00a0tr\u00e8s int\u00e9ressants\u00a0li\u00e9s au droit europ\u00e9en\u00a0ou au droit international. Cela m\u2019a non seulement\u00a0permis d\u2019enrichir ma formation juridique, mon\u00a0anglais mais \u00e9galement d\u2019apprendre l\u2019italien. J\u2019ai\u00a0rencontr\u00e9 des personnes extraordinaires et je les\u00a0visite r\u00e9guli\u00e8rement depuis. Mais plus que tout, un\u00a0Erasmus est un r\u00e9el atout : il d\u00e9montre une ouverture\u00a0d\u2019esprit et une grande capacit\u00e9 d\u2019adaptation.\u00a0Il ne faut pas sous-estimer la consid\u00e9ration que\u00a0les cabinets et les entreprises ont \u00e0 l\u2019\u00e9gard des\u00a0exp\u00e9riences \u00e0 l\u2019\u00e9tranger.\u201d<\/p>\n<\/div>\n                            <\/div>\n            <div class=\"testimonial-author\">\n                                <div class=\"testimonial-picture\">\n                    <img decoding=\"async\" src=\"https:\/\/web.umons.ac.be\/app\/uploads\/sites\/7\/2017\/05\/Local-EWH-23024-0-Adobe-Acrobat-Pro-DC-11-80x80.jpg\" alt=\"\" \/>\n                <\/div>\n                                <div class=\"testimonial-text\">\n                    <div class=\"testimonial-identity\">\n                        <span class=\"testimonial-author-name\">Sarah Duly\u00e8re<\/span>\n                                            <\/div>\n                    <div class=\"testimonial-meta\">\n                                                                        <span class=\"testimonial-group\">(Master en Droit, ULB, promotion 2016)<\/span>\n                                            <\/div>\n                <\/div>\n            <\/div>\n        <\/blockquote>\n    <\/div>\n<\/div>\n<end-cask-shortcode-wrapper>\n<p>&nbsp;<\/p>\n<p>Les s\u00e9jours Erasmus et s\u00e9jours hors Europe ont lieu\u00a0durant le premier quadrimestre du bloc 2 de Master\u00a0en Droit. Les \u00e9tudiants choisissent librement\u00a0leur destination. Lorsque le nombre de candidats\u00a0est sup\u00e9rieur au nombre de places disponibles\u00a0pour une destination, l\u2019attribution des places se fait\u00a0sur la base des r\u00e9sultats acad\u00e9miques.<\/p>\n","protected":false},"excerpt":{"rendered":"<p>La Facult\u00e9 de Droit et de Criminologie de l\u2019ULB\u00a0offre de multiples opportunit\u00e9s \u00e0 ses \u00e9tudiants\u00a0gr\u00e2ce \u00e0 plus de 60 partenariats de qualit\u00e9 en Europe\u00a0et dans le monde entier (Chine, Etats-Unis,\u00a0Vietnam, Japon, Br\u00e9sil, etc.). Convaincue qu\u2019un\u00a0s\u00e9jour d\u2019\u00e9tude \u00e0 l\u2019\u00e9tranger offrira \u00e0 ses \u00e9tudiants\u00a0non seulement une exp\u00e9rience n\u00e9cessaire pour\u00a0faire face aux d\u00e9fis que l\u2019internationalisation pose\u00a0aux juristes, mais [&hellip;]<\/p>\n","protected":false},"author":2,"featured_media":0,"parent":259,"menu_order":7,"comment_status":"closed","ping_status":"closed","template":"","meta":{"footnotes":""},"class_list":["post-303","page","type-page","status-publish","hentry"],"yoast_head":"<!-- This site is optimized with the Yoast SEO plugin v27.2 - https:\/\/yoast.com\/product\/yoast-seo-wordpress\/ -->\n<title>Partir en Erasmus - Ecole \/ DROIT<\/title>\n<meta name=\"robots\" content=\"index, follow, max-snippet:-1, max-image-preview:large, max-video-preview:-1\" \/>\n<link rel=\"canonical\" href=\"https:\/\/web.umons.ac.be\/droit\/fr\/etudes\/partir-en-erasmus\/\" \/>\n<meta property=\"og:locale\" content=\"fr_FR\" \/>\n<meta property=\"og:type\" content=\"article\" \/>\n<meta property=\"og:title\" content=\"Partir en Erasmus - Ecole \/ DROIT\" \/>\n<meta property=\"og:description\" content=\"La Facult\u00e9 de Droit et de Criminologie de l\u2019ULB\u00a0offre de multiples opportunit\u00e9s \u00e0 ses \u00e9tudiants\u00a0gr\u00e2ce \u00e0 plus de 60 partenariats de qualit\u00e9 en Europe\u00a0et dans le monde entier (Chine, Etats-Unis,\u00a0Vietnam, Japon, Br\u00e9sil, etc.). Convaincue qu\u2019un\u00a0s\u00e9jour d\u2019\u00e9tude \u00e0 l\u2019\u00e9tranger offrira \u00e0 ses \u00e9tudiants\u00a0non seulement une exp\u00e9rience n\u00e9cessaire pour\u00a0faire face aux d\u00e9fis que l\u2019internationalisation pose\u00a0aux juristes, mais [&hellip;]\" \/>\n<meta property=\"og:url\" content=\"https:\/\/web.umons.ac.be\/droit\/fr\/etudes\/partir-en-erasmus\/\" \/>\n<meta property=\"og:site_name\" content=\"Ecole \/ DROIT\" \/>\n<meta property=\"article:modified_time\" content=\"2017-12-01T10:47:54+00:00\" \/>\n<meta name=\"twitter:card\" content=\"summary_large_image\" \/>\n<meta name=\"twitter:label1\" content=\"Dur\u00e9e de lecture estim\u00e9e\" \/>\n\t<meta name=\"twitter:data1\" content=\"1 minute\" \/>\n<script type=\"application\/ld+json\" class=\"yoast-schema-graph\">{\"@context\":\"https:\/\/schema.org\",\"@graph\":[{\"@type\":\"WebPage\",\"@id\":\"https:\/\/web.umons.ac.be\/droit\/fr\/etudes\/partir-en-erasmus\/\",\"url\":\"https:\/\/web.umons.ac.be\/droit\/fr\/etudes\/partir-en-erasmus\/\",\"name\":\"Partir en Erasmus - Ecole \/ DROIT\",\"isPartOf\":{\"@id\":\"https:\/\/web.umons.ac.be\/droit\/#website\"},\"datePublished\":\"2017-07-03T15:01:35+00:00\",\"dateModified\":\"2017-12-01T10:47:54+00:00\",\"breadcrumb\":{\"@id\":\"https:\/\/web.umons.ac.be\/droit\/fr\/etudes\/partir-en-erasmus\/#breadcrumb\"},\"inLanguage\":\"fr-FR\",\"potentialAction\":[{\"@type\":\"ReadAction\",\"target\":[\"https:\/\/web.umons.ac.be\/droit\/fr\/etudes\/partir-en-erasmus\/\"]}]},{\"@type\":\"BreadcrumbList\",\"@id\":\"https:\/\/web.umons.ac.be\/droit\/fr\/etudes\/partir-en-erasmus\/#breadcrumb\",\"itemListElement\":[{\"@type\":\"ListItem\",\"position\":1,\"name\":\"Accueil\",\"item\":\"https:\/\/web.umons.ac.be\/droit\/\"},{\"@type\":\"ListItem\",\"position\":2,\"name\":\"Etudes\",\"item\":\"https:\/\/web.umons.ac.be\/droit\/fr\/etudes\/\"},{\"@type\":\"ListItem\",\"position\":3,\"name\":\"Partir en Erasmus\"}]},{\"@type\":\"WebSite\",\"@id\":\"https:\/\/web.umons.ac.be\/droit\/#website\",\"url\":\"https:\/\/web.umons.ac.be\/droit\/\",\"name\":\"Ecole \/ DROIT\",\"description\":\"hgqdfjkghqdfjk\",\"potentialAction\":[{\"@type\":\"SearchAction\",\"target\":{\"@type\":\"EntryPoint\",\"urlTemplate\":\"https:\/\/web.umons.ac.be\/droit\/?s={search_term_string}\"},\"query-input\":{\"@type\":\"PropertyValueSpecification\",\"valueRequired\":true,\"valueName\":\"search_term_string\"}}],\"inLanguage\":\"fr-FR\"}]}<\/script>\n<!-- \/ Yoast SEO plugin. -->","yoast_head_json":{"title":"Partir en Erasmus - Ecole \/ DROIT","robots":{"index":"index","follow":"follow","max-snippet":"max-snippet:-1","max-image-preview":"max-image-preview:large","max-video-preview":"max-video-preview:-1"},"canonical":"https:\/\/web.umons.ac.be\/droit\/fr\/etudes\/partir-en-erasmus\/","og_locale":"fr_FR","og_type":"article","og_title":"Partir en Erasmus - Ecole \/ DROIT","og_description":"La Facult\u00e9 de Droit et de Criminologie de l\u2019ULB\u00a0offre de multiples opportunit\u00e9s \u00e0 ses \u00e9tudiants\u00a0gr\u00e2ce \u00e0 plus de 60 partenariats de qualit\u00e9 en Europe\u00a0et dans le monde entier (Chine, Etats-Unis,\u00a0Vietnam, Japon, Br\u00e9sil, etc.). Convaincue qu\u2019un\u00a0s\u00e9jour d\u2019\u00e9tude \u00e0 l\u2019\u00e9tranger offrira \u00e0 ses \u00e9tudiants\u00a0non seulement une exp\u00e9rience n\u00e9cessaire pour\u00a0faire face aux d\u00e9fis que l\u2019internationalisation pose\u00a0aux juristes, mais [&hellip;]","og_url":"https:\/\/web.umons.ac.be\/droit\/fr\/etudes\/partir-en-erasmus\/","og_site_name":"Ecole \/ DROIT","article_modified_time":"2017-12-01T10:47:54+00:00","twitter_card":"summary_large_image","twitter_misc":{"Dur\u00e9e de lecture estim\u00e9e":"1 minute"},"schema":{"@context":"https:\/\/schema.org","@graph":[{"@type":"WebPage","@id":"https:\/\/web.umons.ac.be\/droit\/fr\/etudes\/partir-en-erasmus\/","url":"https:\/\/web.umons.ac.be\/droit\/fr\/etudes\/partir-en-erasmus\/","name":"Partir en Erasmus - Ecole \/ DROIT","isPartOf":{"@id":"https:\/\/web.umons.ac.be\/droit\/#website"},"datePublished":"2017-07-03T15:01:35+00:00","dateModified":"2017-12-01T10:47:54+00:00","breadcrumb":{"@id":"https:\/\/web.umons.ac.be\/droit\/fr\/etudes\/partir-en-erasmus\/#breadcrumb"},"inLanguage":"fr-FR","potentialAction":[{"@type":"ReadAction","target":["https:\/\/web.umons.ac.be\/droit\/fr\/etudes\/partir-en-erasmus\/"]}]},{"@type":"BreadcrumbList","@id":"https:\/\/web.umons.ac.be\/droit\/fr\/etudes\/partir-en-erasmus\/#breadcrumb","itemListElement":[{"@type":"ListItem","position":1,"name":"Accueil","item":"https:\/\/web.umons.ac.be\/droit\/"},{"@type":"ListItem","position":2,"name":"Etudes","item":"https:\/\/web.umons.ac.be\/droit\/fr\/etudes\/"},{"@type":"ListItem","position":3,"name":"Partir en Erasmus"}]},{"@type":"WebSite","@id":"https:\/\/web.umons.ac.be\/droit\/#website","url":"https:\/\/web.umons.ac.be\/droit\/","name":"Ecole \/ DROIT","description":"hgqdfjkghqdfjk","potentialAction":[{"@type":"SearchAction","target":{"@type":"EntryPoint","urlTemplate":"https:\/\/web.umons.ac.be\/droit\/?s={search_term_string}"},"query-input":{"@type":"PropertyValueSpecification","valueRequired":true,"valueName":"search_term_string"}}],"inLanguage":"fr-FR"}]}},"lang":"fr","translations":{"fr":303,"en":638},"pll_sync_post":[],"_links":{"self":[{"href":"https:\/\/web.umons.ac.be\/droit\/wp-json\/wp\/v2\/pages\/303","targetHints":{"allow":["GET"]}}],"collection":[{"href":"https:\/\/web.umons.ac.be\/droit\/wp-json\/wp\/v2\/pages"}],"about":[{"href":"https:\/\/web.umons.ac.be\/droit\/wp-json\/wp\/v2\/types\/page"}],"author":[{"embeddable":true,"href":"https:\/\/web.umons.ac.be\/droit\/wp-json\/wp\/v2\/users\/2"}],"replies":[{"embeddable":true,"href":"https:\/\/web.umons.ac.be\/droit\/wp-json\/wp\/v2\/comments?post=303"}],"version-history":[{"count":3,"href":"https:\/\/web.umons.ac.be\/droit\/wp-json\/wp\/v2\/pages\/303\/revisions"}],"predecessor-version":[{"id":554,"href":"https:\/\/web.umons.ac.be\/droit\/wp-json\/wp\/v2\/pages\/303\/revisions\/554"}],"up":[{"embeddable":true,"href":"https:\/\/web.umons.ac.be\/droit\/wp-json\/wp\/v2\/pages\/259"}],"wp:attachment":[{"href":"https:\/\/web.umons.ac.be\/droit\/wp-json\/wp\/v2\/media?parent=303"}],"curies":[{"name":"wp","href":"https:\/\/api.w.org\/{rel}","templated":true}]}}