{"id":309,"date":"2017-07-03T17:14:07","date_gmt":"2017-07-03T15:14:07","guid":{"rendered":"https:\/\/web.umons.ac.be\/droit\/?page_id=309"},"modified":"2018-01-04T11:08:53","modified_gmt":"2018-01-04T10:08:53","slug":"debouches","status":"publish","type":"page","link":"https:\/\/web.umons.ac.be\/droit\/fr\/etudes\/debouches\/","title":{"rendered":"D\u00e9bouch\u00e9s"},"content":{"rendered":"<p>Les \u00e9tudes de Droit pr\u00e9parent \u00e0 une grande diversit\u00e9 de professions juridiques. L&rsquo;abondance des d\u00e9bouch\u00e9s est une r\u00e9alit\u00e9. L&rsquo;activit\u00e9 judiciaire occupe certes un certain nombre de juristes (on pense bien souvent aux m\u00e9tiers de magistrat, d&rsquo;avocat ou encore d&rsquo;huissier de justice), mais il serait toutefois r\u00e9ducteur de se limiter \u00e0 cela. Face \u00e0 la complexification du droit, le juriste d&rsquo;entreprise est d\u00e9sormais particuli\u00e8rement recherch\u00e9 tant dans le secteur public que dans le priv\u00e9.<\/p>\n<start-cask-shortcode-wrapper>\n<blockquote class=\"shortcode-testimonial scheme-right\">\n    <div class=\"testimonial-quote\">\n        <div>Faire le Droit \u00e0 Mons\u00a0\u00e9tait une \u00e9vidence pour\u00a0moi. J\u2019ai tout de suite \u00e9t\u00e9\u00a0s\u00e9duite par la convivialit\u00e9\u00a0des lieux de cette ville\u00a0accueillante. Je me souviens encore de la disponibilit\u00e9\u00a0des professeurs q&hellip;<\/div>\n                <a href=\"#testimonial-modal-191\" class=\"button-secondary open-testimonial scheme-border scheme-color-hover-important\">\n            Poursuivre la lecture <span class=\"icon umons-icon-tail-right\" aria-hidden=\"true\"><\/span>\n        <\/a>\n            <\/div>\n    <div class=\"testimonial-author\">\n                <div class=\"testimonial-picture\">\n            <img decoding=\"async\" src=\"https:\/\/web.umons.ac.be\/app\/uploads\/sites\/7\/2017\/05\/Local-EWH-23024-0-Adobe-Acrobat-Pro-DC-12-80x80.jpg\" alt=\"\" \/>\n        <\/div>\n                <div class=\"testimonial-text\">\n            <div class=\"testimonial-identity\">\n                <span class=\"testimonial-author-name\">Justine Kempeneers<\/span>\n                            <\/div>\n            <div class=\"testimonial-meta\">\n                                <span class=\"testimonial-position\">Juriste d\u2019entreprise de la fonction publique<\/span>\n                                            <\/div>\n        <\/div>\n    <\/div>\n<\/blockquote>\n<div id=\"testimonial-modal-191\" class=\"testimonial-modal-wrap normal\" style=\"display: none;\">\n    <div class=\"shortcode-testimonial-modal\">\n        <blockquote class=\"shortcode-testimonial\">\n            <div class=\"testimonial-quote editor-front\">\n                                <blockquote class=\"highlighted-quote\">Faire le Droit \u00e0 Mons \u00e9tait une \u00e9vidence pour moi. J\u2019ai tout de suite \u00e9t\u00e9 s\u00e9duite par la convivialit\u00e9 des lieux de cette ville accueillante.<\/blockquote>\n                                                <div class=\"testimonial-full-quote\"><p>Faire le Droit \u00e0 Mons\u00a0\u00e9tait une \u00e9vidence pour\u00a0moi. J\u2019ai tout de suite \u00e9t\u00e9\u00a0s\u00e9duite par la convivialit\u00e9\u00a0des lieux de cette ville\u00a0accueillante. Je me souviens encore de la disponibilit\u00e9\u00a0des professeurs qui avaient \u00e0 coeur de\u00a0pousser les \u00e9tudiants vers la r\u00e9ussite. Aujourd\u2019hui,\u00a0je travaille au sein de la Soci\u00e9t\u00e9 de Logement de\u00a0Service Public de Charleroi. J\u2019appr\u00e9hende au\u00a0quotidien des normes l\u00e9gislatives mais je suis\u00a0aussi et surtout, perp\u00e9tuellement confront\u00e9e \u00e0 des\u00a0rapports humains in\u00e9luctablement li\u00e9s et n\u00e9cessaires\u00a0\u00e0 la sph\u00e8re sociale dans laquelle j\u2019\u00e9volue.\u201d<\/p>\n<\/div>\n                            <\/div>\n            <div class=\"testimonial-author\">\n                                <div class=\"testimonial-picture\">\n                    <img decoding=\"async\" src=\"https:\/\/web.umons.ac.be\/app\/uploads\/sites\/7\/2017\/05\/Local-EWH-23024-0-Adobe-Acrobat-Pro-DC-12-80x80.jpg\" alt=\"\" \/>\n                <\/div>\n                                <div class=\"testimonial-text\">\n                    <div class=\"testimonial-identity\">\n                        <span class=\"testimonial-author-name\">Justine Kempeneers<\/span>\n                                            <\/div>\n                    <div class=\"testimonial-meta\">\n                                                <span class=\"testimonial-position\">Juriste d\u2019entreprise de la fonction publique<\/span>\n                                                                    <\/div>\n                <\/div>\n            <\/div>\n        <\/blockquote>\n    <\/div>\n<\/div>\n<end-cask-shortcode-wrapper>\n<p>&nbsp;<\/p>\n<p>&nbsp;<\/p>\n<p><iframe loading=\"lazy\" title=\"Les m\u00e9tiers du droit - Substitut du Procureur G\u00e9n\u00e9ral\" width=\"500\" height=\"281\" src=\"https:\/\/www.youtube.com\/embed\/y4qUU87FZZo?feature=oembed\" frameborder=\"0\" allow=\"accelerometer; autoplay; clipboard-write; encrypted-media; gyroscope; picture-in-picture; web-share\" referrerpolicy=\"strict-origin-when-cross-origin\" allowfullscreen><\/iframe><\/p>\n","protected":false},"excerpt":{"rendered":"<p>Les \u00e9tudes de Droit pr\u00e9parent \u00e0 une grande diversit\u00e9 de professions juridiques. L&rsquo;abondance des d\u00e9bouch\u00e9s est une r\u00e9alit\u00e9. L&rsquo;activit\u00e9 judiciaire occupe certes un certain nombre de juristes (on pense bien souvent aux m\u00e9tiers de magistrat, d&rsquo;avocat ou encore d&rsquo;huissier de justice), mais il serait toutefois r\u00e9ducteur de se limiter \u00e0 cela. Face \u00e0 la complexification [&hellip;]<\/p>\n","protected":false},"author":2,"featured_media":0,"parent":259,"menu_order":5,"comment_status":"closed","ping_status":"closed","template":"","meta":{"footnotes":""},"class_list":["post-309","page","type-page","status-publish","hentry"],"yoast_head":"<!-- This site is optimized with the Yoast SEO plugin v27.2 - https:\/\/yoast.com\/product\/yoast-seo-wordpress\/ -->\n<title>D\u00e9bouch\u00e9s - Ecole \/ DROIT<\/title>\n<meta name=\"robots\" content=\"index, follow, max-snippet:-1, max-image-preview:large, max-video-preview:-1\" \/>\n<link rel=\"canonical\" href=\"https:\/\/web.umons.ac.be\/droit\/fr\/etudes\/debouches\/\" \/>\n<meta property=\"og:locale\" content=\"fr_FR\" \/>\n<meta property=\"og:type\" content=\"article\" \/>\n<meta property=\"og:title\" content=\"D\u00e9bouch\u00e9s - Ecole \/ DROIT\" \/>\n<meta property=\"og:description\" content=\"Les \u00e9tudes de Droit pr\u00e9parent \u00e0 une grande diversit\u00e9 de professions juridiques. L&rsquo;abondance des d\u00e9bouch\u00e9s est une r\u00e9alit\u00e9. L&rsquo;activit\u00e9 judiciaire occupe certes un certain nombre de juristes (on pense bien souvent aux m\u00e9tiers de magistrat, d&rsquo;avocat ou encore d&rsquo;huissier de justice), mais il serait toutefois r\u00e9ducteur de se limiter \u00e0 cela. Face \u00e0 la complexification [&hellip;]\" \/>\n<meta property=\"og:url\" content=\"https:\/\/web.umons.ac.be\/droit\/fr\/etudes\/debouches\/\" \/>\n<meta property=\"og:site_name\" content=\"Ecole \/ DROIT\" \/>\n<meta property=\"article:modified_time\" content=\"2018-01-04T10:08:53+00:00\" \/>\n<meta name=\"twitter:card\" content=\"summary_large_image\" \/>\n<script type=\"application\/ld+json\" class=\"yoast-schema-graph\">{\"@context\":\"https:\/\/schema.org\",\"@graph\":[{\"@type\":\"WebPage\",\"@id\":\"https:\/\/web.umons.ac.be\/droit\/fr\/etudes\/debouches\/\",\"url\":\"https:\/\/web.umons.ac.be\/droit\/fr\/etudes\/debouches\/\",\"name\":\"D\u00e9bouch\u00e9s - Ecole \/ DROIT\",\"isPartOf\":{\"@id\":\"https:\/\/web.umons.ac.be\/droit\/#website\"},\"datePublished\":\"2017-07-03T15:14:07+00:00\",\"dateModified\":\"2018-01-04T10:08:53+00:00\",\"breadcrumb\":{\"@id\":\"https:\/\/web.umons.ac.be\/droit\/fr\/etudes\/debouches\/#breadcrumb\"},\"inLanguage\":\"fr-FR\",\"potentialAction\":[{\"@type\":\"ReadAction\",\"target\":[\"https:\/\/web.umons.ac.be\/droit\/fr\/etudes\/debouches\/\"]}]},{\"@type\":\"BreadcrumbList\",\"@id\":\"https:\/\/web.umons.ac.be\/droit\/fr\/etudes\/debouches\/#breadcrumb\",\"itemListElement\":[{\"@type\":\"ListItem\",\"position\":1,\"name\":\"Accueil\",\"item\":\"https:\/\/web.umons.ac.be\/droit\/\"},{\"@type\":\"ListItem\",\"position\":2,\"name\":\"Etudes\",\"item\":\"https:\/\/web.umons.ac.be\/droit\/fr\/etudes\/\"},{\"@type\":\"ListItem\",\"position\":3,\"name\":\"D\u00e9bouch\u00e9s\"}]},{\"@type\":\"WebSite\",\"@id\":\"https:\/\/web.umons.ac.be\/droit\/#website\",\"url\":\"https:\/\/web.umons.ac.be\/droit\/\",\"name\":\"Ecole \/ DROIT\",\"description\":\"hgqdfjkghqdfjk\",\"potentialAction\":[{\"@type\":\"SearchAction\",\"target\":{\"@type\":\"EntryPoint\",\"urlTemplate\":\"https:\/\/web.umons.ac.be\/droit\/?s={search_term_string}\"},\"query-input\":{\"@type\":\"PropertyValueSpecification\",\"valueRequired\":true,\"valueName\":\"search_term_string\"}}],\"inLanguage\":\"fr-FR\"}]}<\/script>\n<!-- \/ Yoast SEO plugin. -->","yoast_head_json":{"title":"D\u00e9bouch\u00e9s - Ecole \/ DROIT","robots":{"index":"index","follow":"follow","max-snippet":"max-snippet:-1","max-image-preview":"max-image-preview:large","max-video-preview":"max-video-preview:-1"},"canonical":"https:\/\/web.umons.ac.be\/droit\/fr\/etudes\/debouches\/","og_locale":"fr_FR","og_type":"article","og_title":"D\u00e9bouch\u00e9s - Ecole \/ DROIT","og_description":"Les \u00e9tudes de Droit pr\u00e9parent \u00e0 une grande diversit\u00e9 de professions juridiques. L&rsquo;abondance des d\u00e9bouch\u00e9s est une r\u00e9alit\u00e9. L&rsquo;activit\u00e9 judiciaire occupe certes un certain nombre de juristes (on pense bien souvent aux m\u00e9tiers de magistrat, d&rsquo;avocat ou encore d&rsquo;huissier de justice), mais il serait toutefois r\u00e9ducteur de se limiter \u00e0 cela. Face \u00e0 la complexification [&hellip;]","og_url":"https:\/\/web.umons.ac.be\/droit\/fr\/etudes\/debouches\/","og_site_name":"Ecole \/ DROIT","article_modified_time":"2018-01-04T10:08:53+00:00","twitter_card":"summary_large_image","schema":{"@context":"https:\/\/schema.org","@graph":[{"@type":"WebPage","@id":"https:\/\/web.umons.ac.be\/droit\/fr\/etudes\/debouches\/","url":"https:\/\/web.umons.ac.be\/droit\/fr\/etudes\/debouches\/","name":"D\u00e9bouch\u00e9s - Ecole \/ DROIT","isPartOf":{"@id":"https:\/\/web.umons.ac.be\/droit\/#website"},"datePublished":"2017-07-03T15:14:07+00:00","dateModified":"2018-01-04T10:08:53+00:00","breadcrumb":{"@id":"https:\/\/web.umons.ac.be\/droit\/fr\/etudes\/debouches\/#breadcrumb"},"inLanguage":"fr-FR","potentialAction":[{"@type":"ReadAction","target":["https:\/\/web.umons.ac.be\/droit\/fr\/etudes\/debouches\/"]}]},{"@type":"BreadcrumbList","@id":"https:\/\/web.umons.ac.be\/droit\/fr\/etudes\/debouches\/#breadcrumb","itemListElement":[{"@type":"ListItem","position":1,"name":"Accueil","item":"https:\/\/web.umons.ac.be\/droit\/"},{"@type":"ListItem","position":2,"name":"Etudes","item":"https:\/\/web.umons.ac.be\/droit\/fr\/etudes\/"},{"@type":"ListItem","position":3,"name":"D\u00e9bouch\u00e9s"}]},{"@type":"WebSite","@id":"https:\/\/web.umons.ac.be\/droit\/#website","url":"https:\/\/web.umons.ac.be\/droit\/","name":"Ecole \/ DROIT","description":"hgqdfjkghqdfjk","potentialAction":[{"@type":"SearchAction","target":{"@type":"EntryPoint","urlTemplate":"https:\/\/web.umons.ac.be\/droit\/?s={search_term_string}"},"query-input":{"@type":"PropertyValueSpecification","valueRequired":true,"valueName":"search_term_string"}}],"inLanguage":"fr-FR"}]}},"lang":"fr","translations":{"fr":309,"en":363},"pll_sync_post":[],"_links":{"self":[{"href":"https:\/\/web.umons.ac.be\/droit\/wp-json\/wp\/v2\/pages\/309","targetHints":{"allow":["GET"]}}],"collection":[{"href":"https:\/\/web.umons.ac.be\/droit\/wp-json\/wp\/v2\/pages"}],"about":[{"href":"https:\/\/web.umons.ac.be\/droit\/wp-json\/wp\/v2\/types\/page"}],"author":[{"embeddable":true,"href":"https:\/\/web.umons.ac.be\/droit\/wp-json\/wp\/v2\/users\/2"}],"replies":[{"embeddable":true,"href":"https:\/\/web.umons.ac.be\/droit\/wp-json\/wp\/v2\/comments?post=309"}],"version-history":[{"count":2,"href":"https:\/\/web.umons.ac.be\/droit\/wp-json\/wp\/v2\/pages\/309\/revisions"}],"predecessor-version":[{"id":611,"href":"https:\/\/web.umons.ac.be\/droit\/wp-json\/wp\/v2\/pages\/309\/revisions\/611"}],"up":[{"embeddable":true,"href":"https:\/\/web.umons.ac.be\/droit\/wp-json\/wp\/v2\/pages\/259"}],"wp:attachment":[{"href":"https:\/\/web.umons.ac.be\/droit\/wp-json\/wp\/v2\/media?parent=309"}],"curies":[{"name":"wp","href":"https:\/\/api.w.org\/{rel}","templated":true}]}}