{"id":312,"date":"2017-07-03T17:14:36","date_gmt":"2017-07-03T15:14:36","guid":{"rendered":"https:\/\/web.umons.ac.be\/droit\/?page_id=312"},"modified":"2017-12-01T11:42:13","modified_gmt":"2017-12-01T10:42:13","slug":"les-metiers-du-droit","status":"publish","type":"page","link":"https:\/\/web.umons.ac.be\/droit\/fr\/etudes\/debouches\/les-metiers-du-droit\/","title":{"rendered":"Les m\u00e9tiers du droit"},"content":{"rendered":"<p>A l&rsquo;issue de son Master en Droit, l&rsquo;\u00e9tudiant pourra s&rsquo;orienter directement vers les m\u00e9tiers suivants (certaines professions exigent toutefois des conditions compl\u00e9mentaires) :<\/p>\n<ul>\n<li>Avocat (un stage de trois ans est indispensable pour s\u2019inscrire \u00e0 l\u2019Ordre des avocats)<\/li>\n<li>Juge, Magistrat de parquet (l\u2019acc\u00e8s \u00e0 la profession n\u00e9cessite la r\u00e9ussite d\u2019un concours d\u2019admission au stage judiciaire)<\/li>\n<li>Notaire (moyennant l\u2019obtention du Master de Sp\u00e9cialisation en Notariat et la r\u00e9ussite d\u2019un stage de trois ans)<\/li>\n<li>Huissier de justice (deux ans de stage sont exig\u00e9s pour acc\u00e9der \u00e0 la profession)<\/li>\n<li>Greffier<\/li>\n<li>M\u00e9diateur (formation en m\u00e9diation familiale, commerciale, sociale, etc. accessible dans un centre agr\u00e9\u00e9)<\/li>\n<li>Juriste d\u2019entreprise au sein d\u2019institution ou d\u2019administration\u00a0(r\u00e9gionale, f\u00e9d\u00e9rale, europ\u00e9enne&#8230;) :\u00a0juriste-r\u00e9viseur \u00e0 la Commission europ\u00e9enne,\u00a0juriste-linguiste au Parlement europ\u00e9en, juriste \u00e0\u00a0la police f\u00e9d\u00e9rale\/locale, au Service Public des\u00a0Finances, au Service Public de Wallonie, au service\u00a0juridique d\u2019un CPAS, etc.<\/li>\n<li>Juriste au sein d\u2019entreprises, de banques, de\u00a0compagnies d\u2019assurance, etc.<\/li>\n<li>Juriste d\u2019entreprise \u00e0 finalit\u00e9 priv\u00e9e au sein d\u2019entreprises industrielles et commerciales, de banques, de compagnies d\u2019assurance\u2026<\/li>\n<li>Conseiller juridique dans le secteur associatif : associations de d\u00e9fense de droits fondamentaux, associations d\u2019aide aux victimes, organisations syndicales, ONG (Amnesty International, Croix-Rouge) &#8230;<\/li>\n<li>R\u00e9f\u00e9rendaire (pr\u00e8s la Cour de cassation\u2026)<\/li>\n<li>Auditeur juridique<\/li>\n<li>Attach\u00e9 parlementaire et minist\u00e9riel<\/li>\n<li>Enseignant, chercheur<\/li>\n<li>\u2026<\/li>\n<\/ul>\n<p>Les juristes s\u00e9duisent sur le march\u00e9 de l\u2019emploi\u00a0par leurs connaissances juridiques et leur parfaite\u00a0ma\u00eetrise des rouages institutionnels. Leur capacit\u00e9\u00a0d\u2019analyse, leur esprit critique et leur savoir pointu\u00a0leur permettent \u00e9galement de se positionner dans\u00a0d\u2019autres domaines tels que le journalisme, la politique\u00a0ou encore la gestion d\u2019entreprise.<\/p>\n","protected":false},"excerpt":{"rendered":"<p>A l&rsquo;issue de son Master en Droit, l&rsquo;\u00e9tudiant pourra s&rsquo;orienter directement vers les m\u00e9tiers suivants (certaines professions exigent toutefois des conditions compl\u00e9mentaires) : Avocat (un stage de trois ans est indispensable pour s\u2019inscrire \u00e0 l\u2019Ordre des avocats) Juge, Magistrat de parquet (l\u2019acc\u00e8s \u00e0 la profession n\u00e9cessite la r\u00e9ussite d\u2019un concours d\u2019admission au stage judiciaire) Notaire [&hellip;]<\/p>\n","protected":false},"author":2,"featured_media":0,"parent":309,"menu_order":0,"comment_status":"closed","ping_status":"closed","template":"","meta":{"footnotes":""},"class_list":["post-312","page","type-page","status-publish","hentry"],"yoast_head":"<!-- This site is optimized with the Yoast SEO plugin v27.2 - https:\/\/yoast.com\/product\/yoast-seo-wordpress\/ -->\n<title>Les m\u00e9tiers du droit - Ecole \/ DROIT<\/title>\n<meta name=\"robots\" content=\"index, follow, max-snippet:-1, max-image-preview:large, max-video-preview:-1\" \/>\n<link rel=\"canonical\" href=\"https:\/\/web.umons.ac.be\/droit\/fr\/etudes\/debouches\/les-metiers-du-droit\/\" \/>\n<meta property=\"og:locale\" content=\"fr_FR\" \/>\n<meta property=\"og:type\" content=\"article\" \/>\n<meta property=\"og:title\" content=\"Les m\u00e9tiers du droit - Ecole \/ DROIT\" \/>\n<meta property=\"og:description\" content=\"A l&rsquo;issue de son Master en Droit, l&rsquo;\u00e9tudiant pourra s&rsquo;orienter directement vers les m\u00e9tiers suivants (certaines professions exigent toutefois des conditions compl\u00e9mentaires) : Avocat (un stage de trois ans est indispensable pour s\u2019inscrire \u00e0 l\u2019Ordre des avocats) Juge, Magistrat de parquet (l\u2019acc\u00e8s \u00e0 la profession n\u00e9cessite la r\u00e9ussite d\u2019un concours d\u2019admission au stage judiciaire) Notaire [&hellip;]\" \/>\n<meta property=\"og:url\" content=\"https:\/\/web.umons.ac.be\/droit\/fr\/etudes\/debouches\/les-metiers-du-droit\/\" \/>\n<meta property=\"og:site_name\" content=\"Ecole \/ DROIT\" \/>\n<meta property=\"article:modified_time\" content=\"2017-12-01T10:42:13+00:00\" \/>\n<meta name=\"twitter:card\" content=\"summary_large_image\" \/>\n<meta name=\"twitter:label1\" content=\"Dur\u00e9e de lecture estim\u00e9e\" \/>\n\t<meta name=\"twitter:data1\" content=\"2 minutes\" \/>\n<script type=\"application\/ld+json\" class=\"yoast-schema-graph\">{\"@context\":\"https:\/\/schema.org\",\"@graph\":[{\"@type\":\"WebPage\",\"@id\":\"https:\/\/web.umons.ac.be\/droit\/fr\/etudes\/debouches\/les-metiers-du-droit\/\",\"url\":\"https:\/\/web.umons.ac.be\/droit\/fr\/etudes\/debouches\/les-metiers-du-droit\/\",\"name\":\"Les m\u00e9tiers du droit - Ecole \/ DROIT\",\"isPartOf\":{\"@id\":\"https:\/\/web.umons.ac.be\/droit\/#website\"},\"datePublished\":\"2017-07-03T15:14:36+00:00\",\"dateModified\":\"2017-12-01T10:42:13+00:00\",\"breadcrumb\":{\"@id\":\"https:\/\/web.umons.ac.be\/droit\/fr\/etudes\/debouches\/les-metiers-du-droit\/#breadcrumb\"},\"inLanguage\":\"fr-FR\",\"potentialAction\":[{\"@type\":\"ReadAction\",\"target\":[\"https:\/\/web.umons.ac.be\/droit\/fr\/etudes\/debouches\/les-metiers-du-droit\/\"]}]},{\"@type\":\"BreadcrumbList\",\"@id\":\"https:\/\/web.umons.ac.be\/droit\/fr\/etudes\/debouches\/les-metiers-du-droit\/#breadcrumb\",\"itemListElement\":[{\"@type\":\"ListItem\",\"position\":1,\"name\":\"Accueil\",\"item\":\"https:\/\/web.umons.ac.be\/droit\/\"},{\"@type\":\"ListItem\",\"position\":2,\"name\":\"Etudes\",\"item\":\"https:\/\/web.umons.ac.be\/droit\/fr\/etudes\/\"},{\"@type\":\"ListItem\",\"position\":3,\"name\":\"D\u00e9bouch\u00e9s\",\"item\":\"https:\/\/web.umons.ac.be\/droit\/fr\/etudes\/debouches\/\"},{\"@type\":\"ListItem\",\"position\":4,\"name\":\"Les m\u00e9tiers du droit\"}]},{\"@type\":\"WebSite\",\"@id\":\"https:\/\/web.umons.ac.be\/droit\/#website\",\"url\":\"https:\/\/web.umons.ac.be\/droit\/\",\"name\":\"Ecole \/ DROIT\",\"description\":\"hgqdfjkghqdfjk\",\"potentialAction\":[{\"@type\":\"SearchAction\",\"target\":{\"@type\":\"EntryPoint\",\"urlTemplate\":\"https:\/\/web.umons.ac.be\/droit\/?s={search_term_string}\"},\"query-input\":{\"@type\":\"PropertyValueSpecification\",\"valueRequired\":true,\"valueName\":\"search_term_string\"}}],\"inLanguage\":\"fr-FR\"}]}<\/script>\n<!-- \/ Yoast SEO plugin. -->","yoast_head_json":{"title":"Les m\u00e9tiers du droit - Ecole \/ DROIT","robots":{"index":"index","follow":"follow","max-snippet":"max-snippet:-1","max-image-preview":"max-image-preview:large","max-video-preview":"max-video-preview:-1"},"canonical":"https:\/\/web.umons.ac.be\/droit\/fr\/etudes\/debouches\/les-metiers-du-droit\/","og_locale":"fr_FR","og_type":"article","og_title":"Les m\u00e9tiers du droit - Ecole \/ DROIT","og_description":"A l&rsquo;issue de son Master en Droit, l&rsquo;\u00e9tudiant pourra s&rsquo;orienter directement vers les m\u00e9tiers suivants (certaines professions exigent toutefois des conditions compl\u00e9mentaires) : Avocat (un stage de trois ans est indispensable pour s\u2019inscrire \u00e0 l\u2019Ordre des avocats) Juge, Magistrat de parquet (l\u2019acc\u00e8s \u00e0 la profession n\u00e9cessite la r\u00e9ussite d\u2019un concours d\u2019admission au stage judiciaire) Notaire [&hellip;]","og_url":"https:\/\/web.umons.ac.be\/droit\/fr\/etudes\/debouches\/les-metiers-du-droit\/","og_site_name":"Ecole \/ DROIT","article_modified_time":"2017-12-01T10:42:13+00:00","twitter_card":"summary_large_image","twitter_misc":{"Dur\u00e9e de lecture estim\u00e9e":"2 minutes"},"schema":{"@context":"https:\/\/schema.org","@graph":[{"@type":"WebPage","@id":"https:\/\/web.umons.ac.be\/droit\/fr\/etudes\/debouches\/les-metiers-du-droit\/","url":"https:\/\/web.umons.ac.be\/droit\/fr\/etudes\/debouches\/les-metiers-du-droit\/","name":"Les m\u00e9tiers du droit - Ecole \/ DROIT","isPartOf":{"@id":"https:\/\/web.umons.ac.be\/droit\/#website"},"datePublished":"2017-07-03T15:14:36+00:00","dateModified":"2017-12-01T10:42:13+00:00","breadcrumb":{"@id":"https:\/\/web.umons.ac.be\/droit\/fr\/etudes\/debouches\/les-metiers-du-droit\/#breadcrumb"},"inLanguage":"fr-FR","potentialAction":[{"@type":"ReadAction","target":["https:\/\/web.umons.ac.be\/droit\/fr\/etudes\/debouches\/les-metiers-du-droit\/"]}]},{"@type":"BreadcrumbList","@id":"https:\/\/web.umons.ac.be\/droit\/fr\/etudes\/debouches\/les-metiers-du-droit\/#breadcrumb","itemListElement":[{"@type":"ListItem","position":1,"name":"Accueil","item":"https:\/\/web.umons.ac.be\/droit\/"},{"@type":"ListItem","position":2,"name":"Etudes","item":"https:\/\/web.umons.ac.be\/droit\/fr\/etudes\/"},{"@type":"ListItem","position":3,"name":"D\u00e9bouch\u00e9s","item":"https:\/\/web.umons.ac.be\/droit\/fr\/etudes\/debouches\/"},{"@type":"ListItem","position":4,"name":"Les m\u00e9tiers du droit"}]},{"@type":"WebSite","@id":"https:\/\/web.umons.ac.be\/droit\/#website","url":"https:\/\/web.umons.ac.be\/droit\/","name":"Ecole \/ DROIT","description":"hgqdfjkghqdfjk","potentialAction":[{"@type":"SearchAction","target":{"@type":"EntryPoint","urlTemplate":"https:\/\/web.umons.ac.be\/droit\/?s={search_term_string}"},"query-input":{"@type":"PropertyValueSpecification","valueRequired":true,"valueName":"search_term_string"}}],"inLanguage":"fr-FR"}]}},"lang":"fr","translations":{"fr":312,"en":366},"pll_sync_post":[],"_links":{"self":[{"href":"https:\/\/web.umons.ac.be\/droit\/wp-json\/wp\/v2\/pages\/312","targetHints":{"allow":["GET"]}}],"collection":[{"href":"https:\/\/web.umons.ac.be\/droit\/wp-json\/wp\/v2\/pages"}],"about":[{"href":"https:\/\/web.umons.ac.be\/droit\/wp-json\/wp\/v2\/types\/page"}],"author":[{"embeddable":true,"href":"https:\/\/web.umons.ac.be\/droit\/wp-json\/wp\/v2\/users\/2"}],"replies":[{"embeddable":true,"href":"https:\/\/web.umons.ac.be\/droit\/wp-json\/wp\/v2\/comments?post=312"}],"version-history":[{"count":4,"href":"https:\/\/web.umons.ac.be\/droit\/wp-json\/wp\/v2\/pages\/312\/revisions"}],"predecessor-version":[{"id":552,"href":"https:\/\/web.umons.ac.be\/droit\/wp-json\/wp\/v2\/pages\/312\/revisions\/552"}],"up":[{"embeddable":true,"href":"https:\/\/web.umons.ac.be\/droit\/wp-json\/wp\/v2\/pages\/309"}],"wp:attachment":[{"href":"https:\/\/web.umons.ac.be\/droit\/wp-json\/wp\/v2\/media?parent=312"}],"curies":[{"name":"wp","href":"https:\/\/api.w.org\/{rel}","templated":true}]}}