{"id":318,"date":"2017-07-03T17:15:44","date_gmt":"2017-07-03T15:15:44","guid":{"rendered":"https:\/\/web.umons.ac.be\/droit\/?page_id=318"},"modified":"2017-12-01T11:44:51","modified_gmt":"2017-12-01T10:44:51","slug":"les-branches-du-droit","status":"publish","type":"page","link":"https:\/\/web.umons.ac.be\/droit\/fr\/etudes\/debouches\/les-branches-du-droit\/","title":{"rendered":"Les branches du droit"},"content":{"rendered":"<p>Le droit \u00e9volue en permanence \u00e0 mesure des avanc\u00e9es\u00a0sociales, scientifiques et techniques. Les progr\u00e8s\u00a0de la science, les \u00e9volutions technologiques\u00a0et les nouvelles pr\u00e9occupations environnementales\u00a0jouent donc un r\u00f4le dans la complexification et l\u2019expansion\u00a0du droit (tant dans le domaine priv\u00e9 que\u00a0public). L\u2019internationalisation de la discipline \u00e9tend\u00a0encore davantage les domaines d\u2019\u00e9tude du juriste.\u00a0L\u2019influence du droit europ\u00e9en est remarquable\u00a0dans presque toutes les branches du droit.<\/p>\n<ul>\n<li>Droit constitutionnel<\/li>\n<li>Droit international<\/li>\n<li>Droit de l\u2019environnement<\/li>\n<li>Droit de l\u2019immobilier<\/li>\n<li>Droit des m\u00e9dias<\/li>\n<li>Droit fiscal<\/li>\n<li>Droit familial<\/li>\n<li>Droit social : droit du travail, droit de la s\u00e9curit\u00e9\u00a0sociale<\/li>\n<li>Droit des nouvelles technologies<\/li>\n<li>Droit des affaires : droit des soci\u00e9t\u00e9s, droit de\u00a0la concurrence, droit bancaire, droits intellectuels,\u00a0droit de la consommation, etc.<\/li>\n<\/ul>\n","protected":false},"excerpt":{"rendered":"<p>Le droit \u00e9volue en permanence \u00e0 mesure des avanc\u00e9es\u00a0sociales, scientifiques et techniques. Les progr\u00e8s\u00a0de la science, les \u00e9volutions technologiques\u00a0et les nouvelles pr\u00e9occupations environnementales\u00a0jouent donc un r\u00f4le dans la complexification et l\u2019expansion\u00a0du droit (tant dans le domaine priv\u00e9 que\u00a0public). L\u2019internationalisation de la discipline \u00e9tend\u00a0encore davantage les domaines d\u2019\u00e9tude du juriste.\u00a0L\u2019influence du droit europ\u00e9en est remarquable\u00a0dans presque [&hellip;]<\/p>\n","protected":false},"author":2,"featured_media":0,"parent":309,"menu_order":0,"comment_status":"closed","ping_status":"closed","template":"","meta":{"footnotes":""},"class_list":["post-318","page","type-page","status-publish","hentry"],"yoast_head":"<!-- This site is optimized with the Yoast SEO plugin v27.2 - https:\/\/yoast.com\/product\/yoast-seo-wordpress\/ -->\n<title>Les branches du droit - Ecole \/ DROIT<\/title>\n<meta name=\"robots\" content=\"index, follow, max-snippet:-1, max-image-preview:large, max-video-preview:-1\" \/>\n<link rel=\"canonical\" href=\"https:\/\/web.umons.ac.be\/droit\/fr\/etudes\/debouches\/les-branches-du-droit\/\" \/>\n<meta property=\"og:locale\" content=\"fr_FR\" \/>\n<meta property=\"og:type\" content=\"article\" \/>\n<meta property=\"og:title\" content=\"Les branches du droit - Ecole \/ DROIT\" \/>\n<meta property=\"og:description\" content=\"Le droit \u00e9volue en permanence \u00e0 mesure des avanc\u00e9es\u00a0sociales, scientifiques et techniques. Les progr\u00e8s\u00a0de la science, les \u00e9volutions technologiques\u00a0et les nouvelles pr\u00e9occupations environnementales\u00a0jouent donc un r\u00f4le dans la complexification et l\u2019expansion\u00a0du droit (tant dans le domaine priv\u00e9 que\u00a0public). L\u2019internationalisation de la discipline \u00e9tend\u00a0encore davantage les domaines d\u2019\u00e9tude du juriste.\u00a0L\u2019influence du droit europ\u00e9en est remarquable\u00a0dans presque [&hellip;]\" \/>\n<meta property=\"og:url\" content=\"https:\/\/web.umons.ac.be\/droit\/fr\/etudes\/debouches\/les-branches-du-droit\/\" \/>\n<meta property=\"og:site_name\" content=\"Ecole \/ DROIT\" \/>\n<meta property=\"article:modified_time\" content=\"2017-12-01T10:44:51+00:00\" \/>\n<meta name=\"twitter:card\" content=\"summary_large_image\" \/>\n<meta name=\"twitter:label1\" content=\"Dur\u00e9e de lecture estim\u00e9e\" \/>\n\t<meta name=\"twitter:data1\" content=\"1 minute\" \/>\n<script type=\"application\/ld+json\" class=\"yoast-schema-graph\">{\"@context\":\"https:\/\/schema.org\",\"@graph\":[{\"@type\":\"WebPage\",\"@id\":\"https:\/\/web.umons.ac.be\/droit\/fr\/etudes\/debouches\/les-branches-du-droit\/\",\"url\":\"https:\/\/web.umons.ac.be\/droit\/fr\/etudes\/debouches\/les-branches-du-droit\/\",\"name\":\"Les branches du droit - Ecole \/ DROIT\",\"isPartOf\":{\"@id\":\"https:\/\/web.umons.ac.be\/droit\/#website\"},\"datePublished\":\"2017-07-03T15:15:44+00:00\",\"dateModified\":\"2017-12-01T10:44:51+00:00\",\"breadcrumb\":{\"@id\":\"https:\/\/web.umons.ac.be\/droit\/fr\/etudes\/debouches\/les-branches-du-droit\/#breadcrumb\"},\"inLanguage\":\"fr-FR\",\"potentialAction\":[{\"@type\":\"ReadAction\",\"target\":[\"https:\/\/web.umons.ac.be\/droit\/fr\/etudes\/debouches\/les-branches-du-droit\/\"]}]},{\"@type\":\"BreadcrumbList\",\"@id\":\"https:\/\/web.umons.ac.be\/droit\/fr\/etudes\/debouches\/les-branches-du-droit\/#breadcrumb\",\"itemListElement\":[{\"@type\":\"ListItem\",\"position\":1,\"name\":\"Accueil\",\"item\":\"https:\/\/web.umons.ac.be\/droit\/\"},{\"@type\":\"ListItem\",\"position\":2,\"name\":\"Etudes\",\"item\":\"https:\/\/web.umons.ac.be\/droit\/fr\/etudes\/\"},{\"@type\":\"ListItem\",\"position\":3,\"name\":\"D\u00e9bouch\u00e9s\",\"item\":\"https:\/\/web.umons.ac.be\/droit\/fr\/etudes\/debouches\/\"},{\"@type\":\"ListItem\",\"position\":4,\"name\":\"Les branches du droit\"}]},{\"@type\":\"WebSite\",\"@id\":\"https:\/\/web.umons.ac.be\/droit\/#website\",\"url\":\"https:\/\/web.umons.ac.be\/droit\/\",\"name\":\"Ecole \/ DROIT\",\"description\":\"hgqdfjkghqdfjk\",\"potentialAction\":[{\"@type\":\"SearchAction\",\"target\":{\"@type\":\"EntryPoint\",\"urlTemplate\":\"https:\/\/web.umons.ac.be\/droit\/?s={search_term_string}\"},\"query-input\":{\"@type\":\"PropertyValueSpecification\",\"valueRequired\":true,\"valueName\":\"search_term_string\"}}],\"inLanguage\":\"fr-FR\"}]}<\/script>\n<!-- \/ Yoast SEO plugin. -->","yoast_head_json":{"title":"Les branches du droit - Ecole \/ DROIT","robots":{"index":"index","follow":"follow","max-snippet":"max-snippet:-1","max-image-preview":"max-image-preview:large","max-video-preview":"max-video-preview:-1"},"canonical":"https:\/\/web.umons.ac.be\/droit\/fr\/etudes\/debouches\/les-branches-du-droit\/","og_locale":"fr_FR","og_type":"article","og_title":"Les branches du droit - Ecole \/ DROIT","og_description":"Le droit \u00e9volue en permanence \u00e0 mesure des avanc\u00e9es\u00a0sociales, scientifiques et techniques. Les progr\u00e8s\u00a0de la science, les \u00e9volutions technologiques\u00a0et les nouvelles pr\u00e9occupations environnementales\u00a0jouent donc un r\u00f4le dans la complexification et l\u2019expansion\u00a0du droit (tant dans le domaine priv\u00e9 que\u00a0public). L\u2019internationalisation de la discipline \u00e9tend\u00a0encore davantage les domaines d\u2019\u00e9tude du juriste.\u00a0L\u2019influence du droit europ\u00e9en est remarquable\u00a0dans presque [&hellip;]","og_url":"https:\/\/web.umons.ac.be\/droit\/fr\/etudes\/debouches\/les-branches-du-droit\/","og_site_name":"Ecole \/ DROIT","article_modified_time":"2017-12-01T10:44:51+00:00","twitter_card":"summary_large_image","twitter_misc":{"Dur\u00e9e de lecture estim\u00e9e":"1 minute"},"schema":{"@context":"https:\/\/schema.org","@graph":[{"@type":"WebPage","@id":"https:\/\/web.umons.ac.be\/droit\/fr\/etudes\/debouches\/les-branches-du-droit\/","url":"https:\/\/web.umons.ac.be\/droit\/fr\/etudes\/debouches\/les-branches-du-droit\/","name":"Les branches du droit - Ecole \/ DROIT","isPartOf":{"@id":"https:\/\/web.umons.ac.be\/droit\/#website"},"datePublished":"2017-07-03T15:15:44+00:00","dateModified":"2017-12-01T10:44:51+00:00","breadcrumb":{"@id":"https:\/\/web.umons.ac.be\/droit\/fr\/etudes\/debouches\/les-branches-du-droit\/#breadcrumb"},"inLanguage":"fr-FR","potentialAction":[{"@type":"ReadAction","target":["https:\/\/web.umons.ac.be\/droit\/fr\/etudes\/debouches\/les-branches-du-droit\/"]}]},{"@type":"BreadcrumbList","@id":"https:\/\/web.umons.ac.be\/droit\/fr\/etudes\/debouches\/les-branches-du-droit\/#breadcrumb","itemListElement":[{"@type":"ListItem","position":1,"name":"Accueil","item":"https:\/\/web.umons.ac.be\/droit\/"},{"@type":"ListItem","position":2,"name":"Etudes","item":"https:\/\/web.umons.ac.be\/droit\/fr\/etudes\/"},{"@type":"ListItem","position":3,"name":"D\u00e9bouch\u00e9s","item":"https:\/\/web.umons.ac.be\/droit\/fr\/etudes\/debouches\/"},{"@type":"ListItem","position":4,"name":"Les branches du droit"}]},{"@type":"WebSite","@id":"https:\/\/web.umons.ac.be\/droit\/#website","url":"https:\/\/web.umons.ac.be\/droit\/","name":"Ecole \/ DROIT","description":"hgqdfjkghqdfjk","potentialAction":[{"@type":"SearchAction","target":{"@type":"EntryPoint","urlTemplate":"https:\/\/web.umons.ac.be\/droit\/?s={search_term_string}"},"query-input":{"@type":"PropertyValueSpecification","valueRequired":true,"valueName":"search_term_string"}}],"inLanguage":"fr-FR"}]}},"lang":"fr","translations":{"fr":318,"en":374},"pll_sync_post":[],"_links":{"self":[{"href":"https:\/\/web.umons.ac.be\/droit\/wp-json\/wp\/v2\/pages\/318","targetHints":{"allow":["GET"]}}],"collection":[{"href":"https:\/\/web.umons.ac.be\/droit\/wp-json\/wp\/v2\/pages"}],"about":[{"href":"https:\/\/web.umons.ac.be\/droit\/wp-json\/wp\/v2\/types\/page"}],"author":[{"embeddable":true,"href":"https:\/\/web.umons.ac.be\/droit\/wp-json\/wp\/v2\/users\/2"}],"replies":[{"embeddable":true,"href":"https:\/\/web.umons.ac.be\/droit\/wp-json\/wp\/v2\/comments?post=318"}],"version-history":[{"count":1,"href":"https:\/\/web.umons.ac.be\/droit\/wp-json\/wp\/v2\/pages\/318\/revisions"}],"predecessor-version":[{"id":553,"href":"https:\/\/web.umons.ac.be\/droit\/wp-json\/wp\/v2\/pages\/318\/revisions\/553"}],"up":[{"embeddable":true,"href":"https:\/\/web.umons.ac.be\/droit\/wp-json\/wp\/v2\/pages\/309"}],"wp:attachment":[{"href":"https:\/\/web.umons.ac.be\/droit\/wp-json\/wp\/v2\/media?parent=318"}],"curies":[{"name":"wp","href":"https:\/\/api.w.org\/{rel}","templated":true}]}}