{"id":321,"date":"2017-07-03T17:16:11","date_gmt":"2017-07-03T15:16:11","guid":{"rendered":"https:\/\/web.umons.ac.be\/droit\/?page_id=321"},"modified":"2017-07-11T10:47:12","modified_gmt":"2017-07-11T08:47:12","slug":"la-criminologie","status":"publish","type":"page","link":"https:\/\/web.umons.ac.be\/droit\/fr\/etudes\/debouches\/la-criminologie\/","title":{"rendered":"La criminologie"},"content":{"rendered":"<p>L\u2019\u00e9tudiant ayant acquis les 180 cr\u00e9dits du Bachelier en Droit peut, s\u2019il le souhaite, s\u2019orienter vers le Master en Criminologie (dans l\u2019universit\u00e9 de son choix). Les conditions d\u2019acc\u00e8s varient d\u2019une facult\u00e9 \u00e0 l\u2019autre. Mais bien souvent, l\u2019\u00e9tudiant devra compl\u00e9ter sa formation de base via des cr\u00e9dits compl\u00e9mentaires.<\/p>\n<p>La criminologie consiste \u00e0 \u00e9tudier les types de comportements criminels et d\u00e9viants, leurs causes et leurs effets sur la victime en s\u2019appuyant sur les sciences humaines telles que la psychologie, la sociologie ou encore le droit. La criminologie c\u2019est donc l\u2019\u00e9tude pluridisciplinaire du ph\u00e9nom\u00e8ne criminel. Le criminologue analyse d\u2019abord le crime et propose ensuite un type d\u2019intervention qui en d\u00e9coule. Ses m\u00e9thodes et rem\u00e8des sont plut\u00f4t pr\u00e9ventifs que r\u00e9pressifs (m\u00e9diation, r\u00e9insertion, lib\u00e9ration conditionnelle&#8230;).\u00a0 Il a des connaissances pr\u00e9cises du fonctionnement de la justice p\u00e9nale, des prisons, de la police&#8230; et il s\u2019attache principalement \u00e0 comprendre les causes de la criminalisation et \u00e0 identifier les politiques de pr\u00e9vention.<\/p>\n<p>Le criminologue est tout particuli\u00e8rement comp\u00e9tent pour travailler au sein de la Police (f\u00e9d\u00e9rale et locale) mais aussi d\u2019\u00e9tablissements p\u00e9nitentiaires, de maisons de justice, de services d\u2019aide aux d\u00e9linquants et victimes, de centres de protection de la jeunesse ou encore de diverses associations actives dans le domaine de la d\u00e9viance (toxicomanie, prostitution, maltraitance&#8230;) et, \u00e9galement, de services de sant\u00e9 mentale (en concertation avec des institutions psychiatriques, des services d\u2019aide aux familles et aux personnes \u00e2g\u00e9es, des CPAS\u2026).<\/p>\n","protected":false},"excerpt":{"rendered":"<p>L\u2019\u00e9tudiant ayant acquis les 180 cr\u00e9dits du Bachelier en Droit peut, s\u2019il le souhaite, s\u2019orienter vers le Master en Criminologie (dans l\u2019universit\u00e9 de son choix). Les conditions d\u2019acc\u00e8s varient d\u2019une facult\u00e9 \u00e0 l\u2019autre. Mais bien souvent, l\u2019\u00e9tudiant devra compl\u00e9ter sa formation de base via des cr\u00e9dits compl\u00e9mentaires. La criminologie consiste \u00e0 \u00e9tudier les types de [&hellip;]<\/p>\n","protected":false},"author":2,"featured_media":0,"parent":309,"menu_order":0,"comment_status":"closed","ping_status":"closed","template":"","meta":{"footnotes":""},"class_list":["post-321","page","type-page","status-publish","hentry"],"yoast_head":"<!-- This site is optimized with the Yoast SEO plugin v27.2 - https:\/\/yoast.com\/product\/yoast-seo-wordpress\/ -->\n<title>La criminologie - Ecole \/ DROIT<\/title>\n<meta name=\"robots\" content=\"index, follow, max-snippet:-1, max-image-preview:large, max-video-preview:-1\" \/>\n<link rel=\"canonical\" href=\"https:\/\/web.umons.ac.be\/droit\/fr\/etudes\/debouches\/la-criminologie\/\" \/>\n<meta property=\"og:locale\" content=\"fr_FR\" \/>\n<meta property=\"og:type\" content=\"article\" \/>\n<meta property=\"og:title\" content=\"La criminologie - Ecole \/ DROIT\" \/>\n<meta property=\"og:description\" content=\"L\u2019\u00e9tudiant ayant acquis les 180 cr\u00e9dits du Bachelier en Droit peut, s\u2019il le souhaite, s\u2019orienter vers le Master en Criminologie (dans l\u2019universit\u00e9 de son choix). Les conditions d\u2019acc\u00e8s varient d\u2019une facult\u00e9 \u00e0 l\u2019autre. Mais bien souvent, l\u2019\u00e9tudiant devra compl\u00e9ter sa formation de base via des cr\u00e9dits compl\u00e9mentaires. La criminologie consiste \u00e0 \u00e9tudier les types de [&hellip;]\" \/>\n<meta property=\"og:url\" content=\"https:\/\/web.umons.ac.be\/droit\/fr\/etudes\/debouches\/la-criminologie\/\" \/>\n<meta property=\"og:site_name\" content=\"Ecole \/ DROIT\" \/>\n<meta property=\"article:modified_time\" content=\"2017-07-11T08:47:12+00:00\" \/>\n<meta name=\"twitter:card\" content=\"summary_large_image\" \/>\n<meta name=\"twitter:label1\" content=\"Dur\u00e9e de lecture estim\u00e9e\" \/>\n\t<meta name=\"twitter:data1\" content=\"1 minute\" \/>\n<script type=\"application\/ld+json\" class=\"yoast-schema-graph\">{\"@context\":\"https:\/\/schema.org\",\"@graph\":[{\"@type\":\"WebPage\",\"@id\":\"https:\/\/web.umons.ac.be\/droit\/fr\/etudes\/debouches\/la-criminologie\/\",\"url\":\"https:\/\/web.umons.ac.be\/droit\/fr\/etudes\/debouches\/la-criminologie\/\",\"name\":\"La criminologie - Ecole \/ DROIT\",\"isPartOf\":{\"@id\":\"https:\/\/web.umons.ac.be\/droit\/#website\"},\"datePublished\":\"2017-07-03T15:16:11+00:00\",\"dateModified\":\"2017-07-11T08:47:12+00:00\",\"breadcrumb\":{\"@id\":\"https:\/\/web.umons.ac.be\/droit\/fr\/etudes\/debouches\/la-criminologie\/#breadcrumb\"},\"inLanguage\":\"fr-FR\",\"potentialAction\":[{\"@type\":\"ReadAction\",\"target\":[\"https:\/\/web.umons.ac.be\/droit\/fr\/etudes\/debouches\/la-criminologie\/\"]}]},{\"@type\":\"BreadcrumbList\",\"@id\":\"https:\/\/web.umons.ac.be\/droit\/fr\/etudes\/debouches\/la-criminologie\/#breadcrumb\",\"itemListElement\":[{\"@type\":\"ListItem\",\"position\":1,\"name\":\"Accueil\",\"item\":\"https:\/\/web.umons.ac.be\/droit\/\"},{\"@type\":\"ListItem\",\"position\":2,\"name\":\"Etudes\",\"item\":\"https:\/\/web.umons.ac.be\/droit\/fr\/etudes\/\"},{\"@type\":\"ListItem\",\"position\":3,\"name\":\"D\u00e9bouch\u00e9s\",\"item\":\"https:\/\/web.umons.ac.be\/droit\/fr\/etudes\/debouches\/\"},{\"@type\":\"ListItem\",\"position\":4,\"name\":\"La criminologie\"}]},{\"@type\":\"WebSite\",\"@id\":\"https:\/\/web.umons.ac.be\/droit\/#website\",\"url\":\"https:\/\/web.umons.ac.be\/droit\/\",\"name\":\"Ecole \/ DROIT\",\"description\":\"hgqdfjkghqdfjk\",\"potentialAction\":[{\"@type\":\"SearchAction\",\"target\":{\"@type\":\"EntryPoint\",\"urlTemplate\":\"https:\/\/web.umons.ac.be\/droit\/?s={search_term_string}\"},\"query-input\":{\"@type\":\"PropertyValueSpecification\",\"valueRequired\":true,\"valueName\":\"search_term_string\"}}],\"inLanguage\":\"fr-FR\"}]}<\/script>\n<!-- \/ Yoast SEO plugin. -->","yoast_head_json":{"title":"La criminologie - Ecole \/ DROIT","robots":{"index":"index","follow":"follow","max-snippet":"max-snippet:-1","max-image-preview":"max-image-preview:large","max-video-preview":"max-video-preview:-1"},"canonical":"https:\/\/web.umons.ac.be\/droit\/fr\/etudes\/debouches\/la-criminologie\/","og_locale":"fr_FR","og_type":"article","og_title":"La criminologie - Ecole \/ DROIT","og_description":"L\u2019\u00e9tudiant ayant acquis les 180 cr\u00e9dits du Bachelier en Droit peut, s\u2019il le souhaite, s\u2019orienter vers le Master en Criminologie (dans l\u2019universit\u00e9 de son choix). Les conditions d\u2019acc\u00e8s varient d\u2019une facult\u00e9 \u00e0 l\u2019autre. Mais bien souvent, l\u2019\u00e9tudiant devra compl\u00e9ter sa formation de base via des cr\u00e9dits compl\u00e9mentaires. La criminologie consiste \u00e0 \u00e9tudier les types de [&hellip;]","og_url":"https:\/\/web.umons.ac.be\/droit\/fr\/etudes\/debouches\/la-criminologie\/","og_site_name":"Ecole \/ DROIT","article_modified_time":"2017-07-11T08:47:12+00:00","twitter_card":"summary_large_image","twitter_misc":{"Dur\u00e9e de lecture estim\u00e9e":"1 minute"},"schema":{"@context":"https:\/\/schema.org","@graph":[{"@type":"WebPage","@id":"https:\/\/web.umons.ac.be\/droit\/fr\/etudes\/debouches\/la-criminologie\/","url":"https:\/\/web.umons.ac.be\/droit\/fr\/etudes\/debouches\/la-criminologie\/","name":"La criminologie - Ecole \/ DROIT","isPartOf":{"@id":"https:\/\/web.umons.ac.be\/droit\/#website"},"datePublished":"2017-07-03T15:16:11+00:00","dateModified":"2017-07-11T08:47:12+00:00","breadcrumb":{"@id":"https:\/\/web.umons.ac.be\/droit\/fr\/etudes\/debouches\/la-criminologie\/#breadcrumb"},"inLanguage":"fr-FR","potentialAction":[{"@type":"ReadAction","target":["https:\/\/web.umons.ac.be\/droit\/fr\/etudes\/debouches\/la-criminologie\/"]}]},{"@type":"BreadcrumbList","@id":"https:\/\/web.umons.ac.be\/droit\/fr\/etudes\/debouches\/la-criminologie\/#breadcrumb","itemListElement":[{"@type":"ListItem","position":1,"name":"Accueil","item":"https:\/\/web.umons.ac.be\/droit\/"},{"@type":"ListItem","position":2,"name":"Etudes","item":"https:\/\/web.umons.ac.be\/droit\/fr\/etudes\/"},{"@type":"ListItem","position":3,"name":"D\u00e9bouch\u00e9s","item":"https:\/\/web.umons.ac.be\/droit\/fr\/etudes\/debouches\/"},{"@type":"ListItem","position":4,"name":"La criminologie"}]},{"@type":"WebSite","@id":"https:\/\/web.umons.ac.be\/droit\/#website","url":"https:\/\/web.umons.ac.be\/droit\/","name":"Ecole \/ DROIT","description":"hgqdfjkghqdfjk","potentialAction":[{"@type":"SearchAction","target":{"@type":"EntryPoint","urlTemplate":"https:\/\/web.umons.ac.be\/droit\/?s={search_term_string}"},"query-input":{"@type":"PropertyValueSpecification","valueRequired":true,"valueName":"search_term_string"}}],"inLanguage":"fr-FR"}]}},"lang":"fr","translations":{"fr":321,"en":377},"pll_sync_post":[],"_links":{"self":[{"href":"https:\/\/web.umons.ac.be\/droit\/wp-json\/wp\/v2\/pages\/321","targetHints":{"allow":["GET"]}}],"collection":[{"href":"https:\/\/web.umons.ac.be\/droit\/wp-json\/wp\/v2\/pages"}],"about":[{"href":"https:\/\/web.umons.ac.be\/droit\/wp-json\/wp\/v2\/types\/page"}],"author":[{"embeddable":true,"href":"https:\/\/web.umons.ac.be\/droit\/wp-json\/wp\/v2\/users\/2"}],"replies":[{"embeddable":true,"href":"https:\/\/web.umons.ac.be\/droit\/wp-json\/wp\/v2\/comments?post=321"}],"version-history":[{"count":0,"href":"https:\/\/web.umons.ac.be\/droit\/wp-json\/wp\/v2\/pages\/321\/revisions"}],"up":[{"embeddable":true,"href":"https:\/\/web.umons.ac.be\/droit\/wp-json\/wp\/v2\/pages\/309"}],"wp:attachment":[{"href":"https:\/\/web.umons.ac.be\/droit\/wp-json\/wp\/v2\/media?parent=321"}],"curies":[{"name":"wp","href":"https:\/\/api.w.org\/{rel}","templated":true}]}}