{"id":335,"date":"2017-07-11T10:43:51","date_gmt":"2017-07-11T08:43:51","guid":{"rendered":"https:\/\/web.umons.ac.be\/droit\/?page_id=335"},"modified":"2024-09-11T11:44:23","modified_gmt":"2024-09-11T09:44:23","slug":"a-message-from-the-authorities","status":"publish","type":"page","link":"https:\/\/web.umons.ac.be\/droit\/en\/about-the-school\/a-message-from-the-authorities\/","title":{"rendered":"A message from the Authorities"},"content":{"rendered":"<h2>The\u00a0Chairman<\/h2>\n<p><strong>Eric BALATE<\/strong><br \/>\nChairman of the Board of Directors of the Law School (UMONS-ULB)<\/p>\n<h2>Vice-Chairman<\/h2>\n<p><strong>Anne-Emmanuelle Bourgaux<\/strong><\/p>\n<p>Vice-Chairman of the Board of Directors of the Law School,<br \/>\nAssociate Professor<\/p>\n<h2>General Coordinator<\/h2>\n<p><strong>Mathilde Toussaint-Daras<\/strong><br \/>\nAssistante p\u00e9dagogique<\/p>\n<p><img loading=\"lazy\" decoding=\"async\" class=\"alignright wp-image-2556 size-thumbnail\" src=\"https:\/\/web.umons.ac.be\/app\/uploads\/sites\/7\/2024\/09\/22.08.2024-1-150x150.jpg\" alt=\"\" width=\"150\" height=\"150\" srcset=\"https:\/\/web.umons.ac.be\/app\/uploads\/sites\/7\/2024\/09\/22.08.2024-1-150x150.jpg 150w, https:\/\/web.umons.ac.be\/app\/uploads\/sites\/7\/2024\/09\/22.08.2024-1-80x80.jpg 80w, https:\/\/web.umons.ac.be\/app\/uploads\/sites\/7\/2024\/09\/22.08.2024-1-400x400.jpg 400w, https:\/\/web.umons.ac.be\/app\/uploads\/sites\/7\/2024\/09\/22.08.2024-1-200x200.jpg 200w\" sizes=\"auto, (max-width: 150px) 100vw, 150px\" \/><\/p>\n<p><em>\u00ab\u00a0Je suis tr\u00e8s fi\u00e8re d\u2019assurer la coordination administrative de l\u2019Ecole de Droit depuis cette ann\u00e9e acad\u00e9mique 2019-2020 et de travailler au sein de l\u2019Ecole de droit depuis 2013, en ma qualit\u00e9 de juriste, d\u2019assistante p\u00e9dagogique et d\u2019intervenante universitaire.<\/em><\/p>\n<p><em>En tant que juriste et humaniste, je m\u2019efforce de transmettre un enseignement bas\u00e9 sur la rigueur juridique tout en mettant en \u00e9vidence l\u2019importance de prendre en compte la subjectivit\u00e9 du cas.<\/em><\/p>\n<p><em>Le droit refl\u00e8te la soci\u00e9t\u00e9 dans laquelle nous \u00e9voluons et vivons.<\/em><\/p>\n<p><em>Apprendre le droit, c\u2019est apprendre le fonctionnement de notre soci\u00e9t\u00e9 contemporaine, mais \u00e9galement celui de son pass\u00e9 afin de cerner les fondamentaux sur lesquels la cit\u00e9 actuelle s\u2019est construite ; c\u2019est enfin d\u2019\u00eatre capable de progresser dans la soci\u00e9t\u00e9 de demain et de l\u2019anticiper \u00e0 travers l\u2019\u00e9tude prospective de ses r\u00e8gles, voire m\u00eame d\u2019y participer en prenant part aux organes d\u00e9cisionnels. L\u2019\u00e9tudiant en droit est un citoyen humaniste et actif dans sa cit\u00e9.\u00a0<\/em><\/p>\n<p><em>Apprendre le droit, c\u2019est apprendre les r\u00e8gles qui permettent \u00e0 un individu de mener sa vie, d\u2019\u00e9voluer, en tant que sujet de droit en interaction avec les autres afin de pouvoir anticiper, g\u00e9rer, traiter et r\u00e9gler les conflits et les diff\u00e9rends. L\u2019\u00e9tudiant en droit est un sujet de droit par\u00e9 d\u2019outils juridiques et d\u2019outils de communication lui permettant de faciliter le dialogue.<\/em><\/p>\n<p><em>L\u2019Ecole de Droit est d\u00e8s lors une Ecole de Vie, celle qui encadre les futurs juristes dans leurs projets professionnels ; l\u2019Ecole de Droit permet \u00e0 mon sens d\u2019offrir aux futurs juristes une formation riche en enseignements diversifi\u00e9s donn\u00e9s par des enseignants de qualit\u00e9, m\u00ealant la rigueur et la technicit\u00e9 du droit \u00e0 une approche humaniste et bienveillante.<\/em><\/p>\n<p><em>Je vous souhaite la bienvenue dans notre Ecole et le meilleur pour votre formation professionnelle.\u00a0\u00bb<\/em><\/p>\n<h2><\/h2>\n<h2><\/h2>\n<h2><\/h2>\n<h2><\/h2>\n<h2><\/h2>\n<p>&nbsp;<\/p>\n","protected":false},"excerpt":{"rendered":"<p>The\u00a0Chairman Eric BALATE Chairman of the Board of Directors of the Law School (UMONS-ULB) Vice-Chairman Anne-Emmanuelle Bourgaux Vice-Chairman of the Board of Directors of the Law School, Associate Professor General Coordinator Mathilde Toussaint-Daras Assistante p\u00e9dagogique \u00ab\u00a0Je suis tr\u00e8s fi\u00e8re d\u2019assurer la coordination administrative de l\u2019Ecole de Droit depuis cette ann\u00e9e acad\u00e9mique 2019-2020 et de travailler [&hellip;]<\/p>\n","protected":false},"author":2,"featured_media":0,"parent":339,"menu_order":2,"comment_status":"closed","ping_status":"closed","template":"","meta":{"footnotes":""},"class_list":["post-335","page","type-page","status-publish","hentry"],"yoast_head":"<!-- This site is optimized with the Yoast SEO plugin v27.2 - https:\/\/yoast.com\/product\/yoast-seo-wordpress\/ -->\n<title>A message from the Authorities - Ecole \/ DROIT<\/title>\n<meta name=\"robots\" content=\"index, follow, max-snippet:-1, max-image-preview:large, max-video-preview:-1\" \/>\n<link rel=\"canonical\" href=\"https:\/\/web.umons.ac.be\/droit\/en\/about-the-school\/a-message-from-the-authorities\/\" \/>\n<meta property=\"og:locale\" content=\"fr_FR\" \/>\n<meta property=\"og:type\" content=\"article\" \/>\n<meta property=\"og:title\" content=\"A message from the Authorities - Ecole \/ DROIT\" \/>\n<meta property=\"og:description\" content=\"The\u00a0Chairman Eric BALATE Chairman of the Board of Directors of the Law School (UMONS-ULB) Vice-Chairman Anne-Emmanuelle Bourgaux Vice-Chairman of the Board of Directors of the Law School, Associate Professor General Coordinator Mathilde Toussaint-Daras Assistante p\u00e9dagogique \u00ab\u00a0Je suis tr\u00e8s fi\u00e8re d\u2019assurer la coordination administrative de l\u2019Ecole de Droit depuis cette ann\u00e9e acad\u00e9mique 2019-2020 et de travailler [&hellip;]\" \/>\n<meta property=\"og:url\" content=\"https:\/\/web.umons.ac.be\/droit\/en\/about-the-school\/a-message-from-the-authorities\/\" \/>\n<meta property=\"og:site_name\" content=\"Ecole \/ DROIT\" \/>\n<meta property=\"article:modified_time\" content=\"2024-09-11T09:44:23+00:00\" \/>\n<meta property=\"og:image\" content=\"https:\/\/web.umons.ac.be\/app\/uploads\/sites\/7\/2024\/09\/22.08.2024-1-150x150.jpg\" \/>\n<meta name=\"twitter:card\" content=\"summary_large_image\" \/>\n<meta name=\"twitter:label1\" content=\"Dur\u00e9e de lecture estim\u00e9e\" \/>\n\t<meta name=\"twitter:data1\" content=\"2 minutes\" \/>\n<script type=\"application\/ld+json\" class=\"yoast-schema-graph\">{\"@context\":\"https:\/\/schema.org\",\"@graph\":[{\"@type\":\"WebPage\",\"@id\":\"https:\/\/web.umons.ac.be\/droit\/en\/about-the-school\/a-message-from-the-authorities\/\",\"url\":\"https:\/\/web.umons.ac.be\/droit\/en\/about-the-school\/a-message-from-the-authorities\/\",\"name\":\"A message from the Authorities - Ecole \/ DROIT\",\"isPartOf\":{\"@id\":\"https:\/\/web.umons.ac.be\/droit\/#website\"},\"primaryImageOfPage\":{\"@id\":\"https:\/\/web.umons.ac.be\/droit\/en\/about-the-school\/a-message-from-the-authorities\/#primaryimage\"},\"image\":{\"@id\":\"https:\/\/web.umons.ac.be\/droit\/en\/about-the-school\/a-message-from-the-authorities\/#primaryimage\"},\"thumbnailUrl\":\"https:\/\/web.umons.ac.be\/app\/uploads\/sites\/7\/2024\/09\/22.08.2024-1-150x150.jpg\",\"datePublished\":\"2017-07-11T08:43:51+00:00\",\"dateModified\":\"2024-09-11T09:44:23+00:00\",\"breadcrumb\":{\"@id\":\"https:\/\/web.umons.ac.be\/droit\/en\/about-the-school\/a-message-from-the-authorities\/#breadcrumb\"},\"inLanguage\":\"fr-FR\",\"potentialAction\":[{\"@type\":\"ReadAction\",\"target\":[\"https:\/\/web.umons.ac.be\/droit\/en\/about-the-school\/a-message-from-the-authorities\/\"]}]},{\"@type\":\"ImageObject\",\"inLanguage\":\"fr-FR\",\"@id\":\"https:\/\/web.umons.ac.be\/droit\/en\/about-the-school\/a-message-from-the-authorities\/#primaryimage\",\"url\":\"https:\/\/web.umons.ac.be\/app\/uploads\/sites\/7\/2024\/09\/22.08.2024-1-150x150.jpg\",\"contentUrl\":\"https:\/\/web.umons.ac.be\/app\/uploads\/sites\/7\/2024\/09\/22.08.2024-1-150x150.jpg\"},{\"@type\":\"BreadcrumbList\",\"@id\":\"https:\/\/web.umons.ac.be\/droit\/en\/about-the-school\/a-message-from-the-authorities\/#breadcrumb\",\"itemListElement\":[{\"@type\":\"ListItem\",\"position\":1,\"name\":\"Accueil\",\"item\":\"https:\/\/web.umons.ac.be\/droit\/\"},{\"@type\":\"ListItem\",\"position\":2,\"name\":\"About the UMONS Law School\",\"item\":\"https:\/\/web.umons.ac.be\/droit\/en\/about-the-school\/\"},{\"@type\":\"ListItem\",\"position\":3,\"name\":\"A message from the Authorities\"}]},{\"@type\":\"WebSite\",\"@id\":\"https:\/\/web.umons.ac.be\/droit\/#website\",\"url\":\"https:\/\/web.umons.ac.be\/droit\/\",\"name\":\"Ecole \/ DROIT\",\"description\":\"hgqdfjkghqdfjk\",\"potentialAction\":[{\"@type\":\"SearchAction\",\"target\":{\"@type\":\"EntryPoint\",\"urlTemplate\":\"https:\/\/web.umons.ac.be\/droit\/?s={search_term_string}\"},\"query-input\":{\"@type\":\"PropertyValueSpecification\",\"valueRequired\":true,\"valueName\":\"search_term_string\"}}],\"inLanguage\":\"fr-FR\"}]}<\/script>\n<!-- \/ Yoast SEO plugin. -->","yoast_head_json":{"title":"A message from the Authorities - Ecole \/ DROIT","robots":{"index":"index","follow":"follow","max-snippet":"max-snippet:-1","max-image-preview":"max-image-preview:large","max-video-preview":"max-video-preview:-1"},"canonical":"https:\/\/web.umons.ac.be\/droit\/en\/about-the-school\/a-message-from-the-authorities\/","og_locale":"fr_FR","og_type":"article","og_title":"A message from the Authorities - Ecole \/ DROIT","og_description":"The\u00a0Chairman Eric BALATE Chairman of the Board of Directors of the Law School (UMONS-ULB) Vice-Chairman Anne-Emmanuelle Bourgaux Vice-Chairman of the Board of Directors of the Law School, Associate Professor General Coordinator Mathilde Toussaint-Daras Assistante p\u00e9dagogique \u00ab\u00a0Je suis tr\u00e8s fi\u00e8re d\u2019assurer la coordination administrative de l\u2019Ecole de Droit depuis cette ann\u00e9e acad\u00e9mique 2019-2020 et de travailler [&hellip;]","og_url":"https:\/\/web.umons.ac.be\/droit\/en\/about-the-school\/a-message-from-the-authorities\/","og_site_name":"Ecole \/ DROIT","article_modified_time":"2024-09-11T09:44:23+00:00","og_image":[{"url":"https:\/\/web.umons.ac.be\/app\/uploads\/sites\/7\/2024\/09\/22.08.2024-1-150x150.jpg","type":"","width":"","height":""}],"twitter_card":"summary_large_image","twitter_misc":{"Dur\u00e9e de lecture estim\u00e9e":"2 minutes"},"schema":{"@context":"https:\/\/schema.org","@graph":[{"@type":"WebPage","@id":"https:\/\/web.umons.ac.be\/droit\/en\/about-the-school\/a-message-from-the-authorities\/","url":"https:\/\/web.umons.ac.be\/droit\/en\/about-the-school\/a-message-from-the-authorities\/","name":"A message from the Authorities - Ecole \/ DROIT","isPartOf":{"@id":"https:\/\/web.umons.ac.be\/droit\/#website"},"primaryImageOfPage":{"@id":"https:\/\/web.umons.ac.be\/droit\/en\/about-the-school\/a-message-from-the-authorities\/#primaryimage"},"image":{"@id":"https:\/\/web.umons.ac.be\/droit\/en\/about-the-school\/a-message-from-the-authorities\/#primaryimage"},"thumbnailUrl":"https:\/\/web.umons.ac.be\/app\/uploads\/sites\/7\/2024\/09\/22.08.2024-1-150x150.jpg","datePublished":"2017-07-11T08:43:51+00:00","dateModified":"2024-09-11T09:44:23+00:00","breadcrumb":{"@id":"https:\/\/web.umons.ac.be\/droit\/en\/about-the-school\/a-message-from-the-authorities\/#breadcrumb"},"inLanguage":"fr-FR","potentialAction":[{"@type":"ReadAction","target":["https:\/\/web.umons.ac.be\/droit\/en\/about-the-school\/a-message-from-the-authorities\/"]}]},{"@type":"ImageObject","inLanguage":"fr-FR","@id":"https:\/\/web.umons.ac.be\/droit\/en\/about-the-school\/a-message-from-the-authorities\/#primaryimage","url":"https:\/\/web.umons.ac.be\/app\/uploads\/sites\/7\/2024\/09\/22.08.2024-1-150x150.jpg","contentUrl":"https:\/\/web.umons.ac.be\/app\/uploads\/sites\/7\/2024\/09\/22.08.2024-1-150x150.jpg"},{"@type":"BreadcrumbList","@id":"https:\/\/web.umons.ac.be\/droit\/en\/about-the-school\/a-message-from-the-authorities\/#breadcrumb","itemListElement":[{"@type":"ListItem","position":1,"name":"Accueil","item":"https:\/\/web.umons.ac.be\/droit\/"},{"@type":"ListItem","position":2,"name":"About the UMONS Law School","item":"https:\/\/web.umons.ac.be\/droit\/en\/about-the-school\/"},{"@type":"ListItem","position":3,"name":"A message from the Authorities"}]},{"@type":"WebSite","@id":"https:\/\/web.umons.ac.be\/droit\/#website","url":"https:\/\/web.umons.ac.be\/droit\/","name":"Ecole \/ DROIT","description":"hgqdfjkghqdfjk","potentialAction":[{"@type":"SearchAction","target":{"@type":"EntryPoint","urlTemplate":"https:\/\/web.umons.ac.be\/droit\/?s={search_term_string}"},"query-input":{"@type":"PropertyValueSpecification","valueRequired":true,"valueName":"search_term_string"}}],"inLanguage":"fr-FR"}]}},"lang":"en","translations":{"en":335,"fr":237},"pll_sync_post":[],"_links":{"self":[{"href":"https:\/\/web.umons.ac.be\/droit\/wp-json\/wp\/v2\/pages\/335","targetHints":{"allow":["GET"]}}],"collection":[{"href":"https:\/\/web.umons.ac.be\/droit\/wp-json\/wp\/v2\/pages"}],"about":[{"href":"https:\/\/web.umons.ac.be\/droit\/wp-json\/wp\/v2\/types\/page"}],"author":[{"embeddable":true,"href":"https:\/\/web.umons.ac.be\/droit\/wp-json\/wp\/v2\/users\/2"}],"replies":[{"embeddable":true,"href":"https:\/\/web.umons.ac.be\/droit\/wp-json\/wp\/v2\/comments?post=335"}],"version-history":[{"count":4,"href":"https:\/\/web.umons.ac.be\/droit\/wp-json\/wp\/v2\/pages\/335\/revisions"}],"predecessor-version":[{"id":2559,"href":"https:\/\/web.umons.ac.be\/droit\/wp-json\/wp\/v2\/pages\/335\/revisions\/2559"}],"up":[{"embeddable":true,"href":"https:\/\/web.umons.ac.be\/droit\/wp-json\/wp\/v2\/pages\/339"}],"wp:attachment":[{"href":"https:\/\/web.umons.ac.be\/droit\/wp-json\/wp\/v2\/media?parent=335"}],"curies":[{"name":"wp","href":"https:\/\/api.w.org\/{rel}","templated":true}]}}