{"id":581,"date":"2017-12-01T12:19:55","date_gmt":"2017-12-01T11:19:55","guid":{"rendered":"https:\/\/web.umons.ac.be\/droit\/?page_id=581"},"modified":"2024-06-12T16:15:05","modified_gmt":"2024-06-12T14:15:05","slug":"lecole-de-droit-bouge","status":"publish","type":"page","link":"https:\/\/web.umons.ac.be\/droit\/fr\/lecole-de-droit-bouge\/","title":{"rendered":"L\u2019\u00c9cole de Droit bouge !"},"content":{"rendered":"<p>Si l\u2019Universit\u00e9 constitue un lieu d\u2019apprentissage,\u00a0c\u2019est \u00e9galement, et, peut-\u00eatre surtout, un endroit o\u00f9\u00a0les \u00e9tudiants prennent conscience qu\u2019ils font partie\u00a0int\u00e9grante d\u2019une soci\u00e9t\u00e9. Cette vision des choses\u00a0est en train de devenir la marque de fabrique de\u00a0l\u2019Ecole de Droit qui innove par ses pratiques p\u00e9dagogiques\u00a0d\u2019un autre genre. Tout au long de l\u2019ann\u00e9e,\u00a0elle propose des initiatives citoyennes et p\u00e9dagogiques\u00a0innovantes permettant aux \u00e9tudiants de\u00a0participer \u00e0 la fois activement aux \u00e9v\u00e9nements facultaires,\u00a0de d\u00e9velopper et valoriser leur capacit\u00e9\u00a0cr\u00e9ative et critique et d\u2019acqu\u00e9rir un savoir durable.<\/p>\n<p>L\u2019ann\u00e9e acad\u00e9mique 2016-2017 a \u00e9t\u00e9 ponctu\u00e9e\u00a0par une s\u00e9rie de manifestations riches et extr\u00eamement\u00a0vari\u00e9es. Conf\u00e9rences, colloques, visites\u00a0d\u2019entreprises, d\u2019institutions politiques et juridiques,\u00a0speed dating professionnel, simulations parlementaires,\u00a0assembl\u00e9es constituantes, expositions\u2026 Dans le cadre du cours de Droit constitutionnel,\u00a0une assembl\u00e9e constituante publique a \u00e9t\u00e9 propos\u00e9e\u00a0sur le maintien ou non du jury populaire en Cour\u00a0d\u2019assises avec l\u2019intervention d\u2019experts juridiques.\u00a0Cet \u00e9v\u00e8nement a connu un vif succ\u00e8s. Pour ne\u00a0citer que quelques exemples, il y a \u00e9galement eu\u00a0l\u2019exposition, tout \u00e0 fait originale, inspir\u00e9e de la s\u00e9rie\u00a0Game of Thrones, \u00e0 travers laquelle les \u00e9tudiants\u00a0en Histoire du droit ont pr\u00e9sent\u00e9 les r\u00e9sultats de\u00a0leurs recherches sur un vestige du pass\u00e9 de leur\u00a0r\u00e9gion. Toutes ces exp\u00e9riences, sans aucun doute,\u00a0laisseront aux \u00e9tudiants la t\u00eate pleine de souvenirs imp\u00e9rissables !<\/p>\n<p>&nbsp;<\/p>\n<pre><a href=\"https:\/\/web.umons.ac.be\/droit\/fr\/lecole-de-droit-bouge\/initiatives-pedagogiques\/\"><span style=\"color: #7f2816; font-size: 18pt;\">Initiatives p\u00e9dagogiques<\/span><\/a><\/pre>\n","protected":false},"excerpt":{"rendered":"<p>Si l\u2019Universit\u00e9 constitue un lieu d\u2019apprentissage,\u00a0c\u2019est \u00e9galement, et, peut-\u00eatre surtout, un endroit o\u00f9\u00a0les \u00e9tudiants prennent conscience qu\u2019ils font partie\u00a0int\u00e9grante d\u2019une soci\u00e9t\u00e9. Cette vision des choses\u00a0est en train de devenir la marque de fabrique de\u00a0l\u2019Ecole de Droit qui innove par ses pratiques p\u00e9dagogiques\u00a0d\u2019un autre genre. Tout au long de l\u2019ann\u00e9e,\u00a0elle propose des initiatives citoyennes et p\u00e9dagogiques\u00a0innovantes [&hellip;]<\/p>\n","protected":false},"author":2,"featured_media":0,"parent":0,"menu_order":0,"comment_status":"closed","ping_status":"closed","template":"","meta":{"footnotes":""},"class_list":["post-581","page","type-page","status-publish","hentry"],"yoast_head":"<!-- This site is optimized with the Yoast SEO plugin v27.2 - https:\/\/yoast.com\/product\/yoast-seo-wordpress\/ -->\n<title>L\u2019\u00c9cole de Droit bouge ! - Ecole \/ DROIT<\/title>\n<meta name=\"robots\" content=\"index, follow, max-snippet:-1, max-image-preview:large, max-video-preview:-1\" \/>\n<link rel=\"canonical\" href=\"https:\/\/web.umons.ac.be\/droit\/fr\/lecole-de-droit-bouge\/\" \/>\n<meta property=\"og:locale\" content=\"fr_FR\" \/>\n<meta property=\"og:type\" content=\"article\" \/>\n<meta property=\"og:title\" content=\"L\u2019\u00c9cole de Droit bouge ! - Ecole \/ DROIT\" \/>\n<meta property=\"og:description\" content=\"Si l\u2019Universit\u00e9 constitue un lieu d\u2019apprentissage,\u00a0c\u2019est \u00e9galement, et, peut-\u00eatre surtout, un endroit o\u00f9\u00a0les \u00e9tudiants prennent conscience qu\u2019ils font partie\u00a0int\u00e9grante d\u2019une soci\u00e9t\u00e9. Cette vision des choses\u00a0est en train de devenir la marque de fabrique de\u00a0l\u2019Ecole de Droit qui innove par ses pratiques p\u00e9dagogiques\u00a0d\u2019un autre genre. Tout au long de l\u2019ann\u00e9e,\u00a0elle propose des initiatives citoyennes et p\u00e9dagogiques\u00a0innovantes [&hellip;]\" \/>\n<meta property=\"og:url\" content=\"https:\/\/web.umons.ac.be\/droit\/fr\/lecole-de-droit-bouge\/\" \/>\n<meta property=\"og:site_name\" content=\"Ecole \/ DROIT\" \/>\n<meta property=\"article:modified_time\" content=\"2024-06-12T14:15:05+00:00\" \/>\n<meta name=\"twitter:card\" content=\"summary_large_image\" \/>\n<meta name=\"twitter:label1\" content=\"Dur\u00e9e de lecture estim\u00e9e\" \/>\n\t<meta name=\"twitter:data1\" content=\"2 minutes\" \/>\n<script type=\"application\/ld+json\" class=\"yoast-schema-graph\">{\"@context\":\"https:\/\/schema.org\",\"@graph\":[{\"@type\":\"WebPage\",\"@id\":\"https:\/\/web.umons.ac.be\/droit\/fr\/lecole-de-droit-bouge\/\",\"url\":\"https:\/\/web.umons.ac.be\/droit\/fr\/lecole-de-droit-bouge\/\",\"name\":\"L\u2019\u00c9cole de Droit bouge ! - Ecole \/ DROIT\",\"isPartOf\":{\"@id\":\"https:\/\/web.umons.ac.be\/droit\/#website\"},\"datePublished\":\"2017-12-01T11:19:55+00:00\",\"dateModified\":\"2024-06-12T14:15:05+00:00\",\"breadcrumb\":{\"@id\":\"https:\/\/web.umons.ac.be\/droit\/fr\/lecole-de-droit-bouge\/#breadcrumb\"},\"inLanguage\":\"fr-FR\",\"potentialAction\":[{\"@type\":\"ReadAction\",\"target\":[\"https:\/\/web.umons.ac.be\/droit\/fr\/lecole-de-droit-bouge\/\"]}]},{\"@type\":\"BreadcrumbList\",\"@id\":\"https:\/\/web.umons.ac.be\/droit\/fr\/lecole-de-droit-bouge\/#breadcrumb\",\"itemListElement\":[{\"@type\":\"ListItem\",\"position\":1,\"name\":\"Accueil\",\"item\":\"https:\/\/web.umons.ac.be\/droit\/\"},{\"@type\":\"ListItem\",\"position\":2,\"name\":\"L\u2019\u00c9cole de Droit bouge !\"}]},{\"@type\":\"WebSite\",\"@id\":\"https:\/\/web.umons.ac.be\/droit\/#website\",\"url\":\"https:\/\/web.umons.ac.be\/droit\/\",\"name\":\"Ecole \/ DROIT\",\"description\":\"hgqdfjkghqdfjk\",\"potentialAction\":[{\"@type\":\"SearchAction\",\"target\":{\"@type\":\"EntryPoint\",\"urlTemplate\":\"https:\/\/web.umons.ac.be\/droit\/?s={search_term_string}\"},\"query-input\":{\"@type\":\"PropertyValueSpecification\",\"valueRequired\":true,\"valueName\":\"search_term_string\"}}],\"inLanguage\":\"fr-FR\"}]}<\/script>\n<!-- \/ Yoast SEO plugin. -->","yoast_head_json":{"title":"L\u2019\u00c9cole de Droit bouge ! - Ecole \/ DROIT","robots":{"index":"index","follow":"follow","max-snippet":"max-snippet:-1","max-image-preview":"max-image-preview:large","max-video-preview":"max-video-preview:-1"},"canonical":"https:\/\/web.umons.ac.be\/droit\/fr\/lecole-de-droit-bouge\/","og_locale":"fr_FR","og_type":"article","og_title":"L\u2019\u00c9cole de Droit bouge ! - Ecole \/ DROIT","og_description":"Si l\u2019Universit\u00e9 constitue un lieu d\u2019apprentissage,\u00a0c\u2019est \u00e9galement, et, peut-\u00eatre surtout, un endroit o\u00f9\u00a0les \u00e9tudiants prennent conscience qu\u2019ils font partie\u00a0int\u00e9grante d\u2019une soci\u00e9t\u00e9. Cette vision des choses\u00a0est en train de devenir la marque de fabrique de\u00a0l\u2019Ecole de Droit qui innove par ses pratiques p\u00e9dagogiques\u00a0d\u2019un autre genre. Tout au long de l\u2019ann\u00e9e,\u00a0elle propose des initiatives citoyennes et p\u00e9dagogiques\u00a0innovantes [&hellip;]","og_url":"https:\/\/web.umons.ac.be\/droit\/fr\/lecole-de-droit-bouge\/","og_site_name":"Ecole \/ DROIT","article_modified_time":"2024-06-12T14:15:05+00:00","twitter_card":"summary_large_image","twitter_misc":{"Dur\u00e9e de lecture estim\u00e9e":"2 minutes"},"schema":{"@context":"https:\/\/schema.org","@graph":[{"@type":"WebPage","@id":"https:\/\/web.umons.ac.be\/droit\/fr\/lecole-de-droit-bouge\/","url":"https:\/\/web.umons.ac.be\/droit\/fr\/lecole-de-droit-bouge\/","name":"L\u2019\u00c9cole de Droit bouge ! - Ecole \/ DROIT","isPartOf":{"@id":"https:\/\/web.umons.ac.be\/droit\/#website"},"datePublished":"2017-12-01T11:19:55+00:00","dateModified":"2024-06-12T14:15:05+00:00","breadcrumb":{"@id":"https:\/\/web.umons.ac.be\/droit\/fr\/lecole-de-droit-bouge\/#breadcrumb"},"inLanguage":"fr-FR","potentialAction":[{"@type":"ReadAction","target":["https:\/\/web.umons.ac.be\/droit\/fr\/lecole-de-droit-bouge\/"]}]},{"@type":"BreadcrumbList","@id":"https:\/\/web.umons.ac.be\/droit\/fr\/lecole-de-droit-bouge\/#breadcrumb","itemListElement":[{"@type":"ListItem","position":1,"name":"Accueil","item":"https:\/\/web.umons.ac.be\/droit\/"},{"@type":"ListItem","position":2,"name":"L\u2019\u00c9cole de Droit bouge !"}]},{"@type":"WebSite","@id":"https:\/\/web.umons.ac.be\/droit\/#website","url":"https:\/\/web.umons.ac.be\/droit\/","name":"Ecole \/ DROIT","description":"hgqdfjkghqdfjk","potentialAction":[{"@type":"SearchAction","target":{"@type":"EntryPoint","urlTemplate":"https:\/\/web.umons.ac.be\/droit\/?s={search_term_string}"},"query-input":{"@type":"PropertyValueSpecification","valueRequired":true,"valueName":"search_term_string"}}],"inLanguage":"fr-FR"}]}},"lang":"fr","translations":{"fr":581},"pll_sync_post":[],"_links":{"self":[{"href":"https:\/\/web.umons.ac.be\/droit\/wp-json\/wp\/v2\/pages\/581","targetHints":{"allow":["GET"]}}],"collection":[{"href":"https:\/\/web.umons.ac.be\/droit\/wp-json\/wp\/v2\/pages"}],"about":[{"href":"https:\/\/web.umons.ac.be\/droit\/wp-json\/wp\/v2\/types\/page"}],"author":[{"embeddable":true,"href":"https:\/\/web.umons.ac.be\/droit\/wp-json\/wp\/v2\/users\/2"}],"replies":[{"embeddable":true,"href":"https:\/\/web.umons.ac.be\/droit\/wp-json\/wp\/v2\/comments?post=581"}],"version-history":[{"count":3,"href":"https:\/\/web.umons.ac.be\/droit\/wp-json\/wp\/v2\/pages\/581\/revisions"}],"predecessor-version":[{"id":2445,"href":"https:\/\/web.umons.ac.be\/droit\/wp-json\/wp\/v2\/pages\/581\/revisions\/2445"}],"wp:attachment":[{"href":"https:\/\/web.umons.ac.be\/droit\/wp-json\/wp\/v2\/media?parent=581"}],"curies":[{"name":"wp","href":"https:\/\/api.w.org\/{rel}","templated":true}]}}