{"id":625,"date":"2018-01-17T10:53:20","date_gmt":"2018-01-17T09:53:20","guid":{"rendered":"https:\/\/web.umons.ac.be\/droit\/?page_id=625"},"modified":"2018-01-17T10:53:20","modified_gmt":"2018-01-17T09:53:20","slug":"lenvironnement-detude","status":"publish","type":"page","link":"https:\/\/web.umons.ac.be\/droit\/en\/studies\/lenvironnement-detude\/","title":{"rendered":"The Study Environment"},"content":{"rendered":"<p><img loading=\"lazy\" decoding=\"async\" class=\"alignleft size-full wp-image-626\" src=\"https:\/\/web.umons.ac.be\/app\/uploads\/sites\/7\/2017\/05\/Local-EWH-23024-0-Adobe-Acrobat-Pro-DC-8.jpg\" alt=\"\" width=\"272\" height=\"216\" srcset=\"https:\/\/web.umons.ac.be\/app\/uploads\/sites\/7\/2017\/05\/Local-EWH-23024-0-Adobe-Acrobat-Pro-DC-8.jpg 272w, https:\/\/web.umons.ac.be\/app\/uploads\/sites\/7\/2017\/05\/Local-EWH-23024-0-Adobe-Acrobat-Pro-DC-8-30x24.jpg 30w, https:\/\/web.umons.ac.be\/app\/uploads\/sites\/7\/2017\/05\/Local-EWH-23024-0-Adobe-Acrobat-Pro-DC-8-60x48.jpg 60w\" sizes=\"auto, (max-width: 272px) 100vw, 272px\" \/>The Human Sciences Campus is located just a few minutes\u2019 walk from the centre of Mons and the train station, and is easily accessible by road. The central location of the campus also gives students easy access to the library, the Courts of Justice (free access for Law students) and to hearings.<\/p>\n<p>The university building at Place Warocqu\u00e9 offers students a comfortable study environment where they have access to essential infrastructure, such as computer rooms, lecture halls, multifunction rooms, and even places where they can just relax. The Law Library is full of high quality reference books and documents.<\/p>\n<p>&nbsp;<\/p>\n<start-cask-shortcode-wrapper>\n<blockquote class=\"shortcode-testimonial scheme-right\">\n    <div class=\"testimonial-quote\">\n        <div>La vie universitaire est une\u00a0source d\u2019\u00e9panouissement intellectuel\u00a0mais c\u2019est surtout une\u00a0exp\u00e9rience humaine importante. A l\u2019Ecole de droit,\u00a0le mot d\u2019ordre est d\u2019avoir une atmosph\u00e8re de travail\u00a0convivi&hellip;<\/div>\n                <a href=\"#testimonial-modal-548\" class=\"button-secondary open-testimonial scheme-border scheme-color-hover-important\">\n            Poursuivre la lecture <span class=\"icon umons-icon-tail-right\" aria-hidden=\"true\"><\/span>\n        <\/a>\n            <\/div>\n    <div class=\"testimonial-author\">\n                <div class=\"testimonial-picture\">\n            <img decoding=\"async\" src=\"https:\/\/web.umons.ac.be\/app\/uploads\/sites\/7\/2017\/12\/DROIT-2017-okweb.pdf-Adobe-Acrobat-Pro-DC-80x80.jpg\" alt=\"\" \/>\n        <\/div>\n                <div class=\"testimonial-text\">\n            <div class=\"testimonial-identity\">\n                <span class=\"testimonial-author-name\">Gwenna\u00eblle Bombart<\/span>\n                            <\/div>\n            <div class=\"testimonial-meta\">\n                                                <span class=\"testimonial-group\">Bachelier en Droit, promotion 2017<\/span>\n                            <\/div>\n        <\/div>\n    <\/div>\n<\/blockquote>\n<div id=\"testimonial-modal-548\" class=\"testimonial-modal-wrap normal\" style=\"display: none;\">\n    <div class=\"shortcode-testimonial-modal\">\n        <blockquote class=\"shortcode-testimonial\">\n            <div class=\"testimonial-quote editor-front\">\n                                <blockquote class=\"highlighted-quote\">La vie universitaire est une\u00a0source d\u2019\u00e9panouissement intellectuel\u00a0mais c\u2019est surtout une\u00a0exp\u00e9rience humaine importante.<\/blockquote>\n                                                <div class=\"testimonial-full-quote\"><p>La vie universitaire est une\u00a0source d\u2019\u00e9panouissement intellectuel\u00a0mais c\u2019est surtout une\u00a0exp\u00e9rience humaine importante. A l\u2019Ecole de droit,\u00a0le mot d\u2019ordre est d\u2019avoir une atmosph\u00e8re de travail\u00a0conviviale pour que le cursus se passe dans\u00a0des conditions optimales. D\u00e8s le d\u00e9but de l\u2019ann\u00e9e\u00a0acad\u00e9mique, l\u2019AGE Droit organise des soir\u00e9es, des\u00a0\u00e9v\u00e9nements afin d\u2019aider un maximum d\u2019\u00e9tudiants\u00a0primo inscrits \u00e0 cr\u00e9er des relations entre membres\u00a0d\u2019un m\u00eame auditoire mais aussi avec leurs a\u00een\u00e9s\u00a0qui peuvent prodiguer des conseils, des petits\u00a0tuyaux toujours bons \u00e0 prendre !<\/p>\n<\/div>\n                            <\/div>\n            <div class=\"testimonial-author\">\n                                <div class=\"testimonial-picture\">\n                    <img decoding=\"async\" src=\"https:\/\/web.umons.ac.be\/app\/uploads\/sites\/7\/2017\/12\/DROIT-2017-okweb.pdf-Adobe-Acrobat-Pro-DC-80x80.jpg\" alt=\"\" \/>\n                <\/div>\n                                <div class=\"testimonial-text\">\n                    <div class=\"testimonial-identity\">\n                        <span class=\"testimonial-author-name\">Gwenna\u00eblle Bombart<\/span>\n                                            <\/div>\n                    <div class=\"testimonial-meta\">\n                                                                        <span class=\"testimonial-group\">(Bachelier en Droit, promotion 2017)<\/span>\n                                            <\/div>\n                <\/div>\n            <\/div>\n        <\/blockquote>\n    <\/div>\n<\/div>\n<end-cask-shortcode-wrapper>\n","protected":false},"excerpt":{"rendered":"<p>The Human Sciences Campus is located just a few minutes\u2019 walk from the centre of Mons and the train station, and is easily accessible by road. The central location of the campus also gives students easy access to the library, the Courts of Justice (free access for Law students) and to hearings. The university building [&hellip;]<\/p>\n","protected":false},"author":2,"featured_media":0,"parent":358,"menu_order":4,"comment_status":"closed","ping_status":"closed","template":"","meta":{"footnotes":""},"class_list":["post-625","page","type-page","status-publish","hentry"],"yoast_head":"<!-- This site is optimized with the Yoast SEO plugin v27.2 - https:\/\/yoast.com\/product\/yoast-seo-wordpress\/ -->\n<title>The Study Environment - Ecole \/ DROIT<\/title>\n<meta name=\"robots\" content=\"index, follow, max-snippet:-1, max-image-preview:large, max-video-preview:-1\" \/>\n<link rel=\"canonical\" href=\"https:\/\/web.umons.ac.be\/droit\/en\/studies\/lenvironnement-detude\/\" \/>\n<meta property=\"og:locale\" content=\"fr_FR\" \/>\n<meta property=\"og:type\" content=\"article\" \/>\n<meta property=\"og:title\" content=\"The Study Environment - Ecole \/ DROIT\" \/>\n<meta property=\"og:description\" content=\"The Human Sciences Campus is located just a few minutes\u2019 walk from the centre of Mons and the train station, and is easily accessible by road. The central location of the campus also gives students easy access to the library, the Courts of Justice (free access for Law students) and to hearings. The university building [&hellip;]\" \/>\n<meta property=\"og:url\" content=\"https:\/\/web.umons.ac.be\/droit\/en\/studies\/lenvironnement-detude\/\" \/>\n<meta property=\"og:site_name\" content=\"Ecole \/ DROIT\" \/>\n<meta property=\"og:image\" content=\"https:\/\/web.umons.ac.be\/app\/uploads\/sites\/7\/2017\/05\/Local-EWH-23024-0-Adobe-Acrobat-Pro-DC-8.jpg\" \/>\n<meta name=\"twitter:card\" content=\"summary_large_image\" \/>\n<meta name=\"twitter:label1\" content=\"Dur\u00e9e de lecture estim\u00e9e\" \/>\n\t<meta name=\"twitter:data1\" content=\"1 minute\" \/>\n<script type=\"application\/ld+json\" class=\"yoast-schema-graph\">{\"@context\":\"https:\/\/schema.org\",\"@graph\":[{\"@type\":\"WebPage\",\"@id\":\"https:\/\/web.umons.ac.be\/droit\/en\/studies\/lenvironnement-detude\/\",\"url\":\"https:\/\/web.umons.ac.be\/droit\/en\/studies\/lenvironnement-detude\/\",\"name\":\"The Study Environment - Ecole \/ DROIT\",\"isPartOf\":{\"@id\":\"https:\/\/web.umons.ac.be\/droit\/#website\"},\"primaryImageOfPage\":{\"@id\":\"https:\/\/web.umons.ac.be\/droit\/en\/studies\/lenvironnement-detude\/#primaryimage\"},\"image\":{\"@id\":\"https:\/\/web.umons.ac.be\/droit\/en\/studies\/lenvironnement-detude\/#primaryimage\"},\"thumbnailUrl\":\"https:\/\/web.umons.ac.be\/app\/uploads\/sites\/7\/2017\/05\/Local-EWH-23024-0-Adobe-Acrobat-Pro-DC-8.jpg\",\"datePublished\":\"2018-01-17T09:53:20+00:00\",\"breadcrumb\":{\"@id\":\"https:\/\/web.umons.ac.be\/droit\/en\/studies\/lenvironnement-detude\/#breadcrumb\"},\"inLanguage\":\"fr-FR\",\"potentialAction\":[{\"@type\":\"ReadAction\",\"target\":[\"https:\/\/web.umons.ac.be\/droit\/en\/studies\/lenvironnement-detude\/\"]}]},{\"@type\":\"ImageObject\",\"inLanguage\":\"fr-FR\",\"@id\":\"https:\/\/web.umons.ac.be\/droit\/en\/studies\/lenvironnement-detude\/#primaryimage\",\"url\":\"https:\/\/web.umons.ac.be\/app\/uploads\/sites\/7\/2017\/05\/Local-EWH-23024-0-Adobe-Acrobat-Pro-DC-8.jpg\",\"contentUrl\":\"https:\/\/web.umons.ac.be\/app\/uploads\/sites\/7\/2017\/05\/Local-EWH-23024-0-Adobe-Acrobat-Pro-DC-8.jpg\"},{\"@type\":\"BreadcrumbList\",\"@id\":\"https:\/\/web.umons.ac.be\/droit\/en\/studies\/lenvironnement-detude\/#breadcrumb\",\"itemListElement\":[{\"@type\":\"ListItem\",\"position\":1,\"name\":\"Accueil\",\"item\":\"https:\/\/web.umons.ac.be\/droit\/\"},{\"@type\":\"ListItem\",\"position\":2,\"name\":\"Studies\",\"item\":\"https:\/\/web.umons.ac.be\/droit\/en\/studies\/\"},{\"@type\":\"ListItem\",\"position\":3,\"name\":\"The Study Environment\"}]},{\"@type\":\"WebSite\",\"@id\":\"https:\/\/web.umons.ac.be\/droit\/#website\",\"url\":\"https:\/\/web.umons.ac.be\/droit\/\",\"name\":\"Ecole \/ DROIT\",\"description\":\"hgqdfjkghqdfjk\",\"potentialAction\":[{\"@type\":\"SearchAction\",\"target\":{\"@type\":\"EntryPoint\",\"urlTemplate\":\"https:\/\/web.umons.ac.be\/droit\/?s={search_term_string}\"},\"query-input\":{\"@type\":\"PropertyValueSpecification\",\"valueRequired\":true,\"valueName\":\"search_term_string\"}}],\"inLanguage\":\"fr-FR\"}]}<\/script>\n<!-- \/ Yoast SEO plugin. -->","yoast_head_json":{"title":"The Study Environment - Ecole \/ DROIT","robots":{"index":"index","follow":"follow","max-snippet":"max-snippet:-1","max-image-preview":"max-image-preview:large","max-video-preview":"max-video-preview:-1"},"canonical":"https:\/\/web.umons.ac.be\/droit\/en\/studies\/lenvironnement-detude\/","og_locale":"fr_FR","og_type":"article","og_title":"The Study Environment - Ecole \/ DROIT","og_description":"The Human Sciences Campus is located just a few minutes\u2019 walk from the centre of Mons and the train station, and is easily accessible by road. The central location of the campus also gives students easy access to the library, the Courts of Justice (free access for Law students) and to hearings. The university building [&hellip;]","og_url":"https:\/\/web.umons.ac.be\/droit\/en\/studies\/lenvironnement-detude\/","og_site_name":"Ecole \/ DROIT","og_image":[{"url":"https:\/\/web.umons.ac.be\/app\/uploads\/sites\/7\/2017\/05\/Local-EWH-23024-0-Adobe-Acrobat-Pro-DC-8.jpg","type":"","width":"","height":""}],"twitter_card":"summary_large_image","twitter_misc":{"Dur\u00e9e de lecture estim\u00e9e":"1 minute"},"schema":{"@context":"https:\/\/schema.org","@graph":[{"@type":"WebPage","@id":"https:\/\/web.umons.ac.be\/droit\/en\/studies\/lenvironnement-detude\/","url":"https:\/\/web.umons.ac.be\/droit\/en\/studies\/lenvironnement-detude\/","name":"The Study Environment - Ecole \/ DROIT","isPartOf":{"@id":"https:\/\/web.umons.ac.be\/droit\/#website"},"primaryImageOfPage":{"@id":"https:\/\/web.umons.ac.be\/droit\/en\/studies\/lenvironnement-detude\/#primaryimage"},"image":{"@id":"https:\/\/web.umons.ac.be\/droit\/en\/studies\/lenvironnement-detude\/#primaryimage"},"thumbnailUrl":"https:\/\/web.umons.ac.be\/app\/uploads\/sites\/7\/2017\/05\/Local-EWH-23024-0-Adobe-Acrobat-Pro-DC-8.jpg","datePublished":"2018-01-17T09:53:20+00:00","breadcrumb":{"@id":"https:\/\/web.umons.ac.be\/droit\/en\/studies\/lenvironnement-detude\/#breadcrumb"},"inLanguage":"fr-FR","potentialAction":[{"@type":"ReadAction","target":["https:\/\/web.umons.ac.be\/droit\/en\/studies\/lenvironnement-detude\/"]}]},{"@type":"ImageObject","inLanguage":"fr-FR","@id":"https:\/\/web.umons.ac.be\/droit\/en\/studies\/lenvironnement-detude\/#primaryimage","url":"https:\/\/web.umons.ac.be\/app\/uploads\/sites\/7\/2017\/05\/Local-EWH-23024-0-Adobe-Acrobat-Pro-DC-8.jpg","contentUrl":"https:\/\/web.umons.ac.be\/app\/uploads\/sites\/7\/2017\/05\/Local-EWH-23024-0-Adobe-Acrobat-Pro-DC-8.jpg"},{"@type":"BreadcrumbList","@id":"https:\/\/web.umons.ac.be\/droit\/en\/studies\/lenvironnement-detude\/#breadcrumb","itemListElement":[{"@type":"ListItem","position":1,"name":"Accueil","item":"https:\/\/web.umons.ac.be\/droit\/"},{"@type":"ListItem","position":2,"name":"Studies","item":"https:\/\/web.umons.ac.be\/droit\/en\/studies\/"},{"@type":"ListItem","position":3,"name":"The Study Environment"}]},{"@type":"WebSite","@id":"https:\/\/web.umons.ac.be\/droit\/#website","url":"https:\/\/web.umons.ac.be\/droit\/","name":"Ecole \/ DROIT","description":"hgqdfjkghqdfjk","potentialAction":[{"@type":"SearchAction","target":{"@type":"EntryPoint","urlTemplate":"https:\/\/web.umons.ac.be\/droit\/?s={search_term_string}"},"query-input":{"@type":"PropertyValueSpecification","valueRequired":true,"valueName":"search_term_string"}}],"inLanguage":"fr-FR"}]}},"lang":"en","translations":{"en":625,"fr":288},"pll_sync_post":[],"_links":{"self":[{"href":"https:\/\/web.umons.ac.be\/droit\/wp-json\/wp\/v2\/pages\/625","targetHints":{"allow":["GET"]}}],"collection":[{"href":"https:\/\/web.umons.ac.be\/droit\/wp-json\/wp\/v2\/pages"}],"about":[{"href":"https:\/\/web.umons.ac.be\/droit\/wp-json\/wp\/v2\/types\/page"}],"author":[{"embeddable":true,"href":"https:\/\/web.umons.ac.be\/droit\/wp-json\/wp\/v2\/users\/2"}],"replies":[{"embeddable":true,"href":"https:\/\/web.umons.ac.be\/droit\/wp-json\/wp\/v2\/comments?post=625"}],"version-history":[{"count":2,"href":"https:\/\/web.umons.ac.be\/droit\/wp-json\/wp\/v2\/pages\/625\/revisions"}],"predecessor-version":[{"id":628,"href":"https:\/\/web.umons.ac.be\/droit\/wp-json\/wp\/v2\/pages\/625\/revisions\/628"}],"up":[{"embeddable":true,"href":"https:\/\/web.umons.ac.be\/droit\/wp-json\/wp\/v2\/pages\/358"}],"wp:attachment":[{"href":"https:\/\/web.umons.ac.be\/droit\/wp-json\/wp\/v2\/media?parent=625"}],"curies":[{"name":"wp","href":"https:\/\/api.w.org\/{rel}","templated":true}]}}