{"id":634,"date":"2018-01-17T11:01:54","date_gmt":"2018-01-17T10:01:54","guid":{"rendered":"https:\/\/web.umons.ac.be\/droit\/?page_id=634"},"modified":"2018-01-17T11:01:55","modified_gmt":"2018-01-17T10:01:55","slug":"le-droit-et-les-langues","status":"publish","type":"page","link":"https:\/\/web.umons.ac.be\/droit\/en\/studies\/le-droit-et-les-langues\/","title":{"rendered":"Law and languages"},"content":{"rendered":"<p>Dans la semaine qui suit la rentr\u00e9e acad\u00e9mique,\u00a0les \u00e9tudiants du premier bloc sont r\u00e9partis en\u00a0trois groupes de niveau en fonction des r\u00e9sultats\u00a0qu\u2019ils ont obtenus aux tests ELAO, en anglais et\u00a0en n\u00e9erlandais. Cette r\u00e9partition en trois groupes\u00a0traduit la volont\u00e9 de mettre en oeuvre une p\u00e9dagogique\u00a0diff\u00e9renci\u00e9e, permettant \u00e0 chaque groupe\u00a0de poursuivre, \u00e0 son propre rythme, les objectifs\u00a0\u00e0 atteindre.\u00a0D\u00e8s le premier bloc, l\u2019accent est mis\u00a0sur la (re)d\u00e9couverte des bases grammaticales et\u00a0l\u2019acquisition de termes et concepts \u00e0 orientation\u00a0juridique.<\/p>\n<p>Par ailleurs, des cours interfacultaires en\u00a0anglais et en n\u00e9erlandais sont propos\u00e9s, en guise\u00a0de soutien, aux \u00e9tudiants qui en \u00e9prouvent le besoin.\u00a0Ces cours hebdomadaires sont dispens\u00e9s\u00a0gratuitement par le <strong>Centre de Langues Vivantes de l\u2019UMONS.<\/strong><\/p>\n<h6>Le projet Tandem<\/h6>\n<p>Le projet Tandem a vu le jour au sein de l\u2019\u00c9cole de\u00a0Droit durant l\u2019ann\u00e9e acad\u00e9mique 2016-2017. Dans\u00a0le cadre de cet \u00e9change linguistique, mis en place\u00a0entre les \u00e9tudiants en Droit du bloc 2 de l\u2019UMONS\u00a0et ceux de la KULAK (KUL Kortrijk), les intervenants\u00a0prennent part \u00e0 diff\u00e9rentes activit\u00e9s, par exemple la\u00a0visite d\u2019une cour ou d\u2019un tribunal de chaque c\u00f4t\u00e9\u00a0de la fronti\u00e8re linguistique. Le projet Tandem poursuit\u00a0un double objectif. D\u2019une part, il permet aux\u00a0participants d\u2019am\u00e9liorer leurs connaissances passives\u00a0et actives de la langue de Vondel et, d\u2019autre\u00a0part, il constitue une occasion unique de jeter des\u00a0ponts entre les deux communaut\u00e9s linguistiques.\u00a0Car, apprendre une langue \u00e9trang\u00e8re, c\u2019est aussi\u00a0faire connaissance avec une autre culture.\u00a0Dans cette logique, un renforcement des liens entre\u00a0les deux universit\u00e9s pourrait conduire \u00e0 moyen\u00a0terme \u00e0 des \u00e9changes estudiantins sur des p\u00e9riodes\u00a0de temps plus longues.<\/p>\n","protected":false},"excerpt":{"rendered":"<p>Dans la semaine qui suit la rentr\u00e9e acad\u00e9mique,\u00a0les \u00e9tudiants du premier bloc sont r\u00e9partis en\u00a0trois groupes de niveau en fonction des r\u00e9sultats\u00a0qu\u2019ils ont obtenus aux tests ELAO, en anglais et\u00a0en n\u00e9erlandais. Cette r\u00e9partition en trois groupes\u00a0traduit la volont\u00e9 de mettre en oeuvre une p\u00e9dagogique\u00a0diff\u00e9renci\u00e9e, permettant \u00e0 chaque groupe\u00a0de poursuivre, \u00e0 son propre rythme, les objectifs\u00a0\u00e0 [&hellip;]<\/p>\n","protected":false},"author":2,"featured_media":0,"parent":358,"menu_order":0,"comment_status":"closed","ping_status":"closed","template":"","meta":{"footnotes":""},"class_list":["post-634","page","type-page","status-publish","hentry"],"yoast_head":"<!-- This site is optimized with the Yoast SEO plugin v27.2 - https:\/\/yoast.com\/product\/yoast-seo-wordpress\/ -->\n<title>Law and languages - Ecole \/ DROIT<\/title>\n<meta name=\"robots\" content=\"index, follow, max-snippet:-1, max-image-preview:large, max-video-preview:-1\" \/>\n<link rel=\"canonical\" href=\"https:\/\/web.umons.ac.be\/droit\/en\/studies\/le-droit-et-les-langues\/\" \/>\n<meta property=\"og:locale\" content=\"fr_FR\" \/>\n<meta property=\"og:type\" content=\"article\" \/>\n<meta property=\"og:title\" content=\"Law and languages - Ecole \/ DROIT\" \/>\n<meta property=\"og:description\" content=\"Dans la semaine qui suit la rentr\u00e9e acad\u00e9mique,\u00a0les \u00e9tudiants du premier bloc sont r\u00e9partis en\u00a0trois groupes de niveau en fonction des r\u00e9sultats\u00a0qu\u2019ils ont obtenus aux tests ELAO, en anglais et\u00a0en n\u00e9erlandais. Cette r\u00e9partition en trois groupes\u00a0traduit la volont\u00e9 de mettre en oeuvre une p\u00e9dagogique\u00a0diff\u00e9renci\u00e9e, permettant \u00e0 chaque groupe\u00a0de poursuivre, \u00e0 son propre rythme, les objectifs\u00a0\u00e0 [&hellip;]\" \/>\n<meta property=\"og:url\" content=\"https:\/\/web.umons.ac.be\/droit\/en\/studies\/le-droit-et-les-langues\/\" \/>\n<meta property=\"og:site_name\" content=\"Ecole \/ DROIT\" \/>\n<meta property=\"article:modified_time\" content=\"2018-01-17T10:01:55+00:00\" \/>\n<meta name=\"twitter:card\" content=\"summary_large_image\" \/>\n<meta name=\"twitter:label1\" content=\"Dur\u00e9e de lecture estim\u00e9e\" \/>\n\t<meta name=\"twitter:data1\" content=\"2 minutes\" \/>\n<script type=\"application\/ld+json\" class=\"yoast-schema-graph\">{\"@context\":\"https:\/\/schema.org\",\"@graph\":[{\"@type\":\"WebPage\",\"@id\":\"https:\/\/web.umons.ac.be\/droit\/en\/studies\/le-droit-et-les-langues\/\",\"url\":\"https:\/\/web.umons.ac.be\/droit\/en\/studies\/le-droit-et-les-langues\/\",\"name\":\"Law and languages - Ecole \/ DROIT\",\"isPartOf\":{\"@id\":\"https:\/\/web.umons.ac.be\/droit\/#website\"},\"datePublished\":\"2018-01-17T10:01:54+00:00\",\"dateModified\":\"2018-01-17T10:01:55+00:00\",\"breadcrumb\":{\"@id\":\"https:\/\/web.umons.ac.be\/droit\/en\/studies\/le-droit-et-les-langues\/#breadcrumb\"},\"inLanguage\":\"fr-FR\",\"potentialAction\":[{\"@type\":\"ReadAction\",\"target\":[\"https:\/\/web.umons.ac.be\/droit\/en\/studies\/le-droit-et-les-langues\/\"]}]},{\"@type\":\"BreadcrumbList\",\"@id\":\"https:\/\/web.umons.ac.be\/droit\/en\/studies\/le-droit-et-les-langues\/#breadcrumb\",\"itemListElement\":[{\"@type\":\"ListItem\",\"position\":1,\"name\":\"Accueil\",\"item\":\"https:\/\/web.umons.ac.be\/droit\/\"},{\"@type\":\"ListItem\",\"position\":2,\"name\":\"Studies\",\"item\":\"https:\/\/web.umons.ac.be\/droit\/en\/studies\/\"},{\"@type\":\"ListItem\",\"position\":3,\"name\":\"Law and languages\"}]},{\"@type\":\"WebSite\",\"@id\":\"https:\/\/web.umons.ac.be\/droit\/#website\",\"url\":\"https:\/\/web.umons.ac.be\/droit\/\",\"name\":\"Ecole \/ DROIT\",\"description\":\"hgqdfjkghqdfjk\",\"potentialAction\":[{\"@type\":\"SearchAction\",\"target\":{\"@type\":\"EntryPoint\",\"urlTemplate\":\"https:\/\/web.umons.ac.be\/droit\/?s={search_term_string}\"},\"query-input\":{\"@type\":\"PropertyValueSpecification\",\"valueRequired\":true,\"valueName\":\"search_term_string\"}}],\"inLanguage\":\"fr-FR\"}]}<\/script>\n<!-- \/ Yoast SEO plugin. -->","yoast_head_json":{"title":"Law and languages - Ecole \/ DROIT","robots":{"index":"index","follow":"follow","max-snippet":"max-snippet:-1","max-image-preview":"max-image-preview:large","max-video-preview":"max-video-preview:-1"},"canonical":"https:\/\/web.umons.ac.be\/droit\/en\/studies\/le-droit-et-les-langues\/","og_locale":"fr_FR","og_type":"article","og_title":"Law and languages - Ecole \/ DROIT","og_description":"Dans la semaine qui suit la rentr\u00e9e acad\u00e9mique,\u00a0les \u00e9tudiants du premier bloc sont r\u00e9partis en\u00a0trois groupes de niveau en fonction des r\u00e9sultats\u00a0qu\u2019ils ont obtenus aux tests ELAO, en anglais et\u00a0en n\u00e9erlandais. Cette r\u00e9partition en trois groupes\u00a0traduit la volont\u00e9 de mettre en oeuvre une p\u00e9dagogique\u00a0diff\u00e9renci\u00e9e, permettant \u00e0 chaque groupe\u00a0de poursuivre, \u00e0 son propre rythme, les objectifs\u00a0\u00e0 [&hellip;]","og_url":"https:\/\/web.umons.ac.be\/droit\/en\/studies\/le-droit-et-les-langues\/","og_site_name":"Ecole \/ DROIT","article_modified_time":"2018-01-17T10:01:55+00:00","twitter_card":"summary_large_image","twitter_misc":{"Dur\u00e9e de lecture estim\u00e9e":"2 minutes"},"schema":{"@context":"https:\/\/schema.org","@graph":[{"@type":"WebPage","@id":"https:\/\/web.umons.ac.be\/droit\/en\/studies\/le-droit-et-les-langues\/","url":"https:\/\/web.umons.ac.be\/droit\/en\/studies\/le-droit-et-les-langues\/","name":"Law and languages - Ecole \/ DROIT","isPartOf":{"@id":"https:\/\/web.umons.ac.be\/droit\/#website"},"datePublished":"2018-01-17T10:01:54+00:00","dateModified":"2018-01-17T10:01:55+00:00","breadcrumb":{"@id":"https:\/\/web.umons.ac.be\/droit\/en\/studies\/le-droit-et-les-langues\/#breadcrumb"},"inLanguage":"fr-FR","potentialAction":[{"@type":"ReadAction","target":["https:\/\/web.umons.ac.be\/droit\/en\/studies\/le-droit-et-les-langues\/"]}]},{"@type":"BreadcrumbList","@id":"https:\/\/web.umons.ac.be\/droit\/en\/studies\/le-droit-et-les-langues\/#breadcrumb","itemListElement":[{"@type":"ListItem","position":1,"name":"Accueil","item":"https:\/\/web.umons.ac.be\/droit\/"},{"@type":"ListItem","position":2,"name":"Studies","item":"https:\/\/web.umons.ac.be\/droit\/en\/studies\/"},{"@type":"ListItem","position":3,"name":"Law and languages"}]},{"@type":"WebSite","@id":"https:\/\/web.umons.ac.be\/droit\/#website","url":"https:\/\/web.umons.ac.be\/droit\/","name":"Ecole \/ DROIT","description":"hgqdfjkghqdfjk","potentialAction":[{"@type":"SearchAction","target":{"@type":"EntryPoint","urlTemplate":"https:\/\/web.umons.ac.be\/droit\/?s={search_term_string}"},"query-input":{"@type":"PropertyValueSpecification","valueRequired":true,"valueName":"search_term_string"}}],"inLanguage":"fr-FR"}]}},"lang":"en","translations":{"en":634,"fr":576},"pll_sync_post":[],"_links":{"self":[{"href":"https:\/\/web.umons.ac.be\/droit\/wp-json\/wp\/v2\/pages\/634","targetHints":{"allow":["GET"]}}],"collection":[{"href":"https:\/\/web.umons.ac.be\/droit\/wp-json\/wp\/v2\/pages"}],"about":[{"href":"https:\/\/web.umons.ac.be\/droit\/wp-json\/wp\/v2\/types\/page"}],"author":[{"embeddable":true,"href":"https:\/\/web.umons.ac.be\/droit\/wp-json\/wp\/v2\/users\/2"}],"replies":[{"embeddable":true,"href":"https:\/\/web.umons.ac.be\/droit\/wp-json\/wp\/v2\/comments?post=634"}],"version-history":[{"count":2,"href":"https:\/\/web.umons.ac.be\/droit\/wp-json\/wp\/v2\/pages\/634\/revisions"}],"predecessor-version":[{"id":636,"href":"https:\/\/web.umons.ac.be\/droit\/wp-json\/wp\/v2\/pages\/634\/revisions\/636"}],"up":[{"embeddable":true,"href":"https:\/\/web.umons.ac.be\/droit\/wp-json\/wp\/v2\/pages\/358"}],"wp:attachment":[{"href":"https:\/\/web.umons.ac.be\/droit\/wp-json\/wp\/v2\/media?parent=634"}],"curies":[{"name":"wp","href":"https:\/\/api.w.org\/{rel}","templated":true}]}}