{"id":701,"date":"2018-05-03T15:45:11","date_gmt":"2018-05-03T13:45:11","guid":{"rendered":"https:\/\/web.umons.ac.be\/droit\/?page_id=701"},"modified":"2024-03-04T16:52:49","modified_gmt":"2024-03-04T15:52:49","slug":"initiatives-pedagogiques","status":"publish","type":"page","link":"https:\/\/web.umons.ac.be\/droit\/fr\/lecole-de-droit-bouge\/initiatives-pedagogiques\/","title":{"rendered":"Initiatives p\u00e9dagogiques"},"content":{"rendered":"<p>Dans un monde qui change, l\u2019enseignement universitaire change aussi.<\/p>\n<p>Les<strong> initiatives p\u00e9dagogiques \u00ab3R\u00bb<\/strong> poursuivent un triple objectif\u00a0:<\/p>\n<ul>\n<li><span style=\"color: #7f2816;\"><em><strong>Revaloriser l\u2019enseignement universitaire par des pratiques innovantes<\/strong><\/em><\/span><\/li>\n<\/ul>\n<p>En ce XXI\u00e8me si\u00e8cle, les jeunes sont capables de mobiliser des comp\u00e9tences et des ressources inou\u00efes\u00a0! La p\u00e9dagogie \u00ab3R\u00a0\u00bb parie sur les talents des \u00e9tudiant.e.s et mise sur leur cr\u00e9ativit\u00e9. En les responsabilisant dans des projets p\u00e9dagogiques qui sortent des sentiers battus, \u00a0ils apprennent en s\u2019amusant et se forment \u00e0 la mati\u00e8re en innovant. \u00a0En les invitant \u00e0 \u00e9laborer des propositions personnelles, \u00e0 les argumenter et \u00e0 les d\u00e9battre, ils acqui\u00e8rent un savoir-penser et un savoir-\u00eatre pr\u00e9cieux pour leur parcours futur\u00a0!<\/p>\n<ul>\n<li><span style=\"color: #7f2816;\"><em><strong>R\u00e9enchanter la d\u00e9mocratie et la citoyennet\u00e9<\/strong><\/em><\/span><\/li>\n<\/ul>\n<p>Elaborer des projets p\u00e9dagogiques participatifs offre aux \u00e9tudiant.e.s la possibilit\u00e9 de vivre des exp\u00e9riences concr\u00e8tes de citoyennet\u00e9. Ce passage d\u2019un savoir th\u00e9orique \u00e0 une exp\u00e9rience citoyenne enrichit leur formation et contribue \u00e0 leur \u00e9mancipation. Ouvrir ces projets p\u00e9dagogiques \u00e0 la cit\u00e9 permet de r\u00e9enchanter la d\u00e9mocratie, \u00e0 l\u2019heure o\u00f9 son \u00e9tat critique est sur toutes les bouches!<\/p>\n<ul>\n<li><span style=\"color: #7f2816;\"><em><strong>R\u00e9affirmer la place de l\u2019universit\u00e9 dans la cit\u00e9\u00a0<\/strong><\/em><\/span><\/li>\n<\/ul>\n<p>Dans les projets p\u00e9dagogiques \u00ab3R\u00a0\u00bb, les \u00e9tudiant.e.s s\u2019ouvrent au reste de la cit\u00e9. Ils participent \u00e0 des \u00e9v\u00e9nements ext\u00e9rieurs. Ils pr\u00e9sentent leurs travaux au public. Ils ouvrent les portes de leur Ecole. Ils battent les pav\u00e9s de Mons et mart\u00e8lent les routes du Hainaut. Tout le monde est gagnant dans ces rencontres ! L\u2019universit\u00e9 joue son r\u00f4le de r\u00e9flexion, de d\u00e9bat et d\u2019impulsion dans la cit\u00e9. La cit\u00e9 r\u00e9investit l\u2019universit\u00e9, profite de sa plus-value et la nourrit de ses r\u00e9alit\u00e9s. Ce dialogue enrichit l\u2019apprentissage des \u00e9tudiant.e.s et en retour, leur apprentissage enrichit la cit\u00e9\u00a0!<\/p>\n<p>&nbsp;<\/p>\n<div class=\"highlighted-block\">\n<p>Contact\u00a0: <a href=\"mailto:anne-emmanuelle.bourgaux@umons.ac.be\" target=\"_blank\" rel=\"noopener\">anne-emmanuelle.bourgaux@umons.ac.be<\/a><\/p>\n<\/div>\n","protected":false},"excerpt":{"rendered":"<p>Dans un monde qui change, l\u2019enseignement universitaire change aussi. Les initiatives p\u00e9dagogiques \u00ab3R\u00bb poursuivent un triple objectif\u00a0: Revaloriser l\u2019enseignement universitaire par des pratiques innovantes En ce XXI\u00e8me si\u00e8cle, les jeunes sont capables de mobiliser des comp\u00e9tences et des ressources inou\u00efes\u00a0! La p\u00e9dagogie \u00ab3R\u00a0\u00bb parie sur les talents des \u00e9tudiant.e.s et mise sur leur cr\u00e9ativit\u00e9. En [&hellip;]<\/p>\n","protected":false},"author":2,"featured_media":2253,"parent":581,"menu_order":1,"comment_status":"closed","ping_status":"closed","template":"","meta":{"footnotes":""},"class_list":["post-701","page","type-page","status-publish","has-post-thumbnail","hentry"],"yoast_head":"<!-- This site is optimized with the Yoast SEO plugin v27.2 - https:\/\/yoast.com\/product\/yoast-seo-wordpress\/ -->\n<title>Initiatives p\u00e9dagogiques - Ecole \/ DROIT<\/title>\n<meta name=\"description\" content=\"Initiatives p\u00e9dagogiques de l&#039;\u00c9cole de Droit UMONS-ULB. D\u00e9mocrathlon. Assembl\u00e9es constituantes. Ligue des Assesseurs. Escape Room \u00e9lectoral.\" \/>\n<meta name=\"robots\" content=\"index, follow, max-snippet:-1, max-image-preview:large, max-video-preview:-1\" \/>\n<link rel=\"canonical\" href=\"https:\/\/web.umons.ac.be\/droit\/fr\/lecole-de-droit-bouge\/initiatives-pedagogiques\/\" \/>\n<meta property=\"og:locale\" content=\"fr_FR\" \/>\n<meta property=\"og:type\" content=\"article\" \/>\n<meta property=\"og:title\" content=\"Initiatives p\u00e9dagogiques - Ecole \/ DROIT\" \/>\n<meta property=\"og:description\" content=\"Initiatives p\u00e9dagogiques de l&#039;\u00c9cole de Droit UMONS-ULB. D\u00e9mocrathlon. Assembl\u00e9es constituantes. Ligue des Assesseurs. Escape Room \u00e9lectoral.\" \/>\n<meta property=\"og:url\" content=\"https:\/\/web.umons.ac.be\/droit\/fr\/lecole-de-droit-bouge\/initiatives-pedagogiques\/\" \/>\n<meta property=\"og:site_name\" content=\"Ecole \/ DROIT\" \/>\n<meta property=\"article:modified_time\" content=\"2024-03-04T15:52:49+00:00\" \/>\n<meta property=\"og:image\" content=\"https:\/\/web.umons.ac.be\/app\/uploads\/sites\/7\/2024\/03\/Sans-titre-1.png\" \/>\n\t<meta property=\"og:image:width\" content=\"1200\" \/>\n\t<meta property=\"og:image:height\" content=\"675\" \/>\n\t<meta property=\"og:image:type\" content=\"image\/png\" \/>\n<meta name=\"twitter:card\" content=\"summary_large_image\" \/>\n<meta name=\"twitter:image\" content=\"https:\/\/web.umons.ac.be\/app\/uploads\/sites\/7\/2024\/03\/Sans-titre-1.png\" \/>\n<meta name=\"twitter:label1\" content=\"Dur\u00e9e de lecture estim\u00e9e\" \/>\n\t<meta name=\"twitter:data1\" content=\"2 minutes\" \/>\n<script type=\"application\/ld+json\" class=\"yoast-schema-graph\">{\"@context\":\"https:\/\/schema.org\",\"@graph\":[{\"@type\":\"WebPage\",\"@id\":\"https:\/\/web.umons.ac.be\/droit\/fr\/lecole-de-droit-bouge\/initiatives-pedagogiques\/\",\"url\":\"https:\/\/web.umons.ac.be\/droit\/fr\/lecole-de-droit-bouge\/initiatives-pedagogiques\/\",\"name\":\"Initiatives p\u00e9dagogiques - Ecole \/ DROIT\",\"isPartOf\":{\"@id\":\"https:\/\/web.umons.ac.be\/droit\/#website\"},\"primaryImageOfPage\":{\"@id\":\"https:\/\/web.umons.ac.be\/droit\/fr\/lecole-de-droit-bouge\/initiatives-pedagogiques\/#primaryimage\"},\"image\":{\"@id\":\"https:\/\/web.umons.ac.be\/droit\/fr\/lecole-de-droit-bouge\/initiatives-pedagogiques\/#primaryimage\"},\"thumbnailUrl\":\"https:\/\/web.umons.ac.be\/app\/uploads\/sites\/7\/2024\/03\/Sans-titre-1.png\",\"datePublished\":\"2018-05-03T13:45:11+00:00\",\"dateModified\":\"2024-03-04T15:52:49+00:00\",\"description\":\"Initiatives p\u00e9dagogiques de l'\u00c9cole de Droit UMONS-ULB. D\u00e9mocrathlon. Assembl\u00e9es constituantes. Ligue des Assesseurs. Escape Room \u00e9lectoral.\",\"breadcrumb\":{\"@id\":\"https:\/\/web.umons.ac.be\/droit\/fr\/lecole-de-droit-bouge\/initiatives-pedagogiques\/#breadcrumb\"},\"inLanguage\":\"fr-FR\",\"potentialAction\":[{\"@type\":\"ReadAction\",\"target\":[\"https:\/\/web.umons.ac.be\/droit\/fr\/lecole-de-droit-bouge\/initiatives-pedagogiques\/\"]}]},{\"@type\":\"ImageObject\",\"inLanguage\":\"fr-FR\",\"@id\":\"https:\/\/web.umons.ac.be\/droit\/fr\/lecole-de-droit-bouge\/initiatives-pedagogiques\/#primaryimage\",\"url\":\"https:\/\/web.umons.ac.be\/app\/uploads\/sites\/7\/2024\/03\/Sans-titre-1.png\",\"contentUrl\":\"https:\/\/web.umons.ac.be\/app\/uploads\/sites\/7\/2024\/03\/Sans-titre-1.png\",\"width\":1200,\"height\":675},{\"@type\":\"BreadcrumbList\",\"@id\":\"https:\/\/web.umons.ac.be\/droit\/fr\/lecole-de-droit-bouge\/initiatives-pedagogiques\/#breadcrumb\",\"itemListElement\":[{\"@type\":\"ListItem\",\"position\":1,\"name\":\"Accueil\",\"item\":\"https:\/\/web.umons.ac.be\/droit\/\"},{\"@type\":\"ListItem\",\"position\":2,\"name\":\"L\u2019\u00c9cole de Droit bouge !\",\"item\":\"https:\/\/web.umons.ac.be\/droit\/fr\/lecole-de-droit-bouge\/\"},{\"@type\":\"ListItem\",\"position\":3,\"name\":\"Initiatives p\u00e9dagogiques\"}]},{\"@type\":\"WebSite\",\"@id\":\"https:\/\/web.umons.ac.be\/droit\/#website\",\"url\":\"https:\/\/web.umons.ac.be\/droit\/\",\"name\":\"Ecole \/ DROIT\",\"description\":\"hgqdfjkghqdfjk\",\"potentialAction\":[{\"@type\":\"SearchAction\",\"target\":{\"@type\":\"EntryPoint\",\"urlTemplate\":\"https:\/\/web.umons.ac.be\/droit\/?s={search_term_string}\"},\"query-input\":{\"@type\":\"PropertyValueSpecification\",\"valueRequired\":true,\"valueName\":\"search_term_string\"}}],\"inLanguage\":\"fr-FR\"}]}<\/script>\n<!-- \/ Yoast SEO plugin. -->","yoast_head_json":{"title":"Initiatives p\u00e9dagogiques - Ecole \/ DROIT","description":"Initiatives p\u00e9dagogiques de l'\u00c9cole de Droit UMONS-ULB. D\u00e9mocrathlon. Assembl\u00e9es constituantes. Ligue des Assesseurs. Escape Room \u00e9lectoral.","robots":{"index":"index","follow":"follow","max-snippet":"max-snippet:-1","max-image-preview":"max-image-preview:large","max-video-preview":"max-video-preview:-1"},"canonical":"https:\/\/web.umons.ac.be\/droit\/fr\/lecole-de-droit-bouge\/initiatives-pedagogiques\/","og_locale":"fr_FR","og_type":"article","og_title":"Initiatives p\u00e9dagogiques - Ecole \/ DROIT","og_description":"Initiatives p\u00e9dagogiques de l'\u00c9cole de Droit UMONS-ULB. D\u00e9mocrathlon. Assembl\u00e9es constituantes. Ligue des Assesseurs. Escape Room \u00e9lectoral.","og_url":"https:\/\/web.umons.ac.be\/droit\/fr\/lecole-de-droit-bouge\/initiatives-pedagogiques\/","og_site_name":"Ecole \/ DROIT","article_modified_time":"2024-03-04T15:52:49+00:00","og_image":[{"width":1200,"height":675,"url":"https:\/\/web.umons.ac.be\/app\/uploads\/sites\/7\/2024\/03\/Sans-titre-1.png","type":"image\/png"}],"twitter_card":"summary_large_image","twitter_image":"https:\/\/web.umons.ac.be\/app\/uploads\/sites\/7\/2024\/03\/Sans-titre-1.png","twitter_misc":{"Dur\u00e9e de lecture estim\u00e9e":"2 minutes"},"schema":{"@context":"https:\/\/schema.org","@graph":[{"@type":"WebPage","@id":"https:\/\/web.umons.ac.be\/droit\/fr\/lecole-de-droit-bouge\/initiatives-pedagogiques\/","url":"https:\/\/web.umons.ac.be\/droit\/fr\/lecole-de-droit-bouge\/initiatives-pedagogiques\/","name":"Initiatives p\u00e9dagogiques - Ecole \/ DROIT","isPartOf":{"@id":"https:\/\/web.umons.ac.be\/droit\/#website"},"primaryImageOfPage":{"@id":"https:\/\/web.umons.ac.be\/droit\/fr\/lecole-de-droit-bouge\/initiatives-pedagogiques\/#primaryimage"},"image":{"@id":"https:\/\/web.umons.ac.be\/droit\/fr\/lecole-de-droit-bouge\/initiatives-pedagogiques\/#primaryimage"},"thumbnailUrl":"https:\/\/web.umons.ac.be\/app\/uploads\/sites\/7\/2024\/03\/Sans-titre-1.png","datePublished":"2018-05-03T13:45:11+00:00","dateModified":"2024-03-04T15:52:49+00:00","description":"Initiatives p\u00e9dagogiques de l'\u00c9cole de Droit UMONS-ULB. D\u00e9mocrathlon. Assembl\u00e9es constituantes. Ligue des Assesseurs. Escape Room \u00e9lectoral.","breadcrumb":{"@id":"https:\/\/web.umons.ac.be\/droit\/fr\/lecole-de-droit-bouge\/initiatives-pedagogiques\/#breadcrumb"},"inLanguage":"fr-FR","potentialAction":[{"@type":"ReadAction","target":["https:\/\/web.umons.ac.be\/droit\/fr\/lecole-de-droit-bouge\/initiatives-pedagogiques\/"]}]},{"@type":"ImageObject","inLanguage":"fr-FR","@id":"https:\/\/web.umons.ac.be\/droit\/fr\/lecole-de-droit-bouge\/initiatives-pedagogiques\/#primaryimage","url":"https:\/\/web.umons.ac.be\/app\/uploads\/sites\/7\/2024\/03\/Sans-titre-1.png","contentUrl":"https:\/\/web.umons.ac.be\/app\/uploads\/sites\/7\/2024\/03\/Sans-titre-1.png","width":1200,"height":675},{"@type":"BreadcrumbList","@id":"https:\/\/web.umons.ac.be\/droit\/fr\/lecole-de-droit-bouge\/initiatives-pedagogiques\/#breadcrumb","itemListElement":[{"@type":"ListItem","position":1,"name":"Accueil","item":"https:\/\/web.umons.ac.be\/droit\/"},{"@type":"ListItem","position":2,"name":"L\u2019\u00c9cole de Droit bouge !","item":"https:\/\/web.umons.ac.be\/droit\/fr\/lecole-de-droit-bouge\/"},{"@type":"ListItem","position":3,"name":"Initiatives p\u00e9dagogiques"}]},{"@type":"WebSite","@id":"https:\/\/web.umons.ac.be\/droit\/#website","url":"https:\/\/web.umons.ac.be\/droit\/","name":"Ecole \/ DROIT","description":"hgqdfjkghqdfjk","potentialAction":[{"@type":"SearchAction","target":{"@type":"EntryPoint","urlTemplate":"https:\/\/web.umons.ac.be\/droit\/?s={search_term_string}"},"query-input":{"@type":"PropertyValueSpecification","valueRequired":true,"valueName":"search_term_string"}}],"inLanguage":"fr-FR"}]}},"lang":"fr","translations":{"fr":701},"pll_sync_post":[],"_links":{"self":[{"href":"https:\/\/web.umons.ac.be\/droit\/wp-json\/wp\/v2\/pages\/701","targetHints":{"allow":["GET"]}}],"collection":[{"href":"https:\/\/web.umons.ac.be\/droit\/wp-json\/wp\/v2\/pages"}],"about":[{"href":"https:\/\/web.umons.ac.be\/droit\/wp-json\/wp\/v2\/types\/page"}],"author":[{"embeddable":true,"href":"https:\/\/web.umons.ac.be\/droit\/wp-json\/wp\/v2\/users\/2"}],"replies":[{"embeddable":true,"href":"https:\/\/web.umons.ac.be\/droit\/wp-json\/wp\/v2\/comments?post=701"}],"version-history":[{"count":5,"href":"https:\/\/web.umons.ac.be\/droit\/wp-json\/wp\/v2\/pages\/701\/revisions"}],"predecessor-version":[{"id":838,"href":"https:\/\/web.umons.ac.be\/droit\/wp-json\/wp\/v2\/pages\/701\/revisions\/838"}],"up":[{"embeddable":true,"href":"https:\/\/web.umons.ac.be\/droit\/wp-json\/wp\/v2\/pages\/581"}],"wp:featuredmedia":[{"embeddable":true,"href":"https:\/\/web.umons.ac.be\/droit\/wp-json\/wp\/v2\/media\/2253"}],"wp:attachment":[{"href":"https:\/\/web.umons.ac.be\/droit\/wp-json\/wp\/v2\/media?parent=701"}],"curies":[{"name":"wp","href":"https:\/\/api.w.org\/{rel}","templated":true}]}}