{"id":705,"date":"2018-05-04T10:51:50","date_gmt":"2018-05-04T08:51:50","guid":{"rendered":"https:\/\/web.umons.ac.be\/droit\/?page_id=705"},"modified":"2022-09-20T12:03:14","modified_gmt":"2022-09-20T10:03:14","slug":"laboratoire-democratique","status":"publish","type":"page","link":"https:\/\/web.umons.ac.be\/droit\/fr\/lecole-de-droit-bouge\/initiatives-pedagogiques\/laboratoire-democratique\/","title":{"rendered":"Laboratoire d\u00e9mocratique"},"content":{"rendered":"<h2>R\u00e2ler c\u2019est bien, proposer c\u2019est mieux\u2026<\/h2>\n<p>Les chiffres de la d\u00e9sillusion politique des jeunes\u00a0sont terribles. Notre jeunesse, comme toutes les jeunesses, r\u00eave de transformer profond\u00e9ment notre soci\u00e9t\u00e9. Mais seulement 1 jeune sur 20 pense que voter sert \u00e0 quelque chose \u2026\u00a0On parle souvent de mod\u00e8le environnemental ou \u00e9conomique durable. Mais quid d\u2019un mod\u00e8le constitutionnel durable capable d\u2019accueillir les r\u00eaves de transformation de nos jeunes\u00a0?<\/p>\n<p>Dans son Laboratoire d\u00e9mocratique inspir\u00e9 de Jules Verne, l\u2019Ecole de droit UMONS-ULB veut d\u00e9passer ce constat d\u00e9sesp\u00e9rant\u00a0:\u00a0 une vingtaine de jeunes de 20 ans font <a href=\"https:\/\/web.umons.ac.be\/droit\/fr\/lecole-de-droit-bouge\/initiatives-pedagogiques\/laboratoire-democratique\/les-propositions\/\">des propositions<\/a> pour r\u00eaver la d\u00e9mocratie du futur !<\/p>\n<h2>Pourquoi un Laboratoire inspir\u00e9 de Jules Verne\u00a0?<\/h2>\n<p>Parce que cet auteur a r\u00e9ussi \u00e0 cr\u00e9er un univers fabuleux capable de transformer les peurs que suscitait la r\u00e9volution industrielle en r\u00eave de mieux, en d\u00e9sir d&rsquo;ailleurs et en espoir de plus. Notre Labo a voulu faire de m\u00eame avec les peurs que provoque la r\u00e9volution d\u00e9mocratique en Belgique\u00a0en pariant sur les talents immenses de nos jeunes de 20 ans\u00a0!<\/p>\n<p>Au XIX\u00e8me si\u00e8cle, la r\u00e9volution industrielle fait peur. Jules Verne transforme ses crachotements et ses chuintements en machines merveilleuses.<\/p>\n<p>AU XXI\u00e8me si\u00e8cle, la d\u00e9mocratie belge se grippe. Les \u00e9tudiant.e.s de l\u2019Ecole de Droit transforment ses grincements et ses crissements en propositions d\u00e9mocratiques p\u00e9taradantes.<\/p>\n<h2>Un Labo <em>en live<\/em> et en ligne<\/h2>\n<p>Le Laboratoire d\u00e9mocratique a d\u00e9marr\u00e9 <a href=\"https:\/\/web.umons.ac.be\/droit\/fr\/lecole-de-droit-bouge\/initiatives-pedagogiques\/laboratoire-democratique\/printemps-sciences-2018\/\">lors du Printemps des Sciences 2018 \u00e0 Mons-Expo<\/a> qui a \u00e9t\u00e9 un v\u00e9ritable tremplin pour les id\u00e9es des \u00e9tudiant.e.s.\u00a0!<\/p>\n<p>Venez vous perdre dans les rouages de leur Laboratoire d\u00e9mocratique et d\u00e9nicher pour votre proposition coup de c\u0153ur !<\/p>\n<p>Projet d\u00e9velopp\u00e9 par les \u00e9tudiant.e.s en deuxi\u00e8me ann\u00e9e de Bachelier en Droit et par Anne-Emmanuelle Bourgaux et ses assistant.e.s : C\u00e9line Estas, Letizia De Lauri et Mathieu Dekleermaker, dans le cadre du cours du Droit constitutionnel.<\/p>\n<p>&nbsp;<\/p>\n<div class=\"highlighted-block\">\n<p>Contact : <a href=\"mailto:anne-emmanuelle.bourgaux@umons.ac.be\">anne-emmanuelle.bourgaux@umons.ac.be<\/a><\/p>\n<\/div>\n","protected":false},"excerpt":{"rendered":"<p>R\u00e2ler c\u2019est bien, proposer c\u2019est mieux\u2026 Les chiffres de la d\u00e9sillusion politique des jeunes\u00a0sont terribles. Notre jeunesse, comme toutes les jeunesses, r\u00eave de transformer profond\u00e9ment notre soci\u00e9t\u00e9. Mais seulement 1 jeune sur 20 pense que voter sert \u00e0 quelque chose \u2026\u00a0On parle souvent de mod\u00e8le environnemental ou \u00e9conomique durable. Mais quid d\u2019un mod\u00e8le constitutionnel durable [&hellip;]<\/p>\n","protected":false},"author":2,"featured_media":0,"parent":701,"menu_order":1,"comment_status":"closed","ping_status":"closed","template":"","meta":{"footnotes":""},"class_list":["post-705","page","type-page","status-publish","hentry"],"yoast_head":"<!-- This site is optimized with the Yoast SEO plugin v27.2 - https:\/\/yoast.com\/product\/yoast-seo-wordpress\/ -->\n<title>Laboratoire d\u00e9mocratique - Ecole \/ DROIT<\/title>\n<meta name=\"robots\" content=\"index, follow, max-snippet:-1, max-image-preview:large, max-video-preview:-1\" \/>\n<link rel=\"canonical\" href=\"https:\/\/web.umons.ac.be\/droit\/fr\/lecole-de-droit-bouge\/initiatives-pedagogiques\/laboratoire-democratique\/\" \/>\n<meta property=\"og:locale\" content=\"fr_FR\" \/>\n<meta property=\"og:type\" content=\"article\" \/>\n<meta property=\"og:title\" content=\"Laboratoire d\u00e9mocratique - Ecole \/ DROIT\" \/>\n<meta property=\"og:description\" content=\"R\u00e2ler c\u2019est bien, proposer c\u2019est mieux\u2026 Les chiffres de la d\u00e9sillusion politique des jeunes\u00a0sont terribles. Notre jeunesse, comme toutes les jeunesses, r\u00eave de transformer profond\u00e9ment notre soci\u00e9t\u00e9. Mais seulement 1 jeune sur 20 pense que voter sert \u00e0 quelque chose \u2026\u00a0On parle souvent de mod\u00e8le environnemental ou \u00e9conomique durable. Mais quid d\u2019un mod\u00e8le constitutionnel durable [&hellip;]\" \/>\n<meta property=\"og:url\" content=\"https:\/\/web.umons.ac.be\/droit\/fr\/lecole-de-droit-bouge\/initiatives-pedagogiques\/laboratoire-democratique\/\" \/>\n<meta property=\"og:site_name\" content=\"Ecole \/ DROIT\" \/>\n<meta property=\"article:modified_time\" content=\"2022-09-20T10:03:14+00:00\" \/>\n<meta name=\"twitter:card\" content=\"summary_large_image\" \/>\n<meta name=\"twitter:label1\" content=\"Dur\u00e9e de lecture estim\u00e9e\" \/>\n\t<meta name=\"twitter:data1\" content=\"2 minutes\" \/>\n<script type=\"application\/ld+json\" class=\"yoast-schema-graph\">{\"@context\":\"https:\/\/schema.org\",\"@graph\":[{\"@type\":\"WebPage\",\"@id\":\"https:\/\/web.umons.ac.be\/droit\/fr\/lecole-de-droit-bouge\/initiatives-pedagogiques\/laboratoire-democratique\/\",\"url\":\"https:\/\/web.umons.ac.be\/droit\/fr\/lecole-de-droit-bouge\/initiatives-pedagogiques\/laboratoire-democratique\/\",\"name\":\"Laboratoire d\u00e9mocratique - Ecole \/ DROIT\",\"isPartOf\":{\"@id\":\"https:\/\/web.umons.ac.be\/droit\/#website\"},\"datePublished\":\"2018-05-04T08:51:50+00:00\",\"dateModified\":\"2022-09-20T10:03:14+00:00\",\"breadcrumb\":{\"@id\":\"https:\/\/web.umons.ac.be\/droit\/fr\/lecole-de-droit-bouge\/initiatives-pedagogiques\/laboratoire-democratique\/#breadcrumb\"},\"inLanguage\":\"fr-FR\",\"potentialAction\":[{\"@type\":\"ReadAction\",\"target\":[\"https:\/\/web.umons.ac.be\/droit\/fr\/lecole-de-droit-bouge\/initiatives-pedagogiques\/laboratoire-democratique\/\"]}]},{\"@type\":\"BreadcrumbList\",\"@id\":\"https:\/\/web.umons.ac.be\/droit\/fr\/lecole-de-droit-bouge\/initiatives-pedagogiques\/laboratoire-democratique\/#breadcrumb\",\"itemListElement\":[{\"@type\":\"ListItem\",\"position\":1,\"name\":\"Accueil\",\"item\":\"https:\/\/web.umons.ac.be\/droit\/\"},{\"@type\":\"ListItem\",\"position\":2,\"name\":\"L\u2019\u00c9cole de Droit bouge !\",\"item\":\"https:\/\/web.umons.ac.be\/droit\/fr\/lecole-de-droit-bouge\/\"},{\"@type\":\"ListItem\",\"position\":3,\"name\":\"Initiatives p\u00e9dagogiques\",\"item\":\"https:\/\/web.umons.ac.be\/droit\/fr\/lecole-de-droit-bouge\/initiatives-pedagogiques\/\"},{\"@type\":\"ListItem\",\"position\":4,\"name\":\"Laboratoire d\u00e9mocratique\"}]},{\"@type\":\"WebSite\",\"@id\":\"https:\/\/web.umons.ac.be\/droit\/#website\",\"url\":\"https:\/\/web.umons.ac.be\/droit\/\",\"name\":\"Ecole \/ DROIT\",\"description\":\"hgqdfjkghqdfjk\",\"potentialAction\":[{\"@type\":\"SearchAction\",\"target\":{\"@type\":\"EntryPoint\",\"urlTemplate\":\"https:\/\/web.umons.ac.be\/droit\/?s={search_term_string}\"},\"query-input\":{\"@type\":\"PropertyValueSpecification\",\"valueRequired\":true,\"valueName\":\"search_term_string\"}}],\"inLanguage\":\"fr-FR\"}]}<\/script>\n<!-- \/ Yoast SEO plugin. -->","yoast_head_json":{"title":"Laboratoire d\u00e9mocratique - Ecole \/ DROIT","robots":{"index":"index","follow":"follow","max-snippet":"max-snippet:-1","max-image-preview":"max-image-preview:large","max-video-preview":"max-video-preview:-1"},"canonical":"https:\/\/web.umons.ac.be\/droit\/fr\/lecole-de-droit-bouge\/initiatives-pedagogiques\/laboratoire-democratique\/","og_locale":"fr_FR","og_type":"article","og_title":"Laboratoire d\u00e9mocratique - Ecole \/ DROIT","og_description":"R\u00e2ler c\u2019est bien, proposer c\u2019est mieux\u2026 Les chiffres de la d\u00e9sillusion politique des jeunes\u00a0sont terribles. Notre jeunesse, comme toutes les jeunesses, r\u00eave de transformer profond\u00e9ment notre soci\u00e9t\u00e9. Mais seulement 1 jeune sur 20 pense que voter sert \u00e0 quelque chose \u2026\u00a0On parle souvent de mod\u00e8le environnemental ou \u00e9conomique durable. Mais quid d\u2019un mod\u00e8le constitutionnel durable [&hellip;]","og_url":"https:\/\/web.umons.ac.be\/droit\/fr\/lecole-de-droit-bouge\/initiatives-pedagogiques\/laboratoire-democratique\/","og_site_name":"Ecole \/ DROIT","article_modified_time":"2022-09-20T10:03:14+00:00","twitter_card":"summary_large_image","twitter_misc":{"Dur\u00e9e de lecture estim\u00e9e":"2 minutes"},"schema":{"@context":"https:\/\/schema.org","@graph":[{"@type":"WebPage","@id":"https:\/\/web.umons.ac.be\/droit\/fr\/lecole-de-droit-bouge\/initiatives-pedagogiques\/laboratoire-democratique\/","url":"https:\/\/web.umons.ac.be\/droit\/fr\/lecole-de-droit-bouge\/initiatives-pedagogiques\/laboratoire-democratique\/","name":"Laboratoire d\u00e9mocratique - Ecole \/ DROIT","isPartOf":{"@id":"https:\/\/web.umons.ac.be\/droit\/#website"},"datePublished":"2018-05-04T08:51:50+00:00","dateModified":"2022-09-20T10:03:14+00:00","breadcrumb":{"@id":"https:\/\/web.umons.ac.be\/droit\/fr\/lecole-de-droit-bouge\/initiatives-pedagogiques\/laboratoire-democratique\/#breadcrumb"},"inLanguage":"fr-FR","potentialAction":[{"@type":"ReadAction","target":["https:\/\/web.umons.ac.be\/droit\/fr\/lecole-de-droit-bouge\/initiatives-pedagogiques\/laboratoire-democratique\/"]}]},{"@type":"BreadcrumbList","@id":"https:\/\/web.umons.ac.be\/droit\/fr\/lecole-de-droit-bouge\/initiatives-pedagogiques\/laboratoire-democratique\/#breadcrumb","itemListElement":[{"@type":"ListItem","position":1,"name":"Accueil","item":"https:\/\/web.umons.ac.be\/droit\/"},{"@type":"ListItem","position":2,"name":"L\u2019\u00c9cole de Droit bouge !","item":"https:\/\/web.umons.ac.be\/droit\/fr\/lecole-de-droit-bouge\/"},{"@type":"ListItem","position":3,"name":"Initiatives p\u00e9dagogiques","item":"https:\/\/web.umons.ac.be\/droit\/fr\/lecole-de-droit-bouge\/initiatives-pedagogiques\/"},{"@type":"ListItem","position":4,"name":"Laboratoire d\u00e9mocratique"}]},{"@type":"WebSite","@id":"https:\/\/web.umons.ac.be\/droit\/#website","url":"https:\/\/web.umons.ac.be\/droit\/","name":"Ecole \/ DROIT","description":"hgqdfjkghqdfjk","potentialAction":[{"@type":"SearchAction","target":{"@type":"EntryPoint","urlTemplate":"https:\/\/web.umons.ac.be\/droit\/?s={search_term_string}"},"query-input":{"@type":"PropertyValueSpecification","valueRequired":true,"valueName":"search_term_string"}}],"inLanguage":"fr-FR"}]}},"lang":"fr","translations":{"fr":705},"pll_sync_post":[],"_links":{"self":[{"href":"https:\/\/web.umons.ac.be\/droit\/wp-json\/wp\/v2\/pages\/705","targetHints":{"allow":["GET"]}}],"collection":[{"href":"https:\/\/web.umons.ac.be\/droit\/wp-json\/wp\/v2\/pages"}],"about":[{"href":"https:\/\/web.umons.ac.be\/droit\/wp-json\/wp\/v2\/types\/page"}],"author":[{"embeddable":true,"href":"https:\/\/web.umons.ac.be\/droit\/wp-json\/wp\/v2\/users\/2"}],"replies":[{"embeddable":true,"href":"https:\/\/web.umons.ac.be\/droit\/wp-json\/wp\/v2\/comments?post=705"}],"version-history":[{"count":3,"href":"https:\/\/web.umons.ac.be\/droit\/wp-json\/wp\/v2\/pages\/705\/revisions"}],"predecessor-version":[{"id":1773,"href":"https:\/\/web.umons.ac.be\/droit\/wp-json\/wp\/v2\/pages\/705\/revisions\/1773"}],"up":[{"embeddable":true,"href":"https:\/\/web.umons.ac.be\/droit\/wp-json\/wp\/v2\/pages\/701"}],"wp:attachment":[{"href":"https:\/\/web.umons.ac.be\/droit\/wp-json\/wp\/v2\/media?parent=705"}],"curies":[{"name":"wp","href":"https:\/\/api.w.org\/{rel}","templated":true}]}}