{"id":709,"date":"2018-05-08T09:42:05","date_gmt":"2018-05-08T07:42:05","guid":{"rendered":"https:\/\/web.umons.ac.be\/droit\/?page_id=709"},"modified":"2018-05-09T18:15:36","modified_gmt":"2018-05-09T16:15:36","slug":"les-propositions","status":"publish","type":"page","link":"https:\/\/web.umons.ac.be\/droit\/fr\/lecole-de-droit-bouge\/initiatives-pedagogiques\/laboratoire-democratique\/les-propositions\/","title":{"rendered":"Les propositions"},"content":{"rendered":"<blockquote><p>Comment am\u00e9liorer le syst\u00e8me d\u00e9mocratique belge\u00a0?<\/p><\/blockquote>\n<p>A partir de cette interrogation, les \u00e9tudiant.e.s de l\u2019Ecole de droit proposent leurs id\u00e9es pour donner un nouveau souffle \u00e0 notre d\u00e9mocratie\u00a0! R\u00e9f\u00e9rendum, d\u00e9cumul, tirage au sort, r\u00e9forme du f\u00e9d\u00e9ralisme, r\u00e9forme du scrutin\u00a0\u2026 Notre d\u00e9mocratie repr\u00e9sentative presque bicentenaire est pass\u00e9e \u00e0 la moulinette de leurs propositions d\u00e9coiffantes ! Voici leurs 24 propositions, regroup\u00e9es en cinq th\u00e8mes\u00a0:<strong>\u00a0<\/strong><\/p>\n<ul>\n<li><strong><span style=\"font-size: 14px;\"><a href=\"https:\/\/web.umons.ac.be\/droit\/fr\/lecole-de-droit-bouge\/initiatives-pedagogiques\/laboratoire-democratique\/les-propositions\/participation-citoyenne\/\">participation citoyenne<\/a>,\u00a0<\/span><\/strong><\/li>\n<li><strong><span style=\"font-size: 14px;\"><a href=\"https:\/\/web.umons.ac.be\/droit\/fr\/lecole-de-droit-bouge\/initiatives-pedagogiques\/laboratoire-democratique\/les-propositions\/moralisation-politique\/\">moralisation politique<\/a>,\u00a0<\/span><\/strong><\/li>\n<li><strong><span style=\"font-size: 14px;\"><a href=\"https:\/\/web.umons.ac.be\/droit\/fr\/lecole-de-droit-bouge\/initiatives-pedagogiques\/laboratoire-democratique\/les-propositions\/election-droit-de-vote\/\">\u00e9lection et droit de vote<\/a>,\u00a0<\/span><\/strong><\/li>\n<li><a href=\"https:\/\/web.umons.ac.be\/droit\/fr\/lecole-de-droit-bouge\/initiatives-pedagogiques\/laboratoire-democratique\/les-propositions\/reforme-des-institutions\/\"><strong><span style=\"font-size: 14px;\">r\u00e9forme des institutions <\/span><\/strong><\/a><\/li>\n<li><strong><span style=\"font-size: 14px;\"><a href=\"https:\/\/web.umons.ac.be\/droit\/fr\/lecole-de-droit-bouge\/initiatives-pedagogiques\/laboratoire-democratique\/les-propositions\/droits-des-animaux\/\">droits des animaux<\/a>.<\/span><\/strong><\/li>\n<\/ul>\n","protected":false},"excerpt":{"rendered":"<p>Comment am\u00e9liorer le syst\u00e8me d\u00e9mocratique belge\u00a0? A partir de cette interrogation, les \u00e9tudiant.e.s de l\u2019Ecole de droit proposent leurs id\u00e9es pour donner un nouveau souffle \u00e0 notre d\u00e9mocratie\u00a0! R\u00e9f\u00e9rendum, d\u00e9cumul, tirage au sort, r\u00e9forme du f\u00e9d\u00e9ralisme, r\u00e9forme du scrutin\u00a0\u2026 Notre d\u00e9mocratie repr\u00e9sentative presque bicentenaire est pass\u00e9e \u00e0 la moulinette de leurs propositions d\u00e9coiffantes ! Voici [&hellip;]<\/p>\n","protected":false},"author":2,"featured_media":0,"parent":705,"menu_order":1,"comment_status":"closed","ping_status":"closed","template":"","meta":{"footnotes":""},"class_list":["post-709","page","type-page","status-publish","hentry"],"yoast_head":"<!-- This site is optimized with the Yoast SEO plugin v27.2 - https:\/\/yoast.com\/product\/yoast-seo-wordpress\/ -->\n<title>Les propositions - Ecole \/ DROIT<\/title>\n<meta name=\"robots\" content=\"index, follow, max-snippet:-1, max-image-preview:large, max-video-preview:-1\" \/>\n<link rel=\"canonical\" href=\"https:\/\/web.umons.ac.be\/droit\/fr\/lecole-de-droit-bouge\/initiatives-pedagogiques\/laboratoire-democratique\/les-propositions\/\" \/>\n<meta property=\"og:locale\" content=\"fr_FR\" \/>\n<meta property=\"og:type\" content=\"article\" \/>\n<meta property=\"og:title\" content=\"Les propositions - Ecole \/ DROIT\" \/>\n<meta property=\"og:description\" content=\"Comment am\u00e9liorer le syst\u00e8me d\u00e9mocratique belge\u00a0? A partir de cette interrogation, les \u00e9tudiant.e.s de l\u2019Ecole de droit proposent leurs id\u00e9es pour donner un nouveau souffle \u00e0 notre d\u00e9mocratie\u00a0! R\u00e9f\u00e9rendum, d\u00e9cumul, tirage au sort, r\u00e9forme du f\u00e9d\u00e9ralisme, r\u00e9forme du scrutin\u00a0\u2026 Notre d\u00e9mocratie repr\u00e9sentative presque bicentenaire est pass\u00e9e \u00e0 la moulinette de leurs propositions d\u00e9coiffantes ! Voici [&hellip;]\" \/>\n<meta property=\"og:url\" content=\"https:\/\/web.umons.ac.be\/droit\/fr\/lecole-de-droit-bouge\/initiatives-pedagogiques\/laboratoire-democratique\/les-propositions\/\" \/>\n<meta property=\"og:site_name\" content=\"Ecole \/ DROIT\" \/>\n<meta property=\"article:modified_time\" content=\"2018-05-09T16:15:36+00:00\" \/>\n<meta name=\"twitter:card\" content=\"summary_large_image\" \/>\n<meta name=\"twitter:label1\" content=\"Dur\u00e9e de lecture estim\u00e9e\" \/>\n\t<meta name=\"twitter:data1\" content=\"1 minute\" \/>\n<script type=\"application\/ld+json\" class=\"yoast-schema-graph\">{\"@context\":\"https:\/\/schema.org\",\"@graph\":[{\"@type\":\"WebPage\",\"@id\":\"https:\/\/web.umons.ac.be\/droit\/fr\/lecole-de-droit-bouge\/initiatives-pedagogiques\/laboratoire-democratique\/les-propositions\/\",\"url\":\"https:\/\/web.umons.ac.be\/droit\/fr\/lecole-de-droit-bouge\/initiatives-pedagogiques\/laboratoire-democratique\/les-propositions\/\",\"name\":\"Les propositions - Ecole \/ DROIT\",\"isPartOf\":{\"@id\":\"https:\/\/web.umons.ac.be\/droit\/#website\"},\"datePublished\":\"2018-05-08T07:42:05+00:00\",\"dateModified\":\"2018-05-09T16:15:36+00:00\",\"breadcrumb\":{\"@id\":\"https:\/\/web.umons.ac.be\/droit\/fr\/lecole-de-droit-bouge\/initiatives-pedagogiques\/laboratoire-democratique\/les-propositions\/#breadcrumb\"},\"inLanguage\":\"fr-FR\",\"potentialAction\":[{\"@type\":\"ReadAction\",\"target\":[\"https:\/\/web.umons.ac.be\/droit\/fr\/lecole-de-droit-bouge\/initiatives-pedagogiques\/laboratoire-democratique\/les-propositions\/\"]}]},{\"@type\":\"BreadcrumbList\",\"@id\":\"https:\/\/web.umons.ac.be\/droit\/fr\/lecole-de-droit-bouge\/initiatives-pedagogiques\/laboratoire-democratique\/les-propositions\/#breadcrumb\",\"itemListElement\":[{\"@type\":\"ListItem\",\"position\":1,\"name\":\"Accueil\",\"item\":\"https:\/\/web.umons.ac.be\/droit\/\"},{\"@type\":\"ListItem\",\"position\":2,\"name\":\"L\u2019\u00c9cole de Droit bouge !\",\"item\":\"https:\/\/web.umons.ac.be\/droit\/fr\/lecole-de-droit-bouge\/\"},{\"@type\":\"ListItem\",\"position\":3,\"name\":\"Initiatives p\u00e9dagogiques\",\"item\":\"https:\/\/web.umons.ac.be\/droit\/fr\/lecole-de-droit-bouge\/initiatives-pedagogiques\/\"},{\"@type\":\"ListItem\",\"position\":4,\"name\":\"Laboratoire d\u00e9mocratique\",\"item\":\"https:\/\/web.umons.ac.be\/droit\/fr\/lecole-de-droit-bouge\/initiatives-pedagogiques\/laboratoire-democratique\/\"},{\"@type\":\"ListItem\",\"position\":5,\"name\":\"Les propositions\"}]},{\"@type\":\"WebSite\",\"@id\":\"https:\/\/web.umons.ac.be\/droit\/#website\",\"url\":\"https:\/\/web.umons.ac.be\/droit\/\",\"name\":\"Ecole \/ DROIT\",\"description\":\"hgqdfjkghqdfjk\",\"potentialAction\":[{\"@type\":\"SearchAction\",\"target\":{\"@type\":\"EntryPoint\",\"urlTemplate\":\"https:\/\/web.umons.ac.be\/droit\/?s={search_term_string}\"},\"query-input\":{\"@type\":\"PropertyValueSpecification\",\"valueRequired\":true,\"valueName\":\"search_term_string\"}}],\"inLanguage\":\"fr-FR\"}]}<\/script>\n<!-- \/ Yoast SEO plugin. -->","yoast_head_json":{"title":"Les propositions - Ecole \/ DROIT","robots":{"index":"index","follow":"follow","max-snippet":"max-snippet:-1","max-image-preview":"max-image-preview:large","max-video-preview":"max-video-preview:-1"},"canonical":"https:\/\/web.umons.ac.be\/droit\/fr\/lecole-de-droit-bouge\/initiatives-pedagogiques\/laboratoire-democratique\/les-propositions\/","og_locale":"fr_FR","og_type":"article","og_title":"Les propositions - Ecole \/ DROIT","og_description":"Comment am\u00e9liorer le syst\u00e8me d\u00e9mocratique belge\u00a0? A partir de cette interrogation, les \u00e9tudiant.e.s de l\u2019Ecole de droit proposent leurs id\u00e9es pour donner un nouveau souffle \u00e0 notre d\u00e9mocratie\u00a0! R\u00e9f\u00e9rendum, d\u00e9cumul, tirage au sort, r\u00e9forme du f\u00e9d\u00e9ralisme, r\u00e9forme du scrutin\u00a0\u2026 Notre d\u00e9mocratie repr\u00e9sentative presque bicentenaire est pass\u00e9e \u00e0 la moulinette de leurs propositions d\u00e9coiffantes ! Voici [&hellip;]","og_url":"https:\/\/web.umons.ac.be\/droit\/fr\/lecole-de-droit-bouge\/initiatives-pedagogiques\/laboratoire-democratique\/les-propositions\/","og_site_name":"Ecole \/ DROIT","article_modified_time":"2018-05-09T16:15:36+00:00","twitter_card":"summary_large_image","twitter_misc":{"Dur\u00e9e de lecture estim\u00e9e":"1 minute"},"schema":{"@context":"https:\/\/schema.org","@graph":[{"@type":"WebPage","@id":"https:\/\/web.umons.ac.be\/droit\/fr\/lecole-de-droit-bouge\/initiatives-pedagogiques\/laboratoire-democratique\/les-propositions\/","url":"https:\/\/web.umons.ac.be\/droit\/fr\/lecole-de-droit-bouge\/initiatives-pedagogiques\/laboratoire-democratique\/les-propositions\/","name":"Les propositions - Ecole \/ DROIT","isPartOf":{"@id":"https:\/\/web.umons.ac.be\/droit\/#website"},"datePublished":"2018-05-08T07:42:05+00:00","dateModified":"2018-05-09T16:15:36+00:00","breadcrumb":{"@id":"https:\/\/web.umons.ac.be\/droit\/fr\/lecole-de-droit-bouge\/initiatives-pedagogiques\/laboratoire-democratique\/les-propositions\/#breadcrumb"},"inLanguage":"fr-FR","potentialAction":[{"@type":"ReadAction","target":["https:\/\/web.umons.ac.be\/droit\/fr\/lecole-de-droit-bouge\/initiatives-pedagogiques\/laboratoire-democratique\/les-propositions\/"]}]},{"@type":"BreadcrumbList","@id":"https:\/\/web.umons.ac.be\/droit\/fr\/lecole-de-droit-bouge\/initiatives-pedagogiques\/laboratoire-democratique\/les-propositions\/#breadcrumb","itemListElement":[{"@type":"ListItem","position":1,"name":"Accueil","item":"https:\/\/web.umons.ac.be\/droit\/"},{"@type":"ListItem","position":2,"name":"L\u2019\u00c9cole de Droit bouge !","item":"https:\/\/web.umons.ac.be\/droit\/fr\/lecole-de-droit-bouge\/"},{"@type":"ListItem","position":3,"name":"Initiatives p\u00e9dagogiques","item":"https:\/\/web.umons.ac.be\/droit\/fr\/lecole-de-droit-bouge\/initiatives-pedagogiques\/"},{"@type":"ListItem","position":4,"name":"Laboratoire d\u00e9mocratique","item":"https:\/\/web.umons.ac.be\/droit\/fr\/lecole-de-droit-bouge\/initiatives-pedagogiques\/laboratoire-democratique\/"},{"@type":"ListItem","position":5,"name":"Les propositions"}]},{"@type":"WebSite","@id":"https:\/\/web.umons.ac.be\/droit\/#website","url":"https:\/\/web.umons.ac.be\/droit\/","name":"Ecole \/ DROIT","description":"hgqdfjkghqdfjk","potentialAction":[{"@type":"SearchAction","target":{"@type":"EntryPoint","urlTemplate":"https:\/\/web.umons.ac.be\/droit\/?s={search_term_string}"},"query-input":{"@type":"PropertyValueSpecification","valueRequired":true,"valueName":"search_term_string"}}],"inLanguage":"fr-FR"}]}},"lang":"fr","translations":{"fr":709},"pll_sync_post":[],"_links":{"self":[{"href":"https:\/\/web.umons.ac.be\/droit\/wp-json\/wp\/v2\/pages\/709","targetHints":{"allow":["GET"]}}],"collection":[{"href":"https:\/\/web.umons.ac.be\/droit\/wp-json\/wp\/v2\/pages"}],"about":[{"href":"https:\/\/web.umons.ac.be\/droit\/wp-json\/wp\/v2\/types\/page"}],"author":[{"embeddable":true,"href":"https:\/\/web.umons.ac.be\/droit\/wp-json\/wp\/v2\/users\/2"}],"replies":[{"embeddable":true,"href":"https:\/\/web.umons.ac.be\/droit\/wp-json\/wp\/v2\/comments?post=709"}],"version-history":[{"count":5,"href":"https:\/\/web.umons.ac.be\/droit\/wp-json\/wp\/v2\/pages\/709\/revisions"}],"predecessor-version":[{"id":839,"href":"https:\/\/web.umons.ac.be\/droit\/wp-json\/wp\/v2\/pages\/709\/revisions\/839"}],"up":[{"embeddable":true,"href":"https:\/\/web.umons.ac.be\/droit\/wp-json\/wp\/v2\/pages\/705"}],"wp:attachment":[{"href":"https:\/\/web.umons.ac.be\/droit\/wp-json\/wp\/v2\/media?parent=709"}],"curies":[{"name":"wp","href":"https:\/\/api.w.org\/{rel}","templated":true}]}}