{"id":711,"date":"2018-05-08T15:00:40","date_gmt":"2018-05-08T13:00:40","guid":{"rendered":"https:\/\/web.umons.ac.be\/droit\/?page_id=711"},"modified":"2018-05-09T15:28:40","modified_gmt":"2018-05-09T13:28:40","slug":"participation-citoyenne","status":"publish","type":"page","link":"https:\/\/web.umons.ac.be\/droit\/fr\/lecole-de-droit-bouge\/initiatives-pedagogiques\/laboratoire-democratique\/les-propositions\/participation-citoyenne\/","title":{"rendered":"Participation citoyenne"},"content":{"rendered":"<p>Depuis 1831, la Belgique se d\u00e9finit comme une d\u00e9mocratie repr\u00e9sentative classique. Les \u00e9tudiant.e.s de l\u2019Ecole remettent en question cette tradition presque bicentenaire. 4 propositions visent \u00e0 renforcer la participation citoyenne au-del\u00e0 de la participation \u00e9lectorale. Elles visent \u00e0 donner directement la parole aux citoyens entre deux scrutins. Ou elles ouvrent nos assembl\u00e9es au tirage au sort.<\/p>\n<start-cask-shortcode-wrapper><end-cask-shortcode-wrapper>\n","protected":false},"excerpt":{"rendered":"<p>Depuis 1831, la Belgique se d\u00e9finit comme une d\u00e9mocratie repr\u00e9sentative classique. Les \u00e9tudiant.e.s de l\u2019Ecole remettent en question cette tradition presque bicentenaire. 4 propositions visent \u00e0 renforcer la participation citoyenne au-del\u00e0 de la participation \u00e9lectorale. Elles visent \u00e0 donner directement la parole aux citoyens entre deux scrutins. Ou elles ouvrent nos assembl\u00e9es au tirage au [&hellip;]<\/p>\n","protected":false},"author":2,"featured_media":0,"parent":709,"menu_order":1,"comment_status":"closed","ping_status":"closed","template":"","meta":{"footnotes":""},"class_list":["post-711","page","type-page","status-publish","hentry"],"yoast_head":"<!-- This site is optimized with the Yoast SEO plugin v27.2 - https:\/\/yoast.com\/product\/yoast-seo-wordpress\/ -->\n<title>Participation citoyenne - Ecole \/ DROIT<\/title>\n<meta name=\"robots\" content=\"index, follow, max-snippet:-1, max-image-preview:large, max-video-preview:-1\" \/>\n<link rel=\"canonical\" href=\"https:\/\/web.umons.ac.be\/droit\/fr\/lecole-de-droit-bouge\/initiatives-pedagogiques\/laboratoire-democratique\/les-propositions\/participation-citoyenne\/\" \/>\n<meta property=\"og:locale\" content=\"fr_FR\" \/>\n<meta property=\"og:type\" content=\"article\" \/>\n<meta property=\"og:title\" content=\"Participation citoyenne - Ecole \/ DROIT\" \/>\n<meta property=\"og:description\" content=\"Depuis 1831, la Belgique se d\u00e9finit comme une d\u00e9mocratie repr\u00e9sentative classique. Les \u00e9tudiant.e.s de l\u2019Ecole remettent en question cette tradition presque bicentenaire. 4 propositions visent \u00e0 renforcer la participation citoyenne au-del\u00e0 de la participation \u00e9lectorale. Elles visent \u00e0 donner directement la parole aux citoyens entre deux scrutins. Ou elles ouvrent nos assembl\u00e9es au tirage au [&hellip;]\" \/>\n<meta property=\"og:url\" content=\"https:\/\/web.umons.ac.be\/droit\/fr\/lecole-de-droit-bouge\/initiatives-pedagogiques\/laboratoire-democratique\/les-propositions\/participation-citoyenne\/\" \/>\n<meta property=\"og:site_name\" content=\"Ecole \/ DROIT\" \/>\n<meta property=\"article:modified_time\" content=\"2018-05-09T13:28:40+00:00\" \/>\n<meta name=\"twitter:card\" content=\"summary_large_image\" \/>\n<script type=\"application\/ld+json\" class=\"yoast-schema-graph\">{\"@context\":\"https:\/\/schema.org\",\"@graph\":[{\"@type\":\"WebPage\",\"@id\":\"https:\/\/web.umons.ac.be\/droit\/fr\/lecole-de-droit-bouge\/initiatives-pedagogiques\/laboratoire-democratique\/les-propositions\/participation-citoyenne\/\",\"url\":\"https:\/\/web.umons.ac.be\/droit\/fr\/lecole-de-droit-bouge\/initiatives-pedagogiques\/laboratoire-democratique\/les-propositions\/participation-citoyenne\/\",\"name\":\"Participation citoyenne - Ecole \/ DROIT\",\"isPartOf\":{\"@id\":\"https:\/\/web.umons.ac.be\/droit\/#website\"},\"datePublished\":\"2018-05-08T13:00:40+00:00\",\"dateModified\":\"2018-05-09T13:28:40+00:00\",\"breadcrumb\":{\"@id\":\"https:\/\/web.umons.ac.be\/droit\/fr\/lecole-de-droit-bouge\/initiatives-pedagogiques\/laboratoire-democratique\/les-propositions\/participation-citoyenne\/#breadcrumb\"},\"inLanguage\":\"fr-FR\",\"potentialAction\":[{\"@type\":\"ReadAction\",\"target\":[\"https:\/\/web.umons.ac.be\/droit\/fr\/lecole-de-droit-bouge\/initiatives-pedagogiques\/laboratoire-democratique\/les-propositions\/participation-citoyenne\/\"]}]},{\"@type\":\"BreadcrumbList\",\"@id\":\"https:\/\/web.umons.ac.be\/droit\/fr\/lecole-de-droit-bouge\/initiatives-pedagogiques\/laboratoire-democratique\/les-propositions\/participation-citoyenne\/#breadcrumb\",\"itemListElement\":[{\"@type\":\"ListItem\",\"position\":1,\"name\":\"Accueil\",\"item\":\"https:\/\/web.umons.ac.be\/droit\/\"},{\"@type\":\"ListItem\",\"position\":2,\"name\":\"L\u2019\u00c9cole de Droit bouge !\",\"item\":\"https:\/\/web.umons.ac.be\/droit\/fr\/lecole-de-droit-bouge\/\"},{\"@type\":\"ListItem\",\"position\":3,\"name\":\"Initiatives p\u00e9dagogiques\",\"item\":\"https:\/\/web.umons.ac.be\/droit\/fr\/lecole-de-droit-bouge\/initiatives-pedagogiques\/\"},{\"@type\":\"ListItem\",\"position\":4,\"name\":\"Laboratoire d\u00e9mocratique\",\"item\":\"https:\/\/web.umons.ac.be\/droit\/fr\/lecole-de-droit-bouge\/initiatives-pedagogiques\/laboratoire-democratique\/\"},{\"@type\":\"ListItem\",\"position\":5,\"name\":\"Les propositions\",\"item\":\"https:\/\/web.umons.ac.be\/droit\/fr\/lecole-de-droit-bouge\/initiatives-pedagogiques\/laboratoire-democratique\/les-propositions\/\"},{\"@type\":\"ListItem\",\"position\":6,\"name\":\"Participation citoyenne\"}]},{\"@type\":\"WebSite\",\"@id\":\"https:\/\/web.umons.ac.be\/droit\/#website\",\"url\":\"https:\/\/web.umons.ac.be\/droit\/\",\"name\":\"Ecole \/ DROIT\",\"description\":\"hgqdfjkghqdfjk\",\"potentialAction\":[{\"@type\":\"SearchAction\",\"target\":{\"@type\":\"EntryPoint\",\"urlTemplate\":\"https:\/\/web.umons.ac.be\/droit\/?s={search_term_string}\"},\"query-input\":{\"@type\":\"PropertyValueSpecification\",\"valueRequired\":true,\"valueName\":\"search_term_string\"}}],\"inLanguage\":\"fr-FR\"}]}<\/script>\n<!-- \/ Yoast SEO plugin. -->","yoast_head_json":{"title":"Participation citoyenne - Ecole \/ DROIT","robots":{"index":"index","follow":"follow","max-snippet":"max-snippet:-1","max-image-preview":"max-image-preview:large","max-video-preview":"max-video-preview:-1"},"canonical":"https:\/\/web.umons.ac.be\/droit\/fr\/lecole-de-droit-bouge\/initiatives-pedagogiques\/laboratoire-democratique\/les-propositions\/participation-citoyenne\/","og_locale":"fr_FR","og_type":"article","og_title":"Participation citoyenne - Ecole \/ DROIT","og_description":"Depuis 1831, la Belgique se d\u00e9finit comme une d\u00e9mocratie repr\u00e9sentative classique. Les \u00e9tudiant.e.s de l\u2019Ecole remettent en question cette tradition presque bicentenaire. 4 propositions visent \u00e0 renforcer la participation citoyenne au-del\u00e0 de la participation \u00e9lectorale. Elles visent \u00e0 donner directement la parole aux citoyens entre deux scrutins. Ou elles ouvrent nos assembl\u00e9es au tirage au [&hellip;]","og_url":"https:\/\/web.umons.ac.be\/droit\/fr\/lecole-de-droit-bouge\/initiatives-pedagogiques\/laboratoire-democratique\/les-propositions\/participation-citoyenne\/","og_site_name":"Ecole \/ DROIT","article_modified_time":"2018-05-09T13:28:40+00:00","twitter_card":"summary_large_image","schema":{"@context":"https:\/\/schema.org","@graph":[{"@type":"WebPage","@id":"https:\/\/web.umons.ac.be\/droit\/fr\/lecole-de-droit-bouge\/initiatives-pedagogiques\/laboratoire-democratique\/les-propositions\/participation-citoyenne\/","url":"https:\/\/web.umons.ac.be\/droit\/fr\/lecole-de-droit-bouge\/initiatives-pedagogiques\/laboratoire-democratique\/les-propositions\/participation-citoyenne\/","name":"Participation citoyenne - Ecole \/ DROIT","isPartOf":{"@id":"https:\/\/web.umons.ac.be\/droit\/#website"},"datePublished":"2018-05-08T13:00:40+00:00","dateModified":"2018-05-09T13:28:40+00:00","breadcrumb":{"@id":"https:\/\/web.umons.ac.be\/droit\/fr\/lecole-de-droit-bouge\/initiatives-pedagogiques\/laboratoire-democratique\/les-propositions\/participation-citoyenne\/#breadcrumb"},"inLanguage":"fr-FR","potentialAction":[{"@type":"ReadAction","target":["https:\/\/web.umons.ac.be\/droit\/fr\/lecole-de-droit-bouge\/initiatives-pedagogiques\/laboratoire-democratique\/les-propositions\/participation-citoyenne\/"]}]},{"@type":"BreadcrumbList","@id":"https:\/\/web.umons.ac.be\/droit\/fr\/lecole-de-droit-bouge\/initiatives-pedagogiques\/laboratoire-democratique\/les-propositions\/participation-citoyenne\/#breadcrumb","itemListElement":[{"@type":"ListItem","position":1,"name":"Accueil","item":"https:\/\/web.umons.ac.be\/droit\/"},{"@type":"ListItem","position":2,"name":"L\u2019\u00c9cole de Droit bouge !","item":"https:\/\/web.umons.ac.be\/droit\/fr\/lecole-de-droit-bouge\/"},{"@type":"ListItem","position":3,"name":"Initiatives p\u00e9dagogiques","item":"https:\/\/web.umons.ac.be\/droit\/fr\/lecole-de-droit-bouge\/initiatives-pedagogiques\/"},{"@type":"ListItem","position":4,"name":"Laboratoire d\u00e9mocratique","item":"https:\/\/web.umons.ac.be\/droit\/fr\/lecole-de-droit-bouge\/initiatives-pedagogiques\/laboratoire-democratique\/"},{"@type":"ListItem","position":5,"name":"Les propositions","item":"https:\/\/web.umons.ac.be\/droit\/fr\/lecole-de-droit-bouge\/initiatives-pedagogiques\/laboratoire-democratique\/les-propositions\/"},{"@type":"ListItem","position":6,"name":"Participation citoyenne"}]},{"@type":"WebSite","@id":"https:\/\/web.umons.ac.be\/droit\/#website","url":"https:\/\/web.umons.ac.be\/droit\/","name":"Ecole \/ DROIT","description":"hgqdfjkghqdfjk","potentialAction":[{"@type":"SearchAction","target":{"@type":"EntryPoint","urlTemplate":"https:\/\/web.umons.ac.be\/droit\/?s={search_term_string}"},"query-input":{"@type":"PropertyValueSpecification","valueRequired":true,"valueName":"search_term_string"}}],"inLanguage":"fr-FR"}]}},"lang":"fr","translations":{"fr":711},"pll_sync_post":[],"_links":{"self":[{"href":"https:\/\/web.umons.ac.be\/droit\/wp-json\/wp\/v2\/pages\/711","targetHints":{"allow":["GET"]}}],"collection":[{"href":"https:\/\/web.umons.ac.be\/droit\/wp-json\/wp\/v2\/pages"}],"about":[{"href":"https:\/\/web.umons.ac.be\/droit\/wp-json\/wp\/v2\/types\/page"}],"author":[{"embeddable":true,"href":"https:\/\/web.umons.ac.be\/droit\/wp-json\/wp\/v2\/users\/2"}],"replies":[{"embeddable":true,"href":"https:\/\/web.umons.ac.be\/droit\/wp-json\/wp\/v2\/comments?post=711"}],"version-history":[{"count":2,"href":"https:\/\/web.umons.ac.be\/droit\/wp-json\/wp\/v2\/pages\/711\/revisions"}],"predecessor-version":[{"id":723,"href":"https:\/\/web.umons.ac.be\/droit\/wp-json\/wp\/v2\/pages\/711\/revisions\/723"}],"up":[{"embeddable":true,"href":"https:\/\/web.umons.ac.be\/droit\/wp-json\/wp\/v2\/pages\/709"}],"wp:attachment":[{"href":"https:\/\/web.umons.ac.be\/droit\/wp-json\/wp\/v2\/media?parent=711"}],"curies":[{"name":"wp","href":"https:\/\/api.w.org\/{rel}","templated":true}]}}